{"id":15256,"date":"2021-04-08T16:53:24","date_gmt":"2021-04-08T14:53:24","guid":{"rendered":"https:\/\/www.bdplast.com\/csr\/"},"modified":"2025-09-02T17:57:23","modified_gmt":"2025-09-02T15:57:23","slug":"soziale-verantwortung-des-unternehmens","status":"publish","type":"page","link":"https:\/\/www.bdplast.com\/de\/soziale-verantwortung-des-unternehmens\/","title":{"rendered":"Soziale Verantwortung des Unternehmens"},"content":{"rendered":"<div class=\"wpb-content-wrapper\"><p>[vc_row full_width=&#8220;stretch_row&#8220; css=&#8220;.vc_custom_1617874152457{background-image: url(https:\/\/www.bdplast.com\/wp-content\/uploads\/2021\/04\/csr.jpg?id=14577) !important;background-position: center !important;background-repeat: no-repeat !important;background-size: cover !important;}&#8220; el_id=&#8220;header_pag&#8220;][vc_column][\/vc_column][\/vc_row][vc_row full_width=&#8220;stretch_row&#8220; css=&#8220;.vc_custom_1620847988851{padding-top: 2em !important;padding-bottom: 2em !important;}&#8220; el_id=&#8220;scheda_prodotto_intro&#8220;][vc_column][vc_row_inner equal_height=&#8220;yes&#8220; content_placement=&#8220;middle&#8220;][vc_column_inner][vc_column_text]<\/p>\n<h2>Soziale Verantwortung des Unternehmens<\/h2>\n<p>[\/vc_column_text][vc_column_text]Unsere Augenmerk auf <strong>Nachhaltigkeit<\/strong> liegt in erster Linie in der DNA der von uns hergestellten Produkte, die darauf abzielen, Abfall und die Nachhaltigkeit des Produktionsprozesses selbst zu reduzieren, sowie in der st\u00e4ndigen Verpflichtung, die <strong>Umwelt<\/strong> durch die in unserem Werk angewendete Energier\u00fcckgewinnungspolitik zu respektieren.[\/vc_column_text][\/vc_column_inner][\/vc_row_inner][vc_row_inner equal_height=&#8220;yes&#8220; content_placement=&#8220;middle&#8220;][vc_column_inner width=&#8220;1\/6&#8243;][vc_single_image image=&#8220;19623&#8243; img_size=&#8220;120px&#8220; alignment=&#8220;center&#8220;][\/vc_column_inner][vc_column_inner width=&#8220;5\/6&#8243;][vc_column_text css=&#8220;&#8220;]<\/p>\n<p class=\"p1\"><span class=\"s1\">Wir verfolgen unseren <strong>CO2-Fu\u00dfabdruck<\/strong> durch die Erstellung des Treibhausgasinventars (<strong>THG<\/strong>), ein greifbares Zeichen unseres Engagements f\u00fcr Nachhaltigkeit. Wir setzen t\u00e4glich konkrete Initiativen um, um Emissionen zu reduzieren und nachhaltige Praktiken zu f\u00f6rdern.<br \/>\n<a href=\"https:\/\/www.bdplast.com\/de\/carbon-footprint\/\"><strong>GHG Protocol<\/strong><\/a><br \/>\n<\/span>[\/vc_column_text][\/vc_column_inner][\/vc_row_inner][vc_row_inner equal_height=&#8220;yes&#8220; content_placement=&#8220;middle&#8220;][vc_column_inner][vc_column_text]Wir sind uns der <strong>wichtigen Rolle<\/strong> bewusst, die das Unternehmen in der <strong>Gemeinschaft<\/strong> spielt, und unterst\u00fctzen sozial und kulturell bedeutende Initiativen in jener Umgebung, in der wir t\u00e4tig sind.[\/vc_column_text][vc_empty_space]<div class=\"cz_btn_left\"><div class=\"cz_15483_p\"><a id=\"cz_15483\" class=\"cz_15483 cz_btn cz_btn_txt_no_fx cz_btn_no_fx\" href=\"https:\/\/www.bdplast.com\/wp-content\/uploads\/2024\/06\/BD_Plast_GHG-Inventory_WEB.pdf\" target=\"_blank\"><span><i class=\"far fa-file-pdf\"><\/i><strong>DOKUMENT HERUNTERLADEN<\/strong><\/span><b class=\"cz_btn_onhover\"><i class=\"far fa-file-pdf\"><\/i><strong>DOKUMENT HERUNTERLADEN<\/strong><\/b><\/a><\/div><\/div><div class=\"clr\"><\/div>[vc_empty_space][\/vc_column_inner][\/vc_row_inner][\/vc_column][\/vc_row][vc_row full_width=&#8220;stretch_row&#8220; equal_height=&#8220;yes&#8220; css=&#8220;.vc_custom_1718028903427{padding-top: 2em !important;padding-bottom: 2em !important;background-color: #98c1d9 !important;}&#8220; el_class=&#8220;white_text&#8220; el_id=&#8220;onlus2&#8243;][vc_column][vc_row_inner equal_height=&#8220;yes&#8220; css=&#8220;.vc_custom_1630938401145{padding-top: 2em !important;padding-bottom: 2em !important;background-color: #98c1d9 !important;}&#8220; el_class=&#8220;white_text&#8220;][vc_column_inner el_class=&#8220;white_text&#8220;][vc_empty_space][vc_custom_heading text=&#8220;BD PLAST unterst\u00fctzt&#8220; font_container=&#8220;tag:h2|text_align:left|color:%23ffffff&#8220; google_fonts=&#8220;font_family:Ubuntu%3A300%2C300italic%2Cregular%2Citalic%2C500%2C500italic%2C700%2C700italic|font_style:500%20bold%20regular%3A500%3Anormal&#8220;][\/vc_column_inner][\/vc_row_inner][vc_row_inner equal_height=&#8220;yes&#8220; css=&#8220;.vc_custom_1630938401145{padding-top: 2em !important;padding-bottom: 2em !important;background-color: #98c1d9 !important;}&#8220; el_class=&#8220;white_text&#8220;][vc_column_inner el_class=&#8220;white_text&#8220; width=&#8220;1\/6&#8243;][vc_single_image image=&#8220;20142&#8243; img_size=&#8220;120px&#8220; alignment=&#8220;center&#8220; css=&#8220;&#8220;][\/vc_column_inner][vc_column_inner width=&#8220;5\/6&#8243;][vc_column_text el_class=&#8220;h4-text&#8220;]<\/p>\n<h4>Verein Giulia Onlus<\/h4>\n<p>[\/vc_column_text][vc_column_text css=&#8220;&#8220; el_class=&#8220;caption-text&#8220;]Die Verein Giulia Onlus konzentriert ihre Aktivit\u00e4ten auf Projekte f\u00fcr onkologische Kinder in der Region Ferrara. Die Spendensammlung zielt darauf ab, die Ressourcen mit professionellen Pers\u00f6nlichkeiten zu verst\u00e4rken, wie z.B. einem Psycho-Onkologen und einem p\u00e4diatrischen Onkologen, die in der Lage sind, den kleinen Patienten und seine Familie auf der schwierigen Reise der Krankheit in einem globalen Sinn zu empfangen und zu unterst\u00fctzen. F\u00fcr weitere Informationen besuchen Sie bitte <a href=\"https:\/\/www.associazionegiulia.com\/\" target=\"_blank\" rel=\"noopener\">www.associazionegiulia.com<\/a> oder laden Sie die Brosch\u00fcre <a href=\"https:\/\/www.bdplast.com\/wp-content\/uploads\/2024\/06\/Associazione-Giulia_Brochure-25-anni.pdf\" target=\"_blank\" rel=\"noopener\">hier<\/a> herunter.[\/vc_column_text][\/vc_column_inner][\/vc_row_inner][vc_row_inner equal_height=&#8220;yes&#8220; css=&#8220;.vc_custom_1630938401145{padding-top: 2em !important;padding-bottom: 2em !important;background-color: #98c1d9 !important;}&#8220; el_class=&#8220;white_text&#8220;][vc_column_inner el_class=&#8220;white_text&#8220; width=&#8220;1\/6&#8243;][vc_single_image image=&#8220;19613&#8243; img_size=&#8220;120px&#8220; alignment=&#8220;center&#8220;][vc_empty_space][\/vc_column_inner][vc_column_inner width=&#8220;5\/6&#8243;][vc_column_text el_class=&#8220;h4-text&#8220;]<\/p>\n<h4>Matilde Basket Bondeno<\/h4>\n<p>[\/vc_column_text][vc_column_text el_class=&#8220;caption-text&#8220;]<\/p>\n<p class=\"p1\"><span class=\"s1\">Seit 1971 ist Matilde Basket Bondeno der Bezugspunkt f\u00fcr Basketball in Bondeno. Neben einem Jugendsektor, der in den letzten Jahren einige talentierte junge Spieler hervorgebracht hat und vielen Kindern und Teenagern das Wachsen und Spa\u00dfhaben beim Erlernen des Spiels erm\u00f6glicht hat, steht die Aktivit\u00e4t der Seniorenmannschaft, die immer ehrgeiziger wird. Die Mission der Gesellschaft ist rein sozial: &#8222;Wir m\u00f6chten so vielen M\u00e4dchen und Jungen wie m\u00f6glich in der Stadt Bondeno und ihren umliegenden Gebieten die M\u00f6glichkeit geben, das gro\u00dfartige Spiel des Basketball zu praktizieren.&#8220; F\u00fcr weitere Informationen besuchen Sie bitte die Website <a href=\"http:\/\/www.matildebasket.com\/\"><span class=\"s2\">www.matildebasket.com<\/span><\/a>.<\/span><\/p>\n<p>[\/vc_column_text][vc_empty_space][\/vc_column_inner][\/vc_row_inner][vc_row_inner equal_height=&#8220;yes&#8220; css=&#8220;.vc_custom_1630938401145{padding-top: 2em !important;padding-bottom: 2em !important;background-color: #98c1d9 !important;}&#8220; el_class=&#8220;white_text&#8220;][vc_column_inner el_class=&#8220;white_text&#8220; width=&#8220;1\/6&#8243;][vc_single_image image=&#8220;20245&#8243; img_size=&#8220;120px&#8220; alignment=&#8220;center&#8220; css=&#8220;&#8220;][vc_empty_space][\/vc_column_inner][vc_column_inner width=&#8220;5\/6&#8243;][vc_column_text css=&#8220;&#8220; el_class=&#8220;h4-text&#8220;]<\/p>\n<h4>Stiftskirche von San Giovanni in Persiceto<\/h4>\n<p>[\/vc_column_text][vc_column_text css=&#8220;&#8220; el_class=&#8220;caption-text&#8220;]Die Stiftskirche San Giovanni Battista befindet sich im Zentrum von San Giovanni in Persiceto (Bologna). Sie wurde 1671 nach einem Entwurf des Bologneser Architekten Paolo Maria Canali erbaut und im Jahr 2022 einer umfassenden Restaurierung unterzogen, an der BDPlast beteiligt war.<\/p>\n<p>Entdecken Sie die Kirche in dem Video \u00ab<a href=\"https:\/\/bellezza-mistero.parrocchiapersiceto.it\/\" target=\"_blank\" rel=\"noopener\">Collegiata, Sch\u00f6nheit und Geheimnis<\/a>\u00bb.[\/vc_column_text][vc_empty_space][\/vc_column_inner][\/vc_row_inner][vc_row_inner equal_height=&#8220;yes&#8220; css=&#8220;.vc_custom_1630938401145{padding-top: 2em !important;padding-bottom: 2em !important;background-color: #98c1d9 !important;}&#8220; el_class=&#8220;white_text&#8220;][vc_column_inner el_class=&#8220;white_text&#8220; width=&#8220;1\/6&#8243;][vc_single_image image=&#8220;20575&#8243; img_size=&#8220;120px&#8220; alignment=&#8220;center&#8220; css=&#8220;&#8220;][\/vc_column_inner][vc_column_inner width=&#8220;5\/6&#8243;][vc_column_text css=&#8220;&#8220; el_class=&#8220;h4-text&#8220;]<\/p>\n<div class=\"wpb_text_column wpb_content_element \">\n<div class=\"wpb_wrapper\">\n<h4><strong>Treedom<\/strong><\/h4>\n<\/div>\n<\/div>\n<p>[\/vc_column_text][vc_column_text css=&#8220;&#8220; el_class=&#8220;caption-text&#8220;]<a href=\"https:\/\/www.treedom.net\/de\" target=\"_blank\" rel=\"noopener\">Treedom<\/a> wurde 2010 gegr\u00fcndet und ist die erste Plattform, die es Privatpersonen und Unternehmen erm\u00f6glicht, B\u00e4ume aus der Ferne zu pflanzen. Seitdem wurden weltweit \u00fcber 4 Millionen B\u00e4ume gepflanzt \u2013 unter aktiver Beteiligung lokaler Landwirte \u2013 was zu greifbaren \u00f6kologischen, sozialen und wirtschaftlichen Vorteilen f\u00fchrt.<\/p>\n<p>Dank einer Partnerschaft mit Treedom hat BD Plast seinen eigenen Unternehmenswald in Tansania gepflanzt, um verbleibende Emissionen auszugleichen und zus\u00e4tzlich zu den europ\u00e4ischen Klimazielen beizutragen \u2013 im Einklang mit den ESG-Grunds\u00e4tzen.<\/p>\n<p><strong>Entdecken Sie unseren Wald:<\/strong> <a href=\"https:\/\/www.treedom.net\/de\/forest\/La-Foresta-di-BD-Plast-65659\" target=\"_blank\" rel=\"noopener\">https:\/\/www.treedom.net\/de\/forest\/La-Foresta-di-BD-Plast-65659<\/a>[\/vc_column_text][vc_empty_space height=&#8220;44px&#8220;][\/vc_column_inner][\/vc_row_inner][\/vc_column][\/vc_row][vc_row][vc_column][\/vc_column][\/vc_row][vc_row full_width=&#8220;stretch_row&#8220; equal_height=&#8220;yes&#8220; css=&#8220;.vc_custom_1630944760545{padding-top: 2em !important;padding-bottom: 2em !important;background-color: #98c1d9 !important;}&#8220; el_class=&#8220;white_text&#8220;][vc_column width=&#8220;1\/6&#8243;][\/vc_column][vc_column width=&#8220;5\/6&#8243;][\/vc_column][\/vc_row]<\/p>\n<\/div>","protected":false},"excerpt":{"rendered":"<p>[vc_row full_width=&#8220;stretch_row&#8220; css=&#8220;.vc_custom_1617874152457{background-image: url(https:\/\/www.bdplast.com\/wp-content\/uploads\/2021\/04\/csr.jpg?id=14577) !important;background-position: center !important;background-repeat: no-repeat !important;background-size: cover !important;}&#8220; &#8230; <\/p>\n","protected":false},"author":1,"featured_media":15232,"parent":0,"menu_order":0,"comment_status":"closed","ping_status":"closed","template":"","meta":{"footnotes":"","_links_to":"","_links_to_target":""},"class_list":["post-15256","page","type-page","status-publish","has-post-thumbnail","hentry"],"yoast_head":"<!-- This site is optimized with the Yoast SEO plugin v27.5 - https:\/\/yoast.com\/product\/yoast-seo-wordpress\/ -->\n<title>Soziale Verantwortung des Unternehmens - BD Plast<\/title>\n<meta name=\"robots\" content=\"index, follow, max-snippet:-1, max-image-preview:large, max-video-preview:-1\" \/>\n<link rel=\"canonical\" href=\"https:\/\/www.bdplast.com\/de\/soziale-verantwortung-des-unternehmens\/\" \/>\n<meta property=\"og:locale\" content=\"de_DE\" \/>\n<meta property=\"og:type\" content=\"article\" \/>\n<meta property=\"og:title\" content=\"Soziale Verantwortung des Unternehmens - BD Plast\" \/>\n<meta property=\"og:description\" content=\"[vc_row full_width=&#8220;stretch_row&#8220; css=&#8220;.vc_custom_1617874152457{background-image: url(https:\/\/www.bdplast.com\/wp-content\/uploads\/2021\/04\/csr.jpg?id=14577) !important;background-position: center !important;background-repeat: no-repeat !important;background-size: cover !important;}&#8220; ...\" \/>\n<meta property=\"og:url\" content=\"https:\/\/www.bdplast.com\/de\/soziale-verantwortung-des-unternehmens\/\" \/>\n<meta property=\"og:site_name\" content=\"BD Plast\" \/>\n<meta property=\"article:modified_time\" content=\"2025-09-02T15:57:23+00:00\" \/>\n<meta property=\"og:image\" content=\"https:\/\/www.bdplast.com\/wp-content\/uploads\/2021\/04\/csr.jpg\" \/>\n\t<meta property=\"og:image:width\" content=\"1920\" \/>\n\t<meta property=\"og:image:height\" content=\"400\" \/>\n\t<meta property=\"og:image:type\" content=\"image\/jpeg\" \/>\n<meta name=\"twitter:card\" content=\"summary_large_image\" \/>\n<meta name=\"twitter:label1\" content=\"Gesch\u00e4tzte Lesezeit\" \/>\n\t<meta name=\"twitter:data1\" content=\"4\u00a0Minuten\" \/>\n<script type=\"application\/ld+json\" class=\"yoast-schema-graph\">{\"@context\":\"https:\\\/\\\/schema.org\",\"@graph\":[{\"@type\":\"WebPage\",\"@id\":\"https:\\\/\\\/www.bdplast.com\\\/de\\\/soziale-verantwortung-des-unternehmens\\\/\",\"url\":\"https:\\\/\\\/www.bdplast.com\\\/de\\\/soziale-verantwortung-des-unternehmens\\\/\",\"name\":\"Soziale Verantwortung des Unternehmens - BD Plast\",\"isPartOf\":{\"@id\":\"https:\\\/\\\/www.bdplast.com\\\/#website\"},\"primaryImageOfPage\":{\"@id\":\"https:\\\/\\\/www.bdplast.com\\\/de\\\/soziale-verantwortung-des-unternehmens\\\/#primaryimage\"},\"image\":{\"@id\":\"https:\\\/\\\/www.bdplast.com\\\/de\\\/soziale-verantwortung-des-unternehmens\\\/#primaryimage\"},\"thumbnailUrl\":\"https:\\\/\\\/www.bdplast.com\\\/wp-content\\\/uploads\\\/2021\\\/04\\\/csr.jpg\",\"datePublished\":\"2021-04-08T14:53:24+00:00\",\"dateModified\":\"2025-09-02T15:57:23+00:00\",\"breadcrumb\":{\"@id\":\"https:\\\/\\\/www.bdplast.com\\\/de\\\/soziale-verantwortung-des-unternehmens\\\/#breadcrumb\"},\"inLanguage\":\"de\",\"potentialAction\":[{\"@type\":\"ReadAction\",\"target\":[\"https:\\\/\\\/www.bdplast.com\\\/de\\\/soziale-verantwortung-des-unternehmens\\\/\"]}]},{\"@type\":\"ImageObject\",\"inLanguage\":\"de\",\"@id\":\"https:\\\/\\\/www.bdplast.com\\\/de\\\/soziale-verantwortung-des-unternehmens\\\/#primaryimage\",\"url\":\"https:\\\/\\\/www.bdplast.com\\\/wp-content\\\/uploads\\\/2021\\\/04\\\/csr.jpg\",\"contentUrl\":\"https:\\\/\\\/www.bdplast.com\\\/wp-content\\\/uploads\\\/2021\\\/04\\\/csr.jpg\",\"width\":1920,\"height\":400},{\"@type\":\"BreadcrumbList\",\"@id\":\"https:\\\/\\\/www.bdplast.com\\\/de\\\/soziale-verantwortung-des-unternehmens\\\/#breadcrumb\",\"itemListElement\":[{\"@type\":\"ListItem\",\"position\":1,\"name\":\"Home\",\"item\":\"https:\\\/\\\/www.bdplast.com\\\/de\\\/\"},{\"@type\":\"ListItem\",\"position\":2,\"name\":\"Soziale Verantwortung des Unternehmens\"}]},{\"@type\":\"WebSite\",\"@id\":\"https:\\\/\\\/www.bdplast.com\\\/#website\",\"url\":\"https:\\\/\\\/www.bdplast.com\\\/\",\"name\":\"BD Plast\",\"description\":\"Sistemi di filtrazione, deviazione e convoglio polimeri\",\"publisher\":{\"@id\":\"https:\\\/\\\/www.bdplast.com\\\/#organization\"},\"potentialAction\":[{\"@type\":\"SearchAction\",\"target\":{\"@type\":\"EntryPoint\",\"urlTemplate\":\"https:\\\/\\\/www.bdplast.com\\\/?s={search_term_string}\"},\"query-input\":{\"@type\":\"PropertyValueSpecification\",\"valueRequired\":true,\"valueName\":\"search_term_string\"}}],\"inLanguage\":\"de\"},{\"@type\":\"Organization\",\"@id\":\"https:\\\/\\\/www.bdplast.com\\\/#organization\",\"name\":\"BD Plast\",\"url\":\"https:\\\/\\\/www.bdplast.com\\\/\",\"logo\":{\"@type\":\"ImageObject\",\"inLanguage\":\"de\",\"@id\":\"https:\\\/\\\/www.bdplast.com\\\/#\\\/schema\\\/logo\\\/image\\\/\",\"url\":\"https:\\\/\\\/www.bdplast.com\\\/wp-content\\\/uploads\\\/2025\\\/06\\\/bdplast-logo-yoast.jpg\",\"contentUrl\":\"https:\\\/\\\/www.bdplast.com\\\/wp-content\\\/uploads\\\/2025\\\/06\\\/bdplast-logo-yoast.jpg\",\"width\":1200,\"height\":628,\"caption\":\"BD Plast\"},\"image\":{\"@id\":\"https:\\\/\\\/www.bdplast.com\\\/#\\\/schema\\\/logo\\\/image\\\/\"},\"sameAs\":[\"https:\\\/\\\/www.youtube.com\\\/channel\\\/UCd6hdte7tZc8CfN_W9KxYTA\",\"https:\\\/\\\/it.linkedin.com\\\/company\\\/bd-plast-filtering-systems-srl\"]}]}<\/script>\n<!-- \/ Yoast SEO plugin. -->","yoast_head_json":{"title":"Soziale Verantwortung des Unternehmens - BD Plast","robots":{"index":"index","follow":"follow","max-snippet":"max-snippet:-1","max-image-preview":"max-image-preview:large","max-video-preview":"max-video-preview:-1"},"canonical":"https:\/\/www.bdplast.com\/de\/soziale-verantwortung-des-unternehmens\/","og_locale":"de_DE","og_type":"article","og_title":"Soziale Verantwortung des Unternehmens - BD Plast","og_description":"[vc_row full_width=&#8220;stretch_row&#8220; css=&#8220;.vc_custom_1617874152457{background-image: url(https:\/\/www.bdplast.com\/wp-content\/uploads\/2021\/04\/csr.jpg?id=14577) !important;background-position: center !important;background-repeat: no-repeat !important;background-size: cover !important;}&#8220; ...","og_url":"https:\/\/www.bdplast.com\/de\/soziale-verantwortung-des-unternehmens\/","og_site_name":"BD Plast","article_modified_time":"2025-09-02T15:57:23+00:00","og_image":[{"width":1920,"height":400,"url":"https:\/\/www.bdplast.com\/wp-content\/uploads\/2021\/04\/csr.jpg","type":"image\/jpeg"}],"twitter_card":"summary_large_image","twitter_misc":{"Gesch\u00e4tzte Lesezeit":"4\u00a0Minuten"},"schema":{"@context":"https:\/\/schema.org","@graph":[{"@type":"WebPage","@id":"https:\/\/www.bdplast.com\/de\/soziale-verantwortung-des-unternehmens\/","url":"https:\/\/www.bdplast.com\/de\/soziale-verantwortung-des-unternehmens\/","name":"Soziale Verantwortung des Unternehmens - BD Plast","isPartOf":{"@id":"https:\/\/www.bdplast.com\/#website"},"primaryImageOfPage":{"@id":"https:\/\/www.bdplast.com\/de\/soziale-verantwortung-des-unternehmens\/#primaryimage"},"image":{"@id":"https:\/\/www.bdplast.com\/de\/soziale-verantwortung-des-unternehmens\/#primaryimage"},"thumbnailUrl":"https:\/\/www.bdplast.com\/wp-content\/uploads\/2021\/04\/csr.jpg","datePublished":"2021-04-08T14:53:24+00:00","dateModified":"2025-09-02T15:57:23+00:00","breadcrumb":{"@id":"https:\/\/www.bdplast.com\/de\/soziale-verantwortung-des-unternehmens\/#breadcrumb"},"inLanguage":"de","potentialAction":[{"@type":"ReadAction","target":["https:\/\/www.bdplast.com\/de\/soziale-verantwortung-des-unternehmens\/"]}]},{"@type":"ImageObject","inLanguage":"de","@id":"https:\/\/www.bdplast.com\/de\/soziale-verantwortung-des-unternehmens\/#primaryimage","url":"https:\/\/www.bdplast.com\/wp-content\/uploads\/2021\/04\/csr.jpg","contentUrl":"https:\/\/www.bdplast.com\/wp-content\/uploads\/2021\/04\/csr.jpg","width":1920,"height":400},{"@type":"BreadcrumbList","@id":"https:\/\/www.bdplast.com\/de\/soziale-verantwortung-des-unternehmens\/#breadcrumb","itemListElement":[{"@type":"ListItem","position":1,"name":"Home","item":"https:\/\/www.bdplast.com\/de\/"},{"@type":"ListItem","position":2,"name":"Soziale Verantwortung des Unternehmens"}]},{"@type":"WebSite","@id":"https:\/\/www.bdplast.com\/#website","url":"https:\/\/www.bdplast.com\/","name":"BD Plast","description":"Sistemi di filtrazione, deviazione e convoglio polimeri","publisher":{"@id":"https:\/\/www.bdplast.com\/#organization"},"potentialAction":[{"@type":"SearchAction","target":{"@type":"EntryPoint","urlTemplate":"https:\/\/www.bdplast.com\/?s={search_term_string}"},"query-input":{"@type":"PropertyValueSpecification","valueRequired":true,"valueName":"search_term_string"}}],"inLanguage":"de"},{"@type":"Organization","@id":"https:\/\/www.bdplast.com\/#organization","name":"BD Plast","url":"https:\/\/www.bdplast.com\/","logo":{"@type":"ImageObject","inLanguage":"de","@id":"https:\/\/www.bdplast.com\/#\/schema\/logo\/image\/","url":"https:\/\/www.bdplast.com\/wp-content\/uploads\/2025\/06\/bdplast-logo-yoast.jpg","contentUrl":"https:\/\/www.bdplast.com\/wp-content\/uploads\/2025\/06\/bdplast-logo-yoast.jpg","width":1200,"height":628,"caption":"BD Plast"},"image":{"@id":"https:\/\/www.bdplast.com\/#\/schema\/logo\/image\/"},"sameAs":["https:\/\/www.youtube.com\/channel\/UCd6hdte7tZc8CfN_W9KxYTA","https:\/\/it.linkedin.com\/company\/bd-plast-filtering-systems-srl"]}]}},"rttpg_featured_image_url":{"full":["https:\/\/www.bdplast.com\/wp-content\/uploads\/2021\/04\/csr.jpg",1920,400,false],"landscape":["https:\/\/www.bdplast.com\/wp-content\/uploads\/2021\/04\/csr.jpg",1920,400,false],"portraits":["https:\/\/www.bdplast.com\/wp-content\/uploads\/2021\/04\/csr.jpg",1920,400,false],"thumbnail":["https:\/\/www.bdplast.com\/wp-content\/uploads\/2021\/04\/csr-150x150.jpg",150,150,true],"medium":["https:\/\/www.bdplast.com\/wp-content\/uploads\/2021\/04\/csr-300x63.jpg",300,63,true],"large":["https:\/\/www.bdplast.com\/wp-content\/uploads\/2021\/04\/csr-1024x213.jpg",728,151,true],"1536x1536":["https:\/\/www.bdplast.com\/wp-content\/uploads\/2021\/04\/csr-1536x320.jpg",1536,320,true],"2048x2048":["https:\/\/www.bdplast.com\/wp-content\/uploads\/2021\/04\/csr.jpg",1920,400,false],"codevz_360_320":["https:\/\/www.bdplast.com\/wp-content\/uploads\/2021\/04\/csr-360x320.jpg",360,320,true],"codevz_600_600":["https:\/\/www.bdplast.com\/wp-content\/uploads\/2021\/04\/csr-600x400.jpg",600,400,true],"codevz_1200_200":["https:\/\/www.bdplast.com\/wp-content\/uploads\/2021\/04\/csr-1200x200.jpg",1200,200,true],"codevz_1200_500":["https:\/\/www.bdplast.com\/wp-content\/uploads\/2021\/04\/csr-1200x400.jpg",1200,400,true],"codevz_600_1000":["https:\/\/www.bdplast.com\/wp-content\/uploads\/2021\/04\/csr-600x400.jpg",600,400,true],"codevz_600_9999":["https:\/\/www.bdplast.com\/wp-content\/uploads\/2021\/04\/csr-600x125.jpg",600,125,true],"gform-image-choice-sm":["https:\/\/www.bdplast.com\/wp-content\/uploads\/2021\/04\/csr.jpg",300,63,false],"gform-image-choice-md":["https:\/\/www.bdplast.com\/wp-content\/uploads\/2021\/04\/csr.jpg",400,83,false],"gform-image-choice-lg":["https:\/\/www.bdplast.com\/wp-content\/uploads\/2021\/04\/csr.jpg",600,125,false]},"rttpg_author":{"display_name":"studiochiesa","author_link":"https:\/\/www.bdplast.com\/de\/author\/studiochiesa\/"},"rttpg_comment":0,"rttpg_category":" <a href=\"https:\/\/www.bdplast.com\/de\/?taxonomy=translation_priority&#038;term=optional-de\" rel=\"tag\">Optional<\/a>","rttpg_excerpt":"[vc_row full_width=&#8220;stretch_row&#8220; css=&#8220;.vc_custom_1617874152457{background-image: url(https:\/\/www.bdplast.com\/wp-content\/uploads\/2021\/04\/csr.jpg?id=14577) !important;background-position: center !important;background-repeat: no-repeat !important;background-size: cover !important;}&#8220; ...","_links":{"self":[{"href":"https:\/\/www.bdplast.com\/de\/wp-json\/wp\/v2\/pages\/15256","targetHints":{"allow":["GET"]}}],"collection":[{"href":"https:\/\/www.bdplast.com\/de\/wp-json\/wp\/v2\/pages"}],"about":[{"href":"https:\/\/www.bdplast.com\/de\/wp-json\/wp\/v2\/types\/page"}],"author":[{"embeddable":true,"href":"https:\/\/www.bdplast.com\/de\/wp-json\/wp\/v2\/users\/1"}],"replies":[{"embeddable":true,"href":"https:\/\/www.bdplast.com\/de\/wp-json\/wp\/v2\/comments?post=15256"}],"version-history":[{"count":8,"href":"https:\/\/www.bdplast.com\/de\/wp-json\/wp\/v2\/pages\/15256\/revisions"}],"predecessor-version":[{"id":20589,"href":"https:\/\/www.bdplast.com\/de\/wp-json\/wp\/v2\/pages\/15256\/revisions\/20589"}],"wp:featuredmedia":[{"embeddable":true,"href":"https:\/\/www.bdplast.com\/de\/wp-json\/wp\/v2\/media\/15232"}],"wp:attachment":[{"href":"https:\/\/www.bdplast.com\/de\/wp-json\/wp\/v2\/media?parent=15256"}],"curies":[{"name":"wp","href":"https:\/\/api.w.org\/{rel}","templated":true}]}}