{"id":15273,"date":"2021-03-30T11:03:23","date_gmt":"2021-03-30T09:03:23","guid":{"rendered":"https:\/\/www.bdplast.com\/componenti-per-lestrusione\/"},"modified":"2025-10-10T17:01:47","modified_gmt":"2025-10-10T15:01:47","slug":"komponenten-fuer-die-extrusion","status":"publish","type":"page","link":"https:\/\/www.bdplast.com\/de\/komponenten-fuer-die-extrusion\/","title":{"rendered":"Komponenten f\u00fcr die Extrusion"},"content":{"rendered":"<div class=\"wpb-content-wrapper\"><p>[vc_row full_width=&#8220;stretch_row&#8220; css=&#8220;.vc_custom_1617876137615{background-image: url(https:\/\/www.bdplast.com\/wp-content\/uploads\/2021\/03\/componenti_per_estrusione_extrusion_components_BDMP_cover.jpg?id=14268) !important;background-position: center !important;background-repeat: no-repeat !important;background-size: cover !important;}&#8220; el_class=&#8220;white_text&#8220; el_id=&#8220;head_prodotto&#8220;][vc_column][\/vc_column][\/vc_row][vc_row full_width=&#8220;stretch_row&#8220; css=&#8220;.vc_custom_1616665112965{padding-top: 2em !important;padding-bottom: 2em !important;background-color: #ec6608 !important;}&#8220; el_class=&#8220;white_text&#8220;][vc_column][vc_row_inner equal_height=&#8220;yes&#8220; content_placement=&#8220;middle&#8220;][vc_column_inner][vc_column_text]<\/p>\n<h1><span class=\"separator level2 parent\">Komponenten f\u00fcr die Extrusion<\/span><\/h1>\n<p>[\/vc_column_text][\/vc_column_inner][\/vc_row_inner][\/vc_column][\/vc_row][vc_row css=&#8220;.vc_custom_1616673282130{padding-top: 4em !important;padding-bottom: 4em !important;}&#8220; el_id=&#8220;scheda_prodotto_intro&#8220;][vc_column][vc_column_text css=&#8220;&#8220;]<\/p>\n<h2>Mischer, Adapter, Winkelst\u00fccke und Schmelzrohre, statische Mischer und Umlenkventile<\/h2>\n<p>[\/vc_column_text][vc_column_text]Unser Angebot umfasst <strong>Extrusionskomponenten<\/strong>.[\/vc_column_text][\/vc_column][\/vc_row][vc_row full_width=&#8220;stretch_row&#8220; css=&#8220;.vc_custom_1616746370826{padding-top: 4em !important;padding-bottom: 4em !important;background-color: #e9e7dd !important;}&#8220; el_id=&#8220;products&#8220;][vc_column offset=&#8220;vc_col-md-12 vc_col-xs-12&#8243;][vc_empty_space height=&#8220;2em&#8220;][vc_row_inner css=&#8220;.vc_custom_1584973514763{padding-left: 1em !important;}&#8220; el_class=&#8220;publications_homepage&#8220; el_id=&#8220;appflds&#8220;][vc_column_inner width=&#8220;1\/4&#8243;]<figure class=\"effect-hover category_flip_box effect-ruby ratiooriginal  vckit_custom_class_968e91ed86b6af  vckit-lazyload\">\n  <a href=\"https:\/\/www.bdplast.com\/de\/mischer-adapter-winkelstuecke-und-schmelzrohre-statische-mischer-strangduesen-und-umlenkventile\/\" >\n    <img data-src=\"https:\/\/www.bdplast.com\/wp-content\/uploads\/2021\/03\/componenti_per_estrusione_extrusion_components_BDMP_pagina_prodotto.jpg\" alt=\"Mischer, Adapter, Winkelst\u00fccke und Schmelzrohre, statische Mischer, Strangd\u00fcsen und Umlenkventile \"\/>\n    <figcaption>\n      <div class=\"effect-caption\">\n        <h2>Mischer, Adapter, Winkelst\u00fccke und Schmelzrohre, statische Mischer, Strangd\u00fcsen und Umlenkventile <span><\/span><\/h2>\n        <p class=\"description\">\n          Die ideale und innovative Verbindung zwischen Siebwechslern und Extrusionsk\u00f6pfen.&nbsp;        <\/p>\n      <\/div>\n    <\/figcaption>\n  <\/a>\n<\/figure>\n[\/vc_column_inner][vc_column_inner width=&#8220;1\/4&#8243;]<figure class=\"effect-hover category_flip_box effect-ruby ratiooriginal  vckit_custom_class_968e91ee06fd43  vckit-lazyload\">\n  <a href=\"https:\/\/www.bdplast.com\/de\/bdvd-umlenkventile\/\" >\n    <img data-src=\"https:\/\/www.bdplast.com\/wp-content\/uploads\/2021\/05\/bdv_prd.jpg\" alt=\"BDVD-Umlenkventile \"\/>\n    <figcaption>\n      <div class=\"effect-caption\">\n        <h2>BDVD-Umlenkventile <span><\/span><\/h2>\n        <p class=\"description\">\n          Einfach zu warten, kann in verschiedene Arten von Systemen integriert werden.&nbsp;        <\/p>\n      <\/div>\n    <\/figcaption>\n  <\/a>\n<\/figure>\n[\/vc_column_inner][vc_column_inner width=&#8220;1\/4&#8243;]<figure class=\"effect-hover category_flip_box effect-ruby ratiooriginal  vckit_custom_class_1068e91f5f13916  vckit-lazyload\">\n  <a href=\"https:\/\/www.bdplast.com\/de\/hydraulische-kopfwechsler-bdcf\/\" >\n    <img data-src=\"https:\/\/www.bdplast.com\/wp-content\/uploads\/2025\/10\/BDCF-cambia-teste.jpg\" alt=\"Hydraulische Kopfwechsler BDCF \"\/>\n    <figcaption>\n      <div class=\"effect-caption\">\n        <h2>Hydraulische Kopfwechsler BDCF <span><\/span><\/h2>\n        <p class=\"description\">\n          Eine Zusatzausr\u00fcstung, die einen einfachen und schnellen Austausch von Extrusionsformen im Vergleich zu herk\u00f6mmlichen manuellen Verfahren erm\u00f6glicht.&nbsp;        <\/p>\n      <\/div>\n    <\/figcaption>\n  <\/a>\n<\/figure>\n[\/vc_column_inner][vc_column_inner width=&#8220;1\/4&#8243;]<figure class=\"effect-hover category_flip_box effect-ruby ratiooriginal  vckit_custom_class_1068e91fa7178c4  vckit-lazyload\">\n  <a href=\"https:\/\/www.bdplast.com\/de\/bdgs-kalanderfilter\/\" >\n    <img data-src=\"https:\/\/www.bdplast.com\/wp-content\/uploads\/2025\/10\/Filtro-per-calandra-BDGS_1X1.jpg\" alt=\" BDGS Kalanderfilter \"\/>\n    <figcaption>\n      <div class=\"effect-caption\">\n        <h2> BDGS Kalanderfilter <span><\/span><\/h2>\n        <p class=\"description\">\n          Alternative Filtertechnologie f\u00fcr Kalanderanlagen&nbsp;        <\/p>\n      <\/div>\n    <\/figcaption>\n  <\/a>\n<\/figure>\n[\/vc_column_inner][\/vc_row_inner][\/vc_column][\/vc_row]<\/p>\n<\/div>","protected":false},"excerpt":{"rendered":"<p>[vc_row full_width=&#8220;stretch_row&#8220; css=&#8220;.vc_custom_1617876137615{background-image: url(https:\/\/www.bdplast.com\/wp-content\/uploads\/2021\/03\/componenti_per_estrusione_extrusion_components_BDMP_cover.jpg?id=14268) !important;background-position: center !important;background-repeat: no-repeat !important;background-size: cover !important;}&#8220; &#8230; <\/p>\n","protected":false},"author":1,"featured_media":0,"parent":0,"menu_order":0,"comment_status":"closed","ping_status":"closed","template":"","meta":{"footnotes":"","_links_to":"","_links_to_target":""},"class_list":["post-15273","page","type-page","status-publish","hentry"],"yoast_head":"<!-- This site is optimized with the Yoast SEO plugin v27.5 - https:\/\/yoast.com\/product\/yoast-seo-wordpress\/ -->\n<title>Komponenten f\u00fcr die Extrusion - BD Plast<\/title>\n<meta name=\"description\" content=\"Mischer, Adapter, Winkelst\u00fccke und Schmelzrohre, statische Mischer, Strangd\u00fcsen und Umlenkventile\" \/>\n<meta name=\"robots\" content=\"index, follow, max-snippet:-1, max-image-preview:large, max-video-preview:-1\" \/>\n<link rel=\"canonical\" href=\"https:\/\/www.bdplast.com\/de\/komponenten-fuer-die-extrusion\/\" \/>\n<meta property=\"og:locale\" content=\"de_DE\" \/>\n<meta property=\"og:type\" content=\"article\" \/>\n<meta property=\"og:title\" content=\"Komponenten f\u00fcr die Extrusion - BD Plast\" \/>\n<meta property=\"og:description\" content=\"Mischer, Adapter, Winkelst\u00fccke und Schmelzrohre, statische Mischer, Strangd\u00fcsen und Umlenkventile\" \/>\n<meta property=\"og:url\" content=\"https:\/\/www.bdplast.com\/de\/komponenten-fuer-die-extrusion\/\" \/>\n<meta property=\"og:site_name\" content=\"BD Plast\" \/>\n<meta property=\"article:modified_time\" content=\"2025-10-10T15:01:47+00:00\" \/>\n<meta name=\"twitter:card\" content=\"summary_large_image\" \/>\n<meta name=\"twitter:label1\" content=\"Gesch\u00e4tzte Lesezeit\" \/>\n\t<meta name=\"twitter:data1\" content=\"2\u00a0Minuten\" \/>\n<script type=\"application\/ld+json\" class=\"yoast-schema-graph\">{\"@context\":\"https:\\\/\\\/schema.org\",\"@graph\":[{\"@type\":\"WebPage\",\"@id\":\"https:\\\/\\\/www.bdplast.com\\\/de\\\/komponenten-fuer-die-extrusion\\\/\",\"url\":\"https:\\\/\\\/www.bdplast.com\\\/de\\\/komponenten-fuer-die-extrusion\\\/\",\"name\":\"Komponenten f\u00fcr die Extrusion - BD Plast\",\"isPartOf\":{\"@id\":\"https:\\\/\\\/www.bdplast.com\\\/#website\"},\"datePublished\":\"2021-03-30T09:03:23+00:00\",\"dateModified\":\"2025-10-10T15:01:47+00:00\",\"description\":\"Mischer, Adapter, Winkelst\u00fccke und Schmelzrohre, statische Mischer, Strangd\u00fcsen und Umlenkventile\",\"breadcrumb\":{\"@id\":\"https:\\\/\\\/www.bdplast.com\\\/de\\\/komponenten-fuer-die-extrusion\\\/#breadcrumb\"},\"inLanguage\":\"de\",\"potentialAction\":[{\"@type\":\"ReadAction\",\"target\":[\"https:\\\/\\\/www.bdplast.com\\\/de\\\/komponenten-fuer-die-extrusion\\\/\"]}]},{\"@type\":\"BreadcrumbList\",\"@id\":\"https:\\\/\\\/www.bdplast.com\\\/de\\\/komponenten-fuer-die-extrusion\\\/#breadcrumb\",\"itemListElement\":[{\"@type\":\"ListItem\",\"position\":1,\"name\":\"Home\",\"item\":\"https:\\\/\\\/www.bdplast.com\\\/de\\\/\"},{\"@type\":\"ListItem\",\"position\":2,\"name\":\"Komponenten f\u00fcr die Extrusion\"}]},{\"@type\":\"WebSite\",\"@id\":\"https:\\\/\\\/www.bdplast.com\\\/#website\",\"url\":\"https:\\\/\\\/www.bdplast.com\\\/\",\"name\":\"BD Plast\",\"description\":\"Sistemi di filtrazione, deviazione e convoglio polimeri\",\"publisher\":{\"@id\":\"https:\\\/\\\/www.bdplast.com\\\/#organization\"},\"potentialAction\":[{\"@type\":\"SearchAction\",\"target\":{\"@type\":\"EntryPoint\",\"urlTemplate\":\"https:\\\/\\\/www.bdplast.com\\\/?s={search_term_string}\"},\"query-input\":{\"@type\":\"PropertyValueSpecification\",\"valueRequired\":true,\"valueName\":\"search_term_string\"}}],\"inLanguage\":\"de\"},{\"@type\":\"Organization\",\"@id\":\"https:\\\/\\\/www.bdplast.com\\\/#organization\",\"name\":\"BD Plast\",\"url\":\"https:\\\/\\\/www.bdplast.com\\\/\",\"logo\":{\"@type\":\"ImageObject\",\"inLanguage\":\"de\",\"@id\":\"https:\\\/\\\/www.bdplast.com\\\/#\\\/schema\\\/logo\\\/image\\\/\",\"url\":\"https:\\\/\\\/www.bdplast.com\\\/wp-content\\\/uploads\\\/2025\\\/06\\\/bdplast-logo-yoast.jpg\",\"contentUrl\":\"https:\\\/\\\/www.bdplast.com\\\/wp-content\\\/uploads\\\/2025\\\/06\\\/bdplast-logo-yoast.jpg\",\"width\":1200,\"height\":628,\"caption\":\"BD Plast\"},\"image\":{\"@id\":\"https:\\\/\\\/www.bdplast.com\\\/#\\\/schema\\\/logo\\\/image\\\/\"},\"sameAs\":[\"https:\\\/\\\/www.youtube.com\\\/channel\\\/UCd6hdte7tZc8CfN_W9KxYTA\",\"https:\\\/\\\/it.linkedin.com\\\/company\\\/bd-plast-filtering-systems-srl\"]}]}<\/script>\n<!-- \/ Yoast SEO plugin. -->","yoast_head_json":{"title":"Komponenten f\u00fcr die Extrusion - BD Plast","description":"Mischer, Adapter, Winkelst\u00fccke und Schmelzrohre, statische Mischer, Strangd\u00fcsen und Umlenkventile","robots":{"index":"index","follow":"follow","max-snippet":"max-snippet:-1","max-image-preview":"max-image-preview:large","max-video-preview":"max-video-preview:-1"},"canonical":"https:\/\/www.bdplast.com\/de\/komponenten-fuer-die-extrusion\/","og_locale":"de_DE","og_type":"article","og_title":"Komponenten f\u00fcr die Extrusion - BD Plast","og_description":"Mischer, Adapter, Winkelst\u00fccke und Schmelzrohre, statische Mischer, Strangd\u00fcsen und Umlenkventile","og_url":"https:\/\/www.bdplast.com\/de\/komponenten-fuer-die-extrusion\/","og_site_name":"BD Plast","article_modified_time":"2025-10-10T15:01:47+00:00","twitter_card":"summary_large_image","twitter_misc":{"Gesch\u00e4tzte Lesezeit":"2\u00a0Minuten"},"schema":{"@context":"https:\/\/schema.org","@graph":[{"@type":"WebPage","@id":"https:\/\/www.bdplast.com\/de\/komponenten-fuer-die-extrusion\/","url":"https:\/\/www.bdplast.com\/de\/komponenten-fuer-die-extrusion\/","name":"Komponenten f\u00fcr die Extrusion - BD Plast","isPartOf":{"@id":"https:\/\/www.bdplast.com\/#website"},"datePublished":"2021-03-30T09:03:23+00:00","dateModified":"2025-10-10T15:01:47+00:00","description":"Mischer, Adapter, Winkelst\u00fccke und Schmelzrohre, statische Mischer, Strangd\u00fcsen und Umlenkventile","breadcrumb":{"@id":"https:\/\/www.bdplast.com\/de\/komponenten-fuer-die-extrusion\/#breadcrumb"},"inLanguage":"de","potentialAction":[{"@type":"ReadAction","target":["https:\/\/www.bdplast.com\/de\/komponenten-fuer-die-extrusion\/"]}]},{"@type":"BreadcrumbList","@id":"https:\/\/www.bdplast.com\/de\/komponenten-fuer-die-extrusion\/#breadcrumb","itemListElement":[{"@type":"ListItem","position":1,"name":"Home","item":"https:\/\/www.bdplast.com\/de\/"},{"@type":"ListItem","position":2,"name":"Komponenten f\u00fcr die Extrusion"}]},{"@type":"WebSite","@id":"https:\/\/www.bdplast.com\/#website","url":"https:\/\/www.bdplast.com\/","name":"BD Plast","description":"Sistemi di filtrazione, deviazione e convoglio polimeri","publisher":{"@id":"https:\/\/www.bdplast.com\/#organization"},"potentialAction":[{"@type":"SearchAction","target":{"@type":"EntryPoint","urlTemplate":"https:\/\/www.bdplast.com\/?s={search_term_string}"},"query-input":{"@type":"PropertyValueSpecification","valueRequired":true,"valueName":"search_term_string"}}],"inLanguage":"de"},{"@type":"Organization","@id":"https:\/\/www.bdplast.com\/#organization","name":"BD Plast","url":"https:\/\/www.bdplast.com\/","logo":{"@type":"ImageObject","inLanguage":"de","@id":"https:\/\/www.bdplast.com\/#\/schema\/logo\/image\/","url":"https:\/\/www.bdplast.com\/wp-content\/uploads\/2025\/06\/bdplast-logo-yoast.jpg","contentUrl":"https:\/\/www.bdplast.com\/wp-content\/uploads\/2025\/06\/bdplast-logo-yoast.jpg","width":1200,"height":628,"caption":"BD Plast"},"image":{"@id":"https:\/\/www.bdplast.com\/#\/schema\/logo\/image\/"},"sameAs":["https:\/\/www.youtube.com\/channel\/UCd6hdte7tZc8CfN_W9KxYTA","https:\/\/it.linkedin.com\/company\/bd-plast-filtering-systems-srl"]}]}},"rttpg_featured_image_url":null,"rttpg_author":{"display_name":"studiochiesa","author_link":"https:\/\/www.bdplast.com\/de\/author\/studiochiesa\/"},"rttpg_comment":0,"rttpg_category":" <a href=\"https:\/\/www.bdplast.com\/de\/?taxonomy=translation_priority&#038;term=optional-de\" rel=\"tag\">Optional<\/a>","rttpg_excerpt":"[vc_row full_width=&#8220;stretch_row&#8220; css=&#8220;.vc_custom_1617876137615{background-image: url(https:\/\/www.bdplast.com\/wp-content\/uploads\/2021\/03\/componenti_per_estrusione_extrusion_components_BDMP_cover.jpg?id=14268) !important;background-position: center !important;background-repeat: no-repeat !important;background-size: cover !important;}&#8220; ...","_links":{"self":[{"href":"https:\/\/www.bdplast.com\/de\/wp-json\/wp\/v2\/pages\/15273","targetHints":{"allow":["GET"]}}],"collection":[{"href":"https:\/\/www.bdplast.com\/de\/wp-json\/wp\/v2\/pages"}],"about":[{"href":"https:\/\/www.bdplast.com\/de\/wp-json\/wp\/v2\/types\/page"}],"author":[{"embeddable":true,"href":"https:\/\/www.bdplast.com\/de\/wp-json\/wp\/v2\/users\/1"}],"replies":[{"embeddable":true,"href":"https:\/\/www.bdplast.com\/de\/wp-json\/wp\/v2\/comments?post=15273"}],"version-history":[{"count":12,"href":"https:\/\/www.bdplast.com\/de\/wp-json\/wp\/v2\/pages\/15273\/revisions"}],"predecessor-version":[{"id":21212,"href":"https:\/\/www.bdplast.com\/de\/wp-json\/wp\/v2\/pages\/15273\/revisions\/21212"}],"wp:attachment":[{"href":"https:\/\/www.bdplast.com\/de\/wp-json\/wp\/v2\/media?parent=15273"}],"curies":[{"name":"wp","href":"https:\/\/api.w.org\/{rel}","templated":true}]}}