{"id":15294,"date":"2021-03-29T16:41:15","date_gmt":"2021-03-29T14:41:15","guid":{"rendered":"https:\/\/www.bdplast.com\/cambiafiltri-oleodinamici-bdox2\/"},"modified":"2022-10-06T11:46:38","modified_gmt":"2022-10-06T09:46:38","slug":"durchlaufsiebwechsler-bdo-x-2","status":"publish","type":"page","link":"https:\/\/www.bdplast.com\/de\/durchlaufsiebwechsler-bdo-x-2\/","title":{"rendered":"Durchlaufsiebwechsler BDO x 2"},"content":{"rendered":"<div class=\"wpb-content-wrapper\"><p>[vc_row full_width=&#8220;stretch_row&#8220; css=&#8220;.vc_custom_1617270853895{background-image: url(https:\/\/www.bdplast.com\/wp-content\/uploads\/2021\/04\/cambiafiltri_flusso_continuo_continuous_flow_screen_changers_BDOx2_cover.jpg?id=14477) !important;background-position: center !important;background-repeat: no-repeat !important;background-size: cover !important;}&#8220; el_class=&#8220;white_text&#8220; el_id=&#8220;head_prodotto&#8220;][vc_column][\/vc_column][\/vc_row][vc_row full_width=&#8220;stretch_row&#8220; css=&#8220;.vc_custom_1616665112965{padding-top: 2em !important;padding-bottom: 2em !important;background-color: #ec6608 !important;}&#8220; el_class=&#8220;white_text&#8220;][vc_column][vc_row_inner equal_height=&#8220;yes&#8220; content_placement=&#8220;middle&#8220;][vc_column_inner][vc_column_text]<\/p>\n<h1>Durchlaufsiebwechsler BDO x 2<\/h1>\n<p>[\/vc_column_text][\/vc_column_inner][\/vc_row_inner][\/vc_column][\/vc_row][vc_row css=&#8220;.vc_custom_1616673282130{padding-top: 4em !important;padding-bottom: 4em !important;}&#8220; el_id=&#8220;scheda_prodotto_intro&#8220;][vc_column][vc_column_text]<\/p>\n<h2>Eine perfekte Durchlaufkontinuit\u00e4t f\u00fcr mehrere Extrusionslinien bei hohen Betriebsdruckwerten.<\/h2>\n<p>[\/vc_column_text][vc_column_text]Mit den innovativen BDO x 2-Durchlaufsiebwechslern wird die Komplexit\u00e4t der Auslegung auf ein Minimum reduziert und die Qualit\u00e4t der Materialien garantiert. Das neue Dichtungssystem erm\u00f6glicht den Einsatz auch auf Extrusionslinien mit sehr hohen Betriebsdruckwerten.<br \/>\nNachdem diese Art von Siebwechsler lange Zeit in Produktionsanlagen f\u00fcr Flachfolien und -rohre mit Strangd\u00fcsen und Unterwassergranulierung sowie in Hei\u00dfschmelzbeschichtungssystemen getestet wurde, wurde sie vor Kurzem auch f\u00fcr Extrusionslinien f\u00fcr Blasfolien mit au\u00dfergew\u00f6hnlicher Leistung und perfekte Flie\u00dfkontinuit\u00e4t vorgeschlagen, selbst f\u00fcr einschichtigen Linien mit extrudierten Dicken bis zu 10 Mikron.<br \/>\nEine sorgf\u00e4ltige Untersuchung der Sp\u00fcl- und Entw\u00e4sserungskan\u00e4le sowie der Filtrationskammer hat zum Erreichen dieser Ergebnisse beigetragen.<br \/>\nEin einfaches und effektives Dichtungssystem mit austauschbaren Elementen erm\u00f6glicht auch komplexe Wartungsarbeiten direkt beim Kunden und minimiert Ausfallzeiten und Kosten.[\/vc_column_text][\/vc_column][\/vc_row][vc_row full_width=&#8220;stretch_row&#8220; el_class=&#8220;white_text&#8220; el_id=&#8220;slider&#8220; css=&#8220;.vc_custom_1616679219141{padding-top: 4em !important;padding-bottom: 4em !important;background-color: #e9e7dd !important;background-position: center !important;background-repeat: no-repeat !important;background-size: cover !important;}&#8220;][vc_column]<div\n  id=\"vckit-image-slider-109237599\"\n  class=\"vckit-image-slider  \"\n  data-vckit-carousel='{\"arrows\":true,\"dots\":false,\"fade\":true,\"infinite\":true,\"arrow_style\":\"circle\",\"autoplay\":\"yes\",\"autoplay_speed\":3000,\"pause_on_hover\":\"yes\",\"speed\":300,\"md\":1,\"sm\":1,\"xs\":1,\"slides_to_scroll\":1}' data-gutter=\"0\">\n      <div class=\"vckit-image-slider__element\">\n            <img decoding=\"async\" src=\"https:\/\/www.bdplast.com\/wp-content\/uploads\/2021\/04\/cambiafiltri_flusso_continuo_continuous_flow_screen_changers_BDOx2_gallery_4.jpg\">\n          <\/div>\n      <div class=\"vckit-image-slider__element\">\n            <img decoding=\"async\" src=\"https:\/\/www.bdplast.com\/wp-content\/uploads\/2021\/04\/cambiafiltri_flusso_continuo_continuous_flow_screen_changers_BDOx2_gallery_1.jpg\">\n          <\/div>\n      <div class=\"vckit-image-slider__element\">\n            <img decoding=\"async\" src=\"https:\/\/www.bdplast.com\/wp-content\/uploads\/2021\/04\/cambiafiltri_flusso_continuo_continuous_flow_screen_changers_BDOx2_gallery_2.jpg\">\n          <\/div>\n      <div class=\"vckit-image-slider__element\">\n            <img decoding=\"async\" src=\"https:\/\/www.bdplast.com\/wp-content\/uploads\/2021\/04\/cambiafiltri_flusso_continuo_continuous_flow_screen_changers_BDOx2_gallery_3.jpg\">\n          <\/div>\n  <\/div>\n<style type=\"text\/css\"><\/style>\n[\/vc_column][\/vc_row][vc_row full_width=&#8220;stretch_row&#8220; equal_height=&#8220;yes&#8220; content_placement=&#8220;middle&#8220; el_id=&#8220;scheda_prodotto&#8220; css=&#8220;.vc_custom_1616752804985{padding-top: 4em !important;padding-bottom: 4em !important;background-color: #475b5a !important;}&#8220;][vc_column width=&#8220;1\/2&#8243;][vc_single_image image=&#8220;14863&#8243; img_size=&#8220;full&#8220;][\/vc_column][vc_column width=&#8220;1\/2&#8243;][vc_column_text]<strong>GEEIGNET F\u00dcR DIE HERSTELLUNG VON<br \/>\n<\/strong><\/p>\n<ul class=\"ul1\">\n<li class=\"li1\">Schlauch- oder Flachfolien<\/li>\n<li class=\"li1\">Tiefziehfolien<\/li>\n<li class=\"li1\">Rohre und Profile<\/li>\n<li class=\"li1\">Kabelummantelung<\/li>\n<li class=\"li1\">Granulate aus Recycling<\/li>\n<li class=\"li1\">Granulate aus Polymerisation<\/li>\n<li class=\"li1\">Granulate aus Masterbatch und Compound<\/li>\n<li class=\"li1\">Schmelzklebstoffe<\/li>\n<\/ul>\n<p>[\/vc_column_text][vc_empty_space height=&#8220;1em&#8220;][vc_row_inner][vc_column_inner width=&#8220;2\/3&#8243;]<div class=\"\"><div class=\"cz_45502_p\"><a id=\"cz_45502\" class=\"cz_45502 cz_btn cz_btn_txt_no_fx cz_btn_no_fx cz_btn_icon_after cz_mobile_btn_center\" href=\"https:\/\/www.bdplast.com\/wp-content\/uploads\/2022\/10\/BDOX2_Scheda_tecnica_DE.pdf\" target=\"_blank\"><span><strong>TECHNISCHES DATENBLATT HERUNTERLADEN<\/strong><i class=\"fa czico-194-download\"><\/i><\/span><b class=\"cz_btn_onhover\"><strong>TECHNISCHES DATENBLATT HERUNTERLADEN<\/strong><i class=\"fa czico-194-download\"><\/i><\/b><\/a><\/div><\/div>[\/vc_column_inner][vc_column_inner width=&#8220;1\/3&#8243;]<div class=\"\"><div class=\"cz_106070_p\"><a id=\"cz_106070\" class=\"cz_106070 cz_btn cz_btn_txt_no_fx cz_btn_no_fx cz_btn_icon_after cz_mobile_btn_center\" href=\"https:\/\/www.youtube.com\/watch?v=w6-UKpgXxew\" rel=\"nofollow\" target=\"_blank\"><span><strong>REINIGUNG SIEBPLATTE<\/strong><i class=\"fa czico-015-play\"><\/i><\/span><b class=\"cz_btn_onhover\"><strong>REINIGUNG SIEBPLATTE<\/strong><i class=\"fa czico-015-play\"><\/i><\/b><\/a><\/div><\/div>[\/vc_column_inner][\/vc_row_inner][\/vc_column][\/vc_row]<\/p>\n<\/div>","protected":false},"excerpt":{"rendered":"<p>[vc_row full_width=&#8220;stretch_row&#8220; css=&#8220;.vc_custom_1617270853895{background-image: url(https:\/\/www.bdplast.com\/wp-content\/uploads\/2021\/04\/cambiafiltri_flusso_continuo_continuous_flow_screen_changers_BDOx2_cover.jpg?id=14477) !important;background-position: center !important;background-repeat: no-repeat !important;background-size: cover !important;}&#8220; &#8230; <\/p>\n","protected":false},"author":1,"featured_media":0,"parent":0,"menu_order":0,"comment_status":"closed","ping_status":"closed","template":"","meta":{"footnotes":"","_links_to":"","_links_to_target":""},"class_list":["post-15294","page","type-page","status-publish","hentry"],"yoast_head":"<!-- This site is optimized with the Yoast SEO plugin v26.8 - https:\/\/yoast.com\/product\/yoast-seo-wordpress\/ -->\n<title>Durchlaufsiebwechsler BDO x 2 - BD Plast<\/title>\n<meta name=\"description\" content=\"Mit den innovativen BDO x 2-Durchlaufsiebwechslern wird die Komplexit\u00e4t der Auslegung auf ein Minimum reduziert und die Qualit\u00e4t der Materialien garantiert.\" \/>\n<meta name=\"robots\" content=\"index, follow, max-snippet:-1, max-image-preview:large, max-video-preview:-1\" \/>\n<link rel=\"canonical\" href=\"https:\/\/www.bdplast.com\/cambiafiltri-oleodinamici-bdox2\/\" \/>\n<meta property=\"og:locale\" content=\"de_DE\" \/>\n<meta property=\"og:type\" content=\"article\" \/>\n<meta property=\"og:title\" content=\"Durchlaufsiebwechsler BDO x 2 - BD Plast\" \/>\n<meta property=\"og:description\" content=\"Mit den innovativen BDO x 2-Durchlaufsiebwechslern wird die Komplexit\u00e4t der Auslegung auf ein Minimum reduziert und die Qualit\u00e4t der Materialien garantiert.\" \/>\n<meta property=\"og:url\" content=\"https:\/\/www.bdplast.com\/cambiafiltri-oleodinamici-bdox2\/\" \/>\n<meta property=\"og:site_name\" content=\"BD Plast\" \/>\n<meta property=\"article:modified_time\" content=\"2022-10-06T09:46:38+00:00\" \/>\n<meta name=\"twitter:card\" content=\"summary_large_image\" \/>\n<meta name=\"twitter:label1\" content=\"Gesch\u00e4tzte Lesezeit\" \/>\n\t<meta name=\"twitter:data1\" content=\"2\u00a0Minuten\" \/>\n<script type=\"application\/ld+json\" class=\"yoast-schema-graph\">{\"@context\":\"https:\/\/schema.org\",\"@graph\":[{\"@type\":\"WebPage\",\"@id\":\"https:\/\/www.bdplast.com\/cambiafiltri-oleodinamici-bdox2\/\",\"url\":\"https:\/\/www.bdplast.com\/cambiafiltri-oleodinamici-bdox2\/\",\"name\":\"Durchlaufsiebwechsler BDO x 2 - BD Plast\",\"isPartOf\":{\"@id\":\"https:\/\/www.bdplast.com\/#website\"},\"datePublished\":\"2021-03-29T14:41:15+00:00\",\"dateModified\":\"2022-10-06T09:46:38+00:00\",\"description\":\"Mit den innovativen BDO x 2-Durchlaufsiebwechslern wird die Komplexit\u00e4t der Auslegung auf ein Minimum reduziert und die Qualit\u00e4t der Materialien garantiert.\",\"breadcrumb\":{\"@id\":\"https:\/\/www.bdplast.com\/cambiafiltri-oleodinamici-bdox2\/#breadcrumb\"},\"inLanguage\":\"de\",\"potentialAction\":[{\"@type\":\"ReadAction\",\"target\":[\"https:\/\/www.bdplast.com\/cambiafiltri-oleodinamici-bdox2\/\"]}]},{\"@type\":\"BreadcrumbList\",\"@id\":\"https:\/\/www.bdplast.com\/cambiafiltri-oleodinamici-bdox2\/#breadcrumb\",\"itemListElement\":[{\"@type\":\"ListItem\",\"position\":1,\"name\":\"Home\",\"item\":\"https:\/\/www.bdplast.com\/de\/\"},{\"@type\":\"ListItem\",\"position\":2,\"name\":\"Durchlaufsiebwechsler BDO x 2\"}]},{\"@type\":\"WebSite\",\"@id\":\"https:\/\/www.bdplast.com\/#website\",\"url\":\"https:\/\/www.bdplast.com\/\",\"name\":\"BD Plast\",\"description\":\"Sistemi di filtrazione, deviazione e convoglio polimeri\",\"publisher\":{\"@id\":\"https:\/\/www.bdplast.com\/#organization\"},\"potentialAction\":[{\"@type\":\"SearchAction\",\"target\":{\"@type\":\"EntryPoint\",\"urlTemplate\":\"https:\/\/www.bdplast.com\/?s={search_term_string}\"},\"query-input\":{\"@type\":\"PropertyValueSpecification\",\"valueRequired\":true,\"valueName\":\"search_term_string\"}}],\"inLanguage\":\"de\"},{\"@type\":\"Organization\",\"@id\":\"https:\/\/www.bdplast.com\/#organization\",\"name\":\"BD Plast\",\"url\":\"https:\/\/www.bdplast.com\/\",\"logo\":{\"@type\":\"ImageObject\",\"inLanguage\":\"de\",\"@id\":\"https:\/\/www.bdplast.com\/#\/schema\/logo\/image\/\",\"url\":\"https:\/\/www.bdplast.com\/wp-content\/uploads\/2025\/06\/bdplast-logo-yoast.jpg\",\"contentUrl\":\"https:\/\/www.bdplast.com\/wp-content\/uploads\/2025\/06\/bdplast-logo-yoast.jpg\",\"width\":1200,\"height\":628,\"caption\":\"BD Plast\"},\"image\":{\"@id\":\"https:\/\/www.bdplast.com\/#\/schema\/logo\/image\/\"},\"sameAs\":[\"https:\/\/www.youtube.com\/channel\/UCd6hdte7tZc8CfN_W9KxYTA\",\"https:\/\/it.linkedin.com\/company\/bd-plast-filtering-systems-srl\"]}]}<\/script>\n<!-- \/ Yoast SEO plugin. -->","yoast_head_json":{"title":"Durchlaufsiebwechsler BDO x 2 - BD Plast","description":"Mit den innovativen BDO x 2-Durchlaufsiebwechslern wird die Komplexit\u00e4t der Auslegung auf ein Minimum reduziert und die Qualit\u00e4t der Materialien garantiert.","robots":{"index":"index","follow":"follow","max-snippet":"max-snippet:-1","max-image-preview":"max-image-preview:large","max-video-preview":"max-video-preview:-1"},"canonical":"https:\/\/www.bdplast.com\/cambiafiltri-oleodinamici-bdox2\/","og_locale":"de_DE","og_type":"article","og_title":"Durchlaufsiebwechsler BDO x 2 - BD Plast","og_description":"Mit den innovativen BDO x 2-Durchlaufsiebwechslern wird die Komplexit\u00e4t der Auslegung auf ein Minimum reduziert und die Qualit\u00e4t der Materialien garantiert.","og_url":"https:\/\/www.bdplast.com\/cambiafiltri-oleodinamici-bdox2\/","og_site_name":"BD Plast","article_modified_time":"2022-10-06T09:46:38+00:00","twitter_card":"summary_large_image","twitter_misc":{"Gesch\u00e4tzte Lesezeit":"2\u00a0Minuten"},"schema":{"@context":"https:\/\/schema.org","@graph":[{"@type":"WebPage","@id":"https:\/\/www.bdplast.com\/cambiafiltri-oleodinamici-bdox2\/","url":"https:\/\/www.bdplast.com\/cambiafiltri-oleodinamici-bdox2\/","name":"Durchlaufsiebwechsler BDO x 2 - BD Plast","isPartOf":{"@id":"https:\/\/www.bdplast.com\/#website"},"datePublished":"2021-03-29T14:41:15+00:00","dateModified":"2022-10-06T09:46:38+00:00","description":"Mit den innovativen BDO x 2-Durchlaufsiebwechslern wird die Komplexit\u00e4t der Auslegung auf ein Minimum reduziert und die Qualit\u00e4t der Materialien garantiert.","breadcrumb":{"@id":"https:\/\/www.bdplast.com\/cambiafiltri-oleodinamici-bdox2\/#breadcrumb"},"inLanguage":"de","potentialAction":[{"@type":"ReadAction","target":["https:\/\/www.bdplast.com\/cambiafiltri-oleodinamici-bdox2\/"]}]},{"@type":"BreadcrumbList","@id":"https:\/\/www.bdplast.com\/cambiafiltri-oleodinamici-bdox2\/#breadcrumb","itemListElement":[{"@type":"ListItem","position":1,"name":"Home","item":"https:\/\/www.bdplast.com\/de\/"},{"@type":"ListItem","position":2,"name":"Durchlaufsiebwechsler BDO x 2"}]},{"@type":"WebSite","@id":"https:\/\/www.bdplast.com\/#website","url":"https:\/\/www.bdplast.com\/","name":"BD Plast","description":"Sistemi di filtrazione, deviazione e convoglio polimeri","publisher":{"@id":"https:\/\/www.bdplast.com\/#organization"},"potentialAction":[{"@type":"SearchAction","target":{"@type":"EntryPoint","urlTemplate":"https:\/\/www.bdplast.com\/?s={search_term_string}"},"query-input":{"@type":"PropertyValueSpecification","valueRequired":true,"valueName":"search_term_string"}}],"inLanguage":"de"},{"@type":"Organization","@id":"https:\/\/www.bdplast.com\/#organization","name":"BD Plast","url":"https:\/\/www.bdplast.com\/","logo":{"@type":"ImageObject","inLanguage":"de","@id":"https:\/\/www.bdplast.com\/#\/schema\/logo\/image\/","url":"https:\/\/www.bdplast.com\/wp-content\/uploads\/2025\/06\/bdplast-logo-yoast.jpg","contentUrl":"https:\/\/www.bdplast.com\/wp-content\/uploads\/2025\/06\/bdplast-logo-yoast.jpg","width":1200,"height":628,"caption":"BD Plast"},"image":{"@id":"https:\/\/www.bdplast.com\/#\/schema\/logo\/image\/"},"sameAs":["https:\/\/www.youtube.com\/channel\/UCd6hdte7tZc8CfN_W9KxYTA","https:\/\/it.linkedin.com\/company\/bd-plast-filtering-systems-srl"]}]}},"rttpg_featured_image_url":null,"rttpg_author":{"display_name":"studiochiesa","author_link":"https:\/\/www.bdplast.com\/de\/author\/studiochiesa\/"},"rttpg_comment":0,"rttpg_category":" <a href=\"https:\/\/www.bdplast.com\/de\/?taxonomy=translation_priority&#038;term=optional-de\" rel=\"tag\">Optional<\/a>","rttpg_excerpt":"[vc_row full_width=&#8220;stretch_row&#8220; css=&#8220;.vc_custom_1617270853895{background-image: url(https:\/\/www.bdplast.com\/wp-content\/uploads\/2021\/04\/cambiafiltri_flusso_continuo_continuous_flow_screen_changers_BDOx2_cover.jpg?id=14477) !important;background-position: center !important;background-repeat: no-repeat !important;background-size: cover !important;}&#8220; ...","_links":{"self":[{"href":"https:\/\/www.bdplast.com\/de\/wp-json\/wp\/v2\/pages\/15294","targetHints":{"allow":["GET"]}}],"collection":[{"href":"https:\/\/www.bdplast.com\/de\/wp-json\/wp\/v2\/pages"}],"about":[{"href":"https:\/\/www.bdplast.com\/de\/wp-json\/wp\/v2\/types\/page"}],"author":[{"embeddable":true,"href":"https:\/\/www.bdplast.com\/de\/wp-json\/wp\/v2\/users\/1"}],"replies":[{"embeddable":true,"href":"https:\/\/www.bdplast.com\/de\/wp-json\/wp\/v2\/comments?post=15294"}],"version-history":[{"count":5,"href":"https:\/\/www.bdplast.com\/de\/wp-json\/wp\/v2\/pages\/15294\/revisions"}],"predecessor-version":[{"id":18638,"href":"https:\/\/www.bdplast.com\/de\/wp-json\/wp\/v2\/pages\/15294\/revisions\/18638"}],"wp:attachment":[{"href":"https:\/\/www.bdplast.com\/de\/wp-json\/wp\/v2\/media?parent=15294"}],"curies":[{"name":"wp","href":"https:\/\/api.w.org\/{rel}","templated":true}]}}