{"id":15311,"date":"2021-03-29T16:19:33","date_gmt":"2021-03-29T14:19:33","guid":{"rendered":"https:\/\/www.bdplast.com\/adattatori-curve-e-colli-di-estrusione-bdmp\/"},"modified":"2022-06-16T14:27:25","modified_gmt":"2022-06-16T12:27:25","slug":"mischer-adapter-winkelstuecke-und-schmelzrohre-statische-mischer-strangduesen-und-umlenkventile","status":"publish","type":"page","link":"https:\/\/www.bdplast.com\/de\/mischer-adapter-winkelstuecke-und-schmelzrohre-statische-mischer-strangduesen-und-umlenkventile\/","title":{"rendered":"Mischer, Adapter, Winkelst\u00fccke und Schmelzrohre, statische Mischer, Strangd\u00fcsen und Umlenkventile"},"content":{"rendered":"<div class=\"wpb-content-wrapper\"><p>[vc_row full_width=&#8220;stretch_row&#8220; css=&#8220;.vc_custom_1617027570495{background-image: url(https:\/\/www.bdplast.com\/wp-content\/uploads\/2021\/03\/componenti_per_estrusione_extrusion_components_BDMP_cover.jpg?id=14268) !important;background-position: center !important;background-repeat: no-repeat !important;background-size: cover !important;}&#8220; el_class=&#8220;white_text&#8220; el_id=&#8220;head_prodotto&#8220;][vc_column][\/vc_column][\/vc_row][vc_row full_width=&#8220;stretch_row&#8220; css=&#8220;.vc_custom_1616665112965{padding-top: 2em !important;padding-bottom: 2em !important;background-color: #ec6608 !important;}&#8220; el_class=&#8220;white_text&#8220;][vc_column][vc_row_inner equal_height=&#8220;yes&#8220; content_placement=&#8220;middle&#8220;][vc_column_inner][vc_column_text]<\/p>\n<h1>Mischer, Adapter, Winkelst\u00fccke und Schmelzrohre, statische Mischer, Strangd\u00fcsen und Umlenkventile<\/h1>\n<p>[\/vc_column_text][\/vc_column_inner][\/vc_row_inner][\/vc_column][\/vc_row][vc_row css=&#8220;.vc_custom_1616673282130{padding-top: 4em !important;padding-bottom: 4em !important;}&#8220; el_id=&#8220;scheda_prodotto_intro&#8220;][vc_column][vc_column_text]<\/p>\n<h2>Die ideale und innovative Verbindung zwischen Siebwechslern und Extrusionsk\u00f6pfen.<\/h2>\n<p>[\/vc_column_text][vc_column_text]Mit der Aufnahme von Winkelst\u00fccken und Schmelzrohren neben unseren Siebwechslern in das Sortiment, haben wir als erste ein kundenspezifisches Produkt auf den Markt gebracht, das jedoch auf einer innovativen Standardisierungslogik basiert.<br \/>\nInsbesondere k\u00f6nnen wir auch sehr komplexe Projekte der Anbindung von Extrudern, Siebwechslern und K\u00f6pfen mit den neuesten Entwicklungs- und Produktionstechnologien in einer virtuellen 3D-CAD-CAM + -Bearbeitungsumgebung durchf\u00fchren.<br \/>\nAuf diese Weise k\u00f6nnen wir Herstellern von Extrusionslinien ein schl\u00fcsselfertiges Produkt von h\u00f6chster Qualit\u00e4t liefern.<br \/>\nUnser Sortiment reicht von \u00d8 10 mm Schmelzefl\u00fcsse f\u00fcr Laboranlagen bis zu \u00d8 90 mm f\u00fcr sehr hohe Produktionsmengen.<br \/>\nDie einteilig als auch zweiteilig verf\u00fcgbaren Winkelst\u00fccke von 30\u00b0, 45\u00b0, 60\u00b0 75\u00b0, 90\u00b0 und 105\u00b0 erm\u00f6glichen die Erf\u00fcllung unterschiedlichster Anforderungen.<br \/>\nKabelkan\u00e4le und W\u00e4rmed\u00e4mmgitter vervollst\u00e4ndigen die Anordnung dieser Komponenten f\u00fcr einen optimalen Einsatz in moderne Extrusionslinien.[\/vc_column_text][\/vc_column][\/vc_row][vc_row full_width=&#8220;stretch_row&#8220; el_class=&#8220;white_text&#8220; el_id=&#8220;slider&#8220; css=&#8220;.vc_custom_1616679219141{padding-top: 4em !important;padding-bottom: 4em !important;background-color: #e9e7dd !important;background-position: center !important;background-repeat: no-repeat !important;background-size: cover !important;}&#8220;][vc_column]<div\n  id=\"vckit-image-slider-631632014\"\n  class=\"vckit-image-slider  \"\n  data-vckit-carousel='{\"arrows\":true,\"dots\":false,\"fade\":true,\"infinite\":true,\"arrow_style\":\"circle\",\"autoplay\":\"yes\",\"autoplay_speed\":3000,\"pause_on_hover\":\"yes\",\"speed\":300,\"md\":1,\"sm\":1,\"xs\":1,\"slides_to_scroll\":1}' data-gutter=\"0\">\n      <div class=\"vckit-image-slider__element\">\n            <img decoding=\"async\" src=\"https:\/\/www.bdplast.com\/wp-content\/uploads\/2021\/04\/componenti_per_estrusione_extrusion_components_BDMP_gallery_7.jpg\">\n          <\/div>\n      <div class=\"vckit-image-slider__element\">\n            <img decoding=\"async\" src=\"https:\/\/www.bdplast.com\/wp-content\/uploads\/2021\/04\/componenti_per_estrusione_extrusion_components_BDMP_gallery_2.jpg\">\n          <\/div>\n      <div class=\"vckit-image-slider__element\">\n            <img decoding=\"async\" src=\"https:\/\/www.bdplast.com\/wp-content\/uploads\/2021\/04\/componenti_per_estrusione_extrusion_components_BDMP_gallery_1.jpg\">\n          <\/div>\n      <div class=\"vckit-image-slider__element\">\n            <img decoding=\"async\" src=\"https:\/\/www.bdplast.com\/wp-content\/uploads\/2021\/04\/componenti_per_estrusione_extrusion_components_BDMP_gallery_3.jpg\">\n          <\/div>\n      <div class=\"vckit-image-slider__element\">\n            <img decoding=\"async\" src=\"https:\/\/www.bdplast.com\/wp-content\/uploads\/2021\/04\/componenti_per_estrusione_extrusion_components_BDMP_gallery_4.jpg\">\n          <\/div>\n      <div class=\"vckit-image-slider__element\">\n            <img decoding=\"async\" src=\"https:\/\/www.bdplast.com\/wp-content\/uploads\/2021\/04\/componenti_per_estrusione_extrusion_components_BDMP_gallery_5.jpg\">\n          <\/div>\n      <div class=\"vckit-image-slider__element\">\n            <img decoding=\"async\" src=\"https:\/\/www.bdplast.com\/wp-content\/uploads\/2021\/04\/componenti_per_estrusione_extrusion_components_BDMP_gallery_6.jpg\">\n          <\/div>\n  <\/div>\n<style type=\"text\/css\"><\/style>\n[\/vc_column][\/vc_row][vc_row full_width=&#8220;stretch_row&#8220; equal_height=&#8220;yes&#8220; content_placement=&#8220;middle&#8220; el_id=&#8220;scheda_prodotto&#8220; css=&#8220;.vc_custom_1616752804985{padding-top: 4em !important;padding-bottom: 4em !important;background-color: #475b5a !important;}&#8220;][vc_column width=&#8220;1\/2&#8243;][vc_single_image image=&#8220;14848&#8243; img_size=&#8220;full&#8220;][\/vc_column][vc_column width=&#8220;1\/2&#8243;][vc_column_text]<\/p>\n<div class=\"indicatiper\">\n<p><strong>GEEIGNET F\u00dcR DIE HERSTELLUNG VON<br \/>\n<\/strong><\/p>\n<ul class=\"ul1\">\n<li class=\"li1\">Polymerisations- und Extrusionsverfahren<\/li>\n<\/ul>\n<\/div>\n<p>[\/vc_column_text][vc_empty_space height=&#8220;1em&#8220;][vc_row_inner][vc_column_inner width=&#8220;2\/3&#8243;]<div class=\"\"><div class=\"cz_81876_p\"><a id=\"cz_81876\" class=\"cz_81876 cz_btn cz_btn_txt_no_fx cz_btn_no_fx cz_btn_icon_after cz_mobile_btn_center\" href=\"https:\/\/www.bdplast.com\/wp-content\/uploads\/2021\/03\/BDMP_IT.pdf\" target=\"_blank\"><span><strong>TECHNISCHES DATENBLATT HERUNTERLADEN<\/strong><i class=\"fa czico-194-download\"><\/i><\/span><b class=\"cz_btn_onhover\"><strong>TECHNISCHES DATENBLATT HERUNTERLADEN<\/strong><i class=\"fa czico-194-download\"><\/i><\/b><\/a><\/div><\/div>[\/vc_column_inner][vc_column_inner width=&#8220;1\/3&#8243;]<div class=\"\"><div class=\"cz_73163_p\"><a id=\"cz_73163\" class=\"cz_73163 cz_btn cz_btn_txt_no_fx cz_btn_no_fx cz_btn_icon_after cz_mobile_btn_center\" href=\"https:\/\/www.youtube.com\/watch?v=w6-UKpgXxew\" rel=\"nofollow\" target=\"_blank\"><span><strong>REINIGUNG SIEBPLATTE<\/strong><i class=\"fa czico-015-play\"><\/i><\/span><b class=\"cz_btn_onhover\"><strong>REINIGUNG SIEBPLATTE<\/strong><i class=\"fa czico-015-play\"><\/i><\/b><\/a><\/div><\/div>[\/vc_column_inner][\/vc_row_inner][\/vc_column][\/vc_row]<\/p>\n<\/div>","protected":false},"excerpt":{"rendered":"<p>[vc_row full_width=&#8220;stretch_row&#8220; css=&#8220;.vc_custom_1617027570495{background-image: url(https:\/\/www.bdplast.com\/wp-content\/uploads\/2021\/03\/componenti_per_estrusione_extrusion_components_BDMP_cover.jpg?id=14268) !important;background-position: center !important;background-repeat: no-repeat !important;background-size: cover !important;}&#8220; &#8230; <\/p>\n","protected":false},"author":1,"featured_media":0,"parent":0,"menu_order":0,"comment_status":"closed","ping_status":"closed","template":"","meta":{"footnotes":"","_links_to":"","_links_to_target":""},"class_list":["post-15311","page","type-page","status-publish","hentry"],"yoast_head":"<!-- This site is optimized with the Yoast SEO plugin v26.8 - https:\/\/yoast.com\/product\/yoast-seo-wordpress\/ -->\n<title>Mischer, Adapter, Winkelst\u00fccke und Schmelzrohre, statische Mischer, Strangd\u00fcsen und Umlenkventile - BD Plast<\/title>\n<meta name=\"description\" content=\"Mit der Aufnahme von Winkelst\u00fccken und Schmelzrohren neben unseren Siebwechslern in das Sortiment, haben wir als erste ein kundenspezifisches Produkt auf den Markt gebracht, das jedoch auf einer innovativen Standardisierungslogik basiert.\" \/>\n<meta name=\"robots\" content=\"index, follow, max-snippet:-1, max-image-preview:large, max-video-preview:-1\" \/>\n<link rel=\"canonical\" href=\"https:\/\/www.bdplast.com\/adattatori-curve-e-colli-di-estrusione-bdmp\/\" \/>\n<meta property=\"og:locale\" content=\"de_DE\" \/>\n<meta property=\"og:type\" content=\"article\" \/>\n<meta property=\"og:title\" content=\"Mischer, Adapter, Winkelst\u00fccke und Schmelzrohre, statische Mischer, Strangd\u00fcsen und Umlenkventile - BD Plast\" \/>\n<meta property=\"og:description\" content=\"Mit der Aufnahme von Winkelst\u00fccken und Schmelzrohren neben unseren Siebwechslern in das Sortiment, haben wir als erste ein kundenspezifisches Produkt auf den Markt gebracht, das jedoch auf einer innovativen Standardisierungslogik basiert.\" \/>\n<meta property=\"og:url\" content=\"https:\/\/www.bdplast.com\/adattatori-curve-e-colli-di-estrusione-bdmp\/\" \/>\n<meta property=\"og:site_name\" content=\"BD Plast\" \/>\n<meta property=\"article:modified_time\" content=\"2022-06-16T12:27:25+00:00\" \/>\n<meta name=\"twitter:card\" content=\"summary_large_image\" \/>\n<meta name=\"twitter:label1\" content=\"Gesch\u00e4tzte Lesezeit\" \/>\n\t<meta name=\"twitter:data1\" content=\"2\u00a0Minuten\" \/>\n<script type=\"application\/ld+json\" class=\"yoast-schema-graph\">{\"@context\":\"https:\/\/schema.org\",\"@graph\":[{\"@type\":\"WebPage\",\"@id\":\"https:\/\/www.bdplast.com\/adattatori-curve-e-colli-di-estrusione-bdmp\/\",\"url\":\"https:\/\/www.bdplast.com\/adattatori-curve-e-colli-di-estrusione-bdmp\/\",\"name\":\"Mischer, Adapter, Winkelst\u00fccke und Schmelzrohre, statische Mischer, Strangd\u00fcsen und Umlenkventile - BD Plast\",\"isPartOf\":{\"@id\":\"https:\/\/www.bdplast.com\/#website\"},\"datePublished\":\"2021-03-29T14:19:33+00:00\",\"dateModified\":\"2022-06-16T12:27:25+00:00\",\"description\":\"Mit der Aufnahme von Winkelst\u00fccken und Schmelzrohren neben unseren Siebwechslern in das Sortiment, haben wir als erste ein kundenspezifisches Produkt auf den Markt gebracht, das jedoch auf einer innovativen Standardisierungslogik basiert.\",\"breadcrumb\":{\"@id\":\"https:\/\/www.bdplast.com\/adattatori-curve-e-colli-di-estrusione-bdmp\/#breadcrumb\"},\"inLanguage\":\"de\",\"potentialAction\":[{\"@type\":\"ReadAction\",\"target\":[\"https:\/\/www.bdplast.com\/adattatori-curve-e-colli-di-estrusione-bdmp\/\"]}]},{\"@type\":\"BreadcrumbList\",\"@id\":\"https:\/\/www.bdplast.com\/adattatori-curve-e-colli-di-estrusione-bdmp\/#breadcrumb\",\"itemListElement\":[{\"@type\":\"ListItem\",\"position\":1,\"name\":\"Home\",\"item\":\"https:\/\/www.bdplast.com\/de\/\"},{\"@type\":\"ListItem\",\"position\":2,\"name\":\"Mischer, Adapter, Winkelst\u00fccke und Schmelzrohre, statische Mischer, Strangd\u00fcsen und Umlenkventile\"}]},{\"@type\":\"WebSite\",\"@id\":\"https:\/\/www.bdplast.com\/#website\",\"url\":\"https:\/\/www.bdplast.com\/\",\"name\":\"BD Plast\",\"description\":\"Sistemi di filtrazione, deviazione e convoglio polimeri\",\"publisher\":{\"@id\":\"https:\/\/www.bdplast.com\/#organization\"},\"potentialAction\":[{\"@type\":\"SearchAction\",\"target\":{\"@type\":\"EntryPoint\",\"urlTemplate\":\"https:\/\/www.bdplast.com\/?s={search_term_string}\"},\"query-input\":{\"@type\":\"PropertyValueSpecification\",\"valueRequired\":true,\"valueName\":\"search_term_string\"}}],\"inLanguage\":\"de\"},{\"@type\":\"Organization\",\"@id\":\"https:\/\/www.bdplast.com\/#organization\",\"name\":\"BD Plast\",\"url\":\"https:\/\/www.bdplast.com\/\",\"logo\":{\"@type\":\"ImageObject\",\"inLanguage\":\"de\",\"@id\":\"https:\/\/www.bdplast.com\/#\/schema\/logo\/image\/\",\"url\":\"https:\/\/www.bdplast.com\/wp-content\/uploads\/2025\/06\/bdplast-logo-yoast.jpg\",\"contentUrl\":\"https:\/\/www.bdplast.com\/wp-content\/uploads\/2025\/06\/bdplast-logo-yoast.jpg\",\"width\":1200,\"height\":628,\"caption\":\"BD Plast\"},\"image\":{\"@id\":\"https:\/\/www.bdplast.com\/#\/schema\/logo\/image\/\"},\"sameAs\":[\"https:\/\/www.youtube.com\/channel\/UCd6hdte7tZc8CfN_W9KxYTA\",\"https:\/\/it.linkedin.com\/company\/bd-plast-filtering-systems-srl\"]}]}<\/script>\n<!-- \/ Yoast SEO plugin. -->","yoast_head_json":{"title":"Mischer, Adapter, Winkelst\u00fccke und Schmelzrohre, statische Mischer, Strangd\u00fcsen und Umlenkventile - BD Plast","description":"Mit der Aufnahme von Winkelst\u00fccken und Schmelzrohren neben unseren Siebwechslern in das Sortiment, haben wir als erste ein kundenspezifisches Produkt auf den Markt gebracht, das jedoch auf einer innovativen Standardisierungslogik basiert.","robots":{"index":"index","follow":"follow","max-snippet":"max-snippet:-1","max-image-preview":"max-image-preview:large","max-video-preview":"max-video-preview:-1"},"canonical":"https:\/\/www.bdplast.com\/adattatori-curve-e-colli-di-estrusione-bdmp\/","og_locale":"de_DE","og_type":"article","og_title":"Mischer, Adapter, Winkelst\u00fccke und Schmelzrohre, statische Mischer, Strangd\u00fcsen und Umlenkventile - BD Plast","og_description":"Mit der Aufnahme von Winkelst\u00fccken und Schmelzrohren neben unseren Siebwechslern in das Sortiment, haben wir als erste ein kundenspezifisches Produkt auf den Markt gebracht, das jedoch auf einer innovativen Standardisierungslogik basiert.","og_url":"https:\/\/www.bdplast.com\/adattatori-curve-e-colli-di-estrusione-bdmp\/","og_site_name":"BD Plast","article_modified_time":"2022-06-16T12:27:25+00:00","twitter_card":"summary_large_image","twitter_misc":{"Gesch\u00e4tzte Lesezeit":"2\u00a0Minuten"},"schema":{"@context":"https:\/\/schema.org","@graph":[{"@type":"WebPage","@id":"https:\/\/www.bdplast.com\/adattatori-curve-e-colli-di-estrusione-bdmp\/","url":"https:\/\/www.bdplast.com\/adattatori-curve-e-colli-di-estrusione-bdmp\/","name":"Mischer, Adapter, Winkelst\u00fccke und Schmelzrohre, statische Mischer, Strangd\u00fcsen und Umlenkventile - BD Plast","isPartOf":{"@id":"https:\/\/www.bdplast.com\/#website"},"datePublished":"2021-03-29T14:19:33+00:00","dateModified":"2022-06-16T12:27:25+00:00","description":"Mit der Aufnahme von Winkelst\u00fccken und Schmelzrohren neben unseren Siebwechslern in das Sortiment, haben wir als erste ein kundenspezifisches Produkt auf den Markt gebracht, das jedoch auf einer innovativen Standardisierungslogik basiert.","breadcrumb":{"@id":"https:\/\/www.bdplast.com\/adattatori-curve-e-colli-di-estrusione-bdmp\/#breadcrumb"},"inLanguage":"de","potentialAction":[{"@type":"ReadAction","target":["https:\/\/www.bdplast.com\/adattatori-curve-e-colli-di-estrusione-bdmp\/"]}]},{"@type":"BreadcrumbList","@id":"https:\/\/www.bdplast.com\/adattatori-curve-e-colli-di-estrusione-bdmp\/#breadcrumb","itemListElement":[{"@type":"ListItem","position":1,"name":"Home","item":"https:\/\/www.bdplast.com\/de\/"},{"@type":"ListItem","position":2,"name":"Mischer, Adapter, Winkelst\u00fccke und Schmelzrohre, statische Mischer, Strangd\u00fcsen und Umlenkventile"}]},{"@type":"WebSite","@id":"https:\/\/www.bdplast.com\/#website","url":"https:\/\/www.bdplast.com\/","name":"BD Plast","description":"Sistemi di filtrazione, deviazione e convoglio polimeri","publisher":{"@id":"https:\/\/www.bdplast.com\/#organization"},"potentialAction":[{"@type":"SearchAction","target":{"@type":"EntryPoint","urlTemplate":"https:\/\/www.bdplast.com\/?s={search_term_string}"},"query-input":{"@type":"PropertyValueSpecification","valueRequired":true,"valueName":"search_term_string"}}],"inLanguage":"de"},{"@type":"Organization","@id":"https:\/\/www.bdplast.com\/#organization","name":"BD Plast","url":"https:\/\/www.bdplast.com\/","logo":{"@type":"ImageObject","inLanguage":"de","@id":"https:\/\/www.bdplast.com\/#\/schema\/logo\/image\/","url":"https:\/\/www.bdplast.com\/wp-content\/uploads\/2025\/06\/bdplast-logo-yoast.jpg","contentUrl":"https:\/\/www.bdplast.com\/wp-content\/uploads\/2025\/06\/bdplast-logo-yoast.jpg","width":1200,"height":628,"caption":"BD Plast"},"image":{"@id":"https:\/\/www.bdplast.com\/#\/schema\/logo\/image\/"},"sameAs":["https:\/\/www.youtube.com\/channel\/UCd6hdte7tZc8CfN_W9KxYTA","https:\/\/it.linkedin.com\/company\/bd-plast-filtering-systems-srl"]}]}},"rttpg_featured_image_url":null,"rttpg_author":{"display_name":"studiochiesa","author_link":"https:\/\/www.bdplast.com\/de\/author\/studiochiesa\/"},"rttpg_comment":0,"rttpg_category":" <a href=\"https:\/\/www.bdplast.com\/de\/?taxonomy=translation_priority&#038;term=optional-de\" rel=\"tag\">Optional<\/a>","rttpg_excerpt":"[vc_row full_width=&#8220;stretch_row&#8220; css=&#8220;.vc_custom_1617027570495{background-image: url(https:\/\/www.bdplast.com\/wp-content\/uploads\/2021\/03\/componenti_per_estrusione_extrusion_components_BDMP_cover.jpg?id=14268) !important;background-position: center !important;background-repeat: no-repeat !important;background-size: cover !important;}&#8220; ...","_links":{"self":[{"href":"https:\/\/www.bdplast.com\/de\/wp-json\/wp\/v2\/pages\/15311","targetHints":{"allow":["GET"]}}],"collection":[{"href":"https:\/\/www.bdplast.com\/de\/wp-json\/wp\/v2\/pages"}],"about":[{"href":"https:\/\/www.bdplast.com\/de\/wp-json\/wp\/v2\/types\/page"}],"author":[{"embeddable":true,"href":"https:\/\/www.bdplast.com\/de\/wp-json\/wp\/v2\/users\/1"}],"replies":[{"embeddable":true,"href":"https:\/\/www.bdplast.com\/de\/wp-json\/wp\/v2\/comments?post=15311"}],"version-history":[{"count":5,"href":"https:\/\/www.bdplast.com\/de\/wp-json\/wp\/v2\/pages\/15311\/revisions"}],"predecessor-version":[{"id":18425,"href":"https:\/\/www.bdplast.com\/de\/wp-json\/wp\/v2\/pages\/15311\/revisions\/18425"}],"wp:attachment":[{"href":"https:\/\/www.bdplast.com\/de\/wp-json\/wp\/v2\/media?parent=15311"}],"curies":[{"name":"wp","href":"https:\/\/api.w.org\/{rel}","templated":true}]}}