{"id":15336,"date":"2021-03-29T15:13:14","date_gmt":"2021-03-29T13:13:14","guid":{"rendered":"https:\/\/www.bdplast.com\/cambiafiltri-a-cartuccia-e-cricchetto-bdcg\/"},"modified":"2022-06-16T13:14:56","modified_gmt":"2022-06-16T11:14:56","slug":"kartuschen-und-bdcg-knarren-siebwechsler","status":"publish","type":"page","link":"https:\/\/www.bdplast.com\/de\/kartuschen-und-bdcg-knarren-siebwechsler\/","title":{"rendered":"Kartuschen- und BDCG-Knarren-Siebwechsler"},"content":{"rendered":"<div class=\"wpb-content-wrapper\"><p>[vc_row full_width=&#8220;stretch_row&#8220; css=&#8220;.vc_custom_1621590508944{background-image: url(https:\/\/www.bdplast.com\/wp-content\/uploads\/2021\/05\/cambiafiltri_manuali_manual_screen-changers_BDCG.jpg?id=16578) !important;background-position: center !important;background-repeat: no-repeat !important;background-size: cover !important;}&#8220; el_class=&#8220;white_text&#8220; el_id=&#8220;head_prodotto&#8220;][vc_column][\/vc_column][\/vc_row][vc_row full_width=&#8220;stretch_row&#8220; css=&#8220;.vc_custom_1616665112965{padding-top: 2em !important;padding-bottom: 2em !important;background-color: #ec6608 !important;}&#8220; el_class=&#8220;white_text&#8220;][vc_column][vc_row_inner equal_height=&#8220;yes&#8220; content_placement=&#8220;middle&#8220;][vc_column_inner][vc_column_text]<\/p>\n<h1>Kartuschen- und BDCG-Knarren-Siebwechsler<\/h1>\n<p>[\/vc_column_text][\/vc_column_inner][\/vc_row_inner][\/vc_column][\/vc_row][vc_row css=&#8220;.vc_custom_1616673282130{padding-top: 4em !important;padding-bottom: 4em !important;}&#8220; el_id=&#8220;scheda_prodotto_intro&#8220;][vc_column][vc_column_text]<\/p>\n<h2>Eine innovative Generation manueller Siebwechsler zur Minimierung von Produktions-\/Wartungszeiten und -kosten.<\/h2>\n<p>[\/vc_column_text][vc_column_text]Eine innovative Version des BDLG-Projekts mit Kartuschenfilterelementen, eine Revolution im normalen Ansatz f\u00fcr diesen Maschinentyp. Er ist kompakter als ein normaler statischer Kartuschenfilter und reduziert die Austauschzeiten und Ausfallkosten, wodurch die Wartung weniger anspruchsvoll wird. BDCG ist in den Gr\u00f6\u00dfen 60, 75 und 90 erh\u00e4ltlich und mit Extrudern von \u00d8 45 bis \u00d8 100 mm kompatibel. Es handelt sich um ein Siebwechslersystem, das mit zwei Filterkartuschen ausgestattet ist, die auf der Schieberplatte positioniert sind. Die Siebaustauschzeiten sind sehr kurz und Maschinenstillstandszeiten sind absolut akzeptabel.[\/vc_column_text][\/vc_column][\/vc_row][vc_row full_width=&#8220;stretch_row&#8220; el_class=&#8220;white_text&#8220; el_id=&#8220;slider&#8220; css=&#8220;.vc_custom_1616679219141{padding-top: 4em !important;padding-bottom: 4em !important;background-color: #e9e7dd !important;background-position: center !important;background-repeat: no-repeat !important;background-size: cover !important;}&#8220;][vc_column]<div\n  id=\"vckit-image-slider-107342001\"\n  class=\"vckit-image-slider  \"\n  data-vckit-carousel='{\"arrows\":true,\"dots\":false,\"fade\":true,\"infinite\":true,\"arrow_style\":\"circle\",\"autoplay\":\"yes\",\"autoplay_speed\":3000,\"pause_on_hover\":\"yes\",\"speed\":300,\"md\":1,\"sm\":1,\"xs\":1,\"slides_to_scroll\":1}' data-gutter=\"0\">\n      <div class=\"vckit-image-slider__element\">\n            <img decoding=\"async\" src=\"https:\/\/www.bdplast.com\/wp-content\/uploads\/2021\/05\/cambiafiltri_manuali_manual_screen_changers_BDCG_gallery_2.jpg\">\n          <\/div>\n      <div class=\"vckit-image-slider__element\">\n            <img decoding=\"async\" src=\"https:\/\/www.bdplast.com\/wp-content\/uploads\/2021\/05\/cambiafiltri_manuali_manual_screen_changers_BDCG_gallery_1.jpg\">\n          <\/div>\n  <\/div>\n<style type=\"text\/css\"><\/style>\n[\/vc_column][\/vc_row][vc_row full_width=&#8220;stretch_row&#8220; equal_height=&#8220;yes&#8220; content_placement=&#8220;middle&#8220; el_id=&#8220;scheda_prodotto&#8220; css=&#8220;.vc_custom_1616752804985{padding-top: 4em !important;padding-bottom: 4em !important;background-color: #475b5a !important;}&#8220;][vc_column width=&#8220;1\/2&#8243;][vc_single_image image=&#8220;16942&#8243; img_size=&#8220;full&#8220;][\/vc_column][vc_column width=&#8220;1\/2&#8243;][vc_column_text]<\/p>\n<div class=\"indicatiper\">\n<p><strong>GEEIGNET F\u00dcR DIE HERSTELLUNG VON <\/strong><\/p>\n<ul class=\"ul1\">\n<li class=\"li1\">Schlauch- oder Flachfolien<\/li>\n<li class=\"li1\">Rohre und Profile<\/li>\n<li class=\"li1\">Kabelummantelung<\/li>\n<\/ul>\n<\/div>\n<p>[\/vc_column_text][vc_empty_space height=&#8220;1em&#8220;][vc_row_inner][vc_column_inner width=&#8220;2\/3&#8243;]<div class=\"\"><div class=\"cz_53239_p\"><a id=\"cz_53239\" class=\"cz_53239 cz_btn cz_btn_txt_no_fx cz_btn_no_fx cz_btn_icon_after cz_mobile_btn_center\" href=\"#\" target=\"_blank\"><span><strong>TECHNISCHES DATENBLATT HERUNTERLADEN<\/strong><i class=\"fa czico-194-download\"><\/i><\/span><b class=\"cz_btn_onhover\"><strong>TECHNISCHES DATENBLATT HERUNTERLADEN<\/strong><i class=\"fa czico-194-download\"><\/i><\/b><\/a><\/div><\/div>[\/vc_column_inner][vc_column_inner width=&#8220;1\/3&#8243;]<div class=\"\"><div class=\"cz_33909_p\"><a id=\"cz_33909\" class=\"cz_33909 cz_btn cz_btn_txt_no_fx cz_btn_no_fx cz_btn_icon_after cz_mobile_btn_center\" href=\"https:\/\/www.youtube.com\/watch?v=w6-UKpgXxew\" rel=\"nofollow\" target=\"_blank\"><span><strong>REINIGUNG SIEBPLATTE<\/strong><i class=\"fa czico-015-play\"><\/i><\/span><b class=\"cz_btn_onhover\"><strong>REINIGUNG SIEBPLATTE<\/strong><i class=\"fa czico-015-play\"><\/i><\/b><\/a><\/div><\/div>[\/vc_column_inner][\/vc_row_inner][\/vc_column][\/vc_row]<\/p>\n<\/div>","protected":false},"excerpt":{"rendered":"<p>[vc_row full_width=&#8220;stretch_row&#8220; css=&#8220;.vc_custom_1621590508944{background-image: url(https:\/\/www.bdplast.com\/wp-content\/uploads\/2021\/05\/cambiafiltri_manuali_manual_screen-changers_BDCG.jpg?id=16578) !important;background-position: center !important;background-repeat: no-repeat !important;background-size: cover !important;}&#8220; &#8230; <\/p>\n","protected":false},"author":1,"featured_media":0,"parent":0,"menu_order":0,"comment_status":"closed","ping_status":"closed","template":"","meta":{"footnotes":"","_links_to":"","_links_to_target":""},"class_list":["post-15336","page","type-page","status-publish","hentry"],"yoast_head":"<!-- This site is optimized with the Yoast SEO plugin v26.8 - https:\/\/yoast.com\/product\/yoast-seo-wordpress\/ -->\n<title>Kartuschen- und BDCG-Knarren-Siebwechsler - BD Plast<\/title>\n<meta name=\"description\" content=\"Eine innovative Version des BDLG-Projekts mit Kartuschenfilterelementen, eine Revolution im normalen Ansatz f\u00fcr diesen Maschinentyp.\" \/>\n<meta name=\"robots\" content=\"index, follow, max-snippet:-1, max-image-preview:large, max-video-preview:-1\" \/>\n<link rel=\"canonical\" href=\"https:\/\/www.bdplast.com\/cambiafiltri-a-cartuccia-e-cricchetto-bdcg\/\" \/>\n<meta property=\"og:locale\" content=\"de_DE\" \/>\n<meta property=\"og:type\" content=\"article\" \/>\n<meta property=\"og:title\" content=\"Kartuschen- und BDCG-Knarren-Siebwechsler - BD Plast\" \/>\n<meta property=\"og:description\" content=\"Eine innovative Version des BDLG-Projekts mit Kartuschenfilterelementen, eine Revolution im normalen Ansatz f\u00fcr diesen Maschinentyp.\" \/>\n<meta property=\"og:url\" content=\"https:\/\/www.bdplast.com\/cambiafiltri-a-cartuccia-e-cricchetto-bdcg\/\" \/>\n<meta property=\"og:site_name\" content=\"BD Plast\" \/>\n<meta property=\"article:modified_time\" content=\"2022-06-16T11:14:56+00:00\" \/>\n<meta name=\"twitter:card\" content=\"summary_large_image\" \/>\n<meta name=\"twitter:label1\" content=\"Gesch\u00e4tzte Lesezeit\" \/>\n\t<meta name=\"twitter:data1\" content=\"1\u00a0Minute\" \/>\n<script type=\"application\/ld+json\" class=\"yoast-schema-graph\">{\"@context\":\"https:\/\/schema.org\",\"@graph\":[{\"@type\":\"WebPage\",\"@id\":\"https:\/\/www.bdplast.com\/cambiafiltri-a-cartuccia-e-cricchetto-bdcg\/\",\"url\":\"https:\/\/www.bdplast.com\/cambiafiltri-a-cartuccia-e-cricchetto-bdcg\/\",\"name\":\"Kartuschen- und BDCG-Knarren-Siebwechsler - BD Plast\",\"isPartOf\":{\"@id\":\"https:\/\/www.bdplast.com\/#website\"},\"datePublished\":\"2021-03-29T13:13:14+00:00\",\"dateModified\":\"2022-06-16T11:14:56+00:00\",\"description\":\"Eine innovative Version des BDLG-Projekts mit Kartuschenfilterelementen, eine Revolution im normalen Ansatz f\u00fcr diesen Maschinentyp.\",\"breadcrumb\":{\"@id\":\"https:\/\/www.bdplast.com\/cambiafiltri-a-cartuccia-e-cricchetto-bdcg\/#breadcrumb\"},\"inLanguage\":\"de\",\"potentialAction\":[{\"@type\":\"ReadAction\",\"target\":[\"https:\/\/www.bdplast.com\/cambiafiltri-a-cartuccia-e-cricchetto-bdcg\/\"]}]},{\"@type\":\"BreadcrumbList\",\"@id\":\"https:\/\/www.bdplast.com\/cambiafiltri-a-cartuccia-e-cricchetto-bdcg\/#breadcrumb\",\"itemListElement\":[{\"@type\":\"ListItem\",\"position\":1,\"name\":\"Home\",\"item\":\"https:\/\/www.bdplast.com\/de\/\"},{\"@type\":\"ListItem\",\"position\":2,\"name\":\"Kartuschen- und BDCG-Knarren-Siebwechsler\"}]},{\"@type\":\"WebSite\",\"@id\":\"https:\/\/www.bdplast.com\/#website\",\"url\":\"https:\/\/www.bdplast.com\/\",\"name\":\"BD Plast\",\"description\":\"Sistemi di filtrazione, deviazione e convoglio polimeri\",\"publisher\":{\"@id\":\"https:\/\/www.bdplast.com\/#organization\"},\"potentialAction\":[{\"@type\":\"SearchAction\",\"target\":{\"@type\":\"EntryPoint\",\"urlTemplate\":\"https:\/\/www.bdplast.com\/?s={search_term_string}\"},\"query-input\":{\"@type\":\"PropertyValueSpecification\",\"valueRequired\":true,\"valueName\":\"search_term_string\"}}],\"inLanguage\":\"de\"},{\"@type\":\"Organization\",\"@id\":\"https:\/\/www.bdplast.com\/#organization\",\"name\":\"BD Plast\",\"url\":\"https:\/\/www.bdplast.com\/\",\"logo\":{\"@type\":\"ImageObject\",\"inLanguage\":\"de\",\"@id\":\"https:\/\/www.bdplast.com\/#\/schema\/logo\/image\/\",\"url\":\"https:\/\/www.bdplast.com\/wp-content\/uploads\/2025\/06\/bdplast-logo-yoast.jpg\",\"contentUrl\":\"https:\/\/www.bdplast.com\/wp-content\/uploads\/2025\/06\/bdplast-logo-yoast.jpg\",\"width\":1200,\"height\":628,\"caption\":\"BD Plast\"},\"image\":{\"@id\":\"https:\/\/www.bdplast.com\/#\/schema\/logo\/image\/\"},\"sameAs\":[\"https:\/\/www.youtube.com\/channel\/UCd6hdte7tZc8CfN_W9KxYTA\",\"https:\/\/it.linkedin.com\/company\/bd-plast-filtering-systems-srl\"]}]}<\/script>\n<!-- \/ Yoast SEO plugin. -->","yoast_head_json":{"title":"Kartuschen- und BDCG-Knarren-Siebwechsler - BD Plast","description":"Eine innovative Version des BDLG-Projekts mit Kartuschenfilterelementen, eine Revolution im normalen Ansatz f\u00fcr diesen Maschinentyp.","robots":{"index":"index","follow":"follow","max-snippet":"max-snippet:-1","max-image-preview":"max-image-preview:large","max-video-preview":"max-video-preview:-1"},"canonical":"https:\/\/www.bdplast.com\/cambiafiltri-a-cartuccia-e-cricchetto-bdcg\/","og_locale":"de_DE","og_type":"article","og_title":"Kartuschen- und BDCG-Knarren-Siebwechsler - BD Plast","og_description":"Eine innovative Version des BDLG-Projekts mit Kartuschenfilterelementen, eine Revolution im normalen Ansatz f\u00fcr diesen Maschinentyp.","og_url":"https:\/\/www.bdplast.com\/cambiafiltri-a-cartuccia-e-cricchetto-bdcg\/","og_site_name":"BD Plast","article_modified_time":"2022-06-16T11:14:56+00:00","twitter_card":"summary_large_image","twitter_misc":{"Gesch\u00e4tzte Lesezeit":"1\u00a0Minute"},"schema":{"@context":"https:\/\/schema.org","@graph":[{"@type":"WebPage","@id":"https:\/\/www.bdplast.com\/cambiafiltri-a-cartuccia-e-cricchetto-bdcg\/","url":"https:\/\/www.bdplast.com\/cambiafiltri-a-cartuccia-e-cricchetto-bdcg\/","name":"Kartuschen- und BDCG-Knarren-Siebwechsler - BD Plast","isPartOf":{"@id":"https:\/\/www.bdplast.com\/#website"},"datePublished":"2021-03-29T13:13:14+00:00","dateModified":"2022-06-16T11:14:56+00:00","description":"Eine innovative Version des BDLG-Projekts mit Kartuschenfilterelementen, eine Revolution im normalen Ansatz f\u00fcr diesen Maschinentyp.","breadcrumb":{"@id":"https:\/\/www.bdplast.com\/cambiafiltri-a-cartuccia-e-cricchetto-bdcg\/#breadcrumb"},"inLanguage":"de","potentialAction":[{"@type":"ReadAction","target":["https:\/\/www.bdplast.com\/cambiafiltri-a-cartuccia-e-cricchetto-bdcg\/"]}]},{"@type":"BreadcrumbList","@id":"https:\/\/www.bdplast.com\/cambiafiltri-a-cartuccia-e-cricchetto-bdcg\/#breadcrumb","itemListElement":[{"@type":"ListItem","position":1,"name":"Home","item":"https:\/\/www.bdplast.com\/de\/"},{"@type":"ListItem","position":2,"name":"Kartuschen- und BDCG-Knarren-Siebwechsler"}]},{"@type":"WebSite","@id":"https:\/\/www.bdplast.com\/#website","url":"https:\/\/www.bdplast.com\/","name":"BD Plast","description":"Sistemi di filtrazione, deviazione e convoglio polimeri","publisher":{"@id":"https:\/\/www.bdplast.com\/#organization"},"potentialAction":[{"@type":"SearchAction","target":{"@type":"EntryPoint","urlTemplate":"https:\/\/www.bdplast.com\/?s={search_term_string}"},"query-input":{"@type":"PropertyValueSpecification","valueRequired":true,"valueName":"search_term_string"}}],"inLanguage":"de"},{"@type":"Organization","@id":"https:\/\/www.bdplast.com\/#organization","name":"BD Plast","url":"https:\/\/www.bdplast.com\/","logo":{"@type":"ImageObject","inLanguage":"de","@id":"https:\/\/www.bdplast.com\/#\/schema\/logo\/image\/","url":"https:\/\/www.bdplast.com\/wp-content\/uploads\/2025\/06\/bdplast-logo-yoast.jpg","contentUrl":"https:\/\/www.bdplast.com\/wp-content\/uploads\/2025\/06\/bdplast-logo-yoast.jpg","width":1200,"height":628,"caption":"BD Plast"},"image":{"@id":"https:\/\/www.bdplast.com\/#\/schema\/logo\/image\/"},"sameAs":["https:\/\/www.youtube.com\/channel\/UCd6hdte7tZc8CfN_W9KxYTA","https:\/\/it.linkedin.com\/company\/bd-plast-filtering-systems-srl"]}]}},"rttpg_featured_image_url":null,"rttpg_author":{"display_name":"studiochiesa","author_link":"https:\/\/www.bdplast.com\/de\/author\/studiochiesa\/"},"rttpg_comment":0,"rttpg_category":" <a href=\"https:\/\/www.bdplast.com\/de\/?taxonomy=translation_priority&#038;term=optional-de\" rel=\"tag\">Optional<\/a>","rttpg_excerpt":"[vc_row full_width=&#8220;stretch_row&#8220; css=&#8220;.vc_custom_1621590508944{background-image: url(https:\/\/www.bdplast.com\/wp-content\/uploads\/2021\/05\/cambiafiltri_manuali_manual_screen-changers_BDCG.jpg?id=16578) !important;background-position: center !important;background-repeat: no-repeat !important;background-size: cover !important;}&#8220; ...","_links":{"self":[{"href":"https:\/\/www.bdplast.com\/de\/wp-json\/wp\/v2\/pages\/15336","targetHints":{"allow":["GET"]}}],"collection":[{"href":"https:\/\/www.bdplast.com\/de\/wp-json\/wp\/v2\/pages"}],"about":[{"href":"https:\/\/www.bdplast.com\/de\/wp-json\/wp\/v2\/types\/page"}],"author":[{"embeddable":true,"href":"https:\/\/www.bdplast.com\/de\/wp-json\/wp\/v2\/users\/1"}],"replies":[{"embeddable":true,"href":"https:\/\/www.bdplast.com\/de\/wp-json\/wp\/v2\/comments?post=15336"}],"version-history":[{"count":5,"href":"https:\/\/www.bdplast.com\/de\/wp-json\/wp\/v2\/pages\/15336\/revisions"}],"predecessor-version":[{"id":18419,"href":"https:\/\/www.bdplast.com\/de\/wp-json\/wp\/v2\/pages\/15336\/revisions\/18419"}],"wp:attachment":[{"href":"https:\/\/www.bdplast.com\/de\/wp-json\/wp\/v2\/media?parent=15336"}],"curies":[{"name":"wp","href":"https:\/\/api.w.org\/{rel}","templated":true}]}}