{"id":15371,"date":"2021-03-24T12:29:11","date_gmt":"2021-03-24T11:29:11","guid":{"rendered":"https:\/\/www.bdplast.com\/chi-siamo\/"},"modified":"2021-07-14T13:42:55","modified_gmt":"2021-07-14T11:42:55","slug":"ueber-uns","status":"publish","type":"page","link":"https:\/\/www.bdplast.com\/de\/ueber-uns\/","title":{"rendered":"\u00dcber uns"},"content":{"rendered":"<div class=\"wpb-content-wrapper\"><p>[vc_row full_width=&#8220;stretch_row_content_no_spaces&#8220; video_bg=&#8220;yes&#8220; video_bg_url=&#8220;https:\/\/www.bdplast.com\/video_home\/uniti.mp4&#8243;][vc_column]\n\t\t\t<!-- START home REVOLUTION SLIDER 6.7.20 --><p class=\"rs-p-wp-fix\"><\/p>\n\t\t\t<rs-module-wrap id=\"rev_slider_1_1_wrapper\" data-source=\"gallery\" style=\"visibility:hidden;background:transparent;padding:0;margin:0px auto;margin-top:0;margin-bottom:0;\">\n\t\t\t\t<rs-module id=\"rev_slider_1_1\" style=\"\" data-version=\"6.7.20\">\n\t\t\t\t\t<rs-slides style=\"overflow: hidden; position: absolute;\">\n\t\t\t\t\t\t<rs-slide style=\"position: absolute;\" data-key=\"rs-9\" data-title=\"Slide\" data-anim=\"ms:1000;r:0;\" data-in=\"o:0;\" data-out=\"a:false;\">\n\t\t\t\t\t\t\t<img decoding=\"async\" src=\"\/\/www.bdplast.com\/wp-content\/plugins\/revslider\/sr6\/assets\/assets\/dummy.png\" alt=\"\" title=\"\u00dcber uns\" class=\"rev-slidebg tp-rs-img rs-lazyload\" data-lazyload=\"\/\/www.bdplast.com\/wp-content\/plugins\/revslider\/sr6\/assets\/assets\/transparent.png\" data-no-retina>\n\t\t\t\t\t\t\t<rs-bgvideo \n\t\t\t\t\t\t\t\tdata-video=\"vc:none;w:100%;h:100%;nse:false;l:true;ptimer:false;\"\n\t\t\t\t\t\t\t\tdata-vimeoid=\"551884298\"\n\t\t\t\t\t\t\t\tdata-vatr=\"background=1&amp;title=0&amp;byline=0&amp;portrait=0&amp;api=1\"\n\t\t\t\t\t\t\t><\/rs-bgvideo>\n<!---->\t\t\t\t\t<\/rs-slide>\n\t\t\t\t\t<\/rs-slides>\n\t\t\t\t<\/rs-module>\n\t\t\t\t<script>\n\t\t\t\t\tsetREVStartSize({c: 'rev_slider_1_1',rl:[1240,1024,778,480],el:[500],gw:[1240],gh:[500],type:'standard',justify:'',layout:'fullwidth',mh:\"0\"});if (window.RS_MODULES!==undefined && window.RS_MODULES.modules!==undefined && window.RS_MODULES.modules[\"revslider11\"]!==undefined) {window.RS_MODULES.modules[\"revslider11\"].once = false;window.revapi1 = undefined;if (window.RS_MODULES.checkMinimal!==undefined) window.RS_MODULES.checkMinimal()}\n\t\t\t\t<\/script>\n\t\t\t<\/rs-module-wrap>\n\t\t\t<!-- END REVOLUTION SLIDER -->\n[\/vc_column][\/vc_row][vc_row full_width=&#8220;stretch_row&#8220; css=&#8220;.vc_custom_1616752300475{padding-top: 2em !important;padding-bottom: 2em !important;}&#8220;][vc_column][vc_row_inner equal_height=&#8220;yes&#8220; content_placement=&#8220;middle&#8220;][vc_column_inner][vc_column_text]Die Leidenschaft einer Familie lie\u00df 1986 BDPLAST entstehen, ein Familienunternehmen, das sich der Herstellung und dem Verkauf von Siebwechslern f\u00fcr Kunststoffextrusionslinien widmet. In den ersten Jahren festigte das Unternehmen seine Position in Italien in <strong>der nachgelagerten Extrusionstechnologie<\/strong>, um dank zweier einfacher, aber wesentlicher Merkmale seine Wettbewerbsf\u00e4higkeit unter Beweis zu stellen: <strong>Flexibilit\u00e4t<\/strong> und die <strong>M\u00f6glichkeit<\/strong>, seine Produkte nach Wunsch anzupassen.[\/vc_column_text][\/vc_column_inner][\/vc_row_inner][\/vc_column][\/vc_row][vc_row full_width=&#8220;stretch_row&#8220; css_animation=&#8220;none&#8220; css=&#8220;.vc_custom_1616600463190{padding-top: 2em !important;padding-bottom: 4em !important;background-image: url(https:\/\/www.bdplast.com\/wp-content\/uploads\/2021\/03\/texture_about-3.jpg?id=13924) !important;background-position: 0 0 !important;background-repeat: no-repeat;background-position: center bottom !important;}&#8220; el_id=&#8220;aboutus&#8220;][vc_column offset=&#8220;vc_col-md-12 vc_hidden-md vc_hidden-sm vc_col-xs-12 vc_hidden-xs&#8220;][vc_row_inner equal_height=&#8220;yes&#8220; content_placement=&#8220;middle&#8220; css=&#8220;.vc_custom_1616595973042{margin-bottom: 2em !important;}&#8220;][vc_column_inner width=&#8220;1\/2&#8243;][vc_column_text]In mehr als 25 Jahren hat die Begeisterung f\u00fcr Ideen und L\u00f6sungen nie aufgeh\u00f6rt: Neue Produktlinien wie Adapter, Winkelst\u00fccke und Schmelzrohre, die seit kurzem Teil des BD PLAST-Sortiments sind, internationale Partnerschaften und Zusammenarbeit, auch mit Wettbewerbern, Servicequalit\u00e4t als Mehrwert f\u00fcr die Kundenzufriedenheit. BDPLAST zeigt nicht nur weiterhin seine F\u00e4higkeit zur Produktinnovation, sondern auch den Mut, Ma\u00dfnahmen zu ergreifen, um auf die schwierigsten Ver\u00e4nderungen im Kontext und auf dem Markt zu reagieren. Heute ist BDPLAST stolz darauf, ein Team von fast 40 Mitarbeitern zu besch\u00e4ftigen, das fest an die Spezifit\u00e4t der Rollen und F\u00e4higkeiten, an den Wert der Originalit\u00e4t und der F\u00e4higkeiten jedes Einzelnen als wichtigen Beitrag zu einem wachsenden und sich st\u00e4ndig weiterentwickelnden Unternehmen glaubt.[\/vc_column_text][\/vc_column_inner][vc_column_inner width=&#8220;1\/2&#8243;]<figure class=\"effect-hover  effect-ruby ratiooriginal  vckit_custom_class_1060ab8447f0d26  vckit-lazyload\">\n  <a href=\"#\" >\n    <img data-src=\"https:\/\/www.bdplast.com\/wp-content\/uploads\/2021\/05\/who-1.jpg\" alt=\"DIE \"\/>\n    <figcaption>\n      <div class=\"effect-caption\">\n        <h2>DIE <span><\/span><\/h2>\n        <p class=\"description\">\n          &nbsp;        <\/p>\n      <\/div>\n    <\/figcaption>\n  <\/a>\n<\/figure>\n[\/vc_column_inner][\/vc_row_inner][vc_row_inner equal_height=&#8220;yes&#8220; content_placement=&#8220;middle&#8220; css=&#8220;.vc_custom_1616595967264{margin-bottom: 2em !important;}&#8220;][vc_column_inner width=&#8220;1\/2&#8243;]<figure class=\"effect-hover  effect-ruby ratiooriginal  vckit_custom_class_1060ab8465a6132  vckit-lazyload\">\n  <a href=\"#\" >\n    <img data-src=\"https:\/\/www.bdplast.com\/wp-content\/uploads\/2021\/05\/what.jpg\" alt=\"WAS \"\/>\n    <figcaption>\n      <div class=\"effect-caption\">\n        <h2>WAS <span><\/span><\/h2>\n        <p class=\"description\">\n          &nbsp;        <\/p>\n      <\/div>\n    <\/figcaption>\n  <\/a>\n<\/figure>\n[\/vc_column_inner][vc_column_inner width=&#8220;1\/2&#8243;][vc_column_text]Eine komplette, zuverl\u00e4ssige und sehr hochwertige Produktreihe von Siebwechslern, die durch die interne Beherrschung des gesamten Prozesses von der Maschinenkonstruktion bis zur Montage beim Kunden garantiert wird. Schmelzrohre, statische Filtereinheiten und Zubeh\u00f6r, die in jede Art von System integriert werden k\u00f6nnen. Flexible und kundenspezifische Filtersysteme, die manchmal auf Kundenwunsch ad hoc entwickelt werden, um deren N\u00fctzlichkeit zu maximieren. Eine in Weiterentwicklung befindliche Produktreihe, eine fortlaufende Suche nach innovativen L\u00f6sungen, um kontinuierlich den aktuellen Entwicklungsstand zu verbessern. Wartung und Kundendienst, um stets Qualit\u00e4tsinterventionen auf der Ebene der vermarkteten Produkte zu gew\u00e4hrleisten und den Kunden stets zur Seite zu stehen.[\/vc_column_text][\/vc_column_inner][\/vc_row_inner][vc_row_inner equal_height=&#8220;yes&#8220; content_placement=&#8220;middle&#8220; css=&#8220;.vc_custom_1616595980253{margin-bottom: 2em !important;}&#8220;][vc_column_inner width=&#8220;1\/2&#8243;][vc_column_text]Wir verwenden in einer fortschrittlichen Produktionsabteilung die aktuellsten Computerressourcen und in CAD-CAM integrierte Entwicklungssysteme. Wir haben die Erfahrung und den Charakter von Branchenexperten und bauen auf die Solidit\u00e4t eines Unternehmens, das im Laufe der Jahre seine Einzigartigkeit auf dem Markt entwickelt und best\u00e4tigt hat. Wir sind \u201eExtrusionspartner\u201c, die den Extrusionsprozess in seiner Gesamtheit betrachten, seine Probleme und Anforderungen erfassen, mit neuen Antworten experimentieren, die sich an verschiedenen Systemen und Realit\u00e4ten orientieren. Wir reagieren in Echtzeit und agieren rasch auf allen Handlungsebenen, vom Verkaufsangebot \u00fcber den Projektaustausch bis hin zum Kundendienst.[\/vc_column_text][\/vc_column_inner][vc_column_inner width=&#8220;1\/2&#8243;]<figure class=\"effect-hover  effect-ruby ratiooriginal  vckit_custom_class_860ab847841f18  vckit-lazyload\">\n  <a href=\"#\" >\n    <img data-src=\"https:\/\/www.bdplast.com\/wp-content\/uploads\/2021\/05\/how.jpg\" alt=\"WIE \"\/>\n    <figcaption>\n      <div class=\"effect-caption\">\n        <h2>WIE <span><\/span><\/h2>\n        <p class=\"description\">\n          &nbsp;        <\/p>\n      <\/div>\n    <\/figcaption>\n  <\/a>\n<\/figure>\n[\/vc_column_inner][\/vc_row_inner][vc_row_inner equal_height=&#8220;yes&#8220; content_placement=&#8220;middle&#8220;][vc_column_inner width=&#8220;1\/2&#8243;]<figure class=\"effect-hover  effect-ruby ratiooriginal  vckit_custom_class_860ab84958cc46  vckit-lazyload\">\n  <a href=\"#\" >\n    <img data-src=\"https:\/\/www.bdplast.com\/wp-content\/uploads\/2021\/05\/where.jpg\" alt=\"WO \"\/>\n    <figcaption>\n      <div class=\"effect-caption\">\n        <h2>WO <span><\/span><\/h2>\n        <p class=\"description\">\n          &nbsp;        <\/p>\n      <\/div>\n    <\/figcaption>\n  <\/a>\n<\/figure>\n[\/vc_column_inner][vc_column_inner width=&#8220;1\/2&#8243;][vc_column_text]Dank eines und stetig wachsenden<strong> Vertriebsnetzes<\/strong> mit gro\u00dfer Reichweite sind wir ein <strong>international vertretenes<\/strong> Unternehmen.[\/vc_column_text][vc_empty_space height=&#8220;2em&#8220;]<div class=\"\"><div class=\"cz_23806_p\"><a id=\"cz_23806\" class=\"cz_23806 cz_btn cz_btn_txt_no_fx cz_btn_no_fx cz_mobile_btn_center\" href=\"https:\/\/www.bdplast.com\/mappa_contatti\/map.html\" target=\"_blank\"><span><strong>FINDEN SIE UNSERE AGENTEN<\/strong><\/span><b class=\"cz_btn_onhover\"><strong>FINDEN SIE UNSERE AGENTEN<\/strong><\/b><\/a><\/div><\/div>[\/vc_column_inner][\/vc_row_inner][\/vc_column][\/vc_row][vc_row full_width=&#8220;stretch_row&#8220; css_animation=&#8220;none&#8220; css=&#8220;.vc_custom_1622794090460{padding-top: 2em !important;padding-bottom: 1em !important;background-color: #e9e7dd !important;background-position: 0 0 !important;background-repeat: no-repeat !important;}&#8220; el_id=&#8220;aboutusm&#8220;][vc_column offset=&#8220;vc_hidden-lg vc_col-md-12 vc_col-xs-12&#8243;][vc_row_inner equal_height=&#8220;yes&#8220; content_placement=&#8220;middle&#8220; css=&#8220;.vc_custom_1616595973042{margin-bottom: 2em !important;}&#8220;][vc_column_inner width=&#8220;1\/2&#8243;][vc_single_image image=&#8220;16928&#8243; img_size=&#8220;full&#8220;][\/vc_column_inner][vc_column_inner width=&#8220;1\/2&#8243;][vc_column_text]In mehr als 25 Jahren hat die Begeisterung f\u00fcr Ideen und L\u00f6sungen nie aufgeh\u00f6rt: Neue Produktlinien wie Adapter, Winkelst\u00fccke und Schmelzrohre, die seit kurzem Teil des BD PLAST-Sortiments sind, internationale Partnerschaften und Zusammenarbeit, auch mit Wettbewerbern, Servicequalit\u00e4t als Mehrwert f\u00fcr die Kundenzufriedenheit. BDPLAST zeigt nicht nur weiterhin seine F\u00e4higkeit zur Produktinnovation, sondern auch den Mut, Ma\u00dfnahmen zu ergreifen, um auf die schwierigsten Ver\u00e4nderungen im Kontext und auf dem Markt zu reagieren. Heute ist BDPLAST stolz darauf, ein Team von fast 40 Mitarbeitern zu besch\u00e4ftigen, das fest an die Spezifit\u00e4t der Rollen und F\u00e4higkeiten, an den Wert der Originalit\u00e4t und der F\u00e4higkeiten jedes Einzelnen als wichtigen Beitrag zu einem wachsenden und sich st\u00e4ndig weiterentwickelnden Unternehmen glaubt.[\/vc_column_text][\/vc_column_inner][\/vc_row_inner][\/vc_column][\/vc_row][vc_row full_width=&#8220;stretch_row&#8220; css_animation=&#8220;none&#8220; css=&#8220;.vc_custom_1622794461736{padding-bottom: 1em !important;background-color: #e9e7dd !important;background-position: 0 0 !important;background-repeat: no-repeat !important;}&#8220; el_id=&#8220;aboutusm&#8220;][vc_column offset=&#8220;vc_hidden-lg vc_col-md-12 vc_col-xs-12&#8243;][vc_row_inner equal_height=&#8220;yes&#8220; content_placement=&#8220;middle&#8220; css=&#8220;.vc_custom_1616595967264{margin-bottom: 2em !important;}&#8220;][vc_column_inner width=&#8220;1\/2&#8243;][vc_single_image image=&#8220;16925&#8243; img_size=&#8220;full&#8220;][\/vc_column_inner][vc_column_inner width=&#8220;1\/2&#8243;][vc_column_text]Eine komplette, zuverl\u00e4ssige und sehr hochwertige Produktreihe von Siebwechslern, die durch die interne Beherrschung des gesamten Prozesses von der Maschinenkonstruktion bis zur Montage beim Kunden garantiert wird. Schmelzrohre, statische Filtereinheiten und Zubeh\u00f6r, die in jede Art von System integriert werden k\u00f6nnen. Flexible und kundenspezifische Filtersysteme, die manchmal auf Kundenwunsch ad hoc entwickelt werden, um deren N\u00fctzlichkeit zu maximieren. Eine in Weiterentwicklung befindliche Produktreihe, eine fortlaufende Suche nach innovativen L\u00f6sungen, um kontinuierlich den aktuellen Entwicklungsstand zu verbessern. Wartung und Kundendienst, um stets Qualit\u00e4tsinterventionen auf der Ebene der vermarkteten Produkte zu gew\u00e4hrleisten und den Kunden stets zur Seite zu stehen.[\/vc_column_text][\/vc_column_inner][\/vc_row_inner][\/vc_column][\/vc_row][vc_row full_width=&#8220;stretch_row&#8220; css_animation=&#8220;none&#8220; css=&#8220;.vc_custom_1622794465468{padding-bottom: 1em !important;background-color: #e9e7dd !important;background-position: 0 0 !important;background-repeat: no-repeat !important;}&#8220; el_id=&#8220;aboutusm&#8220;][vc_column offset=&#8220;vc_hidden-lg vc_col-md-12 vc_col-xs-12&#8243;][vc_row_inner equal_height=&#8220;yes&#8220; content_placement=&#8220;middle&#8220; css=&#8220;.vc_custom_1616595980253{margin-bottom: 2em !important;}&#8220;][vc_column_inner width=&#8220;1\/2&#8243;][vc_single_image image=&#8220;16926&#8243; img_size=&#8220;full&#8220;][\/vc_column_inner][vc_column_inner width=&#8220;1\/2&#8243;][vc_column_text]Wir verwenden in einer fortschrittlichen Produktionsabteilung die aktuellsten Computerressourcen und in CAD-CAM integrierte Entwicklungssysteme. Wir haben die Erfahrung und den Charakter von Branchenexperten und bauen auf die Solidit\u00e4t eines Unternehmens, das im Laufe der Jahre seine Einzigartigkeit auf dem Markt entwickelt und best\u00e4tigt hat. Wir sind \u201eExtrusionspartner\u201c, die den Extrusionsprozess in seiner Gesamtheit betrachten, seine Probleme und Anforderungen erfassen, mit neuen Antworten experimentieren, die sich an verschiedenen Systemen und Realit\u00e4ten orientieren. Wir reagieren in Echtzeit und agieren rasch auf allen Handlungsebenen, vom Verkaufsangebot \u00fcber den Projektaustausch bis hin zum Kundendienst.[\/vc_column_text][\/vc_column_inner][\/vc_row_inner][\/vc_column][\/vc_row][vc_row full_width=&#8220;stretch_row&#8220; css_animation=&#8220;none&#8220; css=&#8220;.vc_custom_1622794469723{padding-bottom: 4em !important;background-image: url(https:\/\/www.bdplast.com\/wp-content\/uploads\/2021\/03\/texture_about-3.jpg?id=13924) !important;background-position: center !important;background-repeat: no-repeat !important;background-size: cover !important;}&#8220; el_id=&#8220;aboutusm&#8220;][vc_column offset=&#8220;vc_hidden-lg vc_col-md-12 vc_col-xs-12&#8243;][vc_row_inner equal_height=&#8220;yes&#8220; content_placement=&#8220;middle&#8220;][vc_column_inner width=&#8220;1\/2&#8243;][vc_single_image image=&#8220;16927&#8243; img_size=&#8220;full&#8220;][\/vc_column_inner][vc_column_inner width=&#8220;1\/2&#8243;][vc_column_text]Dank eines und stetig wachsenden<strong> Vertriebsnetzes<\/strong> mit gro\u00dfer Reichweite sind wir ein <strong>international vertretenes<\/strong> Unternehmen.[\/vc_column_text][vc_empty_space height=&#8220;2em&#8220;]<div class=\"\"><div class=\"cz_23806_p\"><a id=\"cz_23806\" class=\"cz_23806 cz_btn cz_btn_txt_no_fx cz_btn_no_fx cz_mobile_btn_center\" href=\"https:\/\/www.bdplast.com\/mappa_contatti\/map.html\" target=\"_blank\"><span><strong>FINDEN SIE UNSERE AGENTEN<\/strong><\/span><b class=\"cz_btn_onhover\"><strong>FINDEN SIE UNSERE AGENTEN<\/strong><\/b><\/a><\/div><\/div>[\/vc_column_inner][\/vc_row_inner][\/vc_column][\/vc_row]<\/p>\n<\/div>","protected":false},"excerpt":{"rendered":"<p>[vc_row full_width=&#8220;stretch_row_content_no_spaces&#8220; video_bg=&#8220;yes&#8220; video_bg_url=&#8220;https:\/\/www.bdplast.com\/video_home\/uniti.mp4&#8243;][vc_column][\/vc_column][\/vc_row][vc_row full_width=&#8220;stretch_row&#8220; css=&#8220;.vc_custom_1616752300475{padding-top: 2em !important;padding-bottom: 2em !important;}&#8220;][vc_column][vc_row_inner equal_height=&#8220;yes&#8220; &#8230; <\/p>\n","protected":false},"author":1,"featured_media":0,"parent":0,"menu_order":0,"comment_status":"closed","ping_status":"closed","template":"","meta":{"footnotes":"","_links_to":"","_links_to_target":""},"class_list":["post-15371","page","type-page","status-publish","hentry"],"yoast_head":"<!-- This site is optimized with the Yoast SEO plugin v27.5 - https:\/\/yoast.com\/product\/yoast-seo-wordpress\/ -->\n<title>\u00dcber uns - BD Plast<\/title>\n<meta name=\"robots\" content=\"index, follow, max-snippet:-1, max-image-preview:large, max-video-preview:-1\" \/>\n<link rel=\"canonical\" href=\"https:\/\/www.bdplast.com\/chi-siamo\/\" \/>\n<meta property=\"og:locale\" content=\"de_DE\" \/>\n<meta property=\"og:type\" content=\"article\" \/>\n<meta property=\"og:title\" content=\"\u00dcber uns - BD Plast\" \/>\n<meta property=\"og:description\" content=\"[vc_row full_width=&#8220;stretch_row_content_no_spaces&#8220; video_bg=&#8220;yes&#8220; video_bg_url=&#8220;https:\/\/www.bdplast.com\/video_home\/uniti.mp4&#8243;][vc_column][\/vc_column][\/vc_row][vc_row full_width=&#8220;stretch_row&#8220; css=&#8220;.vc_custom_1616752300475{padding-top: 2em !important;padding-bottom: 2em !important;}&#8220;][vc_column][vc_row_inner equal_height=&#8220;yes&#8220; ...\" \/>\n<meta property=\"og:url\" content=\"https:\/\/www.bdplast.com\/chi-siamo\/\" \/>\n<meta property=\"og:site_name\" content=\"BD Plast\" \/>\n<meta property=\"article:modified_time\" content=\"2021-07-14T11:42:55+00:00\" \/>\n<meta name=\"twitter:card\" content=\"summary_large_image\" \/>\n<meta name=\"twitter:label1\" content=\"Gesch\u00e4tzte Lesezeit\" \/>\n\t<meta name=\"twitter:data1\" content=\"4\u00a0Minuten\" \/>\n<script type=\"application\/ld+json\" class=\"yoast-schema-graph\">{\"@context\":\"https:\\\/\\\/schema.org\",\"@graph\":[{\"@type\":\"WebPage\",\"@id\":\"https:\\\/\\\/www.bdplast.com\\\/chi-siamo\\\/\",\"url\":\"https:\\\/\\\/www.bdplast.com\\\/chi-siamo\\\/\",\"name\":\"\u00dcber uns - BD Plast\",\"isPartOf\":{\"@id\":\"https:\\\/\\\/www.bdplast.com\\\/#website\"},\"datePublished\":\"2021-03-24T11:29:11+00:00\",\"dateModified\":\"2021-07-14T11:42:55+00:00\",\"breadcrumb\":{\"@id\":\"https:\\\/\\\/www.bdplast.com\\\/chi-siamo\\\/#breadcrumb\"},\"inLanguage\":\"de\",\"potentialAction\":[{\"@type\":\"ReadAction\",\"target\":[\"https:\\\/\\\/www.bdplast.com\\\/chi-siamo\\\/\"]}]},{\"@type\":\"BreadcrumbList\",\"@id\":\"https:\\\/\\\/www.bdplast.com\\\/chi-siamo\\\/#breadcrumb\",\"itemListElement\":[{\"@type\":\"ListItem\",\"position\":1,\"name\":\"Home\",\"item\":\"https:\\\/\\\/www.bdplast.com\\\/de\\\/\"},{\"@type\":\"ListItem\",\"position\":2,\"name\":\"\u00dcber uns\"}]},{\"@type\":\"WebSite\",\"@id\":\"https:\\\/\\\/www.bdplast.com\\\/#website\",\"url\":\"https:\\\/\\\/www.bdplast.com\\\/\",\"name\":\"BD Plast\",\"description\":\"Sistemi di filtrazione, deviazione e convoglio polimeri\",\"publisher\":{\"@id\":\"https:\\\/\\\/www.bdplast.com\\\/#organization\"},\"potentialAction\":[{\"@type\":\"SearchAction\",\"target\":{\"@type\":\"EntryPoint\",\"urlTemplate\":\"https:\\\/\\\/www.bdplast.com\\\/?s={search_term_string}\"},\"query-input\":{\"@type\":\"PropertyValueSpecification\",\"valueRequired\":true,\"valueName\":\"search_term_string\"}}],\"inLanguage\":\"de\"},{\"@type\":\"Organization\",\"@id\":\"https:\\\/\\\/www.bdplast.com\\\/#organization\",\"name\":\"BD Plast\",\"url\":\"https:\\\/\\\/www.bdplast.com\\\/\",\"logo\":{\"@type\":\"ImageObject\",\"inLanguage\":\"de\",\"@id\":\"https:\\\/\\\/www.bdplast.com\\\/#\\\/schema\\\/logo\\\/image\\\/\",\"url\":\"https:\\\/\\\/www.bdplast.com\\\/wp-content\\\/uploads\\\/2025\\\/06\\\/bdplast-logo-yoast.jpg\",\"contentUrl\":\"https:\\\/\\\/www.bdplast.com\\\/wp-content\\\/uploads\\\/2025\\\/06\\\/bdplast-logo-yoast.jpg\",\"width\":1200,\"height\":628,\"caption\":\"BD Plast\"},\"image\":{\"@id\":\"https:\\\/\\\/www.bdplast.com\\\/#\\\/schema\\\/logo\\\/image\\\/\"},\"sameAs\":[\"https:\\\/\\\/www.youtube.com\\\/channel\\\/UCd6hdte7tZc8CfN_W9KxYTA\",\"https:\\\/\\\/it.linkedin.com\\\/company\\\/bd-plast-filtering-systems-srl\"]}]}<\/script>\n<!-- \/ Yoast SEO plugin. -->","yoast_head_json":{"title":"\u00dcber uns - BD Plast","robots":{"index":"index","follow":"follow","max-snippet":"max-snippet:-1","max-image-preview":"max-image-preview:large","max-video-preview":"max-video-preview:-1"},"canonical":"https:\/\/www.bdplast.com\/chi-siamo\/","og_locale":"de_DE","og_type":"article","og_title":"\u00dcber uns - BD Plast","og_description":"[vc_row full_width=&#8220;stretch_row_content_no_spaces&#8220; video_bg=&#8220;yes&#8220; video_bg_url=&#8220;https:\/\/www.bdplast.com\/video_home\/uniti.mp4&#8243;][vc_column][\/vc_column][\/vc_row][vc_row full_width=&#8220;stretch_row&#8220; css=&#8220;.vc_custom_1616752300475{padding-top: 2em !important;padding-bottom: 2em !important;}&#8220;][vc_column][vc_row_inner equal_height=&#8220;yes&#8220; ...","og_url":"https:\/\/www.bdplast.com\/chi-siamo\/","og_site_name":"BD Plast","article_modified_time":"2021-07-14T11:42:55+00:00","twitter_card":"summary_large_image","twitter_misc":{"Gesch\u00e4tzte Lesezeit":"4\u00a0Minuten"},"schema":{"@context":"https:\/\/schema.org","@graph":[{"@type":"WebPage","@id":"https:\/\/www.bdplast.com\/chi-siamo\/","url":"https:\/\/www.bdplast.com\/chi-siamo\/","name":"\u00dcber uns - BD Plast","isPartOf":{"@id":"https:\/\/www.bdplast.com\/#website"},"datePublished":"2021-03-24T11:29:11+00:00","dateModified":"2021-07-14T11:42:55+00:00","breadcrumb":{"@id":"https:\/\/www.bdplast.com\/chi-siamo\/#breadcrumb"},"inLanguage":"de","potentialAction":[{"@type":"ReadAction","target":["https:\/\/www.bdplast.com\/chi-siamo\/"]}]},{"@type":"BreadcrumbList","@id":"https:\/\/www.bdplast.com\/chi-siamo\/#breadcrumb","itemListElement":[{"@type":"ListItem","position":1,"name":"Home","item":"https:\/\/www.bdplast.com\/de\/"},{"@type":"ListItem","position":2,"name":"\u00dcber uns"}]},{"@type":"WebSite","@id":"https:\/\/www.bdplast.com\/#website","url":"https:\/\/www.bdplast.com\/","name":"BD Plast","description":"Sistemi di filtrazione, deviazione e convoglio polimeri","publisher":{"@id":"https:\/\/www.bdplast.com\/#organization"},"potentialAction":[{"@type":"SearchAction","target":{"@type":"EntryPoint","urlTemplate":"https:\/\/www.bdplast.com\/?s={search_term_string}"},"query-input":{"@type":"PropertyValueSpecification","valueRequired":true,"valueName":"search_term_string"}}],"inLanguage":"de"},{"@type":"Organization","@id":"https:\/\/www.bdplast.com\/#organization","name":"BD Plast","url":"https:\/\/www.bdplast.com\/","logo":{"@type":"ImageObject","inLanguage":"de","@id":"https:\/\/www.bdplast.com\/#\/schema\/logo\/image\/","url":"https:\/\/www.bdplast.com\/wp-content\/uploads\/2025\/06\/bdplast-logo-yoast.jpg","contentUrl":"https:\/\/www.bdplast.com\/wp-content\/uploads\/2025\/06\/bdplast-logo-yoast.jpg","width":1200,"height":628,"caption":"BD Plast"},"image":{"@id":"https:\/\/www.bdplast.com\/#\/schema\/logo\/image\/"},"sameAs":["https:\/\/www.youtube.com\/channel\/UCd6hdte7tZc8CfN_W9KxYTA","https:\/\/it.linkedin.com\/company\/bd-plast-filtering-systems-srl"]}]}},"rttpg_featured_image_url":null,"rttpg_author":{"display_name":"studiochiesa","author_link":"https:\/\/www.bdplast.com\/de\/author\/studiochiesa\/"},"rttpg_comment":0,"rttpg_category":" <a href=\"https:\/\/www.bdplast.com\/de\/?taxonomy=translation_priority&#038;term=optional-de\" rel=\"tag\">Optional<\/a>","rttpg_excerpt":"[vc_row full_width=&#8220;stretch_row_content_no_spaces&#8220; video_bg=&#8220;yes&#8220; video_bg_url=&#8220;https:\/\/www.bdplast.com\/video_home\/uniti.mp4&#8243;][vc_column][\/vc_column][\/vc_row][vc_row full_width=&#8220;stretch_row&#8220; css=&#8220;.vc_custom_1616752300475{padding-top: 2em !important;padding-bottom: 2em !important;}&#8220;][vc_column][vc_row_inner equal_height=&#8220;yes&#8220; ...","_links":{"self":[{"href":"https:\/\/www.bdplast.com\/de\/wp-json\/wp\/v2\/pages\/15371","targetHints":{"allow":["GET"]}}],"collection":[{"href":"https:\/\/www.bdplast.com\/de\/wp-json\/wp\/v2\/pages"}],"about":[{"href":"https:\/\/www.bdplast.com\/de\/wp-json\/wp\/v2\/types\/page"}],"author":[{"embeddable":true,"href":"https:\/\/www.bdplast.com\/de\/wp-json\/wp\/v2\/users\/1"}],"replies":[{"embeddable":true,"href":"https:\/\/www.bdplast.com\/de\/wp-json\/wp\/v2\/comments?post=15371"}],"version-history":[{"count":5,"href":"https:\/\/www.bdplast.com\/de\/wp-json\/wp\/v2\/pages\/15371\/revisions"}],"predecessor-version":[{"id":17476,"href":"https:\/\/www.bdplast.com\/de\/wp-json\/wp\/v2\/pages\/15371\/revisions\/17476"}],"wp:attachment":[{"href":"https:\/\/www.bdplast.com\/de\/wp-json\/wp\/v2\/media?parent=15371"}],"curies":[{"name":"wp","href":"https:\/\/api.w.org\/{rel}","templated":true}]}}