{"id":16391,"date":"2021-05-24T15:32:27","date_gmt":"2021-05-24T13:32:27","guid":{"rendered":"https:\/\/www.bdplast.com\/?page_id=16391"},"modified":"2025-10-10T17:14:25","modified_gmt":"2025-10-10T15:14:25","slug":"bdgs-kalanderfilter","status":"publish","type":"page","link":"https:\/\/www.bdplast.com\/de\/bdgs-kalanderfilter\/","title":{"rendered":"BDGS Kalanderfilter"},"content":{"rendered":"<div class=\"wpb-content-wrapper\"><p>[vc_row full_width=&#8220;stretch_row&#8220; css=&#8220;.vc_custom_1760109258927{background-image: url(https:\/\/www.bdplast.com\/wp-content\/uploads\/2021\/05\/accessori_accessories_BDGS_cover.jpg?id=17021) !important;background-position: center !important;background-repeat: no-repeat !important;background-size: cover !important;}&#8220; el_class=&#8220;white_text&#8220; el_id=&#8220;head_prodotto&#8220;][vc_column][\/vc_column][\/vc_row][vc_row full_width=&#8220;stretch_row&#8220; css=&#8220;.vc_custom_1616665112965{padding-top: 2em !important;padding-bottom: 2em !important;background-color: #ec6608 !important;}&#8220; el_class=&#8220;white_text&#8220;][vc_column][vc_row_inner equal_height=&#8220;yes&#8220; content_placement=&#8220;middle&#8220;][vc_column_inner][vc_column_text css=&#8220;&#8220;]<\/p>\n<h1>BDGS Kalanderfilter<\/h1>\n<p>[\/vc_column_text][\/vc_column_inner][\/vc_row_inner][\/vc_column][\/vc_row][vc_row css=&#8220;.vc_custom_1616673282130{padding-top: 4em !important;padding-bottom: 4em !important;}&#8220; el_id=&#8220;scheda_prodotto_intro&#8220;][vc_column][vc_column_text css=&#8220;&#8220;]<\/p>\n<h2>Alternative Filtertechnologie f\u00fcr Kalanderanlagen<\/h2>\n<p>[\/vc_column_text][vc_column_text css=&#8220;&#8220;]Das <strong>BDGS-System<\/strong> wurde entwickelt, um <strong>maximale Effizienz<\/strong> und <strong>schnelle Wartung<\/strong> in Kalanderprozessen zu gew\u00e4hrleisten und eine <strong>zuverl\u00e4ssige und sichere Filtration<\/strong> selbst unter besonders anspruchsvollen Betriebsbedingungen sicherzustellen. Die <strong>alternative Filtertechnologie<\/strong> erm\u00f6glicht es, die Produktivit\u00e4t aufrechtzuerhalten und gleichzeitig Stillstandszeiten zu minimieren, w\u00e4hrend die <strong>hydraulisch bet\u00e4tigte Spannbacke<\/strong> Stabilit\u00e4t und Sicherheit beim Verriegeln der Filterelemente gew\u00e4hrleistet.<br \/>\nDas System verf\u00fcgt \u00fcber <strong>zwei unabh\u00e4ngige Hydraulikzylinder<\/strong> f\u00fcr einen pr\u00e4zisen und gleichm\u00e4\u00dfigen Betrieb sowie \u00fcber ein <strong>integriertes Heiz- und Temperaturregelsystem<\/strong> f\u00fcr effiziente und zuverl\u00e4ssige Leistung.<br \/>\nAusgelegt, um <strong>Zuverl\u00e4ssigkeit auch unter extremsten Bedingungen<\/strong> zu garantieren, arbeitet das BDGS bei Temperaturen bis zu <strong>250\u00b0C<\/strong> und h\u00e4lt Dr\u00fccken bis zu <strong>250 bar<\/strong> stand, was es zur idealen L\u00f6sung f\u00fcr Anwendungen macht, die <strong>Robustheit, Sicherheit und Produktionszuverl\u00e4ssigkeit<\/strong> erfordern.[\/vc_column_text][\/vc_column][\/vc_row][vc_row full_width=&#8220;stretch_row&#8220; el_class=&#8220;white_text&#8220; el_id=&#8220;slider&#8220; css=&#8220;.vc_custom_1616679219141{padding-top: 4em !important;padding-bottom: 4em !important;background-color: #e9e7dd !important;background-position: center !important;background-repeat: no-repeat !important;background-size: cover !important;}&#8220;][vc_column]<div\n  id=\"vckit-image-slider-595195644\"\n  class=\"vckit-image-slider  \"\n  data-vckit-carousel='{\"arrows\":true,\"dots\":false,\"fade\":true,\"infinite\":true,\"arrow_style\":\"circle\",\"autoplay\":\"yes\",\"autoplay_speed\":3000,\"pause_on_hover\":\"yes\",\"speed\":300,\"md\":1,\"sm\":1,\"xs\":1,\"slides_to_scroll\":1}' data-gutter=\"0\">\n      <div class=\"vckit-image-slider__element\">\n            <img decoding=\"async\" src=\"https:\/\/www.bdplast.com\/wp-content\/uploads\/2021\/04\/accessori_accessories_BDOC_gallery_2.jpg\">\n          <\/div>\n      <div class=\"vckit-image-slider__element\">\n            <img decoding=\"async\" src=\"https:\/\/www.bdplast.com\/wp-content\/uploads\/2021\/04\/accessori_accessories_BDOC_gallery_3.jpg\">\n          <\/div>\n      <div class=\"vckit-image-slider__element\">\n            <img decoding=\"async\" src=\"https:\/\/www.bdplast.com\/wp-content\/uploads\/2021\/04\/accessori_accessories_BDOC_gallery_4.jpg\">\n          <\/div>\n      <div class=\"vckit-image-slider__element\">\n            <img decoding=\"async\" src=\"https:\/\/www.bdplast.com\/wp-content\/uploads\/2021\/04\/accessori_accessories_BDOC_gallery_6.jpg\">\n          <\/div>\n      <div class=\"vckit-image-slider__element\">\n            <img decoding=\"async\" src=\"https:\/\/www.bdplast.com\/wp-content\/uploads\/2021\/04\/accessori_accessories_BDOC_gallery_5.jpg\">\n          <\/div>\n  <\/div>\n<style type=\"text\/css\"><\/style>\n[\/vc_column][\/vc_row][vc_row full_width=&#8220;stretch_row&#8220; equal_height=&#8220;yes&#8220; content_placement=&#8220;middle&#8220; el_id=&#8220;scheda_prodotto&#8220; css=&#8220;.vc_custom_1616752804985{padding-top: 4em !important;padding-bottom: 4em !important;background-color: #475b5a !important;}&#8220;][vc_column width=&#8220;1\/2&#8243;][vc_single_image image=&#8220;14878&#8243; img_size=&#8220;full&#8220;][\/vc_column][vc_column width=&#8220;1\/2&#8243;][vc_column_text css=&#8220;&#8220;]<strong>GEEIGNET F\u00dcR DIE HERSTELLUNG VON<\/strong><\/p>\n<ul class=\"ul1\">\n<li class=\"li1\">Kalanderverfahren<\/li>\n<li class=\"li1\">Compoundierung<\/li>\n<\/ul>\n<p>[\/vc_column_text][vc_empty_space height=&#8220;1em&#8220;][vc_row_inner][vc_column_inner width=&#8220;2\/3&#8243;]<div class=\"\"><div class=\"cz_48425_p\"><a id=\"cz_48425\" class=\"cz_48425 cz_btn cz_btn_txt_no_fx cz_btn_no_fx cz_btn_icon_after cz_mobile_btn_center\" href=\"https:\/\/www.bdplast.com\/wp-content\/uploads\/2025\/10\/BDPlast_Extrusion_BDGS-EN.pdf\" target=\"_blank\"><span><strong>TECHNISCHES DATENBLATT HERUNTERLADEN<\/strong><i class=\"fa czico-194-download\"><\/i><\/span><b class=\"cz_btn_onhover\"><strong>TECHNISCHES DATENBLATT HERUNTERLADEN<\/strong><i class=\"fa czico-194-download\"><\/i><\/b><\/a><\/div><\/div>[\/vc_column_inner][vc_column_inner width=&#8220;1\/3&#8243;]<div class=\"\"><div class=\"cz_47237_p\"><a id=\"cz_47237\" class=\"cz_47237 cz_btn cz_btn_txt_no_fx cz_btn_no_fx cz_btn_icon_after cz_mobile_btn_center\" href=\"https:\/\/www.youtube.com\/watch?v=w6-UKpgXxew\" rel=\"nofollow\" target=\"_blank\"><span><strong>REINIGUNG SIEBPLATTE<\/strong><i class=\"fa czico-015-play\"><\/i><\/span><b class=\"cz_btn_onhover\"><strong>REINIGUNG SIEBPLATTE<\/strong><i class=\"fa czico-015-play\"><\/i><\/b><\/a><\/div><\/div>[\/vc_column_inner][\/vc_row_inner][\/vc_column][\/vc_row]<\/p>\n<\/div>","protected":false},"excerpt":{"rendered":"<p>[vc_row full_width=&#8220;stretch_row&#8220; css=&#8220;.vc_custom_1760109258927{background-image: url(https:\/\/www.bdplast.com\/wp-content\/uploads\/2021\/05\/accessori_accessories_BDGS_cover.jpg?id=17021) !important;background-position: center !important;background-repeat: no-repeat !important;background-size: cover !important;}&#8220; &#8230; <\/p>\n","protected":false},"author":1,"featured_media":0,"parent":0,"menu_order":0,"comment_status":"closed","ping_status":"closed","template":"","meta":{"footnotes":"","_links_to":"","_links_to_target":""},"class_list":["post-16391","page","type-page","status-publish","hentry"],"yoast_head":"<!-- This site is optimized with the Yoast SEO plugin v26.8 - https:\/\/yoast.com\/product\/yoast-seo-wordpress\/ -->\n<title>BDGS Kalanderfilter - BD Plast<\/title>\n<meta name=\"description\" content=\"Die L\u00f6sung f\u00fcr Elastomere und Compoundierungsprozesse, bei denen Zug\u00e4nglichkeit und Sauberkeit Vorrang haben.\" \/>\n<meta name=\"robots\" content=\"index, follow, max-snippet:-1, max-image-preview:large, max-video-preview:-1\" \/>\n<link rel=\"canonical\" href=\"https:\/\/www.bdplast.com\/de\/bdgs-kalanderfilter\/\" \/>\n<meta property=\"og:locale\" content=\"de_DE\" \/>\n<meta property=\"og:type\" content=\"article\" \/>\n<meta property=\"og:title\" content=\"BDGS Kalanderfilter - BD Plast\" \/>\n<meta property=\"og:description\" content=\"Die L\u00f6sung f\u00fcr Elastomere und Compoundierungsprozesse, bei denen Zug\u00e4nglichkeit und Sauberkeit Vorrang haben.\" \/>\n<meta property=\"og:url\" content=\"https:\/\/www.bdplast.com\/de\/bdgs-kalanderfilter\/\" \/>\n<meta property=\"og:site_name\" content=\"BD Plast\" \/>\n<meta property=\"article:modified_time\" content=\"2025-10-10T15:14:25+00:00\" \/>\n<meta name=\"twitter:card\" content=\"summary_large_image\" \/>\n<meta name=\"twitter:label1\" content=\"Gesch\u00e4tzte Lesezeit\" \/>\n\t<meta name=\"twitter:data1\" content=\"2\u00a0Minuten\" \/>\n<script type=\"application\/ld+json\" class=\"yoast-schema-graph\">{\"@context\":\"https:\/\/schema.org\",\"@graph\":[{\"@type\":\"WebPage\",\"@id\":\"https:\/\/www.bdplast.com\/de\/bdgs-kalanderfilter\/\",\"url\":\"https:\/\/www.bdplast.com\/de\/bdgs-kalanderfilter\/\",\"name\":\"BDGS Kalanderfilter - BD Plast\",\"isPartOf\":{\"@id\":\"https:\/\/www.bdplast.com\/#website\"},\"datePublished\":\"2021-05-24T13:32:27+00:00\",\"dateModified\":\"2025-10-10T15:14:25+00:00\",\"description\":\"Die L\u00f6sung f\u00fcr Elastomere und Compoundierungsprozesse, bei denen Zug\u00e4nglichkeit und Sauberkeit Vorrang haben.\",\"breadcrumb\":{\"@id\":\"https:\/\/www.bdplast.com\/de\/bdgs-kalanderfilter\/#breadcrumb\"},\"inLanguage\":\"de\",\"potentialAction\":[{\"@type\":\"ReadAction\",\"target\":[\"https:\/\/www.bdplast.com\/de\/bdgs-kalanderfilter\/\"]}]},{\"@type\":\"BreadcrumbList\",\"@id\":\"https:\/\/www.bdplast.com\/de\/bdgs-kalanderfilter\/#breadcrumb\",\"itemListElement\":[{\"@type\":\"ListItem\",\"position\":1,\"name\":\"Home\",\"item\":\"https:\/\/www.bdplast.com\/de\/\"},{\"@type\":\"ListItem\",\"position\":2,\"name\":\"BDGS Kalanderfilter\"}]},{\"@type\":\"WebSite\",\"@id\":\"https:\/\/www.bdplast.com\/#website\",\"url\":\"https:\/\/www.bdplast.com\/\",\"name\":\"BD Plast\",\"description\":\"Sistemi di filtrazione, deviazione e convoglio polimeri\",\"publisher\":{\"@id\":\"https:\/\/www.bdplast.com\/#organization\"},\"potentialAction\":[{\"@type\":\"SearchAction\",\"target\":{\"@type\":\"EntryPoint\",\"urlTemplate\":\"https:\/\/www.bdplast.com\/?s={search_term_string}\"},\"query-input\":{\"@type\":\"PropertyValueSpecification\",\"valueRequired\":true,\"valueName\":\"search_term_string\"}}],\"inLanguage\":\"de\"},{\"@type\":\"Organization\",\"@id\":\"https:\/\/www.bdplast.com\/#organization\",\"name\":\"BD Plast\",\"url\":\"https:\/\/www.bdplast.com\/\",\"logo\":{\"@type\":\"ImageObject\",\"inLanguage\":\"de\",\"@id\":\"https:\/\/www.bdplast.com\/#\/schema\/logo\/image\/\",\"url\":\"https:\/\/www.bdplast.com\/wp-content\/uploads\/2025\/06\/bdplast-logo-yoast.jpg\",\"contentUrl\":\"https:\/\/www.bdplast.com\/wp-content\/uploads\/2025\/06\/bdplast-logo-yoast.jpg\",\"width\":1200,\"height\":628,\"caption\":\"BD Plast\"},\"image\":{\"@id\":\"https:\/\/www.bdplast.com\/#\/schema\/logo\/image\/\"},\"sameAs\":[\"https:\/\/www.youtube.com\/channel\/UCd6hdte7tZc8CfN_W9KxYTA\",\"https:\/\/it.linkedin.com\/company\/bd-plast-filtering-systems-srl\"]}]}<\/script>\n<!-- \/ Yoast SEO plugin. -->","yoast_head_json":{"title":"BDGS Kalanderfilter - BD Plast","description":"Die L\u00f6sung f\u00fcr Elastomere und Compoundierungsprozesse, bei denen Zug\u00e4nglichkeit und Sauberkeit Vorrang haben.","robots":{"index":"index","follow":"follow","max-snippet":"max-snippet:-1","max-image-preview":"max-image-preview:large","max-video-preview":"max-video-preview:-1"},"canonical":"https:\/\/www.bdplast.com\/de\/bdgs-kalanderfilter\/","og_locale":"de_DE","og_type":"article","og_title":"BDGS Kalanderfilter - BD Plast","og_description":"Die L\u00f6sung f\u00fcr Elastomere und Compoundierungsprozesse, bei denen Zug\u00e4nglichkeit und Sauberkeit Vorrang haben.","og_url":"https:\/\/www.bdplast.com\/de\/bdgs-kalanderfilter\/","og_site_name":"BD Plast","article_modified_time":"2025-10-10T15:14:25+00:00","twitter_card":"summary_large_image","twitter_misc":{"Gesch\u00e4tzte Lesezeit":"2\u00a0Minuten"},"schema":{"@context":"https:\/\/schema.org","@graph":[{"@type":"WebPage","@id":"https:\/\/www.bdplast.com\/de\/bdgs-kalanderfilter\/","url":"https:\/\/www.bdplast.com\/de\/bdgs-kalanderfilter\/","name":"BDGS Kalanderfilter - BD Plast","isPartOf":{"@id":"https:\/\/www.bdplast.com\/#website"},"datePublished":"2021-05-24T13:32:27+00:00","dateModified":"2025-10-10T15:14:25+00:00","description":"Die L\u00f6sung f\u00fcr Elastomere und Compoundierungsprozesse, bei denen Zug\u00e4nglichkeit und Sauberkeit Vorrang haben.","breadcrumb":{"@id":"https:\/\/www.bdplast.com\/de\/bdgs-kalanderfilter\/#breadcrumb"},"inLanguage":"de","potentialAction":[{"@type":"ReadAction","target":["https:\/\/www.bdplast.com\/de\/bdgs-kalanderfilter\/"]}]},{"@type":"BreadcrumbList","@id":"https:\/\/www.bdplast.com\/de\/bdgs-kalanderfilter\/#breadcrumb","itemListElement":[{"@type":"ListItem","position":1,"name":"Home","item":"https:\/\/www.bdplast.com\/de\/"},{"@type":"ListItem","position":2,"name":"BDGS Kalanderfilter"}]},{"@type":"WebSite","@id":"https:\/\/www.bdplast.com\/#website","url":"https:\/\/www.bdplast.com\/","name":"BD Plast","description":"Sistemi di filtrazione, deviazione e convoglio polimeri","publisher":{"@id":"https:\/\/www.bdplast.com\/#organization"},"potentialAction":[{"@type":"SearchAction","target":{"@type":"EntryPoint","urlTemplate":"https:\/\/www.bdplast.com\/?s={search_term_string}"},"query-input":{"@type":"PropertyValueSpecification","valueRequired":true,"valueName":"search_term_string"}}],"inLanguage":"de"},{"@type":"Organization","@id":"https:\/\/www.bdplast.com\/#organization","name":"BD Plast","url":"https:\/\/www.bdplast.com\/","logo":{"@type":"ImageObject","inLanguage":"de","@id":"https:\/\/www.bdplast.com\/#\/schema\/logo\/image\/","url":"https:\/\/www.bdplast.com\/wp-content\/uploads\/2025\/06\/bdplast-logo-yoast.jpg","contentUrl":"https:\/\/www.bdplast.com\/wp-content\/uploads\/2025\/06\/bdplast-logo-yoast.jpg","width":1200,"height":628,"caption":"BD Plast"},"image":{"@id":"https:\/\/www.bdplast.com\/#\/schema\/logo\/image\/"},"sameAs":["https:\/\/www.youtube.com\/channel\/UCd6hdte7tZc8CfN_W9KxYTA","https:\/\/it.linkedin.com\/company\/bd-plast-filtering-systems-srl"]}]}},"rttpg_featured_image_url":null,"rttpg_author":{"display_name":"studiochiesa","author_link":"https:\/\/www.bdplast.com\/de\/author\/studiochiesa\/"},"rttpg_comment":0,"rttpg_category":" <a href=\"https:\/\/www.bdplast.com\/de\/?taxonomy=translation_priority&#038;term=optional-de\" rel=\"tag\">Optional<\/a><a href=\"https:\/\/www.bdplast.com\/?taxonomy=translation_priority&#038;term=opzionale\" rel=\"tag\">Opzionale<\/a>","rttpg_excerpt":"[vc_row full_width=&#8220;stretch_row&#8220; css=&#8220;.vc_custom_1760109258927{background-image: url(https:\/\/www.bdplast.com\/wp-content\/uploads\/2021\/05\/accessori_accessories_BDGS_cover.jpg?id=17021) !important;background-position: center !important;background-repeat: no-repeat !important;background-size: cover !important;}&#8220; ...","_links":{"self":[{"href":"https:\/\/www.bdplast.com\/de\/wp-json\/wp\/v2\/pages\/16391","targetHints":{"allow":["GET"]}}],"collection":[{"href":"https:\/\/www.bdplast.com\/de\/wp-json\/wp\/v2\/pages"}],"about":[{"href":"https:\/\/www.bdplast.com\/de\/wp-json\/wp\/v2\/types\/page"}],"author":[{"embeddable":true,"href":"https:\/\/www.bdplast.com\/de\/wp-json\/wp\/v2\/users\/1"}],"replies":[{"embeddable":true,"href":"https:\/\/www.bdplast.com\/de\/wp-json\/wp\/v2\/comments?post=16391"}],"version-history":[{"count":7,"href":"https:\/\/www.bdplast.com\/de\/wp-json\/wp\/v2\/pages\/16391\/revisions"}],"predecessor-version":[{"id":21220,"href":"https:\/\/www.bdplast.com\/de\/wp-json\/wp\/v2\/pages\/16391\/revisions\/21220"}],"wp:attachment":[{"href":"https:\/\/www.bdplast.com\/de\/wp-json\/wp\/v2\/media?parent=16391"}],"curies":[{"name":"wp","href":"https:\/\/api.w.org\/{rel}","templated":true}]}}