{"id":17023,"date":"2021-05-24T15:33:56","date_gmt":"2021-05-24T13:33:56","guid":{"rendered":"https:\/\/www.bdplast.com\/?page_id=17023"},"modified":"2022-06-16T13:13:44","modified_gmt":"2022-06-16T11:13:44","slug":"hydraulische-kopfwechsler-bdcf","status":"publish","type":"page","link":"https:\/\/www.bdplast.com\/de\/hydraulische-kopfwechsler-bdcf\/","title":{"rendered":"Hydraulische Kopfwechsler BDCF"},"content":{"rendered":"<div class=\"wpb-content-wrapper\"><p>[vc_row full_width=&#8220;stretch_row&#8220; css=&#8220;.vc_custom_1621424225272{background-image: url(https:\/\/www.bdplast.com\/wp-content\/uploads\/2021\/05\/accessori_accessories_BDCF_cover.jpg?id=16514) !important;background-position: center !important;background-repeat: no-repeat !important;background-size: cover !important;}&#8220; el_class=&#8220;white_text&#8220; el_id=&#8220;head_prodotto&#8220;][vc_column][\/vc_column][\/vc_row][vc_row full_width=&#8220;stretch_row&#8220; css=&#8220;.vc_custom_1616665112965{padding-top: 2em !important;padding-bottom: 2em !important;background-color: #ec6608 !important;}&#8220; el_class=&#8220;white_text&#8220;][vc_column][vc_row_inner equal_height=&#8220;yes&#8220; content_placement=&#8220;middle&#8220;][vc_column_inner][vc_column_text]<\/p>\n<h1>Hydraulische Kopfwechsler BDCF<\/h1>\n<p>[\/vc_column_text][\/vc_column_inner][\/vc_row_inner][\/vc_column][\/vc_row][vc_row css=&#8220;.vc_custom_1616673282130{padding-top: 4em !important;padding-bottom: 4em !important;}&#8220; el_id=&#8220;scheda_prodotto_intro&#8220;][vc_column][vc_column_text]<\/p>\n<h2>Eine Zusatzausr\u00fcstung, die einen einfachen und schnellen Austausch von Extrusionsformen im Vergleich zu herk\u00f6mmlichen manuellen Verfahren erm\u00f6glicht.<\/h2>\n<p>[\/vc_column_text][vc_column_text]Besonders geeignet in Produktionsprozessen, in denen ein h\u00e4ufiger Kopfwechsel stattfindet, wie z. B. bei der Herstellung von Profilen.<br \/>\nHierbei erm\u00f6glicht der hydraulische Kopfwechsler BDCF die Reduzierung der \u201eTotzeiten\u201c in Abh\u00e4ngigkeit vom manuellen Austausch der K\u00f6pfe sowie deren Vorerhitzung. Diese k\u00f6nnen somit w\u00e4hrend der Produktionsphase ausgetauscht werden.<br \/>\nEs besteht die M\u00f6glichkeit zur Lieferung mit Lochplatten, um die Filtrationsfunktion zu integrieren. Das Erhitzen kann durch elektrische Ger\u00e4te oder Fl\u00fcssigkeiten erfolgen.[\/vc_column_text][\/vc_column][\/vc_row][vc_row full_width=&#8220;stretch_row&#8220; el_class=&#8220;white_text&#8220; el_id=&#8220;slider&#8220; css=&#8220;.vc_custom_1616679219141{padding-top: 4em !important;padding-bottom: 4em !important;background-color: #e9e7dd !important;background-position: center !important;background-repeat: no-repeat !important;background-size: cover !important;}&#8220;][vc_column]<div\n  id=\"vckit-image-slider-385128864\"\n  class=\"vckit-image-slider  \"\n  data-vckit-carousel='{\"arrows\":true,\"dots\":false,\"fade\":true,\"infinite\":true,\"arrow_style\":\"circle\",\"autoplay\":\"yes\",\"autoplay_speed\":3000,\"pause_on_hover\":\"yes\",\"speed\":300,\"md\":1,\"sm\":1,\"xs\":1,\"slides_to_scroll\":1}' data-gutter=\"0\">\n      <div class=\"vckit-image-slider__element\">\n            <img decoding=\"async\" src=\"https:\/\/www.bdplast.com\/wp-content\/uploads\/2021\/05\/accessori_accessories_BDCF_gallery.jpg\">\n          <\/div>\n  <\/div>\n<style type=\"text\/css\"><\/style>\n[\/vc_column][\/vc_row][vc_row full_width=&#8220;stretch_row&#8220; equal_height=&#8220;yes&#8220; content_placement=&#8220;middle&#8220; el_id=&#8220;scheda_prodotto&#8220; css=&#8220;.vc_custom_1616752804985{padding-top: 4em !important;padding-bottom: 4em !important;background-color: #475b5a !important;}&#8220;][vc_column width=&#8220;1\/2&#8243;][vc_single_image image=&#8220;17025&#8243; img_size=&#8220;full&#8220;][\/vc_column][vc_column width=&#8220;1\/2&#8243;][vc_column_text]<strong>GEEIGNET F\u00dcR DIE HERSTELLUNG VON<\/strong><\/p>\n<ul class=\"ul1\">\n<li class=\"li1\">Extrusionsverfahren<\/li>\n<\/ul>\n<p>[\/vc_column_text][vc_empty_space height=&#8220;1em&#8220;][vc_row_inner][vc_column_inner width=&#8220;2\/3&#8243;]<div class=\"\"><div class=\"cz_70732_p\"><a id=\"cz_70732\" class=\"cz_70732 cz_btn cz_btn_txt_no_fx cz_btn_no_fx cz_btn_icon_after cz_mobile_btn_center\" href=\"#\" target=\"_blank\"><span><strong>TECHNISCHES DATENBLATT HERUNTERLADEN<\/strong><i class=\"fa czico-194-download\"><\/i><\/span><b class=\"cz_btn_onhover\"><strong>TECHNISCHES DATENBLATT HERUNTERLADEN<\/strong><i class=\"fa czico-194-download\"><\/i><\/b><\/a><\/div><\/div>[\/vc_column_inner][vc_column_inner width=&#8220;1\/3&#8243;]<div class=\"cz_btn_left\"><div class=\"cz_81271_p\"><a id=\"cz_81271\" class=\"cz_81271 cz_btn cz_btn_txt_no_fx cz_btn_no_fx cz_btn_icon_after\" href=\"https:\/\/www.youtube.com\/watch?v=w6-UKpgXxew\" rel=\"nofollow\" target=\"_blank\"><span><strong>REINIGUNG SIEBPLATTE<\/strong><i class=\"fa czico-015-play\"><\/i><\/span><b class=\"cz_btn_onhover\"><strong>REINIGUNG SIEBPLATTE<\/strong><i class=\"fa czico-015-play\"><\/i><\/b><\/a><\/div><\/div><div class=\"clr\"><\/div>[\/vc_column_inner][\/vc_row_inner][\/vc_column][\/vc_row]<\/p>\n<\/div>","protected":false},"excerpt":{"rendered":"<p>[vc_row full_width=&#8220;stretch_row&#8220; css=&#8220;.vc_custom_1621424225272{background-image: url(https:\/\/www.bdplast.com\/wp-content\/uploads\/2021\/05\/accessori_accessories_BDCF_cover.jpg?id=16514) !important;background-position: center !important;background-repeat: no-repeat !important;background-size: cover !important;}&#8220; &#8230; <\/p>\n","protected":false},"author":1,"featured_media":0,"parent":0,"menu_order":0,"comment_status":"closed","ping_status":"closed","template":"","meta":{"footnotes":"","_links_to":"","_links_to_target":""},"class_list":["post-17023","page","type-page","status-publish","hentry"],"yoast_head":"<!-- This site is optimized with the Yoast SEO plugin v26.8 - https:\/\/yoast.com\/product\/yoast-seo-wordpress\/ -->\n<title>Hydraulische Kopfwechsler BDCF - BD Plast<\/title>\n<meta name=\"description\" content=\"Besonders geeignet in Produktionsprozessen, in denen ein h\u00e4ufiger Kopfwechsel stattfindet, wie z. B. bei der Herstellung von Profilen.Hierbei erm\u00f6glicht der hydraulische Kopfwechsler BDCF die Reduzierung der \u201eTotzeiten\u201c in Abh\u00e4ngigkeit vom manuellen Austausch der K\u00f6pfe sowie deren Vorerhitzung. Diese k\u00f6nnen somit w\u00e4hrend der Produktionsphase ausgetauscht werden.\" \/>\n<meta name=\"robots\" content=\"index, follow, max-snippet:-1, max-image-preview:large, max-video-preview:-1\" \/>\n<link rel=\"canonical\" href=\"https:\/\/www.bdplast.com\/cambiateste-idraulico-bdcf\/\" \/>\n<meta property=\"og:locale\" content=\"de_DE\" \/>\n<meta property=\"og:type\" content=\"article\" \/>\n<meta property=\"og:title\" content=\"Hydraulische Kopfwechsler BDCF - BD Plast\" \/>\n<meta property=\"og:description\" content=\"Besonders geeignet in Produktionsprozessen, in denen ein h\u00e4ufiger Kopfwechsel stattfindet, wie z. B. bei der Herstellung von Profilen.Hierbei erm\u00f6glicht der hydraulische Kopfwechsler BDCF die Reduzierung der \u201eTotzeiten\u201c in Abh\u00e4ngigkeit vom manuellen Austausch der K\u00f6pfe sowie deren Vorerhitzung. Diese k\u00f6nnen somit w\u00e4hrend der Produktionsphase ausgetauscht werden.\" \/>\n<meta property=\"og:url\" content=\"https:\/\/www.bdplast.com\/cambiateste-idraulico-bdcf\/\" \/>\n<meta property=\"og:site_name\" content=\"BD Plast\" \/>\n<meta property=\"article:modified_time\" content=\"2022-06-16T11:13:44+00:00\" \/>\n<meta name=\"twitter:card\" content=\"summary_large_image\" \/>\n<meta name=\"twitter:label1\" content=\"Gesch\u00e4tzte Lesezeit\" \/>\n\t<meta name=\"twitter:data1\" content=\"2\u00a0Minuten\" \/>\n<script type=\"application\/ld+json\" class=\"yoast-schema-graph\">{\"@context\":\"https:\/\/schema.org\",\"@graph\":[{\"@type\":\"WebPage\",\"@id\":\"https:\/\/www.bdplast.com\/cambiateste-idraulico-bdcf\/\",\"url\":\"https:\/\/www.bdplast.com\/cambiateste-idraulico-bdcf\/\",\"name\":\"Hydraulische Kopfwechsler BDCF - BD Plast\",\"isPartOf\":{\"@id\":\"https:\/\/www.bdplast.com\/#website\"},\"datePublished\":\"2021-05-24T13:33:56+00:00\",\"dateModified\":\"2022-06-16T11:13:44+00:00\",\"description\":\"Besonders geeignet in Produktionsprozessen, in denen ein h\u00e4ufiger Kopfwechsel stattfindet, wie z. B. bei der Herstellung von Profilen.Hierbei erm\u00f6glicht der hydraulische Kopfwechsler BDCF die Reduzierung der \u201eTotzeiten\u201c in Abh\u00e4ngigkeit vom manuellen Austausch der K\u00f6pfe sowie deren Vorerhitzung. Diese k\u00f6nnen somit w\u00e4hrend der Produktionsphase ausgetauscht werden.\",\"breadcrumb\":{\"@id\":\"https:\/\/www.bdplast.com\/cambiateste-idraulico-bdcf\/#breadcrumb\"},\"inLanguage\":\"de\",\"potentialAction\":[{\"@type\":\"ReadAction\",\"target\":[\"https:\/\/www.bdplast.com\/cambiateste-idraulico-bdcf\/\"]}]},{\"@type\":\"BreadcrumbList\",\"@id\":\"https:\/\/www.bdplast.com\/cambiateste-idraulico-bdcf\/#breadcrumb\",\"itemListElement\":[{\"@type\":\"ListItem\",\"position\":1,\"name\":\"Home\",\"item\":\"https:\/\/www.bdplast.com\/de\/\"},{\"@type\":\"ListItem\",\"position\":2,\"name\":\"Hydraulische Kopfwechsler BDCF\"}]},{\"@type\":\"WebSite\",\"@id\":\"https:\/\/www.bdplast.com\/#website\",\"url\":\"https:\/\/www.bdplast.com\/\",\"name\":\"BD Plast\",\"description\":\"Sistemi di filtrazione, deviazione e convoglio polimeri\",\"publisher\":{\"@id\":\"https:\/\/www.bdplast.com\/#organization\"},\"potentialAction\":[{\"@type\":\"SearchAction\",\"target\":{\"@type\":\"EntryPoint\",\"urlTemplate\":\"https:\/\/www.bdplast.com\/?s={search_term_string}\"},\"query-input\":{\"@type\":\"PropertyValueSpecification\",\"valueRequired\":true,\"valueName\":\"search_term_string\"}}],\"inLanguage\":\"de\"},{\"@type\":\"Organization\",\"@id\":\"https:\/\/www.bdplast.com\/#organization\",\"name\":\"BD Plast\",\"url\":\"https:\/\/www.bdplast.com\/\",\"logo\":{\"@type\":\"ImageObject\",\"inLanguage\":\"de\",\"@id\":\"https:\/\/www.bdplast.com\/#\/schema\/logo\/image\/\",\"url\":\"https:\/\/www.bdplast.com\/wp-content\/uploads\/2025\/06\/bdplast-logo-yoast.jpg\",\"contentUrl\":\"https:\/\/www.bdplast.com\/wp-content\/uploads\/2025\/06\/bdplast-logo-yoast.jpg\",\"width\":1200,\"height\":628,\"caption\":\"BD Plast\"},\"image\":{\"@id\":\"https:\/\/www.bdplast.com\/#\/schema\/logo\/image\/\"},\"sameAs\":[\"https:\/\/www.youtube.com\/channel\/UCd6hdte7tZc8CfN_W9KxYTA\",\"https:\/\/it.linkedin.com\/company\/bd-plast-filtering-systems-srl\"]}]}<\/script>\n<!-- \/ Yoast SEO plugin. -->","yoast_head_json":{"title":"Hydraulische Kopfwechsler BDCF - BD Plast","description":"Besonders geeignet in Produktionsprozessen, in denen ein h\u00e4ufiger Kopfwechsel stattfindet, wie z. B. bei der Herstellung von Profilen.Hierbei erm\u00f6glicht der hydraulische Kopfwechsler BDCF die Reduzierung der \u201eTotzeiten\u201c in Abh\u00e4ngigkeit vom manuellen Austausch der K\u00f6pfe sowie deren Vorerhitzung. Diese k\u00f6nnen somit w\u00e4hrend der Produktionsphase ausgetauscht werden.","robots":{"index":"index","follow":"follow","max-snippet":"max-snippet:-1","max-image-preview":"max-image-preview:large","max-video-preview":"max-video-preview:-1"},"canonical":"https:\/\/www.bdplast.com\/cambiateste-idraulico-bdcf\/","og_locale":"de_DE","og_type":"article","og_title":"Hydraulische Kopfwechsler BDCF - BD Plast","og_description":"Besonders geeignet in Produktionsprozessen, in denen ein h\u00e4ufiger Kopfwechsel stattfindet, wie z. B. bei der Herstellung von Profilen.Hierbei erm\u00f6glicht der hydraulische Kopfwechsler BDCF die Reduzierung der \u201eTotzeiten\u201c in Abh\u00e4ngigkeit vom manuellen Austausch der K\u00f6pfe sowie deren Vorerhitzung. Diese k\u00f6nnen somit w\u00e4hrend der Produktionsphase ausgetauscht werden.","og_url":"https:\/\/www.bdplast.com\/cambiateste-idraulico-bdcf\/","og_site_name":"BD Plast","article_modified_time":"2022-06-16T11:13:44+00:00","twitter_card":"summary_large_image","twitter_misc":{"Gesch\u00e4tzte Lesezeit":"2\u00a0Minuten"},"schema":{"@context":"https:\/\/schema.org","@graph":[{"@type":"WebPage","@id":"https:\/\/www.bdplast.com\/cambiateste-idraulico-bdcf\/","url":"https:\/\/www.bdplast.com\/cambiateste-idraulico-bdcf\/","name":"Hydraulische Kopfwechsler BDCF - BD Plast","isPartOf":{"@id":"https:\/\/www.bdplast.com\/#website"},"datePublished":"2021-05-24T13:33:56+00:00","dateModified":"2022-06-16T11:13:44+00:00","description":"Besonders geeignet in Produktionsprozessen, in denen ein h\u00e4ufiger Kopfwechsel stattfindet, wie z. B. bei der Herstellung von Profilen.Hierbei erm\u00f6glicht der hydraulische Kopfwechsler BDCF die Reduzierung der \u201eTotzeiten\u201c in Abh\u00e4ngigkeit vom manuellen Austausch der K\u00f6pfe sowie deren Vorerhitzung. Diese k\u00f6nnen somit w\u00e4hrend der Produktionsphase ausgetauscht werden.","breadcrumb":{"@id":"https:\/\/www.bdplast.com\/cambiateste-idraulico-bdcf\/#breadcrumb"},"inLanguage":"de","potentialAction":[{"@type":"ReadAction","target":["https:\/\/www.bdplast.com\/cambiateste-idraulico-bdcf\/"]}]},{"@type":"BreadcrumbList","@id":"https:\/\/www.bdplast.com\/cambiateste-idraulico-bdcf\/#breadcrumb","itemListElement":[{"@type":"ListItem","position":1,"name":"Home","item":"https:\/\/www.bdplast.com\/de\/"},{"@type":"ListItem","position":2,"name":"Hydraulische Kopfwechsler BDCF"}]},{"@type":"WebSite","@id":"https:\/\/www.bdplast.com\/#website","url":"https:\/\/www.bdplast.com\/","name":"BD Plast","description":"Sistemi di filtrazione, deviazione e convoglio polimeri","publisher":{"@id":"https:\/\/www.bdplast.com\/#organization"},"potentialAction":[{"@type":"SearchAction","target":{"@type":"EntryPoint","urlTemplate":"https:\/\/www.bdplast.com\/?s={search_term_string}"},"query-input":{"@type":"PropertyValueSpecification","valueRequired":true,"valueName":"search_term_string"}}],"inLanguage":"de"},{"@type":"Organization","@id":"https:\/\/www.bdplast.com\/#organization","name":"BD Plast","url":"https:\/\/www.bdplast.com\/","logo":{"@type":"ImageObject","inLanguage":"de","@id":"https:\/\/www.bdplast.com\/#\/schema\/logo\/image\/","url":"https:\/\/www.bdplast.com\/wp-content\/uploads\/2025\/06\/bdplast-logo-yoast.jpg","contentUrl":"https:\/\/www.bdplast.com\/wp-content\/uploads\/2025\/06\/bdplast-logo-yoast.jpg","width":1200,"height":628,"caption":"BD Plast"},"image":{"@id":"https:\/\/www.bdplast.com\/#\/schema\/logo\/image\/"},"sameAs":["https:\/\/www.youtube.com\/channel\/UCd6hdte7tZc8CfN_W9KxYTA","https:\/\/it.linkedin.com\/company\/bd-plast-filtering-systems-srl"]}]}},"rttpg_featured_image_url":null,"rttpg_author":{"display_name":"studiochiesa","author_link":"https:\/\/www.bdplast.com\/de\/author\/studiochiesa\/"},"rttpg_comment":0,"rttpg_category":false,"rttpg_excerpt":"[vc_row full_width=&#8220;stretch_row&#8220; css=&#8220;.vc_custom_1621424225272{background-image: url(https:\/\/www.bdplast.com\/wp-content\/uploads\/2021\/05\/accessori_accessories_BDCF_cover.jpg?id=16514) !important;background-position: center !important;background-repeat: no-repeat !important;background-size: cover !important;}&#8220; ...","_links":{"self":[{"href":"https:\/\/www.bdplast.com\/de\/wp-json\/wp\/v2\/pages\/17023","targetHints":{"allow":["GET"]}}],"collection":[{"href":"https:\/\/www.bdplast.com\/de\/wp-json\/wp\/v2\/pages"}],"about":[{"href":"https:\/\/www.bdplast.com\/de\/wp-json\/wp\/v2\/types\/page"}],"author":[{"embeddable":true,"href":"https:\/\/www.bdplast.com\/de\/wp-json\/wp\/v2\/users\/1"}],"replies":[{"embeddable":true,"href":"https:\/\/www.bdplast.com\/de\/wp-json\/wp\/v2\/comments?post=17023"}],"version-history":[{"count":5,"href":"https:\/\/www.bdplast.com\/de\/wp-json\/wp\/v2\/pages\/17023\/revisions"}],"predecessor-version":[{"id":18417,"href":"https:\/\/www.bdplast.com\/de\/wp-json\/wp\/v2\/pages\/17023\/revisions\/18417"}],"wp:attachment":[{"href":"https:\/\/www.bdplast.com\/de\/wp-json\/wp\/v2\/media?parent=17023"}],"curies":[{"name":"wp","href":"https:\/\/api.w.org\/{rel}","templated":true}]}}