{"id":18248,"date":"2022-09-01T17:25:52","date_gmt":"2022-09-01T15:25:52","guid":{"rendered":"https:\/\/www.bdplast.com\/?page_id=18248"},"modified":"2023-11-13T16:47:04","modified_gmt":"2023-11-13T15:47:04","slug":"kontinuierlicher-siebwechsler-cleanchanger","status":"publish","type":"page","link":"https:\/\/www.bdplast.com\/de\/kontinuierlicher-siebwechsler-cleanchanger\/","title":{"rendered":"Kontinuierlicher Siebwechsler CleanChanger"},"content":{"rendered":"<div class=\"wpb-content-wrapper\"><p>[vc_row full_width=&#8220;stretch_row&#8220; css=&#8220;.vc_custom_1651232151018{background-image: url(https:\/\/www.bdplast.com\/wp-content\/uploads\/2022\/04\/Cleanchanger_hero_web.jpg?id=18301) !important;background-position: center !important;background-repeat: no-repeat !important;background-size: cover !important;}&#8220; el_class=&#8220;white_text&#8220; el_id=&#8220;head_prodotto&#8220;][vc_column][\/vc_column][\/vc_row][vc_row full_width=&#8220;stretch_row&#8220; css=&#8220;.vc_custom_1616665112965{padding-top: 2em !important;padding-bottom: 2em !important;background-color: #ec6608 !important;}&#8220; el_class=&#8220;white_text&#8220;][vc_column][vc_row_inner equal_height=&#8220;yes&#8220; content_placement=&#8220;middle&#8220;][vc_column_inner][vc_column_text]<\/p>\n<h1>Kontinuierlicher Siebwechsler mit R\u00fccksp\u00fcllung CleanChanger\u00ae<\/h1>\n<p>[\/vc_column_text][\/vc_column_inner][\/vc_row_inner][\/vc_column][\/vc_row][vc_row css=&#8220;.vc_custom_1616673282130{padding-top: 4em !important;padding-bottom: 4em !important;}&#8220; el_id=&#8220;scheda_prodotto_intro&#8220;][vc_column][vc_column_text]<\/p>\n<h2>Der einzigartige selbstreinigende Siebwechsler mit automatischem Lochscheiben-Auswurfsystem.<\/h2>\n<p>[\/vc_column_text][vc_column_text]Mit dem innovativen <strong>CleanChanger\u00ae<\/strong>, einem kontinuierlichen Siebwechsler, haben wir eine neue und wichtige Seite in der Geschichte der automatischen Zyklusfiltration geschrieben. Die R\u00fccksp\u00fcllungssequenz wird <strong>vollst\u00e4ndig von einer SPS gesteuert<\/strong>, die mit einem Touchscreen ausgestattet ist, sodass der Siebwechsler unbeaufsichtigt und ohne Unterbrechungen arbeiten kann. Wir haben ein hocheffizientes R\u00fccksp\u00fcl-Reinigungssystem f\u00fcr Siebpakete entwickelt, das bis zu 400 Zyklen mit maximaler Effizienz und Wirtschaftlichkeit erreichen kann. Eine \u00e4u\u00dferst intuitive Steuerungssoftware erm\u00f6glicht den einfachen und flexiblen Einsatz des Siebwechslers<\/p>\n<p>Am Ende des Zyklus und bei stets maximaler Leistung des Extruders ist es m\u00f6glich, die Siebe dank des vollautomatischen Auswurfs der Siebhalter auszutauschen. <strong>CleanChanger\u00ae<\/strong>\u00a0bietet dank der Sorgfalt in der Designphase eine perfekte Durchflusskontinuit\u00e4t, die eine optimale Integration in die Extrusionslinie erm\u00f6glicht. Dies bedeutet die M\u00f6glichkeit, hochgradig angepasste und optimierte Projekte in <strong>echten Plug-and-Play-L\u00f6sungen zu erstellen<\/strong>.[\/vc_column_text][\/vc_column][\/vc_row][vc_row full_width=&#8220;stretch_row&#8220; el_class=&#8220;white_text&#8220; el_id=&#8220;slider&#8220; css=&#8220;.vc_custom_1616679219141{padding-top: 4em !important;padding-bottom: 4em !important;background-color: #e9e7dd !important;background-position: center !important;background-repeat: no-repeat !important;background-size: cover !important;}&#8220;][vc_column]<div\n  id=\"vckit-image-slider-395626525\"\n  class=\"vckit-image-slider  \"\n  data-vckit-carousel='{\"arrows\":true,\"dots\":false,\"fade\":true,\"infinite\":true,\"arrow_style\":\"circle\",\"autoplay\":\"yes\",\"autoplay_speed\":3000,\"pause_on_hover\":\"yes\",\"speed\":300,\"md\":1,\"sm\":1,\"xs\":1,\"slides_to_scroll\":1}' data-gutter=\"0\">\n      <div class=\"vckit-image-slider__element\">\n            <img decoding=\"async\" src=\"https:\/\/www.bdplast.com\/wp-content\/uploads\/2022\/04\/CleanChanger-DO1000494.jpg\">\n          <\/div>\n      <div class=\"vckit-image-slider__element\">\n            <img decoding=\"async\" src=\"https:\/\/www.bdplast.com\/wp-content\/uploads\/2022\/04\/CleanChanger-DO1000478.jpg\">\n          <\/div>\n      <div class=\"vckit-image-slider__element\">\n            <img decoding=\"async\" src=\"https:\/\/www.bdplast.com\/wp-content\/uploads\/2022\/04\/CleanChanger-DO1000505.jpg\">\n          <\/div>\n      <div class=\"vckit-image-slider__element\">\n            <img decoding=\"async\" src=\"https:\/\/www.bdplast.com\/wp-content\/uploads\/2022\/04\/CleanChanger-L1000006.jpg\">\n          <\/div>\n  <\/div>\n<style type=\"text\/css\"><\/style>\n[\/vc_column][\/vc_row][vc_row full_width=&#8220;stretch_row&#8220; equal_height=&#8220;yes&#8220; content_placement=&#8220;middle&#8220; el_id=&#8220;scheda_prodotto&#8220; css=&#8220;.vc_custom_1616752804985{padding-top: 4em !important;padding-bottom: 4em !important;background-color: #475b5a !important;}&#8220;][vc_column width=&#8220;1\/2&#8243;][vc_single_image image=&#8220;18266&#8243; img_size=&#8220;full&#8220;][\/vc_column][vc_column width=&#8220;1\/2&#8243;][vc_column_text]<strong>Geeignet f\u00fcr folgende Extrusionslinien:<\/strong><br \/>\n\u2022 Recycling (qualitativ und intensiv)<br \/>\n\u2022 Kompoundierung<br \/>\n\u2022 Flache und Hohlplatten<br \/>\n\u2022 Rohre und Profile<br \/>\n\u2022 Blas und Flachfolien<br \/>\n\u2022 Mono und Multifilamente<br \/>\n\u2022 Farbstoffe<br \/>\n\u2022 Klebstoffe und Leime[\/vc_column_text][vc_empty_space height=&#8220;1em&#8220;][vc_row_inner][vc_column_inner width=&#8220;2\/3&#8243;]<div class=\"\"><div class=\"cz_97652_p\"><a id=\"cz_97652\" class=\"cz_97652 cz_btn cz_btn_txt_no_fx cz_btn_no_fx cz_btn_icon_after cz_mobile_btn_center\" href=\"https:\/\/www.bdplast.com\/wp-content\/uploads\/2022\/09\/BD_Plast_Scheda_tecnica_DE.pdf\" target=\"_blank\"><span><strong>TECHNISCHES DATENBLATT HERUNTERLADEN<\/strong><i class=\"fa czico-194-download\"><\/i><\/span><b class=\"cz_btn_onhover\"><strong>TECHNISCHES DATENBLATT HERUNTERLADEN<\/strong><i class=\"fa czico-194-download\"><\/i><\/b><\/a><\/div><\/div>[\/vc_column_inner][vc_column_inner width=&#8220;1\/3&#8243;]<div class=\"\"><div class=\"cz_57284_p\"><a id=\"cz_57284\" class=\"cz_57284 cz_btn cz_btn_txt_no_fx cz_btn_no_fx cz_btn_icon_after cz_mobile_btn_center\" href=\"https:\/\/www.youtube.com\/watch?v=w6-UKpgXxew\" rel=\"nofollow\" target=\"_blank\"><span><strong>REINIGUNG SIEBPLATTE<\/strong><i class=\"fa czico-015-play\"><\/i><\/span><b class=\"cz_btn_onhover\"><strong>REINIGUNG SIEBPLATTE<\/strong><i class=\"fa czico-015-play\"><\/i><\/b><\/a><\/div><\/div>[\/vc_column_inner][\/vc_row_inner][\/vc_column][\/vc_row]<\/p>\n<\/div>","protected":false},"excerpt":{"rendered":"<p>[vc_row full_width=&#8220;stretch_row&#8220; css=&#8220;.vc_custom_1651232151018{background-image: url(https:\/\/www.bdplast.com\/wp-content\/uploads\/2022\/04\/Cleanchanger_hero_web.jpg?id=18301) !important;background-position: center !important;background-repeat: no-repeat !important;background-size: cover !important;}&#8220; &#8230; <\/p>\n","protected":false},"author":3,"featured_media":18763,"parent":0,"menu_order":0,"comment_status":"closed","ping_status":"closed","template":"","meta":{"footnotes":"","_links_to":"","_links_to_target":""},"class_list":["post-18248","page","type-page","status-publish","has-post-thumbnail","hentry"],"yoast_head":"<!-- This site is optimized with the Yoast SEO plugin v26.8 - https:\/\/yoast.com\/product\/yoast-seo-wordpress\/ -->\n<title>Kontinuierlicher Siebwechsler CleanChanger \u00a9 - BD Plast<\/title>\n<meta name=\"description\" content=\"Der einzigartige selbstreinigende Siebwechsler mit automatischem Lochscheiben-Auswurfsystem.\" \/>\n<meta name=\"robots\" content=\"index, follow, max-snippet:-1, max-image-preview:large, max-video-preview:-1\" \/>\n<link rel=\"canonical\" href=\"https:\/\/www.bdplast.com\/de\/kontinuierlicher-siebwechsler-cleanchanger\/\" \/>\n<meta property=\"og:locale\" content=\"de_DE\" \/>\n<meta property=\"og:type\" content=\"article\" \/>\n<meta property=\"og:title\" content=\"Kontinuierlicher Siebwechsler CleanChanger \u00a9 - BD Plast\" \/>\n<meta property=\"og:description\" content=\"Der einzigartige selbstreinigende Siebwechsler mit automatischem Lochscheiben-Auswurfsystem.\" \/>\n<meta property=\"og:url\" content=\"https:\/\/www.bdplast.com\/de\/kontinuierlicher-siebwechsler-cleanchanger\/\" \/>\n<meta property=\"og:site_name\" content=\"BD Plast\" \/>\n<meta property=\"article:modified_time\" content=\"2023-11-13T15:47:04+00:00\" \/>\n<meta property=\"og:image\" content=\"https:\/\/www.bdplast.com\/wp-content\/uploads\/2023\/02\/CleanChanger-featured-image.jpg\" \/>\n\t<meta property=\"og:image:width\" content=\"256\" \/>\n\t<meta property=\"og:image:height\" content=\"256\" \/>\n\t<meta property=\"og:image:type\" content=\"image\/jpeg\" \/>\n<meta name=\"twitter:card\" content=\"summary_large_image\" \/>\n<meta name=\"twitter:label1\" content=\"Gesch\u00e4tzte Lesezeit\" \/>\n\t<meta name=\"twitter:data1\" content=\"2\u00a0Minuten\" \/>\n<script type=\"application\/ld+json\" class=\"yoast-schema-graph\">{\"@context\":\"https:\/\/schema.org\",\"@graph\":[{\"@type\":\"WebPage\",\"@id\":\"https:\/\/www.bdplast.com\/de\/kontinuierlicher-siebwechsler-cleanchanger\/\",\"url\":\"https:\/\/www.bdplast.com\/de\/kontinuierlicher-siebwechsler-cleanchanger\/\",\"name\":\"Kontinuierlicher Siebwechsler CleanChanger \u00a9 - BD Plast\",\"isPartOf\":{\"@id\":\"https:\/\/www.bdplast.com\/#website\"},\"primaryImageOfPage\":{\"@id\":\"https:\/\/www.bdplast.com\/de\/kontinuierlicher-siebwechsler-cleanchanger\/#primaryimage\"},\"image\":{\"@id\":\"https:\/\/www.bdplast.com\/de\/kontinuierlicher-siebwechsler-cleanchanger\/#primaryimage\"},\"thumbnailUrl\":\"https:\/\/www.bdplast.com\/wp-content\/uploads\/2023\/02\/CleanChanger-featured-image.jpg\",\"datePublished\":\"2022-09-01T15:25:52+00:00\",\"dateModified\":\"2023-11-13T15:47:04+00:00\",\"description\":\"Der einzigartige selbstreinigende Siebwechsler mit automatischem Lochscheiben-Auswurfsystem.\",\"breadcrumb\":{\"@id\":\"https:\/\/www.bdplast.com\/de\/kontinuierlicher-siebwechsler-cleanchanger\/#breadcrumb\"},\"inLanguage\":\"de\",\"potentialAction\":[{\"@type\":\"ReadAction\",\"target\":[\"https:\/\/www.bdplast.com\/de\/kontinuierlicher-siebwechsler-cleanchanger\/\"]}]},{\"@type\":\"ImageObject\",\"inLanguage\":\"de\",\"@id\":\"https:\/\/www.bdplast.com\/de\/kontinuierlicher-siebwechsler-cleanchanger\/#primaryimage\",\"url\":\"https:\/\/www.bdplast.com\/wp-content\/uploads\/2023\/02\/CleanChanger-featured-image.jpg\",\"contentUrl\":\"https:\/\/www.bdplast.com\/wp-content\/uploads\/2023\/02\/CleanChanger-featured-image.jpg\",\"width\":256,\"height\":256},{\"@type\":\"BreadcrumbList\",\"@id\":\"https:\/\/www.bdplast.com\/de\/kontinuierlicher-siebwechsler-cleanchanger\/#breadcrumb\",\"itemListElement\":[{\"@type\":\"ListItem\",\"position\":1,\"name\":\"Home\",\"item\":\"https:\/\/www.bdplast.com\/de\/\"},{\"@type\":\"ListItem\",\"position\":2,\"name\":\"Kontinuierlicher Siebwechsler CleanChanger\"}]},{\"@type\":\"WebSite\",\"@id\":\"https:\/\/www.bdplast.com\/#website\",\"url\":\"https:\/\/www.bdplast.com\/\",\"name\":\"BD Plast\",\"description\":\"Sistemi di filtrazione, deviazione e convoglio polimeri\",\"publisher\":{\"@id\":\"https:\/\/www.bdplast.com\/#organization\"},\"potentialAction\":[{\"@type\":\"SearchAction\",\"target\":{\"@type\":\"EntryPoint\",\"urlTemplate\":\"https:\/\/www.bdplast.com\/?s={search_term_string}\"},\"query-input\":{\"@type\":\"PropertyValueSpecification\",\"valueRequired\":true,\"valueName\":\"search_term_string\"}}],\"inLanguage\":\"de\"},{\"@type\":\"Organization\",\"@id\":\"https:\/\/www.bdplast.com\/#organization\",\"name\":\"BD Plast\",\"url\":\"https:\/\/www.bdplast.com\/\",\"logo\":{\"@type\":\"ImageObject\",\"inLanguage\":\"de\",\"@id\":\"https:\/\/www.bdplast.com\/#\/schema\/logo\/image\/\",\"url\":\"https:\/\/www.bdplast.com\/wp-content\/uploads\/2025\/06\/bdplast-logo-yoast.jpg\",\"contentUrl\":\"https:\/\/www.bdplast.com\/wp-content\/uploads\/2025\/06\/bdplast-logo-yoast.jpg\",\"width\":1200,\"height\":628,\"caption\":\"BD Plast\"},\"image\":{\"@id\":\"https:\/\/www.bdplast.com\/#\/schema\/logo\/image\/\"},\"sameAs\":[\"https:\/\/www.youtube.com\/channel\/UCd6hdte7tZc8CfN_W9KxYTA\",\"https:\/\/it.linkedin.com\/company\/bd-plast-filtering-systems-srl\"]}]}<\/script>\n<!-- \/ Yoast SEO plugin. -->","yoast_head_json":{"title":"Kontinuierlicher Siebwechsler CleanChanger \u00a9 - BD Plast","description":"Der einzigartige selbstreinigende Siebwechsler mit automatischem Lochscheiben-Auswurfsystem.","robots":{"index":"index","follow":"follow","max-snippet":"max-snippet:-1","max-image-preview":"max-image-preview:large","max-video-preview":"max-video-preview:-1"},"canonical":"https:\/\/www.bdplast.com\/de\/kontinuierlicher-siebwechsler-cleanchanger\/","og_locale":"de_DE","og_type":"article","og_title":"Kontinuierlicher Siebwechsler CleanChanger \u00a9 - BD Plast","og_description":"Der einzigartige selbstreinigende Siebwechsler mit automatischem Lochscheiben-Auswurfsystem.","og_url":"https:\/\/www.bdplast.com\/de\/kontinuierlicher-siebwechsler-cleanchanger\/","og_site_name":"BD Plast","article_modified_time":"2023-11-13T15:47:04+00:00","og_image":[{"width":256,"height":256,"url":"https:\/\/www.bdplast.com\/wp-content\/uploads\/2023\/02\/CleanChanger-featured-image.jpg","type":"image\/jpeg"}],"twitter_card":"summary_large_image","twitter_misc":{"Gesch\u00e4tzte Lesezeit":"2\u00a0Minuten"},"schema":{"@context":"https:\/\/schema.org","@graph":[{"@type":"WebPage","@id":"https:\/\/www.bdplast.com\/de\/kontinuierlicher-siebwechsler-cleanchanger\/","url":"https:\/\/www.bdplast.com\/de\/kontinuierlicher-siebwechsler-cleanchanger\/","name":"Kontinuierlicher Siebwechsler CleanChanger \u00a9 - BD Plast","isPartOf":{"@id":"https:\/\/www.bdplast.com\/#website"},"primaryImageOfPage":{"@id":"https:\/\/www.bdplast.com\/de\/kontinuierlicher-siebwechsler-cleanchanger\/#primaryimage"},"image":{"@id":"https:\/\/www.bdplast.com\/de\/kontinuierlicher-siebwechsler-cleanchanger\/#primaryimage"},"thumbnailUrl":"https:\/\/www.bdplast.com\/wp-content\/uploads\/2023\/02\/CleanChanger-featured-image.jpg","datePublished":"2022-09-01T15:25:52+00:00","dateModified":"2023-11-13T15:47:04+00:00","description":"Der einzigartige selbstreinigende Siebwechsler mit automatischem Lochscheiben-Auswurfsystem.","breadcrumb":{"@id":"https:\/\/www.bdplast.com\/de\/kontinuierlicher-siebwechsler-cleanchanger\/#breadcrumb"},"inLanguage":"de","potentialAction":[{"@type":"ReadAction","target":["https:\/\/www.bdplast.com\/de\/kontinuierlicher-siebwechsler-cleanchanger\/"]}]},{"@type":"ImageObject","inLanguage":"de","@id":"https:\/\/www.bdplast.com\/de\/kontinuierlicher-siebwechsler-cleanchanger\/#primaryimage","url":"https:\/\/www.bdplast.com\/wp-content\/uploads\/2023\/02\/CleanChanger-featured-image.jpg","contentUrl":"https:\/\/www.bdplast.com\/wp-content\/uploads\/2023\/02\/CleanChanger-featured-image.jpg","width":256,"height":256},{"@type":"BreadcrumbList","@id":"https:\/\/www.bdplast.com\/de\/kontinuierlicher-siebwechsler-cleanchanger\/#breadcrumb","itemListElement":[{"@type":"ListItem","position":1,"name":"Home","item":"https:\/\/www.bdplast.com\/de\/"},{"@type":"ListItem","position":2,"name":"Kontinuierlicher Siebwechsler CleanChanger"}]},{"@type":"WebSite","@id":"https:\/\/www.bdplast.com\/#website","url":"https:\/\/www.bdplast.com\/","name":"BD Plast","description":"Sistemi di filtrazione, deviazione e convoglio polimeri","publisher":{"@id":"https:\/\/www.bdplast.com\/#organization"},"potentialAction":[{"@type":"SearchAction","target":{"@type":"EntryPoint","urlTemplate":"https:\/\/www.bdplast.com\/?s={search_term_string}"},"query-input":{"@type":"PropertyValueSpecification","valueRequired":true,"valueName":"search_term_string"}}],"inLanguage":"de"},{"@type":"Organization","@id":"https:\/\/www.bdplast.com\/#organization","name":"BD Plast","url":"https:\/\/www.bdplast.com\/","logo":{"@type":"ImageObject","inLanguage":"de","@id":"https:\/\/www.bdplast.com\/#\/schema\/logo\/image\/","url":"https:\/\/www.bdplast.com\/wp-content\/uploads\/2025\/06\/bdplast-logo-yoast.jpg","contentUrl":"https:\/\/www.bdplast.com\/wp-content\/uploads\/2025\/06\/bdplast-logo-yoast.jpg","width":1200,"height":628,"caption":"BD Plast"},"image":{"@id":"https:\/\/www.bdplast.com\/#\/schema\/logo\/image\/"},"sameAs":["https:\/\/www.youtube.com\/channel\/UCd6hdte7tZc8CfN_W9KxYTA","https:\/\/it.linkedin.com\/company\/bd-plast-filtering-systems-srl"]}]}},"rttpg_featured_image_url":{"full":["https:\/\/www.bdplast.com\/wp-content\/uploads\/2023\/02\/CleanChanger-featured-image.jpg",256,256,false],"landscape":["https:\/\/www.bdplast.com\/wp-content\/uploads\/2023\/02\/CleanChanger-featured-image.jpg",256,256,false],"portraits":["https:\/\/www.bdplast.com\/wp-content\/uploads\/2023\/02\/CleanChanger-featured-image.jpg",256,256,false],"thumbnail":["https:\/\/www.bdplast.com\/wp-content\/uploads\/2023\/02\/CleanChanger-featured-image-150x150.jpg",150,150,true],"medium":["https:\/\/www.bdplast.com\/wp-content\/uploads\/2023\/02\/CleanChanger-featured-image.jpg",256,256,false],"large":["https:\/\/www.bdplast.com\/wp-content\/uploads\/2023\/02\/CleanChanger-featured-image.jpg",256,256,false],"1536x1536":["https:\/\/www.bdplast.com\/wp-content\/uploads\/2023\/02\/CleanChanger-featured-image.jpg",256,256,false],"2048x2048":["https:\/\/www.bdplast.com\/wp-content\/uploads\/2023\/02\/CleanChanger-featured-image.jpg",256,256,false],"codevz_360_320":["https:\/\/www.bdplast.com\/wp-content\/uploads\/2023\/02\/CleanChanger-featured-image.jpg",256,256,false],"codevz_600_600":["https:\/\/www.bdplast.com\/wp-content\/uploads\/2023\/02\/CleanChanger-featured-image.jpg",256,256,false],"codevz_1200_200":["https:\/\/www.bdplast.com\/wp-content\/uploads\/2023\/02\/CleanChanger-featured-image-256x200.jpg",256,200,true],"codevz_1200_500":["https:\/\/www.bdplast.com\/wp-content\/uploads\/2023\/02\/CleanChanger-featured-image.jpg",256,256,false],"codevz_600_1000":["https:\/\/www.bdplast.com\/wp-content\/uploads\/2023\/02\/CleanChanger-featured-image.jpg",256,256,false],"codevz_600_9999":["https:\/\/www.bdplast.com\/wp-content\/uploads\/2023\/02\/CleanChanger-featured-image.jpg",256,256,false],"gform-image-choice-sm":["https:\/\/www.bdplast.com\/wp-content\/uploads\/2023\/02\/CleanChanger-featured-image.jpg",256,256,false],"gform-image-choice-md":["https:\/\/www.bdplast.com\/wp-content\/uploads\/2023\/02\/CleanChanger-featured-image.jpg",256,256,false],"gform-image-choice-lg":["https:\/\/www.bdplast.com\/wp-content\/uploads\/2023\/02\/CleanChanger-featured-image.jpg",256,256,false]},"rttpg_author":{"display_name":"Max","author_link":"https:\/\/www.bdplast.com\/de\/author\/max\/"},"rttpg_comment":0,"rttpg_category":" <a href=\"https:\/\/www.bdplast.com\/de\/?taxonomy=translation_priority&#038;term=optional-de\" rel=\"tag\">Optional<\/a><a href=\"https:\/\/www.bdplast.com\/?taxonomy=translation_priority&#038;term=opzionale\" rel=\"tag\">Opzionale<\/a>","rttpg_excerpt":"[vc_row full_width=&#8220;stretch_row&#8220; css=&#8220;.vc_custom_1651232151018{background-image: url(https:\/\/www.bdplast.com\/wp-content\/uploads\/2022\/04\/Cleanchanger_hero_web.jpg?id=18301) !important;background-position: center !important;background-repeat: no-repeat !important;background-size: cover !important;}&#8220; ...","_links":{"self":[{"href":"https:\/\/www.bdplast.com\/de\/wp-json\/wp\/v2\/pages\/18248","targetHints":{"allow":["GET"]}}],"collection":[{"href":"https:\/\/www.bdplast.com\/de\/wp-json\/wp\/v2\/pages"}],"about":[{"href":"https:\/\/www.bdplast.com\/de\/wp-json\/wp\/v2\/types\/page"}],"author":[{"embeddable":true,"href":"https:\/\/www.bdplast.com\/de\/wp-json\/wp\/v2\/users\/3"}],"replies":[{"embeddable":true,"href":"https:\/\/www.bdplast.com\/de\/wp-json\/wp\/v2\/comments?post=18248"}],"version-history":[{"count":5,"href":"https:\/\/www.bdplast.com\/de\/wp-json\/wp\/v2\/pages\/18248\/revisions"}],"predecessor-version":[{"id":19432,"href":"https:\/\/www.bdplast.com\/de\/wp-json\/wp\/v2\/pages\/18248\/revisions\/19432"}],"wp:featuredmedia":[{"embeddable":true,"href":"https:\/\/www.bdplast.com\/de\/wp-json\/wp\/v2\/media\/18763"}],"wp:attachment":[{"href":"https:\/\/www.bdplast.com\/de\/wp-json\/wp\/v2\/media?parent=18248"}],"curies":[{"name":"wp","href":"https:\/\/api.w.org\/{rel}","templated":true}]}}