{"id":21039,"date":"2025-10-09T17:52:49","date_gmt":"2025-10-09T15:52:49","guid":{"rendered":"https:\/\/www.bdplast.com\/soluzioni-complete-bdmp-bdox2-bdvd\/"},"modified":"2025-10-10T10:01:24","modified_gmt":"2025-10-10T08:01:24","slug":"komplette-loesungen-bdmp-bdox2-bdvd","status":"publish","type":"page","link":"https:\/\/www.bdplast.com\/de\/komplette-loesungen-bdmp-bdox2-bdvd\/","title":{"rendered":"Komplette L\u00f6sungen BDMP + BDOx2 + BDVD"},"content":{"rendered":"<div class=\"wpb-content-wrapper\"><p>[vc_row full_width=&#8220;stretch_row&#8220; css=&#8220;.vc_custom_1760027160095{background-image: url(https:\/\/www.bdplast.com\/wp-content\/uploads\/2025\/10\/Soluz.Complete_fondo-HERO.jpg?id=21019) !important;background-position: center !important;background-repeat: no-repeat !important;background-size: cover !important;}&#8220; el_class=&#8220;white_text&#8220; el_id=&#8220;head_prodotto&#8220;][vc_column][\/vc_column][\/vc_row][vc_row full_width=&#8220;stretch_row&#8220; css=&#8220;.vc_custom_1616665112965{padding-top: 2em !important;padding-bottom: 2em !important;background-color: #ec6608 !important;}&#8220; el_class=&#8220;white_text&#8220;][vc_column][vc_row_inner equal_height=&#8220;yes&#8220; content_placement=&#8220;middle&#8220;][vc_column_inner][vc_column_text css=&#8220;&#8220;]<\/p>\n<h1>Komplette L\u00f6sungen BDMP + BDOx2 + BDVD<\/h1>\n<p>[\/vc_column_text][\/vc_column_inner][\/vc_row_inner][\/vc_column][\/vc_row][vc_row css=&#8220;.vc_custom_1616673282130{padding-top: 4em !important;padding-bottom: 4em !important;}&#8220; el_id=&#8220;scheda_prodotto_intro&#8220;][vc_column][vc_column_text css=&#8220;&#8220;]<\/p>\n<h2>Ma\u00dfgeschneiderte Ingenieurl\u00f6sungen f\u00fcr das Wachstum unserer Kunden<\/h2>\n<p>[\/vc_column_text][vc_column_text css=&#8220;&#8220;]<\/p>\n<div>\n<div class=\"text-base my-auto mx-auto pb-10 [--thread-content-margin:--spacing(4)] thread-sm:[--thread-content-margin:--spacing(6)] thread-lg:[--thread-content-margin:--spacing(16)] px-(--thread-content-margin)\">\n<div class=\"[--thread-content-max-width:40rem] thread-lg:[--thread-content-max-width:48rem] mx-auto max-w-(--thread-content-max-width) flex-1 group\/turn-messages focus-visible:outline-hidden relative flex w-full min-w-0 flex-col agent-turn\">\n<div class=\"flex max-w-full flex-col grow\">\n<div class=\"min-h-8 text-message relative flex w-full flex-col items-end gap-2 text-start break-words whitespace-normal [.text-message+&amp;]:mt-5\" dir=\"auto\">\n<div class=\"flex w-full flex-col gap-1 empty:hidden first:pt-[1px]\">\n<div class=\"markdown prose dark:prose-invert w-full break-words light markdown-new-styling\">\n<p>Bei <strong>BD Plast Filtering Systems<\/strong> entwickeln wir <strong>ma\u00dfgeschneiderte L\u00f6sungen<\/strong>, die <strong>Zahnradpumpen, Siebwechsler und Umschaltventile<\/strong> kombinieren, um eine pr\u00e4zise Extrusionskontrolle zu gew\u00e4hrleisten.<br \/>\nDiese Systeme optimieren die Produktion, reduzieren Stillstandszeiten und erm\u00f6glichen eine effiziente Verarbeitung geschmolzener Materialien.<br \/>\nDas <strong>BDMP \u2013 BDOx2 \u2013 BDVD<\/strong>-System integriert modernste Technologie f\u00fcr einen zuverl\u00e4ssigen Produktionsfluss.<br \/>\nUnsere <strong>weltweite Pr\u00e4senz<\/strong> und die <strong>enge Zusammenarbeit mit den Kunden<\/strong> garantieren Innovation, Qualit\u00e4t und Wachstum.<\/p>\n<\/div>\n<\/div>\n<\/div>\n<\/div>\n<\/div>\n<\/div>\n<\/div>\n<p>[\/vc_column_text][\/vc_column][\/vc_row][vc_row full_width=&#8220;stretch_row&#8220; el_class=&#8220;white_text&#8220; el_id=&#8220;slider&#8220; css=&#8220;.vc_custom_1616679219141{padding-top: 4em !important;padding-bottom: 4em !important;background-color: #e9e7dd !important;background-position: center !important;background-repeat: no-repeat !important;background-size: cover !important;}&#8220;][vc_column]<div\n  id=\"vckit-image-slider-939467368\"\n  class=\"vckit-image-slider  \"\n  data-vckit-carousel='{\"arrows\":true,\"dots\":false,\"fade\":true,\"infinite\":true,\"arrow_style\":\"circle\",\"autoplay\":\"yes\",\"autoplay_speed\":3000,\"pause_on_hover\":\"yes\",\"speed\":300,\"md\":1,\"sm\":1,\"xs\":1,\"slides_to_scroll\":1}' data-gutter=\"0\">\n      <div class=\"vckit-image-slider__element\">\n            <img decoding=\"async\" src=\"https:\/\/www.bdplast.com\/wp-content\/uploads\/2025\/10\/BDCS-BDOx2-POMPA-S.jpg\">\n          <\/div>\n      <div class=\"vckit-image-slider__element\">\n            <img decoding=\"async\" src=\"https:\/\/www.bdplast.com\/wp-content\/uploads\/2025\/10\/BDO-FQ-400-pompa-S.jpg\">\n          <\/div>\n      <div class=\"vckit-image-slider__element\">\n            <img decoding=\"async\" src=\"https:\/\/www.bdplast.com\/wp-content\/uploads\/2025\/10\/BDO-200-Novostrat-S.jpg\">\n          <\/div>\n      <div class=\"vckit-image-slider__element\">\n            <img decoding=\"async\" src=\"https:\/\/www.bdplast.com\/wp-content\/uploads\/2025\/10\/BDOx2-80-pompa-S.jpg\">\n          <\/div>\n  <\/div>\n<style type=\"text\/css\"><\/style>\n[\/vc_column][\/vc_row][vc_row full_width=&#8220;stretch_row&#8220; equal_height=&#8220;yes&#8220; content_placement=&#8220;middle&#8220; el_id=&#8220;scheda_prodotto&#8220; css=&#8220;.vc_custom_1616752804985{padding-top: 4em !important;padding-bottom: 4em !important;background-color: #475b5a !important;}&#8220;][vc_column width=&#8220;1\/2&#8243;][vc_single_image image=&#8220;20997&#8243; img_size=&#8220;full&#8220; css=&#8220;&#8220;][\/vc_column][vc_column width=&#8220;1\/2&#8243;][vc_column_text css=&#8220;&#8220;]<\/p>\n<div>\n<div class=\"text-base my-auto mx-auto pb-10 [--thread-content-margin:--spacing(4)] thread-sm:[--thread-content-margin:--spacing(6)] thread-lg:[--thread-content-margin:--spacing(16)] px-(--thread-content-margin)\">\n<div class=\"[--thread-content-max-width:40rem] thread-lg:[--thread-content-max-width:48rem] mx-auto max-w-(--thread-content-max-width) flex-1 group\/turn-messages focus-visible:outline-hidden relative flex w-full min-w-0 flex-col agent-turn\">\n<div class=\"flex max-w-full flex-col grow\">\n<div class=\"min-h-8 text-message relative flex w-full flex-col items-end gap-2 text-start break-words whitespace-normal [.text-message+&amp;]:mt-5\" dir=\"auto\">\n<div class=\"flex w-full flex-col gap-1 empty:hidden first:pt-[1px]\">\n<div class=\"markdown prose dark:prose-invert w-full break-words light markdown-new-styling\">\n<p><strong>Geeignet f\u00fcr die Produktion von:<\/strong><\/p>\n<ul>\n<li>Komplette Extrusionsl\u00f6sungen<\/li>\n<li>Integrierte Systeme mit Pumpen, Siebwechslern und Ventilen<\/li>\n<li>Kundenspezifische Hochleistungsanlagen<\/li>\n<\/ul>\n<\/div>\n<\/div>\n<\/div>\n<\/div>\n<\/div>\n<\/div>\n<\/div>\n<p>[\/vc_column_text][vc_empty_space height=&#8220;1em&#8220;][vc_row_inner][vc_column_inner width=&#8220;1\/2&#8243;]<div class=\"\"><div class=\"cz_77592_p\"><a id=\"cz_77592\" class=\"cz_77592 cz_btn cz_btn_txt_no_fx cz_btn_no_fx cz_btn_icon_after cz_mobile_btn_center\" href=\"https:\/\/www.bdplast.com\/wp-content\/uploads\/2025\/10\/BDPlast_Complete-solutions-EN.pdf\" target=\"_blank\"><span><strong>TECHNISCHES DATENBLATT HERUNTERLADEN<\/strong><i class=\"fa czico-194-download\"><\/i><\/span><b class=\"cz_btn_onhover\"><strong>TECHNISCHES DATENBLATT HERUNTERLADEN<\/strong><i class=\"fa czico-194-download\"><\/i><\/b><\/a><\/div><\/div>[\/vc_column_inner][vc_column_inner width=&#8220;1\/2&#8243;]<div class=\"\"><div class=\"cz_103263_p\"><a id=\"cz_103263\" class=\"cz_103263 cz_btn cz_btn_txt_no_fx cz_btn_no_fx cz_btn_icon_after cz_mobile_btn_center\" href=\"https:\/\/www.youtube.com\/watch?v=w6-UKpgXxew\" rel=\"nofollow\" target=\"_blank\"><span><strong>REINIGUNG SIEBPLATTE<\/strong><i class=\"fa czico-015-play\"><\/i><\/span><b class=\"cz_btn_onhover\"><strong>REINIGUNG SIEBPLATTE<\/strong><i class=\"fa czico-015-play\"><\/i><\/b><\/a><\/div><\/div>[\/vc_column_inner][\/vc_row_inner][\/vc_column][\/vc_row]<\/p>\n<\/div>","protected":false},"excerpt":{"rendered":"<p>[vc_row full_width=&#8220;stretch_row&#8220; css=&#8220;.vc_custom_1760027160095{background-image: url(https:\/\/www.bdplast.com\/wp-content\/uploads\/2025\/10\/Soluz.Complete_fondo-HERO.jpg?id=21019) !important;background-position: center !important;background-repeat: no-repeat !important;background-size: cover !important;}&#8220; &#8230; <\/p>\n","protected":false},"author":3,"featured_media":20879,"parent":0,"menu_order":0,"comment_status":"closed","ping_status":"closed","template":"","meta":{"footnotes":"","_links_to":"","_links_to_target":""},"class_list":["post-21039","page","type-page","status-publish","has-post-thumbnail","hentry"],"yoast_head":"<!-- This site is optimized with the Yoast SEO plugin v26.8 - https:\/\/yoast.com\/product\/yoast-seo-wordpress\/ -->\n<title>Komplette L\u00f6sungen BDMP + BDOx2 + BDVD - BD Plast<\/title>\n<meta name=\"description\" content=\"BDMP + BDOx2 + BDVD: integrierte Systeme mit Pumpen, Siebwechslern und Ventilen f\u00fcr effiziente, ma\u00dfgeschneiderte Extrusionsl\u00f6sungen.\" \/>\n<meta name=\"robots\" content=\"index, follow, max-snippet:-1, max-image-preview:large, max-video-preview:-1\" \/>\n<link rel=\"canonical\" href=\"https:\/\/www.bdplast.com\/de\/komplette-loesungen-bdmp-bdox2-bdvd\/\" \/>\n<meta property=\"og:locale\" content=\"de_DE\" \/>\n<meta property=\"og:type\" content=\"article\" \/>\n<meta property=\"og:title\" content=\"Komplette L\u00f6sungen BDMP + BDOx2 + BDVD - BD Plast\" \/>\n<meta property=\"og:description\" content=\"BDMP + BDOx2 + BDVD: integrierte Systeme mit Pumpen, Siebwechslern und Ventilen f\u00fcr effiziente, ma\u00dfgeschneiderte Extrusionsl\u00f6sungen.\" \/>\n<meta property=\"og:url\" content=\"https:\/\/www.bdplast.com\/de\/komplette-loesungen-bdmp-bdox2-bdvd\/\" \/>\n<meta property=\"og:site_name\" content=\"BD Plast\" \/>\n<meta property=\"article:modified_time\" content=\"2025-10-10T08:01:24+00:00\" \/>\n<meta property=\"og:image\" content=\"https:\/\/www.bdplast.com\/wp-content\/uploads\/2025\/10\/BDOx2_REC_2025.jpg\" \/>\n\t<meta property=\"og:image:width\" content=\"2048\" \/>\n\t<meta property=\"og:image:height\" content=\"1245\" \/>\n\t<meta property=\"og:image:type\" content=\"image\/jpeg\" \/>\n<meta name=\"twitter:card\" content=\"summary_large_image\" \/>\n<meta name=\"twitter:label1\" content=\"Gesch\u00e4tzte Lesezeit\" \/>\n\t<meta name=\"twitter:data1\" content=\"2\u00a0Minuten\" \/>\n<script type=\"application\/ld+json\" class=\"yoast-schema-graph\">{\"@context\":\"https:\/\/schema.org\",\"@graph\":[{\"@type\":\"WebPage\",\"@id\":\"https:\/\/www.bdplast.com\/de\/komplette-loesungen-bdmp-bdox2-bdvd\/\",\"url\":\"https:\/\/www.bdplast.com\/de\/komplette-loesungen-bdmp-bdox2-bdvd\/\",\"name\":\"Komplette L\u00f6sungen BDMP + BDOx2 + BDVD - BD Plast\",\"isPartOf\":{\"@id\":\"https:\/\/www.bdplast.com\/#website\"},\"primaryImageOfPage\":{\"@id\":\"https:\/\/www.bdplast.com\/de\/komplette-loesungen-bdmp-bdox2-bdvd\/#primaryimage\"},\"image\":{\"@id\":\"https:\/\/www.bdplast.com\/de\/komplette-loesungen-bdmp-bdox2-bdvd\/#primaryimage\"},\"thumbnailUrl\":\"https:\/\/www.bdplast.com\/wp-content\/uploads\/2025\/10\/BDOx2_REC_2025.jpg\",\"datePublished\":\"2025-10-09T15:52:49+00:00\",\"dateModified\":\"2025-10-10T08:01:24+00:00\",\"description\":\"BDMP + BDOx2 + BDVD: integrierte Systeme mit Pumpen, Siebwechslern und Ventilen f\u00fcr effiziente, ma\u00dfgeschneiderte Extrusionsl\u00f6sungen.\",\"breadcrumb\":{\"@id\":\"https:\/\/www.bdplast.com\/de\/komplette-loesungen-bdmp-bdox2-bdvd\/#breadcrumb\"},\"inLanguage\":\"de\",\"potentialAction\":[{\"@type\":\"ReadAction\",\"target\":[\"https:\/\/www.bdplast.com\/de\/komplette-loesungen-bdmp-bdox2-bdvd\/\"]}]},{\"@type\":\"ImageObject\",\"inLanguage\":\"de\",\"@id\":\"https:\/\/www.bdplast.com\/de\/komplette-loesungen-bdmp-bdox2-bdvd\/#primaryimage\",\"url\":\"https:\/\/www.bdplast.com\/wp-content\/uploads\/2025\/10\/BDOx2_REC_2025.jpg\",\"contentUrl\":\"https:\/\/www.bdplast.com\/wp-content\/uploads\/2025\/10\/BDOx2_REC_2025.jpg\",\"width\":2048,\"height\":1245},{\"@type\":\"BreadcrumbList\",\"@id\":\"https:\/\/www.bdplast.com\/de\/komplette-loesungen-bdmp-bdox2-bdvd\/#breadcrumb\",\"itemListElement\":[{\"@type\":\"ListItem\",\"position\":1,\"name\":\"Home\",\"item\":\"https:\/\/www.bdplast.com\/de\/\"},{\"@type\":\"ListItem\",\"position\":2,\"name\":\"Komplette L\u00f6sungen BDMP + BDOx2 + BDVD\"}]},{\"@type\":\"WebSite\",\"@id\":\"https:\/\/www.bdplast.com\/#website\",\"url\":\"https:\/\/www.bdplast.com\/\",\"name\":\"BD Plast\",\"description\":\"Sistemi di filtrazione, deviazione e convoglio polimeri\",\"publisher\":{\"@id\":\"https:\/\/www.bdplast.com\/#organization\"},\"potentialAction\":[{\"@type\":\"SearchAction\",\"target\":{\"@type\":\"EntryPoint\",\"urlTemplate\":\"https:\/\/www.bdplast.com\/?s={search_term_string}\"},\"query-input\":{\"@type\":\"PropertyValueSpecification\",\"valueRequired\":true,\"valueName\":\"search_term_string\"}}],\"inLanguage\":\"de\"},{\"@type\":\"Organization\",\"@id\":\"https:\/\/www.bdplast.com\/#organization\",\"name\":\"BD Plast\",\"url\":\"https:\/\/www.bdplast.com\/\",\"logo\":{\"@type\":\"ImageObject\",\"inLanguage\":\"de\",\"@id\":\"https:\/\/www.bdplast.com\/#\/schema\/logo\/image\/\",\"url\":\"https:\/\/www.bdplast.com\/wp-content\/uploads\/2025\/06\/bdplast-logo-yoast.jpg\",\"contentUrl\":\"https:\/\/www.bdplast.com\/wp-content\/uploads\/2025\/06\/bdplast-logo-yoast.jpg\",\"width\":1200,\"height\":628,\"caption\":\"BD Plast\"},\"image\":{\"@id\":\"https:\/\/www.bdplast.com\/#\/schema\/logo\/image\/\"},\"sameAs\":[\"https:\/\/www.youtube.com\/channel\/UCd6hdte7tZc8CfN_W9KxYTA\",\"https:\/\/it.linkedin.com\/company\/bd-plast-filtering-systems-srl\"]}]}<\/script>\n<!-- \/ Yoast SEO plugin. -->","yoast_head_json":{"title":"Komplette L\u00f6sungen BDMP + BDOx2 + BDVD - BD Plast","description":"BDMP + BDOx2 + BDVD: integrierte Systeme mit Pumpen, Siebwechslern und Ventilen f\u00fcr effiziente, ma\u00dfgeschneiderte Extrusionsl\u00f6sungen.","robots":{"index":"index","follow":"follow","max-snippet":"max-snippet:-1","max-image-preview":"max-image-preview:large","max-video-preview":"max-video-preview:-1"},"canonical":"https:\/\/www.bdplast.com\/de\/komplette-loesungen-bdmp-bdox2-bdvd\/","og_locale":"de_DE","og_type":"article","og_title":"Komplette L\u00f6sungen BDMP + BDOx2 + BDVD - BD Plast","og_description":"BDMP + BDOx2 + BDVD: integrierte Systeme mit Pumpen, Siebwechslern und Ventilen f\u00fcr effiziente, ma\u00dfgeschneiderte Extrusionsl\u00f6sungen.","og_url":"https:\/\/www.bdplast.com\/de\/komplette-loesungen-bdmp-bdox2-bdvd\/","og_site_name":"BD Plast","article_modified_time":"2025-10-10T08:01:24+00:00","og_image":[{"width":2048,"height":1245,"url":"https:\/\/www.bdplast.com\/wp-content\/uploads\/2025\/10\/BDOx2_REC_2025.jpg","type":"image\/jpeg"}],"twitter_card":"summary_large_image","twitter_misc":{"Gesch\u00e4tzte Lesezeit":"2\u00a0Minuten"},"schema":{"@context":"https:\/\/schema.org","@graph":[{"@type":"WebPage","@id":"https:\/\/www.bdplast.com\/de\/komplette-loesungen-bdmp-bdox2-bdvd\/","url":"https:\/\/www.bdplast.com\/de\/komplette-loesungen-bdmp-bdox2-bdvd\/","name":"Komplette L\u00f6sungen BDMP + BDOx2 + BDVD - BD Plast","isPartOf":{"@id":"https:\/\/www.bdplast.com\/#website"},"primaryImageOfPage":{"@id":"https:\/\/www.bdplast.com\/de\/komplette-loesungen-bdmp-bdox2-bdvd\/#primaryimage"},"image":{"@id":"https:\/\/www.bdplast.com\/de\/komplette-loesungen-bdmp-bdox2-bdvd\/#primaryimage"},"thumbnailUrl":"https:\/\/www.bdplast.com\/wp-content\/uploads\/2025\/10\/BDOx2_REC_2025.jpg","datePublished":"2025-10-09T15:52:49+00:00","dateModified":"2025-10-10T08:01:24+00:00","description":"BDMP + BDOx2 + BDVD: integrierte Systeme mit Pumpen, Siebwechslern und Ventilen f\u00fcr effiziente, ma\u00dfgeschneiderte Extrusionsl\u00f6sungen.","breadcrumb":{"@id":"https:\/\/www.bdplast.com\/de\/komplette-loesungen-bdmp-bdox2-bdvd\/#breadcrumb"},"inLanguage":"de","potentialAction":[{"@type":"ReadAction","target":["https:\/\/www.bdplast.com\/de\/komplette-loesungen-bdmp-bdox2-bdvd\/"]}]},{"@type":"ImageObject","inLanguage":"de","@id":"https:\/\/www.bdplast.com\/de\/komplette-loesungen-bdmp-bdox2-bdvd\/#primaryimage","url":"https:\/\/www.bdplast.com\/wp-content\/uploads\/2025\/10\/BDOx2_REC_2025.jpg","contentUrl":"https:\/\/www.bdplast.com\/wp-content\/uploads\/2025\/10\/BDOx2_REC_2025.jpg","width":2048,"height":1245},{"@type":"BreadcrumbList","@id":"https:\/\/www.bdplast.com\/de\/komplette-loesungen-bdmp-bdox2-bdvd\/#breadcrumb","itemListElement":[{"@type":"ListItem","position":1,"name":"Home","item":"https:\/\/www.bdplast.com\/de\/"},{"@type":"ListItem","position":2,"name":"Komplette L\u00f6sungen BDMP + BDOx2 + BDVD"}]},{"@type":"WebSite","@id":"https:\/\/www.bdplast.com\/#website","url":"https:\/\/www.bdplast.com\/","name":"BD Plast","description":"Sistemi di filtrazione, deviazione e convoglio polimeri","publisher":{"@id":"https:\/\/www.bdplast.com\/#organization"},"potentialAction":[{"@type":"SearchAction","target":{"@type":"EntryPoint","urlTemplate":"https:\/\/www.bdplast.com\/?s={search_term_string}"},"query-input":{"@type":"PropertyValueSpecification","valueRequired":true,"valueName":"search_term_string"}}],"inLanguage":"de"},{"@type":"Organization","@id":"https:\/\/www.bdplast.com\/#organization","name":"BD Plast","url":"https:\/\/www.bdplast.com\/","logo":{"@type":"ImageObject","inLanguage":"de","@id":"https:\/\/www.bdplast.com\/#\/schema\/logo\/image\/","url":"https:\/\/www.bdplast.com\/wp-content\/uploads\/2025\/06\/bdplast-logo-yoast.jpg","contentUrl":"https:\/\/www.bdplast.com\/wp-content\/uploads\/2025\/06\/bdplast-logo-yoast.jpg","width":1200,"height":628,"caption":"BD Plast"},"image":{"@id":"https:\/\/www.bdplast.com\/#\/schema\/logo\/image\/"},"sameAs":["https:\/\/www.youtube.com\/channel\/UCd6hdte7tZc8CfN_W9KxYTA","https:\/\/it.linkedin.com\/company\/bd-plast-filtering-systems-srl"]}]}},"rttpg_featured_image_url":{"full":["https:\/\/www.bdplast.com\/wp-content\/uploads\/2025\/10\/BDOx2_REC_2025.jpg",2048,1245,false],"landscape":["https:\/\/www.bdplast.com\/wp-content\/uploads\/2025\/10\/BDOx2_REC_2025.jpg",2048,1245,false],"portraits":["https:\/\/www.bdplast.com\/wp-content\/uploads\/2025\/10\/BDOx2_REC_2025.jpg",2048,1245,false],"thumbnail":["https:\/\/www.bdplast.com\/wp-content\/uploads\/2025\/10\/BDOx2_REC_2025-150x150.jpg",150,150,true],"medium":["https:\/\/www.bdplast.com\/wp-content\/uploads\/2025\/10\/BDOx2_REC_2025-300x182.jpg",300,182,true],"large":["https:\/\/www.bdplast.com\/wp-content\/uploads\/2025\/10\/BDOx2_REC_2025-728x443.jpg",728,443,true],"1536x1536":["https:\/\/www.bdplast.com\/wp-content\/uploads\/2025\/10\/BDOx2_REC_2025-1536x934.jpg",1536,934,true],"2048x2048":["https:\/\/www.bdplast.com\/wp-content\/uploads\/2025\/10\/BDOx2_REC_2025.jpg",2048,1245,false],"codevz_360_320":["https:\/\/www.bdplast.com\/wp-content\/uploads\/2025\/10\/BDOx2_REC_2025-370x194.jpg",360,189,true],"codevz_600_600":["https:\/\/www.bdplast.com\/wp-content\/uploads\/2025\/10\/BDOx2_REC_2025-600x600.jpg",600,600,true],"codevz_1200_200":["https:\/\/www.bdplast.com\/wp-content\/uploads\/2025\/10\/BDOx2_REC_2025-1200x200.jpg",1200,200,true],"codevz_1200_500":["https:\/\/www.bdplast.com\/wp-content\/uploads\/2025\/10\/BDOx2_REC_2025-1200x500.jpg",1200,500,true],"codevz_600_1000":["https:\/\/www.bdplast.com\/wp-content\/uploads\/2025\/10\/BDOx2_REC_2025-600x1000.jpg",600,1000,true],"codevz_600_9999":["https:\/\/www.bdplast.com\/wp-content\/uploads\/2025\/10\/BDOx2_REC_2025-600x365.jpg",600,365,true],"gform-image-choice-sm":["https:\/\/www.bdplast.com\/wp-content\/uploads\/2025\/10\/BDOx2_REC_2025.jpg",300,182,false],"gform-image-choice-md":["https:\/\/www.bdplast.com\/wp-content\/uploads\/2025\/10\/BDOx2_REC_2025.jpg",400,243,false],"gform-image-choice-lg":["https:\/\/www.bdplast.com\/wp-content\/uploads\/2025\/10\/BDOx2_REC_2025.jpg",600,365,false]},"rttpg_author":{"display_name":"Max","author_link":"https:\/\/www.bdplast.com\/de\/author\/max\/"},"rttpg_comment":0,"rttpg_category":" <a href=\"https:\/\/www.bdplast.com\/de\/?taxonomy=translation_priority&#038;term=optional-de\" rel=\"tag\">Optional<\/a>","rttpg_excerpt":"[vc_row full_width=&#8220;stretch_row&#8220; css=&#8220;.vc_custom_1760027160095{background-image: url(https:\/\/www.bdplast.com\/wp-content\/uploads\/2025\/10\/Soluz.Complete_fondo-HERO.jpg?id=21019) !important;background-position: center !important;background-repeat: no-repeat !important;background-size: cover !important;}&#8220; ...","_links":{"self":[{"href":"https:\/\/www.bdplast.com\/de\/wp-json\/wp\/v2\/pages\/21039","targetHints":{"allow":["GET"]}}],"collection":[{"href":"https:\/\/www.bdplast.com\/de\/wp-json\/wp\/v2\/pages"}],"about":[{"href":"https:\/\/www.bdplast.com\/de\/wp-json\/wp\/v2\/types\/page"}],"author":[{"embeddable":true,"href":"https:\/\/www.bdplast.com\/de\/wp-json\/wp\/v2\/users\/3"}],"replies":[{"embeddable":true,"href":"https:\/\/www.bdplast.com\/de\/wp-json\/wp\/v2\/comments?post=21039"}],"version-history":[{"count":3,"href":"https:\/\/www.bdplast.com\/de\/wp-json\/wp\/v2\/pages\/21039\/revisions"}],"predecessor-version":[{"id":21053,"href":"https:\/\/www.bdplast.com\/de\/wp-json\/wp\/v2\/pages\/21039\/revisions\/21053"}],"wp:featuredmedia":[{"embeddable":true,"href":"https:\/\/www.bdplast.com\/de\/wp-json\/wp\/v2\/media\/20879"}],"wp:attachment":[{"href":"https:\/\/www.bdplast.com\/de\/wp-json\/wp\/v2\/media?parent=21039"}],"curies":[{"name":"wp","href":"https:\/\/api.w.org\/{rel}","templated":true}]}}