{"id":15257,"date":"2021-04-08T16:53:24","date_gmt":"2021-04-08T14:53:24","guid":{"rendered":"https:\/\/www.bdplast.com\/csr\/"},"modified":"2025-09-02T18:04:53","modified_gmt":"2025-09-02T16:04:53","slug":"responsabilidad-social-corporativa","status":"publish","type":"page","link":"https:\/\/www.bdplast.com\/es\/responsabilidad-social-corporativa\/","title":{"rendered":"Responsabilidad Social Corporativa"},"content":{"rendered":"<div class=\"wpb-content-wrapper\"><p>[vc_row full_width=\u00bbstretch_row\u00bb css=\u00bb.vc_custom_1617874152457{background-image: url(https:\/\/www.bdplast.com\/wp-content\/uploads\/2021\/04\/csr.jpg?id=14577) !important;background-position: center !important;background-repeat: no-repeat !important;background-size: cover !important;}\u00bb el_id=\u00bbheader_pag\u00bb][vc_column][\/vc_column][\/vc_row][vc_row][vc_column][\/vc_column][\/vc_row][vc_row full_width=\u00bbstretch_row\u00bb css=\u00bb.vc_custom_1620847988851{padding-top: 2em !important;padding-bottom: 2em !important;}\u00bb el_id=\u00bbscheda_prodotto_intro\u00bb][vc_column][vc_row_inner equal_height=\u00bbyes\u00bb content_placement=\u00bbmiddle\u00bb][vc_column_inner][vc_column_text]<\/p>\n<h2>Responsabilidad Social Corporativa<\/h2>\n<p>[\/vc_column_text][vc_column_text]<span style=\"color: #736964;\">Nuestra atenci\u00f3n a la sostenibilidad es, ante todo, inherente al ADN de los productos que creamos, orientados a la reducci\u00f3n de residuos y a la sostenibilidad del propio proceso de producci\u00f3n, as\u00ed como a nuestro compromiso constante con el respeto al medio ambiente a trav\u00e9s de las pol\u00edticas de recuperaci\u00f3n de energ\u00eda que hemos implantado en nuestras instalaciones de producci\u00f3n..<\/span><\/p>\n<p><span style=\"color: #736964;\">Conscientes de la importante funci\u00f3n que desempe\u00f1a la empresa en la comunidad, apoyamos iniciativas de importancia social y cultural en la zona en la que operamos.<\/span>[\/vc_column_text][\/vc_column_inner][\/vc_row_inner][vc_row_inner equal_height=\u00bbyes\u00bb content_placement=\u00bbmiddle\u00bb][vc_column_inner width=\u00bb1\/6&#8243;][vc_single_image image=\u00bb19624&#8243; img_size=\u00bb120px\u00bb alignment=\u00bbcenter\u00bb][\/vc_column_inner][vc_column_inner width=\u00bb5\/6&#8243;][vc_column_text css=\u00bb\u00bb]<\/p>\n<p class=\"p1\"><span class=\"s1\">Seguimos nuestra <strong>huella de carbono<\/strong> a trav\u00e9s de la elaboraci\u00f3n del Inventario de Gases de Efecto Invernadero (<strong>GEI<\/strong>), un signo tangible de nuestro compromiso con la sostenibilidad. Implementamos iniciativas concretas a diario para reducir las emisiones y promover pr\u00e1cticas sostenibles.<br \/>\n<a href=\"https:\/\/www.bdplast.com\/es\/carbon-footprint\/\"><strong>Protocolo de GEI<\/strong><\/a><br \/>\n<\/span>[\/vc_column_text][\/vc_column_inner][\/vc_row_inner][vc_row_inner equal_height=\u00bbyes\u00bb content_placement=\u00bbmiddle\u00bb][vc_column_inner][vc_column_text]<span style=\"color: #736964;\">Conscientes de la importante funci\u00f3n que desempe\u00f1a la empresa en la comunidad, apoyamos iniciativas de importancia social y cultural en la zona en la que operamos.<\/span>[\/vc_column_text][vc_empty_space]<div class=\"cz_btn_left\"><div class=\"cz_48500_p\"><a id=\"cz_48500\" class=\"cz_48500 cz_btn cz_btn_txt_no_fx cz_btn_no_fx\" href=\"https:\/\/www.bdplast.com\/wp-content\/uploads\/2024\/06\/BD_Plast_GHG-Inventory_WEB.pdf\" target=\"_blank\"><span><i class=\"far fa-file-pdf\"><\/i><strong>DESCARGAR DOCUMENTO<\/strong><\/span><b class=\"cz_btn_onhover\"><i class=\"far fa-file-pdf\"><\/i><strong>DESCARGAR DOCUMENTO<\/strong><\/b><\/a><\/div><\/div><div class=\"clr\"><\/div>[vc_empty_space][\/vc_column_inner][\/vc_row_inner][\/vc_column][\/vc_row][vc_row full_width=\u00bbstretch_row\u00bb equal_height=\u00bbyes\u00bb css=\u00bb.vc_custom_1728295523657{padding-top: 2em !important;padding-bottom: 2em !important;background-color: #ec6608 !important;}\u00bb el_class=\u00bbwhite_text\u00bb el_id=\u00bbonlus2&#8243;][vc_column css=\u00bb.vc_custom_1728295598965{background-color: #98c1d9 !important;}\u00bb][vc_row_inner equal_height=\u00bbyes\u00bb content_placement=\u00bbtop\u00bb][vc_column_inner width=\u00bb5\/6&#8243;][vc_empty_space][vc_custom_heading text=\u00bbBD PLAST soporta\u00bb font_container=\u00bbtag:h2|text_align:left|color:%23ffffff\u00bb google_fonts=\u00bbfont_family:Ubuntu%3A300%2C300italic%2Cregular%2Citalic%2C500%2C500italic%2C700%2C700italic|font_style:500%20bold%20regular%3A500%3Anormal\u00bb][\/vc_column_inner][\/vc_row_inner][vc_row_inner equal_height=\u00bbyes\u00bb content_placement=\u00bbtop\u00bb][vc_column_inner width=\u00bb1\/6&#8243;][vc_single_image image=\u00bb20143&#8243; img_size=\u00bb120px\u00bb alignment=\u00bbcenter\u00bb css=\u00bb\u00bb][\/vc_column_inner][vc_column_inner width=\u00bb5\/6&#8243;][vc_column_text el_class=\u00bbh4-text\u00bb]<\/p>\n<h4>Asociaci\u00f3n Giulia Onlus<\/h4>\n<p>[\/vc_column_text][vc_column_text css=\u00bb\u00bb el_class=\u00bbcaption-text\u00bb]La Asociaci\u00f3n Giulia Onlus centra sus actividades en proyectos dirigidos a los ni\u00f1os oncol\u00f3gicos de la zona de Ferrara. La recaudaci\u00f3n de fondos tiene como objetivo reforzar los recursos con figuras profesionales, como un psico-Onc\u00f3logo y un onc\u00f3logo Pedi\u00e1trico, capaces de acoger y apoyar al peque\u00f1o paciente y a su familia en el dif\u00edcil camino de la enfermedad en un sentido global.<br \/>\nPara m\u00e1s informaci\u00f3n, visite <a href=\"http:\/\/www.associazionegiulia.com\" target=\"_blank\" rel=\"noopener\">www.associazionegiulia.com<\/a> o descargue el folleto <a href=\"https:\/\/www.bdplast.com\/wp-content\/uploads\/2024\/06\/Associazione-Giulia_Brochure-25-anni.pdf\" target=\"_blank\" rel=\"noopener\">aqu\u00ed<\/a>.[\/vc_column_text][vc_empty_space height=\u00bb72px\u00bb][\/vc_column_inner][\/vc_row_inner][vc_row_inner equal_height=\u00bbyes\u00bb content_placement=\u00bbmiddle\u00bb][vc_column_inner width=\u00bb1\/6&#8243;][vc_single_image image=\u00bb19614&#8243; img_size=\u00bb120px\u00bb alignment=\u00bbcenter\u00bb][vc_empty_space][\/vc_column_inner][vc_column_inner width=\u00bb5\/6&#8243;][vc_column_text el_class=\u00bbh4-text\u00bb]<\/p>\n<h4>Matilde Basket Bondeno<\/h4>\n<p>[\/vc_column_text][vc_column_text el_class=\u00bbcaption-text\u00bb]<\/p>\n<p class=\"p1\"><span class=\"s1\">Desde 1971, Matilde Basket Bondeno ha sido el punto de referencia para el baloncesto en Bondeno. Junto a un sector juvenil que ha producido en los \u00faltimos a\u00f1os algunos j\u00f3venes talentosos y ha permitido que muchos ni\u00f1os y adolescentes crezcan y se diviertan aprendiendo a jugar, se encuentra la actividad del equipo senior, cada vez m\u00e1s ambicioso. La misi\u00f3n de la sociedad es puramente social: \u00abQueremos brindar la oportunidad de practicar el magn\u00edfico juego del baloncesto a tantas ni\u00f1as y ni\u00f1os como sea posible en la ciudad de Bondeno y sus alrededores\u00bb. Para obtener m\u00e1s informaci\u00f3n, visite el sitio web <a href=\"http:\/\/www.matildebasket.com\/\"><span class=\"s2\">www.matildebasket.com<\/span><\/a>.<\/span><\/p>\n<p>[\/vc_column_text][vc_empty_space][\/vc_column_inner][\/vc_row_inner][vc_row_inner equal_height=\u00bbyes\u00bb content_placement=\u00bbmiddle\u00bb][vc_column_inner width=\u00bb1\/6&#8243;][vc_single_image image=\u00bb20246&#8243; img_size=\u00bb120px\u00bb alignment=\u00bbcenter\u00bb css=\u00bb\u00bb][vc_empty_space][\/vc_column_inner][vc_column_inner width=\u00bb5\/6&#8243;][vc_column_text css=\u00bb\u00bb el_class=\u00bbh4-text\u00bb]<\/p>\n<h4>Colegiata de San Giovanni in Persiceto<\/h4>\n<p>[\/vc_column_text][vc_column_text css=\u00bb\u00bb el_class=\u00bbcaption-text\u00bb]La Colegiata de San Giovanni Battista se encuentra en el centro de San Giovanni in Persiceto (Bolonia). Construida en 1671 seg\u00fan un dise\u00f1o del arquitecto bolo\u00f1\u00e9s Paolo Maria Canali, en 2022 fue objeto de una importante restauraci\u00f3n de la que BDPlast fue uno de los patrocinadores.<\/p>\n<p>Descubra la iglesia en el v\u00eddeo \u00ab<a href=\"https:\/\/bellezza-mistero.parrocchiapersiceto.it\/\" target=\"_blank\" rel=\"noopener\">Collegiata, belleza y misterio<\/a>\u00bb.[\/vc_column_text][vc_empty_space][\/vc_column_inner][\/vc_row_inner][vc_row_inner equal_height=\u00bbyes\u00bb content_placement=\u00bbmiddle\u00bb][vc_column_inner width=\u00bb1\/6&#8243;][vc_single_image image=\u00bb20576&#8243; img_size=\u00bb120px\u00bb alignment=\u00bbcenter\u00bb css=\u00bb\u00bb][\/vc_column_inner][vc_column_inner width=\u00bb5\/6&#8243;][vc_column_text css=\u00bb\u00bb el_class=\u00bbh4-text\u00bb]<\/p>\n<div class=\"wpb_text_column wpb_content_element \">\n<div class=\"wpb_wrapper\">\n<h4><strong>Treedom<\/strong><\/h4>\n<\/div>\n<\/div>\n<p>[\/vc_column_text][vc_column_text css=\u00bb\u00bb el_class=\u00bbcaption-text\u00bb]Fundado en 2010, <a href=\"https:\/\/www.treedom.net\/es\" target=\"_blank\" rel=\"noopener\">Treedom<\/a> es el primer sitio web que permite a particulares y empresas plantar \u00e1rboles a distancia. Desde su creaci\u00f3n, se han plantado m\u00e1s de 4 millones de \u00e1rboles en distintas zonas del mundo, con la participaci\u00f3n activa de agricultores locales: una actividad que genera beneficios tangibles a nivel ambiental, social y econ\u00f3mico.<\/p>\n<p>Gracias a una colaboraci\u00f3n con Treedom, BD Plast ha plantado su propio bosque corporativo en Tanzania, con el objetivo de compensar las emisiones residuales y contribuir activamente a los objetivos clim\u00e1ticos europeos, en l\u00ednea con los principios ESG.<\/p>\n<p><strong>Explora nuestro bosque:<\/strong> <a href=\"https:\/\/www.treedom.net\/es\/forest\/La-Foresta-di-BD-Plast-65659\" target=\"_blank\" rel=\"noopener\">https:\/\/www.treedom.net\/es\/forest\/La-Foresta-di-BD-Plast-65659<\/a>[\/vc_column_text][vc_empty_space height=\u00bb44px\u00bb][\/vc_column_inner][\/vc_row_inner][\/vc_column][\/vc_row]<\/p>\n<\/div>","protected":false},"excerpt":{"rendered":"<p>[vc_row full_width=\u00bbstretch_row\u00bb css=\u00bb.vc_custom_1617874152457{background-image: url(https:\/\/www.bdplast.com\/wp-content\/uploads\/2021\/04\/csr.jpg?id=14577) !important;background-position: center !important;background-repeat: no-repeat !important;background-size: cover !important;}\u00bb &#8230; <\/p>\n","protected":false},"author":1,"featured_media":15233,"parent":0,"menu_order":0,"comment_status":"closed","ping_status":"closed","template":"","meta":{"footnotes":"","_links_to":"","_links_to_target":""},"class_list":["post-15257","page","type-page","status-publish","has-post-thumbnail","hentry"],"yoast_head":"<!-- This site is optimized with the Yoast SEO plugin v26.8 - https:\/\/yoast.com\/product\/yoast-seo-wordpress\/ -->\n<title>Responsabilidad Social Corporativa - BD Plast<\/title>\n<meta name=\"robots\" content=\"index, follow, max-snippet:-1, max-image-preview:large, max-video-preview:-1\" \/>\n<link rel=\"canonical\" href=\"https:\/\/www.bdplast.com\/es\/responsabilidad-social-corporativa\/\" \/>\n<meta property=\"og:locale\" content=\"es_ES\" \/>\n<meta property=\"og:type\" content=\"article\" \/>\n<meta property=\"og:title\" content=\"Responsabilidad Social Corporativa - BD Plast\" \/>\n<meta property=\"og:description\" content=\"[vc_row full_width=\u00bbstretch_row\u00bb css=\u00bb.vc_custom_1617874152457{background-image: url(https:\/\/www.bdplast.com\/wp-content\/uploads\/2021\/04\/csr.jpg?id=14577) !important;background-position: center !important;background-repeat: no-repeat !important;background-size: cover !important;}\u00bb ...\" \/>\n<meta property=\"og:url\" content=\"https:\/\/www.bdplast.com\/es\/responsabilidad-social-corporativa\/\" \/>\n<meta property=\"og:site_name\" content=\"BD Plast\" \/>\n<meta property=\"article:modified_time\" content=\"2025-09-02T16:04:53+00:00\" \/>\n<meta property=\"og:image\" content=\"https:\/\/www.bdplast.com\/wp-content\/uploads\/2021\/04\/csr.jpg\" \/>\n\t<meta property=\"og:image:width\" content=\"1920\" \/>\n\t<meta property=\"og:image:height\" content=\"400\" \/>\n\t<meta property=\"og:image:type\" content=\"image\/jpeg\" \/>\n<meta name=\"twitter:card\" content=\"summary_large_image\" \/>\n<meta name=\"twitter:label1\" content=\"Tiempo de lectura\" \/>\n\t<meta name=\"twitter:data1\" content=\"5 minutos\" \/>\n<script type=\"application\/ld+json\" class=\"yoast-schema-graph\">{\"@context\":\"https:\/\/schema.org\",\"@graph\":[{\"@type\":\"WebPage\",\"@id\":\"https:\/\/www.bdplast.com\/es\/responsabilidad-social-corporativa\/\",\"url\":\"https:\/\/www.bdplast.com\/es\/responsabilidad-social-corporativa\/\",\"name\":\"Responsabilidad Social Corporativa - BD Plast\",\"isPartOf\":{\"@id\":\"https:\/\/www.bdplast.com\/#website\"},\"primaryImageOfPage\":{\"@id\":\"https:\/\/www.bdplast.com\/es\/responsabilidad-social-corporativa\/#primaryimage\"},\"image\":{\"@id\":\"https:\/\/www.bdplast.com\/es\/responsabilidad-social-corporativa\/#primaryimage\"},\"thumbnailUrl\":\"https:\/\/www.bdplast.com\/wp-content\/uploads\/2021\/04\/csr.jpg\",\"datePublished\":\"2021-04-08T14:53:24+00:00\",\"dateModified\":\"2025-09-02T16:04:53+00:00\",\"breadcrumb\":{\"@id\":\"https:\/\/www.bdplast.com\/es\/responsabilidad-social-corporativa\/#breadcrumb\"},\"inLanguage\":\"es\",\"potentialAction\":[{\"@type\":\"ReadAction\",\"target\":[\"https:\/\/www.bdplast.com\/es\/responsabilidad-social-corporativa\/\"]}]},{\"@type\":\"ImageObject\",\"inLanguage\":\"es\",\"@id\":\"https:\/\/www.bdplast.com\/es\/responsabilidad-social-corporativa\/#primaryimage\",\"url\":\"https:\/\/www.bdplast.com\/wp-content\/uploads\/2021\/04\/csr.jpg\",\"contentUrl\":\"https:\/\/www.bdplast.com\/wp-content\/uploads\/2021\/04\/csr.jpg\",\"width\":1920,\"height\":400},{\"@type\":\"BreadcrumbList\",\"@id\":\"https:\/\/www.bdplast.com\/es\/responsabilidad-social-corporativa\/#breadcrumb\",\"itemListElement\":[{\"@type\":\"ListItem\",\"position\":1,\"name\":\"Home\",\"item\":\"https:\/\/www.bdplast.com\/es\/\"},{\"@type\":\"ListItem\",\"position\":2,\"name\":\"Responsabilidad Social Corporativa\"}]},{\"@type\":\"WebSite\",\"@id\":\"https:\/\/www.bdplast.com\/#website\",\"url\":\"https:\/\/www.bdplast.com\/\",\"name\":\"BD Plast\",\"description\":\"Sistemi di filtrazione, deviazione e convoglio polimeri\",\"publisher\":{\"@id\":\"https:\/\/www.bdplast.com\/#organization\"},\"potentialAction\":[{\"@type\":\"SearchAction\",\"target\":{\"@type\":\"EntryPoint\",\"urlTemplate\":\"https:\/\/www.bdplast.com\/?s={search_term_string}\"},\"query-input\":{\"@type\":\"PropertyValueSpecification\",\"valueRequired\":true,\"valueName\":\"search_term_string\"}}],\"inLanguage\":\"es\"},{\"@type\":\"Organization\",\"@id\":\"https:\/\/www.bdplast.com\/#organization\",\"name\":\"BD Plast\",\"url\":\"https:\/\/www.bdplast.com\/\",\"logo\":{\"@type\":\"ImageObject\",\"inLanguage\":\"es\",\"@id\":\"https:\/\/www.bdplast.com\/#\/schema\/logo\/image\/\",\"url\":\"https:\/\/www.bdplast.com\/wp-content\/uploads\/2025\/06\/bdplast-logo-yoast.jpg\",\"contentUrl\":\"https:\/\/www.bdplast.com\/wp-content\/uploads\/2025\/06\/bdplast-logo-yoast.jpg\",\"width\":1200,\"height\":628,\"caption\":\"BD Plast\"},\"image\":{\"@id\":\"https:\/\/www.bdplast.com\/#\/schema\/logo\/image\/\"},\"sameAs\":[\"https:\/\/www.youtube.com\/channel\/UCd6hdte7tZc8CfN_W9KxYTA\",\"https:\/\/it.linkedin.com\/company\/bd-plast-filtering-systems-srl\"]}]}<\/script>\n<!-- \/ Yoast SEO plugin. -->","yoast_head_json":{"title":"Responsabilidad Social Corporativa - BD Plast","robots":{"index":"index","follow":"follow","max-snippet":"max-snippet:-1","max-image-preview":"max-image-preview:large","max-video-preview":"max-video-preview:-1"},"canonical":"https:\/\/www.bdplast.com\/es\/responsabilidad-social-corporativa\/","og_locale":"es_ES","og_type":"article","og_title":"Responsabilidad Social Corporativa - BD Plast","og_description":"[vc_row full_width=\u00bbstretch_row\u00bb css=\u00bb.vc_custom_1617874152457{background-image: url(https:\/\/www.bdplast.com\/wp-content\/uploads\/2021\/04\/csr.jpg?id=14577) !important;background-position: center !important;background-repeat: no-repeat !important;background-size: cover !important;}\u00bb ...","og_url":"https:\/\/www.bdplast.com\/es\/responsabilidad-social-corporativa\/","og_site_name":"BD Plast","article_modified_time":"2025-09-02T16:04:53+00:00","og_image":[{"width":1920,"height":400,"url":"https:\/\/www.bdplast.com\/wp-content\/uploads\/2021\/04\/csr.jpg","type":"image\/jpeg"}],"twitter_card":"summary_large_image","twitter_misc":{"Tiempo de lectura":"5 minutos"},"schema":{"@context":"https:\/\/schema.org","@graph":[{"@type":"WebPage","@id":"https:\/\/www.bdplast.com\/es\/responsabilidad-social-corporativa\/","url":"https:\/\/www.bdplast.com\/es\/responsabilidad-social-corporativa\/","name":"Responsabilidad Social Corporativa - BD Plast","isPartOf":{"@id":"https:\/\/www.bdplast.com\/#website"},"primaryImageOfPage":{"@id":"https:\/\/www.bdplast.com\/es\/responsabilidad-social-corporativa\/#primaryimage"},"image":{"@id":"https:\/\/www.bdplast.com\/es\/responsabilidad-social-corporativa\/#primaryimage"},"thumbnailUrl":"https:\/\/www.bdplast.com\/wp-content\/uploads\/2021\/04\/csr.jpg","datePublished":"2021-04-08T14:53:24+00:00","dateModified":"2025-09-02T16:04:53+00:00","breadcrumb":{"@id":"https:\/\/www.bdplast.com\/es\/responsabilidad-social-corporativa\/#breadcrumb"},"inLanguage":"es","potentialAction":[{"@type":"ReadAction","target":["https:\/\/www.bdplast.com\/es\/responsabilidad-social-corporativa\/"]}]},{"@type":"ImageObject","inLanguage":"es","@id":"https:\/\/www.bdplast.com\/es\/responsabilidad-social-corporativa\/#primaryimage","url":"https:\/\/www.bdplast.com\/wp-content\/uploads\/2021\/04\/csr.jpg","contentUrl":"https:\/\/www.bdplast.com\/wp-content\/uploads\/2021\/04\/csr.jpg","width":1920,"height":400},{"@type":"BreadcrumbList","@id":"https:\/\/www.bdplast.com\/es\/responsabilidad-social-corporativa\/#breadcrumb","itemListElement":[{"@type":"ListItem","position":1,"name":"Home","item":"https:\/\/www.bdplast.com\/es\/"},{"@type":"ListItem","position":2,"name":"Responsabilidad Social Corporativa"}]},{"@type":"WebSite","@id":"https:\/\/www.bdplast.com\/#website","url":"https:\/\/www.bdplast.com\/","name":"BD Plast","description":"Sistemi di filtrazione, deviazione e convoglio polimeri","publisher":{"@id":"https:\/\/www.bdplast.com\/#organization"},"potentialAction":[{"@type":"SearchAction","target":{"@type":"EntryPoint","urlTemplate":"https:\/\/www.bdplast.com\/?s={search_term_string}"},"query-input":{"@type":"PropertyValueSpecification","valueRequired":true,"valueName":"search_term_string"}}],"inLanguage":"es"},{"@type":"Organization","@id":"https:\/\/www.bdplast.com\/#organization","name":"BD Plast","url":"https:\/\/www.bdplast.com\/","logo":{"@type":"ImageObject","inLanguage":"es","@id":"https:\/\/www.bdplast.com\/#\/schema\/logo\/image\/","url":"https:\/\/www.bdplast.com\/wp-content\/uploads\/2025\/06\/bdplast-logo-yoast.jpg","contentUrl":"https:\/\/www.bdplast.com\/wp-content\/uploads\/2025\/06\/bdplast-logo-yoast.jpg","width":1200,"height":628,"caption":"BD Plast"},"image":{"@id":"https:\/\/www.bdplast.com\/#\/schema\/logo\/image\/"},"sameAs":["https:\/\/www.youtube.com\/channel\/UCd6hdte7tZc8CfN_W9KxYTA","https:\/\/it.linkedin.com\/company\/bd-plast-filtering-systems-srl"]}]}},"rttpg_featured_image_url":{"full":["https:\/\/www.bdplast.com\/wp-content\/uploads\/2021\/04\/csr.jpg",1920,400,false],"landscape":["https:\/\/www.bdplast.com\/wp-content\/uploads\/2021\/04\/csr.jpg",1920,400,false],"portraits":["https:\/\/www.bdplast.com\/wp-content\/uploads\/2021\/04\/csr.jpg",1920,400,false],"thumbnail":["https:\/\/www.bdplast.com\/wp-content\/uploads\/2021\/04\/csr-150x150.jpg",150,150,true],"medium":["https:\/\/www.bdplast.com\/wp-content\/uploads\/2021\/04\/csr-300x63.jpg",300,63,true],"large":["https:\/\/www.bdplast.com\/wp-content\/uploads\/2021\/04\/csr-1024x213.jpg",728,151,true],"1536x1536":["https:\/\/www.bdplast.com\/wp-content\/uploads\/2021\/04\/csr-1536x320.jpg",1536,320,true],"2048x2048":["https:\/\/www.bdplast.com\/wp-content\/uploads\/2021\/04\/csr.jpg",1920,400,false],"codevz_360_320":["https:\/\/www.bdplast.com\/wp-content\/uploads\/2021\/04\/csr-360x320.jpg",360,320,true],"codevz_600_600":["https:\/\/www.bdplast.com\/wp-content\/uploads\/2021\/04\/csr-600x400.jpg",600,400,true],"codevz_1200_200":["https:\/\/www.bdplast.com\/wp-content\/uploads\/2021\/04\/csr-1200x200.jpg",1200,200,true],"codevz_1200_500":["https:\/\/www.bdplast.com\/wp-content\/uploads\/2021\/04\/csr-1200x400.jpg",1200,400,true],"codevz_600_1000":["https:\/\/www.bdplast.com\/wp-content\/uploads\/2021\/04\/csr-600x400.jpg",600,400,true],"codevz_600_9999":["https:\/\/www.bdplast.com\/wp-content\/uploads\/2021\/04\/csr-600x125.jpg",600,125,true],"gform-image-choice-sm":["https:\/\/www.bdplast.com\/wp-content\/uploads\/2021\/04\/csr.jpg",300,63,false],"gform-image-choice-md":["https:\/\/www.bdplast.com\/wp-content\/uploads\/2021\/04\/csr.jpg",400,83,false],"gform-image-choice-lg":["https:\/\/www.bdplast.com\/wp-content\/uploads\/2021\/04\/csr.jpg",600,125,false]},"rttpg_author":{"display_name":"studiochiesa","author_link":"https:\/\/www.bdplast.com\/es\/author\/studiochiesa\/"},"rttpg_comment":0,"rttpg_category":" <a href=\"https:\/\/www.bdplast.com\/es\/?taxonomy=translation_priority&#038;term=opcional\" rel=\"tag\">Opcional<\/a>","rttpg_excerpt":"[vc_row full_width=\u00bbstretch_row\u00bb css=\u00bb.vc_custom_1617874152457{background-image: url(https:\/\/www.bdplast.com\/wp-content\/uploads\/2021\/04\/csr.jpg?id=14577) !important;background-position: center !important;background-repeat: no-repeat !important;background-size: cover !important;}\u00bb ...","_links":{"self":[{"href":"https:\/\/www.bdplast.com\/es\/wp-json\/wp\/v2\/pages\/15257","targetHints":{"allow":["GET"]}}],"collection":[{"href":"https:\/\/www.bdplast.com\/es\/wp-json\/wp\/v2\/pages"}],"about":[{"href":"https:\/\/www.bdplast.com\/es\/wp-json\/wp\/v2\/types\/page"}],"author":[{"embeddable":true,"href":"https:\/\/www.bdplast.com\/es\/wp-json\/wp\/v2\/users\/1"}],"replies":[{"embeddable":true,"href":"https:\/\/www.bdplast.com\/es\/wp-json\/wp\/v2\/comments?post=15257"}],"version-history":[{"count":8,"href":"https:\/\/www.bdplast.com\/es\/wp-json\/wp\/v2\/pages\/15257\/revisions"}],"predecessor-version":[{"id":20594,"href":"https:\/\/www.bdplast.com\/es\/wp-json\/wp\/v2\/pages\/15257\/revisions\/20594"}],"wp:featuredmedia":[{"embeddable":true,"href":"https:\/\/www.bdplast.com\/es\/wp-json\/wp\/v2\/media\/15233"}],"wp:attachment":[{"href":"https:\/\/www.bdplast.com\/es\/wp-json\/wp\/v2\/media?parent=15257"}],"curies":[{"name":"wp","href":"https:\/\/api.w.org\/{rel}","templated":true}]}}