{"id":15267,"date":"2021-03-30T11:29:39","date_gmt":"2021-03-30T09:29:39","guid":{"rendered":"https:\/\/www.bdplast.com\/cambiafiltri-a-flusso-continuo\/"},"modified":"2025-10-10T12:01:54","modified_gmt":"2025-10-10T10:01:54","slug":"cambiador-de-filtros-de-flujo-continuo","status":"publish","type":"page","link":"https:\/\/www.bdplast.com\/es\/cambiador-de-filtros-de-flujo-continuo\/","title":{"rendered":"Cambiador de filtros de flujo continuo"},"content":{"rendered":"<div class=\"wpb-content-wrapper\"><p>[vc_row full_width=\u00bbstretch_row\u00bb css=\u00bb.vc_custom_1617876160358{background-image: url(https:\/\/www.bdplast.com\/wp-content\/uploads\/2021\/04\/cambiafiltri_flusso_continuo_continuous_flow_screen_changers_BDOx2_cover.jpg?id=14477) !important;background-position: center !important;background-repeat: no-repeat !important;background-size: cover !important;}\u00bb el_class=\u00bbwhite_text\u00bb el_id=\u00bbhead_prodotto\u00bb][vc_column][\/vc_column][\/vc_row][vc_row full_width=\u00bbstretch_row\u00bb css=\u00bb.vc_custom_1616665112965{padding-top: 2em !important;padding-bottom: 2em !important;background-color: #ec6608 !important;}\u00bb el_class=\u00bbwhite_text\u00bb][vc_column][vc_row_inner equal_height=\u00bbyes\u00bb content_placement=\u00bbmiddle\u00bb][vc_column_inner][vc_column_text]<\/p>\n<h1><span class=\"separator level2 parent\">Cambiador de filtros de flujo continuo<\/span><\/h1>\n<p>[\/vc_column_text][\/vc_column_inner][\/vc_row_inner][\/vc_column][\/vc_row][vc_row css=\u00bb.vc_custom_1616673282130{padding-top: 4em !important;padding-bottom: 4em !important;}\u00bb el_id=\u00bbscheda_prodotto_intro\u00bb][vc_column][vc_column_text]<\/p>\n<h2>Continuidad perfecta del flujo de pol\u00edmeros, alta tecnolog\u00eda para reducir los residuos en el ciclo de producci\u00f3n<\/h2>\n<p>[\/vc_column_text][vc_column_text]Nuestra oferta incluye un <strong>cambiador de filtros hidr\u00e1ulicos BDO x 2 y Cambia filtros CleanChanger.<\/strong>[\/vc_column_text][\/vc_column][\/vc_row][vc_row full_width=\u00bbstretch_row\u00bb css=\u00bb.vc_custom_1616746370826{padding-top: 4em !important;padding-bottom: 4em !important;background-color: #e9e7dd !important;}\u00bb el_id=\u00bbproducts\u00bb][vc_column offset=\u00bbvc_col-md-12 vc_col-xs-12&#8243;][vc_empty_space height=\u00bb2em\u00bb][vc_row_inner css=\u00bb.vc_custom_1584973514763{padding-left: 1em !important;}\u00bb el_class=\u00bbpublications_homepage\u00bb el_id=\u00bbappflds\u00bb][vc_column_inner width=\u00bb1\/3&#8243; css=\u00bb.vc_custom_1584532315881{margin: 0px !important;padding: 0px !important;border: 0px initial !important;}\u00bb]<figure class=\"effect-hover category_flip_box category_flip_box_3 effect-ruby ratiooriginal  vckit_custom_class_1068e8d952c4f09  vckit-lazyload\">\n  <a href=\"https:\/\/www.bdplast.com\/es\/cambiador-de-filtros-de-flujo-continuo-bdox2\/\" >\n    <img data-src=\"https:\/\/www.bdplast.com\/wp-content\/uploads\/2021\/03\/cambiafiltri_flusso_continuo_continuous_flow_screen_changers_BDOX2_pagina_prodotti.jpg\" alt=\"Cambiador de filtros de flujo continuo BDOX2 \"\/>\n    <figcaption>\n      <div class=\"effect-caption\">\n        <h2>Cambiador de filtros de flujo continuo BDOX2 <span><\/span><\/h2>\n        <p class=\"description\">\n          M\u00e1xima continuidad de flujo para varias l\u00edneas de extrusi\u00f3n a altas presiones de trabajo.&nbsp;        <\/p>\n      <\/div>\n    <\/figcaption>\n  <\/a>\n<\/figure>\n[\/vc_column_inner][vc_column_inner width=\u00bb1\/3&#8243; css=\u00bb.vc_custom_1584531742173{margin: 0px !important;padding: 0px !important;border: 0px initial !important;}\u00bb]<figure class=\"effect-hover category_flip_box category_flip_box_3 effect-ruby ratiooriginal  vckit_custom_class_1068e8d983c8ae9  vckit-lazyload\">\n  <a href=\"https:\/\/www.bdplast.com\/es\/cambiadores-de-filtros-de-flujo-continuo-bdox2-rec\/\" >\n    <img data-src=\"https:\/\/www.bdplast.com\/wp-content\/uploads\/2025\/10\/BDOx2_REC_1X1.jpg\" alt=\"Cambiadores de filtros de flujo continuo BDOx2 REC \"\/>\n    <figcaption>\n      <div class=\"effect-caption\">\n        <h2>Cambiadores de filtros de flujo continuo BDOx2 REC <span><\/span><\/h2>\n        <p class=\"description\">\n          Sostenibilidad y eficiencia para cada proceso de reciclaje<br \/>\n&nbsp;        <\/p>\n      <\/div>\n    <\/figcaption>\n  <\/a>\n<\/figure>\n[\/vc_column_inner][vc_column_inner width=\u00bb1\/3&#8243; css=\u00bb.vc_custom_1584531749045{margin: 0px !important;padding: 0px !important;border: 0px initial !important;}\u00bb]<figure class=\"effect-hover category_flip_box category_flip_box_3 effect-ruby ratiooriginal  vckit_custom_class_1068e8d93582af8  vckit-lazyload\">\n  <a href=\"https:\/\/www.bdplast.com\/es\/cambia-filtros-de-mallas-a-flujo-continuo-con-retrolavado-cleanchanger\/\" >\n    <img data-src=\"https:\/\/www.bdplast.com\/wp-content\/uploads\/2022\/04\/Cleanchanger_card.jpg\" alt=\"Cambia filtros CleanChanger\u00a9 \"\/>\n    <figcaption>\n      <div class=\"effect-caption\">\n        <h2>Cambia filtros CleanChanger\u00a9 <span><\/span><\/h2>\n        <p class=\"description\">\n          El \u00fanico cambia filtros de retrolavado con sistema autom\u00e1tico de expulsi\u00f3n de placas porta mallas.&nbsp;        <\/p>\n      <\/div>\n    <\/figcaption>\n  <\/a>\n<\/figure>\n[\/vc_column_inner][\/vc_row_inner][\/vc_column][\/vc_row]<\/p>\n<\/div>","protected":false},"excerpt":{"rendered":"<p>[vc_row full_width=\u00bbstretch_row\u00bb css=\u00bb.vc_custom_1617876160358{background-image: url(https:\/\/www.bdplast.com\/wp-content\/uploads\/2021\/04\/cambiafiltri_flusso_continuo_continuous_flow_screen_changers_BDOx2_cover.jpg?id=14477) !important;background-position: center !important;background-repeat: no-repeat !important;background-size: cover !important;}\u00bb &#8230; <\/p>\n","protected":false},"author":1,"featured_media":18325,"parent":0,"menu_order":0,"comment_status":"closed","ping_status":"closed","template":"","meta":{"footnotes":"","_links_to":"","_links_to_target":""},"class_list":["post-15267","page","type-page","status-publish","has-post-thumbnail","hentry"],"yoast_head":"<!-- This site is optimized with the Yoast SEO plugin v27.5 - https:\/\/yoast.com\/product\/yoast-seo-wordpress\/ -->\n<title>Cambiador de filtros de flujo continuo - BD Plast<\/title>\n<meta name=\"description\" content=\"Nuestra oferta incluye un cambiador de filtros hidr\u00e1ulicos BDO x 2.\" \/>\n<meta name=\"robots\" content=\"index, follow, max-snippet:-1, max-image-preview:large, max-video-preview:-1\" \/>\n<link rel=\"canonical\" href=\"https:\/\/www.bdplast.com\/es\/cambiador-de-filtros-de-flujo-continuo\/\" \/>\n<meta property=\"og:locale\" content=\"es_ES\" \/>\n<meta property=\"og:type\" content=\"article\" \/>\n<meta property=\"og:title\" content=\"Cambiador de filtros de flujo continuo - BD Plast\" \/>\n<meta property=\"og:description\" content=\"Nuestra oferta incluye un cambiador de filtros hidr\u00e1ulicos BDO x 2.\" \/>\n<meta property=\"og:url\" content=\"https:\/\/www.bdplast.com\/es\/cambiador-de-filtros-de-flujo-continuo\/\" \/>\n<meta property=\"og:site_name\" content=\"BD Plast\" \/>\n<meta property=\"article:modified_time\" content=\"2025-10-10T10:01:54+00:00\" \/>\n<meta property=\"og:image\" content=\"https:\/\/www.bdplast.com\/wp-content\/uploads\/2022\/04\/Cleanchanger_card.jpg\" \/>\n\t<meta property=\"og:image:width\" content=\"600\" \/>\n\t<meta property=\"og:image:height\" content=\"600\" \/>\n\t<meta property=\"og:image:type\" content=\"image\/jpeg\" \/>\n<meta name=\"twitter:card\" content=\"summary_large_image\" \/>\n<meta name=\"twitter:label1\" content=\"Tiempo de lectura\" \/>\n\t<meta name=\"twitter:data1\" content=\"2 minutos\" \/>\n<script type=\"application\/ld+json\" class=\"yoast-schema-graph\">{\"@context\":\"https:\\\/\\\/schema.org\",\"@graph\":[{\"@type\":\"WebPage\",\"@id\":\"https:\\\/\\\/www.bdplast.com\\\/es\\\/cambiador-de-filtros-de-flujo-continuo\\\/\",\"url\":\"https:\\\/\\\/www.bdplast.com\\\/es\\\/cambiador-de-filtros-de-flujo-continuo\\\/\",\"name\":\"Cambiador de filtros de flujo continuo - BD Plast\",\"isPartOf\":{\"@id\":\"https:\\\/\\\/www.bdplast.com\\\/#website\"},\"primaryImageOfPage\":{\"@id\":\"https:\\\/\\\/www.bdplast.com\\\/es\\\/cambiador-de-filtros-de-flujo-continuo\\\/#primaryimage\"},\"image\":{\"@id\":\"https:\\\/\\\/www.bdplast.com\\\/es\\\/cambiador-de-filtros-de-flujo-continuo\\\/#primaryimage\"},\"thumbnailUrl\":\"https:\\\/\\\/www.bdplast.com\\\/wp-content\\\/uploads\\\/2022\\\/04\\\/Cleanchanger_card.jpg\",\"datePublished\":\"2021-03-30T09:29:39+00:00\",\"dateModified\":\"2025-10-10T10:01:54+00:00\",\"description\":\"Nuestra oferta incluye un cambiador de filtros hidr\u00e1ulicos BDO x 2.\",\"breadcrumb\":{\"@id\":\"https:\\\/\\\/www.bdplast.com\\\/es\\\/cambiador-de-filtros-de-flujo-continuo\\\/#breadcrumb\"},\"inLanguage\":\"es\",\"potentialAction\":[{\"@type\":\"ReadAction\",\"target\":[\"https:\\\/\\\/www.bdplast.com\\\/es\\\/cambiador-de-filtros-de-flujo-continuo\\\/\"]}]},{\"@type\":\"ImageObject\",\"inLanguage\":\"es\",\"@id\":\"https:\\\/\\\/www.bdplast.com\\\/es\\\/cambiador-de-filtros-de-flujo-continuo\\\/#primaryimage\",\"url\":\"https:\\\/\\\/www.bdplast.com\\\/wp-content\\\/uploads\\\/2022\\\/04\\\/Cleanchanger_card.jpg\",\"contentUrl\":\"https:\\\/\\\/www.bdplast.com\\\/wp-content\\\/uploads\\\/2022\\\/04\\\/Cleanchanger_card.jpg\",\"width\":600,\"height\":600},{\"@type\":\"BreadcrumbList\",\"@id\":\"https:\\\/\\\/www.bdplast.com\\\/es\\\/cambiador-de-filtros-de-flujo-continuo\\\/#breadcrumb\",\"itemListElement\":[{\"@type\":\"ListItem\",\"position\":1,\"name\":\"Home\",\"item\":\"https:\\\/\\\/www.bdplast.com\\\/es\\\/\"},{\"@type\":\"ListItem\",\"position\":2,\"name\":\"Cambiador de filtros de flujo continuo\"}]},{\"@type\":\"WebSite\",\"@id\":\"https:\\\/\\\/www.bdplast.com\\\/#website\",\"url\":\"https:\\\/\\\/www.bdplast.com\\\/\",\"name\":\"BD Plast\",\"description\":\"Sistemi di filtrazione, deviazione e convoglio polimeri\",\"publisher\":{\"@id\":\"https:\\\/\\\/www.bdplast.com\\\/#organization\"},\"potentialAction\":[{\"@type\":\"SearchAction\",\"target\":{\"@type\":\"EntryPoint\",\"urlTemplate\":\"https:\\\/\\\/www.bdplast.com\\\/?s={search_term_string}\"},\"query-input\":{\"@type\":\"PropertyValueSpecification\",\"valueRequired\":true,\"valueName\":\"search_term_string\"}}],\"inLanguage\":\"es\"},{\"@type\":\"Organization\",\"@id\":\"https:\\\/\\\/www.bdplast.com\\\/#organization\",\"name\":\"BD Plast\",\"url\":\"https:\\\/\\\/www.bdplast.com\\\/\",\"logo\":{\"@type\":\"ImageObject\",\"inLanguage\":\"es\",\"@id\":\"https:\\\/\\\/www.bdplast.com\\\/#\\\/schema\\\/logo\\\/image\\\/\",\"url\":\"https:\\\/\\\/www.bdplast.com\\\/wp-content\\\/uploads\\\/2025\\\/06\\\/bdplast-logo-yoast.jpg\",\"contentUrl\":\"https:\\\/\\\/www.bdplast.com\\\/wp-content\\\/uploads\\\/2025\\\/06\\\/bdplast-logo-yoast.jpg\",\"width\":1200,\"height\":628,\"caption\":\"BD Plast\"},\"image\":{\"@id\":\"https:\\\/\\\/www.bdplast.com\\\/#\\\/schema\\\/logo\\\/image\\\/\"},\"sameAs\":[\"https:\\\/\\\/www.youtube.com\\\/channel\\\/UCd6hdte7tZc8CfN_W9KxYTA\",\"https:\\\/\\\/it.linkedin.com\\\/company\\\/bd-plast-filtering-systems-srl\"]}]}<\/script>\n<!-- \/ Yoast SEO plugin. -->","yoast_head_json":{"title":"Cambiador de filtros de flujo continuo - BD Plast","description":"Nuestra oferta incluye un cambiador de filtros hidr\u00e1ulicos BDO x 2.","robots":{"index":"index","follow":"follow","max-snippet":"max-snippet:-1","max-image-preview":"max-image-preview:large","max-video-preview":"max-video-preview:-1"},"canonical":"https:\/\/www.bdplast.com\/es\/cambiador-de-filtros-de-flujo-continuo\/","og_locale":"es_ES","og_type":"article","og_title":"Cambiador de filtros de flujo continuo - BD Plast","og_description":"Nuestra oferta incluye un cambiador de filtros hidr\u00e1ulicos BDO x 2.","og_url":"https:\/\/www.bdplast.com\/es\/cambiador-de-filtros-de-flujo-continuo\/","og_site_name":"BD Plast","article_modified_time":"2025-10-10T10:01:54+00:00","og_image":[{"width":600,"height":600,"url":"https:\/\/www.bdplast.com\/wp-content\/uploads\/2022\/04\/Cleanchanger_card.jpg","type":"image\/jpeg"}],"twitter_card":"summary_large_image","twitter_misc":{"Tiempo de lectura":"2 minutos"},"schema":{"@context":"https:\/\/schema.org","@graph":[{"@type":"WebPage","@id":"https:\/\/www.bdplast.com\/es\/cambiador-de-filtros-de-flujo-continuo\/","url":"https:\/\/www.bdplast.com\/es\/cambiador-de-filtros-de-flujo-continuo\/","name":"Cambiador de filtros de flujo continuo - BD Plast","isPartOf":{"@id":"https:\/\/www.bdplast.com\/#website"},"primaryImageOfPage":{"@id":"https:\/\/www.bdplast.com\/es\/cambiador-de-filtros-de-flujo-continuo\/#primaryimage"},"image":{"@id":"https:\/\/www.bdplast.com\/es\/cambiador-de-filtros-de-flujo-continuo\/#primaryimage"},"thumbnailUrl":"https:\/\/www.bdplast.com\/wp-content\/uploads\/2022\/04\/Cleanchanger_card.jpg","datePublished":"2021-03-30T09:29:39+00:00","dateModified":"2025-10-10T10:01:54+00:00","description":"Nuestra oferta incluye un cambiador de filtros hidr\u00e1ulicos BDO x 2.","breadcrumb":{"@id":"https:\/\/www.bdplast.com\/es\/cambiador-de-filtros-de-flujo-continuo\/#breadcrumb"},"inLanguage":"es","potentialAction":[{"@type":"ReadAction","target":["https:\/\/www.bdplast.com\/es\/cambiador-de-filtros-de-flujo-continuo\/"]}]},{"@type":"ImageObject","inLanguage":"es","@id":"https:\/\/www.bdplast.com\/es\/cambiador-de-filtros-de-flujo-continuo\/#primaryimage","url":"https:\/\/www.bdplast.com\/wp-content\/uploads\/2022\/04\/Cleanchanger_card.jpg","contentUrl":"https:\/\/www.bdplast.com\/wp-content\/uploads\/2022\/04\/Cleanchanger_card.jpg","width":600,"height":600},{"@type":"BreadcrumbList","@id":"https:\/\/www.bdplast.com\/es\/cambiador-de-filtros-de-flujo-continuo\/#breadcrumb","itemListElement":[{"@type":"ListItem","position":1,"name":"Home","item":"https:\/\/www.bdplast.com\/es\/"},{"@type":"ListItem","position":2,"name":"Cambiador de filtros de flujo continuo"}]},{"@type":"WebSite","@id":"https:\/\/www.bdplast.com\/#website","url":"https:\/\/www.bdplast.com\/","name":"BD Plast","description":"Sistemi di filtrazione, deviazione e convoglio polimeri","publisher":{"@id":"https:\/\/www.bdplast.com\/#organization"},"potentialAction":[{"@type":"SearchAction","target":{"@type":"EntryPoint","urlTemplate":"https:\/\/www.bdplast.com\/?s={search_term_string}"},"query-input":{"@type":"PropertyValueSpecification","valueRequired":true,"valueName":"search_term_string"}}],"inLanguage":"es"},{"@type":"Organization","@id":"https:\/\/www.bdplast.com\/#organization","name":"BD Plast","url":"https:\/\/www.bdplast.com\/","logo":{"@type":"ImageObject","inLanguage":"es","@id":"https:\/\/www.bdplast.com\/#\/schema\/logo\/image\/","url":"https:\/\/www.bdplast.com\/wp-content\/uploads\/2025\/06\/bdplast-logo-yoast.jpg","contentUrl":"https:\/\/www.bdplast.com\/wp-content\/uploads\/2025\/06\/bdplast-logo-yoast.jpg","width":1200,"height":628,"caption":"BD Plast"},"image":{"@id":"https:\/\/www.bdplast.com\/#\/schema\/logo\/image\/"},"sameAs":["https:\/\/www.youtube.com\/channel\/UCd6hdte7tZc8CfN_W9KxYTA","https:\/\/it.linkedin.com\/company\/bd-plast-filtering-systems-srl"]}]}},"rttpg_featured_image_url":{"full":["https:\/\/www.bdplast.com\/wp-content\/uploads\/2022\/04\/Cleanchanger_card.jpg",600,600,false],"landscape":["https:\/\/www.bdplast.com\/wp-content\/uploads\/2022\/04\/Cleanchanger_card.jpg",600,600,false],"portraits":["https:\/\/www.bdplast.com\/wp-content\/uploads\/2022\/04\/Cleanchanger_card.jpg",600,600,false],"thumbnail":["https:\/\/www.bdplast.com\/wp-content\/uploads\/2022\/04\/Cleanchanger_card-150x150.jpg",150,150,true],"medium":["https:\/\/www.bdplast.com\/wp-content\/uploads\/2022\/04\/Cleanchanger_card-300x300.jpg",300,300,true],"large":["https:\/\/www.bdplast.com\/wp-content\/uploads\/2022\/04\/Cleanchanger_card.jpg",600,600,false],"1536x1536":["https:\/\/www.bdplast.com\/wp-content\/uploads\/2022\/04\/Cleanchanger_card.jpg",600,600,false],"2048x2048":["https:\/\/www.bdplast.com\/wp-content\/uploads\/2022\/04\/Cleanchanger_card.jpg",600,600,false],"codevz_360_320":["https:\/\/www.bdplast.com\/wp-content\/uploads\/2022\/04\/Cleanchanger_card-360x320.jpg",360,320,true],"codevz_600_600":["https:\/\/www.bdplast.com\/wp-content\/uploads\/2022\/04\/Cleanchanger_card-600x600.jpg",600,600,true],"codevz_1200_200":["https:\/\/www.bdplast.com\/wp-content\/uploads\/2022\/04\/Cleanchanger_card-600x200.jpg",600,200,true],"codevz_1200_500":["https:\/\/www.bdplast.com\/wp-content\/uploads\/2022\/04\/Cleanchanger_card-600x500.jpg",600,500,true],"codevz_600_1000":["https:\/\/www.bdplast.com\/wp-content\/uploads\/2022\/04\/Cleanchanger_card.jpg",600,600,false],"codevz_600_9999":["https:\/\/www.bdplast.com\/wp-content\/uploads\/2022\/04\/Cleanchanger_card.jpg",600,600,false],"gform-image-choice-sm":["https:\/\/www.bdplast.com\/wp-content\/uploads\/2022\/04\/Cleanchanger_card.jpg",300,300,false],"gform-image-choice-md":["https:\/\/www.bdplast.com\/wp-content\/uploads\/2022\/04\/Cleanchanger_card.jpg",400,400,false],"gform-image-choice-lg":["https:\/\/www.bdplast.com\/wp-content\/uploads\/2022\/04\/Cleanchanger_card.jpg",600,600,false]},"rttpg_author":{"display_name":"studiochiesa","author_link":"https:\/\/www.bdplast.com\/es\/author\/studiochiesa\/"},"rttpg_comment":0,"rttpg_category":" <a href=\"https:\/\/www.bdplast.com\/es\/?taxonomy=translation_priority&#038;term=opcional\" rel=\"tag\">Opcional<\/a><a href=\"https:\/\/www.bdplast.com\/?taxonomy=translation_priority&#038;term=opzionale\" rel=\"tag\">Opzionale<\/a>","rttpg_excerpt":"[vc_row full_width=\u00bbstretch_row\u00bb css=\u00bb.vc_custom_1617876160358{background-image: url(https:\/\/www.bdplast.com\/wp-content\/uploads\/2021\/04\/cambiafiltri_flusso_continuo_continuous_flow_screen_changers_BDOx2_cover.jpg?id=14477) !important;background-position: center !important;background-repeat: no-repeat !important;background-size: cover !important;}\u00bb ...","_links":{"self":[{"href":"https:\/\/www.bdplast.com\/es\/wp-json\/wp\/v2\/pages\/15267","targetHints":{"allow":["GET"]}}],"collection":[{"href":"https:\/\/www.bdplast.com\/es\/wp-json\/wp\/v2\/pages"}],"about":[{"href":"https:\/\/www.bdplast.com\/es\/wp-json\/wp\/v2\/types\/page"}],"author":[{"embeddable":true,"href":"https:\/\/www.bdplast.com\/es\/wp-json\/wp\/v2\/users\/1"}],"replies":[{"embeddable":true,"href":"https:\/\/www.bdplast.com\/es\/wp-json\/wp\/v2\/comments?post=15267"}],"version-history":[{"count":7,"href":"https:\/\/www.bdplast.com\/es\/wp-json\/wp\/v2\/pages\/15267\/revisions"}],"predecessor-version":[{"id":21112,"href":"https:\/\/www.bdplast.com\/es\/wp-json\/wp\/v2\/pages\/15267\/revisions\/21112"}],"wp:featuredmedia":[{"embeddable":true,"href":"https:\/\/www.bdplast.com\/es\/wp-json\/wp\/v2\/media\/18325"}],"wp:attachment":[{"href":"https:\/\/www.bdplast.com\/es\/wp-json\/wp\/v2\/media?parent=15267"}],"curies":[{"name":"wp","href":"https:\/\/api.w.org\/{rel}","templated":true}]}}