{"id":15274,"date":"2021-03-30T11:03:23","date_gmt":"2021-03-30T09:03:23","guid":{"rendered":"https:\/\/www.bdplast.com\/componenti-per-lestrusione\/"},"modified":"2025-10-10T17:06:15","modified_gmt":"2025-10-10T15:06:15","slug":"componentes-de-extrusion","status":"publish","type":"page","link":"https:\/\/www.bdplast.com\/es\/componentes-de-extrusion\/","title":{"rendered":"Componentes de extrusi\u00f3n"},"content":{"rendered":"<div class=\"wpb-content-wrapper\"><p>[vc_row full_width=\u00bbstretch_row\u00bb css=\u00bb.vc_custom_1617876137615{background-image: url(https:\/\/www.bdplast.com\/wp-content\/uploads\/2021\/03\/componenti_per_estrusione_extrusion_components_BDMP_cover.jpg?id=14268) !important;background-position: center !important;background-repeat: no-repeat !important;background-size: cover !important;}\u00bb el_class=\u00bbwhite_text\u00bb el_id=\u00bbhead_prodotto\u00bb][vc_column][\/vc_column][\/vc_row][vc_row full_width=\u00bbstretch_row\u00bb css=\u00bb.vc_custom_1616665112965{padding-top: 2em !important;padding-bottom: 2em !important;background-color: #ec6608 !important;}\u00bb el_class=\u00bbwhite_text\u00bb][vc_column][vc_row_inner equal_height=\u00bbyes\u00bb content_placement=\u00bbmiddle\u00bb][vc_column_inner][vc_column_text]<\/p>\n<h1><span class=\"separator level2 parent\">Componentes de extrusi\u00f3n<\/span><\/h1>\n<p>[\/vc_column_text][\/vc_column_inner][\/vc_row_inner][\/vc_column][\/vc_row][vc_row css=\u00bb.vc_custom_1616673282130{padding-top: 4em !important;padding-bottom: 4em !important;}\u00bb el_id=\u00bbscheda_prodotto_intro\u00bb][vc_column][vc_column_text css=\u00bb\u00bb]<\/p>\n<h2>Adaptadores, codos y cuellos de extrusi\u00f3n, mezcladores est\u00e1ticos y v\u00e1lvulas de desv\u00edo<\/h2>\n<p>[\/vc_column_text][vc_column_text]Nuestra oferta incluye <strong>componentes para la extrusi\u00f3n<\/strong>.[\/vc_column_text][\/vc_column][\/vc_row][vc_row full_width=\u00bbstretch_row\u00bb css=\u00bb.vc_custom_1616746370826{padding-top: 4em !important;padding-bottom: 4em !important;background-color: #e9e7dd !important;}\u00bb el_id=\u00bbproducts\u00bb][vc_column offset=\u00bbvc_col-md-12 vc_col-xs-12&#8243;][vc_empty_space height=\u00bb2em\u00bb][vc_row_inner css=\u00bb.vc_custom_1584973514763{padding-left: 1em !important;}\u00bb el_class=\u00bbpublications_homepage\u00bb el_id=\u00bbappflds\u00bb][vc_column_inner width=\u00bb1\/4&#8243; css=\u00bb.vc_custom_1584532315881{margin: 0px !important;padding: 0px !important;border: 0px initial !important;}\u00bb]<figure class=\"effect-hover  effect-ruby ratiooriginal  vckit_custom_class_960acb3eb56012  vckit-lazyload\">\n  <a href=\"https:\/\/www.bdplast.com\/es\/adaptadores-codos-y-cuellos-de-extrusion-bdmp\/\" >\n    <img data-src=\"https:\/\/www.bdplast.com\/wp-content\/uploads\/2021\/03\/componenti_per_estrusione_extrusion_components_BDMP_pagina_prodotto.jpg\" alt=\"Adaptadores, codos y cuellos de extrusi\u00f3n BDMP \"\/>\n    <figcaption>\n      <div class=\"effect-caption\">\n        <h2>Adaptadores, codos y cuellos de extrusi\u00f3n BDMP <span><\/span><\/h2>\n        <p class=\"description\">\n          La conexi\u00f3n perfecta e innovadora entre los cambiadores de filtros y los cabezales de extrusi\u00f3n.&nbsp;        <\/p>\n      <\/div>\n    <\/figcaption>\n  <\/a>\n<\/figure>\n[\/vc_column_inner][vc_column_inner width=\u00bb1\/4&#8243; css=\u00bb.vc_custom_1584531742173{margin: 0px !important;padding: 0px !important;border: 0px initial !important;}\u00bb]<figure class=\"effect-hover  effect-ruby ratiooriginal effect-fonts vckit_custom_class_1060acb585b062b  vckit-lazyload\">\n  <a href=\"https:\/\/www.bdplast.com\/es\/valvulas-de-desvio-tipo-bdvd\/\" >\n    <img data-src=\"https:\/\/www.bdplast.com\/wp-content\/uploads\/2021\/05\/bdv_prd.jpg\" alt=\"V\u00e1lvulas de desv\u00edo tipo BDVD \"\/>\n    <figcaption>\n      <div class=\"effect-caption\">\n        <h2>V\u00e1lvulas de desv\u00edo tipo BDVD <span><\/span><\/h2>\n        <p class=\"description\">\n          F\u00e1cil de mantener, puede integrarse en diferentes sistemas.&nbsp;        <\/p>\n      <\/div>\n    <\/figcaption>\n  <\/a>\n<\/figure>\n[\/vc_column_inner][vc_column_inner width=\u00bb1\/4&#8243; css=\u00bb.vc_custom_1584531749045{margin: 0px !important;padding: 0px !important;border: 0px initial !important;}\u00bb]<figure class=\"effect-hover category_flip_box effect-ruby ratiooriginal  vckit_custom_class_1068e9204d1e317  vckit-lazyload\">\n  <a href=\"https:\/\/www.bdplast.com\/es\/cambiador-de-cabezales-hidraulico-bdcf\/\" >\n    <img data-src=\"https:\/\/www.bdplast.com\/wp-content\/uploads\/2025\/10\/BDCF-cambia-teste.jpg\" alt=\"Cambiador de cabezales hidr\u00e1ulico BDCF \"\/>\n    <figcaption>\n      <div class=\"effect-caption\">\n        <h2>Cambiador de cabezales hidr\u00e1ulico BDCF <span><\/span><\/h2>\n        <p class=\"description\">\n          Un equipo accesorio que permite una sustituci\u00f3n f\u00e1cil y r\u00e1pida de las matrices de extrusi\u00f3n en comparaci\u00f3n con los procedimientos manuales tradicionales.&nbsp;        <\/p>\n      <\/div>\n    <\/figcaption>\n  <\/a>\n<\/figure>\n[\/vc_column_inner][vc_column_inner width=\u00bb1\/4&#8243;]<figure class=\"effect-hover  effect-ruby ratiooriginal effect-fonts vckit_custom_class_868e920d686f66  vckit-lazyload\">\n  <a href=\"https:\/\/www.bdplast.com\/es\/filtro-para-calandra-bdgs\/\" >\n    <img data-src=\"https:\/\/www.bdplast.com\/wp-content\/uploads\/2025\/10\/Filtro-per-calandra-BDGS_1X1.jpg\" alt=\" Filtro para calandra BDGS \"\/>\n    <figcaption>\n      <div class=\"effect-caption\">\n        <h2> Filtro para calandra BDGS <span><\/span><\/h2>\n        <p class=\"description\">\n          Tecnolog\u00eda de filtraci\u00f3n alterna para l\u00edneas de calandrado&nbsp;        <\/p>\n      <\/div>\n    <\/figcaption>\n  <\/a>\n<\/figure>\n[\/vc_column_inner][\/vc_row_inner][\/vc_column][\/vc_row]<\/p>\n<\/div>","protected":false},"excerpt":{"rendered":"<p>[vc_row full_width=\u00bbstretch_row\u00bb css=\u00bb.vc_custom_1617876137615{background-image: url(https:\/\/www.bdplast.com\/wp-content\/uploads\/2021\/03\/componenti_per_estrusione_extrusion_components_BDMP_cover.jpg?id=14268) !important;background-position: center !important;background-repeat: no-repeat !important;background-size: cover !important;}\u00bb &#8230; <\/p>\n","protected":false},"author":1,"featured_media":0,"parent":0,"menu_order":0,"comment_status":"closed","ping_status":"closed","template":"","meta":{"footnotes":"","_links_to":"","_links_to_target":""},"class_list":["post-15274","page","type-page","status-publish","hentry"],"yoast_head":"<!-- This site is optimized with the Yoast SEO plugin v27.6 - https:\/\/yoast.com\/product\/yoast-seo-wordpress\/ -->\n<title>Componentes de extrusi\u00f3n - BD Plast<\/title>\n<meta name=\"description\" content=\"Adaptadores, codos y cuellos de extrusi\u00f3n, mezcladores est\u00e1ticos, matrices de filamentos y v\u00e1lvulas de desv\u00edo\" \/>\n<meta name=\"robots\" content=\"index, follow, max-snippet:-1, max-image-preview:large, max-video-preview:-1\" \/>\n<link rel=\"canonical\" href=\"https:\/\/www.bdplast.com\/es\/componentes-de-extrusion\/\" \/>\n<meta property=\"og:locale\" content=\"es_ES\" \/>\n<meta property=\"og:type\" content=\"article\" \/>\n<meta property=\"og:title\" content=\"Componentes de extrusi\u00f3n - BD Plast\" \/>\n<meta property=\"og:description\" content=\"Adaptadores, codos y cuellos de extrusi\u00f3n, mezcladores est\u00e1ticos, matrices de filamentos y v\u00e1lvulas de desv\u00edo\" \/>\n<meta property=\"og:url\" content=\"https:\/\/www.bdplast.com\/es\/componentes-de-extrusion\/\" \/>\n<meta property=\"og:site_name\" content=\"BD Plast\" \/>\n<meta property=\"article:modified_time\" content=\"2025-10-10T15:06:15+00:00\" \/>\n<meta name=\"twitter:card\" content=\"summary_large_image\" \/>\n<meta name=\"twitter:label1\" content=\"Tiempo de lectura\" \/>\n\t<meta name=\"twitter:data1\" content=\"2 minutos\" \/>\n<script type=\"application\/ld+json\" class=\"yoast-schema-graph\">{\"@context\":\"https:\\\/\\\/schema.org\",\"@graph\":[{\"@type\":\"WebPage\",\"@id\":\"https:\\\/\\\/www.bdplast.com\\\/es\\\/componentes-de-extrusion\\\/\",\"url\":\"https:\\\/\\\/www.bdplast.com\\\/es\\\/componentes-de-extrusion\\\/\",\"name\":\"Componentes de extrusi\u00f3n - BD Plast\",\"isPartOf\":{\"@id\":\"https:\\\/\\\/www.bdplast.com\\\/#website\"},\"datePublished\":\"2021-03-30T09:03:23+00:00\",\"dateModified\":\"2025-10-10T15:06:15+00:00\",\"description\":\"Adaptadores, codos y cuellos de extrusi\u00f3n, mezcladores est\u00e1ticos, matrices de filamentos y v\u00e1lvulas de desv\u00edo\",\"breadcrumb\":{\"@id\":\"https:\\\/\\\/www.bdplast.com\\\/es\\\/componentes-de-extrusion\\\/#breadcrumb\"},\"inLanguage\":\"es\",\"potentialAction\":[{\"@type\":\"ReadAction\",\"target\":[\"https:\\\/\\\/www.bdplast.com\\\/es\\\/componentes-de-extrusion\\\/\"]}]},{\"@type\":\"BreadcrumbList\",\"@id\":\"https:\\\/\\\/www.bdplast.com\\\/es\\\/componentes-de-extrusion\\\/#breadcrumb\",\"itemListElement\":[{\"@type\":\"ListItem\",\"position\":1,\"name\":\"Home\",\"item\":\"https:\\\/\\\/www.bdplast.com\\\/es\\\/\"},{\"@type\":\"ListItem\",\"position\":2,\"name\":\"Componentes de extrusi\u00f3n\"}]},{\"@type\":\"WebSite\",\"@id\":\"https:\\\/\\\/www.bdplast.com\\\/#website\",\"url\":\"https:\\\/\\\/www.bdplast.com\\\/\",\"name\":\"BD Plast\",\"description\":\"Sistemi di filtrazione, deviazione e convoglio polimeri\",\"publisher\":{\"@id\":\"https:\\\/\\\/www.bdplast.com\\\/#organization\"},\"potentialAction\":[{\"@type\":\"SearchAction\",\"target\":{\"@type\":\"EntryPoint\",\"urlTemplate\":\"https:\\\/\\\/www.bdplast.com\\\/?s={search_term_string}\"},\"query-input\":{\"@type\":\"PropertyValueSpecification\",\"valueRequired\":true,\"valueName\":\"search_term_string\"}}],\"inLanguage\":\"es\"},{\"@type\":\"Organization\",\"@id\":\"https:\\\/\\\/www.bdplast.com\\\/#organization\",\"name\":\"BD Plast\",\"url\":\"https:\\\/\\\/www.bdplast.com\\\/\",\"logo\":{\"@type\":\"ImageObject\",\"inLanguage\":\"es\",\"@id\":\"https:\\\/\\\/www.bdplast.com\\\/#\\\/schema\\\/logo\\\/image\\\/\",\"url\":\"https:\\\/\\\/www.bdplast.com\\\/wp-content\\\/uploads\\\/2025\\\/06\\\/bdplast-logo-yoast.jpg\",\"contentUrl\":\"https:\\\/\\\/www.bdplast.com\\\/wp-content\\\/uploads\\\/2025\\\/06\\\/bdplast-logo-yoast.jpg\",\"width\":1200,\"height\":628,\"caption\":\"BD Plast\"},\"image\":{\"@id\":\"https:\\\/\\\/www.bdplast.com\\\/#\\\/schema\\\/logo\\\/image\\\/\"},\"sameAs\":[\"https:\\\/\\\/www.youtube.com\\\/channel\\\/UCd6hdte7tZc8CfN_W9KxYTA\",\"https:\\\/\\\/it.linkedin.com\\\/company\\\/bd-plast-filtering-systems-srl\"]}]}<\/script>\n<!-- \/ Yoast SEO plugin. -->","yoast_head_json":{"title":"Componentes de extrusi\u00f3n - BD Plast","description":"Adaptadores, codos y cuellos de extrusi\u00f3n, mezcladores est\u00e1ticos, matrices de filamentos y v\u00e1lvulas de desv\u00edo","robots":{"index":"index","follow":"follow","max-snippet":"max-snippet:-1","max-image-preview":"max-image-preview:large","max-video-preview":"max-video-preview:-1"},"canonical":"https:\/\/www.bdplast.com\/es\/componentes-de-extrusion\/","og_locale":"es_ES","og_type":"article","og_title":"Componentes de extrusi\u00f3n - BD Plast","og_description":"Adaptadores, codos y cuellos de extrusi\u00f3n, mezcladores est\u00e1ticos, matrices de filamentos y v\u00e1lvulas de desv\u00edo","og_url":"https:\/\/www.bdplast.com\/es\/componentes-de-extrusion\/","og_site_name":"BD Plast","article_modified_time":"2025-10-10T15:06:15+00:00","twitter_card":"summary_large_image","twitter_misc":{"Tiempo de lectura":"2 minutos"},"schema":{"@context":"https:\/\/schema.org","@graph":[{"@type":"WebPage","@id":"https:\/\/www.bdplast.com\/es\/componentes-de-extrusion\/","url":"https:\/\/www.bdplast.com\/es\/componentes-de-extrusion\/","name":"Componentes de extrusi\u00f3n - BD Plast","isPartOf":{"@id":"https:\/\/www.bdplast.com\/#website"},"datePublished":"2021-03-30T09:03:23+00:00","dateModified":"2025-10-10T15:06:15+00:00","description":"Adaptadores, codos y cuellos de extrusi\u00f3n, mezcladores est\u00e1ticos, matrices de filamentos y v\u00e1lvulas de desv\u00edo","breadcrumb":{"@id":"https:\/\/www.bdplast.com\/es\/componentes-de-extrusion\/#breadcrumb"},"inLanguage":"es","potentialAction":[{"@type":"ReadAction","target":["https:\/\/www.bdplast.com\/es\/componentes-de-extrusion\/"]}]},{"@type":"BreadcrumbList","@id":"https:\/\/www.bdplast.com\/es\/componentes-de-extrusion\/#breadcrumb","itemListElement":[{"@type":"ListItem","position":1,"name":"Home","item":"https:\/\/www.bdplast.com\/es\/"},{"@type":"ListItem","position":2,"name":"Componentes de extrusi\u00f3n"}]},{"@type":"WebSite","@id":"https:\/\/www.bdplast.com\/#website","url":"https:\/\/www.bdplast.com\/","name":"BD Plast","description":"Sistemi di filtrazione, deviazione e convoglio polimeri","publisher":{"@id":"https:\/\/www.bdplast.com\/#organization"},"potentialAction":[{"@type":"SearchAction","target":{"@type":"EntryPoint","urlTemplate":"https:\/\/www.bdplast.com\/?s={search_term_string}"},"query-input":{"@type":"PropertyValueSpecification","valueRequired":true,"valueName":"search_term_string"}}],"inLanguage":"es"},{"@type":"Organization","@id":"https:\/\/www.bdplast.com\/#organization","name":"BD Plast","url":"https:\/\/www.bdplast.com\/","logo":{"@type":"ImageObject","inLanguage":"es","@id":"https:\/\/www.bdplast.com\/#\/schema\/logo\/image\/","url":"https:\/\/www.bdplast.com\/wp-content\/uploads\/2025\/06\/bdplast-logo-yoast.jpg","contentUrl":"https:\/\/www.bdplast.com\/wp-content\/uploads\/2025\/06\/bdplast-logo-yoast.jpg","width":1200,"height":628,"caption":"BD Plast"},"image":{"@id":"https:\/\/www.bdplast.com\/#\/schema\/logo\/image\/"},"sameAs":["https:\/\/www.youtube.com\/channel\/UCd6hdte7tZc8CfN_W9KxYTA","https:\/\/it.linkedin.com\/company\/bd-plast-filtering-systems-srl"]}]}},"rttpg_featured_image_url":null,"rttpg_author":{"display_name":"studiochiesa","author_link":"https:\/\/www.bdplast.com\/es\/author\/studiochiesa\/"},"rttpg_comment":0,"rttpg_category":" <a href=\"https:\/\/www.bdplast.com\/es\/?taxonomy=translation_priority&#038;term=opcional\" rel=\"tag\">Opcional<\/a>","rttpg_excerpt":"[vc_row full_width=\u00bbstretch_row\u00bb css=\u00bb.vc_custom_1617876137615{background-image: url(https:\/\/www.bdplast.com\/wp-content\/uploads\/2021\/03\/componenti_per_estrusione_extrusion_components_BDMP_cover.jpg?id=14268) !important;background-position: center !important;background-repeat: no-repeat !important;background-size: cover !important;}\u00bb ...","_links":{"self":[{"href":"https:\/\/www.bdplast.com\/es\/wp-json\/wp\/v2\/pages\/15274","targetHints":{"allow":["GET"]}}],"collection":[{"href":"https:\/\/www.bdplast.com\/es\/wp-json\/wp\/v2\/pages"}],"about":[{"href":"https:\/\/www.bdplast.com\/es\/wp-json\/wp\/v2\/types\/page"}],"author":[{"embeddable":true,"href":"https:\/\/www.bdplast.com\/es\/wp-json\/wp\/v2\/users\/1"}],"replies":[{"embeddable":true,"href":"https:\/\/www.bdplast.com\/es\/wp-json\/wp\/v2\/comments?post=15274"}],"version-history":[{"count":9,"href":"https:\/\/www.bdplast.com\/es\/wp-json\/wp\/v2\/pages\/15274\/revisions"}],"predecessor-version":[{"id":21216,"href":"https:\/\/www.bdplast.com\/es\/wp-json\/wp\/v2\/pages\/15274\/revisions\/21216"}],"wp:attachment":[{"href":"https:\/\/www.bdplast.com\/es\/wp-json\/wp\/v2\/media?parent=15274"}],"curies":[{"name":"wp","href":"https:\/\/api.w.org\/{rel}","templated":true}]}}