{"id":15281,"date":"2021-03-30T10:36:14","date_gmt":"2021-03-30T08:36:14","guid":{"rendered":"https:\/\/www.bdplast.com\/filtri-statici\/"},"modified":"2025-10-10T17:26:32","modified_gmt":"2025-10-10T15:26:32","slug":"filtros-estaticos","status":"publish","type":"page","link":"https:\/\/www.bdplast.com\/es\/filtros-estaticos\/","title":{"rendered":"Filtros est\u00e1ticos"},"content":{"rendered":"<div class=\"wpb-content-wrapper\"><p>[vc_row full_width=\u00bbstretch_row\u00bb css=\u00bb.vc_custom_1620917583775{background-image: url(https:\/\/www.bdplast.com\/wp-content\/uploads\/2021\/05\/filtri_statici_static_filters_cover.jpg?id=15675) !important;background-position: center !important;background-repeat: no-repeat !important;background-size: cover !important;}\u00bb el_class=\u00bbwhite_text\u00bb el_id=\u00bbhead_prodotto\u00bb][vc_column][\/vc_column][\/vc_row][vc_row full_width=\u00bbstretch_row\u00bb css=\u00bb.vc_custom_1616665112965{padding-top: 2em !important;padding-bottom: 2em !important;background-color: #ec6608 !important;}\u00bb el_class=\u00bbwhite_text\u00bb][vc_column][vc_row_inner equal_height=\u00bbyes\u00bb content_placement=\u00bbmiddle\u00bb][vc_column_inner][vc_column_text]<\/p>\n<h1>Filtros est\u00e1ticos<\/h1>\n<p>[\/vc_column_text][\/vc_column_inner][\/vc_row_inner][\/vc_column][\/vc_row][vc_row css=\u00bb.vc_custom_1616673282130{padding-top: 4em !important;padding-bottom: 4em !important;}\u00bb el_id=\u00bbscheda_prodotto_intro\u00bb][vc_column][vc_column_text]<\/p>\n<h2>M\u00e1xima integrabilidad para la producci\u00f3n de instalaciones de l\u00e1mina fundida y soplada o l\u00edneas de recubrimiento<\/h2>\n<p>[\/vc_column_text][vc_column_text]Nuestra oferta incluye <strong>filtros est\u00e1ticos BDC<\/strong> y <strong>BDR<\/strong>, para satisfacer las necesidades de las l\u00edneas de producci\u00f3n.[\/vc_column_text][\/vc_column][\/vc_row][vc_row full_width=\u00bbstretch_row\u00bb css=\u00bb.vc_custom_1616746370826{padding-top: 4em !important;padding-bottom: 4em !important;background-color: #e9e7dd !important;}\u00bb el_id=\u00bbproducts\u00bb][vc_column offset=\u00bbvc_col-md-12 vc_col-xs-12&#8243;][vc_empty_space height=\u00bb2em\u00bb][vc_row_inner css=\u00bb.vc_custom_1584973514763{padding-left: 1em !important;}\u00bb el_class=\u00bbpublications_homepage\u00bb el_id=\u00bbappflds\u00bb][vc_column_inner width=\u00bb1\/4&#8243;]<figure class=\"effect-hover category_flip_box effect-ruby ratiooriginal  vckit_custom_class_1068e924787ba34  vckit-lazyload\">\n  <a href=\"https:\/\/www.bdplast.com\/es\/filtros-estaticos-bdc-y-bdcld\/\" >\n    <img data-src=\"https:\/\/www.bdplast.com\/wp-content\/uploads\/2021\/05\/filtri_statici_static_filters_BDC_pagina_prodotto.jpg\" alt=\"Filtros est\u00e1ticos BDC y BDCLD \"\/>\n    <figcaption>\n      <div class=\"effect-caption\">\n        <h2>Filtros est\u00e1ticos BDC y BDCLD <span><\/span><\/h2>\n        <p class=\"description\">\n          Filtraci\u00f3n de alto rendimiento para l\u00edneas de extrusi\u00f3n altamente eficientes&nbsp;        <\/p>\n      <\/div>\n    <\/figcaption>\n  <\/a>\n<\/figure>\n[\/vc_column_inner][vc_column_inner width=\u00bb1\/4&#8243;]<figure class=\"effect-hover category_flip_box effect-ruby ratiooriginal effect-fonts vckit_custom_class_968e9259f9d8f2  vckit-lazyload\">\n  <a href=\"https:\/\/www.bdplast.com\/es\/filtros-estaticos-bdr\/\" >\n    <img data-src=\"https:\/\/www.bdplast.com\/wp-content\/uploads\/2021\/05\/filtri_statici_static_filters_BDR_pagina_prodotto\" alt=\"Filtros est\u00e1ticos BDR \"\/>\n    <figcaption>\n      <div class=\"effect-caption\">\n        <h2>Filtros est\u00e1ticos BDR <span><\/span><\/h2>\n        <p class=\"description\">\n          Filtros est\u00e1ticos para l\u00edneas de recubrimiento para la aplicaci\u00f3n de l\u00e1minas de pl\u00e1stico sobre sustratos no polim\u00e9ricos.&nbsp;        <\/p>\n      <\/div>\n    <\/figcaption>\n  <\/a>\n<\/figure>\n[\/vc_column_inner][vc_column_inner width=\u00bb1\/4&#8243;][\/vc_column_inner][vc_column_inner width=\u00bb1\/4&#8243;][\/vc_column_inner][\/vc_row_inner][\/vc_column][\/vc_row]<\/p>\n<\/div>","protected":false},"excerpt":{"rendered":"<p>[vc_row full_width=\u00bbstretch_row\u00bb css=\u00bb.vc_custom_1620917583775{background-image: url(https:\/\/www.bdplast.com\/wp-content\/uploads\/2021\/05\/filtri_statici_static_filters_cover.jpg?id=15675) !important;background-position: center !important;background-repeat: no-repeat !important;background-size: cover !important;}\u00bb &#8230; <\/p>\n","protected":false},"author":1,"featured_media":0,"parent":0,"menu_order":0,"comment_status":"closed","ping_status":"closed","template":"","meta":{"footnotes":"","_links_to":"","_links_to_target":""},"class_list":["post-15281","page","type-page","status-publish","hentry"],"yoast_head":"<!-- This site is optimized with the Yoast SEO plugin v27.5 - https:\/\/yoast.com\/product\/yoast-seo-wordpress\/ -->\n<title>Filtros est\u00e1ticos - BD Plast<\/title>\n<meta name=\"description\" content=\"Nuestra oferta incluye filtros est\u00e1ticos BDC y BDR, para satisfacer las necesidades de las l\u00edneas de producci\u00f3n.\" \/>\n<meta name=\"robots\" content=\"index, follow, max-snippet:-1, max-image-preview:large, max-video-preview:-1\" \/>\n<link rel=\"canonical\" href=\"https:\/\/www.bdplast.com\/es\/filtros-estaticos\/\" \/>\n<meta property=\"og:locale\" content=\"es_ES\" \/>\n<meta property=\"og:type\" content=\"article\" \/>\n<meta property=\"og:title\" content=\"Filtros est\u00e1ticos - BD Plast\" \/>\n<meta property=\"og:description\" content=\"Nuestra oferta incluye filtros est\u00e1ticos BDC y BDR, para satisfacer las necesidades de las l\u00edneas de producci\u00f3n.\" \/>\n<meta property=\"og:url\" content=\"https:\/\/www.bdplast.com\/es\/filtros-estaticos\/\" \/>\n<meta property=\"og:site_name\" content=\"BD Plast\" \/>\n<meta property=\"article:modified_time\" content=\"2025-10-10T15:26:32+00:00\" \/>\n<meta name=\"twitter:card\" content=\"summary_large_image\" \/>\n<meta name=\"twitter:label1\" content=\"Tiempo de lectura\" \/>\n\t<meta name=\"twitter:data1\" content=\"1 minuto\" \/>\n<script type=\"application\/ld+json\" class=\"yoast-schema-graph\">{\"@context\":\"https:\\\/\\\/schema.org\",\"@graph\":[{\"@type\":\"WebPage\",\"@id\":\"https:\\\/\\\/www.bdplast.com\\\/es\\\/filtros-estaticos\\\/\",\"url\":\"https:\\\/\\\/www.bdplast.com\\\/es\\\/filtros-estaticos\\\/\",\"name\":\"Filtros est\u00e1ticos - BD Plast\",\"isPartOf\":{\"@id\":\"https:\\\/\\\/www.bdplast.com\\\/#website\"},\"datePublished\":\"2021-03-30T08:36:14+00:00\",\"dateModified\":\"2025-10-10T15:26:32+00:00\",\"description\":\"Nuestra oferta incluye filtros est\u00e1ticos BDC y BDR, para satisfacer las necesidades de las l\u00edneas de producci\u00f3n.\",\"breadcrumb\":{\"@id\":\"https:\\\/\\\/www.bdplast.com\\\/es\\\/filtros-estaticos\\\/#breadcrumb\"},\"inLanguage\":\"es\",\"potentialAction\":[{\"@type\":\"ReadAction\",\"target\":[\"https:\\\/\\\/www.bdplast.com\\\/es\\\/filtros-estaticos\\\/\"]}]},{\"@type\":\"BreadcrumbList\",\"@id\":\"https:\\\/\\\/www.bdplast.com\\\/es\\\/filtros-estaticos\\\/#breadcrumb\",\"itemListElement\":[{\"@type\":\"ListItem\",\"position\":1,\"name\":\"Home\",\"item\":\"https:\\\/\\\/www.bdplast.com\\\/es\\\/\"},{\"@type\":\"ListItem\",\"position\":2,\"name\":\"Filtros est\u00e1ticos\"}]},{\"@type\":\"WebSite\",\"@id\":\"https:\\\/\\\/www.bdplast.com\\\/#website\",\"url\":\"https:\\\/\\\/www.bdplast.com\\\/\",\"name\":\"BD Plast\",\"description\":\"Sistemi di filtrazione, deviazione e convoglio polimeri\",\"publisher\":{\"@id\":\"https:\\\/\\\/www.bdplast.com\\\/#organization\"},\"potentialAction\":[{\"@type\":\"SearchAction\",\"target\":{\"@type\":\"EntryPoint\",\"urlTemplate\":\"https:\\\/\\\/www.bdplast.com\\\/?s={search_term_string}\"},\"query-input\":{\"@type\":\"PropertyValueSpecification\",\"valueRequired\":true,\"valueName\":\"search_term_string\"}}],\"inLanguage\":\"es\"},{\"@type\":\"Organization\",\"@id\":\"https:\\\/\\\/www.bdplast.com\\\/#organization\",\"name\":\"BD Plast\",\"url\":\"https:\\\/\\\/www.bdplast.com\\\/\",\"logo\":{\"@type\":\"ImageObject\",\"inLanguage\":\"es\",\"@id\":\"https:\\\/\\\/www.bdplast.com\\\/#\\\/schema\\\/logo\\\/image\\\/\",\"url\":\"https:\\\/\\\/www.bdplast.com\\\/wp-content\\\/uploads\\\/2025\\\/06\\\/bdplast-logo-yoast.jpg\",\"contentUrl\":\"https:\\\/\\\/www.bdplast.com\\\/wp-content\\\/uploads\\\/2025\\\/06\\\/bdplast-logo-yoast.jpg\",\"width\":1200,\"height\":628,\"caption\":\"BD Plast\"},\"image\":{\"@id\":\"https:\\\/\\\/www.bdplast.com\\\/#\\\/schema\\\/logo\\\/image\\\/\"},\"sameAs\":[\"https:\\\/\\\/www.youtube.com\\\/channel\\\/UCd6hdte7tZc8CfN_W9KxYTA\",\"https:\\\/\\\/it.linkedin.com\\\/company\\\/bd-plast-filtering-systems-srl\"]}]}<\/script>\n<!-- \/ Yoast SEO plugin. -->","yoast_head_json":{"title":"Filtros est\u00e1ticos - BD Plast","description":"Nuestra oferta incluye filtros est\u00e1ticos BDC y BDR, para satisfacer las necesidades de las l\u00edneas de producci\u00f3n.","robots":{"index":"index","follow":"follow","max-snippet":"max-snippet:-1","max-image-preview":"max-image-preview:large","max-video-preview":"max-video-preview:-1"},"canonical":"https:\/\/www.bdplast.com\/es\/filtros-estaticos\/","og_locale":"es_ES","og_type":"article","og_title":"Filtros est\u00e1ticos - BD Plast","og_description":"Nuestra oferta incluye filtros est\u00e1ticos BDC y BDR, para satisfacer las necesidades de las l\u00edneas de producci\u00f3n.","og_url":"https:\/\/www.bdplast.com\/es\/filtros-estaticos\/","og_site_name":"BD Plast","article_modified_time":"2025-10-10T15:26:32+00:00","twitter_card":"summary_large_image","twitter_misc":{"Tiempo de lectura":"1 minuto"},"schema":{"@context":"https:\/\/schema.org","@graph":[{"@type":"WebPage","@id":"https:\/\/www.bdplast.com\/es\/filtros-estaticos\/","url":"https:\/\/www.bdplast.com\/es\/filtros-estaticos\/","name":"Filtros est\u00e1ticos - BD Plast","isPartOf":{"@id":"https:\/\/www.bdplast.com\/#website"},"datePublished":"2021-03-30T08:36:14+00:00","dateModified":"2025-10-10T15:26:32+00:00","description":"Nuestra oferta incluye filtros est\u00e1ticos BDC y BDR, para satisfacer las necesidades de las l\u00edneas de producci\u00f3n.","breadcrumb":{"@id":"https:\/\/www.bdplast.com\/es\/filtros-estaticos\/#breadcrumb"},"inLanguage":"es","potentialAction":[{"@type":"ReadAction","target":["https:\/\/www.bdplast.com\/es\/filtros-estaticos\/"]}]},{"@type":"BreadcrumbList","@id":"https:\/\/www.bdplast.com\/es\/filtros-estaticos\/#breadcrumb","itemListElement":[{"@type":"ListItem","position":1,"name":"Home","item":"https:\/\/www.bdplast.com\/es\/"},{"@type":"ListItem","position":2,"name":"Filtros est\u00e1ticos"}]},{"@type":"WebSite","@id":"https:\/\/www.bdplast.com\/#website","url":"https:\/\/www.bdplast.com\/","name":"BD Plast","description":"Sistemi di filtrazione, deviazione e convoglio polimeri","publisher":{"@id":"https:\/\/www.bdplast.com\/#organization"},"potentialAction":[{"@type":"SearchAction","target":{"@type":"EntryPoint","urlTemplate":"https:\/\/www.bdplast.com\/?s={search_term_string}"},"query-input":{"@type":"PropertyValueSpecification","valueRequired":true,"valueName":"search_term_string"}}],"inLanguage":"es"},{"@type":"Organization","@id":"https:\/\/www.bdplast.com\/#organization","name":"BD Plast","url":"https:\/\/www.bdplast.com\/","logo":{"@type":"ImageObject","inLanguage":"es","@id":"https:\/\/www.bdplast.com\/#\/schema\/logo\/image\/","url":"https:\/\/www.bdplast.com\/wp-content\/uploads\/2025\/06\/bdplast-logo-yoast.jpg","contentUrl":"https:\/\/www.bdplast.com\/wp-content\/uploads\/2025\/06\/bdplast-logo-yoast.jpg","width":1200,"height":628,"caption":"BD Plast"},"image":{"@id":"https:\/\/www.bdplast.com\/#\/schema\/logo\/image\/"},"sameAs":["https:\/\/www.youtube.com\/channel\/UCd6hdte7tZc8CfN_W9KxYTA","https:\/\/it.linkedin.com\/company\/bd-plast-filtering-systems-srl"]}]}},"rttpg_featured_image_url":null,"rttpg_author":{"display_name":"studiochiesa","author_link":"https:\/\/www.bdplast.com\/es\/author\/studiochiesa\/"},"rttpg_comment":0,"rttpg_category":" <a href=\"https:\/\/www.bdplast.com\/es\/?taxonomy=translation_priority&#038;term=opcional\" rel=\"tag\">Opcional<\/a>","rttpg_excerpt":"[vc_row full_width=\u00bbstretch_row\u00bb css=\u00bb.vc_custom_1620917583775{background-image: url(https:\/\/www.bdplast.com\/wp-content\/uploads\/2021\/05\/filtri_statici_static_filters_cover.jpg?id=15675) !important;background-position: center !important;background-repeat: no-repeat !important;background-size: cover !important;}\u00bb ...","_links":{"self":[{"href":"https:\/\/www.bdplast.com\/es\/wp-json\/wp\/v2\/pages\/15281","targetHints":{"allow":["GET"]}}],"collection":[{"href":"https:\/\/www.bdplast.com\/es\/wp-json\/wp\/v2\/pages"}],"about":[{"href":"https:\/\/www.bdplast.com\/es\/wp-json\/wp\/v2\/types\/page"}],"author":[{"embeddable":true,"href":"https:\/\/www.bdplast.com\/es\/wp-json\/wp\/v2\/users\/1"}],"replies":[{"embeddable":true,"href":"https:\/\/www.bdplast.com\/es\/wp-json\/wp\/v2\/comments?post=15281"}],"version-history":[{"count":8,"href":"https:\/\/www.bdplast.com\/es\/wp-json\/wp\/v2\/pages\/15281\/revisions"}],"predecessor-version":[{"id":21226,"href":"https:\/\/www.bdplast.com\/es\/wp-json\/wp\/v2\/pages\/15281\/revisions\/21226"}],"wp:attachment":[{"href":"https:\/\/www.bdplast.com\/es\/wp-json\/wp\/v2\/media?parent=15281"}],"curies":[{"name":"wp","href":"https:\/\/api.w.org\/{rel}","templated":true}]}}