{"id":15285,"date":"2021-03-29T16:53:49","date_gmt":"2021-03-29T14:53:49","guid":{"rendered":"https:\/\/www.bdplast.com\/carrelli-di-sostegno-bdcs\/"},"modified":"2021-06-04T11:40:17","modified_gmt":"2021-06-04T09:40:17","slug":"carros-de-soporte-bdcs","status":"publish","type":"page","link":"https:\/\/www.bdplast.com\/es\/carros-de-soporte-bdcs\/","title":{"rendered":"Carros de soporte BDCS"},"content":{"rendered":"<div class=\"wpb-content-wrapper\"><p>[vc_row full_width=\u00bbstretch_row\u00bb css=\u00bb.vc_custom_1617029665551{background-image: url(https:\/\/www.bdplast.com\/wp-content\/uploads\/2021\/03\/accessori_accessories_BDCS_cover.jpg?id=14299) !important;background-position: center !important;background-repeat: no-repeat !important;background-size: cover !important;}\u00bb el_class=\u00bbwhite_text\u00bb el_id=\u00bbhead_prodotto\u00bb][vc_column][\/vc_column][\/vc_row][vc_row full_width=\u00bbstretch_row\u00bb css=\u00bb.vc_custom_1616665112965{padding-top: 2em !important;padding-bottom: 2em !important;background-color: #ec6608 !important;}\u00bb el_class=\u00bbwhite_text\u00bb][vc_column][vc_row_inner equal_height=\u00bbyes\u00bb content_placement=\u00bbmiddle\u00bb][vc_column_inner][vc_column_text]<\/p>\n<h1>Carros de soporte BDCS<\/h1>\n<p>[\/vc_column_text][\/vc_column_inner][\/vc_row_inner][\/vc_column][\/vc_row][vc_row css=\u00bb.vc_custom_1616673282130{padding-top: 4em !important;padding-bottom: 4em !important;}\u00bb el_id=\u00bbscheda_prodotto_intro\u00bb][vc_column][vc_column_text]<\/p>\n<h2>Accesorio y estructura de soporte sencillos.<\/h2>\n<p>[\/vc_column_text][vc_column_text]Nuestras estructuras de soporte, que siempre han completado el suministro de los cambiadores de filtros, han evolucionado hacia versiones m\u00f3viles sobre dos ejes con ra\u00edles y hacia las m\u00e1s recientes estructuras de soporte con carros de manipulaci\u00f3n de los cambiadores de filtros montados sobre gu\u00edas de recirculaci\u00f3n de bolas de accionamiento hidr\u00e1ulico.<br \/>\nCada proyecto se personaliza seg\u00fan las necesidades del cliente.[\/vc_column_text][\/vc_column][\/vc_row][vc_row full_width=\u00bbstretch_row\u00bb el_class=\u00bbwhite_text\u00bb el_id=\u00bbslider\u00bb css=\u00bb.vc_custom_1616679219141{padding-top: 4em !important;padding-bottom: 4em !important;background-color: #e9e7dd !important;background-position: center !important;background-repeat: no-repeat !important;background-size: cover !important;}\u00bb][vc_column]<div\n  id=\"vckit-image-slider-1711573508\"\n  class=\"vckit-image-slider  \"\n  data-vckit-carousel='{\"arrows\":true,\"dots\":false,\"fade\":true,\"infinite\":true,\"arrow_style\":\"circle\",\"autoplay\":\"yes\",\"autoplay_speed\":3000,\"pause_on_hover\":\"yes\",\"speed\":300,\"md\":1,\"sm\":1,\"xs\":1,\"slides_to_scroll\":1}' data-gutter=\"0\">\n      <div class=\"vckit-image-slider__element\">\n            <img decoding=\"async\" src=\"https:\/\/www.bdplast.com\/wp-content\/uploads\/2021\/04\/accessori_accessories_BDCS_gallery_1.jpg\">\n          <\/div>\n      <div class=\"vckit-image-slider__element\">\n            <img decoding=\"async\" src=\"https:\/\/www.bdplast.com\/wp-content\/uploads\/2021\/04\/accessori_accessories_BDCS_gallery_2.jpg\">\n          <\/div>\n      <div class=\"vckit-image-slider__element\">\n            <img decoding=\"async\" src=\"https:\/\/www.bdplast.com\/wp-content\/uploads\/2021\/04\/accessori_accessories_BDCS_gallery_3.jpg\">\n          <\/div>\n      <div class=\"vckit-image-slider__element\">\n            <img decoding=\"async\" src=\"https:\/\/www.bdplast.com\/wp-content\/uploads\/2021\/04\/accessori_accessories_BDCS_gallery_4.jpg\">\n          <\/div>\n      <div class=\"vckit-image-slider__element\">\n            <img decoding=\"async\" src=\"https:\/\/www.bdplast.com\/wp-content\/uploads\/2021\/04\/accessori_accessories_BDCS_gallery_5.jpg\">\n          <\/div>\n  <\/div>\n<style type=\"text\/css\"><\/style>\n[\/vc_column][\/vc_row][vc_row full_width=\u00bbstretch_row\u00bb equal_height=\u00bbyes\u00bb content_placement=\u00bbmiddle\u00bb el_id=\u00bbscheda_prodotto\u00bb css=\u00bb.vc_custom_1616752804985{padding-top: 4em !important;padding-bottom: 4em !important;background-color: #475b5a !important;}\u00bb][vc_column width=\u00bb1\/2&#8243;][vc_single_image image=\u00bb14912&#8243; img_size=\u00bbfull\u00bb][\/vc_column][vc_column width=\u00bb1\/2&#8243;][vc_column_text]<\/p>\n<div class=\"indicatiper\">\n<p><strong>APTO PARA LA PRODUCCI\u00d3N DE<br \/>\n<\/strong><\/p>\n<ul class=\"ul1\">\n<li class=\"li1\">procesos de polimerizaci\u00f3n y extrusi\u00f3n<\/li>\n<\/ul>\n<\/div>\n<p>[\/vc_column_text][vc_empty_space height=\u00bb1em\u00bb][vc_row_inner][vc_column_inner width=\u00bb1\/2&#8243;]<div class=\"\"><div class=\"cz_96879_p\"><a id=\"cz_96879\" class=\"cz_96879 cz_btn cz_btn_txt_no_fx cz_btn_no_fx cz_btn_icon_after cz_mobile_btn_center\" href=\"https:\/\/www.bdplast.com\/wp-content\/uploads\/2021\/03\/BDCS_IT.pdf\" target=\"_blank\"><span><strong>DESCARGAR HOJA DE DATOS<\/strong><i class=\"fa czico-194-download\"><\/i><\/span><b class=\"cz_btn_onhover\"><strong>DESCARGAR HOJA DE DATOS<\/strong><i class=\"fa czico-194-download\"><\/i><\/b><\/a><\/div><\/div>[\/vc_column_inner][vc_column_inner width=\u00bb1\/2&#8243;]<div class=\"\"><div class=\"cz_67378_p\"><a id=\"cz_67378\" class=\"cz_67378 cz_btn cz_btn_txt_no_fx cz_btn_no_fx cz_btn_icon_after cz_mobile_btn_center\" href=\"https:\/\/www.youtube.com\/watch?v=w6-UKpgXxew\" rel=\"nofollow\" target=\"_blank\"><span><strong>LIMPIEZA DE LA PLACA DEL CAMBIADOR DE FILTROS<\/strong><i class=\"fa czico-015-play\"><\/i><\/span><b class=\"cz_btn_onhover\"><strong>LIMPIEZA DE LA PLACA DEL CAMBIADOR DE FILTROS<\/strong><i class=\"fa czico-015-play\"><\/i><\/b><\/a><\/div><\/div>[\/vc_column_inner][\/vc_row_inner][\/vc_column][\/vc_row]<\/p>\n<\/div>","protected":false},"excerpt":{"rendered":"<p>[vc_row full_width=\u00bbstretch_row\u00bb css=\u00bb.vc_custom_1617029665551{background-image: url(https:\/\/www.bdplast.com\/wp-content\/uploads\/2021\/03\/accessori_accessories_BDCS_cover.jpg?id=14299) !important;background-position: center !important;background-repeat: no-repeat !important;background-size: cover !important;}\u00bb &#8230; <\/p>\n","protected":false},"author":1,"featured_media":0,"parent":0,"menu_order":0,"comment_status":"closed","ping_status":"closed","template":"","meta":{"footnotes":"","_links_to":"","_links_to_target":""},"class_list":["post-15285","page","type-page","status-publish","hentry"],"yoast_head":"<!-- This site is optimized with the Yoast SEO plugin v27.5 - https:\/\/yoast.com\/product\/yoast-seo-wordpress\/ -->\n<title>Carros de soporte BDCS - BD Plast<\/title>\n<meta name=\"description\" content=\"Nuestras estructuras de soporte, que siempre han completado el suministro de los cambiadores de filtros, han evolucionado hacia versiones m\u00f3viles sobre dos ejes con ra\u00edles y hacia las m\u00e1s recientes estructuras de soporte con carros de manipulaci\u00f3n de los cambiadores de filtros montados sobre gu\u00edas de recirculaci\u00f3n de bolas de accionamiento hidr\u00e1ulico.\" \/>\n<meta name=\"robots\" content=\"index, follow, max-snippet:-1, max-image-preview:large, max-video-preview:-1\" \/>\n<link rel=\"canonical\" href=\"https:\/\/www.bdplast.com\/carrelli-di-sostegno-bdcs\/\" \/>\n<meta property=\"og:locale\" content=\"es_ES\" \/>\n<meta property=\"og:type\" content=\"article\" \/>\n<meta property=\"og:title\" content=\"Carros de soporte BDCS - BD Plast\" \/>\n<meta property=\"og:description\" content=\"Nuestras estructuras de soporte, que siempre han completado el suministro de los cambiadores de filtros, han evolucionado hacia versiones m\u00f3viles sobre dos ejes con ra\u00edles y hacia las m\u00e1s recientes estructuras de soporte con carros de manipulaci\u00f3n de los cambiadores de filtros montados sobre gu\u00edas de recirculaci\u00f3n de bolas de accionamiento hidr\u00e1ulico.\" \/>\n<meta property=\"og:url\" content=\"https:\/\/www.bdplast.com\/carrelli-di-sostegno-bdcs\/\" \/>\n<meta property=\"og:site_name\" content=\"BD Plast\" \/>\n<meta property=\"article:modified_time\" content=\"2021-06-04T09:40:17+00:00\" \/>\n<meta name=\"twitter:card\" content=\"summary_large_image\" \/>\n<meta name=\"twitter:label1\" content=\"Tiempo de lectura\" \/>\n\t<meta name=\"twitter:data1\" content=\"1 minuto\" \/>\n<script type=\"application\/ld+json\" class=\"yoast-schema-graph\">{\"@context\":\"https:\\\/\\\/schema.org\",\"@graph\":[{\"@type\":\"WebPage\",\"@id\":\"https:\\\/\\\/www.bdplast.com\\\/carrelli-di-sostegno-bdcs\\\/\",\"url\":\"https:\\\/\\\/www.bdplast.com\\\/carrelli-di-sostegno-bdcs\\\/\",\"name\":\"Carros de soporte BDCS - BD Plast\",\"isPartOf\":{\"@id\":\"https:\\\/\\\/www.bdplast.com\\\/#website\"},\"datePublished\":\"2021-03-29T14:53:49+00:00\",\"dateModified\":\"2021-06-04T09:40:17+00:00\",\"description\":\"Nuestras estructuras de soporte, que siempre han completado el suministro de los cambiadores de filtros, han evolucionado hacia versiones m\u00f3viles sobre dos ejes con ra\u00edles y hacia las m\u00e1s recientes estructuras de soporte con carros de manipulaci\u00f3n de los cambiadores de filtros montados sobre gu\u00edas de recirculaci\u00f3n de bolas de accionamiento hidr\u00e1ulico.\",\"breadcrumb\":{\"@id\":\"https:\\\/\\\/www.bdplast.com\\\/carrelli-di-sostegno-bdcs\\\/#breadcrumb\"},\"inLanguage\":\"es\",\"potentialAction\":[{\"@type\":\"ReadAction\",\"target\":[\"https:\\\/\\\/www.bdplast.com\\\/carrelli-di-sostegno-bdcs\\\/\"]}]},{\"@type\":\"BreadcrumbList\",\"@id\":\"https:\\\/\\\/www.bdplast.com\\\/carrelli-di-sostegno-bdcs\\\/#breadcrumb\",\"itemListElement\":[{\"@type\":\"ListItem\",\"position\":1,\"name\":\"Home\",\"item\":\"https:\\\/\\\/www.bdplast.com\\\/es\\\/\"},{\"@type\":\"ListItem\",\"position\":2,\"name\":\"Carros de soporte BDCS\"}]},{\"@type\":\"WebSite\",\"@id\":\"https:\\\/\\\/www.bdplast.com\\\/#website\",\"url\":\"https:\\\/\\\/www.bdplast.com\\\/\",\"name\":\"BD Plast\",\"description\":\"Sistemi di filtrazione, deviazione e convoglio polimeri\",\"publisher\":{\"@id\":\"https:\\\/\\\/www.bdplast.com\\\/#organization\"},\"potentialAction\":[{\"@type\":\"SearchAction\",\"target\":{\"@type\":\"EntryPoint\",\"urlTemplate\":\"https:\\\/\\\/www.bdplast.com\\\/?s={search_term_string}\"},\"query-input\":{\"@type\":\"PropertyValueSpecification\",\"valueRequired\":true,\"valueName\":\"search_term_string\"}}],\"inLanguage\":\"es\"},{\"@type\":\"Organization\",\"@id\":\"https:\\\/\\\/www.bdplast.com\\\/#organization\",\"name\":\"BD Plast\",\"url\":\"https:\\\/\\\/www.bdplast.com\\\/\",\"logo\":{\"@type\":\"ImageObject\",\"inLanguage\":\"es\",\"@id\":\"https:\\\/\\\/www.bdplast.com\\\/#\\\/schema\\\/logo\\\/image\\\/\",\"url\":\"https:\\\/\\\/www.bdplast.com\\\/wp-content\\\/uploads\\\/2025\\\/06\\\/bdplast-logo-yoast.jpg\",\"contentUrl\":\"https:\\\/\\\/www.bdplast.com\\\/wp-content\\\/uploads\\\/2025\\\/06\\\/bdplast-logo-yoast.jpg\",\"width\":1200,\"height\":628,\"caption\":\"BD Plast\"},\"image\":{\"@id\":\"https:\\\/\\\/www.bdplast.com\\\/#\\\/schema\\\/logo\\\/image\\\/\"},\"sameAs\":[\"https:\\\/\\\/www.youtube.com\\\/channel\\\/UCd6hdte7tZc8CfN_W9KxYTA\",\"https:\\\/\\\/it.linkedin.com\\\/company\\\/bd-plast-filtering-systems-srl\"]}]}<\/script>\n<!-- \/ Yoast SEO plugin. -->","yoast_head_json":{"title":"Carros de soporte BDCS - BD Plast","description":"Nuestras estructuras de soporte, que siempre han completado el suministro de los cambiadores de filtros, han evolucionado hacia versiones m\u00f3viles sobre dos ejes con ra\u00edles y hacia las m\u00e1s recientes estructuras de soporte con carros de manipulaci\u00f3n de los cambiadores de filtros montados sobre gu\u00edas de recirculaci\u00f3n de bolas de accionamiento hidr\u00e1ulico.","robots":{"index":"index","follow":"follow","max-snippet":"max-snippet:-1","max-image-preview":"max-image-preview:large","max-video-preview":"max-video-preview:-1"},"canonical":"https:\/\/www.bdplast.com\/carrelli-di-sostegno-bdcs\/","og_locale":"es_ES","og_type":"article","og_title":"Carros de soporte BDCS - BD Plast","og_description":"Nuestras estructuras de soporte, que siempre han completado el suministro de los cambiadores de filtros, han evolucionado hacia versiones m\u00f3viles sobre dos ejes con ra\u00edles y hacia las m\u00e1s recientes estructuras de soporte con carros de manipulaci\u00f3n de los cambiadores de filtros montados sobre gu\u00edas de recirculaci\u00f3n de bolas de accionamiento hidr\u00e1ulico.","og_url":"https:\/\/www.bdplast.com\/carrelli-di-sostegno-bdcs\/","og_site_name":"BD Plast","article_modified_time":"2021-06-04T09:40:17+00:00","twitter_card":"summary_large_image","twitter_misc":{"Tiempo de lectura":"1 minuto"},"schema":{"@context":"https:\/\/schema.org","@graph":[{"@type":"WebPage","@id":"https:\/\/www.bdplast.com\/carrelli-di-sostegno-bdcs\/","url":"https:\/\/www.bdplast.com\/carrelli-di-sostegno-bdcs\/","name":"Carros de soporte BDCS - BD Plast","isPartOf":{"@id":"https:\/\/www.bdplast.com\/#website"},"datePublished":"2021-03-29T14:53:49+00:00","dateModified":"2021-06-04T09:40:17+00:00","description":"Nuestras estructuras de soporte, que siempre han completado el suministro de los cambiadores de filtros, han evolucionado hacia versiones m\u00f3viles sobre dos ejes con ra\u00edles y hacia las m\u00e1s recientes estructuras de soporte con carros de manipulaci\u00f3n de los cambiadores de filtros montados sobre gu\u00edas de recirculaci\u00f3n de bolas de accionamiento hidr\u00e1ulico.","breadcrumb":{"@id":"https:\/\/www.bdplast.com\/carrelli-di-sostegno-bdcs\/#breadcrumb"},"inLanguage":"es","potentialAction":[{"@type":"ReadAction","target":["https:\/\/www.bdplast.com\/carrelli-di-sostegno-bdcs\/"]}]},{"@type":"BreadcrumbList","@id":"https:\/\/www.bdplast.com\/carrelli-di-sostegno-bdcs\/#breadcrumb","itemListElement":[{"@type":"ListItem","position":1,"name":"Home","item":"https:\/\/www.bdplast.com\/es\/"},{"@type":"ListItem","position":2,"name":"Carros de soporte BDCS"}]},{"@type":"WebSite","@id":"https:\/\/www.bdplast.com\/#website","url":"https:\/\/www.bdplast.com\/","name":"BD Plast","description":"Sistemi di filtrazione, deviazione e convoglio polimeri","publisher":{"@id":"https:\/\/www.bdplast.com\/#organization"},"potentialAction":[{"@type":"SearchAction","target":{"@type":"EntryPoint","urlTemplate":"https:\/\/www.bdplast.com\/?s={search_term_string}"},"query-input":{"@type":"PropertyValueSpecification","valueRequired":true,"valueName":"search_term_string"}}],"inLanguage":"es"},{"@type":"Organization","@id":"https:\/\/www.bdplast.com\/#organization","name":"BD Plast","url":"https:\/\/www.bdplast.com\/","logo":{"@type":"ImageObject","inLanguage":"es","@id":"https:\/\/www.bdplast.com\/#\/schema\/logo\/image\/","url":"https:\/\/www.bdplast.com\/wp-content\/uploads\/2025\/06\/bdplast-logo-yoast.jpg","contentUrl":"https:\/\/www.bdplast.com\/wp-content\/uploads\/2025\/06\/bdplast-logo-yoast.jpg","width":1200,"height":628,"caption":"BD Plast"},"image":{"@id":"https:\/\/www.bdplast.com\/#\/schema\/logo\/image\/"},"sameAs":["https:\/\/www.youtube.com\/channel\/UCd6hdte7tZc8CfN_W9KxYTA","https:\/\/it.linkedin.com\/company\/bd-plast-filtering-systems-srl"]}]}},"rttpg_featured_image_url":null,"rttpg_author":{"display_name":"studiochiesa","author_link":"https:\/\/www.bdplast.com\/es\/author\/studiochiesa\/"},"rttpg_comment":0,"rttpg_category":" <a href=\"https:\/\/www.bdplast.com\/es\/?taxonomy=translation_priority&#038;term=opcional\" rel=\"tag\">Opcional<\/a>","rttpg_excerpt":"[vc_row full_width=\u00bbstretch_row\u00bb css=\u00bb.vc_custom_1617029665551{background-image: url(https:\/\/www.bdplast.com\/wp-content\/uploads\/2021\/03\/accessori_accessories_BDCS_cover.jpg?id=14299) !important;background-position: center !important;background-repeat: no-repeat !important;background-size: cover !important;}\u00bb ...","_links":{"self":[{"href":"https:\/\/www.bdplast.com\/es\/wp-json\/wp\/v2\/pages\/15285","targetHints":{"allow":["GET"]}}],"collection":[{"href":"https:\/\/www.bdplast.com\/es\/wp-json\/wp\/v2\/pages"}],"about":[{"href":"https:\/\/www.bdplast.com\/es\/wp-json\/wp\/v2\/types\/page"}],"author":[{"embeddable":true,"href":"https:\/\/www.bdplast.com\/es\/wp-json\/wp\/v2\/users\/1"}],"replies":[{"embeddable":true,"href":"https:\/\/www.bdplast.com\/es\/wp-json\/wp\/v2\/comments?post=15285"}],"version-history":[{"count":4,"href":"https:\/\/www.bdplast.com\/es\/wp-json\/wp\/v2\/pages\/15285\/revisions"}],"predecessor-version":[{"id":17062,"href":"https:\/\/www.bdplast.com\/es\/wp-json\/wp\/v2\/pages\/15285\/revisions\/17062"}],"wp:attachment":[{"href":"https:\/\/www.bdplast.com\/es\/wp-json\/wp\/v2\/media?parent=15285"}],"curies":[{"name":"wp","href":"https:\/\/api.w.org\/{rel}","templated":true}]}}