{"id":15295,"date":"2021-03-29T16:41:15","date_gmt":"2021-03-29T14:41:15","guid":{"rendered":"https:\/\/www.bdplast.com\/cambiafiltri-oleodinamici-bdox2\/"},"modified":"2022-10-06T11:44:45","modified_gmt":"2022-10-06T09:44:45","slug":"cambiador-de-filtros-de-flujo-continuo-bdox2","status":"publish","type":"page","link":"https:\/\/www.bdplast.com\/es\/cambiador-de-filtros-de-flujo-continuo-bdox2\/","title":{"rendered":"Cambiador de filtros de flujo continuo BDOX2"},"content":{"rendered":"<div class=\"wpb-content-wrapper\"><p>[vc_row full_width=\u00bbstretch_row\u00bb css=\u00bb.vc_custom_1617270853895{background-image: url(https:\/\/www.bdplast.com\/wp-content\/uploads\/2021\/04\/cambiafiltri_flusso_continuo_continuous_flow_screen_changers_BDOx2_cover.jpg?id=14477) !important;background-position: center !important;background-repeat: no-repeat !important;background-size: cover !important;}\u00bb el_class=\u00bbwhite_text\u00bb el_id=\u00bbhead_prodotto\u00bb][vc_column][\/vc_column][\/vc_row][vc_row full_width=\u00bbstretch_row\u00bb css=\u00bb.vc_custom_1616665112965{padding-top: 2em !important;padding-bottom: 2em !important;background-color: #ec6608 !important;}\u00bb el_class=\u00bbwhite_text\u00bb][vc_column][vc_row_inner equal_height=\u00bbyes\u00bb content_placement=\u00bbmiddle\u00bb][vc_column_inner][vc_column_text]<\/p>\n<h1>Cambiador de filtros de flujo continuo BDOX2<\/h1>\n<p>[\/vc_column_text][\/vc_column_inner][\/vc_row_inner][\/vc_column][\/vc_row][vc_row css=\u00bb.vc_custom_1616673282130{padding-top: 4em !important;padding-bottom: 4em !important;}\u00bb el_id=\u00bbscheda_prodotto_intro\u00bb][vc_column][vc_column_text]<\/p>\n<h2>M\u00e1xima continuidad de flujo para varias l\u00edneas de extrusi\u00f3n a altas presiones de trabajo<\/h2>\n<p>[\/vc_column_text][vc_column_text]Con los innovadores cambiadores de filtros de flujo continuo BDO x 2, la complejidad de la construcci\u00f3n se reduce al m\u00ednimo y se garantiza la calidad del material. El nuevo sistema de sellado permite su uso incluso en l\u00edneas de extrusi\u00f3n con presiones de trabajo muy elevadas.<br \/>\nDespu\u00e9s de probarlo repetidamente en l\u00edneas de producci\u00f3n de l\u00e1mina plana y de tubos, con matrices de filamentos y granulaci\u00f3n de inmersi\u00f3n, y en l\u00edneas de recubrimiento para fusi\u00f3n en caliente, este tipo de cambiador de pantalla tambi\u00e9n se ofrece en l\u00edneas de extrusi\u00f3n para l\u00e1mina fundida con extraordinarias prestaciones y una perfecta continuidad de flujo incluso en l\u00edneas monocapa con espesores de extrusi\u00f3n de hasta 10 micras.<br \/>\nUn estudio preciso de los canales de purga y drenaje, as\u00ed como de la c\u00e1mara de filtraci\u00f3n, ha permitido obtener estos resultados.<br \/>\nUn sistema de sellado sencillo y eficaz, con elementos intercambiables, permite llevar a cabo incluso el mantenimiento m\u00e1s complejo directamente en las instalaciones del cliente, reduciendo al m\u00ednimo tanto los costes como el tiempo de inactividad de la m\u00e1quina.[\/vc_column_text][\/vc_column][\/vc_row][vc_row full_width=\u00bbstretch_row\u00bb el_class=\u00bbwhite_text\u00bb el_id=\u00bbslider\u00bb css=\u00bb.vc_custom_1616679219141{padding-top: 4em !important;padding-bottom: 4em !important;background-color: #e9e7dd !important;background-position: center !important;background-repeat: no-repeat !important;background-size: cover !important;}\u00bb][vc_column]<div\n  id=\"vckit-image-slider-177693157\"\n  class=\"vckit-image-slider  \"\n  data-vckit-carousel='{\"arrows\":true,\"dots\":false,\"fade\":true,\"infinite\":true,\"arrow_style\":\"circle\",\"autoplay\":\"yes\",\"autoplay_speed\":3000,\"pause_on_hover\":\"yes\",\"speed\":300,\"md\":1,\"sm\":1,\"xs\":1,\"slides_to_scroll\":1}' data-gutter=\"0\">\n      <div class=\"vckit-image-slider__element\">\n            <img decoding=\"async\" src=\"https:\/\/www.bdplast.com\/wp-content\/uploads\/2021\/04\/cambiafiltri_flusso_continuo_continuous_flow_screen_changers_BDOx2_gallery_4.jpg\">\n          <\/div>\n      <div class=\"vckit-image-slider__element\">\n            <img decoding=\"async\" src=\"https:\/\/www.bdplast.com\/wp-content\/uploads\/2021\/04\/cambiafiltri_flusso_continuo_continuous_flow_screen_changers_BDOx2_gallery_1.jpg\">\n          <\/div>\n      <div class=\"vckit-image-slider__element\">\n            <img decoding=\"async\" src=\"https:\/\/www.bdplast.com\/wp-content\/uploads\/2021\/04\/cambiafiltri_flusso_continuo_continuous_flow_screen_changers_BDOx2_gallery_2.jpg\">\n          <\/div>\n      <div class=\"vckit-image-slider__element\">\n            <img decoding=\"async\" src=\"https:\/\/www.bdplast.com\/wp-content\/uploads\/2021\/04\/cambiafiltri_flusso_continuo_continuous_flow_screen_changers_BDOx2_gallery_3.jpg\">\n          <\/div>\n  <\/div>\n<style type=\"text\/css\"><\/style>\n[\/vc_column][\/vc_row][vc_row full_width=\u00bbstretch_row\u00bb equal_height=\u00bbyes\u00bb content_placement=\u00bbmiddle\u00bb el_id=\u00bbscheda_prodotto\u00bb css=\u00bb.vc_custom_1616752804985{padding-top: 4em !important;padding-bottom: 4em !important;background-color: #475b5a !important;}\u00bb][vc_column width=\u00bb1\/2&#8243;][vc_single_image image=\u00bb14864&#8243; img_size=\u00bbfull\u00bb][\/vc_column][vc_column width=\u00bb1\/2&#8243;][vc_column_text]<strong>APTO PARA LA PRODUCCI\u00d3N DE<br \/>\n<\/strong><\/p>\n<ul class=\"ul1\">\n<li class=\"li1\">L\u00e1minas tubulares o planas<\/li>\n<li class=\"li1\">Planchas de termoformado<\/li>\n<li class=\"li1\">Tubos y perfiles<\/li>\n<li class=\"li1\">Revestimiento de cables<\/li>\n<li class=\"li1\">Granulados de reciclaje<\/li>\n<li class=\"li1\">Gr\u00e1nulos de polimerizaci\u00f3n<\/li>\n<li class=\"li1\">Gr\u00e1nulos de masterbatch y compound<\/li>\n<li class=\"li1\">Adhesivos (fusi\u00f3n en caliente)<\/li>\n<\/ul>\n<p>[\/vc_column_text][vc_empty_space height=\u00bb1em\u00bb][vc_row_inner][vc_column_inner width=\u00bb1\/2&#8243;]<div class=\"\"><div class=\"cz_29118_p\"><a id=\"cz_29118\" class=\"cz_29118 cz_btn cz_btn_txt_no_fx cz_btn_no_fx cz_btn_icon_after cz_mobile_btn_center\" href=\"https:\/\/www.bdplast.com\/wp-content\/uploads\/2022\/10\/BDOX2_Scheda_tecnica_ES.pdf\" target=\"_blank\"><span><strong>DESCARGAR HOJA DE DATOS<\/strong><i class=\"fa czico-194-download\"><\/i><\/span><b class=\"cz_btn_onhover\"><strong>DESCARGAR HOJA DE DATOS<\/strong><i class=\"fa czico-194-download\"><\/i><\/b><\/a><\/div><\/div>[\/vc_column_inner][vc_column_inner width=\u00bb1\/2&#8243;]<div class=\"\"><div class=\"cz_14636_p\"><a id=\"cz_14636\" class=\"cz_14636 cz_btn cz_btn_txt_no_fx cz_btn_no_fx cz_btn_icon_after cz_mobile_btn_center\" href=\"https:\/\/www.youtube.com\/watch?v=w6-UKpgXxew\" rel=\"nofollow\" target=\"_blank\"><span><strong>LIMPIEZA DE LA PLACA DEL CAMBIADOR DE FILTROS<\/strong><i class=\"fa czico-015-play\"><\/i><\/span><b class=\"cz_btn_onhover\"><strong>LIMPIEZA DE LA PLACA DEL CAMBIADOR DE FILTROS<\/strong><i class=\"fa czico-015-play\"><\/i><\/b><\/a><\/div><\/div>[\/vc_column_inner][\/vc_row_inner][\/vc_column][\/vc_row]<\/p>\n<\/div>","protected":false},"excerpt":{"rendered":"<p>[vc_row full_width=\u00bbstretch_row\u00bb css=\u00bb.vc_custom_1617270853895{background-image: url(https:\/\/www.bdplast.com\/wp-content\/uploads\/2021\/04\/cambiafiltri_flusso_continuo_continuous_flow_screen_changers_BDOx2_cover.jpg?id=14477) !important;background-position: center !important;background-repeat: no-repeat !important;background-size: cover !important;}\u00bb &#8230; <\/p>\n","protected":false},"author":1,"featured_media":0,"parent":0,"menu_order":0,"comment_status":"closed","ping_status":"closed","template":"","meta":{"footnotes":"","_links_to":"","_links_to_target":""},"class_list":["post-15295","page","type-page","status-publish","hentry"],"yoast_head":"<!-- This site is optimized with the Yoast SEO plugin v26.8 - https:\/\/yoast.com\/product\/yoast-seo-wordpress\/ -->\n<title>Cambiador de filtros de flujo continuo BDOX2 - BD Plast<\/title>\n<meta name=\"description\" content=\"Con los innovadores cambiadores de filtros de flujo continuo BDO x 2, la complejidad de la construcci\u00f3n se reduce al m\u00ednimo y se garantiza la calidad del material.\" \/>\n<meta name=\"robots\" content=\"index, follow, max-snippet:-1, max-image-preview:large, max-video-preview:-1\" \/>\n<link rel=\"canonical\" href=\"https:\/\/www.bdplast.com\/cambiafiltri-oleodinamici-bdox2\/\" \/>\n<meta property=\"og:locale\" content=\"es_ES\" \/>\n<meta property=\"og:type\" content=\"article\" \/>\n<meta property=\"og:title\" content=\"Cambiador de filtros de flujo continuo BDOX2 - BD Plast\" \/>\n<meta property=\"og:description\" content=\"Con los innovadores cambiadores de filtros de flujo continuo BDO x 2, la complejidad de la construcci\u00f3n se reduce al m\u00ednimo y se garantiza la calidad del material.\" \/>\n<meta property=\"og:url\" content=\"https:\/\/www.bdplast.com\/cambiafiltri-oleodinamici-bdox2\/\" \/>\n<meta property=\"og:site_name\" content=\"BD Plast\" \/>\n<meta property=\"article:modified_time\" content=\"2022-10-06T09:44:45+00:00\" \/>\n<meta name=\"twitter:card\" content=\"summary_large_image\" \/>\n<meta name=\"twitter:label1\" content=\"Tiempo de lectura\" \/>\n\t<meta name=\"twitter:data1\" content=\"2 minutos\" \/>\n<script type=\"application\/ld+json\" class=\"yoast-schema-graph\">{\"@context\":\"https:\/\/schema.org\",\"@graph\":[{\"@type\":\"WebPage\",\"@id\":\"https:\/\/www.bdplast.com\/cambiafiltri-oleodinamici-bdox2\/\",\"url\":\"https:\/\/www.bdplast.com\/cambiafiltri-oleodinamici-bdox2\/\",\"name\":\"Cambiador de filtros de flujo continuo BDOX2 - BD Plast\",\"isPartOf\":{\"@id\":\"https:\/\/www.bdplast.com\/#website\"},\"datePublished\":\"2021-03-29T14:41:15+00:00\",\"dateModified\":\"2022-10-06T09:44:45+00:00\",\"description\":\"Con los innovadores cambiadores de filtros de flujo continuo BDO x 2, la complejidad de la construcci\u00f3n se reduce al m\u00ednimo y se garantiza la calidad del material.\",\"breadcrumb\":{\"@id\":\"https:\/\/www.bdplast.com\/cambiafiltri-oleodinamici-bdox2\/#breadcrumb\"},\"inLanguage\":\"es\",\"potentialAction\":[{\"@type\":\"ReadAction\",\"target\":[\"https:\/\/www.bdplast.com\/cambiafiltri-oleodinamici-bdox2\/\"]}]},{\"@type\":\"BreadcrumbList\",\"@id\":\"https:\/\/www.bdplast.com\/cambiafiltri-oleodinamici-bdox2\/#breadcrumb\",\"itemListElement\":[{\"@type\":\"ListItem\",\"position\":1,\"name\":\"Home\",\"item\":\"https:\/\/www.bdplast.com\/es\/\"},{\"@type\":\"ListItem\",\"position\":2,\"name\":\"Cambiador de filtros de flujo continuo BDOX2\"}]},{\"@type\":\"WebSite\",\"@id\":\"https:\/\/www.bdplast.com\/#website\",\"url\":\"https:\/\/www.bdplast.com\/\",\"name\":\"BD Plast\",\"description\":\"Sistemi di filtrazione, deviazione e convoglio polimeri\",\"publisher\":{\"@id\":\"https:\/\/www.bdplast.com\/#organization\"},\"potentialAction\":[{\"@type\":\"SearchAction\",\"target\":{\"@type\":\"EntryPoint\",\"urlTemplate\":\"https:\/\/www.bdplast.com\/?s={search_term_string}\"},\"query-input\":{\"@type\":\"PropertyValueSpecification\",\"valueRequired\":true,\"valueName\":\"search_term_string\"}}],\"inLanguage\":\"es\"},{\"@type\":\"Organization\",\"@id\":\"https:\/\/www.bdplast.com\/#organization\",\"name\":\"BD Plast\",\"url\":\"https:\/\/www.bdplast.com\/\",\"logo\":{\"@type\":\"ImageObject\",\"inLanguage\":\"es\",\"@id\":\"https:\/\/www.bdplast.com\/#\/schema\/logo\/image\/\",\"url\":\"https:\/\/www.bdplast.com\/wp-content\/uploads\/2025\/06\/bdplast-logo-yoast.jpg\",\"contentUrl\":\"https:\/\/www.bdplast.com\/wp-content\/uploads\/2025\/06\/bdplast-logo-yoast.jpg\",\"width\":1200,\"height\":628,\"caption\":\"BD Plast\"},\"image\":{\"@id\":\"https:\/\/www.bdplast.com\/#\/schema\/logo\/image\/\"},\"sameAs\":[\"https:\/\/www.youtube.com\/channel\/UCd6hdte7tZc8CfN_W9KxYTA\",\"https:\/\/it.linkedin.com\/company\/bd-plast-filtering-systems-srl\"]}]}<\/script>\n<!-- \/ Yoast SEO plugin. -->","yoast_head_json":{"title":"Cambiador de filtros de flujo continuo BDOX2 - BD Plast","description":"Con los innovadores cambiadores de filtros de flujo continuo BDO x 2, la complejidad de la construcci\u00f3n se reduce al m\u00ednimo y se garantiza la calidad del material.","robots":{"index":"index","follow":"follow","max-snippet":"max-snippet:-1","max-image-preview":"max-image-preview:large","max-video-preview":"max-video-preview:-1"},"canonical":"https:\/\/www.bdplast.com\/cambiafiltri-oleodinamici-bdox2\/","og_locale":"es_ES","og_type":"article","og_title":"Cambiador de filtros de flujo continuo BDOX2 - BD Plast","og_description":"Con los innovadores cambiadores de filtros de flujo continuo BDO x 2, la complejidad de la construcci\u00f3n se reduce al m\u00ednimo y se garantiza la calidad del material.","og_url":"https:\/\/www.bdplast.com\/cambiafiltri-oleodinamici-bdox2\/","og_site_name":"BD Plast","article_modified_time":"2022-10-06T09:44:45+00:00","twitter_card":"summary_large_image","twitter_misc":{"Tiempo de lectura":"2 minutos"},"schema":{"@context":"https:\/\/schema.org","@graph":[{"@type":"WebPage","@id":"https:\/\/www.bdplast.com\/cambiafiltri-oleodinamici-bdox2\/","url":"https:\/\/www.bdplast.com\/cambiafiltri-oleodinamici-bdox2\/","name":"Cambiador de filtros de flujo continuo BDOX2 - BD Plast","isPartOf":{"@id":"https:\/\/www.bdplast.com\/#website"},"datePublished":"2021-03-29T14:41:15+00:00","dateModified":"2022-10-06T09:44:45+00:00","description":"Con los innovadores cambiadores de filtros de flujo continuo BDO x 2, la complejidad de la construcci\u00f3n se reduce al m\u00ednimo y se garantiza la calidad del material.","breadcrumb":{"@id":"https:\/\/www.bdplast.com\/cambiafiltri-oleodinamici-bdox2\/#breadcrumb"},"inLanguage":"es","potentialAction":[{"@type":"ReadAction","target":["https:\/\/www.bdplast.com\/cambiafiltri-oleodinamici-bdox2\/"]}]},{"@type":"BreadcrumbList","@id":"https:\/\/www.bdplast.com\/cambiafiltri-oleodinamici-bdox2\/#breadcrumb","itemListElement":[{"@type":"ListItem","position":1,"name":"Home","item":"https:\/\/www.bdplast.com\/es\/"},{"@type":"ListItem","position":2,"name":"Cambiador de filtros de flujo continuo BDOX2"}]},{"@type":"WebSite","@id":"https:\/\/www.bdplast.com\/#website","url":"https:\/\/www.bdplast.com\/","name":"BD Plast","description":"Sistemi di filtrazione, deviazione e convoglio polimeri","publisher":{"@id":"https:\/\/www.bdplast.com\/#organization"},"potentialAction":[{"@type":"SearchAction","target":{"@type":"EntryPoint","urlTemplate":"https:\/\/www.bdplast.com\/?s={search_term_string}"},"query-input":{"@type":"PropertyValueSpecification","valueRequired":true,"valueName":"search_term_string"}}],"inLanguage":"es"},{"@type":"Organization","@id":"https:\/\/www.bdplast.com\/#organization","name":"BD Plast","url":"https:\/\/www.bdplast.com\/","logo":{"@type":"ImageObject","inLanguage":"es","@id":"https:\/\/www.bdplast.com\/#\/schema\/logo\/image\/","url":"https:\/\/www.bdplast.com\/wp-content\/uploads\/2025\/06\/bdplast-logo-yoast.jpg","contentUrl":"https:\/\/www.bdplast.com\/wp-content\/uploads\/2025\/06\/bdplast-logo-yoast.jpg","width":1200,"height":628,"caption":"BD Plast"},"image":{"@id":"https:\/\/www.bdplast.com\/#\/schema\/logo\/image\/"},"sameAs":["https:\/\/www.youtube.com\/channel\/UCd6hdte7tZc8CfN_W9KxYTA","https:\/\/it.linkedin.com\/company\/bd-plast-filtering-systems-srl"]}]}},"rttpg_featured_image_url":null,"rttpg_author":{"display_name":"studiochiesa","author_link":"https:\/\/www.bdplast.com\/es\/author\/studiochiesa\/"},"rttpg_comment":0,"rttpg_category":" <a href=\"https:\/\/www.bdplast.com\/es\/?taxonomy=translation_priority&#038;term=opcional\" rel=\"tag\">Opcional<\/a>","rttpg_excerpt":"[vc_row full_width=\u00bbstretch_row\u00bb css=\u00bb.vc_custom_1617270853895{background-image: url(https:\/\/www.bdplast.com\/wp-content\/uploads\/2021\/04\/cambiafiltri_flusso_continuo_continuous_flow_screen_changers_BDOx2_cover.jpg?id=14477) !important;background-position: center !important;background-repeat: no-repeat !important;background-size: cover !important;}\u00bb ...","_links":{"self":[{"href":"https:\/\/www.bdplast.com\/es\/wp-json\/wp\/v2\/pages\/15295","targetHints":{"allow":["GET"]}}],"collection":[{"href":"https:\/\/www.bdplast.com\/es\/wp-json\/wp\/v2\/pages"}],"about":[{"href":"https:\/\/www.bdplast.com\/es\/wp-json\/wp\/v2\/types\/page"}],"author":[{"embeddable":true,"href":"https:\/\/www.bdplast.com\/es\/wp-json\/wp\/v2\/users\/1"}],"replies":[{"embeddable":true,"href":"https:\/\/www.bdplast.com\/es\/wp-json\/wp\/v2\/comments?post=15295"}],"version-history":[{"count":3,"href":"https:\/\/www.bdplast.com\/es\/wp-json\/wp\/v2\/pages\/15295\/revisions"}],"predecessor-version":[{"id":18637,"href":"https:\/\/www.bdplast.com\/es\/wp-json\/wp\/v2\/pages\/15295\/revisions\/18637"}],"wp:attachment":[{"href":"https:\/\/www.bdplast.com\/es\/wp-json\/wp\/v2\/media?parent=15295"}],"curies":[{"name":"wp","href":"https:\/\/api.w.org\/{rel}","templated":true}]}}