{"id":15309,"date":"2021-03-29T16:19:33","date_gmt":"2021-03-29T14:19:33","guid":{"rendered":"https:\/\/www.bdplast.com\/adattatori-curve-e-colli-di-estrusione-bdmp\/"},"modified":"2021-06-04T10:58:53","modified_gmt":"2021-06-04T08:58:53","slug":"adaptadores-codos-y-cuellos-de-extrusion-bdmp","status":"publish","type":"page","link":"https:\/\/www.bdplast.com\/es\/adaptadores-codos-y-cuellos-de-extrusion-bdmp\/","title":{"rendered":"Adaptadores, codos y cuellos de extrusi\u00f3n BDMP"},"content":{"rendered":"<div class=\"wpb-content-wrapper\"><p>[vc_row full_width=\u00bbstretch_row\u00bb css=\u00bb.vc_custom_1617027570495{background-image: url(https:\/\/www.bdplast.com\/wp-content\/uploads\/2021\/03\/componenti_per_estrusione_extrusion_components_BDMP_cover.jpg?id=14268) !important;background-position: center !important;background-repeat: no-repeat !important;background-size: cover !important;}\u00bb el_class=\u00bbwhite_text\u00bb el_id=\u00bbhead_prodotto\u00bb][vc_column][\/vc_column][\/vc_row][vc_row full_width=\u00bbstretch_row\u00bb css=\u00bb.vc_custom_1616665112965{padding-top: 2em !important;padding-bottom: 2em !important;background-color: #ec6608 !important;}\u00bb el_class=\u00bbwhite_text\u00bb][vc_column][vc_row_inner equal_height=\u00bbyes\u00bb content_placement=\u00bbmiddle\u00bb][vc_column_inner][vc_column_text]<\/p>\n<h1>Adaptadores, codos y cuellos de extrusi\u00f3n BDMP<\/h1>\n<p>[\/vc_column_text][\/vc_column_inner][\/vc_row_inner][\/vc_column][\/vc_row][vc_row css=\u00bb.vc_custom_1616673282130{padding-top: 4em !important;padding-bottom: 4em !important;}\u00bb el_id=\u00bbscheda_prodotto_intro\u00bb][vc_column][vc_column_text]<\/p>\n<h2>La conexi\u00f3n perfecta e innovadora entre los cambiadores de filtros y los cabezales de extrusi\u00f3n.<\/h2>\n<p>[\/vc_column_text][vc_column_text]Con la incorporaci\u00f3n de los cuellos de extrusi\u00f3n y las curvas a nuestros cambiadores de filtros, fuimos los primeros en introducir en el mercado un producto personalizado basado en una l\u00f3gica innovadora de estandarizaci\u00f3n.<br \/>\nRealizamos proyectos muy complejos con conexiones entre extrusoras, cambiadores de filtros y cabezales, utilizando las tecnolog\u00edas de dise\u00f1o y producci\u00f3n m\u00e1s modernas en un entorno de CAD-CAM 3D + mecanizado virtual.<br \/>\nOfrecemos a los fabricantes de l\u00edneas de extrusi\u00f3n un producto a medida de la m\u00e1xima calidad.<br \/>\nNuestra gama ofrece desde flujos de fusi\u00f3n de \u00d8 10 mm para l\u00edneas de laboratorio hasta \u00d8 90 mm para niveles de producci\u00f3n muy elevados.<br \/>\nLos codos de 30\u00b0, 45\u00b0, 60\u00b0, 75\u00b0, 90\u00b0 y 105\u00b0, tanto en una sola pieza como en dos mitades, permiten satisfacer todas las exigencias.<br \/>\nLos conductos para cables y las rejillas de aislamiento t\u00e9rmico completan la disposici\u00f3n de estos componentes para una inserci\u00f3n \u00f3ptima en las modernas l\u00edneas de extrusi\u00f3n.[\/vc_column_text][\/vc_column][\/vc_row][vc_row full_width=\u00bbstretch_row\u00bb el_class=\u00bbwhite_text\u00bb el_id=\u00bbslider\u00bb css=\u00bb.vc_custom_1616679219141{padding-top: 4em !important;padding-bottom: 4em !important;background-color: #e9e7dd !important;background-position: center !important;background-repeat: no-repeat !important;background-size: cover !important;}\u00bb][vc_column]<div\n  id=\"vckit-image-slider-962848159\"\n  class=\"vckit-image-slider  \"\n  data-vckit-carousel='{\"arrows\":true,\"dots\":false,\"fade\":true,\"infinite\":true,\"arrow_style\":\"circle\",\"autoplay\":\"yes\",\"autoplay_speed\":3000,\"pause_on_hover\":\"yes\",\"speed\":300,\"md\":1,\"sm\":1,\"xs\":1,\"slides_to_scroll\":1}' data-gutter=\"0\">\n      <div class=\"vckit-image-slider__element\">\n            <img decoding=\"async\" src=\"https:\/\/www.bdplast.com\/wp-content\/uploads\/2021\/04\/componenti_per_estrusione_extrusion_components_BDMP_gallery_7.jpg\">\n          <\/div>\n      <div class=\"vckit-image-slider__element\">\n            <img decoding=\"async\" src=\"https:\/\/www.bdplast.com\/wp-content\/uploads\/2021\/04\/componenti_per_estrusione_extrusion_components_BDMP_gallery_2.jpg\">\n          <\/div>\n      <div class=\"vckit-image-slider__element\">\n            <img decoding=\"async\" src=\"https:\/\/www.bdplast.com\/wp-content\/uploads\/2021\/04\/componenti_per_estrusione_extrusion_components_BDMP_gallery_1.jpg\">\n          <\/div>\n      <div class=\"vckit-image-slider__element\">\n            <img decoding=\"async\" src=\"https:\/\/www.bdplast.com\/wp-content\/uploads\/2021\/04\/componenti_per_estrusione_extrusion_components_BDMP_gallery_3.jpg\">\n          <\/div>\n      <div class=\"vckit-image-slider__element\">\n            <img decoding=\"async\" src=\"https:\/\/www.bdplast.com\/wp-content\/uploads\/2021\/04\/componenti_per_estrusione_extrusion_components_BDMP_gallery_4.jpg\">\n          <\/div>\n      <div class=\"vckit-image-slider__element\">\n            <img decoding=\"async\" src=\"https:\/\/www.bdplast.com\/wp-content\/uploads\/2021\/04\/componenti_per_estrusione_extrusion_components_BDMP_gallery_5.jpg\">\n          <\/div>\n      <div class=\"vckit-image-slider__element\">\n            <img decoding=\"async\" src=\"https:\/\/www.bdplast.com\/wp-content\/uploads\/2021\/04\/componenti_per_estrusione_extrusion_components_BDMP_gallery_6.jpg\">\n          <\/div>\n  <\/div>\n<style type=\"text\/css\"><\/style>\n[\/vc_column][\/vc_row][vc_row full_width=\u00bbstretch_row\u00bb equal_height=\u00bbyes\u00bb content_placement=\u00bbmiddle\u00bb el_id=\u00bbscheda_prodotto\u00bb css=\u00bb.vc_custom_1616752804985{padding-top: 4em !important;padding-bottom: 4em !important;background-color: #475b5a !important;}\u00bb][vc_column width=\u00bb1\/2&#8243;][vc_single_image image=\u00bb14849&#8243; img_size=\u00bbfull\u00bb][\/vc_column][vc_column width=\u00bb1\/2&#8243;][vc_column_text]<\/p>\n<div class=\"indicatiper\">\n<p><strong>APTO PARA LA PRODUCCI\u00d3N DE<\/strong><\/p>\n<ul class=\"ul1\">\n<li class=\"li1\">procesos de polimerizaci\u00f3n y extrusi\u00f3n<\/li>\n<\/ul>\n<\/div>\n<p>[\/vc_column_text][vc_empty_space height=\u00bb1em\u00bb][vc_row_inner][vc_column_inner width=\u00bb1\/2&#8243;]<div class=\"\"><div class=\"cz_59178_p\"><a id=\"cz_59178\" class=\"cz_59178 cz_btn cz_btn_txt_no_fx cz_btn_no_fx cz_btn_icon_after cz_mobile_btn_center\" href=\"https:\/\/www.bdplast.com\/wp-content\/uploads\/2021\/03\/BDMP_IT.pdf\" target=\"_blank\"><span><strong>DESCARGAR HOJA DE DATOS<\/strong><i class=\"fa czico-194-download\"><\/i><\/span><b class=\"cz_btn_onhover\"><strong>DESCARGAR HOJA DE DATOS<\/strong><i class=\"fa czico-194-download\"><\/i><\/b><\/a><\/div><\/div>[\/vc_column_inner][vc_column_inner width=\u00bb1\/2&#8243;]<div class=\"\"><div class=\"cz_50902_p\"><a id=\"cz_50902\" class=\"cz_50902 cz_btn cz_btn_txt_no_fx cz_btn_no_fx cz_btn_icon_after cz_mobile_btn_center\" href=\"https:\/\/www.youtube.com\/watch?v=w6-UKpgXxew\" rel=\"nofollow\" target=\"_blank\"><span><strong>LIMPIEZA DE LA PLACA DEL CAMBIADOR DE FILTROS<\/strong><i class=\"fa czico-015-play\"><\/i><\/span><b class=\"cz_btn_onhover\"><strong>LIMPIEZA DE LA PLACA DEL CAMBIADOR DE FILTROS<\/strong><i class=\"fa czico-015-play\"><\/i><\/b><\/a><\/div><\/div>[\/vc_column_inner][\/vc_row_inner][\/vc_column][\/vc_row]<\/p>\n<\/div>","protected":false},"excerpt":{"rendered":"<p>[vc_row full_width=\u00bbstretch_row\u00bb css=\u00bb.vc_custom_1617027570495{background-image: url(https:\/\/www.bdplast.com\/wp-content\/uploads\/2021\/03\/componenti_per_estrusione_extrusion_components_BDMP_cover.jpg?id=14268) !important;background-position: center !important;background-repeat: no-repeat !important;background-size: cover !important;}\u00bb &#8230; <\/p>\n","protected":false},"author":1,"featured_media":0,"parent":0,"menu_order":0,"comment_status":"closed","ping_status":"closed","template":"","meta":{"footnotes":"","_links_to":"","_links_to_target":""},"class_list":["post-15309","page","type-page","status-publish","hentry"],"yoast_head":"<!-- This site is optimized with the Yoast SEO plugin v26.8 - https:\/\/yoast.com\/product\/yoast-seo-wordpress\/ -->\n<title>Adaptadores, codos y cuellos de extrusi\u00f3n BDMP - BD Plast<\/title>\n<meta name=\"description\" content=\"Con la incorporaci\u00f3n de los cuellos de extrusi\u00f3n y las curvas a nuestros cambiadores de filtros, fuimos los primeros en introducir en el mercado un producto personalizado basado en una l\u00f3gica innovadora de estandarizaci\u00f3n.\" \/>\n<meta name=\"robots\" content=\"index, follow, max-snippet:-1, max-image-preview:large, max-video-preview:-1\" \/>\n<link rel=\"canonical\" href=\"https:\/\/www.bdplast.com\/adattatori-curve-e-colli-di-estrusione-bdmp\/\" \/>\n<meta property=\"og:locale\" content=\"es_ES\" \/>\n<meta property=\"og:type\" content=\"article\" \/>\n<meta property=\"og:title\" content=\"Adaptadores, codos y cuellos de extrusi\u00f3n BDMP - BD Plast\" \/>\n<meta property=\"og:description\" content=\"Con la incorporaci\u00f3n de los cuellos de extrusi\u00f3n y las curvas a nuestros cambiadores de filtros, fuimos los primeros en introducir en el mercado un producto personalizado basado en una l\u00f3gica innovadora de estandarizaci\u00f3n.\" \/>\n<meta property=\"og:url\" content=\"https:\/\/www.bdplast.com\/adattatori-curve-e-colli-di-estrusione-bdmp\/\" \/>\n<meta property=\"og:site_name\" content=\"BD Plast\" \/>\n<meta property=\"article:modified_time\" content=\"2021-06-04T08:58:53+00:00\" \/>\n<meta name=\"twitter:card\" content=\"summary_large_image\" \/>\n<meta name=\"twitter:label1\" content=\"Tiempo de lectura\" \/>\n\t<meta name=\"twitter:data1\" content=\"2 minutos\" \/>\n<script type=\"application\/ld+json\" class=\"yoast-schema-graph\">{\"@context\":\"https:\/\/schema.org\",\"@graph\":[{\"@type\":\"WebPage\",\"@id\":\"https:\/\/www.bdplast.com\/adattatori-curve-e-colli-di-estrusione-bdmp\/\",\"url\":\"https:\/\/www.bdplast.com\/adattatori-curve-e-colli-di-estrusione-bdmp\/\",\"name\":\"Adaptadores, codos y cuellos de extrusi\u00f3n BDMP - BD Plast\",\"isPartOf\":{\"@id\":\"https:\/\/www.bdplast.com\/#website\"},\"datePublished\":\"2021-03-29T14:19:33+00:00\",\"dateModified\":\"2021-06-04T08:58:53+00:00\",\"description\":\"Con la incorporaci\u00f3n de los cuellos de extrusi\u00f3n y las curvas a nuestros cambiadores de filtros, fuimos los primeros en introducir en el mercado un producto personalizado basado en una l\u00f3gica innovadora de estandarizaci\u00f3n.\",\"breadcrumb\":{\"@id\":\"https:\/\/www.bdplast.com\/adattatori-curve-e-colli-di-estrusione-bdmp\/#breadcrumb\"},\"inLanguage\":\"es\",\"potentialAction\":[{\"@type\":\"ReadAction\",\"target\":[\"https:\/\/www.bdplast.com\/adattatori-curve-e-colli-di-estrusione-bdmp\/\"]}]},{\"@type\":\"BreadcrumbList\",\"@id\":\"https:\/\/www.bdplast.com\/adattatori-curve-e-colli-di-estrusione-bdmp\/#breadcrumb\",\"itemListElement\":[{\"@type\":\"ListItem\",\"position\":1,\"name\":\"Home\",\"item\":\"https:\/\/www.bdplast.com\/es\/\"},{\"@type\":\"ListItem\",\"position\":2,\"name\":\"Adaptadores, codos y cuellos de extrusi\u00f3n BDMP\"}]},{\"@type\":\"WebSite\",\"@id\":\"https:\/\/www.bdplast.com\/#website\",\"url\":\"https:\/\/www.bdplast.com\/\",\"name\":\"BD Plast\",\"description\":\"Sistemi di filtrazione, deviazione e convoglio polimeri\",\"publisher\":{\"@id\":\"https:\/\/www.bdplast.com\/#organization\"},\"potentialAction\":[{\"@type\":\"SearchAction\",\"target\":{\"@type\":\"EntryPoint\",\"urlTemplate\":\"https:\/\/www.bdplast.com\/?s={search_term_string}\"},\"query-input\":{\"@type\":\"PropertyValueSpecification\",\"valueRequired\":true,\"valueName\":\"search_term_string\"}}],\"inLanguage\":\"es\"},{\"@type\":\"Organization\",\"@id\":\"https:\/\/www.bdplast.com\/#organization\",\"name\":\"BD Plast\",\"url\":\"https:\/\/www.bdplast.com\/\",\"logo\":{\"@type\":\"ImageObject\",\"inLanguage\":\"es\",\"@id\":\"https:\/\/www.bdplast.com\/#\/schema\/logo\/image\/\",\"url\":\"https:\/\/www.bdplast.com\/wp-content\/uploads\/2025\/06\/bdplast-logo-yoast.jpg\",\"contentUrl\":\"https:\/\/www.bdplast.com\/wp-content\/uploads\/2025\/06\/bdplast-logo-yoast.jpg\",\"width\":1200,\"height\":628,\"caption\":\"BD Plast\"},\"image\":{\"@id\":\"https:\/\/www.bdplast.com\/#\/schema\/logo\/image\/\"},\"sameAs\":[\"https:\/\/www.youtube.com\/channel\/UCd6hdte7tZc8CfN_W9KxYTA\",\"https:\/\/it.linkedin.com\/company\/bd-plast-filtering-systems-srl\"]}]}<\/script>\n<!-- \/ Yoast SEO plugin. -->","yoast_head_json":{"title":"Adaptadores, codos y cuellos de extrusi\u00f3n BDMP - BD Plast","description":"Con la incorporaci\u00f3n de los cuellos de extrusi\u00f3n y las curvas a nuestros cambiadores de filtros, fuimos los primeros en introducir en el mercado un producto personalizado basado en una l\u00f3gica innovadora de estandarizaci\u00f3n.","robots":{"index":"index","follow":"follow","max-snippet":"max-snippet:-1","max-image-preview":"max-image-preview:large","max-video-preview":"max-video-preview:-1"},"canonical":"https:\/\/www.bdplast.com\/adattatori-curve-e-colli-di-estrusione-bdmp\/","og_locale":"es_ES","og_type":"article","og_title":"Adaptadores, codos y cuellos de extrusi\u00f3n BDMP - BD Plast","og_description":"Con la incorporaci\u00f3n de los cuellos de extrusi\u00f3n y las curvas a nuestros cambiadores de filtros, fuimos los primeros en introducir en el mercado un producto personalizado basado en una l\u00f3gica innovadora de estandarizaci\u00f3n.","og_url":"https:\/\/www.bdplast.com\/adattatori-curve-e-colli-di-estrusione-bdmp\/","og_site_name":"BD Plast","article_modified_time":"2021-06-04T08:58:53+00:00","twitter_card":"summary_large_image","twitter_misc":{"Tiempo de lectura":"2 minutos"},"schema":{"@context":"https:\/\/schema.org","@graph":[{"@type":"WebPage","@id":"https:\/\/www.bdplast.com\/adattatori-curve-e-colli-di-estrusione-bdmp\/","url":"https:\/\/www.bdplast.com\/adattatori-curve-e-colli-di-estrusione-bdmp\/","name":"Adaptadores, codos y cuellos de extrusi\u00f3n BDMP - BD Plast","isPartOf":{"@id":"https:\/\/www.bdplast.com\/#website"},"datePublished":"2021-03-29T14:19:33+00:00","dateModified":"2021-06-04T08:58:53+00:00","description":"Con la incorporaci\u00f3n de los cuellos de extrusi\u00f3n y las curvas a nuestros cambiadores de filtros, fuimos los primeros en introducir en el mercado un producto personalizado basado en una l\u00f3gica innovadora de estandarizaci\u00f3n.","breadcrumb":{"@id":"https:\/\/www.bdplast.com\/adattatori-curve-e-colli-di-estrusione-bdmp\/#breadcrumb"},"inLanguage":"es","potentialAction":[{"@type":"ReadAction","target":["https:\/\/www.bdplast.com\/adattatori-curve-e-colli-di-estrusione-bdmp\/"]}]},{"@type":"BreadcrumbList","@id":"https:\/\/www.bdplast.com\/adattatori-curve-e-colli-di-estrusione-bdmp\/#breadcrumb","itemListElement":[{"@type":"ListItem","position":1,"name":"Home","item":"https:\/\/www.bdplast.com\/es\/"},{"@type":"ListItem","position":2,"name":"Adaptadores, codos y cuellos de extrusi\u00f3n BDMP"}]},{"@type":"WebSite","@id":"https:\/\/www.bdplast.com\/#website","url":"https:\/\/www.bdplast.com\/","name":"BD Plast","description":"Sistemi di filtrazione, deviazione e convoglio polimeri","publisher":{"@id":"https:\/\/www.bdplast.com\/#organization"},"potentialAction":[{"@type":"SearchAction","target":{"@type":"EntryPoint","urlTemplate":"https:\/\/www.bdplast.com\/?s={search_term_string}"},"query-input":{"@type":"PropertyValueSpecification","valueRequired":true,"valueName":"search_term_string"}}],"inLanguage":"es"},{"@type":"Organization","@id":"https:\/\/www.bdplast.com\/#organization","name":"BD Plast","url":"https:\/\/www.bdplast.com\/","logo":{"@type":"ImageObject","inLanguage":"es","@id":"https:\/\/www.bdplast.com\/#\/schema\/logo\/image\/","url":"https:\/\/www.bdplast.com\/wp-content\/uploads\/2025\/06\/bdplast-logo-yoast.jpg","contentUrl":"https:\/\/www.bdplast.com\/wp-content\/uploads\/2025\/06\/bdplast-logo-yoast.jpg","width":1200,"height":628,"caption":"BD Plast"},"image":{"@id":"https:\/\/www.bdplast.com\/#\/schema\/logo\/image\/"},"sameAs":["https:\/\/www.youtube.com\/channel\/UCd6hdte7tZc8CfN_W9KxYTA","https:\/\/it.linkedin.com\/company\/bd-plast-filtering-systems-srl"]}]}},"rttpg_featured_image_url":null,"rttpg_author":{"display_name":"studiochiesa","author_link":"https:\/\/www.bdplast.com\/es\/author\/studiochiesa\/"},"rttpg_comment":0,"rttpg_category":" <a href=\"https:\/\/www.bdplast.com\/es\/?taxonomy=translation_priority&#038;term=opcional\" rel=\"tag\">Opcional<\/a>","rttpg_excerpt":"[vc_row full_width=\u00bbstretch_row\u00bb css=\u00bb.vc_custom_1617027570495{background-image: url(https:\/\/www.bdplast.com\/wp-content\/uploads\/2021\/03\/componenti_per_estrusione_extrusion_components_BDMP_cover.jpg?id=14268) !important;background-position: center !important;background-repeat: no-repeat !important;background-size: cover !important;}\u00bb ...","_links":{"self":[{"href":"https:\/\/www.bdplast.com\/es\/wp-json\/wp\/v2\/pages\/15309","targetHints":{"allow":["GET"]}}],"collection":[{"href":"https:\/\/www.bdplast.com\/es\/wp-json\/wp\/v2\/pages"}],"about":[{"href":"https:\/\/www.bdplast.com\/es\/wp-json\/wp\/v2\/types\/page"}],"author":[{"embeddable":true,"href":"https:\/\/www.bdplast.com\/es\/wp-json\/wp\/v2\/users\/1"}],"replies":[{"embeddable":true,"href":"https:\/\/www.bdplast.com\/es\/wp-json\/wp\/v2\/comments?post=15309"}],"version-history":[{"count":4,"href":"https:\/\/www.bdplast.com\/es\/wp-json\/wp\/v2\/pages\/15309\/revisions"}],"predecessor-version":[{"id":17132,"href":"https:\/\/www.bdplast.com\/es\/wp-json\/wp\/v2\/pages\/15309\/revisions\/17132"}],"wp:attachment":[{"href":"https:\/\/www.bdplast.com\/es\/wp-json\/wp\/v2\/media?parent=15309"}],"curies":[{"name":"wp","href":"https:\/\/api.w.org\/{rel}","templated":true}]}}