{"id":15320,"date":"2021-03-29T16:00:05","date_gmt":"2021-03-29T14:00:05","guid":{"rendered":"https:\/\/www.bdplast.com\/cambiafiltri-oleodinamici-bdo-ft-da-45-a-160\/"},"modified":"2021-06-04T10:54:14","modified_gmt":"2021-06-04T08:54:14","slug":"cambiador-de-filtros-hidraulico-bdo-ft","status":"publish","type":"page","link":"https:\/\/www.bdplast.com\/es\/cambiador-de-filtros-hidraulico-bdo-ft\/","title":{"rendered":"Cambiador de filtros hidr\u00e1ulico BDO FT"},"content":{"rendered":"<div class=\"wpb-content-wrapper\"><p>[vc_row full_width=\u00bbstretch_row\u00bb css=\u00bb.vc_custom_1617268689365{background-image: url(https:\/\/www.bdplast.com\/wp-content\/uploads\/2021\/04\/cambiafiltri_oleodinamici_hydraulic_screen_changers_BDO_FT_cover.jpg?id=14441) !important;background-position: center !important;background-repeat: no-repeat !important;background-size: cover !important;}\u00bb el_class=\u00bbwhite_text\u00bb el_id=\u00bbhead_prodotto\u00bb][vc_column][\/vc_column][\/vc_row][vc_row full_width=\u00bbstretch_row\u00bb css=\u00bb.vc_custom_1616665112965{padding-top: 2em !important;padding-bottom: 2em !important;background-color: #ec6608 !important;}\u00bb el_class=\u00bbwhite_text\u00bb][vc_column][vc_row_inner equal_height=\u00bbyes\u00bb content_placement=\u00bbmiddle\u00bb][vc_column_inner][vc_column_text]<\/p>\n<h1>Cambiador de filtros hidr\u00e1ulico BDO FT<\/h1>\n<p>[\/vc_column_text][\/vc_column_inner][\/vc_row_inner][\/vc_column][\/vc_row][vc_row css=\u00bb.vc_custom_1616673282130{padding-top: 4em !important;padding-bottom: 4em !important;}\u00bb el_id=\u00bbscheda_prodotto_intro\u00bb][vc_column][vc_column_text]<\/p>\n<h2>M\u00e1xima productividad y personalizaci\u00f3n para satisfacer las necesidades m\u00e1s espec\u00edficas.<\/h2>\n<p>[\/vc_column_text][vc_column_text]Los cambiadores de filtros hidr\u00e1ulicos de la serie BDO FT se distinguen por la sencillez constructiva, la ergonom\u00eda y la racionalidad con que han sido dise\u00f1ados. Gracias a un sistema de calentamiento homog\u00e9neo y eficaz, son aptos para procesar pol\u00edmeros especialmente sensibles.<br \/>\nEl funcionamiento en combinaci\u00f3n con un grupo hidr\u00e1ulico de cambio r\u00e1pido permite la sustituci\u00f3n de las mallas filtrantes con la extrusora en marcha.<br \/>\nDisponibles con masas filtrantes de \u00d8\u00a045 a \u00d8\u00a0160\u00a0mm, est\u00e1n equipados con un sistema de cableado canalizado en la parte inferior que conduce los cables de alimentaci\u00f3n y los termopares a una caja de conexiones situada junto al cilindro. Esto evita el riesgo de sobrecalentamiento del sistema el\u00e9ctrico y garantiza la m\u00e1xima fiabilidad.<br \/>\nLas configuraciones posibles permiten un amplio uso de estos modelos, cuando la continuidad total del flujo durante el cambio no es un requisito esencial.[\/vc_column_text][\/vc_column][\/vc_row][vc_row full_width=\u00bbstretch_row\u00bb el_class=\u00bbwhite_text\u00bb el_id=\u00bbslider\u00bb css=\u00bb.vc_custom_1616679219141{padding-top: 4em !important;padding-bottom: 4em !important;background-color: #e9e7dd !important;background-position: center !important;background-repeat: no-repeat !important;background-size: cover !important;}\u00bb][vc_column]<div\n  id=\"vckit-image-slider-1929217785\"\n  class=\"vckit-image-slider  \"\n  data-vckit-carousel='{\"arrows\":true,\"dots\":false,\"fade\":true,\"infinite\":true,\"arrow_style\":\"circle\",\"autoplay\":\"yes\",\"autoplay_speed\":3000,\"pause_on_hover\":\"yes\",\"speed\":300,\"md\":1,\"sm\":1,\"xs\":1,\"slides_to_scroll\":1}' data-gutter=\"0\">\n      <div class=\"vckit-image-slider__element\">\n            <img decoding=\"async\" src=\"https:\/\/www.bdplast.com\/wp-content\/uploads\/2021\/04\/cambiafiltri_oleodinamici_hydraulic_screen_changers_BDO_FT_gallery_5.jpg\">\n          <\/div>\n      <div class=\"vckit-image-slider__element\">\n            <img decoding=\"async\" src=\"https:\/\/www.bdplast.com\/wp-content\/uploads\/2021\/04\/cambiafiltri_oleodinamici_hydraulic_screen_changers_BDO_FT_gallery_1.jpg\">\n          <\/div>\n      <div class=\"vckit-image-slider__element\">\n            <img decoding=\"async\" src=\"https:\/\/www.bdplast.com\/wp-content\/uploads\/2021\/04\/cambiafiltri_oleodinamici_hydraulic_screen_changers_BDO_FT_gallery_2.jpg\">\n          <\/div>\n      <div class=\"vckit-image-slider__element\">\n            <img decoding=\"async\" src=\"https:\/\/www.bdplast.com\/wp-content\/uploads\/2021\/04\/cambiafiltri_oleodinamici_hydraulic_screen_changers_BDO_FT_gallery_3.jpg\">\n          <\/div>\n      <div class=\"vckit-image-slider__element\">\n            <img decoding=\"async\" src=\"https:\/\/www.bdplast.com\/wp-content\/uploads\/2021\/04\/cambiafiltri_oleodinamici_hydraulic_screen_changers_BDO_FT_gallery_4.jpg\">\n          <\/div>\n  <\/div>\n<style type=\"text\/css\"><\/style>\n[\/vc_column][\/vc_row][vc_row full_width=\u00bbstretch_row\u00bb equal_height=\u00bbyes\u00bb content_placement=\u00bbmiddle\u00bb el_id=\u00bbscheda_prodotto\u00bb css=\u00bb.vc_custom_1616752804985{padding-top: 4em !important;padding-bottom: 4em !important;background-color: #475b5a !important;}\u00bb][vc_column width=\u00bb1\/2&#8243;][vc_single_image image=\u00bb14816&#8243; img_size=\u00bbfull\u00bb][\/vc_column][vc_column width=\u00bb1\/2&#8243;][vc_column_text]<strong>ADECUADO PARA LA PRODUCCI\u00d3N DE<\/strong><\/p>\n<ul>\n<li class=\"li1\">L\u00e1minas tubulares o planas<\/li>\n<li class=\"li1\">Planchas de termoformado<\/li>\n<li class=\"li1\">Tubos y perfiles<\/li>\n<li class=\"li1\">Revestimiento de cables<\/li>\n<li class=\"li1\">Granulados de reciclaje<\/li>\n<li class=\"li1\">Gr\u00e1nulos de polimerizaci\u00f3n<\/li>\n<li class=\"li1\">Gr\u00e1nulos de masterbatch y compound<\/li>\n<li class=\"li1\">Moldeado por soplado e inyecci\u00f3n<\/li>\n<\/ul>\n<p>[\/vc_column_text][vc_empty_space height=\u00bb1em\u00bb][vc_row_inner][vc_column_inner width=\u00bb1\/2&#8243;]<div class=\"\"><div class=\"cz_30467_p\"><a id=\"cz_30467\" class=\"cz_30467 cz_btn cz_btn_txt_no_fx cz_btn_no_fx cz_btn_icon_after cz_mobile_btn_center\" href=\"https:\/\/www.bdplast.com\/wp-content\/uploads\/2021\/03\/BDOft_IT.pdf\" target=\"_blank\"><span><strong>DESCARGAR HOJA DE DATOS<\/strong><i class=\"fa czico-194-download\"><\/i><\/span><b class=\"cz_btn_onhover\"><strong>DESCARGAR HOJA DE DATOS<\/strong><i class=\"fa czico-194-download\"><\/i><\/b><\/a><\/div><\/div>[\/vc_column_inner][vc_column_inner width=\u00bb1\/2&#8243;]<div class=\"\"><div class=\"cz_25515_p\"><a id=\"cz_25515\" class=\"cz_25515 cz_btn cz_btn_txt_no_fx cz_btn_no_fx cz_btn_icon_after cz_mobile_btn_center\" href=\"https:\/\/www.youtube.com\/watch?v=w6-UKpgXxew\" rel=\"nofollow\" target=\"_blank\"><span><strong>LIMPIEZA DE LA PLACA DEL CAMBIADOR DE FILTROS<\/strong><i class=\"fa czico-015-play\"><\/i><\/span><b class=\"cz_btn_onhover\"><strong>LIMPIEZA DE LA PLACA DEL CAMBIADOR DE FILTROS<\/strong><i class=\"fa czico-015-play\"><\/i><\/b><\/a><\/div><\/div>[\/vc_column_inner][\/vc_row_inner][\/vc_column][\/vc_row]<\/p>\n<\/div>","protected":false},"excerpt":{"rendered":"<p>[vc_row full_width=\u00bbstretch_row\u00bb css=\u00bb.vc_custom_1617268689365{background-image: url(https:\/\/www.bdplast.com\/wp-content\/uploads\/2021\/04\/cambiafiltri_oleodinamici_hydraulic_screen_changers_BDO_FT_cover.jpg?id=14441) !important;background-position: center !important;background-repeat: no-repeat !important;background-size: cover !important;}\u00bb &#8230; <\/p>\n","protected":false},"author":1,"featured_media":0,"parent":0,"menu_order":0,"comment_status":"closed","ping_status":"closed","template":"","meta":{"footnotes":"","_links_to":"","_links_to_target":""},"class_list":["post-15320","page","type-page","status-publish","hentry"],"yoast_head":"<!-- This site is optimized with the Yoast SEO plugin v27.5 - https:\/\/yoast.com\/product\/yoast-seo-wordpress\/ -->\n<title>Cambiador de filtros hidr\u00e1ulico BDO FT - BD Plast<\/title>\n<meta name=\"description\" content=\"Los cambiadores de filtros hidr\u00e1ulicos de la serie BDO FT se distinguen por la sencillez constructiva, la ergonom\u00eda y la racionalidad con que han sido dise\u00f1ados.\" \/>\n<meta name=\"robots\" content=\"index, follow, max-snippet:-1, max-image-preview:large, max-video-preview:-1\" \/>\n<link rel=\"canonical\" href=\"https:\/\/www.bdplast.com\/cambiafiltri-oleodinamici-bdo-ft-da-45-a-160\/\" \/>\n<meta property=\"og:locale\" content=\"es_ES\" \/>\n<meta property=\"og:type\" content=\"article\" \/>\n<meta property=\"og:title\" content=\"Cambiador de filtros hidr\u00e1ulico BDO FT - BD Plast\" \/>\n<meta property=\"og:description\" content=\"Los cambiadores de filtros hidr\u00e1ulicos de la serie BDO FT se distinguen por la sencillez constructiva, la ergonom\u00eda y la racionalidad con que han sido dise\u00f1ados.\" \/>\n<meta property=\"og:url\" content=\"https:\/\/www.bdplast.com\/cambiafiltri-oleodinamici-bdo-ft-da-45-a-160\/\" \/>\n<meta property=\"og:site_name\" content=\"BD Plast\" \/>\n<meta property=\"article:modified_time\" content=\"2021-06-04T08:54:14+00:00\" \/>\n<meta name=\"twitter:card\" content=\"summary_large_image\" \/>\n<meta name=\"twitter:label1\" content=\"Tiempo de lectura\" \/>\n\t<meta name=\"twitter:data1\" content=\"2 minutos\" \/>\n<script type=\"application\/ld+json\" class=\"yoast-schema-graph\">{\"@context\":\"https:\\\/\\\/schema.org\",\"@graph\":[{\"@type\":\"WebPage\",\"@id\":\"https:\\\/\\\/www.bdplast.com\\\/cambiafiltri-oleodinamici-bdo-ft-da-45-a-160\\\/\",\"url\":\"https:\\\/\\\/www.bdplast.com\\\/cambiafiltri-oleodinamici-bdo-ft-da-45-a-160\\\/\",\"name\":\"Cambiador de filtros hidr\u00e1ulico BDO FT - BD Plast\",\"isPartOf\":{\"@id\":\"https:\\\/\\\/www.bdplast.com\\\/#website\"},\"datePublished\":\"2021-03-29T14:00:05+00:00\",\"dateModified\":\"2021-06-04T08:54:14+00:00\",\"description\":\"Los cambiadores de filtros hidr\u00e1ulicos de la serie BDO FT se distinguen por la sencillez constructiva, la ergonom\u00eda y la racionalidad con que han sido dise\u00f1ados.\",\"breadcrumb\":{\"@id\":\"https:\\\/\\\/www.bdplast.com\\\/cambiafiltri-oleodinamici-bdo-ft-da-45-a-160\\\/#breadcrumb\"},\"inLanguage\":\"es\",\"potentialAction\":[{\"@type\":\"ReadAction\",\"target\":[\"https:\\\/\\\/www.bdplast.com\\\/cambiafiltri-oleodinamici-bdo-ft-da-45-a-160\\\/\"]}]},{\"@type\":\"BreadcrumbList\",\"@id\":\"https:\\\/\\\/www.bdplast.com\\\/cambiafiltri-oleodinamici-bdo-ft-da-45-a-160\\\/#breadcrumb\",\"itemListElement\":[{\"@type\":\"ListItem\",\"position\":1,\"name\":\"Home\",\"item\":\"https:\\\/\\\/www.bdplast.com\\\/es\\\/\"},{\"@type\":\"ListItem\",\"position\":2,\"name\":\"Cambiador de filtros hidr\u00e1ulico BDO FT\"}]},{\"@type\":\"WebSite\",\"@id\":\"https:\\\/\\\/www.bdplast.com\\\/#website\",\"url\":\"https:\\\/\\\/www.bdplast.com\\\/\",\"name\":\"BD Plast\",\"description\":\"Sistemi di filtrazione, deviazione e convoglio polimeri\",\"publisher\":{\"@id\":\"https:\\\/\\\/www.bdplast.com\\\/#organization\"},\"potentialAction\":[{\"@type\":\"SearchAction\",\"target\":{\"@type\":\"EntryPoint\",\"urlTemplate\":\"https:\\\/\\\/www.bdplast.com\\\/?s={search_term_string}\"},\"query-input\":{\"@type\":\"PropertyValueSpecification\",\"valueRequired\":true,\"valueName\":\"search_term_string\"}}],\"inLanguage\":\"es\"},{\"@type\":\"Organization\",\"@id\":\"https:\\\/\\\/www.bdplast.com\\\/#organization\",\"name\":\"BD Plast\",\"url\":\"https:\\\/\\\/www.bdplast.com\\\/\",\"logo\":{\"@type\":\"ImageObject\",\"inLanguage\":\"es\",\"@id\":\"https:\\\/\\\/www.bdplast.com\\\/#\\\/schema\\\/logo\\\/image\\\/\",\"url\":\"https:\\\/\\\/www.bdplast.com\\\/wp-content\\\/uploads\\\/2025\\\/06\\\/bdplast-logo-yoast.jpg\",\"contentUrl\":\"https:\\\/\\\/www.bdplast.com\\\/wp-content\\\/uploads\\\/2025\\\/06\\\/bdplast-logo-yoast.jpg\",\"width\":1200,\"height\":628,\"caption\":\"BD Plast\"},\"image\":{\"@id\":\"https:\\\/\\\/www.bdplast.com\\\/#\\\/schema\\\/logo\\\/image\\\/\"},\"sameAs\":[\"https:\\\/\\\/www.youtube.com\\\/channel\\\/UCd6hdte7tZc8CfN_W9KxYTA\",\"https:\\\/\\\/it.linkedin.com\\\/company\\\/bd-plast-filtering-systems-srl\"]}]}<\/script>\n<!-- \/ Yoast SEO plugin. -->","yoast_head_json":{"title":"Cambiador de filtros hidr\u00e1ulico BDO FT - BD Plast","description":"Los cambiadores de filtros hidr\u00e1ulicos de la serie BDO FT se distinguen por la sencillez constructiva, la ergonom\u00eda y la racionalidad con que han sido dise\u00f1ados.","robots":{"index":"index","follow":"follow","max-snippet":"max-snippet:-1","max-image-preview":"max-image-preview:large","max-video-preview":"max-video-preview:-1"},"canonical":"https:\/\/www.bdplast.com\/cambiafiltri-oleodinamici-bdo-ft-da-45-a-160\/","og_locale":"es_ES","og_type":"article","og_title":"Cambiador de filtros hidr\u00e1ulico BDO FT - BD Plast","og_description":"Los cambiadores de filtros hidr\u00e1ulicos de la serie BDO FT se distinguen por la sencillez constructiva, la ergonom\u00eda y la racionalidad con que han sido dise\u00f1ados.","og_url":"https:\/\/www.bdplast.com\/cambiafiltri-oleodinamici-bdo-ft-da-45-a-160\/","og_site_name":"BD Plast","article_modified_time":"2021-06-04T08:54:14+00:00","twitter_card":"summary_large_image","twitter_misc":{"Tiempo de lectura":"2 minutos"},"schema":{"@context":"https:\/\/schema.org","@graph":[{"@type":"WebPage","@id":"https:\/\/www.bdplast.com\/cambiafiltri-oleodinamici-bdo-ft-da-45-a-160\/","url":"https:\/\/www.bdplast.com\/cambiafiltri-oleodinamici-bdo-ft-da-45-a-160\/","name":"Cambiador de filtros hidr\u00e1ulico BDO FT - BD Plast","isPartOf":{"@id":"https:\/\/www.bdplast.com\/#website"},"datePublished":"2021-03-29T14:00:05+00:00","dateModified":"2021-06-04T08:54:14+00:00","description":"Los cambiadores de filtros hidr\u00e1ulicos de la serie BDO FT se distinguen por la sencillez constructiva, la ergonom\u00eda y la racionalidad con que han sido dise\u00f1ados.","breadcrumb":{"@id":"https:\/\/www.bdplast.com\/cambiafiltri-oleodinamici-bdo-ft-da-45-a-160\/#breadcrumb"},"inLanguage":"es","potentialAction":[{"@type":"ReadAction","target":["https:\/\/www.bdplast.com\/cambiafiltri-oleodinamici-bdo-ft-da-45-a-160\/"]}]},{"@type":"BreadcrumbList","@id":"https:\/\/www.bdplast.com\/cambiafiltri-oleodinamici-bdo-ft-da-45-a-160\/#breadcrumb","itemListElement":[{"@type":"ListItem","position":1,"name":"Home","item":"https:\/\/www.bdplast.com\/es\/"},{"@type":"ListItem","position":2,"name":"Cambiador de filtros hidr\u00e1ulico BDO FT"}]},{"@type":"WebSite","@id":"https:\/\/www.bdplast.com\/#website","url":"https:\/\/www.bdplast.com\/","name":"BD Plast","description":"Sistemi di filtrazione, deviazione e convoglio polimeri","publisher":{"@id":"https:\/\/www.bdplast.com\/#organization"},"potentialAction":[{"@type":"SearchAction","target":{"@type":"EntryPoint","urlTemplate":"https:\/\/www.bdplast.com\/?s={search_term_string}"},"query-input":{"@type":"PropertyValueSpecification","valueRequired":true,"valueName":"search_term_string"}}],"inLanguage":"es"},{"@type":"Organization","@id":"https:\/\/www.bdplast.com\/#organization","name":"BD Plast","url":"https:\/\/www.bdplast.com\/","logo":{"@type":"ImageObject","inLanguage":"es","@id":"https:\/\/www.bdplast.com\/#\/schema\/logo\/image\/","url":"https:\/\/www.bdplast.com\/wp-content\/uploads\/2025\/06\/bdplast-logo-yoast.jpg","contentUrl":"https:\/\/www.bdplast.com\/wp-content\/uploads\/2025\/06\/bdplast-logo-yoast.jpg","width":1200,"height":628,"caption":"BD Plast"},"image":{"@id":"https:\/\/www.bdplast.com\/#\/schema\/logo\/image\/"},"sameAs":["https:\/\/www.youtube.com\/channel\/UCd6hdte7tZc8CfN_W9KxYTA","https:\/\/it.linkedin.com\/company\/bd-plast-filtering-systems-srl"]}]}},"rttpg_featured_image_url":null,"rttpg_author":{"display_name":"studiochiesa","author_link":"https:\/\/www.bdplast.com\/es\/author\/studiochiesa\/"},"rttpg_comment":0,"rttpg_category":" <a href=\"https:\/\/www.bdplast.com\/es\/?taxonomy=translation_priority&#038;term=opcional\" rel=\"tag\">Opcional<\/a>","rttpg_excerpt":"[vc_row full_width=\u00bbstretch_row\u00bb css=\u00bb.vc_custom_1617268689365{background-image: url(https:\/\/www.bdplast.com\/wp-content\/uploads\/2021\/04\/cambiafiltri_oleodinamici_hydraulic_screen_changers_BDO_FT_cover.jpg?id=14441) !important;background-position: center !important;background-repeat: no-repeat !important;background-size: cover !important;}\u00bb ...","_links":{"self":[{"href":"https:\/\/www.bdplast.com\/es\/wp-json\/wp\/v2\/pages\/15320","targetHints":{"allow":["GET"]}}],"collection":[{"href":"https:\/\/www.bdplast.com\/es\/wp-json\/wp\/v2\/pages"}],"about":[{"href":"https:\/\/www.bdplast.com\/es\/wp-json\/wp\/v2\/types\/page"}],"author":[{"embeddable":true,"href":"https:\/\/www.bdplast.com\/es\/wp-json\/wp\/v2\/users\/1"}],"replies":[{"embeddable":true,"href":"https:\/\/www.bdplast.com\/es\/wp-json\/wp\/v2\/comments?post=15320"}],"version-history":[{"count":5,"href":"https:\/\/www.bdplast.com\/es\/wp-json\/wp\/v2\/pages\/15320\/revisions"}],"predecessor-version":[{"id":17127,"href":"https:\/\/www.bdplast.com\/es\/wp-json\/wp\/v2\/pages\/15320\/revisions\/17127"}],"wp:attachment":[{"href":"https:\/\/www.bdplast.com\/es\/wp-json\/wp\/v2\/media?parent=15320"}],"curies":[{"name":"wp","href":"https:\/\/api.w.org\/{rel}","templated":true}]}}