{"id":15348,"date":"2021-03-24T17:06:11","date_gmt":"2021-03-24T16:06:11","guid":{"rendered":"https:\/\/www.bdplast.com\/cambiafiltri-manuali\/"},"modified":"2025-10-10T12:09:11","modified_gmt":"2025-10-10T10:09:11","slug":"cambiador-manual-de-filtros","status":"publish","type":"page","link":"https:\/\/www.bdplast.com\/es\/cambiador-manual-de-filtros\/","title":{"rendered":"Cambiador manual de filtros"},"content":{"rendered":"<div class=\"wpb-content-wrapper\"><p>[vc_row full_width=\u00bbstretch_row\u00bb css=\u00bb.vc_custom_1617876250013{background-image: url(https:\/\/www.bdplast.com\/wp-content\/uploads\/2021\/03\/cambiafiltri_manuali_manual_screen_changers_BDL_cover.jpg?id=14421) !important;background-position: center !important;background-repeat: no-repeat !important;background-size: cover !important;}\u00bb el_class=\u00bbwhite_text\u00bb el_id=\u00bbhead_prodotto\u00bb][vc_column][\/vc_column][\/vc_row][vc_row full_width=\u00bbstretch_row\u00bb css=\u00bb.vc_custom_1616665112965{padding-top: 2em !important;padding-bottom: 2em !important;background-color: #ec6608 !important;}\u00bb el_class=\u00bbwhite_text\u00bb][vc_column][vc_row_inner equal_height=\u00bbyes\u00bb content_placement=\u00bbmiddle\u00bb][vc_column_inner][vc_column_text]<\/p>\n<h1>Cambiador manual de filtros<\/h1>\n<p>[\/vc_column_text][\/vc_column_inner][\/vc_row_inner][\/vc_column][\/vc_row][vc_row css=\u00bb.vc_custom_1616673282130{padding-top: 4em !important;padding-bottom: 4em !important;}\u00bb el_id=\u00bbscheda_prodotto_intro\u00bb][vc_column][vc_column_text]<\/p>\n<h2>Econ\u00f3micos y eficientes, gracias a su sencilla construcci\u00f3n y funcionamiento<\/h2>\n<p>[\/vc_column_text][vc_column_text]Nuestra gama de cambiadores manuales de filtros incluye <strong>cambiadores de filtros de palanca BDL, cambiadores de filtro de trinquete BDLG, cambiadores de filtro de cartucho y de carraca BDCG<\/strong>.[\/vc_column_text][\/vc_column][\/vc_row][vc_row full_width=\u00bbstretch_row\u00bb css=\u00bb.vc_custom_1616746370826{padding-top: 4em !important;padding-bottom: 4em !important;background-color: #e9e7dd !important;}\u00bb el_id=\u00bbproducts\u00bb][vc_column offset=\u00bbvc_col-md-12 vc_col-xs-12&#8243;][vc_empty_space height=\u00bb2em\u00bb][vc_row_inner css=\u00bb.vc_custom_1584973514763{padding-left: 1em !important;}\u00bb el_class=\u00bbpublications_homepage\u00bb el_id=\u00bbappflds\u00bb][vc_column_inner width=\u00bb1\/3&#8243; css=\u00bb.vc_custom_1584532315881{margin: 0px !important;padding: 0px !important;border: 0px initial !important;}\u00bb]<figure class=\"effect-hover category_flip_box category_flip_box_3 effect-ruby ratiooriginal  vckit_custom_class_1068e8db2e140d1  vckit-lazyload\">\n  <a href=\"https:\/\/www.bdplast.com\/es\/cambiador-de-filtros-de-palanca-bdl\/\" >\n    <img data-src=\"https:\/\/www.bdplast.com\/wp-content\/uploads\/2021\/03\/cambiafiltri_manuali_manual_screen changers_BDL_pagina_prodotto.jpg\" alt=\"Cambiador de filtros de palanca BDL \"\/>\n    <figcaption>\n      <div class=\"effect-caption\">\n        <h2>Cambiador de filtros de palanca BDL <span><\/span><\/h2>\n        <p class=\"description\">\n          La elecci\u00f3n b\u00e1sica para las l\u00edneas peque\u00f1as y medianas.&nbsp;        <\/p>\n      <\/div>\n    <\/figcaption>\n  <\/a>\n<\/figure>\n[\/vc_column_inner][vc_column_inner width=\u00bb1\/3&#8243; css=\u00bb.vc_custom_1584531742173{margin: 0px !important;padding: 0px !important;border: 0px initial !important;}\u00bb]<figure class=\"effect-hover category_flip_box category_flip_box_3 effect-ruby ratiooriginal  vckit_custom_class_868e8db3807f40  vckit-lazyload\">\n  <a href=\"https:\/\/www.bdplast.com\/cambiador-de-filtros-con-carraca-bdlg\/\" >\n    <img data-src=\"https:\/\/www.bdplast.com\/wp-content\/uploads\/2021\/03\/cambiafiltri_manuali_manual_screen changers_BDLG_pagina_prodotto.jpg\" alt=\"Cambiador de filtros con carraca BDLG \"\/>\n    <figcaption>\n      <div class=\"effect-caption\">\n        <h2>Cambiador de filtros con carraca BDLG <span><\/span><\/h2>\n        <p class=\"description\">\n          Dise\u00f1o limpio, facilidad de uso, excelente compacidad: la evoluci\u00f3n t\u00e9cnica de los cambiadores manuales de filtro.&nbsp;        <\/p>\n      <\/div>\n    <\/figcaption>\n  <\/a>\n<\/figure>\n[\/vc_column_inner][vc_column_inner width=\u00bb1\/3&#8243; css=\u00bb.vc_custom_1584531749045{margin: 0px !important;padding: 0px !important;border: 0px initial !important;}\u00bb]<figure class=\"effect-hover category_flip_box category_flip_box_3 effect-ruby ratiooriginal  vckit_custom_class_1068e8db3f917ee  vckit-lazyload\">\n  <a href=\"https:\/\/www.bdplast.com\/es\/cambiador-de-filtros-de-cartucho-y-carraca-bdcg\/\" >\n    <img data-src=\"https:\/\/www.bdplast.com\/wp-content\/uploads\/2021\/05\/cambiafiltri_manuali_manual_screen changers_BDCG_pagina_prodotto.jpg\" alt=\"Cambiador de filtros de cartucho y carraca BDCG \"\/>\n    <figcaption>\n      <div class=\"effect-caption\">\n        <h2>Cambiador de filtros de cartucho y carraca BDCG <span><\/span><\/h2>\n        <p class=\"description\">\n          Una innovadora generaci\u00f3n de cambiadores manuales de filtro que reduce el tiempo y los costes de producci\u00f3n y mantenimiento.&nbsp;        <\/p>\n      <\/div>\n    <\/figcaption>\n  <\/a>\n<\/figure>\n[\/vc_column_inner][\/vc_row_inner][\/vc_column][\/vc_row]<\/p>\n<\/div>","protected":false},"excerpt":{"rendered":"<p>[vc_row full_width=\u00bbstretch_row\u00bb css=\u00bb.vc_custom_1617876250013{background-image: url(https:\/\/www.bdplast.com\/wp-content\/uploads\/2021\/03\/cambiafiltri_manuali_manual_screen_changers_BDL_cover.jpg?id=14421) !important;background-position: center !important;background-repeat: no-repeat !important;background-size: cover !important;}\u00bb &#8230; <\/p>\n","protected":false},"author":1,"featured_media":0,"parent":0,"menu_order":0,"comment_status":"closed","ping_status":"closed","template":"","meta":{"footnotes":"","_links_to":"","_links_to_target":""},"class_list":["post-15348","page","type-page","status-publish","hentry"],"yoast_head":"<!-- This site is optimized with the Yoast SEO plugin v26.8 - https:\/\/yoast.com\/product\/yoast-seo-wordpress\/ -->\n<title>Cambiador manual de filtros - BD Plast<\/title>\n<meta name=\"description\" content=\"Nuestra gama de cambiadores manuales de filtros incluye cambiadores de filtros de palanca BDL, cambiadores de filtro de trinquete BDLG, cambiadores de filtro de cartucho y de carraca BDCG.\" \/>\n<meta name=\"robots\" content=\"index, follow, max-snippet:-1, max-image-preview:large, max-video-preview:-1\" \/>\n<link rel=\"canonical\" href=\"https:\/\/www.bdplast.com\/es\/cambiador-manual-de-filtros\/\" \/>\n<meta property=\"og:locale\" content=\"es_ES\" \/>\n<meta property=\"og:type\" content=\"article\" \/>\n<meta property=\"og:title\" content=\"Cambiador manual de filtros - BD Plast\" \/>\n<meta property=\"og:description\" content=\"Nuestra gama de cambiadores manuales de filtros incluye cambiadores de filtros de palanca BDL, cambiadores de filtro de trinquete BDLG, cambiadores de filtro de cartucho y de carraca BDCG.\" \/>\n<meta property=\"og:url\" content=\"https:\/\/www.bdplast.com\/es\/cambiador-manual-de-filtros\/\" \/>\n<meta property=\"og:site_name\" content=\"BD Plast\" \/>\n<meta property=\"article:modified_time\" content=\"2025-10-10T10:09:11+00:00\" \/>\n<meta name=\"twitter:card\" content=\"summary_large_image\" \/>\n<meta name=\"twitter:label1\" content=\"Tiempo de lectura\" \/>\n\t<meta name=\"twitter:data1\" content=\"2 minutos\" \/>\n<script type=\"application\/ld+json\" class=\"yoast-schema-graph\">{\"@context\":\"https:\/\/schema.org\",\"@graph\":[{\"@type\":\"WebPage\",\"@id\":\"https:\/\/www.bdplast.com\/es\/cambiador-manual-de-filtros\/\",\"url\":\"https:\/\/www.bdplast.com\/es\/cambiador-manual-de-filtros\/\",\"name\":\"Cambiador manual de filtros - BD Plast\",\"isPartOf\":{\"@id\":\"https:\/\/www.bdplast.com\/#website\"},\"datePublished\":\"2021-03-24T16:06:11+00:00\",\"dateModified\":\"2025-10-10T10:09:11+00:00\",\"description\":\"Nuestra gama de cambiadores manuales de filtros incluye cambiadores de filtros de palanca BDL, cambiadores de filtro de trinquete BDLG, cambiadores de filtro de cartucho y de carraca BDCG.\",\"breadcrumb\":{\"@id\":\"https:\/\/www.bdplast.com\/es\/cambiador-manual-de-filtros\/#breadcrumb\"},\"inLanguage\":\"es\",\"potentialAction\":[{\"@type\":\"ReadAction\",\"target\":[\"https:\/\/www.bdplast.com\/es\/cambiador-manual-de-filtros\/\"]}]},{\"@type\":\"BreadcrumbList\",\"@id\":\"https:\/\/www.bdplast.com\/es\/cambiador-manual-de-filtros\/#breadcrumb\",\"itemListElement\":[{\"@type\":\"ListItem\",\"position\":1,\"name\":\"Home\",\"item\":\"https:\/\/www.bdplast.com\/es\/\"},{\"@type\":\"ListItem\",\"position\":2,\"name\":\"Cambiador manual de filtros\"}]},{\"@type\":\"WebSite\",\"@id\":\"https:\/\/www.bdplast.com\/#website\",\"url\":\"https:\/\/www.bdplast.com\/\",\"name\":\"BD Plast\",\"description\":\"Sistemi di filtrazione, deviazione e convoglio polimeri\",\"publisher\":{\"@id\":\"https:\/\/www.bdplast.com\/#organization\"},\"potentialAction\":[{\"@type\":\"SearchAction\",\"target\":{\"@type\":\"EntryPoint\",\"urlTemplate\":\"https:\/\/www.bdplast.com\/?s={search_term_string}\"},\"query-input\":{\"@type\":\"PropertyValueSpecification\",\"valueRequired\":true,\"valueName\":\"search_term_string\"}}],\"inLanguage\":\"es\"},{\"@type\":\"Organization\",\"@id\":\"https:\/\/www.bdplast.com\/#organization\",\"name\":\"BD Plast\",\"url\":\"https:\/\/www.bdplast.com\/\",\"logo\":{\"@type\":\"ImageObject\",\"inLanguage\":\"es\",\"@id\":\"https:\/\/www.bdplast.com\/#\/schema\/logo\/image\/\",\"url\":\"https:\/\/www.bdplast.com\/wp-content\/uploads\/2025\/06\/bdplast-logo-yoast.jpg\",\"contentUrl\":\"https:\/\/www.bdplast.com\/wp-content\/uploads\/2025\/06\/bdplast-logo-yoast.jpg\",\"width\":1200,\"height\":628,\"caption\":\"BD Plast\"},\"image\":{\"@id\":\"https:\/\/www.bdplast.com\/#\/schema\/logo\/image\/\"},\"sameAs\":[\"https:\/\/www.youtube.com\/channel\/UCd6hdte7tZc8CfN_W9KxYTA\",\"https:\/\/it.linkedin.com\/company\/bd-plast-filtering-systems-srl\"]}]}<\/script>\n<!-- \/ Yoast SEO plugin. -->","yoast_head_json":{"title":"Cambiador manual de filtros - BD Plast","description":"Nuestra gama de cambiadores manuales de filtros incluye cambiadores de filtros de palanca BDL, cambiadores de filtro de trinquete BDLG, cambiadores de filtro de cartucho y de carraca BDCG.","robots":{"index":"index","follow":"follow","max-snippet":"max-snippet:-1","max-image-preview":"max-image-preview:large","max-video-preview":"max-video-preview:-1"},"canonical":"https:\/\/www.bdplast.com\/es\/cambiador-manual-de-filtros\/","og_locale":"es_ES","og_type":"article","og_title":"Cambiador manual de filtros - BD Plast","og_description":"Nuestra gama de cambiadores manuales de filtros incluye cambiadores de filtros de palanca BDL, cambiadores de filtro de trinquete BDLG, cambiadores de filtro de cartucho y de carraca BDCG.","og_url":"https:\/\/www.bdplast.com\/es\/cambiador-manual-de-filtros\/","og_site_name":"BD Plast","article_modified_time":"2025-10-10T10:09:11+00:00","twitter_card":"summary_large_image","twitter_misc":{"Tiempo de lectura":"2 minutos"},"schema":{"@context":"https:\/\/schema.org","@graph":[{"@type":"WebPage","@id":"https:\/\/www.bdplast.com\/es\/cambiador-manual-de-filtros\/","url":"https:\/\/www.bdplast.com\/es\/cambiador-manual-de-filtros\/","name":"Cambiador manual de filtros - BD Plast","isPartOf":{"@id":"https:\/\/www.bdplast.com\/#website"},"datePublished":"2021-03-24T16:06:11+00:00","dateModified":"2025-10-10T10:09:11+00:00","description":"Nuestra gama de cambiadores manuales de filtros incluye cambiadores de filtros de palanca BDL, cambiadores de filtro de trinquete BDLG, cambiadores de filtro de cartucho y de carraca BDCG.","breadcrumb":{"@id":"https:\/\/www.bdplast.com\/es\/cambiador-manual-de-filtros\/#breadcrumb"},"inLanguage":"es","potentialAction":[{"@type":"ReadAction","target":["https:\/\/www.bdplast.com\/es\/cambiador-manual-de-filtros\/"]}]},{"@type":"BreadcrumbList","@id":"https:\/\/www.bdplast.com\/es\/cambiador-manual-de-filtros\/#breadcrumb","itemListElement":[{"@type":"ListItem","position":1,"name":"Home","item":"https:\/\/www.bdplast.com\/es\/"},{"@type":"ListItem","position":2,"name":"Cambiador manual de filtros"}]},{"@type":"WebSite","@id":"https:\/\/www.bdplast.com\/#website","url":"https:\/\/www.bdplast.com\/","name":"BD Plast","description":"Sistemi di filtrazione, deviazione e convoglio polimeri","publisher":{"@id":"https:\/\/www.bdplast.com\/#organization"},"potentialAction":[{"@type":"SearchAction","target":{"@type":"EntryPoint","urlTemplate":"https:\/\/www.bdplast.com\/?s={search_term_string}"},"query-input":{"@type":"PropertyValueSpecification","valueRequired":true,"valueName":"search_term_string"}}],"inLanguage":"es"},{"@type":"Organization","@id":"https:\/\/www.bdplast.com\/#organization","name":"BD Plast","url":"https:\/\/www.bdplast.com\/","logo":{"@type":"ImageObject","inLanguage":"es","@id":"https:\/\/www.bdplast.com\/#\/schema\/logo\/image\/","url":"https:\/\/www.bdplast.com\/wp-content\/uploads\/2025\/06\/bdplast-logo-yoast.jpg","contentUrl":"https:\/\/www.bdplast.com\/wp-content\/uploads\/2025\/06\/bdplast-logo-yoast.jpg","width":1200,"height":628,"caption":"BD Plast"},"image":{"@id":"https:\/\/www.bdplast.com\/#\/schema\/logo\/image\/"},"sameAs":["https:\/\/www.youtube.com\/channel\/UCd6hdte7tZc8CfN_W9KxYTA","https:\/\/it.linkedin.com\/company\/bd-plast-filtering-systems-srl"]}]}},"rttpg_featured_image_url":null,"rttpg_author":{"display_name":"studiochiesa","author_link":"https:\/\/www.bdplast.com\/es\/author\/studiochiesa\/"},"rttpg_comment":0,"rttpg_category":" <a href=\"https:\/\/www.bdplast.com\/es\/?taxonomy=translation_priority&#038;term=opcional\" rel=\"tag\">Opcional<\/a>","rttpg_excerpt":"[vc_row full_width=\u00bbstretch_row\u00bb css=\u00bb.vc_custom_1617876250013{background-image: url(https:\/\/www.bdplast.com\/wp-content\/uploads\/2021\/03\/cambiafiltri_manuali_manual_screen_changers_BDL_cover.jpg?id=14421) !important;background-position: center !important;background-repeat: no-repeat !important;background-size: cover !important;}\u00bb ...","_links":{"self":[{"href":"https:\/\/www.bdplast.com\/es\/wp-json\/wp\/v2\/pages\/15348","targetHints":{"allow":["GET"]}}],"collection":[{"href":"https:\/\/www.bdplast.com\/es\/wp-json\/wp\/v2\/pages"}],"about":[{"href":"https:\/\/www.bdplast.com\/es\/wp-json\/wp\/v2\/types\/page"}],"author":[{"embeddable":true,"href":"https:\/\/www.bdplast.com\/es\/wp-json\/wp\/v2\/users\/1"}],"replies":[{"embeddable":true,"href":"https:\/\/www.bdplast.com\/es\/wp-json\/wp\/v2\/comments?post=15348"}],"version-history":[{"count":6,"href":"https:\/\/www.bdplast.com\/es\/wp-json\/wp\/v2\/pages\/15348\/revisions"}],"predecessor-version":[{"id":21118,"href":"https:\/\/www.bdplast.com\/es\/wp-json\/wp\/v2\/pages\/15348\/revisions\/21118"}],"wp:attachment":[{"href":"https:\/\/www.bdplast.com\/es\/wp-json\/wp\/v2\/media?parent=15348"}],"curies":[{"name":"wp","href":"https:\/\/api.w.org\/{rel}","templated":true}]}}