{"id":15369,"date":"2021-03-24T12:29:11","date_gmt":"2021-03-24T11:29:11","guid":{"rendered":"https:\/\/www.bdplast.com\/chi-siamo\/"},"modified":"2021-07-14T14:25:55","modified_gmt":"2021-07-14T12:25:55","slug":"quienes-somos","status":"publish","type":"page","link":"https:\/\/www.bdplast.com\/es\/quienes-somos\/","title":{"rendered":"Qui\u00e9nes somos"},"content":{"rendered":"<div class=\"wpb-content-wrapper\"><p>[vc_row full_width=\u00bbstretch_row_content_no_spaces\u00bb video_bg=\u00bbyes\u00bb video_bg_url=\u00bbhttps:\/\/www.bdplast.com\/video_home\/uniti.mp4&#8243;][vc_column]\n\t\t\t<!-- START home REVOLUTION SLIDER 6.7.20 --><p class=\"rs-p-wp-fix\"><\/p>\n\t\t\t<rs-module-wrap id=\"rev_slider_1_1_wrapper\" data-source=\"gallery\" style=\"visibility:hidden;background:transparent;padding:0;margin:0px auto;margin-top:0;margin-bottom:0;\">\n\t\t\t\t<rs-module id=\"rev_slider_1_1\" style=\"\" data-version=\"6.7.20\">\n\t\t\t\t\t<rs-slides style=\"overflow: hidden; position: absolute;\">\n\t\t\t\t\t\t<rs-slide style=\"position: absolute;\" data-key=\"rs-9\" data-title=\"Slide\" data-anim=\"ms:1000;r:0;\" data-in=\"o:0;\" data-out=\"a:false;\">\n\t\t\t\t\t\t\t<img decoding=\"async\" src=\"\/\/www.bdplast.com\/wp-content\/plugins\/revslider\/sr6\/assets\/assets\/dummy.png\" alt=\"\" title=\"Qui\u00e9nes somos\" class=\"rev-slidebg tp-rs-img rs-lazyload\" data-lazyload=\"\/\/www.bdplast.com\/wp-content\/plugins\/revslider\/sr6\/assets\/assets\/transparent.png\" data-no-retina>\n\t\t\t\t\t\t\t<rs-bgvideo \n\t\t\t\t\t\t\t\tdata-video=\"vc:none;w:100%;h:100%;nse:false;l:true;ptimer:false;\"\n\t\t\t\t\t\t\t\tdata-vimeoid=\"551884298\"\n\t\t\t\t\t\t\t\tdata-vatr=\"background=1&amp;title=0&amp;byline=0&amp;portrait=0&amp;api=1\"\n\t\t\t\t\t\t\t><\/rs-bgvideo>\n<!---->\t\t\t\t\t<\/rs-slide>\n\t\t\t\t\t<\/rs-slides>\n\t\t\t\t<\/rs-module>\n\t\t\t\t<script>\n\t\t\t\t\tsetREVStartSize({c: 'rev_slider_1_1',rl:[1240,1024,778,480],el:[500],gw:[1240],gh:[500],type:'standard',justify:'',layout:'fullwidth',mh:\"0\"});if (window.RS_MODULES!==undefined && window.RS_MODULES.modules!==undefined && window.RS_MODULES.modules[\"revslider11\"]!==undefined) {window.RS_MODULES.modules[\"revslider11\"].once = false;window.revapi1 = undefined;if (window.RS_MODULES.checkMinimal!==undefined) window.RS_MODULES.checkMinimal()}\n\t\t\t\t<\/script>\n\t\t\t<\/rs-module-wrap>\n\t\t\t<!-- END REVOLUTION SLIDER -->\n[\/vc_column][\/vc_row][vc_row full_width=\u00bbstretch_row\u00bb css=\u00bb.vc_custom_1616752300475{padding-top: 2em !important;padding-bottom: 2em !important;}\u00bb][vc_column][vc_row_inner equal_height=\u00bbyes\u00bb content_placement=\u00bbmiddle\u00bb][vc_column_inner][vc_column_text]En 1986 nace, de la pasi\u00f3n de una familia, BDPLAST, una<strong> empresa familiar<\/strong> dedicada a la producci\u00f3n y venta de cambiadores de filtros para l\u00edneas de extrusi\u00f3n de pl\u00e1stico. En los primeros a\u00f1os, la empresa consolid\u00f3 su posici\u00f3n en Italia, segura de poder competir gracias a dos caracter\u00edsticas sencillas pero indispensables: la flexibilidad y la capacidad de personalizar los productos. Dise\u00f1ar y producir internamente para abastecer el mercado con piezas \u00fanicas, cumpliendo los requisitos m\u00e1s exigentes: esta es la apuesta que llev\u00f3 a BDPLAST a un crecimiento exponencial, pasando de ser una peque\u00f1a empresa italiana a un proveedor estrat\u00e9gico de importantes fabricantes en Alemania y, desde el a\u00f1o 2000, en Europa, Canad\u00e1 y Estados Unidos. La empresa, que ha pasado por retos y cambios, actualmente est\u00e1 dirigida por la segunda generaci\u00f3n, con una combinaci\u00f3n de tradici\u00f3n e innovaci\u00f3n, experiencia y tecnolog\u00eda, conocimientos t\u00e9cnicos e informatizaci\u00f3n.[\/vc_column_text][\/vc_column_inner][\/vc_row_inner][\/vc_column][\/vc_row][vc_row full_width=\u00bbstretch_row\u00bb css_animation=\u00bbnone\u00bb css=\u00bb.vc_custom_1616600463190{padding-top: 2em !important;padding-bottom: 4em !important;background-image: url(https:\/\/www.bdplast.com\/wp-content\/uploads\/2021\/03\/texture_about-3.jpg?id=13924) !important;background-position: 0 0 !important;background-repeat: no-repeat;background-position: center bottom !important;}\u00bb el_id=\u00bbaboutus\u00bb][vc_column offset=\u00bbvc_col-md-12 vc_hidden-md vc_hidden-sm vc_col-xs-12 vc_hidden-xs\u00bb][vc_row_inner equal_height=\u00bbyes\u00bb content_placement=\u00bbmiddle\u00bb css=\u00bb.vc_custom_1616595973042{margin-bottom: 2em !important;}\u00bb][vc_column_inner width=\u00bb1\/2&#8243;][vc_column_text]Durante m\u00e1s de 25 a\u00f1os, hemos mantenido un gran entusiasmo por las ideas y las soluciones: nuevas l\u00edneas de productos, como adaptadores, codos y cuellos de extrusi\u00f3n, que recientemente han pasado a formar parte de la gama BD PLAST, asociaciones y colaboraciones internacionales, tambi\u00e9n con la competencia, calidad de servicio como valor a\u00f1adido para la satisfacci\u00f3n del cliente. BDPLAST sigue mostrando su capacidad de renovaci\u00f3n, no solo en sus productos, sino tambi\u00e9n en la valent\u00eda de las acciones emprendidas para responder a los retos m\u00e1s dif\u00edciles del sector y el mercado. Hoy, BDPLAST se enorgullece de contar con un equipo de casi 40 personas, que creen firmemente en la especificidad de sus funciones y habilidades, en el valor de la originalidad y las actitudes de cada una como una importante contribuci\u00f3n a una empresa en crecimiento y evoluci\u00f3n.[\/vc_column_text][\/vc_column_inner][vc_column_inner width=\u00bb1\/2&#8243;]<figure class=\"effect-hover  effect-ruby ratiooriginal  vckit_custom_class_1060aca80878653  vckit-lazyload\">\n  <a href=\"#\" >\n    <img data-src=\"https:\/\/www.bdplast.com\/wp-content\/uploads\/2021\/05\/who-1.jpg\" alt=\"QUI\u00c9N \"\/>\n    <figcaption>\n      <div class=\"effect-caption\">\n        <h2>QUI\u00c9N <span><\/span><\/h2>\n        <p class=\"description\">\n          &nbsp;        <\/p>\n      <\/div>\n    <\/figcaption>\n  <\/a>\n<\/figure>\n[\/vc_column_inner][\/vc_row_inner][vc_row_inner equal_height=\u00bbyes\u00bb content_placement=\u00bbmiddle\u00bb css=\u00bb.vc_custom_1616595967264{margin-bottom: 2em !important;}\u00bb][vc_column_inner width=\u00bb1\/2&#8243;]<figure class=\"effect-hover  effect-ruby ratiooriginal  vckit_custom_class_1060aca81586c53  vckit-lazyload\">\n  <a href=\"#\" >\n    <img data-src=\"https:\/\/www.bdplast.com\/wp-content\/uploads\/2021\/05\/what.jpg\" alt=\"QU\u00c9 \"\/>\n    <figcaption>\n      <div class=\"effect-caption\">\n        <h2>QU\u00c9 <span><\/span><\/h2>\n        <p class=\"description\">\n          &nbsp;        <\/p>\n      <\/div>\n    <\/figcaption>\n  <\/a>\n<\/figure>\n[\/vc_column_inner][vc_column_inner width=\u00bb1\/2&#8243;][vc_column_text]Una l\u00ednea completa, fiable y de alt\u00edsima calidad de cambiadores de filtros, garantizada por la gesti\u00f3n interna de todo el proceso, desde el dise\u00f1o de la m\u00e1quina hasta el montaje en las instalaciones del cliente. Paquetes de extrusi\u00f3n, unidades de filtrado est\u00e1ticas y accesorios que pueden integrarse en cualquier tipo de sistema. Sistemas de filtrado flexibles y personalizados, a veces dise\u00f1ados ad hoc seg\u00fan las necesidades del cliente para maximizar su utilidad. Una gama de productos en constante evoluci\u00f3n, la investigaci\u00f3n continua para el desarrollo de soluciones innovadoras y la mejora continua de las actuales soluciones. Mantenimiento y servicio postventa que siempre garantiza un trabajo de calidad, a la altura de los productos comercializados, siempre junto al cliente.[\/vc_column_text][\/vc_column_inner][\/vc_row_inner][vc_row_inner equal_height=\u00bbyes\u00bb content_placement=\u00bbmiddle\u00bb css=\u00bb.vc_custom_1616595980253{margin-bottom: 2em !important;}\u00bb][vc_column_inner width=\u00bb1\/2&#8243;][vc_column_text]Utilizamos los recursos inform\u00e1ticos m\u00e1s modernos y sistemas de dise\u00f1o integrados en CAD-CAM con un departamento de producci\u00f3n avanzado. Contamos con la experiencia y el car\u00e1cter de quienes conocen el sector y est\u00e1n consolidados en la solidez de una empresa que ha construido y establecido su singularidad en el mercado a lo largo de los a\u00f1os. Somos \u201csocios de la extrusi\u00f3n\u201d, capaces de observar todo el proceso de extrusi\u00f3n, de entender sus problemas y necesidades, de experimentar nuevas respuestas, modeladas en diferentes sistemas y realidades. Reaccionamos en tiempo real, garantizando la rapidez a todos los niveles de intervenci\u00f3n, desde la oferta econ\u00f3mica, pasando por el reparto de proyectos, hasta la asistencia posventa.[\/vc_column_text][\/vc_column_inner][vc_column_inner width=\u00bb1\/2&#8243;]<figure class=\"effect-hover  effect-ruby ratiooriginal  vckit_custom_class_960aca81c3338c  vckit-lazyload\">\n  <a href=\"#\" >\n    <img data-src=\"https:\/\/www.bdplast.com\/wp-content\/uploads\/2021\/05\/how.jpg\" alt=\"C\u00d3MO \"\/>\n    <figcaption>\n      <div class=\"effect-caption\">\n        <h2>C\u00d3MO <span><\/span><\/h2>\n        <p class=\"description\">\n          &nbsp;        <\/p>\n      <\/div>\n    <\/figcaption>\n  <\/a>\n<\/figure>\n[\/vc_column_inner][\/vc_row_inner][vc_row_inner equal_height=\u00bbyes\u00bb content_placement=\u00bbmiddle\u00bb][vc_column_inner width=\u00bb1\/2&#8243;]<figure class=\"effect-hover  effect-ruby ratiooriginal  vckit_custom_class_960aca8292860a  vckit-lazyload\">\n  <a href=\"#\" >\n    <img data-src=\"https:\/\/www.bdplast.com\/wp-content\/uploads\/2021\/05\/where.jpg\" alt=\"D\u00d3NDE \"\/>\n    <figcaption>\n      <div class=\"effect-caption\">\n        <h2>D\u00d3NDE <span><\/span><\/h2>\n        <p class=\"description\">\n          &nbsp;        <\/p>\n      <\/div>\n    <\/figcaption>\n  <\/a>\n<\/figure>\n[\/vc_column_inner][vc_column_inner width=\u00bb1\/2&#8243;][vc_column_text]Somos una empresa con <strong>vocaci\u00f3n internacional<\/strong>, gracias a una <strong>amplia<\/strong> red comercial en constante crecimiento.[\/vc_column_text][vc_empty_space height=\u00bb2em\u00bb]<div class=\"\"><div class=\"cz_93719_p\"><a id=\"cz_93719\" class=\"cz_93719 cz_btn cz_btn_txt_no_fx cz_btn_no_fx cz_mobile_btn_center\" href=\"https:\/\/www.bdplast.com\/mappa_contatti\/map.html\" target=\"_blank\"><span><strong>ENCONTRAR NUESTROS AGENTES<\/strong><\/span><b class=\"cz_btn_onhover\"><strong>ENCONTRAR NUESTROS AGENTES<\/strong><\/b><\/a><\/div><\/div>[\/vc_column_inner][\/vc_row_inner][\/vc_column][\/vc_row][vc_row full_width=\u00bbstretch_row\u00bb css_animation=\u00bbnone\u00bb css=\u00bb.vc_custom_1622794096966{padding-top: 2em !important;padding-bottom: 1em !important;background-color: #e9e7dd !important;background-position: 0 0 !important;background-repeat: no-repeat !important;}\u00bb el_id=\u00bbaboutusm\u00bb][vc_column offset=\u00bbvc_hidden-lg vc_col-md-12 vc_col-xs-12&#8243;][vc_row_inner equal_height=\u00bbyes\u00bb content_placement=\u00bbmiddle\u00bb css=\u00bb.vc_custom_1616595973042{margin-bottom: 2em !important;}\u00bb][vc_column_inner width=\u00bb1\/2&#8243;][vc_single_image image=\u00bb17049&#8243; img_size=\u00bbfull\u00bb][\/vc_column_inner][vc_column_inner width=\u00bb1\/2&#8243;][vc_column_text]Durante m\u00e1s de 25 a\u00f1os, hemos mantenido un gran entusiasmo por las ideas y las soluciones: nuevas l\u00edneas de productos, como adaptadores, codos y cuellos de extrusi\u00f3n, que recientemente han pasado a formar parte de la gama BD PLAST, asociaciones y colaboraciones internacionales, tambi\u00e9n con la competencia, calidad de servicio como valor a\u00f1adido para la satisfacci\u00f3n del cliente. BDPLAST sigue mostrando su capacidad de renovaci\u00f3n, no solo en sus productos, sino tambi\u00e9n en la valent\u00eda de las acciones emprendidas para responder a los retos m\u00e1s dif\u00edciles del sector y el mercado. Hoy, BDPLAST se enorgullece de contar con un equipo de casi 40 personas, que creen firmemente en la especificidad de sus funciones y habilidades, en el valor de la originalidad y las actitudes de cada una como una importante contribuci\u00f3n a una empresa en crecimiento y evoluci\u00f3n.[\/vc_column_text][\/vc_column_inner][\/vc_row_inner][\/vc_column][\/vc_row][vc_row full_width=\u00bbstretch_row\u00bb css_animation=\u00bbnone\u00bb css=\u00bb.vc_custom_1622794477682{padding-bottom: 1em !important;background-color: #e9e7dd !important;background-position: 0 0 !important;background-repeat: no-repeat !important;}\u00bb el_id=\u00bbaboutusm\u00bb][vc_column offset=\u00bbvc_hidden-lg vc_col-md-12 vc_col-xs-12&#8243;][vc_row_inner equal_height=\u00bbyes\u00bb content_placement=\u00bbmiddle\u00bb css=\u00bb.vc_custom_1616595967264{margin-bottom: 2em !important;}\u00bb][vc_column_inner width=\u00bb1\/2&#8243;][vc_single_image image=\u00bb17046&#8243; img_size=\u00bbfull\u00bb][\/vc_column_inner][vc_column_inner width=\u00bb1\/2&#8243;][vc_column_text]Una l\u00ednea completa, fiable y de alt\u00edsima calidad de cambiadores de filtros, garantizada por la gesti\u00f3n interna de todo el proceso, desde el dise\u00f1o de la m\u00e1quina hasta el montaje en las instalaciones del cliente. Paquetes de extrusi\u00f3n, unidades de filtrado est\u00e1ticas y accesorios que pueden integrarse en cualquier tipo de sistema. Sistemas de filtrado flexibles y personalizados, a veces dise\u00f1ados ad hoc seg\u00fan las necesidades del cliente para maximizar su utilidad. Una gama de productos en constante evoluci\u00f3n, la investigaci\u00f3n continua para el desarrollo de soluciones innovadoras y la mejora continua de las actuales soluciones. Mantenimiento y servicio postventa que siempre garantiza un trabajo de calidad, a la altura de los productos comercializados, siempre junto al cliente.[\/vc_column_text][\/vc_column_inner][\/vc_row_inner][\/vc_column][\/vc_row][vc_row full_width=\u00bbstretch_row\u00bb css_animation=\u00bbnone\u00bb css=\u00bb.vc_custom_1622794481099{padding-bottom: 1em !important;background-color: #e9e7dd !important;background-position: 0 0 !important;background-repeat: no-repeat !important;}\u00bb el_id=\u00bbaboutusm\u00bb][vc_column offset=\u00bbvc_hidden-lg vc_col-md-12 vc_col-xs-12&#8243;][vc_row_inner equal_height=\u00bbyes\u00bb content_placement=\u00bbmiddle\u00bb css=\u00bb.vc_custom_1616595980253{margin-bottom: 2em !important;}\u00bb][vc_column_inner width=\u00bb1\/2&#8243;][vc_single_image image=\u00bb17047&#8243; img_size=\u00bbfull\u00bb][\/vc_column_inner][vc_column_inner width=\u00bb1\/2&#8243;][vc_column_text]Utilizamos los recursos inform\u00e1ticos m\u00e1s modernos y sistemas de dise\u00f1o integrados en CAD-CAM con un departamento de producci\u00f3n avanzado. Contamos con la experiencia y el car\u00e1cter de quienes conocen el sector y est\u00e1n consolidados en la solidez de una empresa que ha construido y establecido su singularidad en el mercado a lo largo de los a\u00f1os. Somos \u201csocios de la extrusi\u00f3n\u201d, capaces de observar todo el proceso de extrusi\u00f3n, de entender sus problemas y necesidades, de experimentar nuevas respuestas, modeladas en diferentes sistemas y realidades. Reaccionamos en tiempo real, garantizando la rapidez a todos los niveles de intervenci\u00f3n, desde la oferta econ\u00f3mica, pasando por el reparto de proyectos, hasta la asistencia posventa.[\/vc_column_text][\/vc_column_inner][\/vc_row_inner][\/vc_column][\/vc_row][vc_row full_width=\u00bbstretch_row\u00bb css_animation=\u00bbnone\u00bb css=\u00bb.vc_custom_1622794486825{padding-bottom: 4em !important;background-image: url(https:\/\/www.bdplast.com\/wp-content\/uploads\/2021\/03\/texture_about-3.jpg?id=13924) !important;background-position: center !important;background-repeat: no-repeat !important;background-size: cover !important;}\u00bb el_id=\u00bbaboutusm\u00bb][vc_column offset=\u00bbvc_hidden-lg vc_col-md-12 vc_col-xs-12&#8243;][vc_row_inner equal_height=\u00bbyes\u00bb content_placement=\u00bbmiddle\u00bb][vc_column_inner width=\u00bb1\/2&#8243;][vc_single_image image=\u00bb17048&#8243; img_size=\u00bbfull\u00bb][\/vc_column_inner][vc_column_inner width=\u00bb1\/2&#8243;][vc_column_text]Somos una empresa con <strong>vocaci\u00f3n internacional<\/strong>, gracias a una <strong>amplia<\/strong> red comercial en constante crecimiento.[\/vc_column_text][vc_empty_space height=\u00bb2em\u00bb]<div class=\"\"><div class=\"cz_93719_p\"><a id=\"cz_93719\" class=\"cz_93719 cz_btn cz_btn_txt_no_fx cz_btn_no_fx cz_mobile_btn_center\" href=\"https:\/\/www.bdplast.com\/mappa_contatti\/map.html\" target=\"_blank\"><span><strong>ENCONTRAR NUESTROS AGENTES<\/strong><\/span><b class=\"cz_btn_onhover\"><strong>ENCONTRAR NUESTROS AGENTES<\/strong><\/b><\/a><\/div><\/div>[\/vc_column_inner][\/vc_row_inner][\/vc_column][\/vc_row]<\/p>\n<\/div>","protected":false},"excerpt":{"rendered":"<p>[vc_row full_width=\u00bbstretch_row_content_no_spaces\u00bb video_bg=\u00bbyes\u00bb video_bg_url=\u00bbhttps:\/\/www.bdplast.com\/video_home\/uniti.mp4&#8243;][vc_column][\/vc_column][\/vc_row][vc_row full_width=\u00bbstretch_row\u00bb css=\u00bb.vc_custom_1616752300475{padding-top: 2em !important;padding-bottom: 2em !important;}\u00bb][vc_column][vc_row_inner equal_height=\u00bbyes\u00bb &#8230; <\/p>\n","protected":false},"author":1,"featured_media":0,"parent":0,"menu_order":0,"comment_status":"closed","ping_status":"closed","template":"","meta":{"footnotes":"","_links_to":"","_links_to_target":""},"class_list":["post-15369","page","type-page","status-publish","hentry"],"yoast_head":"<!-- This site is optimized with the Yoast SEO plugin v26.8 - https:\/\/yoast.com\/product\/yoast-seo-wordpress\/ -->\n<title>Qui\u00e9nes somos - BD Plast<\/title>\n<meta name=\"robots\" content=\"index, follow, max-snippet:-1, max-image-preview:large, max-video-preview:-1\" \/>\n<link rel=\"canonical\" href=\"https:\/\/www.bdplast.com\/chi-siamo\/\" \/>\n<meta property=\"og:locale\" content=\"es_ES\" \/>\n<meta property=\"og:type\" content=\"article\" \/>\n<meta property=\"og:title\" content=\"Qui\u00e9nes somos - BD Plast\" \/>\n<meta property=\"og:description\" content=\"[vc_row full_width=\u00bbstretch_row_content_no_spaces\u00bb video_bg=\u00bbyes\u00bb video_bg_url=\u00bbhttps:\/\/www.bdplast.com\/video_home\/uniti.mp4&#8243;][vc_column][\/vc_column][\/vc_row][vc_row full_width=\u00bbstretch_row\u00bb css=\u00bb.vc_custom_1616752300475{padding-top: 2em !important;padding-bottom: 2em !important;}\u00bb][vc_column][vc_row_inner equal_height=\u00bbyes\u00bb ...\" \/>\n<meta property=\"og:url\" content=\"https:\/\/www.bdplast.com\/chi-siamo\/\" \/>\n<meta property=\"og:site_name\" content=\"BD Plast\" \/>\n<meta property=\"article:modified_time\" content=\"2021-07-14T12:25:55+00:00\" \/>\n<meta name=\"twitter:card\" content=\"summary_large_image\" \/>\n<meta name=\"twitter:label1\" content=\"Tiempo de lectura\" \/>\n\t<meta name=\"twitter:data1\" content=\"5 minutos\" \/>\n<script type=\"application\/ld+json\" class=\"yoast-schema-graph\">{\"@context\":\"https:\/\/schema.org\",\"@graph\":[{\"@type\":\"WebPage\",\"@id\":\"https:\/\/www.bdplast.com\/chi-siamo\/\",\"url\":\"https:\/\/www.bdplast.com\/chi-siamo\/\",\"name\":\"Qui\u00e9nes somos - BD Plast\",\"isPartOf\":{\"@id\":\"https:\/\/www.bdplast.com\/#website\"},\"datePublished\":\"2021-03-24T11:29:11+00:00\",\"dateModified\":\"2021-07-14T12:25:55+00:00\",\"breadcrumb\":{\"@id\":\"https:\/\/www.bdplast.com\/chi-siamo\/#breadcrumb\"},\"inLanguage\":\"es\",\"potentialAction\":[{\"@type\":\"ReadAction\",\"target\":[\"https:\/\/www.bdplast.com\/chi-siamo\/\"]}]},{\"@type\":\"BreadcrumbList\",\"@id\":\"https:\/\/www.bdplast.com\/chi-siamo\/#breadcrumb\",\"itemListElement\":[{\"@type\":\"ListItem\",\"position\":1,\"name\":\"Home\",\"item\":\"https:\/\/www.bdplast.com\/es\/\"},{\"@type\":\"ListItem\",\"position\":2,\"name\":\"Qui\u00e9nes somos\"}]},{\"@type\":\"WebSite\",\"@id\":\"https:\/\/www.bdplast.com\/#website\",\"url\":\"https:\/\/www.bdplast.com\/\",\"name\":\"BD Plast\",\"description\":\"Sistemi di filtrazione, deviazione e convoglio polimeri\",\"publisher\":{\"@id\":\"https:\/\/www.bdplast.com\/#organization\"},\"potentialAction\":[{\"@type\":\"SearchAction\",\"target\":{\"@type\":\"EntryPoint\",\"urlTemplate\":\"https:\/\/www.bdplast.com\/?s={search_term_string}\"},\"query-input\":{\"@type\":\"PropertyValueSpecification\",\"valueRequired\":true,\"valueName\":\"search_term_string\"}}],\"inLanguage\":\"es\"},{\"@type\":\"Organization\",\"@id\":\"https:\/\/www.bdplast.com\/#organization\",\"name\":\"BD Plast\",\"url\":\"https:\/\/www.bdplast.com\/\",\"logo\":{\"@type\":\"ImageObject\",\"inLanguage\":\"es\",\"@id\":\"https:\/\/www.bdplast.com\/#\/schema\/logo\/image\/\",\"url\":\"https:\/\/www.bdplast.com\/wp-content\/uploads\/2025\/06\/bdplast-logo-yoast.jpg\",\"contentUrl\":\"https:\/\/www.bdplast.com\/wp-content\/uploads\/2025\/06\/bdplast-logo-yoast.jpg\",\"width\":1200,\"height\":628,\"caption\":\"BD Plast\"},\"image\":{\"@id\":\"https:\/\/www.bdplast.com\/#\/schema\/logo\/image\/\"},\"sameAs\":[\"https:\/\/www.youtube.com\/channel\/UCd6hdte7tZc8CfN_W9KxYTA\",\"https:\/\/it.linkedin.com\/company\/bd-plast-filtering-systems-srl\"]}]}<\/script>\n<!-- \/ Yoast SEO plugin. -->","yoast_head_json":{"title":"Qui\u00e9nes somos - BD Plast","robots":{"index":"index","follow":"follow","max-snippet":"max-snippet:-1","max-image-preview":"max-image-preview:large","max-video-preview":"max-video-preview:-1"},"canonical":"https:\/\/www.bdplast.com\/chi-siamo\/","og_locale":"es_ES","og_type":"article","og_title":"Qui\u00e9nes somos - BD Plast","og_description":"[vc_row full_width=\u00bbstretch_row_content_no_spaces\u00bb video_bg=\u00bbyes\u00bb video_bg_url=\u00bbhttps:\/\/www.bdplast.com\/video_home\/uniti.mp4&#8243;][vc_column][\/vc_column][\/vc_row][vc_row full_width=\u00bbstretch_row\u00bb css=\u00bb.vc_custom_1616752300475{padding-top: 2em !important;padding-bottom: 2em !important;}\u00bb][vc_column][vc_row_inner equal_height=\u00bbyes\u00bb ...","og_url":"https:\/\/www.bdplast.com\/chi-siamo\/","og_site_name":"BD Plast","article_modified_time":"2021-07-14T12:25:55+00:00","twitter_card":"summary_large_image","twitter_misc":{"Tiempo de lectura":"5 minutos"},"schema":{"@context":"https:\/\/schema.org","@graph":[{"@type":"WebPage","@id":"https:\/\/www.bdplast.com\/chi-siamo\/","url":"https:\/\/www.bdplast.com\/chi-siamo\/","name":"Qui\u00e9nes somos - BD Plast","isPartOf":{"@id":"https:\/\/www.bdplast.com\/#website"},"datePublished":"2021-03-24T11:29:11+00:00","dateModified":"2021-07-14T12:25:55+00:00","breadcrumb":{"@id":"https:\/\/www.bdplast.com\/chi-siamo\/#breadcrumb"},"inLanguage":"es","potentialAction":[{"@type":"ReadAction","target":["https:\/\/www.bdplast.com\/chi-siamo\/"]}]},{"@type":"BreadcrumbList","@id":"https:\/\/www.bdplast.com\/chi-siamo\/#breadcrumb","itemListElement":[{"@type":"ListItem","position":1,"name":"Home","item":"https:\/\/www.bdplast.com\/es\/"},{"@type":"ListItem","position":2,"name":"Qui\u00e9nes somos"}]},{"@type":"WebSite","@id":"https:\/\/www.bdplast.com\/#website","url":"https:\/\/www.bdplast.com\/","name":"BD Plast","description":"Sistemi di filtrazione, deviazione e convoglio polimeri","publisher":{"@id":"https:\/\/www.bdplast.com\/#organization"},"potentialAction":[{"@type":"SearchAction","target":{"@type":"EntryPoint","urlTemplate":"https:\/\/www.bdplast.com\/?s={search_term_string}"},"query-input":{"@type":"PropertyValueSpecification","valueRequired":true,"valueName":"search_term_string"}}],"inLanguage":"es"},{"@type":"Organization","@id":"https:\/\/www.bdplast.com\/#organization","name":"BD Plast","url":"https:\/\/www.bdplast.com\/","logo":{"@type":"ImageObject","inLanguage":"es","@id":"https:\/\/www.bdplast.com\/#\/schema\/logo\/image\/","url":"https:\/\/www.bdplast.com\/wp-content\/uploads\/2025\/06\/bdplast-logo-yoast.jpg","contentUrl":"https:\/\/www.bdplast.com\/wp-content\/uploads\/2025\/06\/bdplast-logo-yoast.jpg","width":1200,"height":628,"caption":"BD Plast"},"image":{"@id":"https:\/\/www.bdplast.com\/#\/schema\/logo\/image\/"},"sameAs":["https:\/\/www.youtube.com\/channel\/UCd6hdte7tZc8CfN_W9KxYTA","https:\/\/it.linkedin.com\/company\/bd-plast-filtering-systems-srl"]}]}},"rttpg_featured_image_url":null,"rttpg_author":{"display_name":"studiochiesa","author_link":"https:\/\/www.bdplast.com\/es\/author\/studiochiesa\/"},"rttpg_comment":0,"rttpg_category":" <a href=\"https:\/\/www.bdplast.com\/es\/?taxonomy=translation_priority&#038;term=opcional\" rel=\"tag\">Opcional<\/a>","rttpg_excerpt":"[vc_row full_width=\u00bbstretch_row_content_no_spaces\u00bb video_bg=\u00bbyes\u00bb video_bg_url=\u00bbhttps:\/\/www.bdplast.com\/video_home\/uniti.mp4&#8243;][vc_column][\/vc_column][\/vc_row][vc_row full_width=\u00bbstretch_row\u00bb css=\u00bb.vc_custom_1616752300475{padding-top: 2em !important;padding-bottom: 2em !important;}\u00bb][vc_column][vc_row_inner equal_height=\u00bbyes\u00bb ...","_links":{"self":[{"href":"https:\/\/www.bdplast.com\/es\/wp-json\/wp\/v2\/pages\/15369","targetHints":{"allow":["GET"]}}],"collection":[{"href":"https:\/\/www.bdplast.com\/es\/wp-json\/wp\/v2\/pages"}],"about":[{"href":"https:\/\/www.bdplast.com\/es\/wp-json\/wp\/v2\/types\/page"}],"author":[{"embeddable":true,"href":"https:\/\/www.bdplast.com\/es\/wp-json\/wp\/v2\/users\/1"}],"replies":[{"embeddable":true,"href":"https:\/\/www.bdplast.com\/es\/wp-json\/wp\/v2\/comments?post=15369"}],"version-history":[{"count":5,"href":"https:\/\/www.bdplast.com\/es\/wp-json\/wp\/v2\/pages\/15369\/revisions"}],"predecessor-version":[{"id":17543,"href":"https:\/\/www.bdplast.com\/es\/wp-json\/wp\/v2\/pages\/15369\/revisions\/17543"}],"wp:attachment":[{"href":"https:\/\/www.bdplast.com\/es\/wp-json\/wp\/v2\/media?parent=15369"}],"curies":[{"name":"wp","href":"https:\/\/api.w.org\/{rel}","templated":true}]}}