{"id":16393,"date":"2021-05-25T09:44:07","date_gmt":"2021-05-25T07:44:07","guid":{"rendered":"https:\/\/www.bdplast.com\/?page_id=16393"},"modified":"2025-10-10T17:12:41","modified_gmt":"2025-10-10T15:12:41","slug":"filtro-para-calandra-bdgs","status":"publish","type":"page","link":"https:\/\/www.bdplast.com\/es\/filtro-para-calandra-bdgs\/","title":{"rendered":"Filtro para calandra BDGS"},"content":{"rendered":"<div class=\"wpb-content-wrapper\"><p>[vc_row full_width=\u00bbstretch_row\u00bb css=\u00bb.vc_custom_1760109154137{background-image: url(https:\/\/www.bdplast.com\/wp-content\/uploads\/2021\/05\/accessori_accessories_BDGS_cover.jpg?id=17066) !important;background-position: center !important;background-repeat: no-repeat !important;background-size: cover !important;}\u00bb el_class=\u00bbwhite_text\u00bb el_id=\u00bbhead_prodotto\u00bb][vc_column][\/vc_column][\/vc_row][vc_row full_width=\u00bbstretch_row\u00bb css=\u00bb.vc_custom_1616665112965{padding-top: 2em !important;padding-bottom: 2em !important;background-color: #ec6608 !important;}\u00bb el_class=\u00bbwhite_text\u00bb][vc_column][vc_row_inner equal_height=\u00bbyes\u00bb content_placement=\u00bbmiddle\u00bb][vc_column_inner][vc_column_text css=\u00bb\u00bb]<\/p>\n<h1>Filtro para calandra BDGS<\/h1>\n<p>[\/vc_column_text][\/vc_column_inner][\/vc_row_inner][\/vc_column][\/vc_row][vc_row css=\u00bb.vc_custom_1616673282130{padding-top: 4em !important;padding-bottom: 4em !important;}\u00bb el_id=\u00bbscheda_prodotto_intro\u00bb][vc_column][vc_column_text css=\u00bb\u00bb]<\/p>\n<h2>Tecnolog\u00eda de filtraci\u00f3n alterna para l\u00edneas de calandrado<\/h2>\n<p>[\/vc_column_text][vc_column_text css=\u00bb\u00bb]El <strong>sistema BDGS<\/strong> est\u00e1 dise\u00f1ado para garantizar la <strong>m\u00e1xima eficiencia<\/strong> y un <strong>mantenimiento r\u00e1pido<\/strong> en los procesos de calandrado, proporcionando una <strong>filtraci\u00f3n fiable y segura<\/strong> incluso en condiciones de funcionamiento particularmente exigentes. La <strong>tecnolog\u00eda de filtraci\u00f3n alterna<\/strong> permite mantener la productividad minimizando al mismo tiempo los tiempos de inactividad, mientras que la <strong>mordaza de sujeci\u00f3n hidr\u00e1ulica<\/strong> asegura estabilidad y seguridad durante el bloqueo de los elementos filtrantes.<br \/>\nEl sistema cuenta con <strong>dos cilindros hidr\u00e1ulicos independientes<\/strong> que garantizan un funcionamiento preciso y uniforme, y con un <strong>sistema integrado de calefacci\u00f3n y control de temperatura<\/strong> para un rendimiento eficiente y fiable.<br \/>\nDise\u00f1ado para garantizar <strong>fiabilidad incluso en las condiciones m\u00e1s extremas<\/strong>, el BDGS trabaja a temperaturas de hasta <strong>250\u00b0C<\/strong> y soporta presiones de hasta <strong>250 bar<\/strong>, lo que lo convierte en la soluci\u00f3n ideal para aplicaciones que requieren <strong>robustez, seguridad y fiabilidad en la producci\u00f3n<\/strong>.[\/vc_column_text][\/vc_column][\/vc_row][vc_row full_width=\u00bbstretch_row\u00bb el_class=\u00bbwhite_text\u00bb el_id=\u00bbslider\u00bb css=\u00bb.vc_custom_1616679219141{padding-top: 4em !important;padding-bottom: 4em !important;background-color: #e9e7dd !important;background-position: center !important;background-repeat: no-repeat !important;background-size: cover !important;}\u00bb][vc_column]<div\n  id=\"vckit-image-slider-1276909409\"\n  class=\"vckit-image-slider  \"\n  data-vckit-carousel='{\"arrows\":true,\"dots\":false,\"fade\":true,\"infinite\":true,\"arrow_style\":\"circle\",\"autoplay\":\"yes\",\"autoplay_speed\":3000,\"pause_on_hover\":\"yes\",\"speed\":300,\"md\":1,\"sm\":1,\"xs\":1,\"slides_to_scroll\":1}' data-gutter=\"0\">\n      <div class=\"vckit-image-slider__element\">\n            <img decoding=\"async\" src=\"https:\/\/www.bdplast.com\/wp-content\/uploads\/2021\/04\/accessori_accessories_BDOC_gallery_2.jpg\">\n          <\/div>\n      <div class=\"vckit-image-slider__element\">\n            <img decoding=\"async\" src=\"https:\/\/www.bdplast.com\/wp-content\/uploads\/2021\/04\/accessori_accessories_BDOC_gallery_3.jpg\">\n          <\/div>\n      <div class=\"vckit-image-slider__element\">\n            <img decoding=\"async\" src=\"https:\/\/www.bdplast.com\/wp-content\/uploads\/2021\/04\/accessori_accessories_BDOC_gallery_4.jpg\">\n          <\/div>\n      <div class=\"vckit-image-slider__element\">\n            <img decoding=\"async\" src=\"https:\/\/www.bdplast.com\/wp-content\/uploads\/2021\/04\/accessori_accessories_BDOC_gallery_6.jpg\">\n          <\/div>\n      <div class=\"vckit-image-slider__element\">\n            <img decoding=\"async\" src=\"https:\/\/www.bdplast.com\/wp-content\/uploads\/2021\/04\/accessori_accessories_BDOC_gallery_5.jpg\">\n          <\/div>\n  <\/div>\n<style type=\"text\/css\"><\/style>\n[\/vc_column][\/vc_row][vc_row full_width=\u00bbstretch_row\u00bb equal_height=\u00bbyes\u00bb content_placement=\u00bbmiddle\u00bb el_id=\u00bbscheda_prodotto\u00bb css=\u00bb.vc_custom_1616752804985{padding-top: 4em !important;padding-bottom: 4em !important;background-color: #475b5a !important;}\u00bb][vc_column width=\u00bb1\/2&#8243;][vc_single_image image=\u00bb14879&#8243; img_size=\u00bbfull\u00bb][\/vc_column][vc_column width=\u00bb1\/2&#8243;][vc_column_text css=\u00bb\u00bb]<strong>ADECUADO PARA LA PRODUCCI\u00d3N DE<\/strong><\/p>\n<ul>\n<li>Calandrado<\/li>\n<li>Composici\u00f3n<\/li>\n<\/ul>\n<p>[\/vc_column_text][vc_empty_space height=\u00bb1em\u00bb][vc_row_inner][vc_column_inner width=\u00bb1\/2&#8243;]<div class=\"\"><div class=\"cz_55617_p\"><a id=\"cz_55617\" class=\"cz_55617 cz_btn cz_btn_txt_no_fx cz_btn_no_fx cz_btn_icon_after cz_mobile_btn_center\" href=\"https:\/\/www.bdplast.com\/wp-content\/uploads\/2025\/10\/BDPlast_Extrusion_BDGS-EN.pdf\" target=\"_blank\"><span><strong>DESCARGAR HOJA DE DATOS<\/strong><i class=\"fa czico-194-download\"><\/i><\/span><b class=\"cz_btn_onhover\"><strong>DESCARGAR HOJA DE DATOS<\/strong><i class=\"fa czico-194-download\"><\/i><\/b><\/a><\/div><\/div>[\/vc_column_inner][vc_column_inner width=\u00bb1\/2&#8243;]<div class=\"\"><div class=\"cz_96610_p\"><a id=\"cz_96610\" class=\"cz_96610 cz_btn cz_btn_txt_no_fx cz_btn_no_fx cz_btn_icon_after cz_mobile_btn_center\" href=\"https:\/\/www.youtube.com\/watch?v=w6-UKpgXxew\" rel=\"nofollow\" target=\"_blank\"><span><strong>LIMPIEZA DE LA PLACA DEL CAMBIADOR DE FILTROS<\/strong><i class=\"fa czico-015-play\"><\/i><\/span><b class=\"cz_btn_onhover\"><strong>LIMPIEZA DE LA PLACA DEL CAMBIADOR DE FILTROS<\/strong><i class=\"fa czico-015-play\"><\/i><\/b><\/a><\/div><\/div>[\/vc_column_inner][\/vc_row_inner][\/vc_column][\/vc_row]<\/p>\n<\/div>","protected":false},"excerpt":{"rendered":"<p>[vc_row full_width=\u00bbstretch_row\u00bb css=\u00bb.vc_custom_1760109154137{background-image: url(https:\/\/www.bdplast.com\/wp-content\/uploads\/2021\/05\/accessori_accessories_BDGS_cover.jpg?id=17066) !important;background-position: center !important;background-repeat: no-repeat !important;background-size: cover !important;}\u00bb &#8230; <\/p>\n","protected":false},"author":1,"featured_media":0,"parent":0,"menu_order":0,"comment_status":"closed","ping_status":"closed","template":"","meta":{"footnotes":"","_links_to":"","_links_to_target":""},"class_list":["post-16393","page","type-page","status-publish","hentry"],"yoast_head":"<!-- This site is optimized with the Yoast SEO plugin v26.8 - https:\/\/yoast.com\/product\/yoast-seo-wordpress\/ -->\n<title>Filtro para calandra BDGS - BD Plast<\/title>\n<meta name=\"description\" content=\"La soluci\u00f3n para los elast\u00f3meros y los procesos de composici\u00f3n en los que la accesibilidad y la limpieza son una prioridad.\" \/>\n<meta name=\"robots\" content=\"index, follow, max-snippet:-1, max-image-preview:large, max-video-preview:-1\" \/>\n<link rel=\"canonical\" href=\"https:\/\/www.bdplast.com\/es\/filtro-para-calandra-bdgs\/\" \/>\n<meta property=\"og:locale\" content=\"es_ES\" \/>\n<meta property=\"og:type\" content=\"article\" \/>\n<meta property=\"og:title\" content=\"Filtro para calandra BDGS - BD Plast\" \/>\n<meta property=\"og:description\" content=\"La soluci\u00f3n para los elast\u00f3meros y los procesos de composici\u00f3n en los que la accesibilidad y la limpieza son una prioridad.\" \/>\n<meta property=\"og:url\" content=\"https:\/\/www.bdplast.com\/es\/filtro-para-calandra-bdgs\/\" \/>\n<meta property=\"og:site_name\" content=\"BD Plast\" \/>\n<meta property=\"article:modified_time\" content=\"2025-10-10T15:12:41+00:00\" \/>\n<meta name=\"twitter:card\" content=\"summary_large_image\" \/>\n<meta name=\"twitter:label1\" content=\"Tiempo de lectura\" \/>\n\t<meta name=\"twitter:data1\" content=\"2 minutos\" \/>\n<script type=\"application\/ld+json\" class=\"yoast-schema-graph\">{\"@context\":\"https:\/\/schema.org\",\"@graph\":[{\"@type\":\"WebPage\",\"@id\":\"https:\/\/www.bdplast.com\/es\/filtro-para-calandra-bdgs\/\",\"url\":\"https:\/\/www.bdplast.com\/es\/filtro-para-calandra-bdgs\/\",\"name\":\"Filtro para calandra BDGS - BD Plast\",\"isPartOf\":{\"@id\":\"https:\/\/www.bdplast.com\/#website\"},\"datePublished\":\"2021-05-25T07:44:07+00:00\",\"dateModified\":\"2025-10-10T15:12:41+00:00\",\"description\":\"La soluci\u00f3n para los elast\u00f3meros y los procesos de composici\u00f3n en los que la accesibilidad y la limpieza son una prioridad.\",\"breadcrumb\":{\"@id\":\"https:\/\/www.bdplast.com\/es\/filtro-para-calandra-bdgs\/#breadcrumb\"},\"inLanguage\":\"es\",\"potentialAction\":[{\"@type\":\"ReadAction\",\"target\":[\"https:\/\/www.bdplast.com\/es\/filtro-para-calandra-bdgs\/\"]}]},{\"@type\":\"BreadcrumbList\",\"@id\":\"https:\/\/www.bdplast.com\/es\/filtro-para-calandra-bdgs\/#breadcrumb\",\"itemListElement\":[{\"@type\":\"ListItem\",\"position\":1,\"name\":\"Home\",\"item\":\"https:\/\/www.bdplast.com\/es\/\"},{\"@type\":\"ListItem\",\"position\":2,\"name\":\"Filtro para calandra BDGS\"}]},{\"@type\":\"WebSite\",\"@id\":\"https:\/\/www.bdplast.com\/#website\",\"url\":\"https:\/\/www.bdplast.com\/\",\"name\":\"BD Plast\",\"description\":\"Sistemi di filtrazione, deviazione e convoglio polimeri\",\"publisher\":{\"@id\":\"https:\/\/www.bdplast.com\/#organization\"},\"potentialAction\":[{\"@type\":\"SearchAction\",\"target\":{\"@type\":\"EntryPoint\",\"urlTemplate\":\"https:\/\/www.bdplast.com\/?s={search_term_string}\"},\"query-input\":{\"@type\":\"PropertyValueSpecification\",\"valueRequired\":true,\"valueName\":\"search_term_string\"}}],\"inLanguage\":\"es\"},{\"@type\":\"Organization\",\"@id\":\"https:\/\/www.bdplast.com\/#organization\",\"name\":\"BD Plast\",\"url\":\"https:\/\/www.bdplast.com\/\",\"logo\":{\"@type\":\"ImageObject\",\"inLanguage\":\"es\",\"@id\":\"https:\/\/www.bdplast.com\/#\/schema\/logo\/image\/\",\"url\":\"https:\/\/www.bdplast.com\/wp-content\/uploads\/2025\/06\/bdplast-logo-yoast.jpg\",\"contentUrl\":\"https:\/\/www.bdplast.com\/wp-content\/uploads\/2025\/06\/bdplast-logo-yoast.jpg\",\"width\":1200,\"height\":628,\"caption\":\"BD Plast\"},\"image\":{\"@id\":\"https:\/\/www.bdplast.com\/#\/schema\/logo\/image\/\"},\"sameAs\":[\"https:\/\/www.youtube.com\/channel\/UCd6hdte7tZc8CfN_W9KxYTA\",\"https:\/\/it.linkedin.com\/company\/bd-plast-filtering-systems-srl\"]}]}<\/script>\n<!-- \/ Yoast SEO plugin. -->","yoast_head_json":{"title":"Filtro para calandra BDGS - BD Plast","description":"La soluci\u00f3n para los elast\u00f3meros y los procesos de composici\u00f3n en los que la accesibilidad y la limpieza son una prioridad.","robots":{"index":"index","follow":"follow","max-snippet":"max-snippet:-1","max-image-preview":"max-image-preview:large","max-video-preview":"max-video-preview:-1"},"canonical":"https:\/\/www.bdplast.com\/es\/filtro-para-calandra-bdgs\/","og_locale":"es_ES","og_type":"article","og_title":"Filtro para calandra BDGS - BD Plast","og_description":"La soluci\u00f3n para los elast\u00f3meros y los procesos de composici\u00f3n en los que la accesibilidad y la limpieza son una prioridad.","og_url":"https:\/\/www.bdplast.com\/es\/filtro-para-calandra-bdgs\/","og_site_name":"BD Plast","article_modified_time":"2025-10-10T15:12:41+00:00","twitter_card":"summary_large_image","twitter_misc":{"Tiempo de lectura":"2 minutos"},"schema":{"@context":"https:\/\/schema.org","@graph":[{"@type":"WebPage","@id":"https:\/\/www.bdplast.com\/es\/filtro-para-calandra-bdgs\/","url":"https:\/\/www.bdplast.com\/es\/filtro-para-calandra-bdgs\/","name":"Filtro para calandra BDGS - BD Plast","isPartOf":{"@id":"https:\/\/www.bdplast.com\/#website"},"datePublished":"2021-05-25T07:44:07+00:00","dateModified":"2025-10-10T15:12:41+00:00","description":"La soluci\u00f3n para los elast\u00f3meros y los procesos de composici\u00f3n en los que la accesibilidad y la limpieza son una prioridad.","breadcrumb":{"@id":"https:\/\/www.bdplast.com\/es\/filtro-para-calandra-bdgs\/#breadcrumb"},"inLanguage":"es","potentialAction":[{"@type":"ReadAction","target":["https:\/\/www.bdplast.com\/es\/filtro-para-calandra-bdgs\/"]}]},{"@type":"BreadcrumbList","@id":"https:\/\/www.bdplast.com\/es\/filtro-para-calandra-bdgs\/#breadcrumb","itemListElement":[{"@type":"ListItem","position":1,"name":"Home","item":"https:\/\/www.bdplast.com\/es\/"},{"@type":"ListItem","position":2,"name":"Filtro para calandra BDGS"}]},{"@type":"WebSite","@id":"https:\/\/www.bdplast.com\/#website","url":"https:\/\/www.bdplast.com\/","name":"BD Plast","description":"Sistemi di filtrazione, deviazione e convoglio polimeri","publisher":{"@id":"https:\/\/www.bdplast.com\/#organization"},"potentialAction":[{"@type":"SearchAction","target":{"@type":"EntryPoint","urlTemplate":"https:\/\/www.bdplast.com\/?s={search_term_string}"},"query-input":{"@type":"PropertyValueSpecification","valueRequired":true,"valueName":"search_term_string"}}],"inLanguage":"es"},{"@type":"Organization","@id":"https:\/\/www.bdplast.com\/#organization","name":"BD Plast","url":"https:\/\/www.bdplast.com\/","logo":{"@type":"ImageObject","inLanguage":"es","@id":"https:\/\/www.bdplast.com\/#\/schema\/logo\/image\/","url":"https:\/\/www.bdplast.com\/wp-content\/uploads\/2025\/06\/bdplast-logo-yoast.jpg","contentUrl":"https:\/\/www.bdplast.com\/wp-content\/uploads\/2025\/06\/bdplast-logo-yoast.jpg","width":1200,"height":628,"caption":"BD Plast"},"image":{"@id":"https:\/\/www.bdplast.com\/#\/schema\/logo\/image\/"},"sameAs":["https:\/\/www.youtube.com\/channel\/UCd6hdte7tZc8CfN_W9KxYTA","https:\/\/it.linkedin.com\/company\/bd-plast-filtering-systems-srl"]}]}},"rttpg_featured_image_url":null,"rttpg_author":{"display_name":"studiochiesa","author_link":"https:\/\/www.bdplast.com\/es\/author\/studiochiesa\/"},"rttpg_comment":0,"rttpg_category":" <a href=\"https:\/\/www.bdplast.com\/es\/?taxonomy=translation_priority&#038;term=opcional\" rel=\"tag\">Opcional<\/a><a href=\"https:\/\/www.bdplast.com\/?taxonomy=translation_priority&#038;term=opzionale\" rel=\"tag\">Opzionale<\/a>","rttpg_excerpt":"[vc_row full_width=\u00bbstretch_row\u00bb css=\u00bb.vc_custom_1760109154137{background-image: url(https:\/\/www.bdplast.com\/wp-content\/uploads\/2021\/05\/accessori_accessories_BDGS_cover.jpg?id=17066) !important;background-position: center !important;background-repeat: no-repeat !important;background-size: cover !important;}\u00bb ...","_links":{"self":[{"href":"https:\/\/www.bdplast.com\/es\/wp-json\/wp\/v2\/pages\/16393","targetHints":{"allow":["GET"]}}],"collection":[{"href":"https:\/\/www.bdplast.com\/es\/wp-json\/wp\/v2\/pages"}],"about":[{"href":"https:\/\/www.bdplast.com\/es\/wp-json\/wp\/v2\/types\/page"}],"author":[{"embeddable":true,"href":"https:\/\/www.bdplast.com\/es\/wp-json\/wp\/v2\/users\/1"}],"replies":[{"embeddable":true,"href":"https:\/\/www.bdplast.com\/es\/wp-json\/wp\/v2\/comments?post=16393"}],"version-history":[{"count":6,"href":"https:\/\/www.bdplast.com\/es\/wp-json\/wp\/v2\/pages\/16393\/revisions"}],"predecessor-version":[{"id":21219,"href":"https:\/\/www.bdplast.com\/es\/wp-json\/wp\/v2\/pages\/16393\/revisions\/21219"}],"wp:attachment":[{"href":"https:\/\/www.bdplast.com\/es\/wp-json\/wp\/v2\/media?parent=16393"}],"curies":[{"name":"wp","href":"https:\/\/api.w.org\/{rel}","templated":true}]}}