{"id":18250,"date":"2022-09-01T17:39:09","date_gmt":"2022-09-01T15:39:09","guid":{"rendered":"https:\/\/www.bdplast.com\/?page_id=18250"},"modified":"2023-11-13T16:50:25","modified_gmt":"2023-11-13T15:50:25","slug":"cambia-filtros-a-flujo-continuo-cleanchanger","status":"publish","type":"page","link":"https:\/\/www.bdplast.com\/es\/cambia-filtros-a-flujo-continuo-cleanchanger\/","title":{"rendered":"Cambia filtros a flujo continuo CleanChanger"},"content":{"rendered":"<div class=\"wpb-content-wrapper\"><p>[vc_row full_width=\u00bbstretch_row\u00bb css=\u00bb.vc_custom_1651232151018{background-image: url(https:\/\/www.bdplast.com\/wp-content\/uploads\/2022\/04\/Cleanchanger_hero_web.jpg?id=18301) !important;background-position: center !important;background-repeat: no-repeat !important;background-size: cover !important;}\u00bb el_class=\u00bbwhite_text\u00bb el_id=\u00bbhead_prodotto\u00bb][vc_column][\/vc_column][\/vc_row][vc_row full_width=\u00bbstretch_row\u00bb css=\u00bb.vc_custom_1616665112965{padding-top: 2em !important;padding-bottom: 2em !important;background-color: #ec6608 !important;}\u00bb el_class=\u00bbwhite_text\u00bb][vc_column][vc_row_inner equal_height=\u00bbyes\u00bb content_placement=\u00bbmiddle\u00bb][vc_column_inner][vc_column_text]<\/p>\n<h1>Cambia filtros de mallas a flujo continuo con retrolavado CleanChanger\u00ae<\/h1>\n<p>[\/vc_column_text][\/vc_column_inner][\/vc_row_inner][\/vc_column][\/vc_row][vc_row css=\u00bb.vc_custom_1616673282130{padding-top: 4em !important;padding-bottom: 4em !important;}\u00bb el_id=\u00bbscheda_prodotto_intro\u00bb][vc_column][vc_column_text]<\/p>\n<h2>La novedad que el mundo de la extrusi\u00f3n y el reciclaje cualitativo esperaban. El \u00fanico cambia filtros de retrolavado con sistema autom\u00e1tico de expulsi\u00f3n de placas porta mallas.<\/h2>\n<p>[\/vc_column_text][vc_column_text]Con el innovador cambia filtros continuo de mallas <strong>CleanChanger\u00ae<\/strong>\u00a0hemos escrito una nueva e importante p\u00e1gina en la historia de la filtraci\u00f3n de ciclo autom\u00e1tico. La secuencia de retrolavado est\u00e1 <strong>totalmente controlada por un PLC<\/strong> equipado con un panel de pantalla t\u00e1ctil, de modo que el cambia filtros pueda funcionar sin supervisi\u00f3n y sin interrupciones. Hemos desarrollado un sistema de limpieza por retrolavado de alta eficiencia para mallas filtrantes que permite obtener hasta 400 ciclos con la m\u00e1xima eficiencia y econom\u00eda de uso. Un software de control extremadamente intuitivo permite un uso simple y flexible del cambia filtros.<\/p>\n<p>Al final del ciclo y con la extrusora siempre a su m\u00e1xima capacidad, es posible sustituir las mallas mediante la expulsi\u00f3n totalmente automatizada de los <strong>porta-mallas<\/strong>. <strong>CleanChanger\u00ae<\/strong>\u00a0ofrece una perfecta continuidad del flujo, gracias a la atenci\u00f3n en fase de proyecto que permite una \u00f3ptima integraci\u00f3n en la l\u00ednea de extrusi\u00f3n. Esto se traduce en la posibilidad de crear proyectos altamente personalizados y optimizados en <strong>soluciones reales Plug &amp; Play<\/strong>.[\/vc_column_text][\/vc_column][\/vc_row][vc_row full_width=\u00bbstretch_row\u00bb el_class=\u00bbwhite_text\u00bb el_id=\u00bbslider\u00bb css=\u00bb.vc_custom_1616679219141{padding-top: 4em !important;padding-bottom: 4em !important;background-color: #e9e7dd !important;background-position: center !important;background-repeat: no-repeat !important;background-size: cover !important;}\u00bb][vc_column]<div\n  id=\"vckit-image-slider-1188461300\"\n  class=\"vckit-image-slider  \"\n  data-vckit-carousel='{\"arrows\":true,\"dots\":false,\"fade\":true,\"infinite\":true,\"arrow_style\":\"circle\",\"autoplay\":\"yes\",\"autoplay_speed\":3000,\"pause_on_hover\":\"yes\",\"speed\":300,\"md\":1,\"sm\":1,\"xs\":1,\"slides_to_scroll\":1}' data-gutter=\"0\">\n      <div class=\"vckit-image-slider__element\">\n            <img decoding=\"async\" src=\"https:\/\/www.bdplast.com\/wp-content\/uploads\/2022\/04\/CleanChanger-DO1000494.jpg\">\n          <\/div>\n      <div class=\"vckit-image-slider__element\">\n            <img decoding=\"async\" src=\"https:\/\/www.bdplast.com\/wp-content\/uploads\/2022\/04\/CleanChanger-DO1000478.jpg\">\n          <\/div>\n      <div class=\"vckit-image-slider__element\">\n            <img decoding=\"async\" src=\"https:\/\/www.bdplast.com\/wp-content\/uploads\/2022\/04\/CleanChanger-DO1000505.jpg\">\n          <\/div>\n      <div class=\"vckit-image-slider__element\">\n            <img decoding=\"async\" src=\"https:\/\/www.bdplast.com\/wp-content\/uploads\/2022\/04\/CleanChanger-L1000006.jpg\">\n          <\/div>\n  <\/div>\n<style type=\"text\/css\"><\/style>\n[\/vc_column][\/vc_row][vc_row full_width=\u00bbstretch_row\u00bb equal_height=\u00bbyes\u00bb content_placement=\u00bbmiddle\u00bb el_id=\u00bbscheda_prodotto\u00bb css=\u00bb.vc_custom_1616752804985{padding-top: 4em !important;padding-bottom: 4em !important;background-color: #475b5a !important;}\u00bb][vc_column width=\u00bb1\/2&#8243;][vc_single_image image=\u00bb18267&#8243; img_size=\u00bbfull\u00bb][\/vc_column][vc_column width=\u00bb1\/2&#8243;][vc_column_text]<strong>Apropiado para las siguientes l\u00edneas de extrusi\u00f3n:<\/strong><br \/>\n\u2022 Reciclaje (cualitativo e intensivo)<br \/>\n\u2022 Compuestos<br \/>\n\u2022 Placa plana y alveolar<br \/>\n\u2022 Tubos y perfiles<br \/>\n\u2022 Pel\u00edculas soplada o plana<br \/>\n\u2022 Mono y multifilamentos<br \/>\n\u2022 Colorantes<br \/>\n\u2022 Adhesivos y colas[\/vc_column_text][vc_empty_space height=\u00bb1em\u00bb][vc_row_inner][vc_column_inner width=\u00bb1\/2&#8243;]<div class=\"\"><div class=\"cz_89861_p\"><a id=\"cz_89861\" class=\"cz_89861 cz_btn cz_btn_txt_no_fx cz_btn_no_fx cz_btn_icon_after cz_mobile_btn_center\" href=\"https:\/\/www.bdplast.com\/wp-content\/uploads\/2022\/09\/BD_Plast_Scheda_tecnica_spagnolo.pdf\" target=\"_blank\"><span><strong>DESCARGAR HOJA DE DATOS<\/strong><i class=\"fa czico-194-download\"><\/i><\/span><b class=\"cz_btn_onhover\"><strong>DESCARGAR HOJA DE DATOS<\/strong><i class=\"fa czico-194-download\"><\/i><\/b><\/a><\/div><\/div>[\/vc_column_inner][vc_column_inner width=\u00bb1\/2&#8243;]<div class=\"\"><div class=\"cz_85080_p\"><a id=\"cz_85080\" class=\"cz_85080 cz_btn cz_btn_txt_no_fx cz_btn_no_fx cz_btn_icon_after cz_mobile_btn_center\" href=\"https:\/\/www.youtube.com\/watch?v=w6-UKpgXxew\" rel=\"nofollow\" target=\"_blank\"><span><strong>LIMPIEZA DE LA PLACA DEL CAMBIADOR DE FILTROS<\/strong><i class=\"fa czico-015-play\"><\/i><\/span><b class=\"cz_btn_onhover\"><strong>LIMPIEZA DE LA PLACA DEL CAMBIADOR DE FILTROS<\/strong><i class=\"fa czico-015-play\"><\/i><\/b><\/a><\/div><\/div>[\/vc_column_inner][\/vc_row_inner][\/vc_column][\/vc_row]<\/p>\n<\/div>","protected":false},"excerpt":{"rendered":"<p>[vc_row full_width=\u00bbstretch_row\u00bb css=\u00bb.vc_custom_1651232151018{background-image: url(https:\/\/www.bdplast.com\/wp-content\/uploads\/2022\/04\/Cleanchanger_hero_web.jpg?id=18301) !important;background-position: center !important;background-repeat: no-repeat !important;background-size: cover !important;}\u00bb &#8230; <\/p>\n","protected":false},"author":3,"featured_media":18764,"parent":0,"menu_order":0,"comment_status":"closed","ping_status":"closed","template":"","meta":{"footnotes":"","_links_to":"","_links_to_target":""},"class_list":["post-18250","page","type-page","status-publish","has-post-thumbnail","hentry"],"yoast_head":"<!-- This site is optimized with the Yoast SEO plugin v26.8 - https:\/\/yoast.com\/product\/yoast-seo-wordpress\/ -->\n<title>Cambia filtros a flujo continuo CleanChanger \u00ae - BD Plast<\/title>\n<meta name=\"description\" content=\"El \u00fanico cambia filtros de retrolavado con sistema autom\u00e1tico de expulsi\u00f3n de placas porta mallas, totalmente controlada por un PLC.\" \/>\n<meta name=\"robots\" content=\"index, follow, max-snippet:-1, max-image-preview:large, max-video-preview:-1\" \/>\n<link rel=\"canonical\" href=\"https:\/\/www.bdplast.com\/es\/cambia-filtros-a-flujo-continuo-cleanchanger\/\" \/>\n<meta property=\"og:locale\" content=\"es_ES\" \/>\n<meta property=\"og:type\" content=\"article\" \/>\n<meta property=\"og:title\" content=\"Cambia filtros a flujo continuo CleanChanger \u00ae - BD Plast\" \/>\n<meta property=\"og:description\" content=\"El \u00fanico cambia filtros de retrolavado con sistema autom\u00e1tico de expulsi\u00f3n de placas porta mallas, totalmente controlada por un PLC.\" \/>\n<meta property=\"og:url\" content=\"https:\/\/www.bdplast.com\/es\/cambia-filtros-a-flujo-continuo-cleanchanger\/\" \/>\n<meta property=\"og:site_name\" content=\"BD Plast\" \/>\n<meta property=\"article:modified_time\" content=\"2023-11-13T15:50:25+00:00\" \/>\n<meta property=\"og:image\" content=\"https:\/\/www.bdplast.com\/wp-content\/uploads\/2023\/02\/CleanChanger-featured-image.jpg\" \/>\n\t<meta property=\"og:image:width\" content=\"256\" \/>\n\t<meta property=\"og:image:height\" content=\"256\" \/>\n\t<meta property=\"og:image:type\" content=\"image\/jpeg\" \/>\n<meta name=\"twitter:card\" content=\"summary_large_image\" \/>\n<meta name=\"twitter:label1\" content=\"Tiempo de lectura\" \/>\n\t<meta name=\"twitter:data1\" content=\"2 minutos\" \/>\n<script type=\"application\/ld+json\" class=\"yoast-schema-graph\">{\"@context\":\"https:\/\/schema.org\",\"@graph\":[{\"@type\":\"WebPage\",\"@id\":\"https:\/\/www.bdplast.com\/es\/cambia-filtros-a-flujo-continuo-cleanchanger\/\",\"url\":\"https:\/\/www.bdplast.com\/es\/cambia-filtros-a-flujo-continuo-cleanchanger\/\",\"name\":\"Cambia filtros a flujo continuo CleanChanger \u00ae - BD Plast\",\"isPartOf\":{\"@id\":\"https:\/\/www.bdplast.com\/#website\"},\"primaryImageOfPage\":{\"@id\":\"https:\/\/www.bdplast.com\/es\/cambia-filtros-a-flujo-continuo-cleanchanger\/#primaryimage\"},\"image\":{\"@id\":\"https:\/\/www.bdplast.com\/es\/cambia-filtros-a-flujo-continuo-cleanchanger\/#primaryimage\"},\"thumbnailUrl\":\"https:\/\/www.bdplast.com\/wp-content\/uploads\/2023\/02\/CleanChanger-featured-image.jpg\",\"datePublished\":\"2022-09-01T15:39:09+00:00\",\"dateModified\":\"2023-11-13T15:50:25+00:00\",\"description\":\"El \u00fanico cambia filtros de retrolavado con sistema autom\u00e1tico de expulsi\u00f3n de placas porta mallas, totalmente controlada por un PLC.\",\"breadcrumb\":{\"@id\":\"https:\/\/www.bdplast.com\/es\/cambia-filtros-a-flujo-continuo-cleanchanger\/#breadcrumb\"},\"inLanguage\":\"es\",\"potentialAction\":[{\"@type\":\"ReadAction\",\"target\":[\"https:\/\/www.bdplast.com\/es\/cambia-filtros-a-flujo-continuo-cleanchanger\/\"]}]},{\"@type\":\"ImageObject\",\"inLanguage\":\"es\",\"@id\":\"https:\/\/www.bdplast.com\/es\/cambia-filtros-a-flujo-continuo-cleanchanger\/#primaryimage\",\"url\":\"https:\/\/www.bdplast.com\/wp-content\/uploads\/2023\/02\/CleanChanger-featured-image.jpg\",\"contentUrl\":\"https:\/\/www.bdplast.com\/wp-content\/uploads\/2023\/02\/CleanChanger-featured-image.jpg\",\"width\":256,\"height\":256},{\"@type\":\"BreadcrumbList\",\"@id\":\"https:\/\/www.bdplast.com\/es\/cambia-filtros-a-flujo-continuo-cleanchanger\/#breadcrumb\",\"itemListElement\":[{\"@type\":\"ListItem\",\"position\":1,\"name\":\"Home\",\"item\":\"https:\/\/www.bdplast.com\/es\/\"},{\"@type\":\"ListItem\",\"position\":2,\"name\":\"Cambia filtros a flujo continuo CleanChanger\"}]},{\"@type\":\"WebSite\",\"@id\":\"https:\/\/www.bdplast.com\/#website\",\"url\":\"https:\/\/www.bdplast.com\/\",\"name\":\"BD Plast\",\"description\":\"Sistemi di filtrazione, deviazione e convoglio polimeri\",\"publisher\":{\"@id\":\"https:\/\/www.bdplast.com\/#organization\"},\"potentialAction\":[{\"@type\":\"SearchAction\",\"target\":{\"@type\":\"EntryPoint\",\"urlTemplate\":\"https:\/\/www.bdplast.com\/?s={search_term_string}\"},\"query-input\":{\"@type\":\"PropertyValueSpecification\",\"valueRequired\":true,\"valueName\":\"search_term_string\"}}],\"inLanguage\":\"es\"},{\"@type\":\"Organization\",\"@id\":\"https:\/\/www.bdplast.com\/#organization\",\"name\":\"BD Plast\",\"url\":\"https:\/\/www.bdplast.com\/\",\"logo\":{\"@type\":\"ImageObject\",\"inLanguage\":\"es\",\"@id\":\"https:\/\/www.bdplast.com\/#\/schema\/logo\/image\/\",\"url\":\"https:\/\/www.bdplast.com\/wp-content\/uploads\/2025\/06\/bdplast-logo-yoast.jpg\",\"contentUrl\":\"https:\/\/www.bdplast.com\/wp-content\/uploads\/2025\/06\/bdplast-logo-yoast.jpg\",\"width\":1200,\"height\":628,\"caption\":\"BD Plast\"},\"image\":{\"@id\":\"https:\/\/www.bdplast.com\/#\/schema\/logo\/image\/\"},\"sameAs\":[\"https:\/\/www.youtube.com\/channel\/UCd6hdte7tZc8CfN_W9KxYTA\",\"https:\/\/it.linkedin.com\/company\/bd-plast-filtering-systems-srl\"]}]}<\/script>\n<!-- \/ Yoast SEO plugin. -->","yoast_head_json":{"title":"Cambia filtros a flujo continuo CleanChanger \u00ae - BD Plast","description":"El \u00fanico cambia filtros de retrolavado con sistema autom\u00e1tico de expulsi\u00f3n de placas porta mallas, totalmente controlada por un PLC.","robots":{"index":"index","follow":"follow","max-snippet":"max-snippet:-1","max-image-preview":"max-image-preview:large","max-video-preview":"max-video-preview:-1"},"canonical":"https:\/\/www.bdplast.com\/es\/cambia-filtros-a-flujo-continuo-cleanchanger\/","og_locale":"es_ES","og_type":"article","og_title":"Cambia filtros a flujo continuo CleanChanger \u00ae - BD Plast","og_description":"El \u00fanico cambia filtros de retrolavado con sistema autom\u00e1tico de expulsi\u00f3n de placas porta mallas, totalmente controlada por un PLC.","og_url":"https:\/\/www.bdplast.com\/es\/cambia-filtros-a-flujo-continuo-cleanchanger\/","og_site_name":"BD Plast","article_modified_time":"2023-11-13T15:50:25+00:00","og_image":[{"width":256,"height":256,"url":"https:\/\/www.bdplast.com\/wp-content\/uploads\/2023\/02\/CleanChanger-featured-image.jpg","type":"image\/jpeg"}],"twitter_card":"summary_large_image","twitter_misc":{"Tiempo de lectura":"2 minutos"},"schema":{"@context":"https:\/\/schema.org","@graph":[{"@type":"WebPage","@id":"https:\/\/www.bdplast.com\/es\/cambia-filtros-a-flujo-continuo-cleanchanger\/","url":"https:\/\/www.bdplast.com\/es\/cambia-filtros-a-flujo-continuo-cleanchanger\/","name":"Cambia filtros a flujo continuo CleanChanger \u00ae - BD Plast","isPartOf":{"@id":"https:\/\/www.bdplast.com\/#website"},"primaryImageOfPage":{"@id":"https:\/\/www.bdplast.com\/es\/cambia-filtros-a-flujo-continuo-cleanchanger\/#primaryimage"},"image":{"@id":"https:\/\/www.bdplast.com\/es\/cambia-filtros-a-flujo-continuo-cleanchanger\/#primaryimage"},"thumbnailUrl":"https:\/\/www.bdplast.com\/wp-content\/uploads\/2023\/02\/CleanChanger-featured-image.jpg","datePublished":"2022-09-01T15:39:09+00:00","dateModified":"2023-11-13T15:50:25+00:00","description":"El \u00fanico cambia filtros de retrolavado con sistema autom\u00e1tico de expulsi\u00f3n de placas porta mallas, totalmente controlada por un PLC.","breadcrumb":{"@id":"https:\/\/www.bdplast.com\/es\/cambia-filtros-a-flujo-continuo-cleanchanger\/#breadcrumb"},"inLanguage":"es","potentialAction":[{"@type":"ReadAction","target":["https:\/\/www.bdplast.com\/es\/cambia-filtros-a-flujo-continuo-cleanchanger\/"]}]},{"@type":"ImageObject","inLanguage":"es","@id":"https:\/\/www.bdplast.com\/es\/cambia-filtros-a-flujo-continuo-cleanchanger\/#primaryimage","url":"https:\/\/www.bdplast.com\/wp-content\/uploads\/2023\/02\/CleanChanger-featured-image.jpg","contentUrl":"https:\/\/www.bdplast.com\/wp-content\/uploads\/2023\/02\/CleanChanger-featured-image.jpg","width":256,"height":256},{"@type":"BreadcrumbList","@id":"https:\/\/www.bdplast.com\/es\/cambia-filtros-a-flujo-continuo-cleanchanger\/#breadcrumb","itemListElement":[{"@type":"ListItem","position":1,"name":"Home","item":"https:\/\/www.bdplast.com\/es\/"},{"@type":"ListItem","position":2,"name":"Cambia filtros a flujo continuo CleanChanger"}]},{"@type":"WebSite","@id":"https:\/\/www.bdplast.com\/#website","url":"https:\/\/www.bdplast.com\/","name":"BD Plast","description":"Sistemi di filtrazione, deviazione e convoglio polimeri","publisher":{"@id":"https:\/\/www.bdplast.com\/#organization"},"potentialAction":[{"@type":"SearchAction","target":{"@type":"EntryPoint","urlTemplate":"https:\/\/www.bdplast.com\/?s={search_term_string}"},"query-input":{"@type":"PropertyValueSpecification","valueRequired":true,"valueName":"search_term_string"}}],"inLanguage":"es"},{"@type":"Organization","@id":"https:\/\/www.bdplast.com\/#organization","name":"BD Plast","url":"https:\/\/www.bdplast.com\/","logo":{"@type":"ImageObject","inLanguage":"es","@id":"https:\/\/www.bdplast.com\/#\/schema\/logo\/image\/","url":"https:\/\/www.bdplast.com\/wp-content\/uploads\/2025\/06\/bdplast-logo-yoast.jpg","contentUrl":"https:\/\/www.bdplast.com\/wp-content\/uploads\/2025\/06\/bdplast-logo-yoast.jpg","width":1200,"height":628,"caption":"BD Plast"},"image":{"@id":"https:\/\/www.bdplast.com\/#\/schema\/logo\/image\/"},"sameAs":["https:\/\/www.youtube.com\/channel\/UCd6hdte7tZc8CfN_W9KxYTA","https:\/\/it.linkedin.com\/company\/bd-plast-filtering-systems-srl"]}]}},"rttpg_featured_image_url":{"full":["https:\/\/www.bdplast.com\/wp-content\/uploads\/2023\/02\/CleanChanger-featured-image.jpg",256,256,false],"landscape":["https:\/\/www.bdplast.com\/wp-content\/uploads\/2023\/02\/CleanChanger-featured-image.jpg",256,256,false],"portraits":["https:\/\/www.bdplast.com\/wp-content\/uploads\/2023\/02\/CleanChanger-featured-image.jpg",256,256,false],"thumbnail":["https:\/\/www.bdplast.com\/wp-content\/uploads\/2023\/02\/CleanChanger-featured-image-150x150.jpg",150,150,true],"medium":["https:\/\/www.bdplast.com\/wp-content\/uploads\/2023\/02\/CleanChanger-featured-image.jpg",256,256,false],"large":["https:\/\/www.bdplast.com\/wp-content\/uploads\/2023\/02\/CleanChanger-featured-image.jpg",256,256,false],"1536x1536":["https:\/\/www.bdplast.com\/wp-content\/uploads\/2023\/02\/CleanChanger-featured-image.jpg",256,256,false],"2048x2048":["https:\/\/www.bdplast.com\/wp-content\/uploads\/2023\/02\/CleanChanger-featured-image.jpg",256,256,false],"codevz_360_320":["https:\/\/www.bdplast.com\/wp-content\/uploads\/2023\/02\/CleanChanger-featured-image.jpg",256,256,false],"codevz_600_600":["https:\/\/www.bdplast.com\/wp-content\/uploads\/2023\/02\/CleanChanger-featured-image.jpg",256,256,false],"codevz_1200_200":["https:\/\/www.bdplast.com\/wp-content\/uploads\/2023\/02\/CleanChanger-featured-image-256x200.jpg",256,200,true],"codevz_1200_500":["https:\/\/www.bdplast.com\/wp-content\/uploads\/2023\/02\/CleanChanger-featured-image.jpg",256,256,false],"codevz_600_1000":["https:\/\/www.bdplast.com\/wp-content\/uploads\/2023\/02\/CleanChanger-featured-image.jpg",256,256,false],"codevz_600_9999":["https:\/\/www.bdplast.com\/wp-content\/uploads\/2023\/02\/CleanChanger-featured-image.jpg",256,256,false],"gform-image-choice-sm":["https:\/\/www.bdplast.com\/wp-content\/uploads\/2023\/02\/CleanChanger-featured-image.jpg",256,256,false],"gform-image-choice-md":["https:\/\/www.bdplast.com\/wp-content\/uploads\/2023\/02\/CleanChanger-featured-image.jpg",256,256,false],"gform-image-choice-lg":["https:\/\/www.bdplast.com\/wp-content\/uploads\/2023\/02\/CleanChanger-featured-image.jpg",256,256,false]},"rttpg_author":{"display_name":"Max","author_link":"https:\/\/www.bdplast.com\/es\/author\/max\/"},"rttpg_comment":0,"rttpg_category":" <a href=\"https:\/\/www.bdplast.com\/es\/?taxonomy=translation_priority&#038;term=opcional\" rel=\"tag\">Opcional<\/a><a href=\"https:\/\/www.bdplast.com\/?taxonomy=translation_priority&#038;term=opzionale\" rel=\"tag\">Opzionale<\/a>","rttpg_excerpt":"[vc_row full_width=\u00bbstretch_row\u00bb css=\u00bb.vc_custom_1651232151018{background-image: url(https:\/\/www.bdplast.com\/wp-content\/uploads\/2022\/04\/Cleanchanger_hero_web.jpg?id=18301) !important;background-position: center !important;background-repeat: no-repeat !important;background-size: cover !important;}\u00bb ...","_links":{"self":[{"href":"https:\/\/www.bdplast.com\/es\/wp-json\/wp\/v2\/pages\/18250","targetHints":{"allow":["GET"]}}],"collection":[{"href":"https:\/\/www.bdplast.com\/es\/wp-json\/wp\/v2\/pages"}],"about":[{"href":"https:\/\/www.bdplast.com\/es\/wp-json\/wp\/v2\/types\/page"}],"author":[{"embeddable":true,"href":"https:\/\/www.bdplast.com\/es\/wp-json\/wp\/v2\/users\/3"}],"replies":[{"embeddable":true,"href":"https:\/\/www.bdplast.com\/es\/wp-json\/wp\/v2\/comments?post=18250"}],"version-history":[{"count":5,"href":"https:\/\/www.bdplast.com\/es\/wp-json\/wp\/v2\/pages\/18250\/revisions"}],"predecessor-version":[{"id":19433,"href":"https:\/\/www.bdplast.com\/es\/wp-json\/wp\/v2\/pages\/18250\/revisions\/19433"}],"wp:featuredmedia":[{"embeddable":true,"href":"https:\/\/www.bdplast.com\/es\/wp-json\/wp\/v2\/media\/18764"}],"wp:attachment":[{"href":"https:\/\/www.bdplast.com\/es\/wp-json\/wp\/v2\/media?parent=18250"}],"curies":[{"name":"wp","href":"https:\/\/api.w.org\/{rel}","templated":true}]}}