{"id":20933,"date":"2025-10-09T17:10:22","date_gmt":"2025-10-09T15:10:22","guid":{"rendered":"https:\/\/www.bdplast.com\/?page_id=20933"},"modified":"2025-10-09T17:40:43","modified_gmt":"2025-10-09T15:40:43","slug":"filtros-estaticos-bdc-y-bdcld","status":"publish","type":"page","link":"https:\/\/www.bdplast.com\/es\/filtros-estaticos-bdc-y-bdcld\/","title":{"rendered":"Filtros est\u00e1ticos BDC y BDCLD"},"content":{"rendered":"<div class=\"wpb-content-wrapper\"><p>[vc_row full_width=\u00bbstretch_row\u00bb css=\u00bb.vc_custom_1760023018164{background-image: url(https:\/\/www.bdplast.com\/wp-content\/uploads\/2025\/10\/BDC_fondo-HERO.jpg?id=20958) !important;background-position: center !important;background-repeat: no-repeat !important;background-size: cover !important;}\u00bb el_class=\u00bbwhite_text\u00bb el_id=\u00bbhead_prodotto\u00bb][vc_column][\/vc_column][\/vc_row][vc_row full_width=\u00bbstretch_row\u00bb css=\u00bb.vc_custom_1616665112965{padding-top: 2em !important;padding-bottom: 2em !important;background-color: #ec6608 !important;}\u00bb el_class=\u00bbwhite_text\u00bb][vc_column][vc_row_inner equal_height=\u00bbyes\u00bb content_placement=\u00bbmiddle\u00bb][vc_column_inner][vc_column_text css=\u00bb\u00bb]<\/p>\n<h1>Filtros est\u00e1ticos BDC y BDCLD<\/h1>\n<p>[\/vc_column_text][\/vc_column_inner][\/vc_row_inner][\/vc_column][\/vc_row][vc_row css=\u00bb.vc_custom_1616673282130{padding-top: 4em !important;padding-bottom: 4em !important;}\u00bb el_id=\u00bbscheda_prodotto_intro\u00bb][vc_column][vc_column_text css=\u00bb\u00bb]<\/p>\n<h2>Filtraci\u00f3n de alto rendimiento para l\u00edneas de extrusi\u00f3n altamente eficientes<\/h2>\n<p>[\/vc_column_text][vc_column_text css=\u00bb\u00bb]Los <strong>filtros est\u00e1ticos BDC y BDCLD<\/strong> est\u00e1n dise\u00f1ados para l\u00edneas de <strong>pel\u00edculas sopladas y calandradas<\/strong> que requieren filtraci\u00f3n fina.<br \/>\nLos sistemas <strong>BDC<\/strong> de cartucho simple o m\u00faltiple (3, 7, 12) son adecuados hasta <strong>40 micras<\/strong>.<br \/>\nLos elementos pueden ser <strong>planos o plisados<\/strong>, multiplicando la superficie filtrante.<br \/>\nLos <strong>BDCLD<\/strong> permiten filtraciones hasta <strong>3 micras<\/strong> con discos tipo \u201cleaf disc\u201d de fibras sinterizadas.<br \/>\nTodos los elementos est\u00e1n fabricados en <strong>acero inoxidable AISI 316L<\/strong>, compatibles con materiales corrosivos.[\/vc_column_text][\/vc_column][\/vc_row][vc_row full_width=\u00bbstretch_row\u00bb el_class=\u00bbwhite_text\u00bb el_id=\u00bbslider\u00bb css=\u00bb.vc_custom_1616679219141{padding-top: 4em !important;padding-bottom: 4em !important;background-color: #e9e7dd !important;background-position: center !important;background-repeat: no-repeat !important;background-size: cover !important;}\u00bb][vc_column]<div\n  id=\"vckit-image-slider-698669399\"\n  class=\"vckit-image-slider  \"\n  data-vckit-carousel='{\"arrows\":true,\"dots\":false,\"fade\":true,\"infinite\":true,\"arrow_style\":\"circle\",\"autoplay\":\"yes\",\"autoplay_speed\":3000,\"pause_on_hover\":\"yes\",\"speed\":300,\"md\":1,\"sm\":1,\"xs\":1,\"slides_to_scroll\":1}' data-gutter=\"0\">\n      <div class=\"vckit-image-slider__element\">\n            <img decoding=\"async\" src=\"https:\/\/www.bdplast.com\/wp-content\/uploads\/2025\/10\/BDCLD-2-S.jpg\">\n          <\/div>\n      <div class=\"vckit-image-slider__element\">\n            <img decoding=\"async\" src=\"https:\/\/www.bdplast.com\/wp-content\/uploads\/2025\/10\/BDC-7-S.jpg\">\n          <\/div>\n  <\/div>\n<style type=\"text\/css\"><\/style>\n[\/vc_column][\/vc_row][vc_row full_width=\u00bbstretch_row\u00bb equal_height=\u00bbyes\u00bb content_placement=\u00bbmiddle\u00bb el_id=\u00bbscheda_prodotto\u00bb css=\u00bb.vc_custom_1616752804985{padding-top: 4em !important;padding-bottom: 4em !important;background-color: #475b5a !important;}\u00bb][vc_column width=\u00bb1\/2&#8243;][vc_single_image image=\u00bb20953&#8243; img_size=\u00bbfull\u00bb css=\u00bb\u00bb][\/vc_column][vc_column width=\u00bb1\/2&#8243;][vc_column_text css=\u00bb\u00bb]<strong>Indicados para la producci\u00f3n de:<\/strong><\/p>\n<ul>\n<li>Pel\u00edculas sopladas o planas<\/li>\n<li>Tubos y perfiles<\/li>\n<li>Revestimiento de cables<\/li>\n<\/ul>\n<p>[\/vc_column_text][vc_empty_space height=\u00bb1em\u00bb][vc_row_inner][vc_column_inner width=\u00bb1\/2&#8243;]<div class=\"\"><div class=\"cz_27975_p\"><a id=\"cz_27975\" class=\"cz_27975 cz_btn cz_btn_txt_no_fx cz_btn_no_fx cz_btn_icon_after cz_mobile_btn_center\" href=\"https:\/\/www.bdplast.com\/wp-content\/uploads\/2025\/10\/BDPlast_Static_BDC-BDCLD-EN.pdf\" target=\"_blank\"><span><strong>DESCARGAR HOJA DE DATOS<\/strong><i class=\"fa czico-194-download\"><\/i><\/span><b class=\"cz_btn_onhover\"><strong>DESCARGAR HOJA DE DATOS<\/strong><i class=\"fa czico-194-download\"><\/i><\/b><\/a><\/div><\/div>[\/vc_column_inner][vc_column_inner width=\u00bb1\/2&#8243;]<div class=\"\"><div class=\"cz_97860_p\"><a id=\"cz_97860\" class=\"cz_97860 cz_btn cz_btn_txt_no_fx cz_btn_no_fx cz_btn_icon_after cz_mobile_btn_center\" href=\"https:\/\/www.youtube.com\/watch?v=w6-UKpgXxew\" rel=\"nofollow\" target=\"_blank\"><span><strong>LIMPIEZA DE LA PLACA DEL CAMBIADOR DE FILTROS<\/strong><i class=\"fa czico-015-play\"><\/i><\/span><b class=\"cz_btn_onhover\"><strong>LIMPIEZA DE LA PLACA DEL CAMBIADOR DE FILTROS<\/strong><i class=\"fa czico-015-play\"><\/i><\/b><\/a><\/div><\/div>[\/vc_column_inner][\/vc_row_inner][\/vc_column][\/vc_row]<\/p>\n<\/div>","protected":false},"excerpt":{"rendered":"<p>[vc_row full_width=\u00bbstretch_row\u00bb css=\u00bb.vc_custom_1760023018164{background-image: url(https:\/\/www.bdplast.com\/wp-content\/uploads\/2025\/10\/BDC_fondo-HERO.jpg?id=20958) !important;background-position: center !important;background-repeat: no-repeat !important;background-size: cover !important;}\u00bb &#8230; <\/p>\n","protected":false},"author":3,"featured_media":20880,"parent":0,"menu_order":0,"comment_status":"closed","ping_status":"closed","template":"","meta":{"footnotes":"","_links_to":"","_links_to_target":""},"class_list":["post-20933","page","type-page","status-publish","has-post-thumbnail","hentry"],"yoast_head":"<!-- This site is optimized with the Yoast SEO plugin v26.8 - https:\/\/yoast.com\/product\/yoast-seo-wordpress\/ -->\n<title>Filtros est\u00e1ticos BDC y BDCLD - BD Plast<\/title>\n<meta name=\"description\" content=\"Filtros est\u00e1ticos BDC y BDCLD: filtraci\u00f3n de alto rendimiento hasta 3 micras para l\u00edneas de extrusi\u00f3n y materiales corrosivos.\" \/>\n<meta name=\"robots\" content=\"index, follow, max-snippet:-1, max-image-preview:large, max-video-preview:-1\" \/>\n<link rel=\"canonical\" href=\"https:\/\/www.bdplast.com\/es\/filtros-estaticos-bdc-y-bdcld\/\" \/>\n<meta property=\"og:locale\" content=\"es_ES\" \/>\n<meta property=\"og:type\" content=\"article\" \/>\n<meta property=\"og:title\" content=\"Filtros est\u00e1ticos BDC y BDCLD - BD Plast\" \/>\n<meta property=\"og:description\" content=\"Filtros est\u00e1ticos BDC y BDCLD: filtraci\u00f3n de alto rendimiento hasta 3 micras para l\u00edneas de extrusi\u00f3n y materiales corrosivos.\" \/>\n<meta property=\"og:url\" content=\"https:\/\/www.bdplast.com\/es\/filtros-estaticos-bdc-y-bdcld\/\" \/>\n<meta property=\"og:site_name\" content=\"BD Plast\" \/>\n<meta property=\"article:modified_time\" content=\"2025-10-09T15:40:43+00:00\" \/>\n<meta property=\"og:image\" content=\"https:\/\/www.bdplast.com\/wp-content\/uploads\/2025\/10\/BDOx2_REC_2025.jpg\" \/>\n\t<meta property=\"og:image:width\" content=\"2048\" \/>\n\t<meta property=\"og:image:height\" content=\"1245\" \/>\n\t<meta property=\"og:image:type\" content=\"image\/jpeg\" \/>\n<meta name=\"twitter:card\" content=\"summary_large_image\" \/>\n<meta name=\"twitter:label1\" content=\"Tiempo de lectura\" \/>\n\t<meta name=\"twitter:data1\" content=\"2 minutos\" \/>\n<script type=\"application\/ld+json\" class=\"yoast-schema-graph\">{\"@context\":\"https:\/\/schema.org\",\"@graph\":[{\"@type\":\"WebPage\",\"@id\":\"https:\/\/www.bdplast.com\/es\/filtros-estaticos-bdc-y-bdcld\/\",\"url\":\"https:\/\/www.bdplast.com\/es\/filtros-estaticos-bdc-y-bdcld\/\",\"name\":\"Filtros est\u00e1ticos BDC y BDCLD - BD Plast\",\"isPartOf\":{\"@id\":\"https:\/\/www.bdplast.com\/#website\"},\"primaryImageOfPage\":{\"@id\":\"https:\/\/www.bdplast.com\/es\/filtros-estaticos-bdc-y-bdcld\/#primaryimage\"},\"image\":{\"@id\":\"https:\/\/www.bdplast.com\/es\/filtros-estaticos-bdc-y-bdcld\/#primaryimage\"},\"thumbnailUrl\":\"https:\/\/www.bdplast.com\/wp-content\/uploads\/2025\/10\/BDOx2_REC_2025.jpg\",\"datePublished\":\"2025-10-09T15:10:22+00:00\",\"dateModified\":\"2025-10-09T15:40:43+00:00\",\"description\":\"Filtros est\u00e1ticos BDC y BDCLD: filtraci\u00f3n de alto rendimiento hasta 3 micras para l\u00edneas de extrusi\u00f3n y materiales corrosivos.\",\"breadcrumb\":{\"@id\":\"https:\/\/www.bdplast.com\/es\/filtros-estaticos-bdc-y-bdcld\/#breadcrumb\"},\"inLanguage\":\"es\",\"potentialAction\":[{\"@type\":\"ReadAction\",\"target\":[\"https:\/\/www.bdplast.com\/es\/filtros-estaticos-bdc-y-bdcld\/\"]}]},{\"@type\":\"ImageObject\",\"inLanguage\":\"es\",\"@id\":\"https:\/\/www.bdplast.com\/es\/filtros-estaticos-bdc-y-bdcld\/#primaryimage\",\"url\":\"https:\/\/www.bdplast.com\/wp-content\/uploads\/2025\/10\/BDOx2_REC_2025.jpg\",\"contentUrl\":\"https:\/\/www.bdplast.com\/wp-content\/uploads\/2025\/10\/BDOx2_REC_2025.jpg\",\"width\":2048,\"height\":1245},{\"@type\":\"BreadcrumbList\",\"@id\":\"https:\/\/www.bdplast.com\/es\/filtros-estaticos-bdc-y-bdcld\/#breadcrumb\",\"itemListElement\":[{\"@type\":\"ListItem\",\"position\":1,\"name\":\"Home\",\"item\":\"https:\/\/www.bdplast.com\/es\/\"},{\"@type\":\"ListItem\",\"position\":2,\"name\":\"Filtros est\u00e1ticos BDC y BDCLD\"}]},{\"@type\":\"WebSite\",\"@id\":\"https:\/\/www.bdplast.com\/#website\",\"url\":\"https:\/\/www.bdplast.com\/\",\"name\":\"BD Plast\",\"description\":\"Sistemi di filtrazione, deviazione e convoglio polimeri\",\"publisher\":{\"@id\":\"https:\/\/www.bdplast.com\/#organization\"},\"potentialAction\":[{\"@type\":\"SearchAction\",\"target\":{\"@type\":\"EntryPoint\",\"urlTemplate\":\"https:\/\/www.bdplast.com\/?s={search_term_string}\"},\"query-input\":{\"@type\":\"PropertyValueSpecification\",\"valueRequired\":true,\"valueName\":\"search_term_string\"}}],\"inLanguage\":\"es\"},{\"@type\":\"Organization\",\"@id\":\"https:\/\/www.bdplast.com\/#organization\",\"name\":\"BD Plast\",\"url\":\"https:\/\/www.bdplast.com\/\",\"logo\":{\"@type\":\"ImageObject\",\"inLanguage\":\"es\",\"@id\":\"https:\/\/www.bdplast.com\/#\/schema\/logo\/image\/\",\"url\":\"https:\/\/www.bdplast.com\/wp-content\/uploads\/2025\/06\/bdplast-logo-yoast.jpg\",\"contentUrl\":\"https:\/\/www.bdplast.com\/wp-content\/uploads\/2025\/06\/bdplast-logo-yoast.jpg\",\"width\":1200,\"height\":628,\"caption\":\"BD Plast\"},\"image\":{\"@id\":\"https:\/\/www.bdplast.com\/#\/schema\/logo\/image\/\"},\"sameAs\":[\"https:\/\/www.youtube.com\/channel\/UCd6hdte7tZc8CfN_W9KxYTA\",\"https:\/\/it.linkedin.com\/company\/bd-plast-filtering-systems-srl\"]}]}<\/script>\n<!-- \/ Yoast SEO plugin. -->","yoast_head_json":{"title":"Filtros est\u00e1ticos BDC y BDCLD - BD Plast","description":"Filtros est\u00e1ticos BDC y BDCLD: filtraci\u00f3n de alto rendimiento hasta 3 micras para l\u00edneas de extrusi\u00f3n y materiales corrosivos.","robots":{"index":"index","follow":"follow","max-snippet":"max-snippet:-1","max-image-preview":"max-image-preview:large","max-video-preview":"max-video-preview:-1"},"canonical":"https:\/\/www.bdplast.com\/es\/filtros-estaticos-bdc-y-bdcld\/","og_locale":"es_ES","og_type":"article","og_title":"Filtros est\u00e1ticos BDC y BDCLD - BD Plast","og_description":"Filtros est\u00e1ticos BDC y BDCLD: filtraci\u00f3n de alto rendimiento hasta 3 micras para l\u00edneas de extrusi\u00f3n y materiales corrosivos.","og_url":"https:\/\/www.bdplast.com\/es\/filtros-estaticos-bdc-y-bdcld\/","og_site_name":"BD Plast","article_modified_time":"2025-10-09T15:40:43+00:00","og_image":[{"width":2048,"height":1245,"url":"https:\/\/www.bdplast.com\/wp-content\/uploads\/2025\/10\/BDOx2_REC_2025.jpg","type":"image\/jpeg"}],"twitter_card":"summary_large_image","twitter_misc":{"Tiempo de lectura":"2 minutos"},"schema":{"@context":"https:\/\/schema.org","@graph":[{"@type":"WebPage","@id":"https:\/\/www.bdplast.com\/es\/filtros-estaticos-bdc-y-bdcld\/","url":"https:\/\/www.bdplast.com\/es\/filtros-estaticos-bdc-y-bdcld\/","name":"Filtros est\u00e1ticos BDC y BDCLD - BD Plast","isPartOf":{"@id":"https:\/\/www.bdplast.com\/#website"},"primaryImageOfPage":{"@id":"https:\/\/www.bdplast.com\/es\/filtros-estaticos-bdc-y-bdcld\/#primaryimage"},"image":{"@id":"https:\/\/www.bdplast.com\/es\/filtros-estaticos-bdc-y-bdcld\/#primaryimage"},"thumbnailUrl":"https:\/\/www.bdplast.com\/wp-content\/uploads\/2025\/10\/BDOx2_REC_2025.jpg","datePublished":"2025-10-09T15:10:22+00:00","dateModified":"2025-10-09T15:40:43+00:00","description":"Filtros est\u00e1ticos BDC y BDCLD: filtraci\u00f3n de alto rendimiento hasta 3 micras para l\u00edneas de extrusi\u00f3n y materiales corrosivos.","breadcrumb":{"@id":"https:\/\/www.bdplast.com\/es\/filtros-estaticos-bdc-y-bdcld\/#breadcrumb"},"inLanguage":"es","potentialAction":[{"@type":"ReadAction","target":["https:\/\/www.bdplast.com\/es\/filtros-estaticos-bdc-y-bdcld\/"]}]},{"@type":"ImageObject","inLanguage":"es","@id":"https:\/\/www.bdplast.com\/es\/filtros-estaticos-bdc-y-bdcld\/#primaryimage","url":"https:\/\/www.bdplast.com\/wp-content\/uploads\/2025\/10\/BDOx2_REC_2025.jpg","contentUrl":"https:\/\/www.bdplast.com\/wp-content\/uploads\/2025\/10\/BDOx2_REC_2025.jpg","width":2048,"height":1245},{"@type":"BreadcrumbList","@id":"https:\/\/www.bdplast.com\/es\/filtros-estaticos-bdc-y-bdcld\/#breadcrumb","itemListElement":[{"@type":"ListItem","position":1,"name":"Home","item":"https:\/\/www.bdplast.com\/es\/"},{"@type":"ListItem","position":2,"name":"Filtros est\u00e1ticos BDC y BDCLD"}]},{"@type":"WebSite","@id":"https:\/\/www.bdplast.com\/#website","url":"https:\/\/www.bdplast.com\/","name":"BD Plast","description":"Sistemi di filtrazione, deviazione e convoglio polimeri","publisher":{"@id":"https:\/\/www.bdplast.com\/#organization"},"potentialAction":[{"@type":"SearchAction","target":{"@type":"EntryPoint","urlTemplate":"https:\/\/www.bdplast.com\/?s={search_term_string}"},"query-input":{"@type":"PropertyValueSpecification","valueRequired":true,"valueName":"search_term_string"}}],"inLanguage":"es"},{"@type":"Organization","@id":"https:\/\/www.bdplast.com\/#organization","name":"BD Plast","url":"https:\/\/www.bdplast.com\/","logo":{"@type":"ImageObject","inLanguage":"es","@id":"https:\/\/www.bdplast.com\/#\/schema\/logo\/image\/","url":"https:\/\/www.bdplast.com\/wp-content\/uploads\/2025\/06\/bdplast-logo-yoast.jpg","contentUrl":"https:\/\/www.bdplast.com\/wp-content\/uploads\/2025\/06\/bdplast-logo-yoast.jpg","width":1200,"height":628,"caption":"BD Plast"},"image":{"@id":"https:\/\/www.bdplast.com\/#\/schema\/logo\/image\/"},"sameAs":["https:\/\/www.youtube.com\/channel\/UCd6hdte7tZc8CfN_W9KxYTA","https:\/\/it.linkedin.com\/company\/bd-plast-filtering-systems-srl"]}]}},"rttpg_featured_image_url":{"full":["https:\/\/www.bdplast.com\/wp-content\/uploads\/2025\/10\/BDOx2_REC_2025.jpg",2048,1245,false],"landscape":["https:\/\/www.bdplast.com\/wp-content\/uploads\/2025\/10\/BDOx2_REC_2025.jpg",2048,1245,false],"portraits":["https:\/\/www.bdplast.com\/wp-content\/uploads\/2025\/10\/BDOx2_REC_2025.jpg",2048,1245,false],"thumbnail":["https:\/\/www.bdplast.com\/wp-content\/uploads\/2025\/10\/BDOx2_REC_2025-150x150.jpg",150,150,true],"medium":["https:\/\/www.bdplast.com\/wp-content\/uploads\/2025\/10\/BDOx2_REC_2025-300x182.jpg",300,182,true],"large":["https:\/\/www.bdplast.com\/wp-content\/uploads\/2025\/10\/BDOx2_REC_2025-728x443.jpg",728,443,true],"1536x1536":["https:\/\/www.bdplast.com\/wp-content\/uploads\/2025\/10\/BDOx2_REC_2025-1536x934.jpg",1536,934,true],"2048x2048":["https:\/\/www.bdplast.com\/wp-content\/uploads\/2025\/10\/BDOx2_REC_2025.jpg",2048,1245,false],"codevz_360_320":["https:\/\/www.bdplast.com\/wp-content\/uploads\/2025\/10\/BDOx2_REC_2025-370x194.jpg",360,189,true],"codevz_600_600":["https:\/\/www.bdplast.com\/wp-content\/uploads\/2025\/10\/BDOx2_REC_2025-600x600.jpg",600,600,true],"codevz_1200_200":["https:\/\/www.bdplast.com\/wp-content\/uploads\/2025\/10\/BDOx2_REC_2025-1200x200.jpg",1200,200,true],"codevz_1200_500":["https:\/\/www.bdplast.com\/wp-content\/uploads\/2025\/10\/BDOx2_REC_2025-1200x500.jpg",1200,500,true],"codevz_600_1000":["https:\/\/www.bdplast.com\/wp-content\/uploads\/2025\/10\/BDOx2_REC_2025-600x1000.jpg",600,1000,true],"codevz_600_9999":["https:\/\/www.bdplast.com\/wp-content\/uploads\/2025\/10\/BDOx2_REC_2025-600x365.jpg",600,365,true],"gform-image-choice-sm":["https:\/\/www.bdplast.com\/wp-content\/uploads\/2025\/10\/BDOx2_REC_2025.jpg",300,182,false],"gform-image-choice-md":["https:\/\/www.bdplast.com\/wp-content\/uploads\/2025\/10\/BDOx2_REC_2025.jpg",400,243,false],"gform-image-choice-lg":["https:\/\/www.bdplast.com\/wp-content\/uploads\/2025\/10\/BDOx2_REC_2025.jpg",600,365,false]},"rttpg_author":{"display_name":"Max","author_link":"https:\/\/www.bdplast.com\/es\/author\/max\/"},"rttpg_comment":0,"rttpg_category":" <a href=\"https:\/\/www.bdplast.com\/es\/?taxonomy=translation_priority&#038;term=opcional\" rel=\"tag\">Opcional<\/a>","rttpg_excerpt":"[vc_row full_width=\u00bbstretch_row\u00bb css=\u00bb.vc_custom_1760023018164{background-image: url(https:\/\/www.bdplast.com\/wp-content\/uploads\/2025\/10\/BDC_fondo-HERO.jpg?id=20958) !important;background-position: center !important;background-repeat: no-repeat !important;background-size: cover !important;}\u00bb ...","_links":{"self":[{"href":"https:\/\/www.bdplast.com\/es\/wp-json\/wp\/v2\/pages\/20933","targetHints":{"allow":["GET"]}}],"collection":[{"href":"https:\/\/www.bdplast.com\/es\/wp-json\/wp\/v2\/pages"}],"about":[{"href":"https:\/\/www.bdplast.com\/es\/wp-json\/wp\/v2\/types\/page"}],"author":[{"embeddable":true,"href":"https:\/\/www.bdplast.com\/es\/wp-json\/wp\/v2\/users\/3"}],"replies":[{"embeddable":true,"href":"https:\/\/www.bdplast.com\/es\/wp-json\/wp\/v2\/comments?post=20933"}],"version-history":[{"count":5,"href":"https:\/\/www.bdplast.com\/es\/wp-json\/wp\/v2\/pages\/20933\/revisions"}],"predecessor-version":[{"id":20988,"href":"https:\/\/www.bdplast.com\/es\/wp-json\/wp\/v2\/pages\/20933\/revisions\/20988"}],"wp:featuredmedia":[{"embeddable":true,"href":"https:\/\/www.bdplast.com\/es\/wp-json\/wp\/v2\/media\/20880"}],"wp:attachment":[{"href":"https:\/\/www.bdplast.com\/es\/wp-json\/wp\/v2\/media?parent=20933"}],"curies":[{"name":"wp","href":"https:\/\/api.w.org\/{rel}","templated":true}]}}