{"id":16624,"date":"2021-05-24T11:05:12","date_gmt":"2021-05-24T09:05:12","guid":{"rendered":"https:\/\/www.bdplast.com\/?page_id=16624"},"modified":"2022-06-16T15:35:50","modified_gmt":"2022-06-16T13:35:50","slug":"centrales-oleohydrauliques-bdoc","status":"publish","type":"page","link":"https:\/\/www.bdplast.com\/fr\/centrales-oleohydrauliques-bdoc\/","title":{"rendered":"Centrales ol\u00e9ohydrauliques BDOC"},"content":{"rendered":"<div class=\"wpb-content-wrapper\"><p>[vc_row full_width=\u00a0\u00bbstretch_row\u00a0\u00bb css=\u00a0\u00bb.vc_custom_1617279524538{background-image: url(https:\/\/www.bdplast.com\/wp-content\/uploads\/2021\/04\/accessori_accessories_BDOC_cover.jpg?id=14483) !important;background-position: center !important;background-repeat: no-repeat !important;background-size: cover !important;}\u00a0\u00bb el_class=\u00a0\u00bbwhite_text\u00a0\u00bb el_id=\u00a0\u00bbhead_prodotto\u00a0\u00bb][vc_column][\/vc_column][\/vc_row][vc_row full_width=\u00a0\u00bbstretch_row\u00a0\u00bb css=\u00a0\u00bb.vc_custom_1616665112965{padding-top: 2em !important;padding-bottom: 2em !important;background-color: #ec6608 !important;}\u00a0\u00bb el_class=\u00a0\u00bbwhite_text\u00a0\u00bb][vc_column][vc_row_inner equal_height=\u00a0\u00bbyes\u00a0\u00bb content_placement=\u00a0\u00bbmiddle\u00a0\u00bb][vc_column_inner][vc_column_text]<\/p>\n<h1>Centrales ol\u00e9ohydrauliques BDOC<\/h1>\n<p>[\/vc_column_text][\/vc_column_inner][\/vc_row_inner][\/vc_column][\/vc_row][vc_row css=\u00a0\u00bb.vc_custom_1616673282130{padding-top: 4em !important;padding-bottom: 4em !important;}\u00a0\u00bb el_id=\u00a0\u00bbscheda_prodotto_intro\u00a0\u00bb][vc_column][vc_column_text]<\/p>\n<h2>Uniques sur le march\u00e9 pour leurs capacit\u00e9s de personnalisation et la qualit\u00e9 de leurs composants.<\/h2>\n<p>[\/vc_column_text][vc_column_text]Expression d\u2019un projet n\u00e9 dans le respect des normes EN 982, fix\u00e9s selon un syst\u00e8me de construction modulaire, ils repr\u00e9sentent l\u2019int\u00e9gration id\u00e9ale \u00e0 nos changeurs de filtres. Chaque d\u00e9tail a \u00e9t\u00e9 con\u00e7u en accordant la plus grande attention \u00e0 la facilit\u00e9 d\u2019utilisation, \u00e0 l\u2019entretien et aux normes de s\u00e9curit\u00e9. Comme pour toute la gamme de nos produits, il est possible de cr\u00e9er des groupes personnalis\u00e9s con\u00e7us pour l\u2019actionnement de plusieurs changeurs de filtres et, alternativement, des dispositifs ol\u00e9ohydrauliques suppl\u00e9mentaires ou des dispositifs destin\u00e9s \u00e0 d\u2019autres usages.<br \/>\nLes composants de qualit\u00e9 sup\u00e9rieure et le type de construction, hautement personnalis\u00e9s, font de nos unit\u00e9s une proposition unique sur le march\u00e9.[\/vc_column_text][\/vc_column][\/vc_row][vc_row full_width=\u00a0\u00bbstretch_row\u00a0\u00bb el_class=\u00a0\u00bbwhite_text\u00a0\u00bb el_id=\u00a0\u00bbslider\u00a0\u00bb css=\u00a0\u00bb.vc_custom_1616679219141{padding-top: 4em !important;padding-bottom: 4em !important;background-color: #e9e7dd !important;background-position: center !important;background-repeat: no-repeat !important;background-size: cover !important;}\u00a0\u00bb][vc_column]<div\n  id=\"vckit-image-slider-266668124\"\n  class=\"vckit-image-slider  \"\n  data-vckit-carousel='{\"arrows\":true,\"dots\":false,\"fade\":true,\"infinite\":true,\"arrow_style\":\"circle\",\"autoplay\":\"yes\",\"autoplay_speed\":3000,\"pause_on_hover\":\"yes\",\"speed\":300,\"md\":1,\"sm\":1,\"xs\":1,\"slides_to_scroll\":1}' data-gutter=\"0\">\n      <div class=\"vckit-image-slider__element\">\n            <img decoding=\"async\" src=\"https:\/\/www.bdplast.com\/wp-content\/uploads\/2021\/04\/accessori_accessories_BDOC_gallery_2.jpg\">\n          <\/div>\n      <div class=\"vckit-image-slider__element\">\n            <img decoding=\"async\" src=\"https:\/\/www.bdplast.com\/wp-content\/uploads\/2021\/04\/accessori_accessories_BDOC_gallery_3.jpg\">\n          <\/div>\n      <div class=\"vckit-image-slider__element\">\n            <img decoding=\"async\" src=\"https:\/\/www.bdplast.com\/wp-content\/uploads\/2021\/05\/accessori_accessories_BDOC_gallery_1.jpg\">\n          <\/div>\n      <div class=\"vckit-image-slider__element\">\n            <img decoding=\"async\" src=\"https:\/\/www.bdplast.com\/wp-content\/uploads\/2021\/04\/accessori_accessories_BDOC_gallery_4.jpg\">\n          <\/div>\n      <div class=\"vckit-image-slider__element\">\n            <img decoding=\"async\" src=\"https:\/\/www.bdplast.com\/wp-content\/uploads\/2021\/04\/accessori_accessories_BDOC_gallery_6.jpg\">\n          <\/div>\n      <div class=\"vckit-image-slider__element\">\n            <img decoding=\"async\" src=\"https:\/\/www.bdplast.com\/wp-content\/uploads\/2021\/04\/accessori_accessories_BDOC_gallery_5.jpg\">\n          <\/div>\n  <\/div>\n<style type=\"text\/css\"><\/style>\n[\/vc_column][\/vc_row][vc_row full_width=\u00a0\u00bbstretch_row\u00a0\u00bb equal_height=\u00a0\u00bbyes\u00a0\u00bb content_placement=\u00a0\u00bbmiddle\u00a0\u00bb el_id=\u00a0\u00bbscheda_prodotto\u00a0\u00bb css=\u00a0\u00bb.vc_custom_1616752804985{padding-top: 4em !important;padding-bottom: 4em !important;background-color: #475b5a !important;}\u00a0\u00bb][vc_column width=\u00a0\u00bb1\/2&Prime;][vc_single_image image=\u00a0\u00bb16626&Prime; img_size=\u00a0\u00bbfull\u00a0\u00bb][\/vc_column][vc_column width=\u00a0\u00bb1\/2&Prime;][vc_column_text]<strong>ADAPT\u00c9 \u00c0 LA PRODUCTION DE<\/strong><\/p>\n<ul class=\"ul1\">\n<li class=\"li1\">proc\u00e9d\u00e9s de polym\u00e9risation et d&rsquo;extrusion<\/li>\n<\/ul>\n<p>[\/vc_column_text][vc_empty_space height=\u00a0\u00bb1em\u00a0\u00bb][vc_row_inner][vc_column_inner width=\u00a0\u00bb2\/3&Prime;]<div class=\"\"><div class=\"cz_18681_p\"><a id=\"cz_18681\" class=\"cz_18681 cz_btn cz_btn_txt_no_fx cz_btn_no_fx cz_btn_icon_after cz_mobile_btn_center\" href=\"https:\/\/www.bdplast.com\/wp-content\/uploads\/2021\/05\/BDOC_EN.pdf\" target=\"_blank\"><span><strong>T\u00c9L\u00c9CHARGEZ LA FICHE TECHNIQUE<\/strong><i class=\"fa czico-194-download\"><\/i><\/span><b class=\"cz_btn_onhover\"><strong>T\u00c9L\u00c9CHARGEZ LA FICHE TECHNIQUE<\/strong><i class=\"fa czico-194-download\"><\/i><\/b><\/a><\/div><\/div>[\/vc_column_inner][vc_column_inner width=\u00a0\u00bb1\/3&Prime;]<div class=\"\"><div class=\"cz_37090_p\"><a id=\"cz_37090\" class=\"cz_37090 cz_btn cz_btn_txt_no_fx cz_btn_no_fx cz_btn_icon_after cz_mobile_btn_center\" href=\"https:\/\/www.youtube.com\/watch?v=w6-UKpgXxew\" rel=\"nofollow\" target=\"_blank\"><span><strong>CHANGEUR D'\u00c9CRAN DE NETTOYAGE<\/strong><i class=\"fa czico-015-play\"><\/i><\/span><b class=\"cz_btn_onhover\"><strong>CHANGEUR D'\u00c9CRAN DE NETTOYAGE<\/strong><i class=\"fa czico-015-play\"><\/i><\/b><\/a><\/div><\/div>[\/vc_column_inner][\/vc_row_inner][\/vc_column][\/vc_row]<\/p>\n<\/div>","protected":false},"excerpt":{"rendered":"<p>[vc_row full_width=\u00a0\u00bbstretch_row\u00a0\u00bb css=\u00a0\u00bb.vc_custom_1617279524538{background-image: url(https:\/\/www.bdplast.com\/wp-content\/uploads\/2021\/04\/accessori_accessories_BDOC_cover.jpg?id=14483) !important;background-position: center !important;background-repeat: no-repeat !important;background-size: cover !important;}\u00a0\u00bb &#8230; <\/p>\n","protected":false},"author":1,"featured_media":0,"parent":0,"menu_order":0,"comment_status":"closed","ping_status":"closed","template":"","meta":{"footnotes":"","_links_to":"","_links_to_target":""},"class_list":["post-16624","page","type-page","status-publish","hentry"],"yoast_head":"<!-- This site is optimized with the Yoast SEO plugin v27.5 - https:\/\/yoast.com\/product\/yoast-seo-wordpress\/ -->\n<title>Centrales ol\u00e9ohydrauliques BDOC - BD Plast<\/title>\n<meta name=\"description\" content=\"Expression d\u2019un projet n\u00e9 dans le respect des normes EN 982, fix\u00e9s selon un syst\u00e8me de construction modulaire, ils repr\u00e9sentent l\u2019int\u00e9gration id\u00e9ale \u00e0 nos changeurs de filtres.\" \/>\n<meta name=\"robots\" content=\"index, follow, max-snippet:-1, max-image-preview:large, max-video-preview:-1\" \/>\n<link rel=\"canonical\" href=\"https:\/\/www.bdplast.com\/centrali-oleodinamiche-bdoc\/\" \/>\n<meta property=\"og:locale\" content=\"fr_FR\" \/>\n<meta property=\"og:type\" content=\"article\" \/>\n<meta property=\"og:title\" content=\"Centrales ol\u00e9ohydrauliques BDOC - BD Plast\" \/>\n<meta property=\"og:description\" content=\"Expression d\u2019un projet n\u00e9 dans le respect des normes EN 982, fix\u00e9s selon un syst\u00e8me de construction modulaire, ils repr\u00e9sentent l\u2019int\u00e9gration id\u00e9ale \u00e0 nos changeurs de filtres.\" \/>\n<meta property=\"og:url\" content=\"https:\/\/www.bdplast.com\/centrali-oleodinamiche-bdoc\/\" \/>\n<meta property=\"og:site_name\" content=\"BD Plast\" \/>\n<meta property=\"article:modified_time\" content=\"2022-06-16T13:35:50+00:00\" \/>\n<meta name=\"twitter:card\" content=\"summary_large_image\" \/>\n<meta name=\"twitter:label1\" content=\"Dur\u00e9e de lecture estim\u00e9e\" \/>\n\t<meta name=\"twitter:data1\" content=\"2 minutes\" \/>\n<script type=\"application\/ld+json\" class=\"yoast-schema-graph\">{\"@context\":\"https:\\\/\\\/schema.org\",\"@graph\":[{\"@type\":\"WebPage\",\"@id\":\"https:\\\/\\\/www.bdplast.com\\\/centrali-oleodinamiche-bdoc\\\/\",\"url\":\"https:\\\/\\\/www.bdplast.com\\\/centrali-oleodinamiche-bdoc\\\/\",\"name\":\"Centrales ol\u00e9ohydrauliques BDOC - BD Plast\",\"isPartOf\":{\"@id\":\"https:\\\/\\\/www.bdplast.com\\\/#website\"},\"datePublished\":\"2021-05-24T09:05:12+00:00\",\"dateModified\":\"2022-06-16T13:35:50+00:00\",\"description\":\"Expression d\u2019un projet n\u00e9 dans le respect des normes EN 982, fix\u00e9s selon un syst\u00e8me de construction modulaire, ils repr\u00e9sentent l\u2019int\u00e9gration id\u00e9ale \u00e0 nos changeurs de filtres.\",\"breadcrumb\":{\"@id\":\"https:\\\/\\\/www.bdplast.com\\\/centrali-oleodinamiche-bdoc\\\/#breadcrumb\"},\"inLanguage\":\"fr-FR\",\"potentialAction\":[{\"@type\":\"ReadAction\",\"target\":[\"https:\\\/\\\/www.bdplast.com\\\/centrali-oleodinamiche-bdoc\\\/\"]}]},{\"@type\":\"BreadcrumbList\",\"@id\":\"https:\\\/\\\/www.bdplast.com\\\/centrali-oleodinamiche-bdoc\\\/#breadcrumb\",\"itemListElement\":[{\"@type\":\"ListItem\",\"position\":1,\"name\":\"Home\",\"item\":\"https:\\\/\\\/www.bdplast.com\\\/fr\\\/\"},{\"@type\":\"ListItem\",\"position\":2,\"name\":\"Centrales ol\u00e9ohydrauliques BDOC\"}]},{\"@type\":\"WebSite\",\"@id\":\"https:\\\/\\\/www.bdplast.com\\\/#website\",\"url\":\"https:\\\/\\\/www.bdplast.com\\\/\",\"name\":\"BD Plast\",\"description\":\"Sistemi di filtrazione, deviazione e convoglio polimeri\",\"publisher\":{\"@id\":\"https:\\\/\\\/www.bdplast.com\\\/#organization\"},\"potentialAction\":[{\"@type\":\"SearchAction\",\"target\":{\"@type\":\"EntryPoint\",\"urlTemplate\":\"https:\\\/\\\/www.bdplast.com\\\/?s={search_term_string}\"},\"query-input\":{\"@type\":\"PropertyValueSpecification\",\"valueRequired\":true,\"valueName\":\"search_term_string\"}}],\"inLanguage\":\"fr-FR\"},{\"@type\":\"Organization\",\"@id\":\"https:\\\/\\\/www.bdplast.com\\\/#organization\",\"name\":\"BD Plast\",\"url\":\"https:\\\/\\\/www.bdplast.com\\\/\",\"logo\":{\"@type\":\"ImageObject\",\"inLanguage\":\"fr-FR\",\"@id\":\"https:\\\/\\\/www.bdplast.com\\\/#\\\/schema\\\/logo\\\/image\\\/\",\"url\":\"https:\\\/\\\/www.bdplast.com\\\/wp-content\\\/uploads\\\/2025\\\/06\\\/bdplast-logo-yoast.jpg\",\"contentUrl\":\"https:\\\/\\\/www.bdplast.com\\\/wp-content\\\/uploads\\\/2025\\\/06\\\/bdplast-logo-yoast.jpg\",\"width\":1200,\"height\":628,\"caption\":\"BD Plast\"},\"image\":{\"@id\":\"https:\\\/\\\/www.bdplast.com\\\/#\\\/schema\\\/logo\\\/image\\\/\"},\"sameAs\":[\"https:\\\/\\\/www.youtube.com\\\/channel\\\/UCd6hdte7tZc8CfN_W9KxYTA\",\"https:\\\/\\\/it.linkedin.com\\\/company\\\/bd-plast-filtering-systems-srl\"]}]}<\/script>\n<!-- \/ Yoast SEO plugin. -->","yoast_head_json":{"title":"Centrales ol\u00e9ohydrauliques BDOC - BD Plast","description":"Expression d\u2019un projet n\u00e9 dans le respect des normes EN 982, fix\u00e9s selon un syst\u00e8me de construction modulaire, ils repr\u00e9sentent l\u2019int\u00e9gration id\u00e9ale \u00e0 nos changeurs de filtres.","robots":{"index":"index","follow":"follow","max-snippet":"max-snippet:-1","max-image-preview":"max-image-preview:large","max-video-preview":"max-video-preview:-1"},"canonical":"https:\/\/www.bdplast.com\/centrali-oleodinamiche-bdoc\/","og_locale":"fr_FR","og_type":"article","og_title":"Centrales ol\u00e9ohydrauliques BDOC - BD Plast","og_description":"Expression d\u2019un projet n\u00e9 dans le respect des normes EN 982, fix\u00e9s selon un syst\u00e8me de construction modulaire, ils repr\u00e9sentent l\u2019int\u00e9gration id\u00e9ale \u00e0 nos changeurs de filtres.","og_url":"https:\/\/www.bdplast.com\/centrali-oleodinamiche-bdoc\/","og_site_name":"BD Plast","article_modified_time":"2022-06-16T13:35:50+00:00","twitter_card":"summary_large_image","twitter_misc":{"Dur\u00e9e de lecture estim\u00e9e":"2 minutes"},"schema":{"@context":"https:\/\/schema.org","@graph":[{"@type":"WebPage","@id":"https:\/\/www.bdplast.com\/centrali-oleodinamiche-bdoc\/","url":"https:\/\/www.bdplast.com\/centrali-oleodinamiche-bdoc\/","name":"Centrales ol\u00e9ohydrauliques BDOC - BD Plast","isPartOf":{"@id":"https:\/\/www.bdplast.com\/#website"},"datePublished":"2021-05-24T09:05:12+00:00","dateModified":"2022-06-16T13:35:50+00:00","description":"Expression d\u2019un projet n\u00e9 dans le respect des normes EN 982, fix\u00e9s selon un syst\u00e8me de construction modulaire, ils repr\u00e9sentent l\u2019int\u00e9gration id\u00e9ale \u00e0 nos changeurs de filtres.","breadcrumb":{"@id":"https:\/\/www.bdplast.com\/centrali-oleodinamiche-bdoc\/#breadcrumb"},"inLanguage":"fr-FR","potentialAction":[{"@type":"ReadAction","target":["https:\/\/www.bdplast.com\/centrali-oleodinamiche-bdoc\/"]}]},{"@type":"BreadcrumbList","@id":"https:\/\/www.bdplast.com\/centrali-oleodinamiche-bdoc\/#breadcrumb","itemListElement":[{"@type":"ListItem","position":1,"name":"Home","item":"https:\/\/www.bdplast.com\/fr\/"},{"@type":"ListItem","position":2,"name":"Centrales ol\u00e9ohydrauliques BDOC"}]},{"@type":"WebSite","@id":"https:\/\/www.bdplast.com\/#website","url":"https:\/\/www.bdplast.com\/","name":"BD Plast","description":"Sistemi di filtrazione, deviazione e convoglio polimeri","publisher":{"@id":"https:\/\/www.bdplast.com\/#organization"},"potentialAction":[{"@type":"SearchAction","target":{"@type":"EntryPoint","urlTemplate":"https:\/\/www.bdplast.com\/?s={search_term_string}"},"query-input":{"@type":"PropertyValueSpecification","valueRequired":true,"valueName":"search_term_string"}}],"inLanguage":"fr-FR"},{"@type":"Organization","@id":"https:\/\/www.bdplast.com\/#organization","name":"BD Plast","url":"https:\/\/www.bdplast.com\/","logo":{"@type":"ImageObject","inLanguage":"fr-FR","@id":"https:\/\/www.bdplast.com\/#\/schema\/logo\/image\/","url":"https:\/\/www.bdplast.com\/wp-content\/uploads\/2025\/06\/bdplast-logo-yoast.jpg","contentUrl":"https:\/\/www.bdplast.com\/wp-content\/uploads\/2025\/06\/bdplast-logo-yoast.jpg","width":1200,"height":628,"caption":"BD Plast"},"image":{"@id":"https:\/\/www.bdplast.com\/#\/schema\/logo\/image\/"},"sameAs":["https:\/\/www.youtube.com\/channel\/UCd6hdte7tZc8CfN_W9KxYTA","https:\/\/it.linkedin.com\/company\/bd-plast-filtering-systems-srl"]}]}},"rttpg_featured_image_url":null,"rttpg_author":{"display_name":"studiochiesa","author_link":"https:\/\/www.bdplast.com\/fr\/author\/studiochiesa\/"},"rttpg_comment":0,"rttpg_category":false,"rttpg_excerpt":"[vc_row full_width=\u00a0\u00bbstretch_row\u00a0\u00bb css=\u00a0\u00bb.vc_custom_1617279524538{background-image: url(https:\/\/www.bdplast.com\/wp-content\/uploads\/2021\/04\/accessori_accessories_BDOC_cover.jpg?id=14483) !important;background-position: center !important;background-repeat: no-repeat !important;background-size: cover !important;}\u00a0\u00bb ...","_links":{"self":[{"href":"https:\/\/www.bdplast.com\/fr\/wp-json\/wp\/v2\/pages\/16624","targetHints":{"allow":["GET"]}}],"collection":[{"href":"https:\/\/www.bdplast.com\/fr\/wp-json\/wp\/v2\/pages"}],"about":[{"href":"https:\/\/www.bdplast.com\/fr\/wp-json\/wp\/v2\/types\/page"}],"author":[{"embeddable":true,"href":"https:\/\/www.bdplast.com\/fr\/wp-json\/wp\/v2\/users\/1"}],"replies":[{"embeddable":true,"href":"https:\/\/www.bdplast.com\/fr\/wp-json\/wp\/v2\/comments?post=16624"}],"version-history":[{"count":5,"href":"https:\/\/www.bdplast.com\/fr\/wp-json\/wp\/v2\/pages\/16624\/revisions"}],"predecessor-version":[{"id":18448,"href":"https:\/\/www.bdplast.com\/fr\/wp-json\/wp\/v2\/pages\/16624\/revisions\/18448"}],"wp:attachment":[{"href":"https:\/\/www.bdplast.com\/fr\/wp-json\/wp\/v2\/media?parent=16624"}],"curies":[{"name":"wp","href":"https:\/\/api.w.org\/{rel}","templated":true}]}}