{"id":16655,"date":"2021-05-24T11:10:14","date_gmt":"2021-05-24T09:10:14","guid":{"rendered":"https:\/\/www.bdplast.com\/?page_id=16655"},"modified":"2025-10-10T15:15:30","modified_gmt":"2025-10-10T13:15:30","slug":"filtre-pour-calandre-bdgs","status":"publish","type":"page","link":"https:\/\/www.bdplast.com\/fr\/filtre-pour-calandre-bdgs\/","title":{"rendered":"Filtre pour calandre BDGS"},"content":{"rendered":"<div class=\"wpb-content-wrapper\"><p>[vc_row full_width=\u00a0\u00bbstretch_row\u00a0\u00bb css=\u00a0\u00bb.vc_custom_1621424080627{background-image: url(https:\/\/www.bdplast.com\/wp-content\/uploads\/2021\/05\/accessori_accessories_BDGS_cover.jpg?id=16505) !important;background-position: center !important;background-repeat: no-repeat !important;background-size: cover !important;}\u00a0\u00bb el_class=\u00a0\u00bbwhite_text\u00a0\u00bb el_id=\u00a0\u00bbhead_prodotto\u00a0\u00bb][vc_column][\/vc_column][\/vc_row][vc_row full_width=\u00a0\u00bbstretch_row\u00a0\u00bb css=\u00a0\u00bb.vc_custom_1616665112965{padding-top: 2em !important;padding-bottom: 2em !important;background-color: #ec6608 !important;}\u00a0\u00bb el_class=\u00a0\u00bbwhite_text\u00a0\u00bb][vc_column][vc_row_inner equal_height=\u00a0\u00bbyes\u00a0\u00bb content_placement=\u00a0\u00bbmiddle\u00a0\u00bb][vc_column_inner][vc_column_text css=\u00a0\u00bb\u00a0\u00bb]<\/p>\n<h1>Filtre pour calandre BDGS<\/h1>\n<p>[\/vc_column_text][\/vc_column_inner][\/vc_row_inner][\/vc_column][\/vc_row][vc_row css=\u00a0\u00bb.vc_custom_1616673282130{padding-top: 4em !important;padding-bottom: 4em !important;}\u00a0\u00bb el_id=\u00a0\u00bbscheda_prodotto_intro\u00a0\u00bb][vc_column][vc_column_text css=\u00a0\u00bb\u00a0\u00bb]<\/p>\n<h2>Technologie de filtration altern\u00e9e pour lignes de calandrage<\/h2>\n<p>[\/vc_column_text][vc_column_text css=\u00a0\u00bb\u00a0\u00bb]Le <strong>syst\u00e8me BDGS<\/strong> est con\u00e7u pour garantir une <strong>efficacit\u00e9 maximale<\/strong> et une <strong>maintenance rapide<\/strong> dans les proc\u00e9d\u00e9s de calandrage, offrant une <strong>filtration fiable et s\u00fbre<\/strong> m\u00eame dans des conditions de fonctionnement particuli\u00e8rement exigeantes. La <strong>technologie de filtration altern\u00e9e<\/strong> permet de maintenir la productivit\u00e9 tout en minimisant les temps d\u2019arr\u00eat, tandis que la <strong>m\u00e2choire de serrage hydraulique<\/strong> assure stabilit\u00e9 et s\u00e9curit\u00e9 lors du verrouillage des \u00e9l\u00e9ments filtrants.<br \/>\nLe syst\u00e8me est \u00e9quip\u00e9 de <strong>deux v\u00e9rins hydrauliques ind\u00e9pendants<\/strong> assurant un fonctionnement pr\u00e9cis et uniforme, ainsi que d\u2019un <strong>syst\u00e8me int\u00e9gr\u00e9 de chauffage et de contr\u00f4le de la temp\u00e9rature<\/strong> pour une performance efficace et fiable.<br \/>\nCon\u00e7u pour garantir <strong>fiabilit\u00e9 m\u00eame dans les conditions les plus extr\u00eames<\/strong>, le BDGS fonctionne \u00e0 des temp\u00e9ratures allant jusqu\u2019\u00e0 <strong>250\u00b0C<\/strong> et r\u00e9siste \u00e0 des pressions jusqu\u2019\u00e0 <strong>250 bar<\/strong>, ce qui en fait la solution id\u00e9ale pour les applications n\u00e9cessitant <strong>robustesse, s\u00e9curit\u00e9 et fiabilit\u00e9 de production<\/strong>.[\/vc_column_text][\/vc_column][\/vc_row][vc_row full_width=\u00a0\u00bbstretch_row\u00a0\u00bb el_class=\u00a0\u00bbwhite_text\u00a0\u00bb el_id=\u00a0\u00bbslider\u00a0\u00bb css=\u00a0\u00bb.vc_custom_1616679219141{padding-top: 4em !important;padding-bottom: 4em !important;background-color: #e9e7dd !important;background-position: center !important;background-repeat: no-repeat !important;background-size: cover !important;}\u00a0\u00bb][vc_column]<div\n  id=\"vckit-image-slider-1655964628\"\n  class=\"vckit-image-slider  \"\n  data-vckit-carousel='{\"arrows\":true,\"dots\":false,\"fade\":true,\"infinite\":true,\"arrow_style\":\"circle\",\"autoplay\":\"yes\",\"autoplay_speed\":3000,\"pause_on_hover\":\"yes\",\"speed\":300,\"md\":1,\"sm\":1,\"xs\":1,\"slides_to_scroll\":1}' data-gutter=\"0\">\n      <div class=\"vckit-image-slider__element\">\n            <img decoding=\"async\" src=\"https:\/\/www.bdplast.com\/wp-content\/uploads\/2021\/05\/accessori_accessories_BDGS_gallery.jpg\">\n          <\/div>\n  <\/div>\n<style type=\"text\/css\"><\/style>\n[\/vc_column][\/vc_row][vc_row full_width=\u00a0\u00bbstretch_row\u00a0\u00bb equal_height=\u00a0\u00bbyes\u00a0\u00bb content_placement=\u00a0\u00bbmiddle\u00a0\u00bb el_id=\u00a0\u00bbscheda_prodotto\u00a0\u00bb css=\u00a0\u00bb.vc_custom_1616752804985{padding-top: 4em !important;padding-bottom: 4em !important;background-color: #475b5a !important;}\u00a0\u00bb][vc_column width=\u00a0\u00bb1\/2&Prime;][vc_single_image image=\u00a0\u00bb16659&Prime; img_size=\u00a0\u00bbfull\u00a0\u00bb][\/vc_column][vc_column width=\u00a0\u00bb1\/2&Prime;][vc_column_text css=\u00a0\u00bb\u00a0\u00bb]<strong>ADAPT\u00c9 \u00c0 LA PRODUCTION DE<\/strong><\/p>\n<ul>\n<li>Calandrage<\/li>\n<li>Compoundage<\/li>\n<\/ul>\n<p>[\/vc_column_text][vc_empty_space height=\u00a0\u00bb1em\u00a0\u00bb][vc_row_inner][vc_column_inner width=\u00a0\u00bb2\/3&Prime;]<div class=\"\"><div class=\"cz_40638_p\"><a id=\"cz_40638\" class=\"cz_40638 cz_btn cz_btn_txt_no_fx cz_btn_no_fx cz_btn_icon_after cz_mobile_btn_center\" href=\"https:\/\/www.bdplast.com\/wp-content\/uploads\/2025\/10\/BDPlast_Extrusion_BDGS-EN.pdf\" target=\"_blank\"><span><strong>T\u00c9L\u00c9CHARGEZ LA FICHE TECHNIQUE<\/strong><i class=\"fa czico-194-download\"><\/i><\/span><b class=\"cz_btn_onhover\"><strong>T\u00c9L\u00c9CHARGEZ LA FICHE TECHNIQUE<\/strong><i class=\"fa czico-194-download\"><\/i><\/b><\/a><\/div><\/div>[\/vc_column_inner][vc_column_inner width=\u00a0\u00bb1\/3&Prime;]<div class=\"\"><div class=\"cz_67523_p\"><a id=\"cz_67523\" class=\"cz_67523 cz_btn cz_btn_txt_no_fx cz_btn_no_fx cz_btn_icon_after cz_mobile_btn_center\" href=\"https:\/\/www.youtube.com\/watch?v=w6-UKpgXxew\" rel=\"nofollow\" target=\"_blank\"><span><strong>NETTOYAGE DE LA PLAQUE DE CHANGEMENT DE FILTRE<\/strong><i class=\"fa czico-015-play\"><\/i><\/span><b class=\"cz_btn_onhover\"><strong>NETTOYAGE DE LA PLAQUE DE CHANGEMENT DE FILTRE<\/strong><i class=\"fa czico-015-play\"><\/i><\/b><\/a><\/div><\/div>[\/vc_column_inner][\/vc_row_inner][\/vc_column][\/vc_row]<\/p>\n<\/div>","protected":false},"excerpt":{"rendered":"<p>[vc_row full_width=\u00a0\u00bbstretch_row\u00a0\u00bb css=\u00a0\u00bb.vc_custom_1621424080627{background-image: url(https:\/\/www.bdplast.com\/wp-content\/uploads\/2021\/05\/accessori_accessories_BDGS_cover.jpg?id=16505) !important;background-position: center !important;background-repeat: no-repeat !important;background-size: cover !important;}\u00a0\u00bb &#8230; <\/p>\n","protected":false},"author":1,"featured_media":0,"parent":0,"menu_order":0,"comment_status":"closed","ping_status":"closed","template":"","meta":{"footnotes":"","_links_to":"","_links_to_target":""},"class_list":["post-16655","page","type-page","status-publish","hentry"],"yoast_head":"<!-- This site is optimized with the Yoast SEO plugin v26.8 - https:\/\/yoast.com\/product\/yoast-seo-wordpress\/ -->\n<title>Filtre pour calandre BDGS - BD Plast<\/title>\n<meta name=\"description\" content=\"La solution pour \u00e9lastom\u00e8res et proc\u00e9d\u00e9s de compoundage o\u00f9 l\u2019accessibilit\u00e9 et la propret\u00e9 sont une priorit\u00e9.\" \/>\n<meta name=\"robots\" content=\"index, follow, max-snippet:-1, max-image-preview:large, max-video-preview:-1\" \/>\n<link rel=\"canonical\" href=\"https:\/\/www.bdplast.com\/fr\/filtre-pour-calandre-bdgs\/\" \/>\n<meta property=\"og:locale\" content=\"fr_FR\" \/>\n<meta property=\"og:type\" content=\"article\" \/>\n<meta property=\"og:title\" content=\"Filtre pour calandre BDGS - BD Plast\" \/>\n<meta property=\"og:description\" content=\"La solution pour \u00e9lastom\u00e8res et proc\u00e9d\u00e9s de compoundage o\u00f9 l\u2019accessibilit\u00e9 et la propret\u00e9 sont une priorit\u00e9.\" \/>\n<meta property=\"og:url\" content=\"https:\/\/www.bdplast.com\/fr\/filtre-pour-calandre-bdgs\/\" \/>\n<meta property=\"og:site_name\" content=\"BD Plast\" \/>\n<meta property=\"article:modified_time\" content=\"2025-10-10T13:15:30+00:00\" \/>\n<meta name=\"twitter:card\" content=\"summary_large_image\" \/>\n<meta name=\"twitter:label1\" content=\"Dur\u00e9e de lecture estim\u00e9e\" \/>\n\t<meta name=\"twitter:data1\" content=\"2 minutes\" \/>\n<script type=\"application\/ld+json\" class=\"yoast-schema-graph\">{\"@context\":\"https:\/\/schema.org\",\"@graph\":[{\"@type\":\"WebPage\",\"@id\":\"https:\/\/www.bdplast.com\/fr\/filtre-pour-calandre-bdgs\/\",\"url\":\"https:\/\/www.bdplast.com\/fr\/filtre-pour-calandre-bdgs\/\",\"name\":\"Filtre pour calandre BDGS - BD Plast\",\"isPartOf\":{\"@id\":\"https:\/\/www.bdplast.com\/#website\"},\"datePublished\":\"2021-05-24T09:10:14+00:00\",\"dateModified\":\"2025-10-10T13:15:30+00:00\",\"description\":\"La solution pour \u00e9lastom\u00e8res et proc\u00e9d\u00e9s de compoundage o\u00f9 l\u2019accessibilit\u00e9 et la propret\u00e9 sont une priorit\u00e9.\",\"breadcrumb\":{\"@id\":\"https:\/\/www.bdplast.com\/fr\/filtre-pour-calandre-bdgs\/#breadcrumb\"},\"inLanguage\":\"fr-FR\",\"potentialAction\":[{\"@type\":\"ReadAction\",\"target\":[\"https:\/\/www.bdplast.com\/fr\/filtre-pour-calandre-bdgs\/\"]}]},{\"@type\":\"BreadcrumbList\",\"@id\":\"https:\/\/www.bdplast.com\/fr\/filtre-pour-calandre-bdgs\/#breadcrumb\",\"itemListElement\":[{\"@type\":\"ListItem\",\"position\":1,\"name\":\"Home\",\"item\":\"https:\/\/www.bdplast.com\/fr\/\"},{\"@type\":\"ListItem\",\"position\":2,\"name\":\"Filtre pour calandre BDGS\"}]},{\"@type\":\"WebSite\",\"@id\":\"https:\/\/www.bdplast.com\/#website\",\"url\":\"https:\/\/www.bdplast.com\/\",\"name\":\"BD Plast\",\"description\":\"Sistemi di filtrazione, deviazione e convoglio polimeri\",\"publisher\":{\"@id\":\"https:\/\/www.bdplast.com\/#organization\"},\"potentialAction\":[{\"@type\":\"SearchAction\",\"target\":{\"@type\":\"EntryPoint\",\"urlTemplate\":\"https:\/\/www.bdplast.com\/?s={search_term_string}\"},\"query-input\":{\"@type\":\"PropertyValueSpecification\",\"valueRequired\":true,\"valueName\":\"search_term_string\"}}],\"inLanguage\":\"fr-FR\"},{\"@type\":\"Organization\",\"@id\":\"https:\/\/www.bdplast.com\/#organization\",\"name\":\"BD Plast\",\"url\":\"https:\/\/www.bdplast.com\/\",\"logo\":{\"@type\":\"ImageObject\",\"inLanguage\":\"fr-FR\",\"@id\":\"https:\/\/www.bdplast.com\/#\/schema\/logo\/image\/\",\"url\":\"https:\/\/www.bdplast.com\/wp-content\/uploads\/2025\/06\/bdplast-logo-yoast.jpg\",\"contentUrl\":\"https:\/\/www.bdplast.com\/wp-content\/uploads\/2025\/06\/bdplast-logo-yoast.jpg\",\"width\":1200,\"height\":628,\"caption\":\"BD Plast\"},\"image\":{\"@id\":\"https:\/\/www.bdplast.com\/#\/schema\/logo\/image\/\"},\"sameAs\":[\"https:\/\/www.youtube.com\/channel\/UCd6hdte7tZc8CfN_W9KxYTA\",\"https:\/\/it.linkedin.com\/company\/bd-plast-filtering-systems-srl\"]}]}<\/script>\n<!-- \/ Yoast SEO plugin. -->","yoast_head_json":{"title":"Filtre pour calandre BDGS - BD Plast","description":"La solution pour \u00e9lastom\u00e8res et proc\u00e9d\u00e9s de compoundage o\u00f9 l\u2019accessibilit\u00e9 et la propret\u00e9 sont une priorit\u00e9.","robots":{"index":"index","follow":"follow","max-snippet":"max-snippet:-1","max-image-preview":"max-image-preview:large","max-video-preview":"max-video-preview:-1"},"canonical":"https:\/\/www.bdplast.com\/fr\/filtre-pour-calandre-bdgs\/","og_locale":"fr_FR","og_type":"article","og_title":"Filtre pour calandre BDGS - BD Plast","og_description":"La solution pour \u00e9lastom\u00e8res et proc\u00e9d\u00e9s de compoundage o\u00f9 l\u2019accessibilit\u00e9 et la propret\u00e9 sont une priorit\u00e9.","og_url":"https:\/\/www.bdplast.com\/fr\/filtre-pour-calandre-bdgs\/","og_site_name":"BD Plast","article_modified_time":"2025-10-10T13:15:30+00:00","twitter_card":"summary_large_image","twitter_misc":{"Dur\u00e9e de lecture estim\u00e9e":"2 minutes"},"schema":{"@context":"https:\/\/schema.org","@graph":[{"@type":"WebPage","@id":"https:\/\/www.bdplast.com\/fr\/filtre-pour-calandre-bdgs\/","url":"https:\/\/www.bdplast.com\/fr\/filtre-pour-calandre-bdgs\/","name":"Filtre pour calandre BDGS - BD Plast","isPartOf":{"@id":"https:\/\/www.bdplast.com\/#website"},"datePublished":"2021-05-24T09:10:14+00:00","dateModified":"2025-10-10T13:15:30+00:00","description":"La solution pour \u00e9lastom\u00e8res et proc\u00e9d\u00e9s de compoundage o\u00f9 l\u2019accessibilit\u00e9 et la propret\u00e9 sont une priorit\u00e9.","breadcrumb":{"@id":"https:\/\/www.bdplast.com\/fr\/filtre-pour-calandre-bdgs\/#breadcrumb"},"inLanguage":"fr-FR","potentialAction":[{"@type":"ReadAction","target":["https:\/\/www.bdplast.com\/fr\/filtre-pour-calandre-bdgs\/"]}]},{"@type":"BreadcrumbList","@id":"https:\/\/www.bdplast.com\/fr\/filtre-pour-calandre-bdgs\/#breadcrumb","itemListElement":[{"@type":"ListItem","position":1,"name":"Home","item":"https:\/\/www.bdplast.com\/fr\/"},{"@type":"ListItem","position":2,"name":"Filtre pour calandre BDGS"}]},{"@type":"WebSite","@id":"https:\/\/www.bdplast.com\/#website","url":"https:\/\/www.bdplast.com\/","name":"BD Plast","description":"Sistemi di filtrazione, deviazione e convoglio polimeri","publisher":{"@id":"https:\/\/www.bdplast.com\/#organization"},"potentialAction":[{"@type":"SearchAction","target":{"@type":"EntryPoint","urlTemplate":"https:\/\/www.bdplast.com\/?s={search_term_string}"},"query-input":{"@type":"PropertyValueSpecification","valueRequired":true,"valueName":"search_term_string"}}],"inLanguage":"fr-FR"},{"@type":"Organization","@id":"https:\/\/www.bdplast.com\/#organization","name":"BD Plast","url":"https:\/\/www.bdplast.com\/","logo":{"@type":"ImageObject","inLanguage":"fr-FR","@id":"https:\/\/www.bdplast.com\/#\/schema\/logo\/image\/","url":"https:\/\/www.bdplast.com\/wp-content\/uploads\/2025\/06\/bdplast-logo-yoast.jpg","contentUrl":"https:\/\/www.bdplast.com\/wp-content\/uploads\/2025\/06\/bdplast-logo-yoast.jpg","width":1200,"height":628,"caption":"BD Plast"},"image":{"@id":"https:\/\/www.bdplast.com\/#\/schema\/logo\/image\/"},"sameAs":["https:\/\/www.youtube.com\/channel\/UCd6hdte7tZc8CfN_W9KxYTA","https:\/\/it.linkedin.com\/company\/bd-plast-filtering-systems-srl"]}]}},"rttpg_featured_image_url":null,"rttpg_author":{"display_name":"studiochiesa","author_link":"https:\/\/www.bdplast.com\/fr\/author\/studiochiesa\/"},"rttpg_comment":0,"rttpg_category":false,"rttpg_excerpt":"[vc_row full_width=\u00a0\u00bbstretch_row\u00a0\u00bb css=\u00a0\u00bb.vc_custom_1621424080627{background-image: url(https:\/\/www.bdplast.com\/wp-content\/uploads\/2021\/05\/accessori_accessories_BDGS_cover.jpg?id=16505) !important;background-position: center !important;background-repeat: no-repeat !important;background-size: cover !important;}\u00a0\u00bb ...","_links":{"self":[{"href":"https:\/\/www.bdplast.com\/fr\/wp-json\/wp\/v2\/pages\/16655","targetHints":{"allow":["GET"]}}],"collection":[{"href":"https:\/\/www.bdplast.com\/fr\/wp-json\/wp\/v2\/pages"}],"about":[{"href":"https:\/\/www.bdplast.com\/fr\/wp-json\/wp\/v2\/types\/page"}],"author":[{"embeddable":true,"href":"https:\/\/www.bdplast.com\/fr\/wp-json\/wp\/v2\/users\/1"}],"replies":[{"embeddable":true,"href":"https:\/\/www.bdplast.com\/fr\/wp-json\/wp\/v2\/comments?post=16655"}],"version-history":[{"count":9,"href":"https:\/\/www.bdplast.com\/fr\/wp-json\/wp\/v2\/pages\/16655\/revisions"}],"predecessor-version":[{"id":21160,"href":"https:\/\/www.bdplast.com\/fr\/wp-json\/wp\/v2\/pages\/16655\/revisions\/21160"}],"wp:attachment":[{"href":"https:\/\/www.bdplast.com\/fr\/wp-json\/wp\/v2\/media?parent=16655"}],"curies":[{"name":"wp","href":"https:\/\/api.w.org\/{rel}","templated":true}]}}