{"id":16663,"date":"2021-05-24T11:12:30","date_gmt":"2021-05-24T09:12:30","guid":{"rendered":"https:\/\/www.bdplast.com\/?page_id=16663"},"modified":"2022-06-16T15:39:41","modified_gmt":"2022-06-16T13:39:41","slug":"changeur-de-tetes-hydraulique-bdcf","status":"publish","type":"page","link":"https:\/\/www.bdplast.com\/fr\/changeur-de-tetes-hydraulique-bdcf\/","title":{"rendered":"Changeur de t\u00eates hydraulique BDCF"},"content":{"rendered":"<div class=\"wpb-content-wrapper\"><p>[vc_row full_width=\u00a0\u00bbstretch_row\u00a0\u00bb css=\u00a0\u00bb.vc_custom_1621424207960{background-image: url(https:\/\/www.bdplast.com\/wp-content\/uploads\/2021\/05\/accessori_accessories_BDCF_cover.jpg?id=16513) !important;background-position: center !important;background-repeat: no-repeat !important;background-size: cover !important;}\u00a0\u00bb el_class=\u00a0\u00bbwhite_text\u00a0\u00bb el_id=\u00a0\u00bbhead_prodotto\u00a0\u00bb][vc_column][\/vc_column][\/vc_row][vc_row full_width=\u00a0\u00bbstretch_row\u00a0\u00bb css=\u00a0\u00bb.vc_custom_1616665112965{padding-top: 2em !important;padding-bottom: 2em !important;background-color: #ec6608 !important;}\u00a0\u00bb el_class=\u00a0\u00bbwhite_text\u00a0\u00bb][vc_column][vc_row_inner equal_height=\u00a0\u00bbyes\u00a0\u00bb content_placement=\u00a0\u00bbmiddle\u00a0\u00bb][vc_column_inner][vc_column_text]<\/p>\n<h1>Changeur de t\u00eates hydraulique BDCF<\/h1>\n<p>[\/vc_column_text][\/vc_column_inner][\/vc_row_inner][\/vc_column][\/vc_row][vc_row css=\u00a0\u00bb.vc_custom_1616673282130{padding-top: 4em !important;padding-bottom: 4em !important;}\u00a0\u00bb el_id=\u00a0\u00bbscheda_prodotto_intro\u00a0\u00bb][vc_column][vc_column_text]<\/p>\n<h2>Un \u00e9quipement accessoire qui permet un remplacement facile et rapide des moules d\u2019extrusion par rapport aux proc\u00e9dures manuelles traditionnelles.<\/h2>\n<p>[\/vc_column_text][vc_column_text]Particuli\u00e8rement adapt\u00e9 dans les processus de production o\u00f9 le changement de la t\u00eate est fr\u00e9quent, comme dans la production de profil\u00e9s,<br \/>\nle changeur de t\u00eates hydraulique BDCF permet la r\u00e9duction des \u00ab temps morts \u00bb qui sont fonction du remplacement manuel des t\u00eates, ainsi que le pr\u00e9chauffage de celles-ci, qui peuvent ainsi \u00eatre \u00e9chang\u00e9es pendant la phase de production.<br \/>\nPeut \u00eatre fourni avec des plaques perfor\u00e9es pour int\u00e9grer la fonction de filtration. Le chauffage peut \u00eatre effectu\u00e9 via des dispositifs \u00e9lectriques ou \u00e0 liquide[\/vc_column_text][\/vc_column][\/vc_row][vc_row full_width=\u00a0\u00bbstretch_row\u00a0\u00bb el_class=\u00a0\u00bbwhite_text\u00a0\u00bb el_id=\u00a0\u00bbslider\u00a0\u00bb css=\u00a0\u00bb.vc_custom_1616679219141{padding-top: 4em !important;padding-bottom: 4em !important;background-color: #e9e7dd !important;background-position: center !important;background-repeat: no-repeat !important;background-size: cover !important;}\u00a0\u00bb][vc_column]<div\n  id=\"vckit-image-slider-2146935662\"\n  class=\"vckit-image-slider  \"\n  data-vckit-carousel='{\"arrows\":true,\"dots\":false,\"fade\":true,\"infinite\":true,\"arrow_style\":\"circle\",\"autoplay\":\"yes\",\"autoplay_speed\":3000,\"pause_on_hover\":\"yes\",\"speed\":300,\"md\":1,\"sm\":1,\"xs\":1,\"slides_to_scroll\":1}' data-gutter=\"0\">\n      <div class=\"vckit-image-slider__element\">\n            <img decoding=\"async\" src=\"https:\/\/www.bdplast.com\/wp-content\/uploads\/2021\/05\/accessori_accessories_BDCF_gallery.jpg\">\n          <\/div>\n  <\/div>\n<style type=\"text\/css\"><\/style>\n[\/vc_column][\/vc_row][vc_row full_width=\u00a0\u00bbstretch_row\u00a0\u00bb equal_height=\u00a0\u00bbyes\u00a0\u00bb content_placement=\u00a0\u00bbmiddle\u00a0\u00bb el_id=\u00a0\u00bbscheda_prodotto\u00a0\u00bb css=\u00a0\u00bb.vc_custom_1616752804985{padding-top: 4em !important;padding-bottom: 4em !important;background-color: #475b5a !important;}\u00a0\u00bb][vc_column width=\u00a0\u00bb1\/2&Prime;][vc_single_image image=\u00a0\u00bb16665&Prime; img_size=\u00a0\u00bbfull\u00a0\u00bb][\/vc_column][vc_column width=\u00a0\u00bb1\/2&Prime;][vc_column_text]<strong>ADAPT\u00c9 \u00c0 LA PRODUCTION DE<\/strong><\/p>\n<ul class=\"ul1\">\n<li class=\"li1\">proc\u00e9d\u00e9s d\u2019extrusion<\/li>\n<\/ul>\n<p>[\/vc_column_text][vc_empty_space height=\u00a0\u00bb1em\u00a0\u00bb][vc_row_inner][vc_column_inner width=\u00a0\u00bb2\/3&Prime;]<div class=\"\"><div class=\"cz_66897_p\"><a id=\"cz_66897\" class=\"cz_66897 cz_btn cz_btn_txt_no_fx cz_btn_no_fx cz_btn_icon_after cz_mobile_btn_center\" href=\"#\" target=\"_blank\"><span><strong>T\u00c9L\u00c9CHARGEZ LA FICHE TECHNIQUE<\/strong><i class=\"fa czico-194-download\"><\/i><\/span><b class=\"cz_btn_onhover\"><strong>T\u00c9L\u00c9CHARGEZ LA FICHE TECHNIQUE<\/strong><i class=\"fa czico-194-download\"><\/i><\/b><\/a><\/div><\/div>[\/vc_column_inner][vc_column_inner width=\u00a0\u00bb1\/3&Prime;]<div class=\"\"><div class=\"cz_81313_p\"><a id=\"cz_81313\" class=\"cz_81313 cz_btn cz_btn_txt_no_fx cz_btn_no_fx cz_btn_icon_after cz_mobile_btn_center\" href=\"https:\/\/www.youtube.com\/watch?v=w6-UKpgXxew\" rel=\"nofollow\" target=\"_blank\"><span><strong>NETTOYAGE DE LA PLAQUE DE CHANGEMENT DE FILTRE<\/strong><i class=\"fa czico-015-play\"><\/i><\/span><b class=\"cz_btn_onhover\"><strong>NETTOYAGE DE LA PLAQUE DE CHANGEMENT DE FILTRE<\/strong><i class=\"fa czico-015-play\"><\/i><\/b><\/a><\/div><\/div>[\/vc_column_inner][\/vc_row_inner][\/vc_column][\/vc_row]<\/p>\n<\/div>","protected":false},"excerpt":{"rendered":"<p>[vc_row full_width=\u00a0\u00bbstretch_row\u00a0\u00bb css=\u00a0\u00bb.vc_custom_1621424207960{background-image: url(https:\/\/www.bdplast.com\/wp-content\/uploads\/2021\/05\/accessori_accessories_BDCF_cover.jpg?id=16513) !important;background-position: center !important;background-repeat: no-repeat !important;background-size: cover !important;}\u00a0\u00bb &#8230; <\/p>\n","protected":false},"author":1,"featured_media":0,"parent":0,"menu_order":0,"comment_status":"closed","ping_status":"closed","template":"","meta":{"footnotes":"","_links_to":"","_links_to_target":""},"class_list":["post-16663","page","type-page","status-publish","hentry"],"yoast_head":"<!-- This site is optimized with the Yoast SEO plugin v27.5 - https:\/\/yoast.com\/product\/yoast-seo-wordpress\/ -->\n<title>Changeur de t\u00eates hydraulique BDCF - BD Plast<\/title>\n<meta name=\"description\" content=\"Particuli\u00e8rement adapt\u00e9 dans les processus de production o\u00f9 le changement de la t\u00eate est fr\u00e9quent, comme dans la production de profil\u00e9s,le changeur de t\u00eates hydraulique BDCF permet la r\u00e9duction des \u00ab temps morts \u00bb qui sont fonction du remplacement manuel des t\u00eates, ainsi que le pr\u00e9chauffage de celles-ci, qui peuvent ainsi \u00eatre \u00e9chang\u00e9es pendant la phase de production.\" \/>\n<meta name=\"robots\" content=\"index, follow, max-snippet:-1, max-image-preview:large, max-video-preview:-1\" \/>\n<link rel=\"canonical\" href=\"https:\/\/www.bdplast.com\/cambiateste-idraulico-bdcf\/\" \/>\n<meta property=\"og:locale\" content=\"fr_FR\" \/>\n<meta property=\"og:type\" content=\"article\" \/>\n<meta property=\"og:title\" content=\"Changeur de t\u00eates hydraulique BDCF - BD Plast\" \/>\n<meta property=\"og:description\" content=\"Particuli\u00e8rement adapt\u00e9 dans les processus de production o\u00f9 le changement de la t\u00eate est fr\u00e9quent, comme dans la production de profil\u00e9s,le changeur de t\u00eates hydraulique BDCF permet la r\u00e9duction des \u00ab temps morts \u00bb qui sont fonction du remplacement manuel des t\u00eates, ainsi que le pr\u00e9chauffage de celles-ci, qui peuvent ainsi \u00eatre \u00e9chang\u00e9es pendant la phase de production.\" \/>\n<meta property=\"og:url\" content=\"https:\/\/www.bdplast.com\/cambiateste-idraulico-bdcf\/\" \/>\n<meta property=\"og:site_name\" content=\"BD Plast\" \/>\n<meta property=\"article:modified_time\" content=\"2022-06-16T13:39:41+00:00\" \/>\n<meta name=\"twitter:card\" content=\"summary_large_image\" \/>\n<meta name=\"twitter:label1\" content=\"Dur\u00e9e de lecture estim\u00e9e\" \/>\n\t<meta name=\"twitter:data1\" content=\"2 minutes\" \/>\n<script type=\"application\/ld+json\" class=\"yoast-schema-graph\">{\"@context\":\"https:\\\/\\\/schema.org\",\"@graph\":[{\"@type\":\"WebPage\",\"@id\":\"https:\\\/\\\/www.bdplast.com\\\/cambiateste-idraulico-bdcf\\\/\",\"url\":\"https:\\\/\\\/www.bdplast.com\\\/cambiateste-idraulico-bdcf\\\/\",\"name\":\"Changeur de t\u00eates hydraulique BDCF - BD Plast\",\"isPartOf\":{\"@id\":\"https:\\\/\\\/www.bdplast.com\\\/#website\"},\"datePublished\":\"2021-05-24T09:12:30+00:00\",\"dateModified\":\"2022-06-16T13:39:41+00:00\",\"description\":\"Particuli\u00e8rement adapt\u00e9 dans les processus de production o\u00f9 le changement de la t\u00eate est fr\u00e9quent, comme dans la production de profil\u00e9s,le changeur de t\u00eates hydraulique BDCF permet la r\u00e9duction des \u00ab temps morts \u00bb qui sont fonction du remplacement manuel des t\u00eates, ainsi que le pr\u00e9chauffage de celles-ci, qui peuvent ainsi \u00eatre \u00e9chang\u00e9es pendant la phase de production.\",\"breadcrumb\":{\"@id\":\"https:\\\/\\\/www.bdplast.com\\\/cambiateste-idraulico-bdcf\\\/#breadcrumb\"},\"inLanguage\":\"fr-FR\",\"potentialAction\":[{\"@type\":\"ReadAction\",\"target\":[\"https:\\\/\\\/www.bdplast.com\\\/cambiateste-idraulico-bdcf\\\/\"]}]},{\"@type\":\"BreadcrumbList\",\"@id\":\"https:\\\/\\\/www.bdplast.com\\\/cambiateste-idraulico-bdcf\\\/#breadcrumb\",\"itemListElement\":[{\"@type\":\"ListItem\",\"position\":1,\"name\":\"Home\",\"item\":\"https:\\\/\\\/www.bdplast.com\\\/fr\\\/\"},{\"@type\":\"ListItem\",\"position\":2,\"name\":\"Changeur de t\u00eates hydraulique BDCF\"}]},{\"@type\":\"WebSite\",\"@id\":\"https:\\\/\\\/www.bdplast.com\\\/#website\",\"url\":\"https:\\\/\\\/www.bdplast.com\\\/\",\"name\":\"BD Plast\",\"description\":\"Sistemi di filtrazione, deviazione e convoglio polimeri\",\"publisher\":{\"@id\":\"https:\\\/\\\/www.bdplast.com\\\/#organization\"},\"potentialAction\":[{\"@type\":\"SearchAction\",\"target\":{\"@type\":\"EntryPoint\",\"urlTemplate\":\"https:\\\/\\\/www.bdplast.com\\\/?s={search_term_string}\"},\"query-input\":{\"@type\":\"PropertyValueSpecification\",\"valueRequired\":true,\"valueName\":\"search_term_string\"}}],\"inLanguage\":\"fr-FR\"},{\"@type\":\"Organization\",\"@id\":\"https:\\\/\\\/www.bdplast.com\\\/#organization\",\"name\":\"BD Plast\",\"url\":\"https:\\\/\\\/www.bdplast.com\\\/\",\"logo\":{\"@type\":\"ImageObject\",\"inLanguage\":\"fr-FR\",\"@id\":\"https:\\\/\\\/www.bdplast.com\\\/#\\\/schema\\\/logo\\\/image\\\/\",\"url\":\"https:\\\/\\\/www.bdplast.com\\\/wp-content\\\/uploads\\\/2025\\\/06\\\/bdplast-logo-yoast.jpg\",\"contentUrl\":\"https:\\\/\\\/www.bdplast.com\\\/wp-content\\\/uploads\\\/2025\\\/06\\\/bdplast-logo-yoast.jpg\",\"width\":1200,\"height\":628,\"caption\":\"BD Plast\"},\"image\":{\"@id\":\"https:\\\/\\\/www.bdplast.com\\\/#\\\/schema\\\/logo\\\/image\\\/\"},\"sameAs\":[\"https:\\\/\\\/www.youtube.com\\\/channel\\\/UCd6hdte7tZc8CfN_W9KxYTA\",\"https:\\\/\\\/it.linkedin.com\\\/company\\\/bd-plast-filtering-systems-srl\"]}]}<\/script>\n<!-- \/ Yoast SEO plugin. -->","yoast_head_json":{"title":"Changeur de t\u00eates hydraulique BDCF - BD Plast","description":"Particuli\u00e8rement adapt\u00e9 dans les processus de production o\u00f9 le changement de la t\u00eate est fr\u00e9quent, comme dans la production de profil\u00e9s,le changeur de t\u00eates hydraulique BDCF permet la r\u00e9duction des \u00ab temps morts \u00bb qui sont fonction du remplacement manuel des t\u00eates, ainsi que le pr\u00e9chauffage de celles-ci, qui peuvent ainsi \u00eatre \u00e9chang\u00e9es pendant la phase de production.","robots":{"index":"index","follow":"follow","max-snippet":"max-snippet:-1","max-image-preview":"max-image-preview:large","max-video-preview":"max-video-preview:-1"},"canonical":"https:\/\/www.bdplast.com\/cambiateste-idraulico-bdcf\/","og_locale":"fr_FR","og_type":"article","og_title":"Changeur de t\u00eates hydraulique BDCF - BD Plast","og_description":"Particuli\u00e8rement adapt\u00e9 dans les processus de production o\u00f9 le changement de la t\u00eate est fr\u00e9quent, comme dans la production de profil\u00e9s,le changeur de t\u00eates hydraulique BDCF permet la r\u00e9duction des \u00ab temps morts \u00bb qui sont fonction du remplacement manuel des t\u00eates, ainsi que le pr\u00e9chauffage de celles-ci, qui peuvent ainsi \u00eatre \u00e9chang\u00e9es pendant la phase de production.","og_url":"https:\/\/www.bdplast.com\/cambiateste-idraulico-bdcf\/","og_site_name":"BD Plast","article_modified_time":"2022-06-16T13:39:41+00:00","twitter_card":"summary_large_image","twitter_misc":{"Dur\u00e9e de lecture estim\u00e9e":"2 minutes"},"schema":{"@context":"https:\/\/schema.org","@graph":[{"@type":"WebPage","@id":"https:\/\/www.bdplast.com\/cambiateste-idraulico-bdcf\/","url":"https:\/\/www.bdplast.com\/cambiateste-idraulico-bdcf\/","name":"Changeur de t\u00eates hydraulique BDCF - BD Plast","isPartOf":{"@id":"https:\/\/www.bdplast.com\/#website"},"datePublished":"2021-05-24T09:12:30+00:00","dateModified":"2022-06-16T13:39:41+00:00","description":"Particuli\u00e8rement adapt\u00e9 dans les processus de production o\u00f9 le changement de la t\u00eate est fr\u00e9quent, comme dans la production de profil\u00e9s,le changeur de t\u00eates hydraulique BDCF permet la r\u00e9duction des \u00ab temps morts \u00bb qui sont fonction du remplacement manuel des t\u00eates, ainsi que le pr\u00e9chauffage de celles-ci, qui peuvent ainsi \u00eatre \u00e9chang\u00e9es pendant la phase de production.","breadcrumb":{"@id":"https:\/\/www.bdplast.com\/cambiateste-idraulico-bdcf\/#breadcrumb"},"inLanguage":"fr-FR","potentialAction":[{"@type":"ReadAction","target":["https:\/\/www.bdplast.com\/cambiateste-idraulico-bdcf\/"]}]},{"@type":"BreadcrumbList","@id":"https:\/\/www.bdplast.com\/cambiateste-idraulico-bdcf\/#breadcrumb","itemListElement":[{"@type":"ListItem","position":1,"name":"Home","item":"https:\/\/www.bdplast.com\/fr\/"},{"@type":"ListItem","position":2,"name":"Changeur de t\u00eates hydraulique BDCF"}]},{"@type":"WebSite","@id":"https:\/\/www.bdplast.com\/#website","url":"https:\/\/www.bdplast.com\/","name":"BD Plast","description":"Sistemi di filtrazione, deviazione e convoglio polimeri","publisher":{"@id":"https:\/\/www.bdplast.com\/#organization"},"potentialAction":[{"@type":"SearchAction","target":{"@type":"EntryPoint","urlTemplate":"https:\/\/www.bdplast.com\/?s={search_term_string}"},"query-input":{"@type":"PropertyValueSpecification","valueRequired":true,"valueName":"search_term_string"}}],"inLanguage":"fr-FR"},{"@type":"Organization","@id":"https:\/\/www.bdplast.com\/#organization","name":"BD Plast","url":"https:\/\/www.bdplast.com\/","logo":{"@type":"ImageObject","inLanguage":"fr-FR","@id":"https:\/\/www.bdplast.com\/#\/schema\/logo\/image\/","url":"https:\/\/www.bdplast.com\/wp-content\/uploads\/2025\/06\/bdplast-logo-yoast.jpg","contentUrl":"https:\/\/www.bdplast.com\/wp-content\/uploads\/2025\/06\/bdplast-logo-yoast.jpg","width":1200,"height":628,"caption":"BD Plast"},"image":{"@id":"https:\/\/www.bdplast.com\/#\/schema\/logo\/image\/"},"sameAs":["https:\/\/www.youtube.com\/channel\/UCd6hdte7tZc8CfN_W9KxYTA","https:\/\/it.linkedin.com\/company\/bd-plast-filtering-systems-srl"]}]}},"rttpg_featured_image_url":null,"rttpg_author":{"display_name":"studiochiesa","author_link":"https:\/\/www.bdplast.com\/fr\/author\/studiochiesa\/"},"rttpg_comment":0,"rttpg_category":" <a href=\"https:\/\/www.bdplast.com\/fr\/?taxonomy=translation_priority&#038;term=facultatif\" rel=\"tag\">Facultatif<\/a>","rttpg_excerpt":"[vc_row full_width=\u00a0\u00bbstretch_row\u00a0\u00bb css=\u00a0\u00bb.vc_custom_1621424207960{background-image: url(https:\/\/www.bdplast.com\/wp-content\/uploads\/2021\/05\/accessori_accessories_BDCF_cover.jpg?id=16513) !important;background-position: center !important;background-repeat: no-repeat !important;background-size: cover !important;}\u00a0\u00bb ...","_links":{"self":[{"href":"https:\/\/www.bdplast.com\/fr\/wp-json\/wp\/v2\/pages\/16663","targetHints":{"allow":["GET"]}}],"collection":[{"href":"https:\/\/www.bdplast.com\/fr\/wp-json\/wp\/v2\/pages"}],"about":[{"href":"https:\/\/www.bdplast.com\/fr\/wp-json\/wp\/v2\/types\/page"}],"author":[{"embeddable":true,"href":"https:\/\/www.bdplast.com\/fr\/wp-json\/wp\/v2\/users\/1"}],"replies":[{"embeddable":true,"href":"https:\/\/www.bdplast.com\/fr\/wp-json\/wp\/v2\/comments?post=16663"}],"version-history":[{"count":5,"href":"https:\/\/www.bdplast.com\/fr\/wp-json\/wp\/v2\/pages\/16663\/revisions"}],"predecessor-version":[{"id":18451,"href":"https:\/\/www.bdplast.com\/fr\/wp-json\/wp\/v2\/pages\/16663\/revisions\/18451"}],"wp:attachment":[{"href":"https:\/\/www.bdplast.com\/fr\/wp-json\/wp\/v2\/media?parent=16663"}],"curies":[{"name":"wp","href":"https:\/\/api.w.org\/{rel}","templated":true}]}}