{"id":16672,"date":"2021-05-24T11:19:03","date_gmt":"2021-05-24T09:19:03","guid":{"rendered":"https:\/\/www.bdplast.com\/?page_id=16672"},"modified":"2021-06-16T14:07:18","modified_gmt":"2021-06-16T12:07:18","slug":"qui-sommes-nous","status":"publish","type":"page","link":"https:\/\/www.bdplast.com\/fr\/qui-sommes-nous\/","title":{"rendered":"Qui sommes-nous"},"content":{"rendered":"<div class=\"wpb-content-wrapper\"><p>[vc_row full_width=\u00a0\u00bbstretch_row_content_no_spaces\u00a0\u00bb video_bg=\u00a0\u00bbyes\u00a0\u00bb video_bg_url=\u00a0\u00bbhttps:\/\/www.bdplast.com\/video_home\/uniti.mp4&Prime;][vc_column]\n\t\t\t<!-- START home REVOLUTION SLIDER 6.7.20 --><p class=\"rs-p-wp-fix\"><\/p>\n\t\t\t<rs-module-wrap id=\"rev_slider_1_1_wrapper\" data-source=\"gallery\" style=\"visibility:hidden;background:transparent;padding:0;margin:0px auto;margin-top:0;margin-bottom:0;\">\n\t\t\t\t<rs-module id=\"rev_slider_1_1\" style=\"\" data-version=\"6.7.20\">\n\t\t\t\t\t<rs-slides style=\"overflow: hidden; position: absolute;\">\n\t\t\t\t\t\t<rs-slide style=\"position: absolute;\" data-key=\"rs-9\" data-title=\"Slide\" data-anim=\"ms:1000;r:0;\" data-in=\"o:0;\" data-out=\"a:false;\">\n\t\t\t\t\t\t\t<img decoding=\"async\" src=\"\/\/www.bdplast.com\/wp-content\/plugins\/revslider\/sr6\/assets\/assets\/dummy.png\" alt=\"\" title=\"Qui sommes-nous\" class=\"rev-slidebg tp-rs-img rs-lazyload\" data-lazyload=\"\/\/www.bdplast.com\/wp-content\/plugins\/revslider\/sr6\/assets\/assets\/transparent.png\" data-no-retina>\n\t\t\t\t\t\t\t<rs-bgvideo \n\t\t\t\t\t\t\t\tdata-video=\"vc:none;w:100%;h:100%;nse:false;l:true;ptimer:false;\"\n\t\t\t\t\t\t\t\tdata-vimeoid=\"551884298\"\n\t\t\t\t\t\t\t\tdata-vatr=\"background=1&amp;title=0&amp;byline=0&amp;portrait=0&amp;api=1\"\n\t\t\t\t\t\t\t><\/rs-bgvideo>\n<!---->\t\t\t\t\t<\/rs-slide>\n\t\t\t\t\t<\/rs-slides>\n\t\t\t\t<\/rs-module>\n\t\t\t\t<script>\n\t\t\t\t\tsetREVStartSize({c: 'rev_slider_1_1',rl:[1240,1024,778,480],el:[500],gw:[1240],gh:[500],type:'standard',justify:'',layout:'fullwidth',mh:\"0\"});if (window.RS_MODULES!==undefined && window.RS_MODULES.modules!==undefined && window.RS_MODULES.modules[\"revslider11\"]!==undefined) {window.RS_MODULES.modules[\"revslider11\"].once = false;window.revapi1 = undefined;if (window.RS_MODULES.checkMinimal!==undefined) window.RS_MODULES.checkMinimal()}\n\t\t\t\t<\/script>\n\t\t\t<\/rs-module-wrap>\n\t\t\t<!-- END REVOLUTION SLIDER -->\n[\/vc_column][\/vc_row][vc_row full_width=\u00a0\u00bbstretch_row\u00a0\u00bb css=\u00a0\u00bb.vc_custom_1616752300475{padding-top: 2em !important;padding-bottom: 2em !important;}\u00a0\u00bb][vc_column][vc_row_inner equal_height=\u00a0\u00bbyes\u00a0\u00bb content_placement=\u00a0\u00bbmiddle\u00a0\u00bb][vc_column_inner][vc_column_text]1986 voit na\u00eetre, \u00e0 partir de la passion d\u2019une famille, BDPLAST, une entreprise familiale d\u00e9di\u00e9e \u00e0 la production et \u00e0 la vente de changeurs de filtres pour lignes d\u2019extrusion de plastique. Au cours des premi\u00e8res ann\u00e9es, l\u2019entreprise a consolid\u00e9 sa position en Italie dans le <strong>secteur de la technologie d&rsquo;extrusion en aval<\/strong>, certaine de pouvoir rivaliser gr\u00e2ce \u00e0 deux caract\u00e9ristiques simples mais indispensables : sa <strong>flexibilit\u00e9<\/strong> et sa capacit\u00e9 \u00e0 <strong>personnaliser<\/strong> les produits.[\/vc_column_text][\/vc_column_inner][\/vc_row_inner][\/vc_column][\/vc_row][vc_row full_width=\u00a0\u00bbstretch_row\u00a0\u00bb css_animation=\u00a0\u00bbnone\u00a0\u00bb css=\u00a0\u00bb.vc_custom_1616600463190{padding-top: 2em !important;padding-bottom: 4em !important;background-image: url(https:\/\/www.bdplast.com\/wp-content\/uploads\/2021\/03\/texture_about-3.jpg?id=13924) !important;background-position: 0 0 !important;background-repeat: no-repeat;background-position: center bottom !important;}\u00a0\u00bb el_id=\u00a0\u00bbaboutus\u00a0\u00bb][vc_column offset=\u00a0\u00bbvc_col-md-12 vc_hidden-md vc_hidden-sm vc_col-xs-12 vc_hidden-xs\u00a0\u00bb][vc_row_inner equal_height=\u00a0\u00bbyes\u00a0\u00bb content_placement=\u00a0\u00bbmiddle\u00a0\u00bb css=\u00a0\u00bb.vc_custom_1616595973042{margin-bottom: 2em !important;}\u00a0\u00bb][vc_column_inner width=\u00a0\u00bb1\/2&Prime;][vc_column_text]En plus de 25 ans, notre engouement pour les id\u00e9es et les solutions n\u2019a jamais cess\u00e9 : de nouvelles lignes de produits, telles que des adaptateurs, des coudes et des goulots d\u2019extrusion, ont r\u00e9cemment rejoint la gamme BD PLAST, des partenariats internationaux et collaborations, y compris avec des concurrents, et notre qualit\u00e9 de service comme valeur ajout\u00e9e pour la satisfaction du client. BDPLAST continue d\u2019exprimer sa capacit\u00e9 \u00e0 se renouveler non seulement dans ses produits, mais aussi dans le courage des actions men\u00e9es pour r\u00e9pondre aux changements les plus difficiles du contexte et du march\u00e9. Aujourd\u2019hui, BDPLAST est fier d\u2019employer une \u00e9quipe de pr\u00e8s de 40 personnes, croyant fermement \u00e0 la sp\u00e9cificit\u00e9 des r\u00f4les et des comp\u00e9tences, \u00e0 la valeur de l\u2019originalit\u00e9 et des aptitudes de chacun comme contribution importante \u00e0 une entreprise en croissance et en constante \u00e9volution.[\/vc_column_text][\/vc_column_inner][vc_column_inner width=\u00a0\u00bb1\/2&Prime;]<figure class=\"effect-hover  effect-ruby ratiooriginal  vckit_custom_class_860ab6f932b6c8  vckit-lazyload\">\n  <a href=\"#\" >\n    <img data-src=\"https:\/\/www.bdplast.com\/wp-content\/uploads\/2021\/05\/who-1.jpg\" alt=\"QUI \"\/>\n    <figcaption>\n      <div class=\"effect-caption\">\n        <h2>QUI <span><\/span><\/h2>\n        <p class=\"description\">\n          &nbsp;        <\/p>\n      <\/div>\n    <\/figcaption>\n  <\/a>\n<\/figure>\n[\/vc_column_inner][\/vc_row_inner][vc_row_inner equal_height=\u00a0\u00bbyes\u00a0\u00bb content_placement=\u00a0\u00bbmiddle\u00a0\u00bb css=\u00a0\u00bb.vc_custom_1616595967264{margin-bottom: 2em !important;}\u00a0\u00bb][vc_column_inner width=\u00a0\u00bb1\/2&Prime;]<figure class=\"effect-hover  effect-ruby ratiooriginal  vckit_custom_class_860ab6fad3502c  vckit-lazyload\">\n  <a href=\"#\" >\n    <img data-src=\"https:\/\/www.bdplast.com\/wp-content\/uploads\/2021\/05\/what.jpg\" alt=\"QUOI \"\/>\n    <figcaption>\n      <div class=\"effect-caption\">\n        <h2>QUOI <span><\/span><\/h2>\n        <p class=\"description\">\n          &nbsp;        <\/p>\n      <\/div>\n    <\/figcaption>\n  <\/a>\n<\/figure>\n[\/vc_column_inner][vc_column_inner width=\u00a0\u00bb1\/2&Prime;][vc_column_text]Une gamme compl\u00e8te, fiable et de tr\u00e8s haute qualit\u00e9 de changeurs de filtres, garantie par la ma\u00eetrise interne de l\u2019ensemble du processus, de la conception de la machine jusqu\u2019\u00e0 l\u2019assemblage chez le client. Des goulots d\u2019extrusion, des unit\u00e9s de filtrage statiques et des accessoires qui peuvent \u00eatre int\u00e9gr\u00e9s dans tout type de syst\u00e8me. Des syst\u00e8mes de filtrage flexibles et personnalis\u00e9s, parfois con\u00e7us ad hoc sur la base des demandes des clients, pour maximiser leur utilit\u00e9. Une gamme de produits en \u00e9volution, une recherche continue pour le d\u00e9veloppement de solutions innovantes, et un principe d\u2019am\u00e9lioration en continu des solutions actuelles. Maintenance et assistance apr\u00e8s-vente pour toujours garantir des interventions de qualit\u00e9, \u00e0 la hauteur des produits commercialis\u00e9s, de fa\u00e7on \u00e0 ne jamais laisser le client seul.[\/vc_column_text][\/vc_column_inner][\/vc_row_inner][vc_row_inner equal_height=\u00a0\u00bbyes\u00a0\u00bb content_placement=\u00a0\u00bbmiddle\u00a0\u00bb css=\u00a0\u00bb.vc_custom_1616595980253{margin-bottom: 2em !important;}\u00a0\u00bb][vc_column_inner width=\u00a0\u00bb1\/2&Prime;][vc_column_text]Nous utilisons les ressources informatiques et les syst\u00e8mes de conception int\u00e9gr\u00e9s en CAD-CAM les plus r\u00e9cents avec un d\u00e9partement de production avanc\u00e9. Nous avons l\u2019exp\u00e9rience et le caract\u00e8re de ceux qui connaissent le secteur et qui ont leurs racines dans la solidit\u00e9 d\u2019une entreprise qui a b\u00e2ti et affirm\u00e9 sa singularit\u00e9 sur le march\u00e9 au fil des ann\u00e9es. Nous sommes des \u00ab partenaires d\u2019extrusion \u00bb, capables de regarder l\u2019ensemble du processus d\u2019extrusion, d\u2019en saisir les probl\u00e8mes et les besoins, d\u2019exp\u00e9rimenter de nouvelles r\u00e9ponses, calqu\u00e9es sur diff\u00e9rents syst\u00e8mes et r\u00e9alit\u00e9s. Nous r\u00e9agissons en temps r\u00e9el, en assurant la rapidit\u00e9 \u00e0 tous les niveaux d\u2019intervention, de l\u2019offre \u00e9conomique, au partage du projet, jusqu\u2019\u00e0 l\u2019assistance apr\u00e8s-vente.[\/vc_column_text][\/vc_column_inner][vc_column_inner width=\u00a0\u00bb1\/2&Prime;]<figure class=\"effect-hover  effect-ruby ratiooriginal  vckit_custom_class_860ab6fb7d9e5b  vckit-lazyload\">\n  <a href=\"#\" >\n    <img data-src=\"https:\/\/www.bdplast.com\/wp-content\/uploads\/2021\/05\/how.jpg\" alt=\"COMMENT \"\/>\n    <figcaption>\n      <div class=\"effect-caption\">\n        <h2>COMMENT <span><\/span><\/h2>\n        <p class=\"description\">\n          &nbsp;        <\/p>\n      <\/div>\n    <\/figcaption>\n  <\/a>\n<\/figure>\n[\/vc_column_inner][\/vc_row_inner][vc_row_inner equal_height=\u00a0\u00bbyes\u00a0\u00bb content_placement=\u00a0\u00bbmiddle\u00a0\u00bb][vc_column_inner width=\u00a0\u00bb1\/2&Prime;]<figure class=\"effect-hover  effect-ruby ratiooriginal  vckit_custom_class_860ab6fc2b3e82  vckit-lazyload\">\n  <a href=\"#\" >\n    <img data-src=\"https:\/\/www.bdplast.com\/wp-content\/uploads\/2021\/05\/where.jpg\" alt=\"O\u00d9 \"\/>\n    <figcaption>\n      <div class=\"effect-caption\">\n        <h2>O\u00d9 <span><\/span><\/h2>\n        <p class=\"description\">\n          &nbsp;        <\/p>\n      <\/div>\n    <\/figcaption>\n  <\/a>\n<\/figure>\n[\/vc_column_inner][vc_column_inner width=\u00a0\u00bb1\/2&Prime;][vc_column_text]Nous sommes une entreprise \u00e0 <strong>vocation internationaler\u00e9seau de vente<\/strong> \u00e9tendu et en croissance constante.[\/vc_column_text][vc_empty_space height=\u00a0\u00bb2em\u00a0\u00bb]<div class=\"\"><div class=\"cz_86533_p\"><a id=\"cz_86533\" class=\"cz_86533 cz_btn cz_btn_txt_no_fx cz_btn_no_fx cz_mobile_btn_center\" href=\"https:\/\/www.bdplast.com\/mappa_contatti\/map.html\" target=\"_blank\"><span><strong>TROUVEZ NOS AGENTS<\/strong><\/span><b class=\"cz_btn_onhover\"><strong>TROUVEZ NOS AGENTS<\/strong><\/b><\/a><\/div><\/div>[\/vc_column_inner][\/vc_row_inner][\/vc_column][\/vc_row][vc_row full_width=\u00a0\u00bbstretch_row\u00a0\u00bb css_animation=\u00a0\u00bbnone\u00a0\u00bb css=\u00a0\u00bb.vc_custom_1622794082741{padding-top: 2em !important;padding-bottom: 1em !important;background-color: #e9e7dd !important;background-position: 0 0 !important;background-repeat: no-repeat !important;}\u00a0\u00bb el_id=\u00a0\u00bbaboutusm\u00a0\u00bb][vc_column offset=\u00a0\u00bbvc_hidden-lg vc_col-md-12 vc_col-xs-12&Prime;][vc_row_inner equal_height=\u00a0\u00bbyes\u00a0\u00bb content_placement=\u00a0\u00bbmiddle\u00a0\u00bb css=\u00a0\u00bb.vc_custom_1616595973042{margin-bottom: 2em !important;}\u00a0\u00bb][vc_column_inner width=\u00a0\u00bb1\/2&Prime;][vc_single_image image=\u00a0\u00bb16684&Prime; img_size=\u00a0\u00bbfull\u00a0\u00bb][\/vc_column_inner][vc_column_inner width=\u00a0\u00bb1\/2&Prime;][vc_column_text]En plus de 25 ans, notre engouement pour les id\u00e9es et les solutions n\u2019a jamais cess\u00e9 : de nouvelles lignes de produits, telles que des adaptateurs, des coudes et des goulots d\u2019extrusion, ont r\u00e9cemment rejoint la gamme BD PLAST, des partenariats internationaux et collaborations, y compris avec des concurrents, et notre qualit\u00e9 de service comme valeur ajout\u00e9e pour la satisfaction du client. BDPLAST continue d\u2019exprimer sa capacit\u00e9 \u00e0 se renouveler non seulement dans ses produits, mais aussi dans le courage des actions men\u00e9es pour r\u00e9pondre aux changements les plus difficiles du contexte et du march\u00e9. Aujourd\u2019hui, BDPLAST est fier d\u2019employer une \u00e9quipe de pr\u00e8s de 40 personnes, croyant fermement \u00e0 la sp\u00e9cificit\u00e9 des r\u00f4les et des comp\u00e9tences, \u00e0 la valeur de l\u2019originalit\u00e9 et des aptitudes de chacun comme contribution importante \u00e0 une entreprise en croissance et en constante \u00e9volution.[\/vc_column_text][\/vc_column_inner][\/vc_row_inner][\/vc_column][\/vc_row][vc_row full_width=\u00a0\u00bbstretch_row\u00a0\u00bb css_animation=\u00a0\u00bbnone\u00a0\u00bb css=\u00a0\u00bb.vc_custom_1622794445711{padding-bottom: 1em !important;background-color: #e9e7dd !important;background-position: 0 0 !important;background-repeat: no-repeat !important;}\u00a0\u00bb el_id=\u00a0\u00bbaboutusm\u00a0\u00bb][vc_column offset=\u00a0\u00bbvc_hidden-lg vc_col-md-12 vc_col-xs-12&Prime;][vc_row_inner equal_height=\u00a0\u00bbyes\u00a0\u00bb content_placement=\u00a0\u00bbmiddle\u00a0\u00bb css=\u00a0\u00bb.vc_custom_1616595967264{margin-bottom: 2em !important;}\u00a0\u00bb][vc_column_inner width=\u00a0\u00bb1\/2&Prime;][vc_single_image image=\u00a0\u00bb16681&Prime; img_size=\u00a0\u00bbfull\u00a0\u00bb][\/vc_column_inner][vc_column_inner width=\u00a0\u00bb1\/2&Prime;][vc_column_text]Une gamme compl\u00e8te, fiable et de tr\u00e8s haute qualit\u00e9 de changeurs de filtres, garantie par la ma\u00eetrise interne de l\u2019ensemble du processus, de la conception de la machine jusqu\u2019\u00e0 l\u2019assemblage chez le client. Des goulots d\u2019extrusion, des unit\u00e9s de filtrage statiques et des accessoires qui peuvent \u00eatre int\u00e9gr\u00e9s dans tout type de syst\u00e8me. Des syst\u00e8mes de filtrage flexibles et personnalis\u00e9s, parfois con\u00e7us ad hoc sur la base des demandes des clients, pour maximiser leur utilit\u00e9. Une gamme de produits en \u00e9volution, une recherche continue pour le d\u00e9veloppement de solutions innovantes, et un principe d\u2019am\u00e9lioration en continu des solutions actuelles. Maintenance et assistance apr\u00e8s-vente pour toujours garantir des interventions de qualit\u00e9, \u00e0 la hauteur des produits commercialis\u00e9s, de fa\u00e7on \u00e0 ne jamais laisser le client seul.[\/vc_column_text][\/vc_column_inner][\/vc_row_inner][\/vc_column][\/vc_row][vc_row full_width=\u00a0\u00bbstretch_row\u00a0\u00bb css_animation=\u00a0\u00bbnone\u00a0\u00bb css=\u00a0\u00bb.vc_custom_1622794449807{padding-bottom: 1em !important;background-color: #e9e7dd !important;background-position: 0 0 !important;background-repeat: no-repeat !important;}\u00a0\u00bb el_id=\u00a0\u00bbaboutusm\u00a0\u00bb][vc_column offset=\u00a0\u00bbvc_hidden-lg vc_col-md-12 vc_col-xs-12&Prime;][vc_row_inner equal_height=\u00a0\u00bbyes\u00a0\u00bb content_placement=\u00a0\u00bbmiddle\u00a0\u00bb css=\u00a0\u00bb.vc_custom_1616595980253{margin-bottom: 2em !important;}\u00a0\u00bb][vc_column_inner width=\u00a0\u00bb1\/2&Prime;][vc_single_image image=\u00a0\u00bb16682&Prime; img_size=\u00a0\u00bbfull\u00a0\u00bb][\/vc_column_inner][vc_column_inner width=\u00a0\u00bb1\/2&Prime;][vc_column_text]Nous utilisons les ressources informatiques et les syst\u00e8mes de conception int\u00e9gr\u00e9s en CAD-CAM les plus r\u00e9cents avec un d\u00e9partement de production avanc\u00e9. Nous avons l\u2019exp\u00e9rience et le caract\u00e8re de ceux qui connaissent le secteur et qui ont leurs racines dans la solidit\u00e9 d\u2019une entreprise qui a b\u00e2ti et affirm\u00e9 sa singularit\u00e9 sur le march\u00e9 au fil des ann\u00e9es. Nous sommes des \u00ab partenaires d\u2019extrusion \u00bb, capables de regarder l\u2019ensemble du processus d\u2019extrusion, d\u2019en saisir les probl\u00e8mes et les besoins, d\u2019exp\u00e9rimenter de nouvelles r\u00e9ponses, calqu\u00e9es sur diff\u00e9rents syst\u00e8mes et r\u00e9alit\u00e9s. Nous r\u00e9agissons en temps r\u00e9el, en assurant la rapidit\u00e9 \u00e0 tous les niveaux d\u2019intervention, de l\u2019offre \u00e9conomique, au partage du projet, jusqu\u2019\u00e0 l\u2019assistance apr\u00e8s-vente.[\/vc_column_text][\/vc_column_inner][\/vc_row_inner][\/vc_column][\/vc_row][vc_row full_width=\u00a0\u00bbstretch_row\u00a0\u00bb css_animation=\u00a0\u00bbnone\u00a0\u00bb css=\u00a0\u00bb.vc_custom_1622794454636{padding-bottom: 4em !important;background-image: url(https:\/\/www.bdplast.com\/wp-content\/uploads\/2021\/03\/texture_about-3.jpg?id=13924) !important;background-position: center !important;background-repeat: no-repeat !important;background-size: cover !important;}\u00a0\u00bb el_id=\u00a0\u00bbaboutusm\u00a0\u00bb][vc_column offset=\u00a0\u00bbvc_hidden-lg vc_col-md-12 vc_col-xs-12&Prime;][vc_row_inner equal_height=\u00a0\u00bbyes\u00a0\u00bb content_placement=\u00a0\u00bbmiddle\u00a0\u00bb][vc_column_inner width=\u00a0\u00bb1\/2&Prime;][vc_single_image image=\u00a0\u00bb16683&Prime; img_size=\u00a0\u00bbfull\u00a0\u00bb][\/vc_column_inner][vc_column_inner width=\u00a0\u00bb1\/2&Prime;][vc_column_text]Nous sommes une entreprise \u00e0 <strong>vocation internationaler\u00e9seau de vente<\/strong> \u00e9tendu et en croissance constante.[\/vc_column_text][vc_empty_space height=\u00a0\u00bb2em\u00a0\u00bb]<div class=\"\"><div class=\"cz_86533_p\"><a id=\"cz_86533\" class=\"cz_86533 cz_btn cz_btn_txt_no_fx cz_btn_no_fx cz_mobile_btn_center\" href=\"https:\/\/www.bdplast.com\/mappa_contatti\/map.html\" target=\"_blank\"><span><strong>TROUVEZ NOS AGENTS<\/strong><\/span><b class=\"cz_btn_onhover\"><strong>TROUVEZ NOS AGENTS<\/strong><\/b><\/a><\/div><\/div>[\/vc_column_inner][\/vc_row_inner][\/vc_column][\/vc_row]<\/p>\n<\/div>","protected":false},"excerpt":{"rendered":"<p>[vc_row full_width=\u00a0\u00bbstretch_row_content_no_spaces\u00a0\u00bb video_bg=\u00a0\u00bbyes\u00a0\u00bb video_bg_url=\u00a0\u00bbhttps:\/\/www.bdplast.com\/video_home\/uniti.mp4&Prime;][vc_column][\/vc_column][\/vc_row][vc_row full_width=\u00a0\u00bbstretch_row\u00a0\u00bb css=\u00a0\u00bb.vc_custom_1616752300475{padding-top: 2em !important;padding-bottom: 2em !important;}\u00a0\u00bb][vc_column][vc_row_inner equal_height=\u00a0\u00bbyes\u00a0\u00bb &#8230; <\/p>\n","protected":false},"author":1,"featured_media":0,"parent":0,"menu_order":0,"comment_status":"closed","ping_status":"closed","template":"","meta":{"footnotes":"","_links_to":"","_links_to_target":""},"class_list":["post-16672","page","type-page","status-publish","hentry"],"yoast_head":"<!-- This site is optimized with the Yoast SEO plugin v27.6 - https:\/\/yoast.com\/product\/yoast-seo-wordpress\/ -->\n<title>Qui sommes-nous - BD Plast<\/title>\n<meta name=\"robots\" content=\"index, follow, max-snippet:-1, max-image-preview:large, max-video-preview:-1\" \/>\n<link rel=\"canonical\" href=\"https:\/\/www.bdplast.com\/chi-siamo\/\" \/>\n<meta property=\"og:locale\" content=\"fr_FR\" \/>\n<meta property=\"og:type\" content=\"article\" \/>\n<meta property=\"og:title\" content=\"Qui sommes-nous - BD Plast\" \/>\n<meta property=\"og:description\" content=\"[vc_row full_width=\u00a0\u00bbstretch_row_content_no_spaces\u00a0\u00bb video_bg=\u00a0\u00bbyes\u00a0\u00bb video_bg_url=\u00a0\u00bbhttps:\/\/www.bdplast.com\/video_home\/uniti.mp4&Prime;][vc_column][\/vc_column][\/vc_row][vc_row full_width=\u00a0\u00bbstretch_row\u00a0\u00bb css=\u00a0\u00bb.vc_custom_1616752300475{padding-top: 2em !important;padding-bottom: 2em !important;}\u00a0\u00bb][vc_column][vc_row_inner equal_height=\u00a0\u00bbyes\u00a0\u00bb ...\" \/>\n<meta property=\"og:url\" content=\"https:\/\/www.bdplast.com\/chi-siamo\/\" \/>\n<meta property=\"og:site_name\" content=\"BD Plast\" \/>\n<meta property=\"article:modified_time\" content=\"2021-06-16T12:07:18+00:00\" \/>\n<meta name=\"twitter:card\" content=\"summary_large_image\" \/>\n<meta name=\"twitter:label1\" content=\"Dur\u00e9e de lecture estim\u00e9e\" \/>\n\t<meta name=\"twitter:data1\" content=\"5 minutes\" \/>\n<script type=\"application\/ld+json\" class=\"yoast-schema-graph\">{\"@context\":\"https:\\\/\\\/schema.org\",\"@graph\":[{\"@type\":\"WebPage\",\"@id\":\"https:\\\/\\\/www.bdplast.com\\\/chi-siamo\\\/\",\"url\":\"https:\\\/\\\/www.bdplast.com\\\/chi-siamo\\\/\",\"name\":\"Qui sommes-nous - BD Plast\",\"isPartOf\":{\"@id\":\"https:\\\/\\\/www.bdplast.com\\\/#website\"},\"datePublished\":\"2021-05-24T09:19:03+00:00\",\"dateModified\":\"2021-06-16T12:07:18+00:00\",\"breadcrumb\":{\"@id\":\"https:\\\/\\\/www.bdplast.com\\\/chi-siamo\\\/#breadcrumb\"},\"inLanguage\":\"fr-FR\",\"potentialAction\":[{\"@type\":\"ReadAction\",\"target\":[\"https:\\\/\\\/www.bdplast.com\\\/chi-siamo\\\/\"]}]},{\"@type\":\"BreadcrumbList\",\"@id\":\"https:\\\/\\\/www.bdplast.com\\\/chi-siamo\\\/#breadcrumb\",\"itemListElement\":[{\"@type\":\"ListItem\",\"position\":1,\"name\":\"Home\",\"item\":\"https:\\\/\\\/www.bdplast.com\\\/fr\\\/\"},{\"@type\":\"ListItem\",\"position\":2,\"name\":\"Qui sommes-nous\"}]},{\"@type\":\"WebSite\",\"@id\":\"https:\\\/\\\/www.bdplast.com\\\/#website\",\"url\":\"https:\\\/\\\/www.bdplast.com\\\/\",\"name\":\"BD Plast\",\"description\":\"Sistemi di filtrazione, deviazione e convoglio polimeri\",\"publisher\":{\"@id\":\"https:\\\/\\\/www.bdplast.com\\\/#organization\"},\"potentialAction\":[{\"@type\":\"SearchAction\",\"target\":{\"@type\":\"EntryPoint\",\"urlTemplate\":\"https:\\\/\\\/www.bdplast.com\\\/?s={search_term_string}\"},\"query-input\":{\"@type\":\"PropertyValueSpecification\",\"valueRequired\":true,\"valueName\":\"search_term_string\"}}],\"inLanguage\":\"fr-FR\"},{\"@type\":\"Organization\",\"@id\":\"https:\\\/\\\/www.bdplast.com\\\/#organization\",\"name\":\"BD Plast\",\"url\":\"https:\\\/\\\/www.bdplast.com\\\/\",\"logo\":{\"@type\":\"ImageObject\",\"inLanguage\":\"fr-FR\",\"@id\":\"https:\\\/\\\/www.bdplast.com\\\/#\\\/schema\\\/logo\\\/image\\\/\",\"url\":\"https:\\\/\\\/www.bdplast.com\\\/wp-content\\\/uploads\\\/2025\\\/06\\\/bdplast-logo-yoast.jpg\",\"contentUrl\":\"https:\\\/\\\/www.bdplast.com\\\/wp-content\\\/uploads\\\/2025\\\/06\\\/bdplast-logo-yoast.jpg\",\"width\":1200,\"height\":628,\"caption\":\"BD Plast\"},\"image\":{\"@id\":\"https:\\\/\\\/www.bdplast.com\\\/#\\\/schema\\\/logo\\\/image\\\/\"},\"sameAs\":[\"https:\\\/\\\/www.youtube.com\\\/channel\\\/UCd6hdte7tZc8CfN_W9KxYTA\",\"https:\\\/\\\/it.linkedin.com\\\/company\\\/bd-plast-filtering-systems-srl\"]}]}<\/script>\n<!-- \/ Yoast SEO plugin. -->","yoast_head_json":{"title":"Qui sommes-nous - BD Plast","robots":{"index":"index","follow":"follow","max-snippet":"max-snippet:-1","max-image-preview":"max-image-preview:large","max-video-preview":"max-video-preview:-1"},"canonical":"https:\/\/www.bdplast.com\/chi-siamo\/","og_locale":"fr_FR","og_type":"article","og_title":"Qui sommes-nous - BD Plast","og_description":"[vc_row full_width=\u00a0\u00bbstretch_row_content_no_spaces\u00a0\u00bb video_bg=\u00a0\u00bbyes\u00a0\u00bb video_bg_url=\u00a0\u00bbhttps:\/\/www.bdplast.com\/video_home\/uniti.mp4&Prime;][vc_column][\/vc_column][\/vc_row][vc_row full_width=\u00a0\u00bbstretch_row\u00a0\u00bb css=\u00a0\u00bb.vc_custom_1616752300475{padding-top: 2em !important;padding-bottom: 2em !important;}\u00a0\u00bb][vc_column][vc_row_inner equal_height=\u00a0\u00bbyes\u00a0\u00bb ...","og_url":"https:\/\/www.bdplast.com\/chi-siamo\/","og_site_name":"BD Plast","article_modified_time":"2021-06-16T12:07:18+00:00","twitter_card":"summary_large_image","twitter_misc":{"Dur\u00e9e de lecture estim\u00e9e":"5 minutes"},"schema":{"@context":"https:\/\/schema.org","@graph":[{"@type":"WebPage","@id":"https:\/\/www.bdplast.com\/chi-siamo\/","url":"https:\/\/www.bdplast.com\/chi-siamo\/","name":"Qui sommes-nous - BD Plast","isPartOf":{"@id":"https:\/\/www.bdplast.com\/#website"},"datePublished":"2021-05-24T09:19:03+00:00","dateModified":"2021-06-16T12:07:18+00:00","breadcrumb":{"@id":"https:\/\/www.bdplast.com\/chi-siamo\/#breadcrumb"},"inLanguage":"fr-FR","potentialAction":[{"@type":"ReadAction","target":["https:\/\/www.bdplast.com\/chi-siamo\/"]}]},{"@type":"BreadcrumbList","@id":"https:\/\/www.bdplast.com\/chi-siamo\/#breadcrumb","itemListElement":[{"@type":"ListItem","position":1,"name":"Home","item":"https:\/\/www.bdplast.com\/fr\/"},{"@type":"ListItem","position":2,"name":"Qui sommes-nous"}]},{"@type":"WebSite","@id":"https:\/\/www.bdplast.com\/#website","url":"https:\/\/www.bdplast.com\/","name":"BD Plast","description":"Sistemi di filtrazione, deviazione e convoglio polimeri","publisher":{"@id":"https:\/\/www.bdplast.com\/#organization"},"potentialAction":[{"@type":"SearchAction","target":{"@type":"EntryPoint","urlTemplate":"https:\/\/www.bdplast.com\/?s={search_term_string}"},"query-input":{"@type":"PropertyValueSpecification","valueRequired":true,"valueName":"search_term_string"}}],"inLanguage":"fr-FR"},{"@type":"Organization","@id":"https:\/\/www.bdplast.com\/#organization","name":"BD Plast","url":"https:\/\/www.bdplast.com\/","logo":{"@type":"ImageObject","inLanguage":"fr-FR","@id":"https:\/\/www.bdplast.com\/#\/schema\/logo\/image\/","url":"https:\/\/www.bdplast.com\/wp-content\/uploads\/2025\/06\/bdplast-logo-yoast.jpg","contentUrl":"https:\/\/www.bdplast.com\/wp-content\/uploads\/2025\/06\/bdplast-logo-yoast.jpg","width":1200,"height":628,"caption":"BD Plast"},"image":{"@id":"https:\/\/www.bdplast.com\/#\/schema\/logo\/image\/"},"sameAs":["https:\/\/www.youtube.com\/channel\/UCd6hdte7tZc8CfN_W9KxYTA","https:\/\/it.linkedin.com\/company\/bd-plast-filtering-systems-srl"]}]}},"rttpg_featured_image_url":null,"rttpg_author":{"display_name":"studiochiesa","author_link":"https:\/\/www.bdplast.com\/fr\/author\/studiochiesa\/"},"rttpg_comment":0,"rttpg_category":" <a href=\"https:\/\/www.bdplast.com\/fr\/?taxonomy=translation_priority&#038;term=facultatif\" rel=\"tag\">Facultatif<\/a>","rttpg_excerpt":"[vc_row full_width=\u00a0\u00bbstretch_row_content_no_spaces\u00a0\u00bb video_bg=\u00a0\u00bbyes\u00a0\u00bb video_bg_url=\u00a0\u00bbhttps:\/\/www.bdplast.com\/video_home\/uniti.mp4&Prime;][vc_column][\/vc_column][\/vc_row][vc_row full_width=\u00a0\u00bbstretch_row\u00a0\u00bb css=\u00a0\u00bb.vc_custom_1616752300475{padding-top: 2em !important;padding-bottom: 2em !important;}\u00a0\u00bb][vc_column][vc_row_inner equal_height=\u00a0\u00bbyes\u00a0\u00bb ...","_links":{"self":[{"href":"https:\/\/www.bdplast.com\/fr\/wp-json\/wp\/v2\/pages\/16672","targetHints":{"allow":["GET"]}}],"collection":[{"href":"https:\/\/www.bdplast.com\/fr\/wp-json\/wp\/v2\/pages"}],"about":[{"href":"https:\/\/www.bdplast.com\/fr\/wp-json\/wp\/v2\/types\/page"}],"author":[{"embeddable":true,"href":"https:\/\/www.bdplast.com\/fr\/wp-json\/wp\/v2\/users\/1"}],"replies":[{"embeddable":true,"href":"https:\/\/www.bdplast.com\/fr\/wp-json\/wp\/v2\/comments?post=16672"}],"version-history":[{"count":5,"href":"https:\/\/www.bdplast.com\/fr\/wp-json\/wp\/v2\/pages\/16672\/revisions"}],"predecessor-version":[{"id":17266,"href":"https:\/\/www.bdplast.com\/fr\/wp-json\/wp\/v2\/pages\/16672\/revisions\/17266"}],"wp:attachment":[{"href":"https:\/\/www.bdplast.com\/fr\/wp-json\/wp\/v2\/media?parent=16672"}],"curies":[{"name":"wp","href":"https:\/\/api.w.org\/{rel}","templated":true}]}}