{"id":16717,"date":"2021-05-24T11:25:39","date_gmt":"2021-05-24T09:25:39","guid":{"rendered":"https:\/\/www.bdplast.com\/?page_id=16717"},"modified":"2022-06-16T14:36:04","modified_gmt":"2022-06-16T12:36:04","slug":"changeur-de-filtres-a-cliquet-bdlg","status":"publish","type":"page","link":"https:\/\/www.bdplast.com\/fr\/changeur-de-filtres-a-cliquet-bdlg\/","title":{"rendered":"Changeur de filtres \u00e0 cliquet BDLG"},"content":{"rendered":"<div class=\"wpb-content-wrapper\"><p>[vc_row full_width=\u00a0\u00bbstretch_row\u00a0\u00bb css=\u00a0\u00bb.vc_custom_1621592039978{background-image: url(https:\/\/www.bdplast.com\/wp-content\/uploads\/2021\/03\/cambiafiltri_manuali_manual_screen_changers_BDLG_cover.jpg?id=14214) !important;background-position: center !important;background-repeat: no-repeat !important;background-size: cover !important;}\u00a0\u00bb el_class=\u00a0\u00bbwhite_text\u00a0\u00bb el_id=\u00a0\u00bbhead_prodotto\u00a0\u00bb][vc_column][\/vc_column][\/vc_row][vc_row full_width=\u00a0\u00bbstretch_row\u00a0\u00bb css=\u00a0\u00bb.vc_custom_1616665112965{padding-top: 2em !important;padding-bottom: 2em !important;background-color: #ec6608 !important;}\u00a0\u00bb el_class=\u00a0\u00bbwhite_text\u00a0\u00bb][vc_column][vc_row_inner equal_height=\u00a0\u00bbyes\u00a0\u00bb content_placement=\u00a0\u00bbmiddle\u00a0\u00bb][vc_column_inner][vc_column_text]<\/p>\n<h1 class=\"title\">Changeur de filtres \u00e0 cliquet BDLG<\/h1>\n<p>[\/vc_column_text][\/vc_column_inner][\/vc_row_inner][\/vc_column][\/vc_row][vc_row css=\u00a0\u00bb.vc_custom_1616673282130{padding-top: 4em !important;padding-bottom: 4em !important;}\u00a0\u00bb el_id=\u00a0\u00bbscheda_prodotto_intro\u00a0\u00bb][vc_column][vc_column_text]<\/p>\n<h2>Design \u00e9pur\u00e9, facilit\u00e9 d\u2019utilisation, excellente compacit\u00e9 : telle est l\u2019\u00e9volution technique des changeurs de filtres manuels.<\/h2>\n<p>[\/vc_column_text][vc_column_text]Plus qu\u2019une \u00e9volution naturelle du BDL, la gamme BDLG se distingue par son design extr\u00eamement \u00e9pur\u00e9 &#8211; r\u00e9sultat d\u2019une planification minutieuse &#8211; d\u2019une extr\u00eame facilit\u00e9 d\u2019utilisation et d\u2019une excellente compacit\u00e9.<br \/>\nDisponibles avec des masses filtrantes de \u00d8 45 \u00e0 \u00d8 250 mm, ils repr\u00e9sentent un choix de haute qualit\u00e9 parmi les dispositifs \u00e0 actionnement manuel.<br \/>\nLe d\u00e9placement de la plaque porte-filtres s\u2019effectue \u00e0 travers une s\u00e9rie de roues dent\u00e9es, actionn\u00e9es par une simple cl\u00e9 \u00e0 cliquet r\u00e9versible qui permet, gr\u00e2ce au syst\u00e8me de ramassage, de r\u00e9duire au maximum les dimensions d\u2019actionnement.<br \/>\nLe rapport favorable de r\u00e9duction rend le mouvement de la plaque facile et sans effort, y compris avec des masses filtrantes cons\u00e9quentes.[\/vc_column_text][\/vc_column][\/vc_row][vc_row full_width=\u00a0\u00bbstretch_row\u00a0\u00bb el_class=\u00a0\u00bbwhite_text\u00a0\u00bb el_id=\u00a0\u00bbslider\u00a0\u00bb css=\u00a0\u00bb.vc_custom_1616679219141{padding-top: 4em !important;padding-bottom: 4em !important;background-color: #e9e7dd !important;background-position: center !important;background-repeat: no-repeat !important;background-size: cover !important;}\u00a0\u00bb][vc_column]<div\n  id=\"vckit-image-slider-510183368\"\n  class=\"vckit-image-slider  \"\n  data-vckit-carousel='{\"arrows\":true,\"dots\":false,\"fade\":true,\"infinite\":true,\"arrow_style\":\"circle\",\"autoplay\":\"yes\",\"autoplay_speed\":3000,\"pause_on_hover\":\"yes\",\"speed\":300,\"md\":1,\"sm\":1,\"xs\":1,\"slides_to_scroll\":1}' data-gutter=\"0\">\n      <div class=\"vckit-image-slider__element\">\n            <img decoding=\"async\" src=\"https:\/\/www.bdplast.com\/wp-content\/uploads\/2021\/03\/cambiafiltri_manuali_manual_screen_changers_BDLG_gallery_3.jpg\">\n          <\/div>\n      <div class=\"vckit-image-slider__element\">\n            <img decoding=\"async\" src=\"https:\/\/www.bdplast.com\/wp-content\/uploads\/2021\/03\/cambiafiltri_manuali_manual_screen_changers_BDLG_gallery_2.jpg\">\n          <\/div>\n      <div class=\"vckit-image-slider__element\">\n            <img decoding=\"async\" src=\"https:\/\/www.bdplast.com\/wp-content\/uploads\/2021\/04\/cambiafiltri_manuali_manual_screen_changers_BDLG_gallery_1.jpg\">\n          <\/div>\n      <div class=\"vckit-image-slider__element\">\n            <img decoding=\"async\" src=\"https:\/\/www.bdplast.com\/wp-content\/uploads\/2021\/04\/cambiafiltri_manuali_manual_screen_changers_BDLG_gallery_6.jpg\">\n          <\/div>\n      <div class=\"vckit-image-slider__element\">\n            <img decoding=\"async\" src=\"https:\/\/www.bdplast.com\/wp-content\/uploads\/2021\/04\/cambiafiltri_manuali_manual_screen_changers_BDLG_gallery_5.jpg\">\n          <\/div>\n      <div class=\"vckit-image-slider__element\">\n            <img decoding=\"async\" src=\"https:\/\/www.bdplast.com\/wp-content\/uploads\/2021\/04\/cambiafiltri_manuali_manual_screen_changers_BDLG_gallery_4.jpg\">\n          <\/div>\n  <\/div>\n<style type=\"text\/css\"><\/style>\n[\/vc_column][\/vc_row][vc_row full_width=\u00a0\u00bbstretch_row\u00a0\u00bb equal_height=\u00a0\u00bbyes\u00a0\u00bb content_placement=\u00a0\u00bbmiddle\u00a0\u00bb el_id=\u00a0\u00bbscheda_prodotto\u00a0\u00bb css=\u00a0\u00bb.vc_custom_1616752804985{padding-top: 4em !important;padding-bottom: 4em !important;background-color: #475b5a !important;}\u00a0\u00bb][vc_column width=\u00a0\u00bb1\/2&Prime;][vc_single_image image=\u00a0\u00bb16726&Prime; img_size=\u00a0\u00bbfull\u00a0\u00bb][\/vc_column][vc_column width=\u00a0\u00bb1\/2&Prime;][vc_column_text]<strong>ADAPT\u00c9 \u00c0 LA PRODUCTION DE<\/strong><\/p>\n<ul class=\"ul1\">\n<li class=\"li1\">Films tubulaires ou plats<\/li>\n<li class=\"li1\">Feuilles de thermoformage<\/li>\n<li class=\"li1\">Tuyaux et profils<\/li>\n<li class=\"li1\">Rev\u00eatement de c\u00e2bles<\/li>\n<li class=\"li1\">Granul\u00e9s de polym\u00e9risation<\/li>\n<li class=\"li1\">Granul\u00e9s de m\u00e9lange-ma\u00eetre et de compos\u00e9<\/li>\n<li class=\"li1\">Soufflage de corps creux et injection<\/li>\n<\/ul>\n<p>[\/vc_column_text][vc_empty_space height=\u00a0\u00bb1em\u00a0\u00bb][vc_row_inner][vc_column_inner width=\u00a0\u00bb2\/3&Prime;]<div class=\"\"><div class=\"cz_71065_p\"><a id=\"cz_71065\" class=\"cz_71065 cz_btn cz_btn_txt_no_fx cz_btn_no_fx cz_btn_icon_after cz_mobile_btn_center\" href=\"https:\/\/www.bdplast.com\/wp-content\/uploads\/2021\/05\/BDLG_EN.pdf\" target=\"_blank\"><span><strong>T\u00c9L\u00c9CHARGEZ LA FICHE TECHNIQUE<\/strong><i class=\"fa czico-194-download\"><\/i><\/span><b class=\"cz_btn_onhover\"><strong>T\u00c9L\u00c9CHARGEZ LA FICHE TECHNIQUE<\/strong><i class=\"fa czico-194-download\"><\/i><\/b><\/a><\/div><\/div>[\/vc_column_inner][vc_column_inner width=\u00a0\u00bb1\/3&Prime;]<div class=\"\"><div class=\"cz_85442_p\"><a id=\"cz_85442\" class=\"cz_85442 cz_btn cz_btn_txt_no_fx cz_btn_no_fx cz_btn_icon_after cz_mobile_btn_center\" href=\"https:\/\/www.youtube.com\/watch?v=w6-UKpgXxew\" rel=\"nofollow\" target=\"_blank\"><span><strong>NETTOYAGE DE LA PLAQUE DE CHANGEMENT DE FILTRE<\/strong><i class=\"fa czico-015-play\"><\/i><\/span><b class=\"cz_btn_onhover\"><strong>NETTOYAGE DE LA PLAQUE DE CHANGEMENT DE FILTRE<\/strong><i class=\"fa czico-015-play\"><\/i><\/b><\/a><\/div><\/div>[\/vc_column_inner][\/vc_row_inner][\/vc_column][\/vc_row]<\/p>\n<\/div>","protected":false},"excerpt":{"rendered":"<p>[vc_row full_width=\u00a0\u00bbstretch_row\u00a0\u00bb css=\u00a0\u00bb.vc_custom_1621592039978{background-image: url(https:\/\/www.bdplast.com\/wp-content\/uploads\/2021\/03\/cambiafiltri_manuali_manual_screen_changers_BDLG_cover.jpg?id=14214) !important;background-position: center !important;background-repeat: no-repeat !important;background-size: cover !important;}\u00a0\u00bb &#8230; <\/p>\n","protected":false},"author":1,"featured_media":0,"parent":0,"menu_order":0,"comment_status":"closed","ping_status":"closed","template":"","meta":{"footnotes":"","_links_to":"","_links_to_target":""},"class_list":["post-16717","page","type-page","status-publish","hentry"],"yoast_head":"<!-- This site is optimized with the Yoast SEO plugin v27.5 - https:\/\/yoast.com\/product\/yoast-seo-wordpress\/ -->\n<title>Changeur de filtres \u00e0 cliquet BDLG - BD Plast<\/title>\n<meta name=\"description\" content=\"Plus qu\u2019une \u00e9volution naturelle du BDL, la gamme BDLG se distingue par son design extr\u00eamement \u00e9pur\u00e9 d\u2019une extr\u00eame facilit\u00e9 d\u2019utilisation et d\u2019une excellente compacit\u00e9.\" \/>\n<meta name=\"robots\" content=\"index, follow, max-snippet:-1, max-image-preview:large, max-video-preview:-1\" \/>\n<link rel=\"canonical\" href=\"https:\/\/www.bdplast.com\/cambiafiltri-a-cricchetto-bdlg\/\" \/>\n<meta property=\"og:locale\" content=\"fr_FR\" \/>\n<meta property=\"og:type\" content=\"article\" \/>\n<meta property=\"og:title\" content=\"Changeur de filtres \u00e0 cliquet BDLG - BD Plast\" \/>\n<meta property=\"og:description\" content=\"Plus qu\u2019une \u00e9volution naturelle du BDL, la gamme BDLG se distingue par son design extr\u00eamement \u00e9pur\u00e9 d\u2019une extr\u00eame facilit\u00e9 d\u2019utilisation et d\u2019une excellente compacit\u00e9.\" \/>\n<meta property=\"og:url\" content=\"https:\/\/www.bdplast.com\/cambiafiltri-a-cricchetto-bdlg\/\" \/>\n<meta property=\"og:site_name\" content=\"BD Plast\" \/>\n<meta property=\"article:modified_time\" content=\"2022-06-16T12:36:04+00:00\" \/>\n<meta name=\"twitter:card\" content=\"summary_large_image\" \/>\n<meta name=\"twitter:label1\" content=\"Dur\u00e9e de lecture estim\u00e9e\" \/>\n\t<meta name=\"twitter:data1\" content=\"2 minutes\" \/>\n<script type=\"application\/ld+json\" class=\"yoast-schema-graph\">{\"@context\":\"https:\\\/\\\/schema.org\",\"@graph\":[{\"@type\":\"WebPage\",\"@id\":\"https:\\\/\\\/www.bdplast.com\\\/cambiafiltri-a-cricchetto-bdlg\\\/\",\"url\":\"https:\\\/\\\/www.bdplast.com\\\/cambiafiltri-a-cricchetto-bdlg\\\/\",\"name\":\"Changeur de filtres \u00e0 cliquet BDLG - BD Plast\",\"isPartOf\":{\"@id\":\"https:\\\/\\\/www.bdplast.com\\\/#website\"},\"datePublished\":\"2021-05-24T09:25:39+00:00\",\"dateModified\":\"2022-06-16T12:36:04+00:00\",\"description\":\"Plus qu\u2019une \u00e9volution naturelle du BDL, la gamme BDLG se distingue par son design extr\u00eamement \u00e9pur\u00e9 d\u2019une extr\u00eame facilit\u00e9 d\u2019utilisation et d\u2019une excellente compacit\u00e9.\",\"breadcrumb\":{\"@id\":\"https:\\\/\\\/www.bdplast.com\\\/cambiafiltri-a-cricchetto-bdlg\\\/#breadcrumb\"},\"inLanguage\":\"fr-FR\",\"potentialAction\":[{\"@type\":\"ReadAction\",\"target\":[\"https:\\\/\\\/www.bdplast.com\\\/cambiafiltri-a-cricchetto-bdlg\\\/\"]}]},{\"@type\":\"BreadcrumbList\",\"@id\":\"https:\\\/\\\/www.bdplast.com\\\/cambiafiltri-a-cricchetto-bdlg\\\/#breadcrumb\",\"itemListElement\":[{\"@type\":\"ListItem\",\"position\":1,\"name\":\"Home\",\"item\":\"https:\\\/\\\/www.bdplast.com\\\/fr\\\/\"},{\"@type\":\"ListItem\",\"position\":2,\"name\":\"Changeur de filtres \u00e0 cliquet BDLG\"}]},{\"@type\":\"WebSite\",\"@id\":\"https:\\\/\\\/www.bdplast.com\\\/#website\",\"url\":\"https:\\\/\\\/www.bdplast.com\\\/\",\"name\":\"BD Plast\",\"description\":\"Sistemi di filtrazione, deviazione e convoglio polimeri\",\"publisher\":{\"@id\":\"https:\\\/\\\/www.bdplast.com\\\/#organization\"},\"potentialAction\":[{\"@type\":\"SearchAction\",\"target\":{\"@type\":\"EntryPoint\",\"urlTemplate\":\"https:\\\/\\\/www.bdplast.com\\\/?s={search_term_string}\"},\"query-input\":{\"@type\":\"PropertyValueSpecification\",\"valueRequired\":true,\"valueName\":\"search_term_string\"}}],\"inLanguage\":\"fr-FR\"},{\"@type\":\"Organization\",\"@id\":\"https:\\\/\\\/www.bdplast.com\\\/#organization\",\"name\":\"BD Plast\",\"url\":\"https:\\\/\\\/www.bdplast.com\\\/\",\"logo\":{\"@type\":\"ImageObject\",\"inLanguage\":\"fr-FR\",\"@id\":\"https:\\\/\\\/www.bdplast.com\\\/#\\\/schema\\\/logo\\\/image\\\/\",\"url\":\"https:\\\/\\\/www.bdplast.com\\\/wp-content\\\/uploads\\\/2025\\\/06\\\/bdplast-logo-yoast.jpg\",\"contentUrl\":\"https:\\\/\\\/www.bdplast.com\\\/wp-content\\\/uploads\\\/2025\\\/06\\\/bdplast-logo-yoast.jpg\",\"width\":1200,\"height\":628,\"caption\":\"BD Plast\"},\"image\":{\"@id\":\"https:\\\/\\\/www.bdplast.com\\\/#\\\/schema\\\/logo\\\/image\\\/\"},\"sameAs\":[\"https:\\\/\\\/www.youtube.com\\\/channel\\\/UCd6hdte7tZc8CfN_W9KxYTA\",\"https:\\\/\\\/it.linkedin.com\\\/company\\\/bd-plast-filtering-systems-srl\"]}]}<\/script>\n<!-- \/ Yoast SEO plugin. -->","yoast_head_json":{"title":"Changeur de filtres \u00e0 cliquet BDLG - BD Plast","description":"Plus qu\u2019une \u00e9volution naturelle du BDL, la gamme BDLG se distingue par son design extr\u00eamement \u00e9pur\u00e9 d\u2019une extr\u00eame facilit\u00e9 d\u2019utilisation et d\u2019une excellente compacit\u00e9.","robots":{"index":"index","follow":"follow","max-snippet":"max-snippet:-1","max-image-preview":"max-image-preview:large","max-video-preview":"max-video-preview:-1"},"canonical":"https:\/\/www.bdplast.com\/cambiafiltri-a-cricchetto-bdlg\/","og_locale":"fr_FR","og_type":"article","og_title":"Changeur de filtres \u00e0 cliquet BDLG - BD Plast","og_description":"Plus qu\u2019une \u00e9volution naturelle du BDL, la gamme BDLG se distingue par son design extr\u00eamement \u00e9pur\u00e9 d\u2019une extr\u00eame facilit\u00e9 d\u2019utilisation et d\u2019une excellente compacit\u00e9.","og_url":"https:\/\/www.bdplast.com\/cambiafiltri-a-cricchetto-bdlg\/","og_site_name":"BD Plast","article_modified_time":"2022-06-16T12:36:04+00:00","twitter_card":"summary_large_image","twitter_misc":{"Dur\u00e9e de lecture estim\u00e9e":"2 minutes"},"schema":{"@context":"https:\/\/schema.org","@graph":[{"@type":"WebPage","@id":"https:\/\/www.bdplast.com\/cambiafiltri-a-cricchetto-bdlg\/","url":"https:\/\/www.bdplast.com\/cambiafiltri-a-cricchetto-bdlg\/","name":"Changeur de filtres \u00e0 cliquet BDLG - BD Plast","isPartOf":{"@id":"https:\/\/www.bdplast.com\/#website"},"datePublished":"2021-05-24T09:25:39+00:00","dateModified":"2022-06-16T12:36:04+00:00","description":"Plus qu\u2019une \u00e9volution naturelle du BDL, la gamme BDLG se distingue par son design extr\u00eamement \u00e9pur\u00e9 d\u2019une extr\u00eame facilit\u00e9 d\u2019utilisation et d\u2019une excellente compacit\u00e9.","breadcrumb":{"@id":"https:\/\/www.bdplast.com\/cambiafiltri-a-cricchetto-bdlg\/#breadcrumb"},"inLanguage":"fr-FR","potentialAction":[{"@type":"ReadAction","target":["https:\/\/www.bdplast.com\/cambiafiltri-a-cricchetto-bdlg\/"]}]},{"@type":"BreadcrumbList","@id":"https:\/\/www.bdplast.com\/cambiafiltri-a-cricchetto-bdlg\/#breadcrumb","itemListElement":[{"@type":"ListItem","position":1,"name":"Home","item":"https:\/\/www.bdplast.com\/fr\/"},{"@type":"ListItem","position":2,"name":"Changeur de filtres \u00e0 cliquet BDLG"}]},{"@type":"WebSite","@id":"https:\/\/www.bdplast.com\/#website","url":"https:\/\/www.bdplast.com\/","name":"BD Plast","description":"Sistemi di filtrazione, deviazione e convoglio polimeri","publisher":{"@id":"https:\/\/www.bdplast.com\/#organization"},"potentialAction":[{"@type":"SearchAction","target":{"@type":"EntryPoint","urlTemplate":"https:\/\/www.bdplast.com\/?s={search_term_string}"},"query-input":{"@type":"PropertyValueSpecification","valueRequired":true,"valueName":"search_term_string"}}],"inLanguage":"fr-FR"},{"@type":"Organization","@id":"https:\/\/www.bdplast.com\/#organization","name":"BD Plast","url":"https:\/\/www.bdplast.com\/","logo":{"@type":"ImageObject","inLanguage":"fr-FR","@id":"https:\/\/www.bdplast.com\/#\/schema\/logo\/image\/","url":"https:\/\/www.bdplast.com\/wp-content\/uploads\/2025\/06\/bdplast-logo-yoast.jpg","contentUrl":"https:\/\/www.bdplast.com\/wp-content\/uploads\/2025\/06\/bdplast-logo-yoast.jpg","width":1200,"height":628,"caption":"BD Plast"},"image":{"@id":"https:\/\/www.bdplast.com\/#\/schema\/logo\/image\/"},"sameAs":["https:\/\/www.youtube.com\/channel\/UCd6hdte7tZc8CfN_W9KxYTA","https:\/\/it.linkedin.com\/company\/bd-plast-filtering-systems-srl"]}]}},"rttpg_featured_image_url":null,"rttpg_author":{"display_name":"studiochiesa","author_link":"https:\/\/www.bdplast.com\/fr\/author\/studiochiesa\/"},"rttpg_comment":0,"rttpg_category":false,"rttpg_excerpt":"[vc_row full_width=\u00a0\u00bbstretch_row\u00a0\u00bb css=\u00a0\u00bb.vc_custom_1621592039978{background-image: url(https:\/\/www.bdplast.com\/wp-content\/uploads\/2021\/03\/cambiafiltri_manuali_manual_screen_changers_BDLG_cover.jpg?id=14214) !important;background-position: center !important;background-repeat: no-repeat !important;background-size: cover !important;}\u00a0\u00bb ...","_links":{"self":[{"href":"https:\/\/www.bdplast.com\/fr\/wp-json\/wp\/v2\/pages\/16717","targetHints":{"allow":["GET"]}}],"collection":[{"href":"https:\/\/www.bdplast.com\/fr\/wp-json\/wp\/v2\/pages"}],"about":[{"href":"https:\/\/www.bdplast.com\/fr\/wp-json\/wp\/v2\/types\/page"}],"author":[{"embeddable":true,"href":"https:\/\/www.bdplast.com\/fr\/wp-json\/wp\/v2\/users\/1"}],"replies":[{"embeddable":true,"href":"https:\/\/www.bdplast.com\/fr\/wp-json\/wp\/v2\/comments?post=16717"}],"version-history":[{"count":4,"href":"https:\/\/www.bdplast.com\/fr\/wp-json\/wp\/v2\/pages\/16717\/revisions"}],"predecessor-version":[{"id":18435,"href":"https:\/\/www.bdplast.com\/fr\/wp-json\/wp\/v2\/pages\/16717\/revisions\/18435"}],"wp:attachment":[{"href":"https:\/\/www.bdplast.com\/fr\/wp-json\/wp\/v2\/media?parent=16717"}],"curies":[{"name":"wp","href":"https:\/\/api.w.org\/{rel}","templated":true}]}}