{"id":16733,"date":"2021-05-24T11:29:12","date_gmt":"2021-05-24T09:29:12","guid":{"rendered":"https:\/\/www.bdplast.com\/?page_id=16733"},"modified":"2022-06-16T14:36:34","modified_gmt":"2022-06-16T12:36:34","slug":"chargeurs-de-filtres-a-cartouche-et-a-cliquet-bdcg","status":"publish","type":"page","link":"https:\/\/www.bdplast.com\/fr\/chargeurs-de-filtres-a-cartouche-et-a-cliquet-bdcg\/","title":{"rendered":"Chargeurs de filtres \u00e0 cartouche et \u00e0 cliquet BDCG"},"content":{"rendered":"<div class=\"wpb-content-wrapper\"><p>[vc_row full_width=\u00a0\u00bbstretch_row\u00a0\u00bb css=\u00a0\u00bb.vc_custom_1621590524600{background-image: url(https:\/\/www.bdplast.com\/wp-content\/uploads\/2021\/05\/cambiafiltri_manuali_manual_screen-changers_BDCG.jpg?id=16579) !important;background-position: center !important;background-repeat: no-repeat !important;background-size: cover !important;}\u00a0\u00bb el_class=\u00a0\u00bbwhite_text\u00a0\u00bb el_id=\u00a0\u00bbhead_prodotto\u00a0\u00bb][vc_column][\/vc_column][\/vc_row][vc_row full_width=\u00a0\u00bbstretch_row\u00a0\u00bb css=\u00a0\u00bb.vc_custom_1616665112965{padding-top: 2em !important;padding-bottom: 2em !important;background-color: #ec6608 !important;}\u00a0\u00bb el_class=\u00a0\u00bbwhite_text\u00a0\u00bb][vc_column][vc_row_inner equal_height=\u00a0\u00bbyes\u00a0\u00bb content_placement=\u00a0\u00bbmiddle\u00a0\u00bb][vc_column_inner][vc_column_text]<\/p>\n<h1>Chargeurs de filtres \u00e0 cartouche et \u00e0 cliquet BDCG<\/h1>\n<p>[\/vc_column_text][\/vc_column_inner][\/vc_row_inner][\/vc_column][\/vc_row][vc_row css=\u00a0\u00bb.vc_custom_1616673282130{padding-top: 4em !important;padding-bottom: 4em !important;}\u00a0\u00bb el_id=\u00a0\u00bbscheda_prodotto_intro\u00a0\u00bb][vc_column][vc_column_text]<\/p>\n<h2>Une g\u00e9n\u00e9ration innovante de changeurs de filtres manuels, pour r\u00e9duire au minimum les d\u00e9lais et les co\u00fbts de production et de maintenance.<\/h2>\n<p>[\/vc_column_text][vc_column_text]Une version innovante du projet BDLG, avec des \u00e9l\u00e9ments filtrants \u00e0 cartouche, une r\u00e9volution dans l\u2019approche normale de ce type de machine. Moins encombrant qu\u2019un filtre statique normal \u00e0 cartouche, il r\u00e9duit les dur\u00e9es de remplacement et les co\u00fbts d\u2019arr\u00eat de la machine, ce qui rend la maintenance moins difficile. Disponible dans les tailles 60, 75 et 90 et compatible avec les extrudeuses de \u00d8 45 \u00e0 \u00d8 100 mm, BDCG est en effet un syst\u00e8me de changeur de filtres, \u00e9quip\u00e9 de deux cartouches filtrantes positionn\u00e9es sur la plaque coulissante. Les dur\u00e9es de changement du filet sont tr\u00e8s rapides et les dur\u00e9es d\u2019arr\u00eat de la machine sont tout \u00e0 fait raisonnables.[\/vc_column_text][\/vc_column][\/vc_row][vc_row full_width=\u00a0\u00bbstretch_row\u00a0\u00bb el_class=\u00a0\u00bbwhite_text\u00a0\u00bb el_id=\u00a0\u00bbslider\u00a0\u00bb css=\u00a0\u00bb.vc_custom_1616679219141{padding-top: 4em !important;padding-bottom: 4em !important;background-color: #e9e7dd !important;background-position: center !important;background-repeat: no-repeat !important;background-size: cover !important;}\u00a0\u00bb][vc_column]<div\n  id=\"vckit-image-slider-1385037322\"\n  class=\"vckit-image-slider  \"\n  data-vckit-carousel='{\"arrows\":true,\"dots\":false,\"fade\":true,\"infinite\":true,\"arrow_style\":\"circle\",\"autoplay\":\"yes\",\"autoplay_speed\":3000,\"pause_on_hover\":\"yes\",\"speed\":300,\"md\":1,\"sm\":1,\"xs\":1,\"slides_to_scroll\":1}' data-gutter=\"0\">\n      <div class=\"vckit-image-slider__element\">\n            <img decoding=\"async\" src=\"https:\/\/www.bdplast.com\/wp-content\/uploads\/2021\/05\/cambiafiltri_manuali_manual_screen_changers_BDCG_gallery_2.jpg\">\n          <\/div>\n      <div class=\"vckit-image-slider__element\">\n            <img decoding=\"async\" src=\"https:\/\/www.bdplast.com\/wp-content\/uploads\/2021\/05\/cambiafiltri_manuali_manual_screen_changers_BDCG_gallery_1.jpg\">\n          <\/div>\n  <\/div>\n<style type=\"text\/css\"><\/style>\n[\/vc_column][\/vc_row][vc_row full_width=\u00a0\u00bbstretch_row\u00a0\u00bb equal_height=\u00a0\u00bbyes\u00a0\u00bb content_placement=\u00a0\u00bbmiddle\u00a0\u00bb el_id=\u00a0\u00bbscheda_prodotto\u00a0\u00bb css=\u00a0\u00bb.vc_custom_1616752804985{padding-top: 4em !important;padding-bottom: 4em !important;background-color: #475b5a !important;}\u00a0\u00bb][vc_column width=\u00a0\u00bb1\/2&Prime;][vc_single_image image=\u00a0\u00bb16739&Prime; img_size=\u00a0\u00bbfull\u00a0\u00bb][\/vc_column][vc_column width=\u00a0\u00bb1\/2&Prime;][vc_column_text]<\/p>\n<div class=\"indicatiper\">\n<p><strong>ADAPT\u00c9 \u00c0 LA PRODUCTION DE<\/strong><\/p>\n<ul class=\"ul1\">\n<li class=\"li1\">Films tubulaires ou plats<\/li>\n<li class=\"li1\">Tuyaux et profils<\/li>\n<li class=\"li1\">Rev\u00eatement de c\u00e2bles<\/li>\n<\/ul>\n<\/div>\n<p>[\/vc_column_text][vc_empty_space height=\u00a0\u00bb1em\u00a0\u00bb][vc_row_inner][vc_column_inner width=\u00a0\u00bb2\/3&Prime;]<div class=\"\"><div class=\"cz_95528_p\"><a id=\"cz_95528\" class=\"cz_95528 cz_btn cz_btn_txt_no_fx cz_btn_no_fx cz_btn_icon_after cz_mobile_btn_center\" href=\"#\" target=\"_blank\"><span><strong>T\u00c9L\u00c9CHARGEZ LA FICHE TECHNIQUE<\/strong><i class=\"fa czico-194-download\"><\/i><\/span><b class=\"cz_btn_onhover\"><strong>T\u00c9L\u00c9CHARGEZ LA FICHE TECHNIQUE<\/strong><i class=\"fa czico-194-download\"><\/i><\/b><\/a><\/div><\/div>[\/vc_column_inner][vc_column_inner width=\u00a0\u00bb1\/3&Prime;]<div class=\"\"><div class=\"cz_87184_p\"><a id=\"cz_87184\" class=\"cz_87184 cz_btn cz_btn_txt_no_fx cz_btn_no_fx cz_btn_icon_after cz_mobile_btn_center\" href=\"https:\/\/www.youtube.com\/watch?v=w6-UKpgXxew\" rel=\"nofollow\" target=\"_blank\"><span><strong>NETTOYAGE DE LA PLAQUE DE CHANGEMENT DE FILTRE<\/strong><i class=\"fa czico-015-play\"><\/i><\/span><b class=\"cz_btn_onhover\"><strong>NETTOYAGE DE LA PLAQUE DE CHANGEMENT DE FILTRE<\/strong><i class=\"fa czico-015-play\"><\/i><\/b><\/a><\/div><\/div>[\/vc_column_inner][\/vc_row_inner][\/vc_column][\/vc_row]<\/p>\n<\/div>","protected":false},"excerpt":{"rendered":"<p>[vc_row full_width=\u00a0\u00bbstretch_row\u00a0\u00bb css=\u00a0\u00bb.vc_custom_1621590524600{background-image: url(https:\/\/www.bdplast.com\/wp-content\/uploads\/2021\/05\/cambiafiltri_manuali_manual_screen-changers_BDCG.jpg?id=16579) !important;background-position: center !important;background-repeat: no-repeat !important;background-size: cover !important;}\u00a0\u00bb &#8230; <\/p>\n","protected":false},"author":1,"featured_media":0,"parent":0,"menu_order":0,"comment_status":"closed","ping_status":"closed","template":"","meta":{"footnotes":"","_links_to":"","_links_to_target":""},"class_list":["post-16733","page","type-page","status-publish","hentry"],"yoast_head":"<!-- This site is optimized with the Yoast SEO plugin v27.5 - https:\/\/yoast.com\/product\/yoast-seo-wordpress\/ -->\n<title>Chargeurs de filtres \u00e0 cartouche et \u00e0 cliquet BDCG - BD Plast<\/title>\n<meta name=\"description\" content=\"Une version innovante du projet BDLG, avec des \u00e9l\u00e9ments filtrants \u00e0 cartouche, une r\u00e9volution dans l\u2019approche normale de ce type de machine.\" \/>\n<meta name=\"robots\" content=\"index, follow, max-snippet:-1, max-image-preview:large, max-video-preview:-1\" \/>\n<link rel=\"canonical\" href=\"https:\/\/www.bdplast.com\/cambiafiltri-a-cartuccia-e-cricchetto-bdcg\/\" \/>\n<meta property=\"og:locale\" content=\"fr_FR\" \/>\n<meta property=\"og:type\" content=\"article\" \/>\n<meta property=\"og:title\" content=\"Chargeurs de filtres \u00e0 cartouche et \u00e0 cliquet BDCG - BD Plast\" \/>\n<meta property=\"og:description\" content=\"Une version innovante du projet BDLG, avec des \u00e9l\u00e9ments filtrants \u00e0 cartouche, une r\u00e9volution dans l\u2019approche normale de ce type de machine.\" \/>\n<meta property=\"og:url\" content=\"https:\/\/www.bdplast.com\/cambiafiltri-a-cartuccia-e-cricchetto-bdcg\/\" \/>\n<meta property=\"og:site_name\" content=\"BD Plast\" \/>\n<meta property=\"article:modified_time\" content=\"2022-06-16T12:36:34+00:00\" \/>\n<meta name=\"twitter:card\" content=\"summary_large_image\" \/>\n<meta name=\"twitter:label1\" content=\"Dur\u00e9e de lecture estim\u00e9e\" \/>\n\t<meta name=\"twitter:data1\" content=\"2 minutes\" \/>\n<script type=\"application\/ld+json\" class=\"yoast-schema-graph\">{\"@context\":\"https:\\\/\\\/schema.org\",\"@graph\":[{\"@type\":\"WebPage\",\"@id\":\"https:\\\/\\\/www.bdplast.com\\\/cambiafiltri-a-cartuccia-e-cricchetto-bdcg\\\/\",\"url\":\"https:\\\/\\\/www.bdplast.com\\\/cambiafiltri-a-cartuccia-e-cricchetto-bdcg\\\/\",\"name\":\"Chargeurs de filtres \u00e0 cartouche et \u00e0 cliquet BDCG - BD Plast\",\"isPartOf\":{\"@id\":\"https:\\\/\\\/www.bdplast.com\\\/#website\"},\"datePublished\":\"2021-05-24T09:29:12+00:00\",\"dateModified\":\"2022-06-16T12:36:34+00:00\",\"description\":\"Une version innovante du projet BDLG, avec des \u00e9l\u00e9ments filtrants \u00e0 cartouche, une r\u00e9volution dans l\u2019approche normale de ce type de machine.\",\"breadcrumb\":{\"@id\":\"https:\\\/\\\/www.bdplast.com\\\/cambiafiltri-a-cartuccia-e-cricchetto-bdcg\\\/#breadcrumb\"},\"inLanguage\":\"fr-FR\",\"potentialAction\":[{\"@type\":\"ReadAction\",\"target\":[\"https:\\\/\\\/www.bdplast.com\\\/cambiafiltri-a-cartuccia-e-cricchetto-bdcg\\\/\"]}]},{\"@type\":\"BreadcrumbList\",\"@id\":\"https:\\\/\\\/www.bdplast.com\\\/cambiafiltri-a-cartuccia-e-cricchetto-bdcg\\\/#breadcrumb\",\"itemListElement\":[{\"@type\":\"ListItem\",\"position\":1,\"name\":\"Home\",\"item\":\"https:\\\/\\\/www.bdplast.com\\\/fr\\\/\"},{\"@type\":\"ListItem\",\"position\":2,\"name\":\"Chargeurs de filtres \u00e0 cartouche et \u00e0 cliquet BDCG\"}]},{\"@type\":\"WebSite\",\"@id\":\"https:\\\/\\\/www.bdplast.com\\\/#website\",\"url\":\"https:\\\/\\\/www.bdplast.com\\\/\",\"name\":\"BD Plast\",\"description\":\"Sistemi di filtrazione, deviazione e convoglio polimeri\",\"publisher\":{\"@id\":\"https:\\\/\\\/www.bdplast.com\\\/#organization\"},\"potentialAction\":[{\"@type\":\"SearchAction\",\"target\":{\"@type\":\"EntryPoint\",\"urlTemplate\":\"https:\\\/\\\/www.bdplast.com\\\/?s={search_term_string}\"},\"query-input\":{\"@type\":\"PropertyValueSpecification\",\"valueRequired\":true,\"valueName\":\"search_term_string\"}}],\"inLanguage\":\"fr-FR\"},{\"@type\":\"Organization\",\"@id\":\"https:\\\/\\\/www.bdplast.com\\\/#organization\",\"name\":\"BD Plast\",\"url\":\"https:\\\/\\\/www.bdplast.com\\\/\",\"logo\":{\"@type\":\"ImageObject\",\"inLanguage\":\"fr-FR\",\"@id\":\"https:\\\/\\\/www.bdplast.com\\\/#\\\/schema\\\/logo\\\/image\\\/\",\"url\":\"https:\\\/\\\/www.bdplast.com\\\/wp-content\\\/uploads\\\/2025\\\/06\\\/bdplast-logo-yoast.jpg\",\"contentUrl\":\"https:\\\/\\\/www.bdplast.com\\\/wp-content\\\/uploads\\\/2025\\\/06\\\/bdplast-logo-yoast.jpg\",\"width\":1200,\"height\":628,\"caption\":\"BD Plast\"},\"image\":{\"@id\":\"https:\\\/\\\/www.bdplast.com\\\/#\\\/schema\\\/logo\\\/image\\\/\"},\"sameAs\":[\"https:\\\/\\\/www.youtube.com\\\/channel\\\/UCd6hdte7tZc8CfN_W9KxYTA\",\"https:\\\/\\\/it.linkedin.com\\\/company\\\/bd-plast-filtering-systems-srl\"]}]}<\/script>\n<!-- \/ Yoast SEO plugin. -->","yoast_head_json":{"title":"Chargeurs de filtres \u00e0 cartouche et \u00e0 cliquet BDCG - BD Plast","description":"Une version innovante du projet BDLG, avec des \u00e9l\u00e9ments filtrants \u00e0 cartouche, une r\u00e9volution dans l\u2019approche normale de ce type de machine.","robots":{"index":"index","follow":"follow","max-snippet":"max-snippet:-1","max-image-preview":"max-image-preview:large","max-video-preview":"max-video-preview:-1"},"canonical":"https:\/\/www.bdplast.com\/cambiafiltri-a-cartuccia-e-cricchetto-bdcg\/","og_locale":"fr_FR","og_type":"article","og_title":"Chargeurs de filtres \u00e0 cartouche et \u00e0 cliquet BDCG - BD Plast","og_description":"Une version innovante du projet BDLG, avec des \u00e9l\u00e9ments filtrants \u00e0 cartouche, une r\u00e9volution dans l\u2019approche normale de ce type de machine.","og_url":"https:\/\/www.bdplast.com\/cambiafiltri-a-cartuccia-e-cricchetto-bdcg\/","og_site_name":"BD Plast","article_modified_time":"2022-06-16T12:36:34+00:00","twitter_card":"summary_large_image","twitter_misc":{"Dur\u00e9e de lecture estim\u00e9e":"2 minutes"},"schema":{"@context":"https:\/\/schema.org","@graph":[{"@type":"WebPage","@id":"https:\/\/www.bdplast.com\/cambiafiltri-a-cartuccia-e-cricchetto-bdcg\/","url":"https:\/\/www.bdplast.com\/cambiafiltri-a-cartuccia-e-cricchetto-bdcg\/","name":"Chargeurs de filtres \u00e0 cartouche et \u00e0 cliquet BDCG - BD Plast","isPartOf":{"@id":"https:\/\/www.bdplast.com\/#website"},"datePublished":"2021-05-24T09:29:12+00:00","dateModified":"2022-06-16T12:36:34+00:00","description":"Une version innovante du projet BDLG, avec des \u00e9l\u00e9ments filtrants \u00e0 cartouche, une r\u00e9volution dans l\u2019approche normale de ce type de machine.","breadcrumb":{"@id":"https:\/\/www.bdplast.com\/cambiafiltri-a-cartuccia-e-cricchetto-bdcg\/#breadcrumb"},"inLanguage":"fr-FR","potentialAction":[{"@type":"ReadAction","target":["https:\/\/www.bdplast.com\/cambiafiltri-a-cartuccia-e-cricchetto-bdcg\/"]}]},{"@type":"BreadcrumbList","@id":"https:\/\/www.bdplast.com\/cambiafiltri-a-cartuccia-e-cricchetto-bdcg\/#breadcrumb","itemListElement":[{"@type":"ListItem","position":1,"name":"Home","item":"https:\/\/www.bdplast.com\/fr\/"},{"@type":"ListItem","position":2,"name":"Chargeurs de filtres \u00e0 cartouche et \u00e0 cliquet BDCG"}]},{"@type":"WebSite","@id":"https:\/\/www.bdplast.com\/#website","url":"https:\/\/www.bdplast.com\/","name":"BD Plast","description":"Sistemi di filtrazione, deviazione e convoglio polimeri","publisher":{"@id":"https:\/\/www.bdplast.com\/#organization"},"potentialAction":[{"@type":"SearchAction","target":{"@type":"EntryPoint","urlTemplate":"https:\/\/www.bdplast.com\/?s={search_term_string}"},"query-input":{"@type":"PropertyValueSpecification","valueRequired":true,"valueName":"search_term_string"}}],"inLanguage":"fr-FR"},{"@type":"Organization","@id":"https:\/\/www.bdplast.com\/#organization","name":"BD Plast","url":"https:\/\/www.bdplast.com\/","logo":{"@type":"ImageObject","inLanguage":"fr-FR","@id":"https:\/\/www.bdplast.com\/#\/schema\/logo\/image\/","url":"https:\/\/www.bdplast.com\/wp-content\/uploads\/2025\/06\/bdplast-logo-yoast.jpg","contentUrl":"https:\/\/www.bdplast.com\/wp-content\/uploads\/2025\/06\/bdplast-logo-yoast.jpg","width":1200,"height":628,"caption":"BD Plast"},"image":{"@id":"https:\/\/www.bdplast.com\/#\/schema\/logo\/image\/"},"sameAs":["https:\/\/www.youtube.com\/channel\/UCd6hdte7tZc8CfN_W9KxYTA","https:\/\/it.linkedin.com\/company\/bd-plast-filtering-systems-srl"]}]}},"rttpg_featured_image_url":null,"rttpg_author":{"display_name":"studiochiesa","author_link":"https:\/\/www.bdplast.com\/fr\/author\/studiochiesa\/"},"rttpg_comment":0,"rttpg_category":false,"rttpg_excerpt":"[vc_row full_width=\u00a0\u00bbstretch_row\u00a0\u00bb css=\u00a0\u00bb.vc_custom_1621590524600{background-image: url(https:\/\/www.bdplast.com\/wp-content\/uploads\/2021\/05\/cambiafiltri_manuali_manual_screen-changers_BDCG.jpg?id=16579) !important;background-position: center !important;background-repeat: no-repeat !important;background-size: cover !important;}\u00a0\u00bb ...","_links":{"self":[{"href":"https:\/\/www.bdplast.com\/fr\/wp-json\/wp\/v2\/pages\/16733","targetHints":{"allow":["GET"]}}],"collection":[{"href":"https:\/\/www.bdplast.com\/fr\/wp-json\/wp\/v2\/pages"}],"about":[{"href":"https:\/\/www.bdplast.com\/fr\/wp-json\/wp\/v2\/types\/page"}],"author":[{"embeddable":true,"href":"https:\/\/www.bdplast.com\/fr\/wp-json\/wp\/v2\/users\/1"}],"replies":[{"embeddable":true,"href":"https:\/\/www.bdplast.com\/fr\/wp-json\/wp\/v2\/comments?post=16733"}],"version-history":[{"count":5,"href":"https:\/\/www.bdplast.com\/fr\/wp-json\/wp\/v2\/pages\/16733\/revisions"}],"predecessor-version":[{"id":18436,"href":"https:\/\/www.bdplast.com\/fr\/wp-json\/wp\/v2\/pages\/16733\/revisions\/18436"}],"wp:attachment":[{"href":"https:\/\/www.bdplast.com\/fr\/wp-json\/wp\/v2\/media?parent=16733"}],"curies":[{"name":"wp","href":"https:\/\/api.w.org\/{rel}","templated":true}]}}