{"id":16746,"date":"2021-05-24T11:35:28","date_gmt":"2021-05-24T09:35:28","guid":{"rendered":"https:\/\/www.bdplast.com\/?page_id=16746"},"modified":"2025-10-10T17:35:07","modified_gmt":"2025-10-10T15:35:07","slug":"filtres-statiques","status":"publish","type":"page","link":"https:\/\/www.bdplast.com\/fr\/filtres-statiques\/","title":{"rendered":"Filtres statiques"},"content":{"rendered":"<div class=\"wpb-content-wrapper\"><p>[vc_row full_width=\u00a0\u00bbstretch_row\u00a0\u00bb css=\u00a0\u00bb.vc_custom_1620917583775{background-image: url(https:\/\/www.bdplast.com\/wp-content\/uploads\/2021\/05\/filtri_statici_static_filters_cover.jpg?id=15675) !important;background-position: center !important;background-repeat: no-repeat !important;background-size: cover !important;}\u00a0\u00bb el_class=\u00a0\u00bbwhite_text\u00a0\u00bb el_id=\u00a0\u00bbhead_prodotto\u00a0\u00bb][vc_column][\/vc_column][\/vc_row][vc_row full_width=\u00a0\u00bbstretch_row\u00a0\u00bb css=\u00a0\u00bb.vc_custom_1616665112965{padding-top: 2em !important;padding-bottom: 2em !important;background-color: #ec6608 !important;}\u00a0\u00bb el_class=\u00a0\u00bbwhite_text\u00a0\u00bb][vc_column][vc_row_inner equal_height=\u00a0\u00bbyes\u00a0\u00bb content_placement=\u00a0\u00bbmiddle\u00a0\u00bb][vc_column_inner][vc_column_text]<\/p>\n<h1>Filtres statiques<\/h1>\n<p>[\/vc_column_text][\/vc_column_inner][\/vc_row_inner][\/vc_column][\/vc_row][vc_row css=\u00a0\u00bb.vc_custom_1616673282130{padding-top: 4em !important;padding-bottom: 4em !important;}\u00a0\u00bb el_id=\u00a0\u00bbscheda_prodotto_intro\u00a0\u00bb][vc_column][vc_column_text]<\/p>\n<h2>Int\u00e9grabilit\u00e9 maximale pour la production de syst\u00e8mes moul\u00e9s et de films souffl\u00e9s ou de lignes de rev\u00eatement<\/h2>\n<p>[\/vc_column_text][vc_column_text]Notre offre comprend des <strong>filtres statiques BDC<\/strong> et <strong>BDR<\/strong>, pour r\u00e9pondre aux diff\u00e9rents besoins des lignes de production.[\/vc_column_text][\/vc_column][\/vc_row][vc_row full_width=\u00a0\u00bbstretch_row\u00a0\u00bb css=\u00a0\u00bb.vc_custom_1616746370826{padding-top: 4em !important;padding-bottom: 4em !important;background-color: #e9e7dd !important;}\u00a0\u00bb el_id=\u00a0\u00bbproducts\u00a0\u00bb][vc_column offset=\u00a0\u00bbvc_col-md-12 vc_col-xs-12&Prime;][vc_empty_space height=\u00a0\u00bb2em\u00a0\u00bb][vc_row_inner css=\u00a0\u00bb.vc_custom_1584973514763{padding-left: 1em !important;}\u00a0\u00bb el_class=\u00a0\u00bbpublications_homepage\u00a0\u00bb el_id=\u00a0\u00bbappflds\u00a0\u00bb][vc_column_inner width=\u00a0\u00bb1\/4&Prime;]<figure class=\"effect-hover category_flip_box effect-ruby ratiooriginal  vckit_custom_class_868e927a41464e  vckit-lazyload\">\n  <a href=\"https:\/\/www.bdplast.com\/fr\/filtres-statiques-bdc-et-bdcld\/\" >\n    <img data-src=\"https:\/\/www.bdplast.com\/wp-content\/uploads\/2021\/05\/filtri_statici_static_filters_BDC_pagina_prodotto.jpg\" alt=\"Filtres statiques BDC et BDCLD \"\/>\n    <figcaption>\n      <div class=\"effect-caption\">\n        <h2>Filtres statiques BDC et BDCLD <span><\/span><\/h2>\n        <p class=\"description\">\n          Filtration haute performance pour des lignes d\u2019extrusion \u00e0 haute efficacit\u00e9<br \/>\n&nbsp;        <\/p>\n      <\/div>\n    <\/figcaption>\n  <\/a>\n<\/figure>\n[\/vc_column_inner][vc_column_inner width=\u00a0\u00bb1\/4&Prime;]<figure class=\"effect-hover category_flip_box effect-ruby ratiooriginal  vckit_custom_class_968e9279c52de5  vckit-lazyload\">\n  <a href=\"https:\/\/www.bdplast.com\/fr\/filtres-statiques-bdr\/\" >\n    <img data-src=\"https:\/\/www.bdplast.com\/wp-content\/uploads\/2021\/05\/filtri_statici_static_filters_BDR_pagina_prodotto\" alt=\"Filtres statiques BDR \"\/>\n    <figcaption>\n      <div class=\"effect-caption\">\n        <h2>Filtres statiques BDR <span><\/span><\/h2>\n        <p class=\"description\">\n          Filtres statiques pour lignes de rev\u00eatement pour l\u2019application de films plastiques sur des supports \u00e0 base non polym\u00e9rique.&nbsp;        <\/p>\n      <\/div>\n    <\/figcaption>\n  <\/a>\n<\/figure>\n[\/vc_column_inner][vc_column_inner width=\u00a0\u00bb1\/4&Prime;][\/vc_column_inner][vc_column_inner width=\u00a0\u00bb1\/4&Prime;][\/vc_column_inner][\/vc_row_inner][\/vc_column][\/vc_row]<\/p>\n<\/div>","protected":false},"excerpt":{"rendered":"<p>[vc_row full_width=\u00a0\u00bbstretch_row\u00a0\u00bb css=\u00a0\u00bb.vc_custom_1620917583775{background-image: url(https:\/\/www.bdplast.com\/wp-content\/uploads\/2021\/05\/filtri_statici_static_filters_cover.jpg?id=15675) !important;background-position: center !important;background-repeat: no-repeat !important;background-size: cover !important;}\u00a0\u00bb &#8230; <\/p>\n","protected":false},"author":1,"featured_media":0,"parent":0,"menu_order":0,"comment_status":"closed","ping_status":"closed","template":"","meta":{"footnotes":"","_links_to":"","_links_to_target":""},"class_list":["post-16746","page","type-page","status-publish","hentry"],"yoast_head":"<!-- This site is optimized with the Yoast SEO plugin v26.8 - https:\/\/yoast.com\/product\/yoast-seo-wordpress\/ -->\n<title>Filtres statiques - BD Plast<\/title>\n<meta name=\"description\" content=\"Notre offre comprend des filtres statiques BDC et BDR, pour r\u00e9pondre aux diff\u00e9rents besoins des lignes de production.\" \/>\n<meta name=\"robots\" content=\"index, follow, max-snippet:-1, max-image-preview:large, max-video-preview:-1\" \/>\n<link rel=\"canonical\" href=\"https:\/\/www.bdplast.com\/fr\/filtres-statiques\/\" \/>\n<meta property=\"og:locale\" content=\"fr_FR\" \/>\n<meta property=\"og:type\" content=\"article\" \/>\n<meta property=\"og:title\" content=\"Filtres statiques - BD Plast\" \/>\n<meta property=\"og:description\" content=\"Notre offre comprend des filtres statiques BDC et BDR, pour r\u00e9pondre aux diff\u00e9rents besoins des lignes de production.\" \/>\n<meta property=\"og:url\" content=\"https:\/\/www.bdplast.com\/fr\/filtres-statiques\/\" \/>\n<meta property=\"og:site_name\" content=\"BD Plast\" \/>\n<meta property=\"article:modified_time\" content=\"2025-10-10T15:35:07+00:00\" \/>\n<meta name=\"twitter:card\" content=\"summary_large_image\" \/>\n<meta name=\"twitter:label1\" content=\"Dur\u00e9e de lecture estim\u00e9e\" \/>\n\t<meta name=\"twitter:data1\" content=\"2 minutes\" \/>\n<script type=\"application\/ld+json\" class=\"yoast-schema-graph\">{\"@context\":\"https:\/\/schema.org\",\"@graph\":[{\"@type\":\"WebPage\",\"@id\":\"https:\/\/www.bdplast.com\/fr\/filtres-statiques\/\",\"url\":\"https:\/\/www.bdplast.com\/fr\/filtres-statiques\/\",\"name\":\"Filtres statiques - BD Plast\",\"isPartOf\":{\"@id\":\"https:\/\/www.bdplast.com\/#website\"},\"datePublished\":\"2021-05-24T09:35:28+00:00\",\"dateModified\":\"2025-10-10T15:35:07+00:00\",\"description\":\"Notre offre comprend des filtres statiques BDC et BDR, pour r\u00e9pondre aux diff\u00e9rents besoins des lignes de production.\",\"breadcrumb\":{\"@id\":\"https:\/\/www.bdplast.com\/fr\/filtres-statiques\/#breadcrumb\"},\"inLanguage\":\"fr-FR\",\"potentialAction\":[{\"@type\":\"ReadAction\",\"target\":[\"https:\/\/www.bdplast.com\/fr\/filtres-statiques\/\"]}]},{\"@type\":\"BreadcrumbList\",\"@id\":\"https:\/\/www.bdplast.com\/fr\/filtres-statiques\/#breadcrumb\",\"itemListElement\":[{\"@type\":\"ListItem\",\"position\":1,\"name\":\"Home\",\"item\":\"https:\/\/www.bdplast.com\/fr\/\"},{\"@type\":\"ListItem\",\"position\":2,\"name\":\"Filtres statiques\"}]},{\"@type\":\"WebSite\",\"@id\":\"https:\/\/www.bdplast.com\/#website\",\"url\":\"https:\/\/www.bdplast.com\/\",\"name\":\"BD Plast\",\"description\":\"Sistemi di filtrazione, deviazione e convoglio polimeri\",\"publisher\":{\"@id\":\"https:\/\/www.bdplast.com\/#organization\"},\"potentialAction\":[{\"@type\":\"SearchAction\",\"target\":{\"@type\":\"EntryPoint\",\"urlTemplate\":\"https:\/\/www.bdplast.com\/?s={search_term_string}\"},\"query-input\":{\"@type\":\"PropertyValueSpecification\",\"valueRequired\":true,\"valueName\":\"search_term_string\"}}],\"inLanguage\":\"fr-FR\"},{\"@type\":\"Organization\",\"@id\":\"https:\/\/www.bdplast.com\/#organization\",\"name\":\"BD Plast\",\"url\":\"https:\/\/www.bdplast.com\/\",\"logo\":{\"@type\":\"ImageObject\",\"inLanguage\":\"fr-FR\",\"@id\":\"https:\/\/www.bdplast.com\/#\/schema\/logo\/image\/\",\"url\":\"https:\/\/www.bdplast.com\/wp-content\/uploads\/2025\/06\/bdplast-logo-yoast.jpg\",\"contentUrl\":\"https:\/\/www.bdplast.com\/wp-content\/uploads\/2025\/06\/bdplast-logo-yoast.jpg\",\"width\":1200,\"height\":628,\"caption\":\"BD Plast\"},\"image\":{\"@id\":\"https:\/\/www.bdplast.com\/#\/schema\/logo\/image\/\"},\"sameAs\":[\"https:\/\/www.youtube.com\/channel\/UCd6hdte7tZc8CfN_W9KxYTA\",\"https:\/\/it.linkedin.com\/company\/bd-plast-filtering-systems-srl\"]}]}<\/script>\n<!-- \/ Yoast SEO plugin. -->","yoast_head_json":{"title":"Filtres statiques - BD Plast","description":"Notre offre comprend des filtres statiques BDC et BDR, pour r\u00e9pondre aux diff\u00e9rents besoins des lignes de production.","robots":{"index":"index","follow":"follow","max-snippet":"max-snippet:-1","max-image-preview":"max-image-preview:large","max-video-preview":"max-video-preview:-1"},"canonical":"https:\/\/www.bdplast.com\/fr\/filtres-statiques\/","og_locale":"fr_FR","og_type":"article","og_title":"Filtres statiques - BD Plast","og_description":"Notre offre comprend des filtres statiques BDC et BDR, pour r\u00e9pondre aux diff\u00e9rents besoins des lignes de production.","og_url":"https:\/\/www.bdplast.com\/fr\/filtres-statiques\/","og_site_name":"BD Plast","article_modified_time":"2025-10-10T15:35:07+00:00","twitter_card":"summary_large_image","twitter_misc":{"Dur\u00e9e de lecture estim\u00e9e":"2 minutes"},"schema":{"@context":"https:\/\/schema.org","@graph":[{"@type":"WebPage","@id":"https:\/\/www.bdplast.com\/fr\/filtres-statiques\/","url":"https:\/\/www.bdplast.com\/fr\/filtres-statiques\/","name":"Filtres statiques - BD Plast","isPartOf":{"@id":"https:\/\/www.bdplast.com\/#website"},"datePublished":"2021-05-24T09:35:28+00:00","dateModified":"2025-10-10T15:35:07+00:00","description":"Notre offre comprend des filtres statiques BDC et BDR, pour r\u00e9pondre aux diff\u00e9rents besoins des lignes de production.","breadcrumb":{"@id":"https:\/\/www.bdplast.com\/fr\/filtres-statiques\/#breadcrumb"},"inLanguage":"fr-FR","potentialAction":[{"@type":"ReadAction","target":["https:\/\/www.bdplast.com\/fr\/filtres-statiques\/"]}]},{"@type":"BreadcrumbList","@id":"https:\/\/www.bdplast.com\/fr\/filtres-statiques\/#breadcrumb","itemListElement":[{"@type":"ListItem","position":1,"name":"Home","item":"https:\/\/www.bdplast.com\/fr\/"},{"@type":"ListItem","position":2,"name":"Filtres statiques"}]},{"@type":"WebSite","@id":"https:\/\/www.bdplast.com\/#website","url":"https:\/\/www.bdplast.com\/","name":"BD Plast","description":"Sistemi di filtrazione, deviazione e convoglio polimeri","publisher":{"@id":"https:\/\/www.bdplast.com\/#organization"},"potentialAction":[{"@type":"SearchAction","target":{"@type":"EntryPoint","urlTemplate":"https:\/\/www.bdplast.com\/?s={search_term_string}"},"query-input":{"@type":"PropertyValueSpecification","valueRequired":true,"valueName":"search_term_string"}}],"inLanguage":"fr-FR"},{"@type":"Organization","@id":"https:\/\/www.bdplast.com\/#organization","name":"BD Plast","url":"https:\/\/www.bdplast.com\/","logo":{"@type":"ImageObject","inLanguage":"fr-FR","@id":"https:\/\/www.bdplast.com\/#\/schema\/logo\/image\/","url":"https:\/\/www.bdplast.com\/wp-content\/uploads\/2025\/06\/bdplast-logo-yoast.jpg","contentUrl":"https:\/\/www.bdplast.com\/wp-content\/uploads\/2025\/06\/bdplast-logo-yoast.jpg","width":1200,"height":628,"caption":"BD Plast"},"image":{"@id":"https:\/\/www.bdplast.com\/#\/schema\/logo\/image\/"},"sameAs":["https:\/\/www.youtube.com\/channel\/UCd6hdte7tZc8CfN_W9KxYTA","https:\/\/it.linkedin.com\/company\/bd-plast-filtering-systems-srl"]}]}},"rttpg_featured_image_url":null,"rttpg_author":{"display_name":"studiochiesa","author_link":"https:\/\/www.bdplast.com\/fr\/author\/studiochiesa\/"},"rttpg_comment":0,"rttpg_category":" <a href=\"https:\/\/www.bdplast.com\/fr\/?taxonomy=translation_priority&#038;term=facultatif\" rel=\"tag\">Facultatif<\/a>","rttpg_excerpt":"[vc_row full_width=\u00a0\u00bbstretch_row\u00a0\u00bb css=\u00a0\u00bb.vc_custom_1620917583775{background-image: url(https:\/\/www.bdplast.com\/wp-content\/uploads\/2021\/05\/filtri_statici_static_filters_cover.jpg?id=15675) !important;background-position: center !important;background-repeat: no-repeat !important;background-size: cover !important;}\u00a0\u00bb ...","_links":{"self":[{"href":"https:\/\/www.bdplast.com\/fr\/wp-json\/wp\/v2\/pages\/16746","targetHints":{"allow":["GET"]}}],"collection":[{"href":"https:\/\/www.bdplast.com\/fr\/wp-json\/wp\/v2\/pages"}],"about":[{"href":"https:\/\/www.bdplast.com\/fr\/wp-json\/wp\/v2\/types\/page"}],"author":[{"embeddable":true,"href":"https:\/\/www.bdplast.com\/fr\/wp-json\/wp\/v2\/users\/1"}],"replies":[{"embeddable":true,"href":"https:\/\/www.bdplast.com\/fr\/wp-json\/wp\/v2\/comments?post=16746"}],"version-history":[{"count":5,"href":"https:\/\/www.bdplast.com\/fr\/wp-json\/wp\/v2\/pages\/16746\/revisions"}],"predecessor-version":[{"id":21231,"href":"https:\/\/www.bdplast.com\/fr\/wp-json\/wp\/v2\/pages\/16746\/revisions\/21231"}],"wp:attachment":[{"href":"https:\/\/www.bdplast.com\/fr\/wp-json\/wp\/v2\/media?parent=16746"}],"curies":[{"name":"wp","href":"https:\/\/api.w.org\/{rel}","templated":true}]}}