{"id":16772,"date":"2021-05-24T11:48:36","date_gmt":"2021-05-24T09:48:36","guid":{"rendered":"https:\/\/www.bdplast.com\/?page_id=16772"},"modified":"2025-10-09T16:13:58","modified_gmt":"2025-10-09T14:13:58","slug":"changeurs-de-filtres-oleohydrauliques","status":"publish","type":"page","link":"https:\/\/www.bdplast.com\/fr\/changeurs-de-filtres-oleohydrauliques\/","title":{"rendered":"Changeurs de filtres ol\u00e9ohydrauliques"},"content":{"rendered":"<div class=\"wpb-content-wrapper\"><p>[vc_row full_width=\u00a0\u00bbstretch_row\u00a0\u00bb css=\u00a0\u00bb.vc_custom_1617876082048{background-image: url(https:\/\/www.bdplast.com\/wp-content\/uploads\/2021\/04\/cambiafiltri_oleodinamici_hydraulic_screen_changers_BDO_FT_cover.jpg?id=14441) !important;background-position: center !important;background-repeat: no-repeat !important;background-size: cover !important;}\u00a0\u00bb el_class=\u00a0\u00bbwhite_text\u00a0\u00bb el_id=\u00a0\u00bbhead_prodotto\u00a0\u00bb][vc_column][\/vc_column][\/vc_row][vc_row full_width=\u00a0\u00bbstretch_row\u00a0\u00bb css=\u00a0\u00bb.vc_custom_1616665112965{padding-top: 2em !important;padding-bottom: 2em !important;background-color: #ec6608 !important;}\u00a0\u00bb el_class=\u00a0\u00bbwhite_text\u00a0\u00bb][vc_column][vc_row_inner equal_height=\u00a0\u00bbyes\u00a0\u00bb content_placement=\u00a0\u00bbmiddle\u00a0\u00bb][vc_column_inner][vc_column_text]<\/p>\n<h1><span class=\"separator level2 parent\">Changeurs de filtres ol\u00e9ohydrauliques<\/span><\/h1>\n<p>[\/vc_column_text][\/vc_column_inner][\/vc_row_inner][\/vc_column][\/vc_row][vc_row css=\u00a0\u00bb.vc_custom_1616673282130{padding-top: 4em !important;padding-bottom: 4em !important;}\u00a0\u00bb el_id=\u00a0\u00bbscheda_prodotto_intro\u00a0\u00bb][vc_column][vc_column_text]<\/p>\n<h2>Pour le remplacement des filets filtrants sur syst\u00e8me en marche et aux capacit\u00e9s de production \u00e9lev\u00e9es<\/h2>\n<p>[\/vc_column_text][vc_column_text]Notre offre comprend une large gamme de changeurs de crible <strong>BDP, BDO FT<\/strong> et <strong>BDO FQ.<\/strong>[\/vc_column_text][\/vc_column][\/vc_row][vc_row full_width=\u00a0\u00bbstretch_row\u00a0\u00bb css=\u00a0\u00bb.vc_custom_1616746370826{padding-top: 4em !important;padding-bottom: 4em !important;background-color: #e9e7dd !important;}\u00a0\u00bb el_id=\u00a0\u00bbproducts\u00a0\u00bb][vc_column offset=\u00a0\u00bbvc_col-md-12 vc_col-xs-12&Prime;][vc_empty_space height=\u00a0\u00bb2em\u00a0\u00bb][vc_row_inner css=\u00a0\u00bb.vc_custom_1584973514763{padding-left: 1em !important;}\u00a0\u00bb el_class=\u00a0\u00bbpublications_homepage\u00a0\u00bb el_id=\u00a0\u00bbappflds\u00a0\u00bb][vc_column_inner width=\u00a0\u00bb1\/4&Prime;]<figure class=\"effect-hover category_flip_box effect-ruby ratiooriginal  vckit_custom_class_1068e7c30e6671c  vckit-lazyload\">\n  <a href=\"https:\/\/www.bdplast.com\/fr\/changeurs-de-filtres-hydrauliques-bdp-de-45-a-160\/\" >\n    <img data-src=\"https:\/\/www.bdplast.com\/wp-content\/uploads\/2021\/03\/cambiafiltri_oleodinamici_hydraulic_screen_changers_BDP_pagina_prdotto.jpg\" alt=\"Changeurs de filtres hydrauliques BDP de 45 \u00e0 160 \"\/>\n    <figcaption>\n      <div class=\"effect-caption\">\n        <h2>Changeurs de filtres hydrauliques BDP de 45 \u00e0 160 <span><\/span><\/h2>\n        <p class=\"description\">\n          Simplicit\u00e9 de construction, rationalit\u00e9, ergonomie maximale pour l\u2019usinage de polym\u00e8res plus sensibles.&nbsp;        <\/p>\n      <\/div>\n    <\/figcaption>\n  <\/a>\n<\/figure>\n[\/vc_column_inner][vc_column_inner width=\u00a0\u00bb1\/4&Prime;]<figure class=\"effect-hover category_flip_box effect-ruby ratiooriginal  vckit_custom_class_868e7c2c84f6dc  vckit-lazyload\">\n  <a href=\"https:\/\/www.bdplast.com\/fr\/changeurs-de-filtres-hydrauliques-bdt\/\" >\n    <img data-src=\"https:\/\/www.bdplast.com\/wp-content\/uploads\/2025\/10\/BDT_fondo-1X1.jpg\" alt=\"Changeurs de filtres hydrauliques BDT \"\/>\n    <figcaption>\n      <div class=\"effect-caption\">\n        <h2>Changeurs de filtres hydrauliques BDT <span><\/span><\/h2>\n        <p class=\"description\">\n          Performances optimis\u00e9es, confort maximal&nbsp;        <\/p>\n      <\/div>\n    <\/figcaption>\n  <\/a>\n<\/figure>\n[\/vc_column_inner][vc_column_inner width=\u00a0\u00bb1\/4&Prime; css=\u00a0\u00bb.vc_custom_1584531749045{margin: 0px !important;padding: 0px !important;border: 0px initial !important;}\u00a0\u00bb]<figure class=\"effect-hover category_flip_box effect-ruby ratiooriginal effect-fonts vckit_custom_class_968e7c3169dc7b  vckit-lazyload\">\n  <a href=\"https:\/\/www.bdplast.com\/fr\/changeurs-de-filtres-hydrauliques-bdo-ft\/\" >\n    <img data-src=\"https:\/\/www.bdplast.com\/wp-content\/uploads\/2021\/03\/cambiafiltri_oleodinamici_hydraulic_screen_changers_BDO_FT_pagina_prdotto.jpg\" alt=\"BDO FT hydraulic screen changers from \u00d8 45 to \u00d8 160 \"\/>\n    <figcaption>\n      <div class=\"effect-caption\">\n        <h2>BDO FT hydraulic screen changers from \u00d8 45 to \u00d8 160 <span><\/span><\/h2>\n        <p class=\"description\">\n          Productivit\u00e9 et personnalisation maximales pour r\u00e9pondre aux besoins les plus complexes.&nbsp;        <\/p>\n      <\/div>\n    <\/figcaption>\n  <\/a>\n<\/figure>\n[\/vc_column_inner][vc_column_inner width=\u00a0\u00bb1\/4&Prime;]<figure class=\"effect-hover category_flip_box effect-ruby ratiooriginal effect-fonts vckit_custom_class_868e7c2b780126  vckit-lazyload\">\n  <a href=\"https:\/\/www.bdplast.com\/fr\/changeurs-de-filtres-hydrauliques-bdo-fq\/\" >\n    <img data-src=\"https:\/\/www.bdplast.com\/wp-content\/uploads\/2021\/03\/cambiafiltri_oleodinamici_hydraulic_screen_changers_BDO_FQ_pagina_prodotto.jpg\" alt=\"Changeurs de filtres hydrauliques BDO FQ de 180 \u00e0 400 \"\/>\n    <figcaption>\n      <div class=\"effect-caption\">\n        <h2>Changeurs de filtres hydrauliques BDO FQ de 180 \u00e0 400 <span><\/span><\/h2>\n        <p class=\"description\">\n          Flexibilit\u00e9, ergonomie, qualit\u00e9 : un produit adapt\u00e9 \u00e0 tous les d\u00e9fis de production, m\u00eame les plus exigeants.&nbsp;        <\/p>\n      <\/div>\n    <\/figcaption>\n  <\/a>\n<\/figure>\n[\/vc_column_inner][\/vc_row_inner][\/vc_column][\/vc_row]<\/p>\n<\/div>","protected":false},"excerpt":{"rendered":"<p>[vc_row full_width=\u00a0\u00bbstretch_row\u00a0\u00bb css=\u00a0\u00bb.vc_custom_1617876082048{background-image: url(https:\/\/www.bdplast.com\/wp-content\/uploads\/2021\/04\/cambiafiltri_oleodinamici_hydraulic_screen_changers_BDO_FT_cover.jpg?id=14441) !important;background-position: center !important;background-repeat: no-repeat !important;background-size: cover !important;}\u00a0\u00bb &#8230; <\/p>\n","protected":false},"author":1,"featured_media":20725,"parent":0,"menu_order":0,"comment_status":"closed","ping_status":"closed","template":"","meta":{"footnotes":"","_links_to":"","_links_to_target":""},"class_list":["post-16772","page","type-page","status-publish","has-post-thumbnail","hentry"],"yoast_head":"<!-- This site is optimized with the Yoast SEO plugin v27.5 - https:\/\/yoast.com\/product\/yoast-seo-wordpress\/ -->\n<title>Changeurs de filtres ol\u00e9ohydrauliques - BD Plast<\/title>\n<meta name=\"description\" content=\"Notre offre comprend une large gamme de changeurs de crible BDP, BDO FT et BDO FQ.\" \/>\n<meta name=\"robots\" content=\"index, follow, max-snippet:-1, max-image-preview:large, max-video-preview:-1\" \/>\n<link rel=\"canonical\" href=\"https:\/\/www.bdplast.com\/fr\/changeurs-de-filtres-oleohydrauliques\/\" \/>\n<meta property=\"og:locale\" content=\"fr_FR\" \/>\n<meta property=\"og:type\" content=\"article\" \/>\n<meta property=\"og:title\" content=\"Changeurs de filtres ol\u00e9ohydrauliques - BD Plast\" \/>\n<meta property=\"og:description\" content=\"Notre offre comprend une large gamme de changeurs de crible BDP, BDO FT et BDO FQ.\" \/>\n<meta property=\"og:url\" content=\"https:\/\/www.bdplast.com\/fr\/changeurs-de-filtres-oleohydrauliques\/\" \/>\n<meta property=\"og:site_name\" content=\"BD Plast\" \/>\n<meta property=\"article:modified_time\" content=\"2025-10-09T14:13:58+00:00\" \/>\n<meta property=\"og:image\" content=\"https:\/\/www.bdplast.com\/wp-content\/uploads\/2025\/10\/BDT_fondo-2025-1.jpg\" \/>\n\t<meta property=\"og:image:width\" content=\"2048\" \/>\n\t<meta property=\"og:image:height\" content=\"1245\" \/>\n\t<meta property=\"og:image:type\" content=\"image\/jpeg\" \/>\n<meta name=\"twitter:card\" content=\"summary_large_image\" \/>\n<meta name=\"twitter:label1\" content=\"Dur\u00e9e de lecture estim\u00e9e\" \/>\n\t<meta name=\"twitter:data1\" content=\"3 minutes\" \/>\n<script type=\"application\/ld+json\" class=\"yoast-schema-graph\">{\"@context\":\"https:\\\/\\\/schema.org\",\"@graph\":[{\"@type\":\"WebPage\",\"@id\":\"https:\\\/\\\/www.bdplast.com\\\/fr\\\/changeurs-de-filtres-oleohydrauliques\\\/\",\"url\":\"https:\\\/\\\/www.bdplast.com\\\/fr\\\/changeurs-de-filtres-oleohydrauliques\\\/\",\"name\":\"Changeurs de filtres ol\u00e9ohydrauliques - BD Plast\",\"isPartOf\":{\"@id\":\"https:\\\/\\\/www.bdplast.com\\\/#website\"},\"primaryImageOfPage\":{\"@id\":\"https:\\\/\\\/www.bdplast.com\\\/fr\\\/changeurs-de-filtres-oleohydrauliques\\\/#primaryimage\"},\"image\":{\"@id\":\"https:\\\/\\\/www.bdplast.com\\\/fr\\\/changeurs-de-filtres-oleohydrauliques\\\/#primaryimage\"},\"thumbnailUrl\":\"https:\\\/\\\/www.bdplast.com\\\/wp-content\\\/uploads\\\/2025\\\/10\\\/BDT_fondo-2025-1.jpg\",\"datePublished\":\"2021-05-24T09:48:36+00:00\",\"dateModified\":\"2025-10-09T14:13:58+00:00\",\"description\":\"Notre offre comprend une large gamme de changeurs de crible BDP, BDO FT et BDO FQ.\",\"breadcrumb\":{\"@id\":\"https:\\\/\\\/www.bdplast.com\\\/fr\\\/changeurs-de-filtres-oleohydrauliques\\\/#breadcrumb\"},\"inLanguage\":\"fr-FR\",\"potentialAction\":[{\"@type\":\"ReadAction\",\"target\":[\"https:\\\/\\\/www.bdplast.com\\\/fr\\\/changeurs-de-filtres-oleohydrauliques\\\/\"]}]},{\"@type\":\"ImageObject\",\"inLanguage\":\"fr-FR\",\"@id\":\"https:\\\/\\\/www.bdplast.com\\\/fr\\\/changeurs-de-filtres-oleohydrauliques\\\/#primaryimage\",\"url\":\"https:\\\/\\\/www.bdplast.com\\\/wp-content\\\/uploads\\\/2025\\\/10\\\/BDT_fondo-2025-1.jpg\",\"contentUrl\":\"https:\\\/\\\/www.bdplast.com\\\/wp-content\\\/uploads\\\/2025\\\/10\\\/BDT_fondo-2025-1.jpg\",\"width\":2048,\"height\":1245},{\"@type\":\"BreadcrumbList\",\"@id\":\"https:\\\/\\\/www.bdplast.com\\\/fr\\\/changeurs-de-filtres-oleohydrauliques\\\/#breadcrumb\",\"itemListElement\":[{\"@type\":\"ListItem\",\"position\":1,\"name\":\"Home\",\"item\":\"https:\\\/\\\/www.bdplast.com\\\/fr\\\/\"},{\"@type\":\"ListItem\",\"position\":2,\"name\":\"Changeurs de filtres ol\u00e9ohydrauliques\"}]},{\"@type\":\"WebSite\",\"@id\":\"https:\\\/\\\/www.bdplast.com\\\/#website\",\"url\":\"https:\\\/\\\/www.bdplast.com\\\/\",\"name\":\"BD Plast\",\"description\":\"Sistemi di filtrazione, deviazione e convoglio polimeri\",\"publisher\":{\"@id\":\"https:\\\/\\\/www.bdplast.com\\\/#organization\"},\"potentialAction\":[{\"@type\":\"SearchAction\",\"target\":{\"@type\":\"EntryPoint\",\"urlTemplate\":\"https:\\\/\\\/www.bdplast.com\\\/?s={search_term_string}\"},\"query-input\":{\"@type\":\"PropertyValueSpecification\",\"valueRequired\":true,\"valueName\":\"search_term_string\"}}],\"inLanguage\":\"fr-FR\"},{\"@type\":\"Organization\",\"@id\":\"https:\\\/\\\/www.bdplast.com\\\/#organization\",\"name\":\"BD Plast\",\"url\":\"https:\\\/\\\/www.bdplast.com\\\/\",\"logo\":{\"@type\":\"ImageObject\",\"inLanguage\":\"fr-FR\",\"@id\":\"https:\\\/\\\/www.bdplast.com\\\/#\\\/schema\\\/logo\\\/image\\\/\",\"url\":\"https:\\\/\\\/www.bdplast.com\\\/wp-content\\\/uploads\\\/2025\\\/06\\\/bdplast-logo-yoast.jpg\",\"contentUrl\":\"https:\\\/\\\/www.bdplast.com\\\/wp-content\\\/uploads\\\/2025\\\/06\\\/bdplast-logo-yoast.jpg\",\"width\":1200,\"height\":628,\"caption\":\"BD Plast\"},\"image\":{\"@id\":\"https:\\\/\\\/www.bdplast.com\\\/#\\\/schema\\\/logo\\\/image\\\/\"},\"sameAs\":[\"https:\\\/\\\/www.youtube.com\\\/channel\\\/UCd6hdte7tZc8CfN_W9KxYTA\",\"https:\\\/\\\/it.linkedin.com\\\/company\\\/bd-plast-filtering-systems-srl\"]}]}<\/script>\n<!-- \/ Yoast SEO plugin. -->","yoast_head_json":{"title":"Changeurs de filtres ol\u00e9ohydrauliques - BD Plast","description":"Notre offre comprend une large gamme de changeurs de crible BDP, BDO FT et BDO FQ.","robots":{"index":"index","follow":"follow","max-snippet":"max-snippet:-1","max-image-preview":"max-image-preview:large","max-video-preview":"max-video-preview:-1"},"canonical":"https:\/\/www.bdplast.com\/fr\/changeurs-de-filtres-oleohydrauliques\/","og_locale":"fr_FR","og_type":"article","og_title":"Changeurs de filtres ol\u00e9ohydrauliques - BD Plast","og_description":"Notre offre comprend une large gamme de changeurs de crible BDP, BDO FT et BDO FQ.","og_url":"https:\/\/www.bdplast.com\/fr\/changeurs-de-filtres-oleohydrauliques\/","og_site_name":"BD Plast","article_modified_time":"2025-10-09T14:13:58+00:00","og_image":[{"width":2048,"height":1245,"url":"https:\/\/www.bdplast.com\/wp-content\/uploads\/2025\/10\/BDT_fondo-2025-1.jpg","type":"image\/jpeg"}],"twitter_card":"summary_large_image","twitter_misc":{"Dur\u00e9e de lecture estim\u00e9e":"3 minutes"},"schema":{"@context":"https:\/\/schema.org","@graph":[{"@type":"WebPage","@id":"https:\/\/www.bdplast.com\/fr\/changeurs-de-filtres-oleohydrauliques\/","url":"https:\/\/www.bdplast.com\/fr\/changeurs-de-filtres-oleohydrauliques\/","name":"Changeurs de filtres ol\u00e9ohydrauliques - BD Plast","isPartOf":{"@id":"https:\/\/www.bdplast.com\/#website"},"primaryImageOfPage":{"@id":"https:\/\/www.bdplast.com\/fr\/changeurs-de-filtres-oleohydrauliques\/#primaryimage"},"image":{"@id":"https:\/\/www.bdplast.com\/fr\/changeurs-de-filtres-oleohydrauliques\/#primaryimage"},"thumbnailUrl":"https:\/\/www.bdplast.com\/wp-content\/uploads\/2025\/10\/BDT_fondo-2025-1.jpg","datePublished":"2021-05-24T09:48:36+00:00","dateModified":"2025-10-09T14:13:58+00:00","description":"Notre offre comprend une large gamme de changeurs de crible BDP, BDO FT et BDO FQ.","breadcrumb":{"@id":"https:\/\/www.bdplast.com\/fr\/changeurs-de-filtres-oleohydrauliques\/#breadcrumb"},"inLanguage":"fr-FR","potentialAction":[{"@type":"ReadAction","target":["https:\/\/www.bdplast.com\/fr\/changeurs-de-filtres-oleohydrauliques\/"]}]},{"@type":"ImageObject","inLanguage":"fr-FR","@id":"https:\/\/www.bdplast.com\/fr\/changeurs-de-filtres-oleohydrauliques\/#primaryimage","url":"https:\/\/www.bdplast.com\/wp-content\/uploads\/2025\/10\/BDT_fondo-2025-1.jpg","contentUrl":"https:\/\/www.bdplast.com\/wp-content\/uploads\/2025\/10\/BDT_fondo-2025-1.jpg","width":2048,"height":1245},{"@type":"BreadcrumbList","@id":"https:\/\/www.bdplast.com\/fr\/changeurs-de-filtres-oleohydrauliques\/#breadcrumb","itemListElement":[{"@type":"ListItem","position":1,"name":"Home","item":"https:\/\/www.bdplast.com\/fr\/"},{"@type":"ListItem","position":2,"name":"Changeurs de filtres ol\u00e9ohydrauliques"}]},{"@type":"WebSite","@id":"https:\/\/www.bdplast.com\/#website","url":"https:\/\/www.bdplast.com\/","name":"BD Plast","description":"Sistemi di filtrazione, deviazione e convoglio polimeri","publisher":{"@id":"https:\/\/www.bdplast.com\/#organization"},"potentialAction":[{"@type":"SearchAction","target":{"@type":"EntryPoint","urlTemplate":"https:\/\/www.bdplast.com\/?s={search_term_string}"},"query-input":{"@type":"PropertyValueSpecification","valueRequired":true,"valueName":"search_term_string"}}],"inLanguage":"fr-FR"},{"@type":"Organization","@id":"https:\/\/www.bdplast.com\/#organization","name":"BD Plast","url":"https:\/\/www.bdplast.com\/","logo":{"@type":"ImageObject","inLanguage":"fr-FR","@id":"https:\/\/www.bdplast.com\/#\/schema\/logo\/image\/","url":"https:\/\/www.bdplast.com\/wp-content\/uploads\/2025\/06\/bdplast-logo-yoast.jpg","contentUrl":"https:\/\/www.bdplast.com\/wp-content\/uploads\/2025\/06\/bdplast-logo-yoast.jpg","width":1200,"height":628,"caption":"BD Plast"},"image":{"@id":"https:\/\/www.bdplast.com\/#\/schema\/logo\/image\/"},"sameAs":["https:\/\/www.youtube.com\/channel\/UCd6hdte7tZc8CfN_W9KxYTA","https:\/\/it.linkedin.com\/company\/bd-plast-filtering-systems-srl"]}]}},"rttpg_featured_image_url":{"full":["https:\/\/www.bdplast.com\/wp-content\/uploads\/2025\/10\/BDT_fondo-2025-1.jpg",2048,1245,false],"landscape":["https:\/\/www.bdplast.com\/wp-content\/uploads\/2025\/10\/BDT_fondo-2025-1.jpg",2048,1245,false],"portraits":["https:\/\/www.bdplast.com\/wp-content\/uploads\/2025\/10\/BDT_fondo-2025-1.jpg",2048,1245,false],"thumbnail":["https:\/\/www.bdplast.com\/wp-content\/uploads\/2025\/10\/BDT_fondo-2025-1-150x150.jpg",150,150,true],"medium":["https:\/\/www.bdplast.com\/wp-content\/uploads\/2025\/10\/BDT_fondo-2025-1-300x182.jpg",300,182,true],"large":["https:\/\/www.bdplast.com\/wp-content\/uploads\/2025\/10\/BDT_fondo-2025-1-728x443.jpg",728,443,true],"1536x1536":["https:\/\/www.bdplast.com\/wp-content\/uploads\/2025\/10\/BDT_fondo-2025-1-1536x934.jpg",1536,934,true],"2048x2048":["https:\/\/www.bdplast.com\/wp-content\/uploads\/2025\/10\/BDT_fondo-2025-1.jpg",2048,1245,false],"codevz_360_320":["https:\/\/www.bdplast.com\/wp-content\/uploads\/2025\/10\/BDT_fondo-2025-1-370x194.jpg",360,189,true],"codevz_600_600":["https:\/\/www.bdplast.com\/wp-content\/uploads\/2025\/10\/BDT_fondo-2025-1-600x600.jpg",600,600,true],"codevz_1200_200":["https:\/\/www.bdplast.com\/wp-content\/uploads\/2025\/10\/BDT_fondo-2025-1-1200x200.jpg",1200,200,true],"codevz_1200_500":["https:\/\/www.bdplast.com\/wp-content\/uploads\/2025\/10\/BDT_fondo-2025-1-1200x500.jpg",1200,500,true],"codevz_600_1000":["https:\/\/www.bdplast.com\/wp-content\/uploads\/2025\/10\/BDT_fondo-2025-1-600x1000.jpg",600,1000,true],"codevz_600_9999":["https:\/\/www.bdplast.com\/wp-content\/uploads\/2025\/10\/BDT_fondo-2025-1-600x365.jpg",600,365,true],"gform-image-choice-sm":["https:\/\/www.bdplast.com\/wp-content\/uploads\/2025\/10\/BDT_fondo-2025-1.jpg",300,182,false],"gform-image-choice-md":["https:\/\/www.bdplast.com\/wp-content\/uploads\/2025\/10\/BDT_fondo-2025-1.jpg",400,243,false],"gform-image-choice-lg":["https:\/\/www.bdplast.com\/wp-content\/uploads\/2025\/10\/BDT_fondo-2025-1.jpg",600,365,false]},"rttpg_author":{"display_name":"studiochiesa","author_link":"https:\/\/www.bdplast.com\/fr\/author\/studiochiesa\/"},"rttpg_comment":0,"rttpg_category":false,"rttpg_excerpt":"[vc_row full_width=\u00a0\u00bbstretch_row\u00a0\u00bb css=\u00a0\u00bb.vc_custom_1617876082048{background-image: url(https:\/\/www.bdplast.com\/wp-content\/uploads\/2021\/04\/cambiafiltri_oleodinamici_hydraulic_screen_changers_BDO_FT_cover.jpg?id=14441) !important;background-position: center !important;background-repeat: no-repeat !important;background-size: cover !important;}\u00a0\u00bb ...","_links":{"self":[{"href":"https:\/\/www.bdplast.com\/fr\/wp-json\/wp\/v2\/pages\/16772","targetHints":{"allow":["GET"]}}],"collection":[{"href":"https:\/\/www.bdplast.com\/fr\/wp-json\/wp\/v2\/pages"}],"about":[{"href":"https:\/\/www.bdplast.com\/fr\/wp-json\/wp\/v2\/types\/page"}],"author":[{"embeddable":true,"href":"https:\/\/www.bdplast.com\/fr\/wp-json\/wp\/v2\/users\/1"}],"replies":[{"embeddable":true,"href":"https:\/\/www.bdplast.com\/fr\/wp-json\/wp\/v2\/comments?post=16772"}],"version-history":[{"count":5,"href":"https:\/\/www.bdplast.com\/fr\/wp-json\/wp\/v2\/pages\/16772\/revisions"}],"predecessor-version":[{"id":20847,"href":"https:\/\/www.bdplast.com\/fr\/wp-json\/wp\/v2\/pages\/16772\/revisions\/20847"}],"wp:featuredmedia":[{"embeddable":true,"href":"https:\/\/www.bdplast.com\/fr\/wp-json\/wp\/v2\/media\/20725"}],"wp:attachment":[{"href":"https:\/\/www.bdplast.com\/fr\/wp-json\/wp\/v2\/media?parent=16772"}],"curies":[{"name":"wp","href":"https:\/\/api.w.org\/{rel}","templated":true}]}}