{"id":16826,"date":"2021-03-30T11:03:23","date_gmt":"2021-03-30T09:03:23","guid":{"rendered":"https:\/\/www.bdplast.com\/?page_id=16826"},"modified":"2025-10-10T18:07:09","modified_gmt":"2025-10-10T16:07:09","slug":"composants-pour-lextrusion","status":"publish","type":"page","link":"https:\/\/www.bdplast.com\/fr\/composants-pour-lextrusion\/","title":{"rendered":"Composants pour l\u2019extrusion"},"content":{"rendered":"<div class=\"wpb-content-wrapper\"><p>[vc_row full_width=\u00a0\u00bbstretch_row\u00a0\u00bb css=\u00a0\u00bb.vc_custom_1617876137615{background-image: url(https:\/\/www.bdplast.com\/wp-content\/uploads\/2021\/03\/componenti_per_estrusione_extrusion_components_BDMP_cover.jpg?id=14268) !important;background-position: center !important;background-repeat: no-repeat !important;background-size: cover !important;}\u00a0\u00bb el_class=\u00a0\u00bbwhite_text\u00a0\u00bb el_id=\u00a0\u00bbhead_prodotto\u00a0\u00bb][vc_column][\/vc_column][\/vc_row][vc_row full_width=\u00a0\u00bbstretch_row\u00a0\u00bb css=\u00a0\u00bb.vc_custom_1616665112965{padding-top: 2em !important;padding-bottom: 2em !important;background-color: #ec6608 !important;}\u00a0\u00bb el_class=\u00a0\u00bbwhite_text\u00a0\u00bb][vc_column][vc_row_inner equal_height=\u00a0\u00bbyes\u00a0\u00bb content_placement=\u00a0\u00bbmiddle\u00a0\u00bb][vc_column_inner][vc_column_text css=\u00a0\u00bb\u00a0\u00bb]<\/p>\n<h1>Composants pour l\u2019extrusion<\/h1>\n<p>[\/vc_column_text][\/vc_column_inner][\/vc_row_inner][\/vc_column][\/vc_row][vc_row css=\u00a0\u00bb.vc_custom_1616673282130{padding-top: 4em !important;padding-bottom: 4em !important;}\u00a0\u00bb el_id=\u00a0\u00bbscheda_prodotto_intro\u00a0\u00bb][vc_column][vc_column_text css=\u00a0\u00bb\u00a0\u00bb]<\/p>\n<h2>M\u00e9langeurs, adaptateurs, coudes et goulots d\u2019extrusion et vannes de d\u00e9rivation<\/h2>\n<p>[\/vc_column_text][vc_column_text css=\u00a0\u00bb\u00a0\u00bb]Notre offre comprend des <strong>composants<\/strong> <strong>d\u2019extrusion<\/strong>.[\/vc_column_text][\/vc_column][\/vc_row][vc_row full_width=\u00a0\u00bbstretch_row\u00a0\u00bb css=\u00a0\u00bb.vc_custom_1616746370826{padding-top: 4em !important;padding-bottom: 4em !important;background-color: #e9e7dd !important;}\u00a0\u00bb el_id=\u00a0\u00bbproducts\u00a0\u00bb][vc_column offset=\u00a0\u00bbvc_col-md-12 vc_col-xs-12&Prime;][vc_empty_space height=\u00a0\u00bb2em\u00a0\u00bb][vc_row_inner css=\u00a0\u00bb.vc_custom_1584973514763{padding-left: 1em !important;}\u00a0\u00bb el_class=\u00a0\u00bbpublications_homepage\u00a0\u00bb el_id=\u00a0\u00bbappflds\u00a0\u00bb][vc_column_inner width=\u00a0\u00bb1\/4&Prime;]<figure class=\"effect-hover category_flip_box effect-ruby ratiooriginal  vckit_custom_class_1068e91cfb09c7c  vckit-lazyload\">\n  <a href=\"https:\/\/www.bdplast.com\/fr\/adaptateurs-coudes-et-goulots-dextrusion-bdmp\" >\n    <img data-src=\"https:\/\/www.bdplast.com\/wp-content\/uploads\/2021\/03\/componenti_per_estrusione_extrusion_components_BDMP_pagina_prodotto.jpg\" alt=\"Adaptateurs, coudes et goulots d\u2019extrusion BDMP \"\/>\n    <figcaption>\n      <div class=\"effect-caption\">\n        <h2>Adaptateurs, coudes et goulots d\u2019extrusion BDMP <span><\/span><\/h2>\n        <p class=\"description\">\n          Des produits simples et robustes dans le temps, pour un haut niveau de m\u00e9lange.&nbsp;        <\/p>\n      <\/div>\n    <\/figcaption>\n  <\/a>\n<\/figure>\n[\/vc_column_inner][vc_column_inner width=\u00a0\u00bb1\/4&Prime;]<figure class=\"effect-hover category_flip_box effect-ruby ratiooriginal  vckit_custom_class_1068e91d3fbde0a  vckit-lazyload\">\n  <a href=\"https:\/\/www.bdplast.com\/fr\/vannes-de-derivation-bdvd\" >\n    <img data-src=\"https:\/\/www.bdplast.com\/wp-content\/uploads\/2021\/05\/bdv_prd.jpg\" alt=\"Vannes de d\u00e9rivation BDVD \"\/>\n    <figcaption>\n      <div class=\"effect-caption\">\n        <h2>Vannes de d\u00e9rivation BDVD <span><\/span><\/h2>\n        <p class=\"description\">\n          Facile \u00e0 entretenir et adapt\u00e9 \u00e0 de nombreuses applications.&nbsp;        <\/p>\n      <\/div>\n    <\/figcaption>\n  <\/a>\n<\/figure>\n[\/vc_column_inner][vc_column_inner width=\u00a0\u00bb1\/4&Prime;]<figure class=\"effect-hover category_flip_box effect-ruby ratiooriginal  vckit_custom_class_868e91e342b6ab  vckit-lazyload\">\n  <a href=\"https:\/\/www.bdplast.com\/fr\/changeur-de-tetes-hydraulique-bdcf\/\" >\n    <img data-src=\"https:\/\/www.bdplast.com\/wp-content\/uploads\/2025\/10\/BDCF-cambia-teste.jpg\" alt=\"Changeur de t\u00eates hydraulique BDCF \"\/>\n    <figcaption>\n      <div class=\"effect-caption\">\n        <h2>Changeur de t\u00eates hydraulique BDCF <span><\/span><\/h2>\n        <p class=\"description\">\n          Un \u00e9quipement accessoire qui permet un remplacement facile et rapide des moules d\u2019extrusion par rapport aux proc\u00e9dures manuelles traditionnelles.&nbsp;        <\/p>\n      <\/div>\n    <\/figcaption>\n  <\/a>\n<\/figure>\n[\/vc_column_inner][vc_column_inner width=\u00a0\u00bb1\/4&Prime;]<figure class=\"effect-hover category_flip_box effect-ruby ratiooriginal  vckit_custom_class_968e91dad014d6  vckit-lazyload\">\n  <a href=\"https:\/\/www.bdplast.com\/fr\/filtre-pour-calandre-bdgs\/\" >\n    <img data-src=\"https:\/\/www.bdplast.com\/wp-content\/uploads\/2025\/10\/Filtro-per-calandra-BDGS_1X1.jpg\" alt=\"Filtre pour calandre BDGS \"\/>\n    <figcaption>\n      <div class=\"effect-caption\">\n        <h2>Filtre pour calandre BDGS <span><\/span><\/h2>\n        <p class=\"description\">\n          Technologie de filtration altern\u00e9e pour lignes de calandrage&nbsp;        <\/p>\n      <\/div>\n    <\/figcaption>\n  <\/a>\n<\/figure>\n[\/vc_column_inner][\/vc_row_inner][\/vc_column][\/vc_row]<\/p>\n<\/div>","protected":false},"excerpt":{"rendered":"<p>[vc_row full_width=\u00a0\u00bbstretch_row\u00a0\u00bb css=\u00a0\u00bb.vc_custom_1617876137615{background-image: url(https:\/\/www.bdplast.com\/wp-content\/uploads\/2021\/03\/componenti_per_estrusione_extrusion_components_BDMP_cover.jpg?id=14268) !important;background-position: center !important;background-repeat: no-repeat !important;background-size: cover !important;}\u00a0\u00bb &#8230; <\/p>\n","protected":false},"author":1,"featured_media":0,"parent":0,"menu_order":0,"comment_status":"closed","ping_status":"closed","template":"","meta":{"footnotes":"","_links_to":"","_links_to_target":""},"class_list":["post-16826","page","type-page","status-publish","hentry"],"yoast_head":"<!-- This site is optimized with the Yoast SEO plugin v26.8 - https:\/\/yoast.com\/product\/yoast-seo-wordpress\/ -->\n<title>Componenti per sistemi e impianti di estrusione | BDPlast<\/title>\n<meta name=\"description\" content=\"Adattatori, curve e colli di estrusione, miscelatori statici, teste a spaghetti e valvole deviatrici. Compontenti per impianti di estrusione!\" \/>\n<meta name=\"robots\" content=\"index, follow, max-snippet:-1, max-image-preview:large, max-video-preview:-1\" \/>\n<link rel=\"canonical\" href=\"https:\/\/www.bdplast.com\/fr\/composants-pour-lextrusion\/\" \/>\n<meta property=\"og:locale\" content=\"fr_FR\" \/>\n<meta property=\"og:type\" content=\"article\" \/>\n<meta property=\"og:title\" content=\"Componenti per sistemi e impianti di estrusione | BDPlast\" \/>\n<meta property=\"og:description\" content=\"Adattatori, curve e colli di estrusione, miscelatori statici, teste a spaghetti e valvole deviatrici. Compontenti per impianti di estrusione!\" \/>\n<meta property=\"og:url\" content=\"https:\/\/www.bdplast.com\/fr\/composants-pour-lextrusion\/\" \/>\n<meta property=\"og:site_name\" content=\"BD Plast\" \/>\n<meta property=\"article:modified_time\" content=\"2025-10-10T16:07:09+00:00\" \/>\n<meta name=\"twitter:card\" content=\"summary_large_image\" \/>\n<meta name=\"twitter:label1\" content=\"Dur\u00e9e de lecture estim\u00e9e\" \/>\n\t<meta name=\"twitter:data1\" content=\"1 minute\" \/>\n<script type=\"application\/ld+json\" class=\"yoast-schema-graph\">{\"@context\":\"https:\/\/schema.org\",\"@graph\":[{\"@type\":\"WebPage\",\"@id\":\"https:\/\/www.bdplast.com\/fr\/composants-pour-lextrusion\/\",\"url\":\"https:\/\/www.bdplast.com\/fr\/composants-pour-lextrusion\/\",\"name\":\"Componenti per sistemi e impianti di estrusione | BDPlast\",\"isPartOf\":{\"@id\":\"https:\/\/www.bdplast.com\/#website\"},\"datePublished\":\"2021-03-30T09:03:23+00:00\",\"dateModified\":\"2025-10-10T16:07:09+00:00\",\"description\":\"Adattatori, curve e colli di estrusione, miscelatori statici, teste a spaghetti e valvole deviatrici. Compontenti per impianti di estrusione!\",\"breadcrumb\":{\"@id\":\"https:\/\/www.bdplast.com\/fr\/composants-pour-lextrusion\/#breadcrumb\"},\"inLanguage\":\"fr-FR\",\"potentialAction\":[{\"@type\":\"ReadAction\",\"target\":[\"https:\/\/www.bdplast.com\/fr\/composants-pour-lextrusion\/\"]}]},{\"@type\":\"BreadcrumbList\",\"@id\":\"https:\/\/www.bdplast.com\/fr\/composants-pour-lextrusion\/#breadcrumb\",\"itemListElement\":[{\"@type\":\"ListItem\",\"position\":1,\"name\":\"Home\",\"item\":\"https:\/\/www.bdplast.com\/fr\/\"},{\"@type\":\"ListItem\",\"position\":2,\"name\":\"Composants pour l\u2019extrusion\"}]},{\"@type\":\"WebSite\",\"@id\":\"https:\/\/www.bdplast.com\/#website\",\"url\":\"https:\/\/www.bdplast.com\/\",\"name\":\"BD Plast\",\"description\":\"Sistemi di filtrazione, deviazione e convoglio polimeri\",\"publisher\":{\"@id\":\"https:\/\/www.bdplast.com\/#organization\"},\"potentialAction\":[{\"@type\":\"SearchAction\",\"target\":{\"@type\":\"EntryPoint\",\"urlTemplate\":\"https:\/\/www.bdplast.com\/?s={search_term_string}\"},\"query-input\":{\"@type\":\"PropertyValueSpecification\",\"valueRequired\":true,\"valueName\":\"search_term_string\"}}],\"inLanguage\":\"fr-FR\"},{\"@type\":\"Organization\",\"@id\":\"https:\/\/www.bdplast.com\/#organization\",\"name\":\"BD Plast\",\"url\":\"https:\/\/www.bdplast.com\/\",\"logo\":{\"@type\":\"ImageObject\",\"inLanguage\":\"fr-FR\",\"@id\":\"https:\/\/www.bdplast.com\/#\/schema\/logo\/image\/\",\"url\":\"https:\/\/www.bdplast.com\/wp-content\/uploads\/2025\/06\/bdplast-logo-yoast.jpg\",\"contentUrl\":\"https:\/\/www.bdplast.com\/wp-content\/uploads\/2025\/06\/bdplast-logo-yoast.jpg\",\"width\":1200,\"height\":628,\"caption\":\"BD Plast\"},\"image\":{\"@id\":\"https:\/\/www.bdplast.com\/#\/schema\/logo\/image\/\"},\"sameAs\":[\"https:\/\/www.youtube.com\/channel\/UCd6hdte7tZc8CfN_W9KxYTA\",\"https:\/\/it.linkedin.com\/company\/bd-plast-filtering-systems-srl\"]}]}<\/script>\n<!-- \/ Yoast SEO plugin. -->","yoast_head_json":{"title":"Componenti per sistemi e impianti di estrusione | BDPlast","description":"Adattatori, curve e colli di estrusione, miscelatori statici, teste a spaghetti e valvole deviatrici. Compontenti per impianti di estrusione!","robots":{"index":"index","follow":"follow","max-snippet":"max-snippet:-1","max-image-preview":"max-image-preview:large","max-video-preview":"max-video-preview:-1"},"canonical":"https:\/\/www.bdplast.com\/fr\/composants-pour-lextrusion\/","og_locale":"fr_FR","og_type":"article","og_title":"Componenti per sistemi e impianti di estrusione | BDPlast","og_description":"Adattatori, curve e colli di estrusione, miscelatori statici, teste a spaghetti e valvole deviatrici. Compontenti per impianti di estrusione!","og_url":"https:\/\/www.bdplast.com\/fr\/composants-pour-lextrusion\/","og_site_name":"BD Plast","article_modified_time":"2025-10-10T16:07:09+00:00","twitter_card":"summary_large_image","twitter_misc":{"Dur\u00e9e de lecture estim\u00e9e":"1 minute"},"schema":{"@context":"https:\/\/schema.org","@graph":[{"@type":"WebPage","@id":"https:\/\/www.bdplast.com\/fr\/composants-pour-lextrusion\/","url":"https:\/\/www.bdplast.com\/fr\/composants-pour-lextrusion\/","name":"Componenti per sistemi e impianti di estrusione | BDPlast","isPartOf":{"@id":"https:\/\/www.bdplast.com\/#website"},"datePublished":"2021-03-30T09:03:23+00:00","dateModified":"2025-10-10T16:07:09+00:00","description":"Adattatori, curve e colli di estrusione, miscelatori statici, teste a spaghetti e valvole deviatrici. Compontenti per impianti di estrusione!","breadcrumb":{"@id":"https:\/\/www.bdplast.com\/fr\/composants-pour-lextrusion\/#breadcrumb"},"inLanguage":"fr-FR","potentialAction":[{"@type":"ReadAction","target":["https:\/\/www.bdplast.com\/fr\/composants-pour-lextrusion\/"]}]},{"@type":"BreadcrumbList","@id":"https:\/\/www.bdplast.com\/fr\/composants-pour-lextrusion\/#breadcrumb","itemListElement":[{"@type":"ListItem","position":1,"name":"Home","item":"https:\/\/www.bdplast.com\/fr\/"},{"@type":"ListItem","position":2,"name":"Composants pour l\u2019extrusion"}]},{"@type":"WebSite","@id":"https:\/\/www.bdplast.com\/#website","url":"https:\/\/www.bdplast.com\/","name":"BD Plast","description":"Sistemi di filtrazione, deviazione e convoglio polimeri","publisher":{"@id":"https:\/\/www.bdplast.com\/#organization"},"potentialAction":[{"@type":"SearchAction","target":{"@type":"EntryPoint","urlTemplate":"https:\/\/www.bdplast.com\/?s={search_term_string}"},"query-input":{"@type":"PropertyValueSpecification","valueRequired":true,"valueName":"search_term_string"}}],"inLanguage":"fr-FR"},{"@type":"Organization","@id":"https:\/\/www.bdplast.com\/#organization","name":"BD Plast","url":"https:\/\/www.bdplast.com\/","logo":{"@type":"ImageObject","inLanguage":"fr-FR","@id":"https:\/\/www.bdplast.com\/#\/schema\/logo\/image\/","url":"https:\/\/www.bdplast.com\/wp-content\/uploads\/2025\/06\/bdplast-logo-yoast.jpg","contentUrl":"https:\/\/www.bdplast.com\/wp-content\/uploads\/2025\/06\/bdplast-logo-yoast.jpg","width":1200,"height":628,"caption":"BD Plast"},"image":{"@id":"https:\/\/www.bdplast.com\/#\/schema\/logo\/image\/"},"sameAs":["https:\/\/www.youtube.com\/channel\/UCd6hdte7tZc8CfN_W9KxYTA","https:\/\/it.linkedin.com\/company\/bd-plast-filtering-systems-srl"]}]}},"rttpg_featured_image_url":null,"rttpg_author":{"display_name":"studiochiesa","author_link":"https:\/\/www.bdplast.com\/fr\/author\/studiochiesa\/"},"rttpg_comment":0,"rttpg_category":" <a href=\"https:\/\/www.bdplast.com\/fr\/?taxonomy=translation_priority&#038;term=facultatif\" rel=\"tag\">Facultatif<\/a>","rttpg_excerpt":"[vc_row full_width=\u00a0\u00bbstretch_row\u00a0\u00bb css=\u00a0\u00bb.vc_custom_1617876137615{background-image: url(https:\/\/www.bdplast.com\/wp-content\/uploads\/2021\/03\/componenti_per_estrusione_extrusion_components_BDMP_cover.jpg?id=14268) !important;background-position: center !important;background-repeat: no-repeat !important;background-size: cover !important;}\u00a0\u00bb ...","_links":{"self":[{"href":"https:\/\/www.bdplast.com\/fr\/wp-json\/wp\/v2\/pages\/16826","targetHints":{"allow":["GET"]}}],"collection":[{"href":"https:\/\/www.bdplast.com\/fr\/wp-json\/wp\/v2\/pages"}],"about":[{"href":"https:\/\/www.bdplast.com\/fr\/wp-json\/wp\/v2\/types\/page"}],"author":[{"embeddable":true,"href":"https:\/\/www.bdplast.com\/fr\/wp-json\/wp\/v2\/users\/1"}],"replies":[{"embeddable":true,"href":"https:\/\/www.bdplast.com\/fr\/wp-json\/wp\/v2\/comments?post=16826"}],"version-history":[{"count":12,"href":"https:\/\/www.bdplast.com\/fr\/wp-json\/wp\/v2\/pages\/16826\/revisions"}],"predecessor-version":[{"id":21194,"href":"https:\/\/www.bdplast.com\/fr\/wp-json\/wp\/v2\/pages\/16826\/revisions\/21194"}],"wp:attachment":[{"href":"https:\/\/www.bdplast.com\/fr\/wp-json\/wp\/v2\/media?parent=16826"}],"curies":[{"name":"wp","href":"https:\/\/api.w.org\/{rel}","templated":true}]}}