{"id":16831,"date":"2021-05-24T11:54:22","date_gmt":"2021-05-24T09:54:22","guid":{"rendered":"https:\/\/www.bdplast.com\/?page_id=16831"},"modified":"2022-06-16T15:48:11","modified_gmt":"2022-06-16T13:48:11","slug":"adaptateurs-coudes-et-goulots-dextrusion-bdmp","status":"publish","type":"page","link":"https:\/\/www.bdplast.com\/fr\/adaptateurs-coudes-et-goulots-dextrusion-bdmp\/","title":{"rendered":"Adaptateurs, coudes et goulots d\u2019extrusion BDMP"},"content":{"rendered":"<div class=\"wpb-content-wrapper\"><p>[vc_row full_width=\u00a0\u00bbstretch_row\u00a0\u00bb css=\u00a0\u00bb.vc_custom_1617027570495{background-image: url(https:\/\/www.bdplast.com\/wp-content\/uploads\/2021\/03\/componenti_per_estrusione_extrusion_components_BDMP_cover.jpg?id=14268) !important;background-position: center !important;background-repeat: no-repeat !important;background-size: cover !important;}\u00a0\u00bb el_class=\u00a0\u00bbwhite_text\u00a0\u00bb el_id=\u00a0\u00bbhead_prodotto\u00a0\u00bb][vc_column][\/vc_column][\/vc_row][vc_row full_width=\u00a0\u00bbstretch_row\u00a0\u00bb css=\u00a0\u00bb.vc_custom_1616665112965{padding-top: 2em !important;padding-bottom: 2em !important;background-color: #ec6608 !important;}\u00a0\u00bb el_class=\u00a0\u00bbwhite_text\u00a0\u00bb][vc_column][vc_row_inner equal_height=\u00a0\u00bbyes\u00a0\u00bb content_placement=\u00a0\u00bbmiddle\u00a0\u00bb][vc_column_inner][vc_column_text]<\/p>\n<h1>Adaptateurs, coudes et goulots d\u2019extrusion BDMP<\/h1>\n<p>[\/vc_column_text][\/vc_column_inner][\/vc_row_inner][\/vc_column][\/vc_row][vc_row css=\u00a0\u00bb.vc_custom_1616673282130{padding-top: 4em !important;padding-bottom: 4em !important;}\u00a0\u00bb el_id=\u00a0\u00bbscheda_prodotto_intro\u00a0\u00bb][vc_column][vc_column_text]<\/p>\n<h2>Des produits simples et robustes dans le temps, pour un haut niveau de m\u00e9lange.<\/h2>\n<p>[\/vc_column_text][vc_column_text]Con\u00e7us pour combiner une puissance de m\u00e9lange \u00e9lev\u00e9e avec une construction simple, fiable dans le temps et robuste.<br \/>\nLe groupe de m\u00e9lange est constitu\u00e9 d\u2019une s\u00e9rie de disques perfor\u00e9s sur un canal d\u2019\u00e9coulement p\u00e9riph\u00e9rique et d\u00e9cal\u00e9s les uns des autres de sorte que le polym\u00e8re s\u2019\u00e9coule en continu. Les diff\u00e9rentes applications de ces m\u00e9langeurs ont montr\u00e9 une dispersion optimale des m\u00e9langes ma\u00eetres, avec des r\u00e9ductions substantielles de leur consommation. De plus, d\u2019excellentes qualit\u00e9s d\u2019auto-nettoyage et de stabilisation de la temp\u00e9rature des \u00e9l\u00e9ments moul\u00e9s sont garanties.<br \/>\nDisponibles pour les lignes d\u2019extrusion avec des \u2205 vis de 30 \u00e0 200 mm, ils sont fournis avec des manchons \u00e0 bo\u00eetiers complets comprenant des dispositifs de r\u00e9chauffage. Le syst\u00e8me de construction modulaire permet une inspection compl\u00e8te du syst\u00e8me \u00e0 tout moment.[\/vc_column_text][\/vc_column][\/vc_row][vc_row full_width=\u00a0\u00bbstretch_row\u00a0\u00bb el_class=\u00a0\u00bbwhite_text\u00a0\u00bb el_id=\u00a0\u00bbslider\u00a0\u00bb css=\u00a0\u00bb.vc_custom_1616679219141{padding-top: 4em !important;padding-bottom: 4em !important;background-color: #e9e7dd !important;background-position: center !important;background-repeat: no-repeat !important;background-size: cover !important;}\u00a0\u00bb][vc_column]<div\n  id=\"vckit-image-slider-602184875\"\n  class=\"vckit-image-slider  \"\n  data-vckit-carousel='{\"arrows\":true,\"dots\":false,\"fade\":true,\"infinite\":true,\"arrow_style\":\"circle\",\"autoplay\":\"yes\",\"autoplay_speed\":3000,\"pause_on_hover\":\"yes\",\"speed\":300,\"md\":1,\"sm\":1,\"xs\":1,\"slides_to_scroll\":1}' data-gutter=\"0\">\n      <div class=\"vckit-image-slider__element\">\n            <img decoding=\"async\" src=\"https:\/\/www.bdplast.com\/wp-content\/uploads\/2021\/04\/componenti_per_estrusione_extrusion_components_BDMP_gallery_7.jpg\">\n          <\/div>\n      <div class=\"vckit-image-slider__element\">\n            <img decoding=\"async\" src=\"https:\/\/www.bdplast.com\/wp-content\/uploads\/2021\/04\/componenti_per_estrusione_extrusion_components_BDMP_gallery_2.jpg\">\n          <\/div>\n      <div class=\"vckit-image-slider__element\">\n            <img decoding=\"async\" src=\"https:\/\/www.bdplast.com\/wp-content\/uploads\/2021\/04\/componenti_per_estrusione_extrusion_components_BDMP_gallery_1.jpg\">\n          <\/div>\n      <div class=\"vckit-image-slider__element\">\n            <img decoding=\"async\" src=\"https:\/\/www.bdplast.com\/wp-content\/uploads\/2021\/04\/componenti_per_estrusione_extrusion_components_BDMP_gallery_3.jpg\">\n          <\/div>\n      <div class=\"vckit-image-slider__element\">\n            <img decoding=\"async\" src=\"https:\/\/www.bdplast.com\/wp-content\/uploads\/2021\/04\/componenti_per_estrusione_extrusion_components_BDMP_gallery_4.jpg\">\n          <\/div>\n      <div class=\"vckit-image-slider__element\">\n            <img decoding=\"async\" src=\"https:\/\/www.bdplast.com\/wp-content\/uploads\/2021\/04\/componenti_per_estrusione_extrusion_components_BDMP_gallery_5.jpg\">\n          <\/div>\n      <div class=\"vckit-image-slider__element\">\n            <img decoding=\"async\" src=\"https:\/\/www.bdplast.com\/wp-content\/uploads\/2021\/04\/componenti_per_estrusione_extrusion_components_BDMP_gallery_6.jpg\">\n          <\/div>\n  <\/div>\n<style type=\"text\/css\"><\/style>\n[\/vc_column][\/vc_row][vc_row full_width=\u00a0\u00bbstretch_row\u00a0\u00bb equal_height=\u00a0\u00bbyes\u00a0\u00bb content_placement=\u00a0\u00bbmiddle\u00a0\u00bb el_id=\u00a0\u00bbscheda_prodotto\u00a0\u00bb css=\u00a0\u00bb.vc_custom_1616752804985{padding-top: 4em !important;padding-bottom: 4em !important;background-color: #475b5a !important;}\u00a0\u00bb][vc_column width=\u00a0\u00bb1\/2&Prime;][vc_single_image image=\u00a0\u00bb16833&Prime; img_size=\u00a0\u00bbfull\u00a0\u00bb][\/vc_column][vc_column width=\u00a0\u00bb1\/2&Prime;][vc_column_text]<\/p>\n<div class=\"indicatiper\">\n<p><strong>ADAPT\u00c9 \u00c0 LA PRODUCTION DE<\/strong><\/p>\n<ul class=\"ul1\">\n<li class=\"li1\">proc\u00e9d\u00e9s de polym\u00e9risation et d&rsquo;extrusion<\/li>\n<\/ul>\n<\/div>\n<p>[\/vc_column_text][vc_empty_space height=\u00a0\u00bb1em\u00a0\u00bb][vc_row_inner][vc_column_inner width=\u00a0\u00bb2\/3&Prime;]<div class=\"\"><div class=\"cz_96930_p\"><a id=\"cz_96930\" class=\"cz_96930 cz_btn cz_btn_txt_no_fx cz_btn_no_fx cz_btn_icon_after cz_mobile_btn_center\" href=\"https:\/\/www.bdplast.com\/wp-content\/uploads\/2021\/03\/BDMP_IT.pdf\" target=\"_blank\"><span><strong>T\u00c9L\u00c9CHARGEZ LA FICHE TECHNIQUE<\/strong><i class=\"fa czico-194-download\"><\/i><\/span><b class=\"cz_btn_onhover\"><strong>T\u00c9L\u00c9CHARGEZ LA FICHE TECHNIQUE<\/strong><i class=\"fa czico-194-download\"><\/i><\/b><\/a><\/div><\/div>[\/vc_column_inner][vc_column_inner width=\u00a0\u00bb1\/3&Prime;]<div class=\"\"><div class=\"cz_63656_p\"><a id=\"cz_63656\" class=\"cz_63656 cz_btn cz_btn_txt_no_fx cz_btn_no_fx cz_btn_icon_after cz_mobile_btn_center\" href=\"https:\/\/www.youtube.com\/watch?v=w6-UKpgXxew\" rel=\"nofollow\" target=\"_blank\"><span><strong>NETTOYAGE DE LA PLAQUE DE CHANGEMENT DE FILTRE<\/strong><i class=\"fa czico-015-play\"><\/i><\/span><b class=\"cz_btn_onhover\"><strong>NETTOYAGE DE LA PLAQUE DE CHANGEMENT DE FILTRE<\/strong><i class=\"fa czico-015-play\"><\/i><\/b><\/a><\/div><\/div>[\/vc_column_inner][\/vc_row_inner][\/vc_column][\/vc_row]<\/p>\n<\/div>","protected":false},"excerpt":{"rendered":"<p>[vc_row full_width=\u00a0\u00bbstretch_row\u00a0\u00bb css=\u00a0\u00bb.vc_custom_1617027570495{background-image: url(https:\/\/www.bdplast.com\/wp-content\/uploads\/2021\/03\/componenti_per_estrusione_extrusion_components_BDMP_cover.jpg?id=14268) !important;background-position: center !important;background-repeat: no-repeat !important;background-size: cover !important;}\u00a0\u00bb &#8230; <\/p>\n","protected":false},"author":1,"featured_media":0,"parent":0,"menu_order":0,"comment_status":"closed","ping_status":"closed","template":"","meta":{"footnotes":"","_links_to":"","_links_to_target":""},"class_list":["post-16831","page","type-page","status-publish","hentry"],"yoast_head":"<!-- This site is optimized with the Yoast SEO plugin v27.5 - https:\/\/yoast.com\/product\/yoast-seo-wordpress\/ -->\n<title>Adaptateurs, coudes et goulots d\u2019extrusion BDMP - BD Plast<\/title>\n<meta name=\"description\" content=\"Con\u00e7us pour combiner une puissance de m\u00e9lange \u00e9lev\u00e9e avec une construction simple, fiable dans le temps et robuste.\" \/>\n<meta name=\"robots\" content=\"index, follow, max-snippet:-1, max-image-preview:large, max-video-preview:-1\" \/>\n<link rel=\"canonical\" href=\"https:\/\/www.bdplast.com\/adattatori-curve-e-colli-di-estrusione-bdmp\/\" \/>\n<meta property=\"og:locale\" content=\"fr_FR\" \/>\n<meta property=\"og:type\" content=\"article\" \/>\n<meta property=\"og:title\" content=\"Adaptateurs, coudes et goulots d\u2019extrusion BDMP - BD Plast\" \/>\n<meta property=\"og:description\" content=\"Con\u00e7us pour combiner une puissance de m\u00e9lange \u00e9lev\u00e9e avec une construction simple, fiable dans le temps et robuste.\" \/>\n<meta property=\"og:url\" content=\"https:\/\/www.bdplast.com\/adattatori-curve-e-colli-di-estrusione-bdmp\/\" \/>\n<meta property=\"og:site_name\" content=\"BD Plast\" \/>\n<meta property=\"article:modified_time\" content=\"2022-06-16T13:48:11+00:00\" \/>\n<meta name=\"twitter:card\" content=\"summary_large_image\" \/>\n<meta name=\"twitter:label1\" content=\"Dur\u00e9e de lecture estim\u00e9e\" \/>\n\t<meta name=\"twitter:data1\" content=\"2 minutes\" \/>\n<script type=\"application\/ld+json\" class=\"yoast-schema-graph\">{\"@context\":\"https:\\\/\\\/schema.org\",\"@graph\":[{\"@type\":\"WebPage\",\"@id\":\"https:\\\/\\\/www.bdplast.com\\\/adattatori-curve-e-colli-di-estrusione-bdmp\\\/\",\"url\":\"https:\\\/\\\/www.bdplast.com\\\/adattatori-curve-e-colli-di-estrusione-bdmp\\\/\",\"name\":\"Adaptateurs, coudes et goulots d\u2019extrusion BDMP - BD Plast\",\"isPartOf\":{\"@id\":\"https:\\\/\\\/www.bdplast.com\\\/#website\"},\"datePublished\":\"2021-05-24T09:54:22+00:00\",\"dateModified\":\"2022-06-16T13:48:11+00:00\",\"description\":\"Con\u00e7us pour combiner une puissance de m\u00e9lange \u00e9lev\u00e9e avec une construction simple, fiable dans le temps et robuste.\",\"breadcrumb\":{\"@id\":\"https:\\\/\\\/www.bdplast.com\\\/adattatori-curve-e-colli-di-estrusione-bdmp\\\/#breadcrumb\"},\"inLanguage\":\"fr-FR\",\"potentialAction\":[{\"@type\":\"ReadAction\",\"target\":[\"https:\\\/\\\/www.bdplast.com\\\/adattatori-curve-e-colli-di-estrusione-bdmp\\\/\"]}]},{\"@type\":\"BreadcrumbList\",\"@id\":\"https:\\\/\\\/www.bdplast.com\\\/adattatori-curve-e-colli-di-estrusione-bdmp\\\/#breadcrumb\",\"itemListElement\":[{\"@type\":\"ListItem\",\"position\":1,\"name\":\"Home\",\"item\":\"https:\\\/\\\/www.bdplast.com\\\/fr\\\/\"},{\"@type\":\"ListItem\",\"position\":2,\"name\":\"Adaptateurs, coudes et goulots d\u2019extrusion BDMP\"}]},{\"@type\":\"WebSite\",\"@id\":\"https:\\\/\\\/www.bdplast.com\\\/#website\",\"url\":\"https:\\\/\\\/www.bdplast.com\\\/\",\"name\":\"BD Plast\",\"description\":\"Sistemi di filtrazione, deviazione e convoglio polimeri\",\"publisher\":{\"@id\":\"https:\\\/\\\/www.bdplast.com\\\/#organization\"},\"potentialAction\":[{\"@type\":\"SearchAction\",\"target\":{\"@type\":\"EntryPoint\",\"urlTemplate\":\"https:\\\/\\\/www.bdplast.com\\\/?s={search_term_string}\"},\"query-input\":{\"@type\":\"PropertyValueSpecification\",\"valueRequired\":true,\"valueName\":\"search_term_string\"}}],\"inLanguage\":\"fr-FR\"},{\"@type\":\"Organization\",\"@id\":\"https:\\\/\\\/www.bdplast.com\\\/#organization\",\"name\":\"BD Plast\",\"url\":\"https:\\\/\\\/www.bdplast.com\\\/\",\"logo\":{\"@type\":\"ImageObject\",\"inLanguage\":\"fr-FR\",\"@id\":\"https:\\\/\\\/www.bdplast.com\\\/#\\\/schema\\\/logo\\\/image\\\/\",\"url\":\"https:\\\/\\\/www.bdplast.com\\\/wp-content\\\/uploads\\\/2025\\\/06\\\/bdplast-logo-yoast.jpg\",\"contentUrl\":\"https:\\\/\\\/www.bdplast.com\\\/wp-content\\\/uploads\\\/2025\\\/06\\\/bdplast-logo-yoast.jpg\",\"width\":1200,\"height\":628,\"caption\":\"BD Plast\"},\"image\":{\"@id\":\"https:\\\/\\\/www.bdplast.com\\\/#\\\/schema\\\/logo\\\/image\\\/\"},\"sameAs\":[\"https:\\\/\\\/www.youtube.com\\\/channel\\\/UCd6hdte7tZc8CfN_W9KxYTA\",\"https:\\\/\\\/it.linkedin.com\\\/company\\\/bd-plast-filtering-systems-srl\"]}]}<\/script>\n<!-- \/ Yoast SEO plugin. -->","yoast_head_json":{"title":"Adaptateurs, coudes et goulots d\u2019extrusion BDMP - BD Plast","description":"Con\u00e7us pour combiner une puissance de m\u00e9lange \u00e9lev\u00e9e avec une construction simple, fiable dans le temps et robuste.","robots":{"index":"index","follow":"follow","max-snippet":"max-snippet:-1","max-image-preview":"max-image-preview:large","max-video-preview":"max-video-preview:-1"},"canonical":"https:\/\/www.bdplast.com\/adattatori-curve-e-colli-di-estrusione-bdmp\/","og_locale":"fr_FR","og_type":"article","og_title":"Adaptateurs, coudes et goulots d\u2019extrusion BDMP - BD Plast","og_description":"Con\u00e7us pour combiner une puissance de m\u00e9lange \u00e9lev\u00e9e avec une construction simple, fiable dans le temps et robuste.","og_url":"https:\/\/www.bdplast.com\/adattatori-curve-e-colli-di-estrusione-bdmp\/","og_site_name":"BD Plast","article_modified_time":"2022-06-16T13:48:11+00:00","twitter_card":"summary_large_image","twitter_misc":{"Dur\u00e9e de lecture estim\u00e9e":"2 minutes"},"schema":{"@context":"https:\/\/schema.org","@graph":[{"@type":"WebPage","@id":"https:\/\/www.bdplast.com\/adattatori-curve-e-colli-di-estrusione-bdmp\/","url":"https:\/\/www.bdplast.com\/adattatori-curve-e-colli-di-estrusione-bdmp\/","name":"Adaptateurs, coudes et goulots d\u2019extrusion BDMP - BD Plast","isPartOf":{"@id":"https:\/\/www.bdplast.com\/#website"},"datePublished":"2021-05-24T09:54:22+00:00","dateModified":"2022-06-16T13:48:11+00:00","description":"Con\u00e7us pour combiner une puissance de m\u00e9lange \u00e9lev\u00e9e avec une construction simple, fiable dans le temps et robuste.","breadcrumb":{"@id":"https:\/\/www.bdplast.com\/adattatori-curve-e-colli-di-estrusione-bdmp\/#breadcrumb"},"inLanguage":"fr-FR","potentialAction":[{"@type":"ReadAction","target":["https:\/\/www.bdplast.com\/adattatori-curve-e-colli-di-estrusione-bdmp\/"]}]},{"@type":"BreadcrumbList","@id":"https:\/\/www.bdplast.com\/adattatori-curve-e-colli-di-estrusione-bdmp\/#breadcrumb","itemListElement":[{"@type":"ListItem","position":1,"name":"Home","item":"https:\/\/www.bdplast.com\/fr\/"},{"@type":"ListItem","position":2,"name":"Adaptateurs, coudes et goulots d\u2019extrusion BDMP"}]},{"@type":"WebSite","@id":"https:\/\/www.bdplast.com\/#website","url":"https:\/\/www.bdplast.com\/","name":"BD Plast","description":"Sistemi di filtrazione, deviazione e convoglio polimeri","publisher":{"@id":"https:\/\/www.bdplast.com\/#organization"},"potentialAction":[{"@type":"SearchAction","target":{"@type":"EntryPoint","urlTemplate":"https:\/\/www.bdplast.com\/?s={search_term_string}"},"query-input":{"@type":"PropertyValueSpecification","valueRequired":true,"valueName":"search_term_string"}}],"inLanguage":"fr-FR"},{"@type":"Organization","@id":"https:\/\/www.bdplast.com\/#organization","name":"BD Plast","url":"https:\/\/www.bdplast.com\/","logo":{"@type":"ImageObject","inLanguage":"fr-FR","@id":"https:\/\/www.bdplast.com\/#\/schema\/logo\/image\/","url":"https:\/\/www.bdplast.com\/wp-content\/uploads\/2025\/06\/bdplast-logo-yoast.jpg","contentUrl":"https:\/\/www.bdplast.com\/wp-content\/uploads\/2025\/06\/bdplast-logo-yoast.jpg","width":1200,"height":628,"caption":"BD Plast"},"image":{"@id":"https:\/\/www.bdplast.com\/#\/schema\/logo\/image\/"},"sameAs":["https:\/\/www.youtube.com\/channel\/UCd6hdte7tZc8CfN_W9KxYTA","https:\/\/it.linkedin.com\/company\/bd-plast-filtering-systems-srl"]}]}},"rttpg_featured_image_url":null,"rttpg_author":{"display_name":"studiochiesa","author_link":"https:\/\/www.bdplast.com\/fr\/author\/studiochiesa\/"},"rttpg_comment":0,"rttpg_category":" <a href=\"https:\/\/www.bdplast.com\/fr\/?taxonomy=translation_priority&#038;term=facultatif\" rel=\"tag\">Facultatif<\/a>","rttpg_excerpt":"[vc_row full_width=\u00a0\u00bbstretch_row\u00a0\u00bb css=\u00a0\u00bb.vc_custom_1617027570495{background-image: url(https:\/\/www.bdplast.com\/wp-content\/uploads\/2021\/03\/componenti_per_estrusione_extrusion_components_BDMP_cover.jpg?id=14268) !important;background-position: center !important;background-repeat: no-repeat !important;background-size: cover !important;}\u00a0\u00bb ...","_links":{"self":[{"href":"https:\/\/www.bdplast.com\/fr\/wp-json\/wp\/v2\/pages\/16831","targetHints":{"allow":["GET"]}}],"collection":[{"href":"https:\/\/www.bdplast.com\/fr\/wp-json\/wp\/v2\/pages"}],"about":[{"href":"https:\/\/www.bdplast.com\/fr\/wp-json\/wp\/v2\/types\/page"}],"author":[{"embeddable":true,"href":"https:\/\/www.bdplast.com\/fr\/wp-json\/wp\/v2\/users\/1"}],"replies":[{"embeddable":true,"href":"https:\/\/www.bdplast.com\/fr\/wp-json\/wp\/v2\/comments?post=16831"}],"version-history":[{"count":4,"href":"https:\/\/www.bdplast.com\/fr\/wp-json\/wp\/v2\/pages\/16831\/revisions"}],"predecessor-version":[{"id":18442,"href":"https:\/\/www.bdplast.com\/fr\/wp-json\/wp\/v2\/pages\/16831\/revisions\/18442"}],"wp:attachment":[{"href":"https:\/\/www.bdplast.com\/fr\/wp-json\/wp\/v2\/media?parent=16831"}],"curies":[{"name":"wp","href":"https:\/\/api.w.org\/{rel}","templated":true}]}}