{"id":16854,"date":"2021-05-24T12:00:33","date_gmt":"2021-05-24T10:00:33","guid":{"rendered":"https:\/\/www.bdplast.com\/?page_id=16854"},"modified":"2023-07-27T14:59:02","modified_gmt":"2023-07-27T12:59:02","slug":"vannes-de-derivation-bdvd","status":"publish","type":"page","link":"https:\/\/www.bdplast.com\/fr\/vannes-de-derivation-bdvd\/","title":{"rendered":"Vannes de d\u00e9rivation BDVD"},"content":{"rendered":"<div class=\"wpb-content-wrapper\"><p>[vc_row full_width=\u00a0\u00bbstretch_row\u00a0\u00bb css=\u00a0\u00bb.vc_custom_1617023798177{background-image: url(https:\/\/www.bdplast.com\/wp-content\/uploads\/2021\/03\/a_breve_online_coming_soon.jpg?id=14222) !important;background-position: center !important;background-repeat: no-repeat !important;background-size: cover !important;}\u00a0\u00bb el_class=\u00a0\u00bbwhite_text\u00a0\u00bb el_id=\u00a0\u00bbhead_prodotto\u00a0\u00bb][vc_column][\/vc_column][\/vc_row][vc_row full_width=\u00a0\u00bbstretch_row\u00a0\u00bb css=\u00a0\u00bb.vc_custom_1616665112965{padding-top: 2em !important;padding-bottom: 2em !important;background-color: #ec6608 !important;}\u00a0\u00bb el_class=\u00a0\u00bbwhite_text\u00a0\u00bb][vc_column][vc_row_inner equal_height=\u00a0\u00bbyes\u00a0\u00bb content_placement=\u00a0\u00bbmiddle\u00a0\u00bb][vc_column_inner][vc_column_text]<\/p>\n<h1>Vannes de d\u00e9rivation BDVD<\/h1>\n<p>[\/vc_column_text][\/vc_column_inner][\/vc_row_inner][\/vc_column][\/vc_row][vc_row css=\u00a0\u00bb.vc_custom_1616673282130{padding-top: 4em !important;padding-bottom: 4em !important;}\u00a0\u00bb el_id=\u00a0\u00bbscheda_prodotto_intro\u00a0\u00bb][vc_column][vc_column_text]<\/p>\n<h2>Facile \u00e0 entretenir et adapt\u00e9 \u00e0 de nombreuses applications.<\/h2>\n<p>[\/vc_column_text][vc_column_text]Un syst\u00e8me permettant de d\u00e9tourner une partie du mat\u00e9riau produit pendant la phase de d\u00e9marrage ou d\u2019arr\u00eat du syst\u00e8me hors du processus, en r\u00e9ponse aux besoins \u00e9mergents dans le processus d\u2019extrusion.<br \/>\nL\u2019utilisation de vannes s\u2019\u00e9tend \u00e9galement aux usines de granulation \u00e9quip\u00e9es de syst\u00e8mes de coupe immerg\u00e9s, o\u00f9 la pr\u00e9sence de la vanne de d\u00e9rivation devient une condition n\u00e9cessaire \u00e0 leur fonctionnement r\u00e9gulier.<br \/>\nFacile \u00e0 entretenir, elle peut \u00eatre mont\u00e9e sur diff\u00e9rents types de syst\u00e8mes ou devenir partie int\u00e9grante d\u2019un groupe de changeur de filtres.<br \/>\nR\u00e9alis\u00e9 avec des passages de fusion de \u00d8 30 \u00e0 \u00d8 200 mm, il peut, avec des modifications minimes, utiliser le m\u00eame groupe d\u2019entra\u00eenement ol\u00e9ohydraulique que les changeurs de filtres.[\/vc_column_text][\/vc_column][\/vc_row][vc_row full_width=\u00a0\u00bbstretch_row\u00a0\u00bb el_class=\u00a0\u00bbwhite_text\u00a0\u00bb el_id=\u00a0\u00bbslider\u00a0\u00bb css=\u00a0\u00bb.vc_custom_1616679219141{padding-top: 4em !important;padding-bottom: 4em !important;background-color: #e9e7dd !important;background-position: center !important;background-repeat: no-repeat !important;background-size: cover !important;}\u00a0\u00bb][vc_column]<div\n  id=\"vckit-image-slider-1811106792\"\n  class=\"vckit-image-slider  \"\n  data-vckit-carousel='{\"arrows\":true,\"dots\":false,\"fade\":true,\"infinite\":true,\"arrow_style\":\"circle\",\"autoplay\":\"yes\",\"autoplay_speed\":3000,\"pause_on_hover\":\"yes\",\"speed\":300,\"md\":1,\"sm\":1,\"xs\":1,\"slides_to_scroll\":1}' data-gutter=\"0\">\n      <div class=\"vckit-image-slider__element\">\n            <img decoding=\"async\" src=\"https:\/\/www.bdplast.com\/wp-content\/uploads\/2021\/05\/componenti_per_estrusione_extrusion_components_BDVD_gallery_2.jpg\">\n          <\/div>\n      <div class=\"vckit-image-slider__element\">\n            <img decoding=\"async\" src=\"https:\/\/www.bdplast.com\/wp-content\/uploads\/2021\/05\/componenti_per_estrusione_extrusion_components_BDVD_gallery_4.jpg\">\n          <\/div>\n      <div class=\"vckit-image-slider__element\">\n            <img decoding=\"async\" src=\"https:\/\/www.bdplast.com\/wp-content\/uploads\/2021\/05\/componenti_per_estrusione_extrusion_components_BDVD_gallery_1.jpg\">\n          <\/div>\n  <\/div>\n<style type=\"text\/css\"><\/style>\n[\/vc_column][\/vc_row][vc_row full_width=\u00a0\u00bbstretch_row\u00a0\u00bb equal_height=\u00a0\u00bbyes\u00a0\u00bb content_placement=\u00a0\u00bbmiddle\u00a0\u00bb el_id=\u00a0\u00bbscheda_prodotto\u00a0\u00bb css=\u00a0\u00bb.vc_custom_1616752804985{padding-top: 4em !important;padding-bottom: 4em !important;background-color: #475b5a !important;}\u00a0\u00bb][vc_column width=\u00a0\u00bb1\/2&Prime;][vc_single_image image=\u00a0\u00bb16858&Prime; img_size=\u00a0\u00bbfull\u00a0\u00bb][\/vc_column][vc_column width=\u00a0\u00bb1\/2&Prime;][vc_column_text]<strong>ADAPT\u00c9 \u00c0 LA PRODUCTION DE<\/strong><\/p>\n<ul class=\"ul1\">\n<li class=\"li1\">les proc\u00e9d\u00e9s de granulation<\/li>\n<\/ul>\n<p>[\/vc_column_text][vc_empty_space height=\u00a0\u00bb1em\u00a0\u00bb][vc_row_inner][vc_column_inner width=\u00a0\u00bb1\/2&Prime;]<div class=\"\"><div class=\"cz_16792_p\"><a id=\"cz_16792\" class=\"cz_16792 cz_btn cz_btn_txt_no_fx cz_btn_no_fx cz_btn_icon_after cz_mobile_btn_center\" href=\"#\" target=\"_blank\"><span><strong>SCARICA LA SCHEDA TECNICA<\/strong><i class=\"fa czico-194-download\"><\/i><\/span><b class=\"cz_btn_onhover\"><strong>SCARICA LA SCHEDA TECNICA<\/strong><i class=\"fa czico-194-download\"><\/i><\/b><\/a><\/div><\/div>[\/vc_column_inner][vc_column_inner width=\u00a0\u00bb1\/2&Prime;]<div class=\"\"><div class=\"cz_78544_p\"><a id=\"cz_78544\" class=\"cz_78544 cz_btn cz_btn_txt_no_fx cz_btn_no_fx cz_btn_icon_after cz_mobile_btn_center\" href=\"https:\/\/www.youtube.com\/watch?v=w6-UKpgXxew\" rel=\"nofollow\" target=\"_blank\"><span><strong>PULIZIA PIASTRA CAMBIAFILTRO<\/strong><i class=\"fa czico-015-play\"><\/i><\/span><b class=\"cz_btn_onhover\"><strong>PULIZIA PIASTRA CAMBIAFILTRO<\/strong><i class=\"fa czico-015-play\"><\/i><\/b><\/a><\/div><\/div>[\/vc_column_inner][\/vc_row_inner][\/vc_column][\/vc_row]<\/p>\n<\/div>","protected":false},"excerpt":{"rendered":"<p>[vc_row full_width=\u00a0\u00bbstretch_row\u00a0\u00bb css=\u00a0\u00bb.vc_custom_1617023798177{background-image: url(https:\/\/www.bdplast.com\/wp-content\/uploads\/2021\/03\/a_breve_online_coming_soon.jpg?id=14222) !important;background-position: center !important;background-repeat: no-repeat !important;background-size: cover !important;}\u00a0\u00bb &#8230; <\/p>\n","protected":false},"author":1,"featured_media":0,"parent":0,"menu_order":0,"comment_status":"closed","ping_status":"closed","template":"","meta":{"footnotes":"","_links_to":"","_links_to_target":""},"class_list":["post-16854","page","type-page","status-publish","hentry"],"yoast_head":"<!-- This site is optimized with the Yoast SEO plugin v26.8 - https:\/\/yoast.com\/product\/yoast-seo-wordpress\/ -->\n<title>Vannes de d\u00e9rivation BDVD - BD Plast<\/title>\n<meta name=\"description\" content=\"Un syst\u00e8me permettant de d\u00e9tourner une partie du mat\u00e9riau produit pendant la phase de d\u00e9marrage ou d\u2019arr\u00eat du syst\u00e8me hors du processus, en r\u00e9ponse aux besoins \u00e9mergents dans le processus d\u2019extrusion.\" \/>\n<meta name=\"robots\" content=\"index, follow, max-snippet:-1, max-image-preview:large, max-video-preview:-1\" \/>\n<link rel=\"canonical\" href=\"https:\/\/www.bdplast.com\/valvole-deviatrici-bdvd\/\" \/>\n<meta property=\"og:locale\" content=\"fr_FR\" \/>\n<meta property=\"og:type\" content=\"article\" \/>\n<meta property=\"og:title\" content=\"Vannes de d\u00e9rivation BDVD - BD Plast\" \/>\n<meta property=\"og:description\" content=\"Un syst\u00e8me permettant de d\u00e9tourner une partie du mat\u00e9riau produit pendant la phase de d\u00e9marrage ou d\u2019arr\u00eat du syst\u00e8me hors du processus, en r\u00e9ponse aux besoins \u00e9mergents dans le processus d\u2019extrusion.\" \/>\n<meta property=\"og:url\" content=\"https:\/\/www.bdplast.com\/valvole-deviatrici-bdvd\/\" \/>\n<meta property=\"og:site_name\" content=\"BD Plast\" \/>\n<meta property=\"article:modified_time\" content=\"2023-07-27T12:59:02+00:00\" \/>\n<meta name=\"twitter:card\" content=\"summary_large_image\" \/>\n<meta name=\"twitter:label1\" content=\"Dur\u00e9e de lecture estim\u00e9e\" \/>\n\t<meta name=\"twitter:data1\" content=\"2 minutes\" \/>\n<script type=\"application\/ld+json\" class=\"yoast-schema-graph\">{\"@context\":\"https:\/\/schema.org\",\"@graph\":[{\"@type\":\"WebPage\",\"@id\":\"https:\/\/www.bdplast.com\/valvole-deviatrici-bdvd\/\",\"url\":\"https:\/\/www.bdplast.com\/valvole-deviatrici-bdvd\/\",\"name\":\"Vannes de d\u00e9rivation BDVD - BD Plast\",\"isPartOf\":{\"@id\":\"https:\/\/www.bdplast.com\/#website\"},\"datePublished\":\"2021-05-24T10:00:33+00:00\",\"dateModified\":\"2023-07-27T12:59:02+00:00\",\"description\":\"Un syst\u00e8me permettant de d\u00e9tourner une partie du mat\u00e9riau produit pendant la phase de d\u00e9marrage ou d\u2019arr\u00eat du syst\u00e8me hors du processus, en r\u00e9ponse aux besoins \u00e9mergents dans le processus d\u2019extrusion.\",\"breadcrumb\":{\"@id\":\"https:\/\/www.bdplast.com\/valvole-deviatrici-bdvd\/#breadcrumb\"},\"inLanguage\":\"fr-FR\",\"potentialAction\":[{\"@type\":\"ReadAction\",\"target\":[\"https:\/\/www.bdplast.com\/valvole-deviatrici-bdvd\/\"]}]},{\"@type\":\"BreadcrumbList\",\"@id\":\"https:\/\/www.bdplast.com\/valvole-deviatrici-bdvd\/#breadcrumb\",\"itemListElement\":[{\"@type\":\"ListItem\",\"position\":1,\"name\":\"Home\",\"item\":\"https:\/\/www.bdplast.com\/fr\/\"},{\"@type\":\"ListItem\",\"position\":2,\"name\":\"Vannes de d\u00e9rivation BDVD\"}]},{\"@type\":\"WebSite\",\"@id\":\"https:\/\/www.bdplast.com\/#website\",\"url\":\"https:\/\/www.bdplast.com\/\",\"name\":\"BD Plast\",\"description\":\"Sistemi di filtrazione, deviazione e convoglio polimeri\",\"publisher\":{\"@id\":\"https:\/\/www.bdplast.com\/#organization\"},\"potentialAction\":[{\"@type\":\"SearchAction\",\"target\":{\"@type\":\"EntryPoint\",\"urlTemplate\":\"https:\/\/www.bdplast.com\/?s={search_term_string}\"},\"query-input\":{\"@type\":\"PropertyValueSpecification\",\"valueRequired\":true,\"valueName\":\"search_term_string\"}}],\"inLanguage\":\"fr-FR\"},{\"@type\":\"Organization\",\"@id\":\"https:\/\/www.bdplast.com\/#organization\",\"name\":\"BD Plast\",\"url\":\"https:\/\/www.bdplast.com\/\",\"logo\":{\"@type\":\"ImageObject\",\"inLanguage\":\"fr-FR\",\"@id\":\"https:\/\/www.bdplast.com\/#\/schema\/logo\/image\/\",\"url\":\"https:\/\/www.bdplast.com\/wp-content\/uploads\/2025\/06\/bdplast-logo-yoast.jpg\",\"contentUrl\":\"https:\/\/www.bdplast.com\/wp-content\/uploads\/2025\/06\/bdplast-logo-yoast.jpg\",\"width\":1200,\"height\":628,\"caption\":\"BD Plast\"},\"image\":{\"@id\":\"https:\/\/www.bdplast.com\/#\/schema\/logo\/image\/\"},\"sameAs\":[\"https:\/\/www.youtube.com\/channel\/UCd6hdte7tZc8CfN_W9KxYTA\",\"https:\/\/it.linkedin.com\/company\/bd-plast-filtering-systems-srl\"]}]}<\/script>\n<!-- \/ Yoast SEO plugin. -->","yoast_head_json":{"title":"Vannes de d\u00e9rivation BDVD - BD Plast","description":"Un syst\u00e8me permettant de d\u00e9tourner une partie du mat\u00e9riau produit pendant la phase de d\u00e9marrage ou d\u2019arr\u00eat du syst\u00e8me hors du processus, en r\u00e9ponse aux besoins \u00e9mergents dans le processus d\u2019extrusion.","robots":{"index":"index","follow":"follow","max-snippet":"max-snippet:-1","max-image-preview":"max-image-preview:large","max-video-preview":"max-video-preview:-1"},"canonical":"https:\/\/www.bdplast.com\/valvole-deviatrici-bdvd\/","og_locale":"fr_FR","og_type":"article","og_title":"Vannes de d\u00e9rivation BDVD - BD Plast","og_description":"Un syst\u00e8me permettant de d\u00e9tourner une partie du mat\u00e9riau produit pendant la phase de d\u00e9marrage ou d\u2019arr\u00eat du syst\u00e8me hors du processus, en r\u00e9ponse aux besoins \u00e9mergents dans le processus d\u2019extrusion.","og_url":"https:\/\/www.bdplast.com\/valvole-deviatrici-bdvd\/","og_site_name":"BD Plast","article_modified_time":"2023-07-27T12:59:02+00:00","twitter_card":"summary_large_image","twitter_misc":{"Dur\u00e9e de lecture estim\u00e9e":"2 minutes"},"schema":{"@context":"https:\/\/schema.org","@graph":[{"@type":"WebPage","@id":"https:\/\/www.bdplast.com\/valvole-deviatrici-bdvd\/","url":"https:\/\/www.bdplast.com\/valvole-deviatrici-bdvd\/","name":"Vannes de d\u00e9rivation BDVD - BD Plast","isPartOf":{"@id":"https:\/\/www.bdplast.com\/#website"},"datePublished":"2021-05-24T10:00:33+00:00","dateModified":"2023-07-27T12:59:02+00:00","description":"Un syst\u00e8me permettant de d\u00e9tourner une partie du mat\u00e9riau produit pendant la phase de d\u00e9marrage ou d\u2019arr\u00eat du syst\u00e8me hors du processus, en r\u00e9ponse aux besoins \u00e9mergents dans le processus d\u2019extrusion.","breadcrumb":{"@id":"https:\/\/www.bdplast.com\/valvole-deviatrici-bdvd\/#breadcrumb"},"inLanguage":"fr-FR","potentialAction":[{"@type":"ReadAction","target":["https:\/\/www.bdplast.com\/valvole-deviatrici-bdvd\/"]}]},{"@type":"BreadcrumbList","@id":"https:\/\/www.bdplast.com\/valvole-deviatrici-bdvd\/#breadcrumb","itemListElement":[{"@type":"ListItem","position":1,"name":"Home","item":"https:\/\/www.bdplast.com\/fr\/"},{"@type":"ListItem","position":2,"name":"Vannes de d\u00e9rivation BDVD"}]},{"@type":"WebSite","@id":"https:\/\/www.bdplast.com\/#website","url":"https:\/\/www.bdplast.com\/","name":"BD Plast","description":"Sistemi di filtrazione, deviazione e convoglio polimeri","publisher":{"@id":"https:\/\/www.bdplast.com\/#organization"},"potentialAction":[{"@type":"SearchAction","target":{"@type":"EntryPoint","urlTemplate":"https:\/\/www.bdplast.com\/?s={search_term_string}"},"query-input":{"@type":"PropertyValueSpecification","valueRequired":true,"valueName":"search_term_string"}}],"inLanguage":"fr-FR"},{"@type":"Organization","@id":"https:\/\/www.bdplast.com\/#organization","name":"BD Plast","url":"https:\/\/www.bdplast.com\/","logo":{"@type":"ImageObject","inLanguage":"fr-FR","@id":"https:\/\/www.bdplast.com\/#\/schema\/logo\/image\/","url":"https:\/\/www.bdplast.com\/wp-content\/uploads\/2025\/06\/bdplast-logo-yoast.jpg","contentUrl":"https:\/\/www.bdplast.com\/wp-content\/uploads\/2025\/06\/bdplast-logo-yoast.jpg","width":1200,"height":628,"caption":"BD Plast"},"image":{"@id":"https:\/\/www.bdplast.com\/#\/schema\/logo\/image\/"},"sameAs":["https:\/\/www.youtube.com\/channel\/UCd6hdte7tZc8CfN_W9KxYTA","https:\/\/it.linkedin.com\/company\/bd-plast-filtering-systems-srl"]}]}},"rttpg_featured_image_url":null,"rttpg_author":{"display_name":"studiochiesa","author_link":"https:\/\/www.bdplast.com\/fr\/author\/studiochiesa\/"},"rttpg_comment":0,"rttpg_category":" <a href=\"https:\/\/www.bdplast.com\/fr\/?taxonomy=translation_priority&#038;term=facultatif\" rel=\"tag\">Facultatif<\/a>","rttpg_excerpt":"[vc_row full_width=\u00a0\u00bbstretch_row\u00a0\u00bb css=\u00a0\u00bb.vc_custom_1617023798177{background-image: url(https:\/\/www.bdplast.com\/wp-content\/uploads\/2021\/03\/a_breve_online_coming_soon.jpg?id=14222) !important;background-position: center !important;background-repeat: no-repeat !important;background-size: cover !important;}\u00a0\u00bb ...","_links":{"self":[{"href":"https:\/\/www.bdplast.com\/fr\/wp-json\/wp\/v2\/pages\/16854","targetHints":{"allow":["GET"]}}],"collection":[{"href":"https:\/\/www.bdplast.com\/fr\/wp-json\/wp\/v2\/pages"}],"about":[{"href":"https:\/\/www.bdplast.com\/fr\/wp-json\/wp\/v2\/types\/page"}],"author":[{"embeddable":true,"href":"https:\/\/www.bdplast.com\/fr\/wp-json\/wp\/v2\/users\/1"}],"replies":[{"embeddable":true,"href":"https:\/\/www.bdplast.com\/fr\/wp-json\/wp\/v2\/comments?post=16854"}],"version-history":[{"count":5,"href":"https:\/\/www.bdplast.com\/fr\/wp-json\/wp\/v2\/pages\/16854\/revisions"}],"predecessor-version":[{"id":18887,"href":"https:\/\/www.bdplast.com\/fr\/wp-json\/wp\/v2\/pages\/16854\/revisions\/18887"}],"wp:attachment":[{"href":"https:\/\/www.bdplast.com\/fr\/wp-json\/wp\/v2\/media?parent=16854"}],"curies":[{"name":"wp","href":"https:\/\/api.w.org\/{rel}","templated":true}]}}