{"id":16893,"date":"2021-05-24T12:27:50","date_gmt":"2021-05-24T10:27:50","guid":{"rendered":"https:\/\/www.bdplast.com\/?page_id=16893"},"modified":"2025-10-10T11:56:41","modified_gmt":"2025-10-10T09:56:41","slug":"changeur-de-filtre-a-flux-continu","status":"publish","type":"page","link":"https:\/\/www.bdplast.com\/fr\/changeur-de-filtre-a-flux-continu\/","title":{"rendered":"Changeur de filtre \u00e0 flux continu"},"content":{"rendered":"<div class=\"wpb-content-wrapper\"><p>[vc_row full_width=\u00a0\u00bbstretch_row\u00a0\u00bb css=\u00a0\u00bb.vc_custom_1617876160358{background-image: url(https:\/\/www.bdplast.com\/wp-content\/uploads\/2021\/04\/cambiafiltri_flusso_continuo_continuous_flow_screen_changers_BDOx2_cover.jpg?id=14477) !important;background-position: center !important;background-repeat: no-repeat !important;background-size: cover !important;}\u00a0\u00bb el_class=\u00a0\u00bbwhite_text\u00a0\u00bb el_id=\u00a0\u00bbhead_prodotto\u00a0\u00bb][vc_column][\/vc_column][\/vc_row][vc_row full_width=\u00a0\u00bbstretch_row\u00a0\u00bb css=\u00a0\u00bb.vc_custom_1616665112965{padding-top: 2em !important;padding-bottom: 2em !important;background-color: #ec6608 !important;}\u00a0\u00bb el_class=\u00a0\u00bbwhite_text\u00a0\u00bb][vc_column][vc_row_inner equal_height=\u00a0\u00bbyes\u00a0\u00bb content_placement=\u00a0\u00bbmiddle\u00a0\u00bb][vc_column_inner][vc_column_text]<\/p>\n<h1><span class=\"separator level2 parent\">Changeur de filtre \u00e0 flux continu<\/span><\/h1>\n<p>[\/vc_column_text][\/vc_column_inner][\/vc_row_inner][\/vc_column][\/vc_row][vc_row css=\u00a0\u00bb.vc_custom_1616673282130{padding-top: 4em !important;padding-bottom: 4em !important;}\u00a0\u00bb el_id=\u00a0\u00bbscheda_prodotto_intro\u00a0\u00bb][vc_column][vc_column_text]<\/p>\n<h2>Une parfaite continuit\u00e9 de flux pour plusieurs lignes d\u2019extrusion, \u00e0 des pressions de service \u00e9lev\u00e9es.<\/h2>\n<p>[\/vc_column_text][vc_column_text]Notre offre comprend des <strong>Changeurs de filtres hydrauliques BDO x 2 et Changeur de filtres CleanChanger.<\/strong>[\/vc_column_text][\/vc_column][\/vc_row][vc_row full_width=\u00a0\u00bbstretch_row\u00a0\u00bb css=\u00a0\u00bb.vc_custom_1616746370826{padding-top: 4em !important;padding-bottom: 4em !important;background-color: #e9e7dd !important;}\u00a0\u00bb el_id=\u00a0\u00bbproducts\u00a0\u00bb][vc_column offset=\u00a0\u00bbvc_col-md-12 vc_col-xs-12&Prime;][vc_empty_space height=\u00a0\u00bb2em\u00a0\u00bb][vc_row_inner css=\u00a0\u00bb.vc_custom_1584973514763{padding-left: 1em !important;}\u00a0\u00bb el_class=\u00a0\u00bbpublications_homepage\u00a0\u00bb el_id=\u00a0\u00bbappflds\u00a0\u00bb][vc_column_inner width=\u00a0\u00bb1\/3&Prime; css=\u00a0\u00bb.vc_custom_1584532315881{margin: 0px !important;padding: 0px !important;border: 0px initial !important;}\u00a0\u00bb]<figure class=\"effect-hover category_flip_box category_flip_box_3 effect-ruby ratiooriginal  vckit_custom_class_868e8d7a53189b  vckit-lazyload\">\n  <a href=\"https:\/\/www.bdplast.com\/fr\/changeur-de-filtres-a-flux-continu-bdox2\/\" >\n    <img data-src=\"https:\/\/www.bdplast.com\/wp-content\/uploads\/2021\/03\/cambiafiltri_flusso_continuo_continuous_flow_screen_changers_BDOX2_pagina_prodotti.jpg\" alt=\"Changeur de filtres \u00e0 flux continu BDOx2 \"\/>\n    <figcaption>\n      <div class=\"effect-caption\">\n        <h2>Changeur de filtres \u00e0 flux continu BDOx2 <span><\/span><\/h2>\n        <p class=\"description\">\n          Une parfaite continuit\u00e9 de flux pour plusieurs lignes d\u2019extrusion, \u00e0 des pressions de service \u00e9lev\u00e9es.&nbsp;        <\/p>\n      <\/div>\n    <\/figcaption>\n  <\/a>\n<\/figure>\n[\/vc_column_inner][vc_column_inner width=\u00a0\u00bb1\/3&Prime; css=\u00a0\u00bb.vc_custom_1584531742173{margin: 0px !important;padding: 0px !important;border: 0px initial !important;}\u00a0\u00bb]<figure class=\"effect-hover category_flip_box category_flip_box_3 effect-ruby ratiooriginal  vckit_custom_class_868e8d7cbbc62c  vckit-lazyload\">\n  <a href=\"https:\/\/www.bdplast.com\/fr\/changeurs-de-filtres-a-flux-continu-bdox2-rec\/\" >\n    <img data-src=\"https:\/\/www.bdplast.com\/wp-content\/uploads\/2025\/10\/BDOx2_REC_1X1.jpg\" alt=\"Changeurs de filtres \u00e0 flux continu BDOx2 REC \"\/>\n    <figcaption>\n      <div class=\"effect-caption\">\n        <h2>Changeurs de filtres \u00e0 flux continu BDOx2 REC <span><\/span><\/h2>\n        <p class=\"description\">\n          Durabilit\u00e9 et efficacit\u00e9 pour chaque processus de recyclage&nbsp;        <\/p>\n      <\/div>\n    <\/figcaption>\n  <\/a>\n<\/figure>\n[\/vc_column_inner][vc_column_inner width=\u00a0\u00bb1\/3&Prime; css=\u00a0\u00bb.vc_custom_1584531749045{margin: 0px !important;padding: 0px !important;border: 0px initial !important;}\u00a0\u00bb]<figure class=\"effect-hover category_flip_box category_flip_box_3 effect-ruby ratiooriginal  vckit_custom_class_1068e8d849244c8  vckit-lazyload\">\n  <a href=\"https:\/\/www.bdplast.com\/fr\/changeur-de-filtres-a-mailles-en-flux-continu-avec-retrolavage-cleanchanger\/\" >\n    <img data-src=\"https:\/\/www.bdplast.com\/wp-content\/uploads\/2022\/04\/Cleanchanger_card.jpg\" alt=\"Changeur de filtres CleanChanger\u00a9 \"\/>\n    <figcaption>\n      <div class=\"effect-caption\">\n        <h2>Changeur de filtres CleanChanger\u00a9 <span><\/span><\/h2>\n        <p class=\"description\">\n          Le seul changeur de filtres \u00e0 r\u00e9trolavage avec syst\u00e8me d'\u00e9jection automatique des plaques porte-filtre.&nbsp;        <\/p>\n      <\/div>\n    <\/figcaption>\n  <\/a>\n<\/figure>\n[\/vc_column_inner][\/vc_row_inner][\/vc_column][\/vc_row]<\/p>\n<\/div>","protected":false},"excerpt":{"rendered":"<p>[vc_row full_width=\u00a0\u00bbstretch_row\u00a0\u00bb css=\u00a0\u00bb.vc_custom_1617876160358{background-image: url(https:\/\/www.bdplast.com\/wp-content\/uploads\/2021\/04\/cambiafiltri_flusso_continuo_continuous_flow_screen_changers_BDOx2_cover.jpg?id=14477) !important;background-position: center !important;background-repeat: no-repeat !important;background-size: cover !important;}\u00a0\u00bb &#8230; <\/p>\n","protected":false},"author":1,"featured_media":18323,"parent":0,"menu_order":0,"comment_status":"closed","ping_status":"closed","template":"","meta":{"footnotes":"","_links_to":"","_links_to_target":""},"class_list":["post-16893","page","type-page","status-publish","has-post-thumbnail","hentry"],"yoast_head":"<!-- This site is optimized with the Yoast SEO plugin v27.5 - https:\/\/yoast.com\/product\/yoast-seo-wordpress\/ -->\n<title>Changeur de filtre \u00e0 flux continu - BD Plast<\/title>\n<meta name=\"description\" content=\"Notre offre comprend des Changeurs de filtres hydrauliques BDO x 2.\" \/>\n<meta name=\"robots\" content=\"index, follow, max-snippet:-1, max-image-preview:large, max-video-preview:-1\" \/>\n<link rel=\"canonical\" href=\"https:\/\/www.bdplast.com\/fr\/changeur-de-filtre-a-flux-continu\/\" \/>\n<meta property=\"og:locale\" content=\"fr_FR\" \/>\n<meta property=\"og:type\" content=\"article\" \/>\n<meta property=\"og:title\" content=\"Changeur de filtre \u00e0 flux continu - BD Plast\" \/>\n<meta property=\"og:description\" content=\"Notre offre comprend des Changeurs de filtres hydrauliques BDO x 2.\" \/>\n<meta property=\"og:url\" content=\"https:\/\/www.bdplast.com\/fr\/changeur-de-filtre-a-flux-continu\/\" \/>\n<meta property=\"og:site_name\" content=\"BD Plast\" \/>\n<meta property=\"article:modified_time\" content=\"2025-10-10T09:56:41+00:00\" \/>\n<meta property=\"og:image\" content=\"https:\/\/www.bdplast.com\/wp-content\/uploads\/2022\/04\/Cleanchanger_card.jpg\" \/>\n\t<meta property=\"og:image:width\" content=\"600\" \/>\n\t<meta property=\"og:image:height\" content=\"600\" \/>\n\t<meta property=\"og:image:type\" content=\"image\/jpeg\" \/>\n<meta name=\"twitter:card\" content=\"summary_large_image\" \/>\n<meta name=\"twitter:label1\" content=\"Dur\u00e9e de lecture estim\u00e9e\" \/>\n\t<meta name=\"twitter:data1\" content=\"2 minutes\" \/>\n<script type=\"application\/ld+json\" class=\"yoast-schema-graph\">{\"@context\":\"https:\\\/\\\/schema.org\",\"@graph\":[{\"@type\":\"WebPage\",\"@id\":\"https:\\\/\\\/www.bdplast.com\\\/fr\\\/changeur-de-filtre-a-flux-continu\\\/\",\"url\":\"https:\\\/\\\/www.bdplast.com\\\/fr\\\/changeur-de-filtre-a-flux-continu\\\/\",\"name\":\"Changeur de filtre \u00e0 flux continu - BD Plast\",\"isPartOf\":{\"@id\":\"https:\\\/\\\/www.bdplast.com\\\/#website\"},\"primaryImageOfPage\":{\"@id\":\"https:\\\/\\\/www.bdplast.com\\\/fr\\\/changeur-de-filtre-a-flux-continu\\\/#primaryimage\"},\"image\":{\"@id\":\"https:\\\/\\\/www.bdplast.com\\\/fr\\\/changeur-de-filtre-a-flux-continu\\\/#primaryimage\"},\"thumbnailUrl\":\"https:\\\/\\\/www.bdplast.com\\\/wp-content\\\/uploads\\\/2022\\\/04\\\/Cleanchanger_card.jpg\",\"datePublished\":\"2021-05-24T10:27:50+00:00\",\"dateModified\":\"2025-10-10T09:56:41+00:00\",\"description\":\"Notre offre comprend des Changeurs de filtres hydrauliques BDO x 2.\",\"breadcrumb\":{\"@id\":\"https:\\\/\\\/www.bdplast.com\\\/fr\\\/changeur-de-filtre-a-flux-continu\\\/#breadcrumb\"},\"inLanguage\":\"fr-FR\",\"potentialAction\":[{\"@type\":\"ReadAction\",\"target\":[\"https:\\\/\\\/www.bdplast.com\\\/fr\\\/changeur-de-filtre-a-flux-continu\\\/\"]}]},{\"@type\":\"ImageObject\",\"inLanguage\":\"fr-FR\",\"@id\":\"https:\\\/\\\/www.bdplast.com\\\/fr\\\/changeur-de-filtre-a-flux-continu\\\/#primaryimage\",\"url\":\"https:\\\/\\\/www.bdplast.com\\\/wp-content\\\/uploads\\\/2022\\\/04\\\/Cleanchanger_card.jpg\",\"contentUrl\":\"https:\\\/\\\/www.bdplast.com\\\/wp-content\\\/uploads\\\/2022\\\/04\\\/Cleanchanger_card.jpg\",\"width\":600,\"height\":600},{\"@type\":\"BreadcrumbList\",\"@id\":\"https:\\\/\\\/www.bdplast.com\\\/fr\\\/changeur-de-filtre-a-flux-continu\\\/#breadcrumb\",\"itemListElement\":[{\"@type\":\"ListItem\",\"position\":1,\"name\":\"Home\",\"item\":\"https:\\\/\\\/www.bdplast.com\\\/fr\\\/\"},{\"@type\":\"ListItem\",\"position\":2,\"name\":\"Changeur de filtre \u00e0 flux continu\"}]},{\"@type\":\"WebSite\",\"@id\":\"https:\\\/\\\/www.bdplast.com\\\/#website\",\"url\":\"https:\\\/\\\/www.bdplast.com\\\/\",\"name\":\"BD Plast\",\"description\":\"Sistemi di filtrazione, deviazione e convoglio polimeri\",\"publisher\":{\"@id\":\"https:\\\/\\\/www.bdplast.com\\\/#organization\"},\"potentialAction\":[{\"@type\":\"SearchAction\",\"target\":{\"@type\":\"EntryPoint\",\"urlTemplate\":\"https:\\\/\\\/www.bdplast.com\\\/?s={search_term_string}\"},\"query-input\":{\"@type\":\"PropertyValueSpecification\",\"valueRequired\":true,\"valueName\":\"search_term_string\"}}],\"inLanguage\":\"fr-FR\"},{\"@type\":\"Organization\",\"@id\":\"https:\\\/\\\/www.bdplast.com\\\/#organization\",\"name\":\"BD Plast\",\"url\":\"https:\\\/\\\/www.bdplast.com\\\/\",\"logo\":{\"@type\":\"ImageObject\",\"inLanguage\":\"fr-FR\",\"@id\":\"https:\\\/\\\/www.bdplast.com\\\/#\\\/schema\\\/logo\\\/image\\\/\",\"url\":\"https:\\\/\\\/www.bdplast.com\\\/wp-content\\\/uploads\\\/2025\\\/06\\\/bdplast-logo-yoast.jpg\",\"contentUrl\":\"https:\\\/\\\/www.bdplast.com\\\/wp-content\\\/uploads\\\/2025\\\/06\\\/bdplast-logo-yoast.jpg\",\"width\":1200,\"height\":628,\"caption\":\"BD Plast\"},\"image\":{\"@id\":\"https:\\\/\\\/www.bdplast.com\\\/#\\\/schema\\\/logo\\\/image\\\/\"},\"sameAs\":[\"https:\\\/\\\/www.youtube.com\\\/channel\\\/UCd6hdte7tZc8CfN_W9KxYTA\",\"https:\\\/\\\/it.linkedin.com\\\/company\\\/bd-plast-filtering-systems-srl\"]}]}<\/script>\n<!-- \/ Yoast SEO plugin. -->","yoast_head_json":{"title":"Changeur de filtre \u00e0 flux continu - BD Plast","description":"Notre offre comprend des Changeurs de filtres hydrauliques BDO x 2.","robots":{"index":"index","follow":"follow","max-snippet":"max-snippet:-1","max-image-preview":"max-image-preview:large","max-video-preview":"max-video-preview:-1"},"canonical":"https:\/\/www.bdplast.com\/fr\/changeur-de-filtre-a-flux-continu\/","og_locale":"fr_FR","og_type":"article","og_title":"Changeur de filtre \u00e0 flux continu - BD Plast","og_description":"Notre offre comprend des Changeurs de filtres hydrauliques BDO x 2.","og_url":"https:\/\/www.bdplast.com\/fr\/changeur-de-filtre-a-flux-continu\/","og_site_name":"BD Plast","article_modified_time":"2025-10-10T09:56:41+00:00","og_image":[{"width":600,"height":600,"url":"https:\/\/www.bdplast.com\/wp-content\/uploads\/2022\/04\/Cleanchanger_card.jpg","type":"image\/jpeg"}],"twitter_card":"summary_large_image","twitter_misc":{"Dur\u00e9e de lecture estim\u00e9e":"2 minutes"},"schema":{"@context":"https:\/\/schema.org","@graph":[{"@type":"WebPage","@id":"https:\/\/www.bdplast.com\/fr\/changeur-de-filtre-a-flux-continu\/","url":"https:\/\/www.bdplast.com\/fr\/changeur-de-filtre-a-flux-continu\/","name":"Changeur de filtre \u00e0 flux continu - BD Plast","isPartOf":{"@id":"https:\/\/www.bdplast.com\/#website"},"primaryImageOfPage":{"@id":"https:\/\/www.bdplast.com\/fr\/changeur-de-filtre-a-flux-continu\/#primaryimage"},"image":{"@id":"https:\/\/www.bdplast.com\/fr\/changeur-de-filtre-a-flux-continu\/#primaryimage"},"thumbnailUrl":"https:\/\/www.bdplast.com\/wp-content\/uploads\/2022\/04\/Cleanchanger_card.jpg","datePublished":"2021-05-24T10:27:50+00:00","dateModified":"2025-10-10T09:56:41+00:00","description":"Notre offre comprend des Changeurs de filtres hydrauliques BDO x 2.","breadcrumb":{"@id":"https:\/\/www.bdplast.com\/fr\/changeur-de-filtre-a-flux-continu\/#breadcrumb"},"inLanguage":"fr-FR","potentialAction":[{"@type":"ReadAction","target":["https:\/\/www.bdplast.com\/fr\/changeur-de-filtre-a-flux-continu\/"]}]},{"@type":"ImageObject","inLanguage":"fr-FR","@id":"https:\/\/www.bdplast.com\/fr\/changeur-de-filtre-a-flux-continu\/#primaryimage","url":"https:\/\/www.bdplast.com\/wp-content\/uploads\/2022\/04\/Cleanchanger_card.jpg","contentUrl":"https:\/\/www.bdplast.com\/wp-content\/uploads\/2022\/04\/Cleanchanger_card.jpg","width":600,"height":600},{"@type":"BreadcrumbList","@id":"https:\/\/www.bdplast.com\/fr\/changeur-de-filtre-a-flux-continu\/#breadcrumb","itemListElement":[{"@type":"ListItem","position":1,"name":"Home","item":"https:\/\/www.bdplast.com\/fr\/"},{"@type":"ListItem","position":2,"name":"Changeur de filtre \u00e0 flux continu"}]},{"@type":"WebSite","@id":"https:\/\/www.bdplast.com\/#website","url":"https:\/\/www.bdplast.com\/","name":"BD Plast","description":"Sistemi di filtrazione, deviazione e convoglio polimeri","publisher":{"@id":"https:\/\/www.bdplast.com\/#organization"},"potentialAction":[{"@type":"SearchAction","target":{"@type":"EntryPoint","urlTemplate":"https:\/\/www.bdplast.com\/?s={search_term_string}"},"query-input":{"@type":"PropertyValueSpecification","valueRequired":true,"valueName":"search_term_string"}}],"inLanguage":"fr-FR"},{"@type":"Organization","@id":"https:\/\/www.bdplast.com\/#organization","name":"BD Plast","url":"https:\/\/www.bdplast.com\/","logo":{"@type":"ImageObject","inLanguage":"fr-FR","@id":"https:\/\/www.bdplast.com\/#\/schema\/logo\/image\/","url":"https:\/\/www.bdplast.com\/wp-content\/uploads\/2025\/06\/bdplast-logo-yoast.jpg","contentUrl":"https:\/\/www.bdplast.com\/wp-content\/uploads\/2025\/06\/bdplast-logo-yoast.jpg","width":1200,"height":628,"caption":"BD Plast"},"image":{"@id":"https:\/\/www.bdplast.com\/#\/schema\/logo\/image\/"},"sameAs":["https:\/\/www.youtube.com\/channel\/UCd6hdte7tZc8CfN_W9KxYTA","https:\/\/it.linkedin.com\/company\/bd-plast-filtering-systems-srl"]}]}},"rttpg_featured_image_url":{"full":["https:\/\/www.bdplast.com\/wp-content\/uploads\/2022\/04\/Cleanchanger_card.jpg",600,600,false],"landscape":["https:\/\/www.bdplast.com\/wp-content\/uploads\/2022\/04\/Cleanchanger_card.jpg",600,600,false],"portraits":["https:\/\/www.bdplast.com\/wp-content\/uploads\/2022\/04\/Cleanchanger_card.jpg",600,600,false],"thumbnail":["https:\/\/www.bdplast.com\/wp-content\/uploads\/2022\/04\/Cleanchanger_card-150x150.jpg",150,150,true],"medium":["https:\/\/www.bdplast.com\/wp-content\/uploads\/2022\/04\/Cleanchanger_card-300x300.jpg",300,300,true],"large":["https:\/\/www.bdplast.com\/wp-content\/uploads\/2022\/04\/Cleanchanger_card.jpg",600,600,false],"1536x1536":["https:\/\/www.bdplast.com\/wp-content\/uploads\/2022\/04\/Cleanchanger_card.jpg",600,600,false],"2048x2048":["https:\/\/www.bdplast.com\/wp-content\/uploads\/2022\/04\/Cleanchanger_card.jpg",600,600,false],"codevz_360_320":["https:\/\/www.bdplast.com\/wp-content\/uploads\/2022\/04\/Cleanchanger_card-360x320.jpg",360,320,true],"codevz_600_600":["https:\/\/www.bdplast.com\/wp-content\/uploads\/2022\/04\/Cleanchanger_card-600x600.jpg",600,600,true],"codevz_1200_200":["https:\/\/www.bdplast.com\/wp-content\/uploads\/2022\/04\/Cleanchanger_card-600x200.jpg",600,200,true],"codevz_1200_500":["https:\/\/www.bdplast.com\/wp-content\/uploads\/2022\/04\/Cleanchanger_card-600x500.jpg",600,500,true],"codevz_600_1000":["https:\/\/www.bdplast.com\/wp-content\/uploads\/2022\/04\/Cleanchanger_card.jpg",600,600,false],"codevz_600_9999":["https:\/\/www.bdplast.com\/wp-content\/uploads\/2022\/04\/Cleanchanger_card.jpg",600,600,false],"gform-image-choice-sm":["https:\/\/www.bdplast.com\/wp-content\/uploads\/2022\/04\/Cleanchanger_card.jpg",300,300,false],"gform-image-choice-md":["https:\/\/www.bdplast.com\/wp-content\/uploads\/2022\/04\/Cleanchanger_card.jpg",400,400,false],"gform-image-choice-lg":["https:\/\/www.bdplast.com\/wp-content\/uploads\/2022\/04\/Cleanchanger_card.jpg",600,600,false]},"rttpg_author":{"display_name":"studiochiesa","author_link":"https:\/\/www.bdplast.com\/fr\/author\/studiochiesa\/"},"rttpg_comment":0,"rttpg_category":" <a href=\"https:\/\/www.bdplast.com\/fr\/?taxonomy=translation_priority&#038;term=facultatif\" rel=\"tag\">Facultatif<\/a><a href=\"https:\/\/www.bdplast.com\/?taxonomy=translation_priority&#038;term=opzionale\" rel=\"tag\">Opzionale<\/a>","rttpg_excerpt":"[vc_row full_width=\u00a0\u00bbstretch_row\u00a0\u00bb css=\u00a0\u00bb.vc_custom_1617876160358{background-image: url(https:\/\/www.bdplast.com\/wp-content\/uploads\/2021\/04\/cambiafiltri_flusso_continuo_continuous_flow_screen_changers_BDOx2_cover.jpg?id=14477) !important;background-position: center !important;background-repeat: no-repeat !important;background-size: cover !important;}\u00a0\u00bb ...","_links":{"self":[{"href":"https:\/\/www.bdplast.com\/fr\/wp-json\/wp\/v2\/pages\/16893","targetHints":{"allow":["GET"]}}],"collection":[{"href":"https:\/\/www.bdplast.com\/fr\/wp-json\/wp\/v2\/pages"}],"about":[{"href":"https:\/\/www.bdplast.com\/fr\/wp-json\/wp\/v2\/types\/page"}],"author":[{"embeddable":true,"href":"https:\/\/www.bdplast.com\/fr\/wp-json\/wp\/v2\/users\/1"}],"replies":[{"embeddable":true,"href":"https:\/\/www.bdplast.com\/fr\/wp-json\/wp\/v2\/comments?post=16893"}],"version-history":[{"count":9,"href":"https:\/\/www.bdplast.com\/fr\/wp-json\/wp\/v2\/pages\/16893\/revisions"}],"predecessor-version":[{"id":21109,"href":"https:\/\/www.bdplast.com\/fr\/wp-json\/wp\/v2\/pages\/16893\/revisions\/21109"}],"wp:featuredmedia":[{"embeddable":true,"href":"https:\/\/www.bdplast.com\/fr\/wp-json\/wp\/v2\/media\/18323"}],"wp:attachment":[{"href":"https:\/\/www.bdplast.com\/fr\/wp-json\/wp\/v2\/media?parent=16893"}],"curies":[{"name":"wp","href":"https:\/\/api.w.org\/{rel}","templated":true}]}}