{"id":17235,"date":"2021-06-04T10:33:28","date_gmt":"2021-06-04T08:33:28","guid":{"rendered":"https:\/\/www.bdplast.com\/?page_id=17235"},"modified":"2025-10-10T12:07:20","modified_gmt":"2025-10-10T10:07:20","slug":"changeurs-de-filtres-manuels","status":"publish","type":"page","link":"https:\/\/www.bdplast.com\/fr\/changeurs-de-filtres-manuels\/","title":{"rendered":"Changeurs de filtres manuels"},"content":{"rendered":"<div class=\"wpb-content-wrapper\"><p>[vc_row full_width=\u00a0\u00bbstretch_row\u00a0\u00bb css=\u00a0\u00bb.vc_custom_1617876250013{background-image: url(https:\/\/www.bdplast.com\/wp-content\/uploads\/2021\/03\/cambiafiltri_manuali_manual_screen_changers_BDL_cover.jpg?id=14421) !important;background-position: center !important;background-repeat: no-repeat !important;background-size: cover !important;}\u00a0\u00bb el_class=\u00a0\u00bbwhite_text\u00a0\u00bb el_id=\u00a0\u00bbhead_prodotto\u00a0\u00bb][vc_column][\/vc_column][\/vc_row][vc_row full_width=\u00a0\u00bbstretch_row\u00a0\u00bb css=\u00a0\u00bb.vc_custom_1616665112965{padding-top: 2em !important;padding-bottom: 2em !important;background-color: #ec6608 !important;}\u00a0\u00bb el_class=\u00a0\u00bbwhite_text\u00a0\u00bb][vc_column][vc_row_inner equal_height=\u00a0\u00bbyes\u00a0\u00bb content_placement=\u00a0\u00bbmiddle\u00a0\u00bb][vc_column_inner][vc_column_text]<\/p>\n<h1>Changeurs de filtres manuels<\/h1>\n<p>[\/vc_column_text][\/vc_column_inner][\/vc_row_inner][\/vc_column][\/vc_row][vc_row css=\u00a0\u00bb.vc_custom_1616673282130{padding-top: 4em !important;padding-bottom: 4em !important;}\u00a0\u00bb el_id=\u00a0\u00bbscheda_prodotto_intro\u00a0\u00bb][vc_column][vc_column_text]<\/p>\n<h2>\u00c9conomiques et efficaces, gr\u00e2ce \u00e0 leur simplicit\u00e9 de conception et d\u2019utilisation<\/h2>\n<p>[\/vc_column_text][vc_column_text]Notre offre de changeurs de filtres manuels comprend des <strong>chargeurs de filtres \u00e0 levier BDL, \u00e0 cliquet BDLG, \u00e0 cartouche et \u00e0 cliquet BDCG.<\/strong>[\/vc_column_text][\/vc_column][\/vc_row][vc_row full_width=\u00a0\u00bbstretch_row\u00a0\u00bb css=\u00a0\u00bb.vc_custom_1616746370826{padding-top: 4em !important;padding-bottom: 4em !important;background-color: #e9e7dd !important;}\u00a0\u00bb el_id=\u00a0\u00bbproducts\u00a0\u00bb][vc_column offset=\u00a0\u00bbvc_col-md-12 vc_col-xs-12&Prime;][vc_empty_space height=\u00a0\u00bb2em\u00a0\u00bb][vc_row_inner css=\u00a0\u00bb.vc_custom_1584973514763{padding-left: 1em !important;}\u00a0\u00bb el_class=\u00a0\u00bbpublications_homepage\u00a0\u00bb el_id=\u00a0\u00bbappflds\u00a0\u00bb][vc_column_inner width=\u00a0\u00bb1\/3&Prime; css=\u00a0\u00bb.vc_custom_1584532315881{margin: 0px !important;padding: 0px !important;border: 0px initial !important;}\u00a0\u00bb]<figure class=\"effect-hover category_flip_box category_flip_box_3 effect-ruby ratiooriginal  vckit_custom_class_1068e8dac5161ba  vckit-lazyload\">\n  <a href=\"https:\/\/www.bdplast.com\/fr\/changeurs-de-filtres-a-levier-bdl\/\" >\n    <img data-src=\"https:\/\/www.bdplast.com\/wp-content\/uploads\/2021\/03\/cambiafiltri_manuali_manual_screen changers_BDL_pagina_prodotto.jpg\" alt=\"Changeurs de filtres \u00e0 levier BDL \"\/>\n    <figcaption>\n      <div class=\"effect-caption\">\n        <h2>Changeurs de filtres \u00e0 levier BDL <span><\/span><\/h2>\n        <p class=\"description\">\n          Le choix indispensable pour les petites et moyennes dimensions.&nbsp;        <\/p>\n      <\/div>\n    <\/figcaption>\n  <\/a>\n<\/figure>\n[\/vc_column_inner][vc_column_inner width=\u00a0\u00bb1\/3&Prime; css=\u00a0\u00bb.vc_custom_1584531742173{margin: 0px !important;padding: 0px !important;border: 0px initial !important;}\u00a0\u00bb]<figure class=\"effect-hover category_flip_box category_flip_box_3 effect-ruby ratiooriginal effect-fonts vckit_custom_class_868e8dacc6160d  vckit-lazyload\">\n  <a href=\"https:\/\/www.bdplast.com\/fr\/changeur-de-filtres-a-cliquet-bdlg\/\" >\n    <img data-src=\"https:\/\/www.bdplast.com\/wp-content\/uploads\/2021\/03\/cambiafiltri_manuali_manual_screen changers_BDLG_pagina_prodotto.jpg\" alt=\"Changeur de filtres \u00e0 cliquet BDLG \"\/>\n    <figcaption>\n      <div class=\"effect-caption\">\n        <h2>Changeur de filtres \u00e0 cliquet BDLG <span><\/span><\/h2>\n        <p class=\"description\">\n          Design \u00e9pur\u00e9, facilit\u00e9 d\u2019utilisation, excellente compacit\u00e9 : telle est l\u2019\u00e9volution technique des changeurs de filtres manuels.&nbsp;        <\/p>\n      <\/div>\n    <\/figcaption>\n  <\/a>\n<\/figure>\n[\/vc_column_inner][vc_column_inner width=\u00a0\u00bb1\/3&Prime; css=\u00a0\u00bb.vc_custom_1584531749045{margin: 0px !important;padding: 0px !important;border: 0px initial !important;}\u00a0\u00bb]<figure class=\"effect-hover category_flip_box category_flip_box_3 effect-ruby ratiooriginal effect-fonts vckit_custom_class_868e8dad23e8c2  vckit-lazyload\">\n  <a href=\"https:\/\/www.bdplast.com\/fr\/chargeurs-de-filtres-a-cartouche-et-a-cliquet-bdcg\/\" >\n    <img data-src=\"https:\/\/www.bdplast.com\/wp-content\/uploads\/2021\/05\/cambiafiltri_manuali_manual_screen changers_BDCG_pagina_prodotto.jpg\" alt=\"Chargeurs de filtres \u00e0 cartouche et \u00e0 cliquet BDCG \"\/>\n    <figcaption>\n      <div class=\"effect-caption\">\n        <h2>Chargeurs de filtres \u00e0 cartouche et \u00e0 cliquet BDCG <span><\/span><\/h2>\n        <p class=\"description\">\n          Design \u00e9pur\u00e9, facilit\u00e9 d\u2019utilisation, excellente compacit\u00e9 : telle est l\u2019\u00e9volution technique des changeurs de filtres manuels.&nbsp;        <\/p>\n      <\/div>\n    <\/figcaption>\n  <\/a>\n<\/figure>\n[\/vc_column_inner][\/vc_row_inner][\/vc_column][\/vc_row]<\/p>\n<\/div>","protected":false},"excerpt":{"rendered":"<p>[vc_row full_width=\u00a0\u00bbstretch_row\u00a0\u00bb css=\u00a0\u00bb.vc_custom_1617876250013{background-image: url(https:\/\/www.bdplast.com\/wp-content\/uploads\/2021\/03\/cambiafiltri_manuali_manual_screen_changers_BDL_cover.jpg?id=14421) !important;background-position: center !important;background-repeat: no-repeat !important;background-size: cover !important;}\u00a0\u00bb &#8230; <\/p>\n","protected":false},"author":1,"featured_media":0,"parent":0,"menu_order":0,"comment_status":"closed","ping_status":"closed","template":"","meta":{"footnotes":"","_links_to":"","_links_to_target":""},"class_list":["post-17235","page","type-page","status-publish","hentry"],"yoast_head":"<!-- This site is optimized with the Yoast SEO plugin v26.8 - https:\/\/yoast.com\/product\/yoast-seo-wordpress\/ -->\n<title>Changeurs de filtres manuels - BD Plast<\/title>\n<meta name=\"description\" content=\"Notre offre de changeurs de filtres manuels comprend des chargeurs de filtres \u00e0 levier BDL, \u00e0 cliquet BDLG, \u00e0 cartouche et \u00e0 cliquet BDCG.\" \/>\n<meta name=\"robots\" content=\"index, follow, max-snippet:-1, max-image-preview:large, max-video-preview:-1\" \/>\n<link rel=\"canonical\" href=\"https:\/\/www.bdplast.com\/fr\/changeurs-de-filtres-manuels\/\" \/>\n<meta property=\"og:locale\" content=\"fr_FR\" \/>\n<meta property=\"og:type\" content=\"article\" \/>\n<meta property=\"og:title\" content=\"Changeurs de filtres manuels - BD Plast\" \/>\n<meta property=\"og:description\" content=\"Notre offre de changeurs de filtres manuels comprend des chargeurs de filtres \u00e0 levier BDL, \u00e0 cliquet BDLG, \u00e0 cartouche et \u00e0 cliquet BDCG.\" \/>\n<meta property=\"og:url\" content=\"https:\/\/www.bdplast.com\/fr\/changeurs-de-filtres-manuels\/\" \/>\n<meta property=\"og:site_name\" content=\"BD Plast\" \/>\n<meta property=\"article:modified_time\" content=\"2025-10-10T10:07:20+00:00\" \/>\n<meta name=\"twitter:card\" content=\"summary_large_image\" \/>\n<meta name=\"twitter:label1\" content=\"Dur\u00e9e de lecture estim\u00e9e\" \/>\n\t<meta name=\"twitter:data1\" content=\"2 minutes\" \/>\n<script type=\"application\/ld+json\" class=\"yoast-schema-graph\">{\"@context\":\"https:\/\/schema.org\",\"@graph\":[{\"@type\":\"WebPage\",\"@id\":\"https:\/\/www.bdplast.com\/fr\/changeurs-de-filtres-manuels\/\",\"url\":\"https:\/\/www.bdplast.com\/fr\/changeurs-de-filtres-manuels\/\",\"name\":\"Changeurs de filtres manuels - BD Plast\",\"isPartOf\":{\"@id\":\"https:\/\/www.bdplast.com\/#website\"},\"datePublished\":\"2021-06-04T08:33:28+00:00\",\"dateModified\":\"2025-10-10T10:07:20+00:00\",\"description\":\"Notre offre de changeurs de filtres manuels comprend des chargeurs de filtres \u00e0 levier BDL, \u00e0 cliquet BDLG, \u00e0 cartouche et \u00e0 cliquet BDCG.\",\"breadcrumb\":{\"@id\":\"https:\/\/www.bdplast.com\/fr\/changeurs-de-filtres-manuels\/#breadcrumb\"},\"inLanguage\":\"fr-FR\",\"potentialAction\":[{\"@type\":\"ReadAction\",\"target\":[\"https:\/\/www.bdplast.com\/fr\/changeurs-de-filtres-manuels\/\"]}]},{\"@type\":\"BreadcrumbList\",\"@id\":\"https:\/\/www.bdplast.com\/fr\/changeurs-de-filtres-manuels\/#breadcrumb\",\"itemListElement\":[{\"@type\":\"ListItem\",\"position\":1,\"name\":\"Home\",\"item\":\"https:\/\/www.bdplast.com\/fr\/\"},{\"@type\":\"ListItem\",\"position\":2,\"name\":\"Changeurs de filtres manuels\"}]},{\"@type\":\"WebSite\",\"@id\":\"https:\/\/www.bdplast.com\/#website\",\"url\":\"https:\/\/www.bdplast.com\/\",\"name\":\"BD Plast\",\"description\":\"Sistemi di filtrazione, deviazione e convoglio polimeri\",\"publisher\":{\"@id\":\"https:\/\/www.bdplast.com\/#organization\"},\"potentialAction\":[{\"@type\":\"SearchAction\",\"target\":{\"@type\":\"EntryPoint\",\"urlTemplate\":\"https:\/\/www.bdplast.com\/?s={search_term_string}\"},\"query-input\":{\"@type\":\"PropertyValueSpecification\",\"valueRequired\":true,\"valueName\":\"search_term_string\"}}],\"inLanguage\":\"fr-FR\"},{\"@type\":\"Organization\",\"@id\":\"https:\/\/www.bdplast.com\/#organization\",\"name\":\"BD Plast\",\"url\":\"https:\/\/www.bdplast.com\/\",\"logo\":{\"@type\":\"ImageObject\",\"inLanguage\":\"fr-FR\",\"@id\":\"https:\/\/www.bdplast.com\/#\/schema\/logo\/image\/\",\"url\":\"https:\/\/www.bdplast.com\/wp-content\/uploads\/2025\/06\/bdplast-logo-yoast.jpg\",\"contentUrl\":\"https:\/\/www.bdplast.com\/wp-content\/uploads\/2025\/06\/bdplast-logo-yoast.jpg\",\"width\":1200,\"height\":628,\"caption\":\"BD Plast\"},\"image\":{\"@id\":\"https:\/\/www.bdplast.com\/#\/schema\/logo\/image\/\"},\"sameAs\":[\"https:\/\/www.youtube.com\/channel\/UCd6hdte7tZc8CfN_W9KxYTA\",\"https:\/\/it.linkedin.com\/company\/bd-plast-filtering-systems-srl\"]}]}<\/script>\n<!-- \/ Yoast SEO plugin. -->","yoast_head_json":{"title":"Changeurs de filtres manuels - BD Plast","description":"Notre offre de changeurs de filtres manuels comprend des chargeurs de filtres \u00e0 levier BDL, \u00e0 cliquet BDLG, \u00e0 cartouche et \u00e0 cliquet BDCG.","robots":{"index":"index","follow":"follow","max-snippet":"max-snippet:-1","max-image-preview":"max-image-preview:large","max-video-preview":"max-video-preview:-1"},"canonical":"https:\/\/www.bdplast.com\/fr\/changeurs-de-filtres-manuels\/","og_locale":"fr_FR","og_type":"article","og_title":"Changeurs de filtres manuels - BD Plast","og_description":"Notre offre de changeurs de filtres manuels comprend des chargeurs de filtres \u00e0 levier BDL, \u00e0 cliquet BDLG, \u00e0 cartouche et \u00e0 cliquet BDCG.","og_url":"https:\/\/www.bdplast.com\/fr\/changeurs-de-filtres-manuels\/","og_site_name":"BD Plast","article_modified_time":"2025-10-10T10:07:20+00:00","twitter_card":"summary_large_image","twitter_misc":{"Dur\u00e9e de lecture estim\u00e9e":"2 minutes"},"schema":{"@context":"https:\/\/schema.org","@graph":[{"@type":"WebPage","@id":"https:\/\/www.bdplast.com\/fr\/changeurs-de-filtres-manuels\/","url":"https:\/\/www.bdplast.com\/fr\/changeurs-de-filtres-manuels\/","name":"Changeurs de filtres manuels - BD Plast","isPartOf":{"@id":"https:\/\/www.bdplast.com\/#website"},"datePublished":"2021-06-04T08:33:28+00:00","dateModified":"2025-10-10T10:07:20+00:00","description":"Notre offre de changeurs de filtres manuels comprend des chargeurs de filtres \u00e0 levier BDL, \u00e0 cliquet BDLG, \u00e0 cartouche et \u00e0 cliquet BDCG.","breadcrumb":{"@id":"https:\/\/www.bdplast.com\/fr\/changeurs-de-filtres-manuels\/#breadcrumb"},"inLanguage":"fr-FR","potentialAction":[{"@type":"ReadAction","target":["https:\/\/www.bdplast.com\/fr\/changeurs-de-filtres-manuels\/"]}]},{"@type":"BreadcrumbList","@id":"https:\/\/www.bdplast.com\/fr\/changeurs-de-filtres-manuels\/#breadcrumb","itemListElement":[{"@type":"ListItem","position":1,"name":"Home","item":"https:\/\/www.bdplast.com\/fr\/"},{"@type":"ListItem","position":2,"name":"Changeurs de filtres manuels"}]},{"@type":"WebSite","@id":"https:\/\/www.bdplast.com\/#website","url":"https:\/\/www.bdplast.com\/","name":"BD Plast","description":"Sistemi di filtrazione, deviazione e convoglio polimeri","publisher":{"@id":"https:\/\/www.bdplast.com\/#organization"},"potentialAction":[{"@type":"SearchAction","target":{"@type":"EntryPoint","urlTemplate":"https:\/\/www.bdplast.com\/?s={search_term_string}"},"query-input":{"@type":"PropertyValueSpecification","valueRequired":true,"valueName":"search_term_string"}}],"inLanguage":"fr-FR"},{"@type":"Organization","@id":"https:\/\/www.bdplast.com\/#organization","name":"BD Plast","url":"https:\/\/www.bdplast.com\/","logo":{"@type":"ImageObject","inLanguage":"fr-FR","@id":"https:\/\/www.bdplast.com\/#\/schema\/logo\/image\/","url":"https:\/\/www.bdplast.com\/wp-content\/uploads\/2025\/06\/bdplast-logo-yoast.jpg","contentUrl":"https:\/\/www.bdplast.com\/wp-content\/uploads\/2025\/06\/bdplast-logo-yoast.jpg","width":1200,"height":628,"caption":"BD Plast"},"image":{"@id":"https:\/\/www.bdplast.com\/#\/schema\/logo\/image\/"},"sameAs":["https:\/\/www.youtube.com\/channel\/UCd6hdte7tZc8CfN_W9KxYTA","https:\/\/it.linkedin.com\/company\/bd-plast-filtering-systems-srl"]}]}},"rttpg_featured_image_url":null,"rttpg_author":{"display_name":"studiochiesa","author_link":"https:\/\/www.bdplast.com\/fr\/author\/studiochiesa\/"},"rttpg_comment":0,"rttpg_category":" <a href=\"https:\/\/www.bdplast.com\/fr\/?taxonomy=translation_priority&#038;term=facultatif\" rel=\"tag\">Facultatif<\/a>","rttpg_excerpt":"[vc_row full_width=\u00a0\u00bbstretch_row\u00a0\u00bb css=\u00a0\u00bb.vc_custom_1617876250013{background-image: url(https:\/\/www.bdplast.com\/wp-content\/uploads\/2021\/03\/cambiafiltri_manuali_manual_screen_changers_BDL_cover.jpg?id=14421) !important;background-position: center !important;background-repeat: no-repeat !important;background-size: cover !important;}\u00a0\u00bb ...","_links":{"self":[{"href":"https:\/\/www.bdplast.com\/fr\/wp-json\/wp\/v2\/pages\/17235","targetHints":{"allow":["GET"]}}],"collection":[{"href":"https:\/\/www.bdplast.com\/fr\/wp-json\/wp\/v2\/pages"}],"about":[{"href":"https:\/\/www.bdplast.com\/fr\/wp-json\/wp\/v2\/types\/page"}],"author":[{"embeddable":true,"href":"https:\/\/www.bdplast.com\/fr\/wp-json\/wp\/v2\/users\/1"}],"replies":[{"embeddable":true,"href":"https:\/\/www.bdplast.com\/fr\/wp-json\/wp\/v2\/comments?post=17235"}],"version-history":[{"count":3,"href":"https:\/\/www.bdplast.com\/fr\/wp-json\/wp\/v2\/pages\/17235\/revisions"}],"predecessor-version":[{"id":21116,"href":"https:\/\/www.bdplast.com\/fr\/wp-json\/wp\/v2\/pages\/17235\/revisions\/21116"}],"wp:attachment":[{"href":"https:\/\/www.bdplast.com\/fr\/wp-json\/wp\/v2\/media?parent=17235"}],"curies":[{"name":"wp","href":"https:\/\/api.w.org\/{rel}","templated":true}]}}