{"id":18251,"date":"2022-09-01T16:51:46","date_gmt":"2022-09-01T14:51:46","guid":{"rendered":"https:\/\/www.bdplast.com\/?page_id=18251"},"modified":"2023-11-13T17:15:55","modified_gmt":"2023-11-13T16:15:55","slug":"changeur-de-filtres-en-flux-continu-cleanchanger","status":"publish","type":"page","link":"https:\/\/www.bdplast.com\/fr\/changeur-de-filtres-en-flux-continu-cleanchanger\/","title":{"rendered":"Changeur de filtres en flux continu CleanChanger"},"content":{"rendered":"<div class=\"wpb-content-wrapper\"><p>[vc_row full_width=\u00a0\u00bbstretch_row\u00a0\u00bb css=\u00a0\u00bb.vc_custom_1651232151018{background-image: url(https:\/\/www.bdplast.com\/wp-content\/uploads\/2022\/04\/Cleanchanger_hero_web.jpg?id=18301) !important;background-position: center !important;background-repeat: no-repeat !important;background-size: cover !important;}\u00a0\u00bb el_class=\u00a0\u00bbwhite_text\u00a0\u00bb el_id=\u00a0\u00bbhead_prodotto\u00a0\u00bb][vc_column][\/vc_column][\/vc_row][vc_row full_width=\u00a0\u00bbstretch_row\u00a0\u00bb css=\u00a0\u00bb.vc_custom_1616665112965{padding-top: 2em !important;padding-bottom: 2em !important;background-color: #ec6608 !important;}\u00a0\u00bb el_class=\u00a0\u00bbwhite_text\u00a0\u00bb][vc_column][vc_row_inner equal_height=\u00a0\u00bbyes\u00a0\u00bb content_placement=\u00a0\u00bbmiddle\u00a0\u00bb][vc_column_inner][vc_column_text]<\/p>\n<h1>Changeur de filtres \u00e0 mailles en flux continu avec r\u00e9trolavage CleanChanger\u00ae<\/h1>\n<p>[\/vc_column_text][\/vc_column_inner][\/vc_row_inner][\/vc_column][\/vc_row][vc_row css=\u00a0\u00bb.vc_custom_1616673282130{padding-top: 4em !important;padding-bottom: 4em !important;}\u00a0\u00bb el_id=\u00a0\u00bbscheda_prodotto_intro\u00a0\u00bb][vc_column][vc_column_text]<\/p>\n<h2>La nouveaut\u00e9 que le monde de l&rsquo;extrusion et du recyclage qualitatif attendait. Le seul changeur de filtres \u00e0 r\u00e9trolavage avec syst\u00e8me d&rsquo;\u00e9jection automatique des plaques porte-filtre.<\/h2>\n<p>[\/vc_column_text][vc_column_text]Avec le changeur de filtres continu innovant <strong>CleanChanger\u00ae<\/strong>, nous avons \u00e9crit une nouvelle page importante dans l&rsquo;histoire de la filtration \u00e0 cycle automatique. La s\u00e9quence de r\u00e9trolavage est <strong>enti\u00e8rement contr\u00f4l\u00e9e par un PLC<\/strong> \u00e9quip\u00e9 d&rsquo;un panneau \u00e0 \u00e9cran tactile, de sorte que le changeur de filtres peut fonctionner sans surveillance et sans interruption. Nous avons d\u00e9velopp\u00e9 un syst\u00e8me \u00e0 r\u00e9trolavage tr\u00e8s performant pour les mailles filtrantes qui permet d&rsquo;obtenir jusqu&rsquo;\u00e0 400 cycles avec une efficacit\u00e9 et une \u00e9conomie d&rsquo;utilisation maximales. Un logiciel de contr\u00f4le extr\u00eamement intuitif permet une utilisation simple et flexible du changeur de filtres.<\/p>\n<p>\u00c0 la fin du cycle et avec l&rsquo;extrudeuse toujours \u00e0 sa capacit\u00e9 maximale, il est possible de remplacer les mailles gr\u00e2ce \u00e0 l&rsquo;\u00e9jection enti\u00e8rement automatis\u00e9e des <strong>porte-mailles<\/strong>. <strong>CleanChanger\u00ae<\/strong>\u00a0offre une parfaite continuit\u00e9 du flux, gr\u00e2ce au soin apport\u00e9 \u00e0 la phase de conception qui permet une int\u00e9gration optimale dans la ligne d&rsquo;extrusion. Cela se traduit par la possibilit\u00e9 de cr\u00e9er des projets hautement personnalis\u00e9s et optimis\u00e9s dans <strong>de v\u00e9ritables solutions Plug &amp; Play<\/strong>.[\/vc_column_text][\/vc_column][\/vc_row][vc_row full_width=\u00a0\u00bbstretch_row\u00a0\u00bb el_class=\u00a0\u00bbwhite_text\u00a0\u00bb el_id=\u00a0\u00bbslider\u00a0\u00bb css=\u00a0\u00bb.vc_custom_1616679219141{padding-top: 4em !important;padding-bottom: 4em !important;background-color: #e9e7dd !important;background-position: center !important;background-repeat: no-repeat !important;background-size: cover !important;}\u00a0\u00bb][vc_column]<div\n  id=\"vckit-image-slider-118094088\"\n  class=\"vckit-image-slider  \"\n  data-vckit-carousel='{\"arrows\":true,\"dots\":false,\"fade\":true,\"infinite\":true,\"arrow_style\":\"circle\",\"autoplay\":\"yes\",\"autoplay_speed\":3000,\"pause_on_hover\":\"yes\",\"speed\":300,\"md\":1,\"sm\":1,\"xs\":1,\"slides_to_scroll\":1}' data-gutter=\"0\">\n      <div class=\"vckit-image-slider__element\">\n            <img decoding=\"async\" src=\"https:\/\/www.bdplast.com\/wp-content\/uploads\/2022\/04\/CleanChanger-DO1000494.jpg\">\n          <\/div>\n      <div class=\"vckit-image-slider__element\">\n            <img decoding=\"async\" src=\"https:\/\/www.bdplast.com\/wp-content\/uploads\/2022\/04\/CleanChanger-DO1000478.jpg\">\n          <\/div>\n      <div class=\"vckit-image-slider__element\">\n            <img decoding=\"async\" src=\"https:\/\/www.bdplast.com\/wp-content\/uploads\/2022\/04\/CleanChanger-DO1000505.jpg\">\n          <\/div>\n      <div class=\"vckit-image-slider__element\">\n            <img decoding=\"async\" src=\"https:\/\/www.bdplast.com\/wp-content\/uploads\/2022\/04\/CleanChanger-L1000006.jpg\">\n          <\/div>\n  <\/div>\n<style type=\"text\/css\"><\/style>\n[\/vc_column][\/vc_row][vc_row full_width=\u00a0\u00bbstretch_row\u00a0\u00bb equal_height=\u00a0\u00bbyes\u00a0\u00bb content_placement=\u00a0\u00bbmiddle\u00a0\u00bb el_id=\u00a0\u00bbscheda_prodotto\u00a0\u00bb css=\u00a0\u00bb.vc_custom_1616752804985{padding-top: 4em !important;padding-bottom: 4em !important;background-color: #475b5a !important;}\u00a0\u00bb][vc_column width=\u00a0\u00bb1\/2&Prime;][vc_single_image image=\u00a0\u00bb18265&Prime; img_size=\u00a0\u00bbfull\u00a0\u00bb][\/vc_column][vc_column width=\u00a0\u00bb1\/2&Prime;][vc_column_text]<strong>Convient aux lignes d&rsquo;extrusion suivantes:<\/strong><br \/>\n\u2022 Recyclage (qualitatif et intensif)<br \/>\n\u2022 Compound<br \/>\n\u2022 Plaque plate et alv\u00e9olaire<br \/>\n\u2022 Tubes et profils<br \/>\n\u2022 Films soufflage e plat<br \/>\n\u2022 Mono et multi-filaments<br \/>\n\u2022 Colorants<br \/>\n\u2022 Adh\u00e9sifs et colles[\/vc_column_text][vc_empty_space height=\u00a0\u00bb1em\u00a0\u00bb][vc_row_inner][vc_column_inner width=\u00a0\u00bb2\/3&Prime;]<div class=\"\"><div class=\"cz_33027_p\"><a id=\"cz_33027\" class=\"cz_33027 cz_btn cz_btn_txt_no_fx cz_btn_no_fx cz_btn_icon_after cz_mobile_btn_center\" href=\"https:\/\/www.bdplast.com\/wp-content\/uploads\/2022\/09\/BD_Plast_Scheda_tecnica_francese.pdf\" target=\"_blank\"><span><strong>T\u00c9L\u00c9CHARGEZ LA FICHE TECHNIQUE<\/strong><i class=\"fa czico-194-download\"><\/i><\/span><b class=\"cz_btn_onhover\"><strong>T\u00c9L\u00c9CHARGEZ LA FICHE TECHNIQUE<\/strong><i class=\"fa czico-194-download\"><\/i><\/b><\/a><\/div><\/div>[\/vc_column_inner][vc_column_inner width=\u00a0\u00bb1\/3&Prime;]<div class=\"\"><div class=\"cz_60094_p\"><a id=\"cz_60094\" class=\"cz_60094 cz_btn cz_btn_txt_no_fx cz_btn_no_fx cz_btn_icon_after cz_mobile_btn_center\" href=\"https:\/\/www.youtube.com\/watch?v=w6-UKpgXxew\" rel=\"nofollow\" target=\"_blank\"><span><strong>NETTOYAGE DE LA PLAQUE DE CHANGEMENT DE FILTRE<\/strong><i class=\"fa czico-015-play\"><\/i><\/span><b class=\"cz_btn_onhover\"><strong>NETTOYAGE DE LA PLAQUE DE CHANGEMENT DE FILTRE<\/strong><i class=\"fa czico-015-play\"><\/i><\/b><\/a><\/div><\/div>[\/vc_column_inner][\/vc_row_inner][\/vc_column][\/vc_row]<\/p>\n<\/div>","protected":false},"excerpt":{"rendered":"<p>[vc_row full_width=\u00a0\u00bbstretch_row\u00a0\u00bb css=\u00a0\u00bb.vc_custom_1651232151018{background-image: url(https:\/\/www.bdplast.com\/wp-content\/uploads\/2022\/04\/Cleanchanger_hero_web.jpg?id=18301) !important;background-position: center !important;background-repeat: no-repeat !important;background-size: cover !important;}\u00a0\u00bb &#8230; <\/p>\n","protected":false},"author":3,"featured_media":18762,"parent":0,"menu_order":0,"comment_status":"closed","ping_status":"closed","template":"","meta":{"footnotes":"","_links_to":"","_links_to_target":""},"class_list":["post-18251","page","type-page","status-publish","has-post-thumbnail","hentry"],"yoast_head":"<!-- This site is optimized with the Yoast SEO plugin v27.5 - https:\/\/yoast.com\/product\/yoast-seo-wordpress\/ -->\n<title>Changeur de filtres en flux continu CleanChanger \u00a9 - BD Plast<\/title>\n<meta name=\"description\" content=\"Le seul changeur de filtres \u00e0 r\u00e9trolavage avec syst\u00e8me d\u2019\u00e9jection automatique des paques porte-filtre, enti\u00e8rement contr\u00f4l\u00e9e par un PLC\" \/>\n<meta name=\"robots\" content=\"index, follow, max-snippet:-1, max-image-preview:large, max-video-preview:-1\" \/>\n<link rel=\"canonical\" href=\"https:\/\/www.bdplast.com\/fr\/changeur-de-filtres-en-flux-continu-cleanchanger\/\" \/>\n<meta property=\"og:locale\" content=\"fr_FR\" \/>\n<meta property=\"og:type\" content=\"article\" \/>\n<meta property=\"og:title\" content=\"Changeur de filtres en flux continu CleanChanger \u00a9 - BD Plast\" \/>\n<meta property=\"og:description\" content=\"Le seul changeur de filtres \u00e0 r\u00e9trolavage avec syst\u00e8me d\u2019\u00e9jection automatique des paques porte-filtre, enti\u00e8rement contr\u00f4l\u00e9e par un PLC\" \/>\n<meta property=\"og:url\" content=\"https:\/\/www.bdplast.com\/fr\/changeur-de-filtres-en-flux-continu-cleanchanger\/\" \/>\n<meta property=\"og:site_name\" content=\"BD Plast\" \/>\n<meta property=\"article:modified_time\" content=\"2023-11-13T16:15:55+00:00\" \/>\n<meta property=\"og:image\" content=\"https:\/\/www.bdplast.com\/wp-content\/uploads\/2023\/02\/CleanChanger-featured-image.jpg\" \/>\n\t<meta property=\"og:image:width\" content=\"256\" \/>\n\t<meta property=\"og:image:height\" content=\"256\" \/>\n\t<meta property=\"og:image:type\" content=\"image\/jpeg\" \/>\n<meta name=\"twitter:card\" content=\"summary_large_image\" \/>\n<meta name=\"twitter:label1\" content=\"Dur\u00e9e de lecture estim\u00e9e\" \/>\n\t<meta name=\"twitter:data1\" content=\"2 minutes\" \/>\n<script type=\"application\/ld+json\" class=\"yoast-schema-graph\">{\"@context\":\"https:\\\/\\\/schema.org\",\"@graph\":[{\"@type\":\"WebPage\",\"@id\":\"https:\\\/\\\/www.bdplast.com\\\/fr\\\/changeur-de-filtres-en-flux-continu-cleanchanger\\\/\",\"url\":\"https:\\\/\\\/www.bdplast.com\\\/fr\\\/changeur-de-filtres-en-flux-continu-cleanchanger\\\/\",\"name\":\"Changeur de filtres en flux continu CleanChanger \u00a9 - BD Plast\",\"isPartOf\":{\"@id\":\"https:\\\/\\\/www.bdplast.com\\\/#website\"},\"primaryImageOfPage\":{\"@id\":\"https:\\\/\\\/www.bdplast.com\\\/fr\\\/changeur-de-filtres-en-flux-continu-cleanchanger\\\/#primaryimage\"},\"image\":{\"@id\":\"https:\\\/\\\/www.bdplast.com\\\/fr\\\/changeur-de-filtres-en-flux-continu-cleanchanger\\\/#primaryimage\"},\"thumbnailUrl\":\"https:\\\/\\\/www.bdplast.com\\\/wp-content\\\/uploads\\\/2023\\\/02\\\/CleanChanger-featured-image.jpg\",\"datePublished\":\"2022-09-01T14:51:46+00:00\",\"dateModified\":\"2023-11-13T16:15:55+00:00\",\"description\":\"Le seul changeur de filtres \u00e0 r\u00e9trolavage avec syst\u00e8me d\u2019\u00e9jection automatique des paques porte-filtre, enti\u00e8rement contr\u00f4l\u00e9e par un PLC\",\"breadcrumb\":{\"@id\":\"https:\\\/\\\/www.bdplast.com\\\/fr\\\/changeur-de-filtres-en-flux-continu-cleanchanger\\\/#breadcrumb\"},\"inLanguage\":\"fr-FR\",\"potentialAction\":[{\"@type\":\"ReadAction\",\"target\":[\"https:\\\/\\\/www.bdplast.com\\\/fr\\\/changeur-de-filtres-en-flux-continu-cleanchanger\\\/\"]}]},{\"@type\":\"ImageObject\",\"inLanguage\":\"fr-FR\",\"@id\":\"https:\\\/\\\/www.bdplast.com\\\/fr\\\/changeur-de-filtres-en-flux-continu-cleanchanger\\\/#primaryimage\",\"url\":\"https:\\\/\\\/www.bdplast.com\\\/wp-content\\\/uploads\\\/2023\\\/02\\\/CleanChanger-featured-image.jpg\",\"contentUrl\":\"https:\\\/\\\/www.bdplast.com\\\/wp-content\\\/uploads\\\/2023\\\/02\\\/CleanChanger-featured-image.jpg\",\"width\":256,\"height\":256},{\"@type\":\"BreadcrumbList\",\"@id\":\"https:\\\/\\\/www.bdplast.com\\\/fr\\\/changeur-de-filtres-en-flux-continu-cleanchanger\\\/#breadcrumb\",\"itemListElement\":[{\"@type\":\"ListItem\",\"position\":1,\"name\":\"Home\",\"item\":\"https:\\\/\\\/www.bdplast.com\\\/fr\\\/\"},{\"@type\":\"ListItem\",\"position\":2,\"name\":\"Changeur de filtres en flux continu CleanChanger\"}]},{\"@type\":\"WebSite\",\"@id\":\"https:\\\/\\\/www.bdplast.com\\\/#website\",\"url\":\"https:\\\/\\\/www.bdplast.com\\\/\",\"name\":\"BD Plast\",\"description\":\"Sistemi di filtrazione, deviazione e convoglio polimeri\",\"publisher\":{\"@id\":\"https:\\\/\\\/www.bdplast.com\\\/#organization\"},\"potentialAction\":[{\"@type\":\"SearchAction\",\"target\":{\"@type\":\"EntryPoint\",\"urlTemplate\":\"https:\\\/\\\/www.bdplast.com\\\/?s={search_term_string}\"},\"query-input\":{\"@type\":\"PropertyValueSpecification\",\"valueRequired\":true,\"valueName\":\"search_term_string\"}}],\"inLanguage\":\"fr-FR\"},{\"@type\":\"Organization\",\"@id\":\"https:\\\/\\\/www.bdplast.com\\\/#organization\",\"name\":\"BD Plast\",\"url\":\"https:\\\/\\\/www.bdplast.com\\\/\",\"logo\":{\"@type\":\"ImageObject\",\"inLanguage\":\"fr-FR\",\"@id\":\"https:\\\/\\\/www.bdplast.com\\\/#\\\/schema\\\/logo\\\/image\\\/\",\"url\":\"https:\\\/\\\/www.bdplast.com\\\/wp-content\\\/uploads\\\/2025\\\/06\\\/bdplast-logo-yoast.jpg\",\"contentUrl\":\"https:\\\/\\\/www.bdplast.com\\\/wp-content\\\/uploads\\\/2025\\\/06\\\/bdplast-logo-yoast.jpg\",\"width\":1200,\"height\":628,\"caption\":\"BD Plast\"},\"image\":{\"@id\":\"https:\\\/\\\/www.bdplast.com\\\/#\\\/schema\\\/logo\\\/image\\\/\"},\"sameAs\":[\"https:\\\/\\\/www.youtube.com\\\/channel\\\/UCd6hdte7tZc8CfN_W9KxYTA\",\"https:\\\/\\\/it.linkedin.com\\\/company\\\/bd-plast-filtering-systems-srl\"]}]}<\/script>\n<!-- \/ Yoast SEO plugin. -->","yoast_head_json":{"title":"Changeur de filtres en flux continu CleanChanger \u00a9 - BD Plast","description":"Le seul changeur de filtres \u00e0 r\u00e9trolavage avec syst\u00e8me d\u2019\u00e9jection automatique des paques porte-filtre, enti\u00e8rement contr\u00f4l\u00e9e par un PLC","robots":{"index":"index","follow":"follow","max-snippet":"max-snippet:-1","max-image-preview":"max-image-preview:large","max-video-preview":"max-video-preview:-1"},"canonical":"https:\/\/www.bdplast.com\/fr\/changeur-de-filtres-en-flux-continu-cleanchanger\/","og_locale":"fr_FR","og_type":"article","og_title":"Changeur de filtres en flux continu CleanChanger \u00a9 - BD Plast","og_description":"Le seul changeur de filtres \u00e0 r\u00e9trolavage avec syst\u00e8me d\u2019\u00e9jection automatique des paques porte-filtre, enti\u00e8rement contr\u00f4l\u00e9e par un PLC","og_url":"https:\/\/www.bdplast.com\/fr\/changeur-de-filtres-en-flux-continu-cleanchanger\/","og_site_name":"BD Plast","article_modified_time":"2023-11-13T16:15:55+00:00","og_image":[{"width":256,"height":256,"url":"https:\/\/www.bdplast.com\/wp-content\/uploads\/2023\/02\/CleanChanger-featured-image.jpg","type":"image\/jpeg"}],"twitter_card":"summary_large_image","twitter_misc":{"Dur\u00e9e de lecture estim\u00e9e":"2 minutes"},"schema":{"@context":"https:\/\/schema.org","@graph":[{"@type":"WebPage","@id":"https:\/\/www.bdplast.com\/fr\/changeur-de-filtres-en-flux-continu-cleanchanger\/","url":"https:\/\/www.bdplast.com\/fr\/changeur-de-filtres-en-flux-continu-cleanchanger\/","name":"Changeur de filtres en flux continu CleanChanger \u00a9 - BD Plast","isPartOf":{"@id":"https:\/\/www.bdplast.com\/#website"},"primaryImageOfPage":{"@id":"https:\/\/www.bdplast.com\/fr\/changeur-de-filtres-en-flux-continu-cleanchanger\/#primaryimage"},"image":{"@id":"https:\/\/www.bdplast.com\/fr\/changeur-de-filtres-en-flux-continu-cleanchanger\/#primaryimage"},"thumbnailUrl":"https:\/\/www.bdplast.com\/wp-content\/uploads\/2023\/02\/CleanChanger-featured-image.jpg","datePublished":"2022-09-01T14:51:46+00:00","dateModified":"2023-11-13T16:15:55+00:00","description":"Le seul changeur de filtres \u00e0 r\u00e9trolavage avec syst\u00e8me d\u2019\u00e9jection automatique des paques porte-filtre, enti\u00e8rement contr\u00f4l\u00e9e par un PLC","breadcrumb":{"@id":"https:\/\/www.bdplast.com\/fr\/changeur-de-filtres-en-flux-continu-cleanchanger\/#breadcrumb"},"inLanguage":"fr-FR","potentialAction":[{"@type":"ReadAction","target":["https:\/\/www.bdplast.com\/fr\/changeur-de-filtres-en-flux-continu-cleanchanger\/"]}]},{"@type":"ImageObject","inLanguage":"fr-FR","@id":"https:\/\/www.bdplast.com\/fr\/changeur-de-filtres-en-flux-continu-cleanchanger\/#primaryimage","url":"https:\/\/www.bdplast.com\/wp-content\/uploads\/2023\/02\/CleanChanger-featured-image.jpg","contentUrl":"https:\/\/www.bdplast.com\/wp-content\/uploads\/2023\/02\/CleanChanger-featured-image.jpg","width":256,"height":256},{"@type":"BreadcrumbList","@id":"https:\/\/www.bdplast.com\/fr\/changeur-de-filtres-en-flux-continu-cleanchanger\/#breadcrumb","itemListElement":[{"@type":"ListItem","position":1,"name":"Home","item":"https:\/\/www.bdplast.com\/fr\/"},{"@type":"ListItem","position":2,"name":"Changeur de filtres en flux continu CleanChanger"}]},{"@type":"WebSite","@id":"https:\/\/www.bdplast.com\/#website","url":"https:\/\/www.bdplast.com\/","name":"BD Plast","description":"Sistemi di filtrazione, deviazione e convoglio polimeri","publisher":{"@id":"https:\/\/www.bdplast.com\/#organization"},"potentialAction":[{"@type":"SearchAction","target":{"@type":"EntryPoint","urlTemplate":"https:\/\/www.bdplast.com\/?s={search_term_string}"},"query-input":{"@type":"PropertyValueSpecification","valueRequired":true,"valueName":"search_term_string"}}],"inLanguage":"fr-FR"},{"@type":"Organization","@id":"https:\/\/www.bdplast.com\/#organization","name":"BD Plast","url":"https:\/\/www.bdplast.com\/","logo":{"@type":"ImageObject","inLanguage":"fr-FR","@id":"https:\/\/www.bdplast.com\/#\/schema\/logo\/image\/","url":"https:\/\/www.bdplast.com\/wp-content\/uploads\/2025\/06\/bdplast-logo-yoast.jpg","contentUrl":"https:\/\/www.bdplast.com\/wp-content\/uploads\/2025\/06\/bdplast-logo-yoast.jpg","width":1200,"height":628,"caption":"BD Plast"},"image":{"@id":"https:\/\/www.bdplast.com\/#\/schema\/logo\/image\/"},"sameAs":["https:\/\/www.youtube.com\/channel\/UCd6hdte7tZc8CfN_W9KxYTA","https:\/\/it.linkedin.com\/company\/bd-plast-filtering-systems-srl"]}]}},"rttpg_featured_image_url":{"full":["https:\/\/www.bdplast.com\/wp-content\/uploads\/2023\/02\/CleanChanger-featured-image.jpg",256,256,false],"landscape":["https:\/\/www.bdplast.com\/wp-content\/uploads\/2023\/02\/CleanChanger-featured-image.jpg",256,256,false],"portraits":["https:\/\/www.bdplast.com\/wp-content\/uploads\/2023\/02\/CleanChanger-featured-image.jpg",256,256,false],"thumbnail":["https:\/\/www.bdplast.com\/wp-content\/uploads\/2023\/02\/CleanChanger-featured-image-150x150.jpg",150,150,true],"medium":["https:\/\/www.bdplast.com\/wp-content\/uploads\/2023\/02\/CleanChanger-featured-image.jpg",256,256,false],"large":["https:\/\/www.bdplast.com\/wp-content\/uploads\/2023\/02\/CleanChanger-featured-image.jpg",256,256,false],"1536x1536":["https:\/\/www.bdplast.com\/wp-content\/uploads\/2023\/02\/CleanChanger-featured-image.jpg",256,256,false],"2048x2048":["https:\/\/www.bdplast.com\/wp-content\/uploads\/2023\/02\/CleanChanger-featured-image.jpg",256,256,false],"codevz_360_320":["https:\/\/www.bdplast.com\/wp-content\/uploads\/2023\/02\/CleanChanger-featured-image.jpg",256,256,false],"codevz_600_600":["https:\/\/www.bdplast.com\/wp-content\/uploads\/2023\/02\/CleanChanger-featured-image.jpg",256,256,false],"codevz_1200_200":["https:\/\/www.bdplast.com\/wp-content\/uploads\/2023\/02\/CleanChanger-featured-image-256x200.jpg",256,200,true],"codevz_1200_500":["https:\/\/www.bdplast.com\/wp-content\/uploads\/2023\/02\/CleanChanger-featured-image.jpg",256,256,false],"codevz_600_1000":["https:\/\/www.bdplast.com\/wp-content\/uploads\/2023\/02\/CleanChanger-featured-image.jpg",256,256,false],"codevz_600_9999":["https:\/\/www.bdplast.com\/wp-content\/uploads\/2023\/02\/CleanChanger-featured-image.jpg",256,256,false],"gform-image-choice-sm":["https:\/\/www.bdplast.com\/wp-content\/uploads\/2023\/02\/CleanChanger-featured-image.jpg",256,256,false],"gform-image-choice-md":["https:\/\/www.bdplast.com\/wp-content\/uploads\/2023\/02\/CleanChanger-featured-image.jpg",256,256,false],"gform-image-choice-lg":["https:\/\/www.bdplast.com\/wp-content\/uploads\/2023\/02\/CleanChanger-featured-image.jpg",256,256,false]},"rttpg_author":{"display_name":"Max","author_link":"https:\/\/www.bdplast.com\/fr\/author\/max\/"},"rttpg_comment":0,"rttpg_category":" <a href=\"https:\/\/www.bdplast.com\/fr\/?taxonomy=translation_priority&#038;term=facultatif\" rel=\"tag\">Facultatif<\/a><a href=\"https:\/\/www.bdplast.com\/?taxonomy=translation_priority&#038;term=opzionale\" rel=\"tag\">Opzionale<\/a>","rttpg_excerpt":"[vc_row full_width=\u00a0\u00bbstretch_row\u00a0\u00bb css=\u00a0\u00bb.vc_custom_1651232151018{background-image: url(https:\/\/www.bdplast.com\/wp-content\/uploads\/2022\/04\/Cleanchanger_hero_web.jpg?id=18301) !important;background-position: center !important;background-repeat: no-repeat !important;background-size: cover !important;}\u00a0\u00bb ...","_links":{"self":[{"href":"https:\/\/www.bdplast.com\/fr\/wp-json\/wp\/v2\/pages\/18251","targetHints":{"allow":["GET"]}}],"collection":[{"href":"https:\/\/www.bdplast.com\/fr\/wp-json\/wp\/v2\/pages"}],"about":[{"href":"https:\/\/www.bdplast.com\/fr\/wp-json\/wp\/v2\/types\/page"}],"author":[{"embeddable":true,"href":"https:\/\/www.bdplast.com\/fr\/wp-json\/wp\/v2\/users\/3"}],"replies":[{"embeddable":true,"href":"https:\/\/www.bdplast.com\/fr\/wp-json\/wp\/v2\/comments?post=18251"}],"version-history":[{"count":5,"href":"https:\/\/www.bdplast.com\/fr\/wp-json\/wp\/v2\/pages\/18251\/revisions"}],"predecessor-version":[{"id":19434,"href":"https:\/\/www.bdplast.com\/fr\/wp-json\/wp\/v2\/pages\/18251\/revisions\/19434"}],"wp:featuredmedia":[{"embeddable":true,"href":"https:\/\/www.bdplast.com\/fr\/wp-json\/wp\/v2\/media\/18762"}],"wp:attachment":[{"href":"https:\/\/www.bdplast.com\/fr\/wp-json\/wp\/v2\/media?parent=18251"}],"curies":[{"name":"wp","href":"https:\/\/api.w.org\/{rel}","templated":true}]}}