{"id":19934,"date":"2024-06-10T16:24:54","date_gmt":"2024-06-10T14:24:54","guid":{"rendered":"https:\/\/www.bdplast.com\/?page_id=19934"},"modified":"2024-06-17T11:11:05","modified_gmt":"2024-06-17T09:11:05","slug":"carbon-footprint","status":"publish","type":"page","link":"https:\/\/www.bdplast.com\/fr\/carbon-footprint\/","title":{"rendered":"Carbon Footprint"},"content":{"rendered":"<div class=\"wpb-content-wrapper\"><p>[vc_row full_width=\u00a0\u00bbstretch_row\u00a0\u00bb content_placement=\u00a0\u00bbmiddle\u00a0\u00bb css=\u00a0\u00bb.vc_custom_1717664905017{background-image: url(https:\/\/www.bdplast.com\/wp-content\/uploads\/2024\/06\/texture-verde-1.jpg?id=19947) !important;background-position: center !important;background-repeat: no-repeat !important;background-size: cover !important;}\u00a0\u00bb el_id=\u00a0\u00bbheader_pag\u00a0\u00bb][vc_column][vc_column_text css=\u00a0\u00bb\u00a0\u00bb]<\/p>\n<h1 style=\"text-align: center;\"><strong>CARBON FOOTPRINT<\/strong><\/h1>\n<p>[\/vc_column_text][\/vc_column][\/vc_row][vc_row full_width=\u00a0\u00bbstretch_row\u00a0\u00bb css=\u00a0\u00bb.vc_custom_1616752300475{padding-top: 2em !important;padding-bottom: 2em !important;}\u00a0\u00bb][vc_column][vc_row_inner equal_height=\u00a0\u00bbyes\u00a0\u00bb content_placement=\u00a0\u00bbtop\u00a0\u00bb][vc_column_inner width=\u00a0\u00bb5\/6&Prime;][vc_column_text css=\u00a0\u00bb\u00a0\u00bb]<\/p>\n<h2>GHG Protocol<\/h2>\n<p>Chez BD PLAST FILTERING SYSTEM, nous sommes <strong>fermement convaincus<\/strong> que la responsabilit\u00e9 environnementale est la cl\u00e9 d&rsquo;un <strong>avenir durable<\/strong>.<\/p>\n<p>Nous sommes profond\u00e9ment engag\u00e9s \u00e0 aborder les enjeux environnementaux. Nous croyons que chaque action, grande ou petite, contribue \u00e0 faire la diff\u00e9rence.[\/vc_column_text][\/vc_column_inner][vc_column_inner width=\u00a0\u00bb1\/6&Prime;][vc_single_image image=\u00a0\u00bb19964&Prime; img_size=\u00a0\u00bbfull\u00a0\u00bb css=\u00a0\u00bb\u00a0\u00bb][\/vc_column_inner][\/vc_row_inner][vc_row_inner equal_height=\u00a0\u00bbyes\u00a0\u00bb content_placement=\u00a0\u00bbmiddle\u00a0\u00bb][vc_column_inner width=\u00a0\u00bb2\/3&Prime;][vc_column_text css=\u00a0\u00bb\u00a0\u00bb]C&rsquo;est pourquoi nous avons entrepris un parcours pour surveiller et r\u00e9duire nos \u00e9missions de gaz \u00e0 effet de serre (<strong>GES<\/strong>) conform\u00e9ment aux directives internationales du <strong>GHG Protocol<\/strong>.[\/vc_column_text][vc_empty_space]<div class=\"cz_btn_left\"><div class=\"cz_30138_p\"><a id=\"cz_30138\" class=\"cz_30138 cz_btn cz_btn_txt_no_fx cz_btn_no_fx\" href=\"https:\/\/www.bdplast.com\/wp-content\/uploads\/2024\/06\/BD_Plast_GHG-Inventory_WEB.pdf\" target=\"_blank\"><span><i class=\"far fa-file-pdf\"><\/i><strong>T\u00c9L\u00c9CHARGER LE DOCUMENT<\/strong><\/span><b class=\"cz_btn_onhover\"><i class=\"far fa-file-pdf\"><\/i><strong>T\u00c9L\u00c9CHARGER LE DOCUMENT<\/strong><\/b><\/a><\/div><\/div><div class=\"clr\"><\/div>[vc_empty_space height=\u00a0\u00bb100px\u00a0\u00bb][\/vc_column_inner][vc_column_inner width=\u00a0\u00bb1\/3&Prime;][vc_single_image image=\u00a0\u00bb19958&Prime; img_size=\u00a0\u00bbfull\u00a0\u00bb css=\u00a0\u00bb\u00a0\u00bb][\/vc_column_inner][\/vc_row_inner][\/vc_column][\/vc_row]<\/p>\n<\/div>","protected":false},"excerpt":{"rendered":"<p>[vc_row full_width=\u00a0\u00bbstretch_row\u00a0\u00bb content_placement=\u00a0\u00bbmiddle\u00a0\u00bb css=\u00a0\u00bb.vc_custom_1717664905017{background-image: url(https:\/\/www.bdplast.com\/wp-content\/uploads\/2024\/06\/texture-verde-1.jpg?id=19947) !important;background-position: center !important;background-repeat: no-repeat !important;background-size: cover &#8230; <\/p>\n","protected":false},"author":3,"featured_media":20071,"parent":0,"menu_order":0,"comment_status":"closed","ping_status":"closed","template":"","meta":{"footnotes":"","_links_to":"","_links_to_target":""},"class_list":["post-19934","page","type-page","status-publish","has-post-thumbnail","hentry"],"yoast_head":"<!-- This site is optimized with the Yoast SEO plugin v27.6 - https:\/\/yoast.com\/product\/yoast-seo-wordpress\/ -->\n<title>Carbon Footprint - BD Plast<\/title>\n<meta name=\"description\" content=\"GHG Protocol. Nous sommes fermement convaincus que la responsabilit\u00e9 environnementale est la cl\u00e9 d&#039;un avenir durable.\" \/>\n<meta name=\"robots\" content=\"index, follow, max-snippet:-1, max-image-preview:large, max-video-preview:-1\" \/>\n<link rel=\"canonical\" href=\"https:\/\/www.bdplast.com\/fr\/carbon-footprint\/\" \/>\n<meta property=\"og:locale\" content=\"fr_FR\" \/>\n<meta property=\"og:type\" content=\"article\" \/>\n<meta property=\"og:title\" content=\"Carbon Footprint - BD Plast\" \/>\n<meta property=\"og:description\" content=\"GHG Protocol. Nous sommes fermement convaincus que la responsabilit\u00e9 environnementale est la cl\u00e9 d&#039;un avenir durable.\" \/>\n<meta property=\"og:url\" content=\"https:\/\/www.bdplast.com\/fr\/carbon-footprint\/\" \/>\n<meta property=\"og:site_name\" content=\"BD Plast\" \/>\n<meta property=\"article:modified_time\" content=\"2024-06-17T09:11:05+00:00\" \/>\n<meta property=\"og:image\" content=\"https:\/\/www.bdplast.com\/wp-content\/uploads\/2024\/06\/logo-carbon_DB-PLAST_cover.jpg\" \/>\n\t<meta property=\"og:image:width\" content=\"1200\" \/>\n\t<meta property=\"og:image:height\" content=\"628\" \/>\n\t<meta property=\"og:image:type\" content=\"image\/jpeg\" \/>\n<meta name=\"twitter:card\" content=\"summary_large_image\" \/>\n<meta name=\"twitter:label1\" content=\"Dur\u00e9e de lecture estim\u00e9e\" \/>\n\t<meta name=\"twitter:data1\" content=\"1 minute\" \/>\n<script type=\"application\/ld+json\" class=\"yoast-schema-graph\">{\"@context\":\"https:\\\/\\\/schema.org\",\"@graph\":[{\"@type\":\"WebPage\",\"@id\":\"https:\\\/\\\/www.bdplast.com\\\/fr\\\/carbon-footprint\\\/\",\"url\":\"https:\\\/\\\/www.bdplast.com\\\/fr\\\/carbon-footprint\\\/\",\"name\":\"Carbon Footprint - BD Plast\",\"isPartOf\":{\"@id\":\"https:\\\/\\\/www.bdplast.com\\\/#website\"},\"primaryImageOfPage\":{\"@id\":\"https:\\\/\\\/www.bdplast.com\\\/fr\\\/carbon-footprint\\\/#primaryimage\"},\"image\":{\"@id\":\"https:\\\/\\\/www.bdplast.com\\\/fr\\\/carbon-footprint\\\/#primaryimage\"},\"thumbnailUrl\":\"https:\\\/\\\/www.bdplast.com\\\/wp-content\\\/uploads\\\/2024\\\/06\\\/logo-carbon_DB-PLAST_cover.jpg\",\"datePublished\":\"2024-06-10T14:24:54+00:00\",\"dateModified\":\"2024-06-17T09:11:05+00:00\",\"description\":\"GHG Protocol. Nous sommes fermement convaincus que la responsabilit\u00e9 environnementale est la cl\u00e9 d'un avenir durable.\",\"breadcrumb\":{\"@id\":\"https:\\\/\\\/www.bdplast.com\\\/fr\\\/carbon-footprint\\\/#breadcrumb\"},\"inLanguage\":\"fr-FR\",\"potentialAction\":[{\"@type\":\"ReadAction\",\"target\":[\"https:\\\/\\\/www.bdplast.com\\\/fr\\\/carbon-footprint\\\/\"]}]},{\"@type\":\"ImageObject\",\"inLanguage\":\"fr-FR\",\"@id\":\"https:\\\/\\\/www.bdplast.com\\\/fr\\\/carbon-footprint\\\/#primaryimage\",\"url\":\"https:\\\/\\\/www.bdplast.com\\\/wp-content\\\/uploads\\\/2024\\\/06\\\/logo-carbon_DB-PLAST_cover.jpg\",\"contentUrl\":\"https:\\\/\\\/www.bdplast.com\\\/wp-content\\\/uploads\\\/2024\\\/06\\\/logo-carbon_DB-PLAST_cover.jpg\",\"width\":1200,\"height\":628},{\"@type\":\"BreadcrumbList\",\"@id\":\"https:\\\/\\\/www.bdplast.com\\\/fr\\\/carbon-footprint\\\/#breadcrumb\",\"itemListElement\":[{\"@type\":\"ListItem\",\"position\":1,\"name\":\"Home\",\"item\":\"https:\\\/\\\/www.bdplast.com\\\/fr\\\/\"},{\"@type\":\"ListItem\",\"position\":2,\"name\":\"Carbon Footprint\"}]},{\"@type\":\"WebSite\",\"@id\":\"https:\\\/\\\/www.bdplast.com\\\/#website\",\"url\":\"https:\\\/\\\/www.bdplast.com\\\/\",\"name\":\"BD Plast\",\"description\":\"Sistemi di filtrazione, deviazione e convoglio polimeri\",\"publisher\":{\"@id\":\"https:\\\/\\\/www.bdplast.com\\\/#organization\"},\"potentialAction\":[{\"@type\":\"SearchAction\",\"target\":{\"@type\":\"EntryPoint\",\"urlTemplate\":\"https:\\\/\\\/www.bdplast.com\\\/?s={search_term_string}\"},\"query-input\":{\"@type\":\"PropertyValueSpecification\",\"valueRequired\":true,\"valueName\":\"search_term_string\"}}],\"inLanguage\":\"fr-FR\"},{\"@type\":\"Organization\",\"@id\":\"https:\\\/\\\/www.bdplast.com\\\/#organization\",\"name\":\"BD Plast\",\"url\":\"https:\\\/\\\/www.bdplast.com\\\/\",\"logo\":{\"@type\":\"ImageObject\",\"inLanguage\":\"fr-FR\",\"@id\":\"https:\\\/\\\/www.bdplast.com\\\/#\\\/schema\\\/logo\\\/image\\\/\",\"url\":\"https:\\\/\\\/www.bdplast.com\\\/wp-content\\\/uploads\\\/2025\\\/06\\\/bdplast-logo-yoast.jpg\",\"contentUrl\":\"https:\\\/\\\/www.bdplast.com\\\/wp-content\\\/uploads\\\/2025\\\/06\\\/bdplast-logo-yoast.jpg\",\"width\":1200,\"height\":628,\"caption\":\"BD Plast\"},\"image\":{\"@id\":\"https:\\\/\\\/www.bdplast.com\\\/#\\\/schema\\\/logo\\\/image\\\/\"},\"sameAs\":[\"https:\\\/\\\/www.youtube.com\\\/channel\\\/UCd6hdte7tZc8CfN_W9KxYTA\",\"https:\\\/\\\/it.linkedin.com\\\/company\\\/bd-plast-filtering-systems-srl\"]}]}<\/script>\n<!-- \/ Yoast SEO plugin. -->","yoast_head_json":{"title":"Carbon Footprint - BD Plast","description":"GHG Protocol. Nous sommes fermement convaincus que la responsabilit\u00e9 environnementale est la cl\u00e9 d'un avenir durable.","robots":{"index":"index","follow":"follow","max-snippet":"max-snippet:-1","max-image-preview":"max-image-preview:large","max-video-preview":"max-video-preview:-1"},"canonical":"https:\/\/www.bdplast.com\/fr\/carbon-footprint\/","og_locale":"fr_FR","og_type":"article","og_title":"Carbon Footprint - BD Plast","og_description":"GHG Protocol. Nous sommes fermement convaincus que la responsabilit\u00e9 environnementale est la cl\u00e9 d'un avenir durable.","og_url":"https:\/\/www.bdplast.com\/fr\/carbon-footprint\/","og_site_name":"BD Plast","article_modified_time":"2024-06-17T09:11:05+00:00","og_image":[{"width":1200,"height":628,"url":"https:\/\/www.bdplast.com\/wp-content\/uploads\/2024\/06\/logo-carbon_DB-PLAST_cover.jpg","type":"image\/jpeg"}],"twitter_card":"summary_large_image","twitter_misc":{"Dur\u00e9e de lecture estim\u00e9e":"1 minute"},"schema":{"@context":"https:\/\/schema.org","@graph":[{"@type":"WebPage","@id":"https:\/\/www.bdplast.com\/fr\/carbon-footprint\/","url":"https:\/\/www.bdplast.com\/fr\/carbon-footprint\/","name":"Carbon Footprint - BD Plast","isPartOf":{"@id":"https:\/\/www.bdplast.com\/#website"},"primaryImageOfPage":{"@id":"https:\/\/www.bdplast.com\/fr\/carbon-footprint\/#primaryimage"},"image":{"@id":"https:\/\/www.bdplast.com\/fr\/carbon-footprint\/#primaryimage"},"thumbnailUrl":"https:\/\/www.bdplast.com\/wp-content\/uploads\/2024\/06\/logo-carbon_DB-PLAST_cover.jpg","datePublished":"2024-06-10T14:24:54+00:00","dateModified":"2024-06-17T09:11:05+00:00","description":"GHG Protocol. Nous sommes fermement convaincus que la responsabilit\u00e9 environnementale est la cl\u00e9 d'un avenir durable.","breadcrumb":{"@id":"https:\/\/www.bdplast.com\/fr\/carbon-footprint\/#breadcrumb"},"inLanguage":"fr-FR","potentialAction":[{"@type":"ReadAction","target":["https:\/\/www.bdplast.com\/fr\/carbon-footprint\/"]}]},{"@type":"ImageObject","inLanguage":"fr-FR","@id":"https:\/\/www.bdplast.com\/fr\/carbon-footprint\/#primaryimage","url":"https:\/\/www.bdplast.com\/wp-content\/uploads\/2024\/06\/logo-carbon_DB-PLAST_cover.jpg","contentUrl":"https:\/\/www.bdplast.com\/wp-content\/uploads\/2024\/06\/logo-carbon_DB-PLAST_cover.jpg","width":1200,"height":628},{"@type":"BreadcrumbList","@id":"https:\/\/www.bdplast.com\/fr\/carbon-footprint\/#breadcrumb","itemListElement":[{"@type":"ListItem","position":1,"name":"Home","item":"https:\/\/www.bdplast.com\/fr\/"},{"@type":"ListItem","position":2,"name":"Carbon Footprint"}]},{"@type":"WebSite","@id":"https:\/\/www.bdplast.com\/#website","url":"https:\/\/www.bdplast.com\/","name":"BD Plast","description":"Sistemi di filtrazione, deviazione e convoglio polimeri","publisher":{"@id":"https:\/\/www.bdplast.com\/#organization"},"potentialAction":[{"@type":"SearchAction","target":{"@type":"EntryPoint","urlTemplate":"https:\/\/www.bdplast.com\/?s={search_term_string}"},"query-input":{"@type":"PropertyValueSpecification","valueRequired":true,"valueName":"search_term_string"}}],"inLanguage":"fr-FR"},{"@type":"Organization","@id":"https:\/\/www.bdplast.com\/#organization","name":"BD Plast","url":"https:\/\/www.bdplast.com\/","logo":{"@type":"ImageObject","inLanguage":"fr-FR","@id":"https:\/\/www.bdplast.com\/#\/schema\/logo\/image\/","url":"https:\/\/www.bdplast.com\/wp-content\/uploads\/2025\/06\/bdplast-logo-yoast.jpg","contentUrl":"https:\/\/www.bdplast.com\/wp-content\/uploads\/2025\/06\/bdplast-logo-yoast.jpg","width":1200,"height":628,"caption":"BD Plast"},"image":{"@id":"https:\/\/www.bdplast.com\/#\/schema\/logo\/image\/"},"sameAs":["https:\/\/www.youtube.com\/channel\/UCd6hdte7tZc8CfN_W9KxYTA","https:\/\/it.linkedin.com\/company\/bd-plast-filtering-systems-srl"]}]}},"rttpg_featured_image_url":{"full":["https:\/\/www.bdplast.com\/wp-content\/uploads\/2024\/06\/logo-carbon_DB-PLAST_cover.jpg",1200,628,false],"landscape":["https:\/\/www.bdplast.com\/wp-content\/uploads\/2024\/06\/logo-carbon_DB-PLAST_cover.jpg",1200,628,false],"portraits":["https:\/\/www.bdplast.com\/wp-content\/uploads\/2024\/06\/logo-carbon_DB-PLAST_cover.jpg",1200,628,false],"thumbnail":["https:\/\/www.bdplast.com\/wp-content\/uploads\/2024\/06\/logo-carbon_DB-PLAST_cover-150x150.jpg",150,150,true],"medium":["https:\/\/www.bdplast.com\/wp-content\/uploads\/2024\/06\/logo-carbon_DB-PLAST_cover-300x157.jpg",300,157,true],"large":["https:\/\/www.bdplast.com\/wp-content\/uploads\/2024\/06\/logo-carbon_DB-PLAST_cover-1024x536.jpg",728,381,true],"1536x1536":["https:\/\/www.bdplast.com\/wp-content\/uploads\/2024\/06\/logo-carbon_DB-PLAST_cover.jpg",1200,628,false],"2048x2048":["https:\/\/www.bdplast.com\/wp-content\/uploads\/2024\/06\/logo-carbon_DB-PLAST_cover.jpg",1200,628,false],"codevz_360_320":["https:\/\/www.bdplast.com\/wp-content\/uploads\/2024\/06\/logo-carbon_DB-PLAST_cover-360x320.jpg",360,320,true],"codevz_600_600":["https:\/\/www.bdplast.com\/wp-content\/uploads\/2024\/06\/logo-carbon_DB-PLAST_cover-600x600.jpg",600,600,true],"codevz_1200_200":["https:\/\/www.bdplast.com\/wp-content\/uploads\/2024\/06\/logo-carbon_DB-PLAST_cover-1200x200.jpg",1200,200,true],"codevz_1200_500":["https:\/\/www.bdplast.com\/wp-content\/uploads\/2024\/06\/logo-carbon_DB-PLAST_cover-1200x500.jpg",1200,500,true],"codevz_600_1000":["https:\/\/www.bdplast.com\/wp-content\/uploads\/2024\/06\/logo-carbon_DB-PLAST_cover-600x628.jpg",600,628,true],"codevz_600_9999":["https:\/\/www.bdplast.com\/wp-content\/uploads\/2024\/06\/logo-carbon_DB-PLAST_cover-600x314.jpg",600,314,true],"gform-image-choice-sm":["https:\/\/www.bdplast.com\/wp-content\/uploads\/2024\/06\/logo-carbon_DB-PLAST_cover.jpg",300,157,false],"gform-image-choice-md":["https:\/\/www.bdplast.com\/wp-content\/uploads\/2024\/06\/logo-carbon_DB-PLAST_cover.jpg",400,209,false],"gform-image-choice-lg":["https:\/\/www.bdplast.com\/wp-content\/uploads\/2024\/06\/logo-carbon_DB-PLAST_cover.jpg",600,314,false]},"rttpg_author":{"display_name":"Max","author_link":"https:\/\/www.bdplast.com\/fr\/author\/max\/"},"rttpg_comment":0,"rttpg_category":" <a href=\"https:\/\/www.bdplast.com\/fr\/?taxonomy=translation_priority&#038;term=facultatif\" rel=\"tag\">Facultatif<\/a>","rttpg_excerpt":"[vc_row full_width=\u00a0\u00bbstretch_row\u00a0\u00bb content_placement=\u00a0\u00bbmiddle\u00a0\u00bb css=\u00a0\u00bb.vc_custom_1717664905017{background-image: url(https:\/\/www.bdplast.com\/wp-content\/uploads\/2024\/06\/texture-verde-1.jpg?id=19947) !important;background-position: center !important;background-repeat: no-repeat !important;background-size: cover ...","_links":{"self":[{"href":"https:\/\/www.bdplast.com\/fr\/wp-json\/wp\/v2\/pages\/19934","targetHints":{"allow":["GET"]}}],"collection":[{"href":"https:\/\/www.bdplast.com\/fr\/wp-json\/wp\/v2\/pages"}],"about":[{"href":"https:\/\/www.bdplast.com\/fr\/wp-json\/wp\/v2\/types\/page"}],"author":[{"embeddable":true,"href":"https:\/\/www.bdplast.com\/fr\/wp-json\/wp\/v2\/users\/3"}],"replies":[{"embeddable":true,"href":"https:\/\/www.bdplast.com\/fr\/wp-json\/wp\/v2\/comments?post=19934"}],"version-history":[{"count":4,"href":"https:\/\/www.bdplast.com\/fr\/wp-json\/wp\/v2\/pages\/19934\/revisions"}],"predecessor-version":[{"id":20023,"href":"https:\/\/www.bdplast.com\/fr\/wp-json\/wp\/v2\/pages\/19934\/revisions\/20023"}],"wp:featuredmedia":[{"embeddable":true,"href":"https:\/\/www.bdplast.com\/fr\/wp-json\/wp\/v2\/media\/20071"}],"wp:attachment":[{"href":"https:\/\/www.bdplast.com\/fr\/wp-json\/wp\/v2\/media?parent=19934"}],"curies":[{"name":"wp","href":"https:\/\/api.w.org\/{rel}","templated":true}]}}