{"id":20770,"date":"2025-10-09T11:27:04","date_gmt":"2025-10-09T09:27:04","guid":{"rendered":"https:\/\/www.bdplast.com\/cambiafiltri-idraulici-bdt\/"},"modified":"2025-10-09T12:55:37","modified_gmt":"2025-10-09T10:55:37","slug":"changeurs-de-filtres-hydrauliques-bdt","status":"publish","type":"page","link":"https:\/\/www.bdplast.com\/fr\/changeurs-de-filtres-hydrauliques-bdt\/","title":{"rendered":"Changeurs de filtres hydrauliques BDT"},"content":{"rendered":"<div class=\"wpb-content-wrapper\"><p>[vc_row full_width=\u00a0\u00bbstretch_row\u00a0\u00bb css=\u00a0\u00bb.vc_custom_1760000126357{background-image: url(https:\/\/www.bdplast.com\/wp-content\/uploads\/2025\/10\/BDT_HERO-2025.jpg?id=20706) !important;background-position: center !important;background-repeat: no-repeat !important;background-size: cover !important;}\u00a0\u00bb el_class=\u00a0\u00bbwhite_text\u00a0\u00bb el_id=\u00a0\u00bbhead_prodotto\u00a0\u00bb][vc_column][\/vc_column][\/vc_row][vc_row full_width=\u00a0\u00bbstretch_row\u00a0\u00bb css=\u00a0\u00bb.vc_custom_1616665112965{padding-top: 2em !important;padding-bottom: 2em !important;background-color: #ec6608 !important;}\u00a0\u00bb el_class=\u00a0\u00bbwhite_text\u00a0\u00bb][vc_column][vc_row_inner equal_height=\u00a0\u00bbyes\u00a0\u00bb content_placement=\u00a0\u00bbmiddle\u00a0\u00bb][vc_column_inner][vc_column_text css=\u00a0\u00bb\u00a0\u00bb]<\/p>\n<h1>Changeurs de filtres hydrauliques BDT<\/h1>\n<p>[\/vc_column_text][\/vc_column_inner][\/vc_row_inner][\/vc_column][\/vc_row][vc_row css=\u00a0\u00bb.vc_custom_1616673282130{padding-top: 4em !important;padding-bottom: 4em !important;}\u00a0\u00bb el_id=\u00a0\u00bbscheda_prodotto_intro\u00a0\u00bb][vc_column][vc_column_text css=\u00a0\u00bb\u00a0\u00bb]<\/p>\n<h2>Performances optimis\u00e9es, confort maximal<\/h2>\n<p>[\/vc_column_text][vc_column_text css=\u00a0\u00bb\u00a0\u00bb]Compacts et fiables, les <strong>changeurs de filtres hydrauliques BDT<\/strong> am\u00e9liorent les performances de production en \u00e9liminant tout effort manuel de l\u2019op\u00e9rateur, gr\u00e2ce \u00e0 l\u2019activation par un <strong>v\u00e9rin hydraulique oscillant<\/strong>.<br \/>\nDisponibles avec des surfaces de filtration de <strong>\u00d8 45 \u00e0 \u00d8 120 mm<\/strong>, ils sont \u00e9quip\u00e9s d\u2019un <strong>syst\u00e8me d\u2019\u00e9tanch\u00e9it\u00e9 auto-activant<\/strong> garantissant un fonctionnement s\u00fbr et sans fuite, jusqu\u2019\u00e0 <strong>800 bar<\/strong>.<br \/>\nLe mouvement de la plaque filtrante est ex\u00e9cut\u00e9 avec pr\u00e9cision gr\u00e2ce \u00e0 <strong>l\u2019actionnement hydraulique<\/strong>.<\/p>\n<hr \/>\n<p>[\/vc_column_text][\/vc_column][\/vc_row][vc_row full_width=\u00a0\u00bbstretch_row\u00a0\u00bb el_class=\u00a0\u00bbwhite_text\u00a0\u00bb el_id=\u00a0\u00bbslider\u00a0\u00bb css=\u00a0\u00bb.vc_custom_1616679219141{padding-top: 4em !important;padding-bottom: 4em !important;background-color: #e9e7dd !important;background-position: center !important;background-repeat: no-repeat !important;background-size: cover !important;}\u00a0\u00bb][vc_column]<div\n  id=\"vckit-image-slider-323137250\"\n  class=\"vckit-image-slider  \"\n  data-vckit-carousel='{\"arrows\":true,\"dots\":false,\"fade\":true,\"infinite\":true,\"arrow_style\":\"circle\",\"autoplay\":\"yes\",\"autoplay_speed\":3000,\"pause_on_hover\":\"yes\",\"speed\":300,\"md\":1,\"sm\":1,\"xs\":1,\"slides_to_scroll\":1}' data-gutter=\"0\">\n      <div class=\"vckit-image-slider__element\">\n            <img decoding=\"async\" src=\"https:\/\/www.bdplast.com\/wp-content\/uploads\/2025\/10\/BDT_fondo-2025-1.jpg\">\n          <\/div>\n  <\/div>\n<style type=\"text\/css\"><\/style>\n[\/vc_column][\/vc_row][vc_row full_width=\u00a0\u00bbstretch_row\u00a0\u00bb equal_height=\u00a0\u00bbyes\u00a0\u00bb content_placement=\u00a0\u00bbmiddle\u00a0\u00bb el_id=\u00a0\u00bbscheda_prodotto\u00a0\u00bb css=\u00a0\u00bb.vc_custom_1616752804985{padding-top: 4em !important;padding-bottom: 4em !important;background-color: #475b5a !important;}\u00a0\u00bb][vc_column width=\u00a0\u00bb1\/2&Prime;][vc_single_image image=\u00a0\u00bb20719&Prime; img_size=\u00a0\u00bbfull\u00a0\u00bb css=\u00a0\u00bb\u00a0\u00bb][\/vc_column][vc_column width=\u00a0\u00bb1\/2&Prime;][vc_column_text css=\u00a0\u00bb\u00a0\u00bb]<strong>Indiqu\u00e9s pour la production de :<\/strong><\/p>\n<ul>\n<li>Films souffl\u00e9s ou calandr\u00e9s<\/li>\n<li>Plaques plates<\/li>\n<li>Tubes et profil\u00e9s<\/li>\n<li>Gaine de c\u00e2bles<\/li>\n<li>Granulation de masterbatch et de compounds<\/li>\n<li>Extrusion soufflage et injection<\/li>\n<\/ul>\n<p>[\/vc_column_text][vc_empty_space height=\u00a0\u00bb1em\u00a0\u00bb][vc_row_inner][vc_column_inner width=\u00a0\u00bb1\/2&Prime;]<div class=\"\"><div class=\"cz_36660_p\"><a id=\"cz_36660\" class=\"cz_36660 cz_btn cz_btn_txt_no_fx cz_btn_no_fx cz_btn_icon_after cz_mobile_btn_center\" href=\"https:\/\/www.bdplast.com\/wp-content\/uploads\/2025\/10\/BDPlast_Hydraulic_BDT-EN.pdf\" target=\"_blank\"><span><strong>T\u00c9L\u00c9CHARGEZ LA FICHE TECHNIQUE<\/strong><i class=\"fa czico-194-download\"><\/i><\/span><b class=\"cz_btn_onhover\"><strong>T\u00c9L\u00c9CHARGEZ LA FICHE TECHNIQUE<\/strong><i class=\"fa czico-194-download\"><\/i><\/b><\/a><\/div><\/div>[\/vc_column_inner][vc_column_inner width=\u00a0\u00bb1\/2&Prime;]<div class=\"\"><div class=\"cz_43497_p\"><a id=\"cz_43497\" class=\"cz_43497 cz_btn cz_btn_txt_no_fx cz_btn_no_fx cz_btn_icon_after cz_mobile_btn_center\" href=\"https:\/\/www.youtube.com\/watch?v=w6-UKpgXxew\" rel=\"nofollow\" target=\"_blank\"><span><strong>NETTOYAGE DE LA PLAQUE DE CHANGEMENT DE FILTRE<\/strong><i class=\"fa czico-015-play\"><\/i><\/span><b class=\"cz_btn_onhover\"><strong>NETTOYAGE DE LA PLAQUE DE CHANGEMENT DE FILTRE<\/strong><i class=\"fa czico-015-play\"><\/i><\/b><\/a><\/div><\/div>[\/vc_column_inner][\/vc_row_inner][\/vc_column][\/vc_row]<\/p>\n<\/div>","protected":false},"excerpt":{"rendered":"<p>[vc_row full_width=\u00a0\u00bbstretch_row\u00a0\u00bb css=\u00a0\u00bb.vc_custom_1760000126357{background-image: url(https:\/\/www.bdplast.com\/wp-content\/uploads\/2025\/10\/BDT_HERO-2025.jpg?id=20706) !important;background-position: center !important;background-repeat: no-repeat !important;background-size: cover !important;}\u00a0\u00bb &#8230; <\/p>\n","protected":false},"author":3,"featured_media":20713,"parent":0,"menu_order":0,"comment_status":"closed","ping_status":"closed","template":"","meta":{"footnotes":"","_links_to":"","_links_to_target":""},"class_list":["post-20770","page","type-page","status-publish","has-post-thumbnail","hentry"],"yoast_head":"<!-- This site is optimized with the Yoast SEO plugin v26.8 - https:\/\/yoast.com\/product\/yoast-seo-wordpress\/ -->\n<title>Changeurs de filtres hydrauliques BDT - BD Plast<\/title>\n<meta name=\"description\" content=\"Changeurs de filtres hydrauliques BDT : compacts, fiables et sans fuite, garantissant des performances optimales jusqu\u2019\u00e0 800 bar.\" \/>\n<meta name=\"robots\" content=\"index, follow, max-snippet:-1, max-image-preview:large, max-video-preview:-1\" \/>\n<link rel=\"canonical\" href=\"https:\/\/www.bdplast.com\/fr\/changeurs-de-filtres-hydrauliques-bdt\/\" \/>\n<meta property=\"og:locale\" content=\"fr_FR\" \/>\n<meta property=\"og:type\" content=\"article\" \/>\n<meta property=\"og:title\" content=\"Changeurs de filtres hydrauliques BDT - BD Plast\" \/>\n<meta property=\"og:description\" content=\"Changeurs de filtres hydrauliques BDT : compacts, fiables et sans fuite, garantissant des performances optimales jusqu\u2019\u00e0 800 bar.\" \/>\n<meta property=\"og:url\" content=\"https:\/\/www.bdplast.com\/fr\/changeurs-de-filtres-hydrauliques-bdt\/\" \/>\n<meta property=\"og:site_name\" content=\"BD Plast\" \/>\n<meta property=\"article:modified_time\" content=\"2025-10-09T10:55:37+00:00\" \/>\n<meta property=\"og:image\" content=\"https:\/\/www.bdplast.com\/wp-content\/uploads\/2025\/10\/BDT_fondo-2025.jpg\" \/>\n\t<meta property=\"og:image:width\" content=\"2048\" \/>\n\t<meta property=\"og:image:height\" content=\"1245\" \/>\n\t<meta property=\"og:image:type\" content=\"image\/jpeg\" \/>\n<meta name=\"twitter:card\" content=\"summary_large_image\" \/>\n<meta name=\"twitter:label1\" content=\"Dur\u00e9e de lecture estim\u00e9e\" \/>\n\t<meta name=\"twitter:data1\" content=\"2 minutes\" \/>\n<script type=\"application\/ld+json\" class=\"yoast-schema-graph\">{\"@context\":\"https:\/\/schema.org\",\"@graph\":[{\"@type\":\"WebPage\",\"@id\":\"https:\/\/www.bdplast.com\/fr\/changeurs-de-filtres-hydrauliques-bdt\/\",\"url\":\"https:\/\/www.bdplast.com\/fr\/changeurs-de-filtres-hydrauliques-bdt\/\",\"name\":\"Changeurs de filtres hydrauliques BDT - BD Plast\",\"isPartOf\":{\"@id\":\"https:\/\/www.bdplast.com\/#website\"},\"primaryImageOfPage\":{\"@id\":\"https:\/\/www.bdplast.com\/fr\/changeurs-de-filtres-hydrauliques-bdt\/#primaryimage\"},\"image\":{\"@id\":\"https:\/\/www.bdplast.com\/fr\/changeurs-de-filtres-hydrauliques-bdt\/#primaryimage\"},\"thumbnailUrl\":\"https:\/\/www.bdplast.com\/wp-content\/uploads\/2025\/10\/BDT_fondo-2025.jpg\",\"datePublished\":\"2025-10-09T09:27:04+00:00\",\"dateModified\":\"2025-10-09T10:55:37+00:00\",\"description\":\"Changeurs de filtres hydrauliques BDT : compacts, fiables et sans fuite, garantissant des performances optimales jusqu\u2019\u00e0 800 bar.\",\"breadcrumb\":{\"@id\":\"https:\/\/www.bdplast.com\/fr\/changeurs-de-filtres-hydrauliques-bdt\/#breadcrumb\"},\"inLanguage\":\"fr-FR\",\"potentialAction\":[{\"@type\":\"ReadAction\",\"target\":[\"https:\/\/www.bdplast.com\/fr\/changeurs-de-filtres-hydrauliques-bdt\/\"]}]},{\"@type\":\"ImageObject\",\"inLanguage\":\"fr-FR\",\"@id\":\"https:\/\/www.bdplast.com\/fr\/changeurs-de-filtres-hydrauliques-bdt\/#primaryimage\",\"url\":\"https:\/\/www.bdplast.com\/wp-content\/uploads\/2025\/10\/BDT_fondo-2025.jpg\",\"contentUrl\":\"https:\/\/www.bdplast.com\/wp-content\/uploads\/2025\/10\/BDT_fondo-2025.jpg\",\"width\":2048,\"height\":1245},{\"@type\":\"BreadcrumbList\",\"@id\":\"https:\/\/www.bdplast.com\/fr\/changeurs-de-filtres-hydrauliques-bdt\/#breadcrumb\",\"itemListElement\":[{\"@type\":\"ListItem\",\"position\":1,\"name\":\"Home\",\"item\":\"https:\/\/www.bdplast.com\/fr\/\"},{\"@type\":\"ListItem\",\"position\":2,\"name\":\"Changeurs de filtres hydrauliques BDT\"}]},{\"@type\":\"WebSite\",\"@id\":\"https:\/\/www.bdplast.com\/#website\",\"url\":\"https:\/\/www.bdplast.com\/\",\"name\":\"BD Plast\",\"description\":\"Sistemi di filtrazione, deviazione e convoglio polimeri\",\"publisher\":{\"@id\":\"https:\/\/www.bdplast.com\/#organization\"},\"potentialAction\":[{\"@type\":\"SearchAction\",\"target\":{\"@type\":\"EntryPoint\",\"urlTemplate\":\"https:\/\/www.bdplast.com\/?s={search_term_string}\"},\"query-input\":{\"@type\":\"PropertyValueSpecification\",\"valueRequired\":true,\"valueName\":\"search_term_string\"}}],\"inLanguage\":\"fr-FR\"},{\"@type\":\"Organization\",\"@id\":\"https:\/\/www.bdplast.com\/#organization\",\"name\":\"BD Plast\",\"url\":\"https:\/\/www.bdplast.com\/\",\"logo\":{\"@type\":\"ImageObject\",\"inLanguage\":\"fr-FR\",\"@id\":\"https:\/\/www.bdplast.com\/#\/schema\/logo\/image\/\",\"url\":\"https:\/\/www.bdplast.com\/wp-content\/uploads\/2025\/06\/bdplast-logo-yoast.jpg\",\"contentUrl\":\"https:\/\/www.bdplast.com\/wp-content\/uploads\/2025\/06\/bdplast-logo-yoast.jpg\",\"width\":1200,\"height\":628,\"caption\":\"BD Plast\"},\"image\":{\"@id\":\"https:\/\/www.bdplast.com\/#\/schema\/logo\/image\/\"},\"sameAs\":[\"https:\/\/www.youtube.com\/channel\/UCd6hdte7tZc8CfN_W9KxYTA\",\"https:\/\/it.linkedin.com\/company\/bd-plast-filtering-systems-srl\"]}]}<\/script>\n<!-- \/ Yoast SEO plugin. -->","yoast_head_json":{"title":"Changeurs de filtres hydrauliques BDT - BD Plast","description":"Changeurs de filtres hydrauliques BDT : compacts, fiables et sans fuite, garantissant des performances optimales jusqu\u2019\u00e0 800 bar.","robots":{"index":"index","follow":"follow","max-snippet":"max-snippet:-1","max-image-preview":"max-image-preview:large","max-video-preview":"max-video-preview:-1"},"canonical":"https:\/\/www.bdplast.com\/fr\/changeurs-de-filtres-hydrauliques-bdt\/","og_locale":"fr_FR","og_type":"article","og_title":"Changeurs de filtres hydrauliques BDT - BD Plast","og_description":"Changeurs de filtres hydrauliques BDT : compacts, fiables et sans fuite, garantissant des performances optimales jusqu\u2019\u00e0 800 bar.","og_url":"https:\/\/www.bdplast.com\/fr\/changeurs-de-filtres-hydrauliques-bdt\/","og_site_name":"BD Plast","article_modified_time":"2025-10-09T10:55:37+00:00","og_image":[{"width":2048,"height":1245,"url":"https:\/\/www.bdplast.com\/wp-content\/uploads\/2025\/10\/BDT_fondo-2025.jpg","type":"image\/jpeg"}],"twitter_card":"summary_large_image","twitter_misc":{"Dur\u00e9e de lecture estim\u00e9e":"2 minutes"},"schema":{"@context":"https:\/\/schema.org","@graph":[{"@type":"WebPage","@id":"https:\/\/www.bdplast.com\/fr\/changeurs-de-filtres-hydrauliques-bdt\/","url":"https:\/\/www.bdplast.com\/fr\/changeurs-de-filtres-hydrauliques-bdt\/","name":"Changeurs de filtres hydrauliques BDT - BD Plast","isPartOf":{"@id":"https:\/\/www.bdplast.com\/#website"},"primaryImageOfPage":{"@id":"https:\/\/www.bdplast.com\/fr\/changeurs-de-filtres-hydrauliques-bdt\/#primaryimage"},"image":{"@id":"https:\/\/www.bdplast.com\/fr\/changeurs-de-filtres-hydrauliques-bdt\/#primaryimage"},"thumbnailUrl":"https:\/\/www.bdplast.com\/wp-content\/uploads\/2025\/10\/BDT_fondo-2025.jpg","datePublished":"2025-10-09T09:27:04+00:00","dateModified":"2025-10-09T10:55:37+00:00","description":"Changeurs de filtres hydrauliques BDT : compacts, fiables et sans fuite, garantissant des performances optimales jusqu\u2019\u00e0 800 bar.","breadcrumb":{"@id":"https:\/\/www.bdplast.com\/fr\/changeurs-de-filtres-hydrauliques-bdt\/#breadcrumb"},"inLanguage":"fr-FR","potentialAction":[{"@type":"ReadAction","target":["https:\/\/www.bdplast.com\/fr\/changeurs-de-filtres-hydrauliques-bdt\/"]}]},{"@type":"ImageObject","inLanguage":"fr-FR","@id":"https:\/\/www.bdplast.com\/fr\/changeurs-de-filtres-hydrauliques-bdt\/#primaryimage","url":"https:\/\/www.bdplast.com\/wp-content\/uploads\/2025\/10\/BDT_fondo-2025.jpg","contentUrl":"https:\/\/www.bdplast.com\/wp-content\/uploads\/2025\/10\/BDT_fondo-2025.jpg","width":2048,"height":1245},{"@type":"BreadcrumbList","@id":"https:\/\/www.bdplast.com\/fr\/changeurs-de-filtres-hydrauliques-bdt\/#breadcrumb","itemListElement":[{"@type":"ListItem","position":1,"name":"Home","item":"https:\/\/www.bdplast.com\/fr\/"},{"@type":"ListItem","position":2,"name":"Changeurs de filtres hydrauliques BDT"}]},{"@type":"WebSite","@id":"https:\/\/www.bdplast.com\/#website","url":"https:\/\/www.bdplast.com\/","name":"BD Plast","description":"Sistemi di filtrazione, deviazione e convoglio polimeri","publisher":{"@id":"https:\/\/www.bdplast.com\/#organization"},"potentialAction":[{"@type":"SearchAction","target":{"@type":"EntryPoint","urlTemplate":"https:\/\/www.bdplast.com\/?s={search_term_string}"},"query-input":{"@type":"PropertyValueSpecification","valueRequired":true,"valueName":"search_term_string"}}],"inLanguage":"fr-FR"},{"@type":"Organization","@id":"https:\/\/www.bdplast.com\/#organization","name":"BD Plast","url":"https:\/\/www.bdplast.com\/","logo":{"@type":"ImageObject","inLanguage":"fr-FR","@id":"https:\/\/www.bdplast.com\/#\/schema\/logo\/image\/","url":"https:\/\/www.bdplast.com\/wp-content\/uploads\/2025\/06\/bdplast-logo-yoast.jpg","contentUrl":"https:\/\/www.bdplast.com\/wp-content\/uploads\/2025\/06\/bdplast-logo-yoast.jpg","width":1200,"height":628,"caption":"BD Plast"},"image":{"@id":"https:\/\/www.bdplast.com\/#\/schema\/logo\/image\/"},"sameAs":["https:\/\/www.youtube.com\/channel\/UCd6hdte7tZc8CfN_W9KxYTA","https:\/\/it.linkedin.com\/company\/bd-plast-filtering-systems-srl"]}]}},"rttpg_featured_image_url":{"full":["https:\/\/www.bdplast.com\/wp-content\/uploads\/2025\/10\/BDT_fondo-2025.jpg",2048,1245,false],"landscape":["https:\/\/www.bdplast.com\/wp-content\/uploads\/2025\/10\/BDT_fondo-2025.jpg",2048,1245,false],"portraits":["https:\/\/www.bdplast.com\/wp-content\/uploads\/2025\/10\/BDT_fondo-2025.jpg",2048,1245,false],"thumbnail":["https:\/\/www.bdplast.com\/wp-content\/uploads\/2025\/10\/BDT_fondo-2025-150x150.jpg",150,150,true],"medium":["https:\/\/www.bdplast.com\/wp-content\/uploads\/2025\/10\/BDT_fondo-2025-300x182.jpg",300,182,true],"large":["https:\/\/www.bdplast.com\/wp-content\/uploads\/2025\/10\/BDT_fondo-2025-728x443.jpg",728,443,true],"1536x1536":["https:\/\/www.bdplast.com\/wp-content\/uploads\/2025\/10\/BDT_fondo-2025-1536x934.jpg",1536,934,true],"2048x2048":["https:\/\/www.bdplast.com\/wp-content\/uploads\/2025\/10\/BDT_fondo-2025.jpg",2048,1245,false],"codevz_360_320":["https:\/\/www.bdplast.com\/wp-content\/uploads\/2025\/10\/BDT_fondo-2025-370x194.jpg",360,189,true],"codevz_600_600":["https:\/\/www.bdplast.com\/wp-content\/uploads\/2025\/10\/BDT_fondo-2025-600x600.jpg",600,600,true],"codevz_1200_200":["https:\/\/www.bdplast.com\/wp-content\/uploads\/2025\/10\/BDT_fondo-2025-1200x200.jpg",1200,200,true],"codevz_1200_500":["https:\/\/www.bdplast.com\/wp-content\/uploads\/2025\/10\/BDT_fondo-2025-1200x500.jpg",1200,500,true],"codevz_600_1000":["https:\/\/www.bdplast.com\/wp-content\/uploads\/2025\/10\/BDT_fondo-2025-600x1000.jpg",600,1000,true],"codevz_600_9999":["https:\/\/www.bdplast.com\/wp-content\/uploads\/2025\/10\/BDT_fondo-2025-600x365.jpg",600,365,true],"gform-image-choice-sm":["https:\/\/www.bdplast.com\/wp-content\/uploads\/2025\/10\/BDT_fondo-2025.jpg",300,182,false],"gform-image-choice-md":["https:\/\/www.bdplast.com\/wp-content\/uploads\/2025\/10\/BDT_fondo-2025.jpg",400,243,false],"gform-image-choice-lg":["https:\/\/www.bdplast.com\/wp-content\/uploads\/2025\/10\/BDT_fondo-2025.jpg",600,365,false]},"rttpg_author":{"display_name":"Max","author_link":"https:\/\/www.bdplast.com\/fr\/author\/max\/"},"rttpg_comment":0,"rttpg_category":" <a href=\"https:\/\/www.bdplast.com\/fr\/?taxonomy=translation_priority&#038;term=facultatif\" rel=\"tag\">Facultatif<\/a>","rttpg_excerpt":"[vc_row full_width=\u00a0\u00bbstretch_row\u00a0\u00bb css=\u00a0\u00bb.vc_custom_1760000126357{background-image: url(https:\/\/www.bdplast.com\/wp-content\/uploads\/2025\/10\/BDT_HERO-2025.jpg?id=20706) !important;background-position: center !important;background-repeat: no-repeat !important;background-size: cover !important;}\u00a0\u00bb ...","_links":{"self":[{"href":"https:\/\/www.bdplast.com\/fr\/wp-json\/wp\/v2\/pages\/20770","targetHints":{"allow":["GET"]}}],"collection":[{"href":"https:\/\/www.bdplast.com\/fr\/wp-json\/wp\/v2\/pages"}],"about":[{"href":"https:\/\/www.bdplast.com\/fr\/wp-json\/wp\/v2\/types\/page"}],"author":[{"embeddable":true,"href":"https:\/\/www.bdplast.com\/fr\/wp-json\/wp\/v2\/users\/3"}],"replies":[{"embeddable":true,"href":"https:\/\/www.bdplast.com\/fr\/wp-json\/wp\/v2\/comments?post=20770"}],"version-history":[{"count":6,"href":"https:\/\/www.bdplast.com\/fr\/wp-json\/wp\/v2\/pages\/20770\/revisions"}],"predecessor-version":[{"id":20793,"href":"https:\/\/www.bdplast.com\/fr\/wp-json\/wp\/v2\/pages\/20770\/revisions\/20793"}],"wp:featuredmedia":[{"embeddable":true,"href":"https:\/\/www.bdplast.com\/fr\/wp-json\/wp\/v2\/media\/20713"}],"wp:attachment":[{"href":"https:\/\/www.bdplast.com\/fr\/wp-json\/wp\/v2\/media?parent=20770"}],"curies":[{"name":"wp","href":"https:\/\/api.w.org\/{rel}","templated":true}]}}